{"id":973,"date":"2022-01-04T15:15:49","date_gmt":"2022-01-04T23:15:49","guid":{"rendered":"https:\/\/live-rsa-hub.pantheonsite.io\/?page_id=973"},"modified":"2025-02-07T15:38:45","modified_gmt":"2025-02-07T20:38:45","slug":"copyright-policy","status":"publish","type":"page","link":"https:\/\/www.rsa.com\/pt_br\/copyright-policy\/","title":{"rendered":"Pol\u00edtica de direitos autorais"},"content":{"rendered":"<p>O usu\u00e1rio n\u00e3o pode publicar, modificar, distribuir ou reproduzir de qualquer forma materiais protegidos por direitos autorais ou outros materiais de propriedade sem obter o consentimento pr\u00e9vio por escrito do propriet\u00e1rio dos direitos autorais desses materiais. A RSA pode encerrar uma conta, negar acesso a um site ou servi\u00e7o ou encerrar qualquer usu\u00e1rio que supostamente tenha infringido os direitos autorais ou de propriedade de terceiros.<\/p>\n<p>Sem limitar o acima exposto, se voc\u00ea acreditar que seus direitos autorais ou outros direitos foram violados, forne\u00e7a ao nosso Agente Designado uma notifica\u00e7\u00e3o por escrito com as seguintes informa\u00e7\u00f5es:<\/p>\n<ul class=\"mb-4\">\n<li>Uma assinatura eletr\u00f4nica ou f\u00edsica da pessoa autorizada a agir em nome do propriet\u00e1rio dos direitos autorais ou de outra participa\u00e7\u00e3o<\/li>\n<li>Uma descri\u00e7\u00e3o do trabalho protegido por direitos autorais ou outro trabalho que voc\u00ea alega ter sido violado<\/li>\n<li>Uma descri\u00e7\u00e3o de onde o material que voc\u00ea alega estar sendo violado est\u00e1 localizado em nossos sites, redes ou outros reposit\u00f3rios<\/li>\n<li>Seu endere\u00e7o, n\u00famero de telefone e endere\u00e7o de e-mail<\/li>\n<li>Uma declara\u00e7\u00e3o por escrito de que voc\u00ea acredita de boa f\u00e9 que o uso contestado n\u00e3o est\u00e1 autorizado pelo propriet\u00e1rio dos direitos autorais, seu agente ou pela lei<\/li>\n<li>Uma declara\u00e7\u00e3o sua, feita sob pena de perj\u00fario, de que as informa\u00e7\u00f5es acima em sua notifica\u00e7\u00e3o s\u00e3o precisas e que voc\u00ea \u00e9 o propriet\u00e1rio dos direitos autorais ou est\u00e1 autorizado a agir em nome do propriet\u00e1rio dos direitos autorais<br \/>\nNosso Agente Designado para notifica\u00e7\u00e3o de reclama\u00e7\u00f5es de viola\u00e7\u00e3o de direitos autorais pode ser contatado da seguinte forma:<\/li>\n<\/ul>\n<p><strong><br \/>\nRSA Security LLC<br \/>\nAttn: IP Legal Department - Copyrights (Departamento Jur\u00eddico de PI - Direitos Autorais)<br \/>\nBurlington, MA 01803<br \/>\nE-mail: <a href=\"mailto:ip@rsa.com\">ip@rsa.com<\/a><br \/>\n<\/strong><\/p>\n<p>Se os materiais contestados tiverem sido postados por um terceiro identific\u00e1vel por meio de esfor\u00e7os razo\u00e1veis, forneceremos uma notifica\u00e7\u00e3o razo\u00e1vel a esse terceiro sobre a acusa\u00e7\u00e3o. Se o terceiro responder com uma contranotifica\u00e7\u00e3o v\u00e1lida, forneceremos uma c\u00f3pia para que voc\u00ea possa tomar quaisquer outras medidas que considere apropriadas.<\/p>","protected":false},"excerpt":{"rendered":"<p>O usu\u00e1rio n\u00e3o pode publicar, modificar, distribuir ou reproduzir de forma alguma materiais protegidos por direitos autorais ou outros materiais propriet\u00e1rios sem obter o consentimento pr\u00e9vio por escrito do propriet\u00e1rio dos direitos autorais desses materiais. A RSA pode encerrar uma conta, negar acesso a um site ou servi\u00e7o ou encerrar qualquer usu\u00e1rio que supostamente tenha violado os direitos autorais ou de propriedade... <a href=\"https:\/\/www.rsa.com\/pt_br\/copyright-policy\/\">Continua\u00e7\u00e3o<\/a><\/p>","protected":false},"author":2,"featured_media":0,"parent":0,"menu_order":0,"comment_status":"closed","ping_status":"closed","template":"template-policy.blade.php","meta":{"_acf_changed":false,"_searchwp_excluded":"","inline_featured_image":false,"footnotes":""},"class_list":["post-973","page","type-page","status-publish","hentry"],"acf":[],"yoast_head":"<!-- This site is optimized with the Yoast SEO plugin v27.3 - https:\/\/yoast.com\/product\/yoast-seo-wordpress\/ -->\n<title>RSA Copyright Policy<\/title>\n<meta name=\"description\" content=\"If you believe that your copyright or other rights have been infringed, please provide our Designated Agent written notice\" \/>\n<meta name=\"robots\" content=\"index, follow, max-snippet:-1, max-image-preview:large, max-video-preview:-1\" \/>\n<link rel=\"canonical\" href=\"https:\/\/www.rsa.com\/pt_br\/copyright-policy\/\" \/>\n<meta property=\"og:locale\" content=\"pt_BR\" \/>\n<meta property=\"og:type\" content=\"article\" \/>\n<meta property=\"og:title\" content=\"Copyright Policy\" \/>\n<meta property=\"og:description\" content=\"If you believe that your copyright or other rights have been infringed, please provide our Designated Agent written notice\" \/>\n<meta property=\"og:url\" content=\"https:\/\/www.rsa.com\/pt_br\/copyright-policy\/\" \/>\n<meta property=\"og:site_name\" content=\"RSA\" \/>\n<meta property=\"article:modified_time\" content=\"2025-02-07T20:38:45+00:00\" \/>\n<meta property=\"og:image\" content=\"https:\/\/www.rsa.com\/wp-content\/uploads\/rsa-og-image.jpg\" \/>\n\t<meta property=\"og:image:width\" content=\"1200\" \/>\n\t<meta property=\"og:image:height\" content=\"630\" \/>\n\t<meta property=\"og:image:type\" content=\"image\/jpeg\" \/>\n<meta name=\"twitter:card\" content=\"summary_large_image\" \/>\n<meta name=\"twitter:title\" content=\"Copyright Policy\" \/>\n<meta name=\"twitter:description\" content=\"If you believe that your copyright or other rights have been infringed, please provide our Designated Agent written notice\" \/>\n<meta name=\"twitter:image\" content=\"https:\/\/www.rsa.com\/wp-content\/uploads\/rsa-og-image.jpg\" \/>\n<script type=\"application\/ld+json\" class=\"yoast-schema-graph\">{\"@context\":\"https:\\\/\\\/schema.org\",\"@graph\":[{\"@type\":\"WebPage\",\"@id\":\"https:\\\/\\\/www.rsa.com\\\/copyright-policy\\\/\",\"url\":\"https:\\\/\\\/www.rsa.com\\\/copyright-policy\\\/\",\"name\":\"RSA Copyright Policy\",\"isPartOf\":{\"@id\":\"https:\\\/\\\/www.rsa.com\\\/#website\"},\"datePublished\":\"2022-01-04T23:15:49+00:00\",\"dateModified\":\"2025-02-07T20:38:45+00:00\",\"description\":\"If you believe that your copyright or other rights have been infringed, please provide our Designated Agent written notice\",\"breadcrumb\":{\"@id\":\"https:\\\/\\\/www.rsa.com\\\/copyright-policy\\\/#breadcrumb\"},\"inLanguage\":\"pt-BR\",\"potentialAction\":[{\"@type\":\"ReadAction\",\"target\":[\"https:\\\/\\\/www.rsa.com\\\/copyright-policy\\\/\"]}]},{\"@type\":\"BreadcrumbList\",\"@id\":\"https:\\\/\\\/www.rsa.com\\\/copyright-policy\\\/#breadcrumb\",\"itemListElement\":[{\"@type\":\"ListItem\",\"position\":1,\"name\":\"Home\",\"item\":\"https:\\\/\\\/www.rsa.com\\\/\"},{\"@type\":\"ListItem\",\"position\":2,\"name\":\"Copyright Policy\"}]},{\"@type\":\"WebSite\",\"@id\":\"https:\\\/\\\/www.rsa.com\\\/#website\",\"url\":\"https:\\\/\\\/www.rsa.com\\\/\",\"name\":\"RSA\",\"description\":\"Cybersecurity and Digital Risk Management Solutions\",\"publisher\":{\"@id\":\"https:\\\/\\\/www.rsa.com\\\/#organization\"},\"potentialAction\":[{\"@type\":\"SearchAction\",\"target\":{\"@type\":\"EntryPoint\",\"urlTemplate\":\"https:\\\/\\\/www.rsa.com\\\/?s={search_term_string}\"},\"query-input\":{\"@type\":\"PropertyValueSpecification\",\"valueRequired\":true,\"valueName\":\"search_term_string\"}}],\"inLanguage\":\"pt-BR\"},{\"@type\":\"Organization\",\"@id\":\"https:\\\/\\\/www.rsa.com\\\/#organization\",\"name\":\"RSA\",\"url\":\"https:\\\/\\\/www.rsa.com\\\/\",\"logo\":{\"@type\":\"ImageObject\",\"inLanguage\":\"pt-BR\",\"@id\":\"https:\\\/\\\/www.rsa.com\\\/#\\\/schema\\\/logo\\\/image\\\/\",\"url\":\"https:\\\/\\\/www.rsa.com\\\/wp-content\\\/uploads\\\/rsa.png\",\"contentUrl\":\"https:\\\/\\\/www.rsa.com\\\/wp-content\\\/uploads\\\/rsa.png\",\"width\":2880,\"height\":1020,\"caption\":\"RSA\"},\"image\":{\"@id\":\"https:\\\/\\\/www.rsa.com\\\/#\\\/schema\\\/logo\\\/image\\\/\"}}]}<\/script>\n<!-- \/ Yoast SEO plugin. -->","yoast_head_json":{"title":"Pol\u00edtica de direitos autorais da RSA","description":"Se voc\u00ea acredita que seus direitos autorais ou outros direitos foram violados, forne\u00e7a uma notifica\u00e7\u00e3o por escrito ao nosso Agente Designado","robots":{"index":"index","follow":"follow","max-snippet":"max-snippet:-1","max-image-preview":"max-image-preview:large","max-video-preview":"max-video-preview:-1"},"canonical":"https:\/\/www.rsa.com\/pt_br\/copyright-policy\/","og_locale":"pt_BR","og_type":"article","og_title":"Copyright Policy","og_description":"If you believe that your copyright or other rights have been infringed, please provide our Designated Agent written notice","og_url":"https:\/\/www.rsa.com\/pt_br\/copyright-policy\/","og_site_name":"RSA","article_modified_time":"2025-02-07T20:38:45+00:00","og_image":[{"width":1200,"height":630,"url":"https:\/\/www.rsa.com\/wp-content\/uploads\/rsa-og-image.jpg","type":"image\/jpeg"}],"twitter_card":"summary_large_image","twitter_title":"Copyright Policy","twitter_description":"If you believe that your copyright or other rights have been infringed, please provide our Designated Agent written notice","twitter_image":"https:\/\/www.rsa.com\/wp-content\/uploads\/rsa-og-image.jpg","schema":{"@context":"https:\/\/schema.org","@graph":[{"@type":"WebPage","@id":"https:\/\/www.rsa.com\/copyright-policy\/","url":"https:\/\/www.rsa.com\/copyright-policy\/","name":"Pol\u00edtica de direitos autorais da RSA","isPartOf":{"@id":"https:\/\/www.rsa.com\/#website"},"datePublished":"2022-01-04T23:15:49+00:00","dateModified":"2025-02-07T20:38:45+00:00","description":"Se voc\u00ea acredita que seus direitos autorais ou outros direitos foram violados, forne\u00e7a uma notifica\u00e7\u00e3o por escrito ao nosso Agente Designado","breadcrumb":{"@id":"https:\/\/www.rsa.com\/copyright-policy\/#breadcrumb"},"inLanguage":"pt-BR","potentialAction":[{"@type":"ReadAction","target":["https:\/\/www.rsa.com\/copyright-policy\/"]}]},{"@type":"BreadcrumbList","@id":"https:\/\/www.rsa.com\/copyright-policy\/#breadcrumb","itemListElement":[{"@type":"ListItem","position":1,"name":"Home","item":"https:\/\/www.rsa.com\/"},{"@type":"ListItem","position":2,"name":"Copyright Policy"}]},{"@type":"WebSite","@id":"https:\/\/www.rsa.com\/#website","url":"https:\/\/www.rsa.com\/","name":"RSA","description":"Solu\u00e7\u00f5es de seguran\u00e7a cibern\u00e9tica e gerenciamento de riscos digitais","publisher":{"@id":"https:\/\/www.rsa.com\/#organization"},"potentialAction":[{"@type":"SearchAction","target":{"@type":"EntryPoint","urlTemplate":"https:\/\/www.rsa.com\/?s={search_term_string}"},"query-input":{"@type":"PropertyValueSpecification","valueRequired":true,"valueName":"search_term_string"}}],"inLanguage":"pt-BR"},{"@type":"Organization","@id":"https:\/\/www.rsa.com\/#organization","name":"RSA","url":"https:\/\/www.rsa.com\/","logo":{"@type":"ImageObject","inLanguage":"pt-BR","@id":"https:\/\/www.rsa.com\/#\/schema\/logo\/image\/","url":"https:\/\/www.rsa.com\/wp-content\/uploads\/rsa.png","contentUrl":"https:\/\/www.rsa.com\/wp-content\/uploads\/rsa.png","width":2880,"height":1020,"caption":"RSA"},"image":{"@id":"https:\/\/www.rsa.com\/#\/schema\/logo\/image\/"}}]}},"_links":{"self":[{"href":"https:\/\/www.rsa.com\/pt_br\/wp-json\/wp\/v2\/pages\/973","targetHints":{"allow":["GET"]}}],"collection":[{"href":"https:\/\/www.rsa.com\/pt_br\/wp-json\/wp\/v2\/pages"}],"about":[{"href":"https:\/\/www.rsa.com\/pt_br\/wp-json\/wp\/v2\/types\/page"}],"author":[{"embeddable":true,"href":"https:\/\/www.rsa.com\/pt_br\/wp-json\/wp\/v2\/users\/2"}],"replies":[{"embeddable":true,"href":"https:\/\/www.rsa.com\/pt_br\/wp-json\/wp\/v2\/comments?post=973"}],"version-history":[{"count":6,"href":"https:\/\/www.rsa.com\/pt_br\/wp-json\/wp\/v2\/pages\/973\/revisions"}],"predecessor-version":[{"id":30236,"href":"https:\/\/www.rsa.com\/pt_br\/wp-json\/wp\/v2\/pages\/973\/revisions\/30236"}],"wp:attachment":[{"href":"https:\/\/www.rsa.com\/pt_br\/wp-json\/wp\/v2\/media?parent=973"}],"curies":[{"name":"wp","href":"https:\/\/api.w.org\/{rel}","templated":true}]}}