{"id":3604,"date":"2022-08-08T15:30:58","date_gmt":"2022-08-08T19:30:58","guid":{"rendered":"https:\/\/www.rsa.com\/?page_id=3604"},"modified":"2025-02-07T16:22:39","modified_gmt":"2025-02-07T21:22:39","slug":"terms-of-use-sept-2020","status":"publish","type":"page","link":"https:\/\/www.rsa.com\/pt_br\/terms-of-use\/terms-of-use-sept-2020\/","title":{"rendered":"Termos de uso - setembro de 2020"},"content":{"rendered":"<h4 class=\"size-h6-regular compressed\">Sobre estes Termos de Uso<\/h4>\n<p>Estes termos (\"Termos\") s\u00e3o um acordo legal entre voc\u00ea e a RSA Security LLC e suas afiliadas (\"RSA\"). Os Termos controlam seu uso e acesso aos sites e informa\u00e7\u00f5es on-line da RSA (os \"Sites\" ou \"Site\"). Ao usar os Sites da RSA, voc\u00ea concorda com estes Termos. A RSA pode revisar estes Termos a qualquer momento, atualizando esta p\u00e1gina. Voc\u00ea deve revisitar esta p\u00e1gina periodicamente para determinar quais termos regem seu uso do Site.<\/p>\n<h4 class=\"size-h6-regular compressed\">Isen\u00e7\u00e3o de responsabilidade da licen\u00e7a e restri\u00e7\u00f5es de uso<\/h4>\n<p class=\"compressed\">Nada em qualquer Site da RSA lhe d\u00e1 qualquer licen\u00e7a sob qualquer direito de propriedade intelectual da RSA ou de terceiros. Todos os direitos de propriedade intelectual deste Site pertencem \u00e0 RSA ou a outras partes que licenciaram seu material para a RSA. Sujeito a estes Termos, a RSA lhe concede um direito limitado, revog\u00e1vel e n\u00e3o exclusivo de acessar e usar o Site e os materiais e informa\u00e7\u00f5es nele contidos (\"Conte\u00fado da RSA\"). Esta licen\u00e7a limitada destina-se apenas ao seu uso pessoal e n\u00e3o comercial. Voc\u00ea deve manter os avisos de propriedade da RSA em todas as c\u00f3pias que fizer do Conte\u00fado da RSA. O uso n\u00e3o autorizado do Conte\u00fado da RSA pode violar direitos autorais, marcas registradas, privacidade, comunica\u00e7\u00f5es ou outras leis. O usu\u00e1rio \u00e9 respons\u00e1vel perante a RSA pelo uso n\u00e3o autorizado do Conte\u00fado da RSA. Este direito termina automaticamente se o usu\u00e1rio violar qualquer parte destes Termos. Ap\u00f3s a rescis\u00e3o, o usu\u00e1rio deve destruir imediatamente qualquer Conte\u00fado da RSA em sua posse ou controle. Al\u00e9m do que foi mencionado acima, voc\u00ea n\u00e3o deve:<\/p>\n<ul>\n<li>Modificar, alterar, copiar, distribuir, republicar, fazer download, exibir, publicar ou enviar o Conte\u00fado da RSA de qualquer forma ou por qualquer meio sem a permiss\u00e3o pr\u00e9via por escrito da RSA ou do propriet\u00e1rio dos direitos autorais, a menos que o Site indique o contr\u00e1rio em rela\u00e7\u00e3o a um Conte\u00fado da RSA espec\u00edfico;<\/li>\n<li>Usar o Site ou o Conte\u00fado da RSA para qualquer finalidade que seja ilegal ou proibida por estes Termos;<\/li>\n<li>Usar o Site para solicitar qualquer atividade que seja ilegal ou que possa infringir os direitos de terceiros;<\/li>\n<li>\"Espelhar\" ou \"enquadrar\" qualquer Conte\u00fado da RSA em qualquer outro dispositivo sem a permiss\u00e3o por escrito da RSA;<\/li>\n<li>Usar o Conte\u00fado da RSA para comparar qualquer Conte\u00fado da RSA com produtos, servi\u00e7os ou informa\u00e7\u00f5es de qualquer outra pessoa ou entidade; ou<\/li>\n<li>Usar o logotipo da RSA ou da Confer\u00eancia da RSA ou qualquer outra marca registrada da RSA como um link \"quente\" para qualquer parte do Site, a menos que a RSA aprove esse uso por escrito.<\/li>\n<\/ul>\n<h4 class=\"size-h6-regular compressed\">Informa\u00e7\u00f5es sobre direitos autorais<\/h4>\n<p>A lei de direitos autorais protege todo o Conte\u00fado da RSA.<\/p>\n<p>Os direitos autorais de todo o material fornecido neste site (\"Site\") s\u00e3o de propriedade da RSA Security LLC ou de suas afiliadas (\"RSA\") ou do criador original do material. Exceto conforme declarado neste documento, nenhum material pode ser copiado, reproduzido, distribu\u00eddo, republicado, baixado, exibido, postado ou transmitido de qualquer forma ou por qualquer meio, incluindo, entre outros, eletr\u00f4nico, mec\u00e2nico, fotoc\u00f3pia, grava\u00e7\u00e3o ou outro, sem a permiss\u00e3o pr\u00e9via por escrito da RSA ou do propriet\u00e1rio dos direitos autorais. \u00c9 concedida permiss\u00e3o para exibir, copiar, distribuir e fazer download dos materiais deste Site apenas para uso pessoal e n\u00e3o comercial, desde que os materiais n\u00e3o sejam modificados e que todos os avisos de direitos autorais e outros avisos de propriedade contidos nos materiais sejam mantidos. Voc\u00ea tamb\u00e9m n\u00e3o pode, sem a permiss\u00e3o da RSA, \"espelhar\" qualquer material contido neste Site em qualquer outro servidor. Essa permiss\u00e3o termina automaticamente se o usu\u00e1rio violar qualquer um desses termos ou condi\u00e7\u00f5es. Qualquer uso n\u00e3o autorizado de qualquer material contido neste Site pode violar leis de direitos autorais, leis de marcas registradas, leis de privacidade e publicidade e regulamentos e estatutos de comunica\u00e7\u00f5es.<\/p>\n<h4 class=\"size-h6-regular compressed\">AVISO DA LEI DE DIREITOS AUTORAIS DO MIL\u00caNIO DIGITAL DOS EUA<\/h4>\n<p>Se voc\u00ea acredita que seu trabalho foi copiado de alguma forma sem a sua permiss\u00e3o, forne\u00e7a as seguintes informa\u00e7\u00f5es ao nosso agente para receber a Notifica\u00e7\u00e3o de alega\u00e7\u00e3o de viola\u00e7\u00e3o de direitos autorais identificada abaixo. Sua notifica\u00e7\u00e3o deve conter o seguinte:<\/p>\n<p>Sua assinatura eletr\u00f4nica ou f\u00edsica;<br \/>\nUma descri\u00e7\u00e3o do trabalho que voc\u00ea alega ter sido violado;<br \/>\nIdentifica\u00e7\u00e3o do trabalho que voc\u00ea alega infringir o trabalho protegido por direitos autorais e uma descri\u00e7\u00e3o de onde ele est\u00e1 localizado no site da RSA;<br \/>\nSeu endere\u00e7o, n\u00famero de telefone e endere\u00e7o de e-mail;<br \/>\nUma declara\u00e7\u00e3o sua de que acredita de boa f\u00e9 que o uso infrator n\u00e3o est\u00e1 autorizado pelo propriet\u00e1rio dos direitos autorais, pelo agente do propriet\u00e1rio dos direitos autorais ou pela lei; e<br \/>\nUma declara\u00e7\u00e3o sua, sob pena de perj\u00fario, de que as informa\u00e7\u00f5es acima em sua notifica\u00e7\u00e3o s\u00e3o precisas e que voc\u00ea \u00e9 o propriet\u00e1rio dos direitos autorais ou est\u00e1 autorizado a agir em nome do propriet\u00e1rio dos direitos autorais.<\/p>\n<p>RSA Security LLC<br \/>\nAttn: IP Legal<br \/>\n176 Middlesex Turnpike<br \/>\nBedford, MA 01730<\/p>\n<h4 class=\"size-h6-regular compressed\">Privacidade<\/h4>\n<p class=\"compressed\">A Declara\u00e7\u00e3o de Privacidade da RSA se aplica ao seu uso do Site e faz parte destes Termos. Consulte as duas <a href=\"https:\/\/live-rsa-hub.pantheonsite.io\/privacy-policy\/\">Declara\u00e7\u00e3o de privacidade da RSA<\/a> e <a href=\"https:\/\/www.rsaconference.com\/privacy\">Declara\u00e7\u00e3o de privacidade da RSA Conference<\/a> e informa\u00e7\u00f5es relacionadas sobre sua privacidade e o uso de suas informa\u00e7\u00f5es pela RSA. O usu\u00e1rio reconhece e concorda que \u00e9 respons\u00e1vel por:<\/p>\n<ul>\n<li>Proteger todas as informa\u00e7\u00f5es de conta e senha aplic\u00e1veis ao seu uso do Site;<\/li>\n<li>Restringir o uso e o acesso ao seu computador, smartphone ou outro dispositivo usado para acessar o Site; e<\/li>\n<li>Qualquer atividade que ocorra em sua conta devido \u00e0 sua falha em proteger essas informa\u00e7\u00f5es.<\/li>\n<\/ul>\n<h4 class=\"size-h6-regular compressed\">Comunica\u00e7\u00e3o eletr\u00f4nica<\/h4>\n<p>Ao usar o Site, voc\u00ea est\u00e1 se comunicando com a RSA. Voc\u00ea concorda em receber comunica\u00e7\u00f5es eletr\u00f4nicas relacionadas ao seu uso do Site. A RSA pode se comunicar com voc\u00ea por e-mail ou por meio da publica\u00e7\u00e3o de avisos no Site. Voc\u00ea concorda que todas essas comunica\u00e7\u00f5es atendam a qualquer regra legal que exija que sejam feitas por escrito. A RSA pode enviar avisos ao usu\u00e1rio por e-mail ou por publica\u00e7\u00f5es no Site, e esses avisos entram em vigor na data em que a RSA os envia ou publica.<\/p>\n<h4 class=\"size-h6-regular compressed\">Exporta\u00e7\u00e3o<\/h4>\n<p>Todo o Conte\u00fado da RSA est\u00e1 sujeito \u00e0s leis e regulamentos de controle de exporta\u00e7\u00e3o e san\u00e7\u00f5es econ\u00f4micas dos EUA e tamb\u00e9m pode estar sujeito \u00e0s leis do pa\u00eds onde voc\u00ea reside.<\/p>\n<h4 class=\"size-h6-regular compressed\">Isen\u00e7\u00f5es de responsabilidade<\/h4>\n<p class=\"compressed\">O usu\u00e1rio concorda em assumir total responsabilidade pelo uso do Site. A RSA fornece o Site e todo o Conte\u00fado da RSA \"no estado em que se encontram\" e \"conforme dispon\u00edveis\". Especificamente, a RSA:<\/p>\n<ul>\n<li>N\u00e3o faz nenhuma representa\u00e7\u00e3o ou garantia de qualquer tipo;<\/li>\n<li>Isenta-se de todas as garantias, incluindo garantias de comercializa\u00e7\u00e3o, adequa\u00e7\u00e3o, precis\u00e3o, n\u00e3o viola\u00e7\u00e3o ou opera\u00e7\u00e3o; e<\/li>\n<li>N\u00e3o garante que o Site e o Conte\u00fado da RSA estar\u00e3o livres de erros ou defeitos.<\/li>\n<\/ul>\n<h4 class=\"size-h6-regular compressed\">Limita\u00e7\u00e3o de responsabilidade<\/h4>\n<p><b>A RSA n\u00e3o \u00e9 respons\u00e1vel, sob nenhuma teoria legal (incluindo neglig\u00eancia), por qualquer tipo de dano, mesmo que a RSA soubesse da possibilidade de tais danos. A RSA n\u00e3o se responsabiliza por perda de dados ou lucros decorrentes de seu uso ou incapacidade de usar o Site ou o Conte\u00fado da RSA. Se o uso do Conte\u00fado da RSA resultar na necessidade de manuten\u00e7\u00e3o, reparo ou corre\u00e7\u00e3o de quaisquer produtos ou dados, o usu\u00e1rio pagar\u00e1 por esses reparos. Algumas jurisdi\u00e7\u00f5es restringem a exclus\u00e3o ou limita\u00e7\u00e3o de determinados danos, portanto, esta disposi\u00e7\u00e3o pode n\u00e3o se aplicar ao seu caso.<\/b><\/p>\n<h4 class=\"size-h6-regular compressed\">Indeniza\u00e7\u00e3o<\/h4>\n<p>O usu\u00e1rio concorda em indenizar, defender e isentar a RSA e seus agentes, funcion\u00e1rios e licenciadores de todas as reivindica\u00e7\u00f5es e despesas de terceiros, incluindo honor\u00e1rios advocat\u00edcios razo\u00e1veis, relacionadas de alguma forma ao uso do Site ou \u00e0 viola\u00e7\u00e3o destes Termos.<\/p>\n<h4 class=\"size-h6-regular compressed\">Diversos<\/h4>\n<ul>\n<li>Estes Termos n\u00e3o criam nenhuma rela\u00e7\u00e3o jur\u00eddica entre voc\u00ea e a RSA.<\/li>\n<li>O fato de a RSA n\u00e3o fazer valer um direito n\u00e3o significa que a RSA tenha renunciado a esse direito.<\/li>\n<li>Se uma corte ou outro tribunal considerar qualquer disposi\u00e7\u00e3o destes Termos inexequ\u00edvel, a RSA alterar\u00e1 essa disposi\u00e7\u00e3o apenas na medida necess\u00e1ria para torn\u00e1-la exequ\u00edvel. Os demais termos permanecer\u00e3o em pleno vigor e efeito.<\/li>\n<li>Qualquer interpreta\u00e7\u00e3o destes Termos dever\u00e1 considerar o significado justo, e as ambiguidades n\u00e3o devem ser interpretadas a favor ou contra qualquer parte.<\/li>\n<li>A RSA poder\u00e1 ceder seus direitos sob estes Termos, mas o usu\u00e1rio n\u00e3o poder\u00e1 faz\u00ea-lo.<\/li>\n<li>Estes Termos, juntamente com quaisquer outros termos com os quais voc\u00ea concorde ao usar o Site, constituem o acordo integral entre a RSA e voc\u00ea sobre o uso deste Site.<\/li>\n<li>Os t\u00edtulos s\u00e3o apenas para refer\u00eancia.<\/li>\n<li>Estes Termos substituem quaisquer acordos anteriores com a RSA sobre o uso deste Site e seu conte\u00fado.<\/li>\n<li>As subsidi\u00e1rias diretas e indiretas da RSA s\u00e3o terceiros benefici\u00e1rios destes Termos.<\/li>\n<\/ul>\n<h4 class=\"size-h6-regular compressed\">Lei aplic\u00e1vel; resolu\u00e7\u00e3o de disputas<\/h4>\n<p class=\"translation-block\">Voc\u00ea concorda que as leis da Comunidade de Massachusetts reger\u00e3o qualquer reivindica\u00e7\u00e3o ou lit\u00edgio relacionado a estes Termos, ao Site, ao Conte\u00fado da RSA, ao seu acesso e uso do Site ou a qualquer combina\u00e7\u00e3o desses itens (o \"<b>Disputo<\/b>\"), sem levar em conta os princ\u00edpios de conflitos de leis de Massachusetts. Antes que o usu\u00e1rio ou a RSA entrem com uma a\u00e7\u00e3o judicial referente a um Lit\u00edgio, o usu\u00e1rio e a RSA tentar\u00e3o resolver o Lit\u00edgio por meio de negocia\u00e7\u00e3o ou media\u00e7\u00e3o usando um mediador mutuamente aceit\u00e1vel. Voc\u00ea e a RSA tratar\u00e3o a exist\u00eancia ou os resultados de qualquer negocia\u00e7\u00e3o ou media\u00e7\u00e3o como confidenciais. Se as partes n\u00e3o conseguirem resolver a Disputa no prazo de trinta dias ap\u00f3s a notifica\u00e7\u00e3o da Disputa \u00e0 outra parte, as partes estar\u00e3o livres para buscar todos os recursos dispon\u00edveis por lei ou equidade. N\u00e3o obstante o acima exposto, qualquer uma das partes tem o direito de buscar uma ordem de restri\u00e7\u00e3o tempor\u00e1ria, liminar ou outra medida equitativa de um tribunal de jurisdi\u00e7\u00e3o competente para preservar o status quo, evitar danos irrepar\u00e1veis, evitar a expira\u00e7\u00e3o de quaisquer per\u00edodos de limita\u00e7\u00e3o aplic\u00e1veis ou preservar uma posi\u00e7\u00e3o superior em rela\u00e7\u00e3o a outros credores.<\/p>\n<h4 class=\"size-h6-regular compressed\">Fale Conosco<\/h4>\n<p>A RSA \u00e9 propriet\u00e1ria deste Site. Se tiver alguma d\u00favida sobre a coleta ou o uso de informa\u00e7\u00f5es pessoais pela RSA, consulte a Declara\u00e7\u00e3o de Privacidade da RSA ou entre em contato com <a href=\"mailto:privacy@rsa.com\">privacy@rsa.com<\/a>. Os residentes da Calif\u00f3rnia tamb\u00e9m podem enviar reclama\u00e7\u00f5es para a Unidade de Assist\u00eancia a Reclama\u00e7\u00f5es da Divis\u00e3o de Servi\u00e7os ao Consumidor do Departamento de Assuntos do Consumidor da Calif\u00f3rnia, pelo correio, no endere\u00e7o 1625 North Market Blvd., Sacramento, CA 95834, ou pelo telefone (916) 445-1254 ou (800) 952-5210.<\/p>\n<p class=\"size-12\"><em>rev. 1SETEM2020<\/em><\/p>","protected":false},"excerpt":{"rendered":"<p>Sobre estes Termos de Uso Estes termos (\u201cTermos\u201d) s\u00e3o um acordo legal entre voc\u00ea e a RSA Security LLC e suas afiliadas (\u201cRSA\u201d). Os Termos controlam seu uso e acesso aos sites e informa\u00e7\u00f5es on-line da RSA (os \u201cSites\u201d ou \u201cSite\u201d). Ao usar os Sites da RSA, voc\u00ea concorda com estes Termos. A RSA pode revisar estes Termos a qualquer momento... <a href=\"https:\/\/www.rsa.com\/pt_br\/terms-of-use\/terms-of-use-sept-2020\/\">Continua\u00e7\u00e3o<\/a><\/p>","protected":false},"author":2,"featured_media":0,"parent":227,"menu_order":0,"comment_status":"closed","ping_status":"closed","template":"template-policy.blade.php","meta":{"_acf_changed":false,"_searchwp_excluded":"","inline_featured_image":false,"footnotes":""},"class_list":["post-3604","page","type-page","status-publish","hentry"],"acf":[],"yoast_head":"<!-- This site is optimized with the Yoast SEO plugin v27.4 - https:\/\/yoast.com\/product\/yoast-seo-wordpress\/ -->\n<title>Terms of Use - September 2020 - RSA<\/title>\n<meta name=\"robots\" content=\"index, follow, max-snippet:-1, max-image-preview:large, max-video-preview:-1\" \/>\n<link rel=\"canonical\" href=\"https:\/\/www.rsa.com\/pt_br\/terms-of-use\/terms-of-use-sept-2020\/\" \/>\n<meta property=\"og:locale\" content=\"pt_BR\" \/>\n<meta property=\"og:type\" content=\"article\" \/>\n<meta property=\"og:title\" content=\"Terms of Use - September 2020 - RSA\" \/>\n<meta property=\"og:description\" content=\"About These Terms of Use These terms (&#8220;Terms&#8221;) are a legal agreement between you and RSA Security LLC and its affiliates (&#8220;RSA&#8221;). The Terms control your use and access to RSA&#8217;s websites and online information (the &#8220;Sites&#8221; or &#8220;Site&#8221;). By using RSA&#8217;s Sites, you agree to these Terms. RSA may revise these Terms at any &hellip; Continued\" \/>\n<meta property=\"og:url\" content=\"https:\/\/www.rsa.com\/pt_br\/terms-of-use\/terms-of-use-sept-2020\/\" \/>\n<meta property=\"og:site_name\" content=\"RSA\" \/>\n<meta property=\"article:modified_time\" content=\"2025-02-07T21:22:39+00:00\" \/>\n<meta property=\"og:image\" content=\"https:\/\/www.rsa.com\/wp-content\/uploads\/rsa-og-image.webp\" \/>\n\t<meta property=\"og:image:width\" content=\"1200\" \/>\n\t<meta property=\"og:image:height\" content=\"630\" \/>\n\t<meta property=\"og:image:type\" content=\"image\/webp\" \/>\n<meta name=\"twitter:card\" content=\"summary_large_image\" \/>\n<script type=\"application\/ld+json\" class=\"yoast-schema-graph\">{\"@context\":\"https:\\\/\\\/schema.org\",\"@graph\":[{\"@type\":\"WebPage\",\"@id\":\"https:\\\/\\\/www.rsa.com\\\/ar\\\/terms-of-use\\\/terms-of-use-sept-2020\\\/\",\"url\":\"https:\\\/\\\/www.rsa.com\\\/ar\\\/terms-of-use\\\/terms-of-use-sept-2020\\\/\",\"name\":\"Terms of Use - September 2020 - RSA\",\"isPartOf\":{\"@id\":\"https:\\\/\\\/www.rsa.com\\\/#website\"},\"datePublished\":\"2022-08-08T19:30:58+00:00\",\"dateModified\":\"2025-02-07T21:22:39+00:00\",\"breadcrumb\":{\"@id\":\"https:\\\/\\\/www.rsa.com\\\/ar\\\/terms-of-use\\\/terms-of-use-sept-2020\\\/#breadcrumb\"},\"inLanguage\":\"pt-BR\",\"potentialAction\":[{\"@type\":\"ReadAction\",\"target\":[\"https:\\\/\\\/www.rsa.com\\\/ar\\\/terms-of-use\\\/terms-of-use-sept-2020\\\/\"]}]},{\"@type\":\"BreadcrumbList\",\"@id\":\"https:\\\/\\\/www.rsa.com\\\/ar\\\/terms-of-use\\\/terms-of-use-sept-2020\\\/#breadcrumb\",\"itemListElement\":[{\"@type\":\"ListItem\",\"position\":1,\"name\":\"Home\",\"item\":\"https:\\\/\\\/www.rsa.com\\\/\"},{\"@type\":\"ListItem\",\"position\":2,\"name\":\"Terms of Use\",\"item\":\"https:\\\/\\\/www.rsa.com\\\/terms-of-use\\\/\"},{\"@type\":\"ListItem\",\"position\":3,\"name\":\"Terms of Use &#8211; September 2020\"}]},{\"@type\":\"WebSite\",\"@id\":\"https:\\\/\\\/www.rsa.com\\\/#website\",\"url\":\"https:\\\/\\\/www.rsa.com\\\/\",\"name\":\"RSA\",\"description\":\"Cybersecurity and Digital Risk Management Solutions\",\"publisher\":{\"@id\":\"https:\\\/\\\/www.rsa.com\\\/#organization\"},\"potentialAction\":[{\"@type\":\"SearchAction\",\"target\":{\"@type\":\"EntryPoint\",\"urlTemplate\":\"https:\\\/\\\/www.rsa.com\\\/?s={search_term_string}\"},\"query-input\":{\"@type\":\"PropertyValueSpecification\",\"valueRequired\":true,\"valueName\":\"search_term_string\"}}],\"inLanguage\":\"pt-BR\"},{\"@type\":\"Organization\",\"@id\":\"https:\\\/\\\/www.rsa.com\\\/#organization\",\"name\":\"RSA\",\"url\":\"https:\\\/\\\/www.rsa.com\\\/\",\"logo\":{\"@type\":\"ImageObject\",\"inLanguage\":\"pt-BR\",\"@id\":\"https:\\\/\\\/www.rsa.com\\\/#\\\/schema\\\/logo\\\/image\\\/\",\"url\":\"https:\\\/\\\/www.rsa.com\\\/wp-content\\\/uploads\\\/rsa.png\",\"contentUrl\":\"https:\\\/\\\/www.rsa.com\\\/wp-content\\\/uploads\\\/rsa.png\",\"width\":2880,\"height\":1020,\"caption\":\"RSA\"},\"image\":{\"@id\":\"https:\\\/\\\/www.rsa.com\\\/#\\\/schema\\\/logo\\\/image\\\/\"}}]}<\/script>\n<!-- \/ Yoast SEO plugin. -->","yoast_head_json":{"title":"Termos de uso - setembro de 2020 - RSA","robots":{"index":"index","follow":"follow","max-snippet":"max-snippet:-1","max-image-preview":"max-image-preview:large","max-video-preview":"max-video-preview:-1"},"canonical":"https:\/\/www.rsa.com\/pt_br\/terms-of-use\/terms-of-use-sept-2020\/","og_locale":"pt_BR","og_type":"article","og_title":"Terms of Use - September 2020 - RSA","og_description":"About These Terms of Use These terms (&#8220;Terms&#8221;) are a legal agreement between you and RSA Security LLC and its affiliates (&#8220;RSA&#8221;). The Terms control your use and access to RSA&#8217;s websites and online information (the &#8220;Sites&#8221; or &#8220;Site&#8221;). By using RSA&#8217;s Sites, you agree to these Terms. RSA may revise these Terms at any &hellip; Continued","og_url":"https:\/\/www.rsa.com\/pt_br\/terms-of-use\/terms-of-use-sept-2020\/","og_site_name":"RSA","article_modified_time":"2025-02-07T21:22:39+00:00","og_image":[{"width":1200,"height":630,"url":"https:\/\/www.rsa.com\/wp-content\/uploads\/rsa-og-image.webp","type":"image\/webp"}],"twitter_card":"summary_large_image","schema":{"@context":"https:\/\/schema.org","@graph":[{"@type":"WebPage","@id":"https:\/\/www.rsa.com\/ar\/terms-of-use\/terms-of-use-sept-2020\/","url":"https:\/\/www.rsa.com\/ar\/terms-of-use\/terms-of-use-sept-2020\/","name":"Termos de uso - setembro de 2020 - RSA","isPartOf":{"@id":"https:\/\/www.rsa.com\/#website"},"datePublished":"2022-08-08T19:30:58+00:00","dateModified":"2025-02-07T21:22:39+00:00","breadcrumb":{"@id":"https:\/\/www.rsa.com\/ar\/terms-of-use\/terms-of-use-sept-2020\/#breadcrumb"},"inLanguage":"pt-BR","potentialAction":[{"@type":"ReadAction","target":["https:\/\/www.rsa.com\/ar\/terms-of-use\/terms-of-use-sept-2020\/"]}]},{"@type":"BreadcrumbList","@id":"https:\/\/www.rsa.com\/ar\/terms-of-use\/terms-of-use-sept-2020\/#breadcrumb","itemListElement":[{"@type":"ListItem","position":1,"name":"Home","item":"https:\/\/www.rsa.com\/"},{"@type":"ListItem","position":2,"name":"Terms of Use","item":"https:\/\/www.rsa.com\/terms-of-use\/"},{"@type":"ListItem","position":3,"name":"Terms of Use &#8211; September 2020"}]},{"@type":"WebSite","@id":"https:\/\/www.rsa.com\/#website","url":"https:\/\/www.rsa.com\/","name":"RSA","description":"Solu\u00e7\u00f5es de seguran\u00e7a cibern\u00e9tica e gerenciamento de riscos digitais","publisher":{"@id":"https:\/\/www.rsa.com\/#organization"},"potentialAction":[{"@type":"SearchAction","target":{"@type":"EntryPoint","urlTemplate":"https:\/\/www.rsa.com\/?s={search_term_string}"},"query-input":{"@type":"PropertyValueSpecification","valueRequired":true,"valueName":"search_term_string"}}],"inLanguage":"pt-BR"},{"@type":"Organization","@id":"https:\/\/www.rsa.com\/#organization","name":"RSA","url":"https:\/\/www.rsa.com\/","logo":{"@type":"ImageObject","inLanguage":"pt-BR","@id":"https:\/\/www.rsa.com\/#\/schema\/logo\/image\/","url":"https:\/\/www.rsa.com\/wp-content\/uploads\/rsa.png","contentUrl":"https:\/\/www.rsa.com\/wp-content\/uploads\/rsa.png","width":2880,"height":1020,"caption":"RSA"},"image":{"@id":"https:\/\/www.rsa.com\/#\/schema\/logo\/image\/"}}]}},"_links":{"self":[{"href":"https:\/\/www.rsa.com\/pt_br\/wp-json\/wp\/v2\/pages\/3604","targetHints":{"allow":["GET"]}}],"collection":[{"href":"https:\/\/www.rsa.com\/pt_br\/wp-json\/wp\/v2\/pages"}],"about":[{"href":"https:\/\/www.rsa.com\/pt_br\/wp-json\/wp\/v2\/types\/page"}],"author":[{"embeddable":true,"href":"https:\/\/www.rsa.com\/pt_br\/wp-json\/wp\/v2\/users\/2"}],"replies":[{"embeddable":true,"href":"https:\/\/www.rsa.com\/pt_br\/wp-json\/wp\/v2\/comments?post=3604"}],"version-history":[{"count":4,"href":"https:\/\/www.rsa.com\/pt_br\/wp-json\/wp\/v2\/pages\/3604\/revisions"}],"predecessor-version":[{"id":3611,"href":"https:\/\/www.rsa.com\/pt_br\/wp-json\/wp\/v2\/pages\/3604\/revisions\/3611"}],"up":[{"embeddable":true,"href":"https:\/\/www.rsa.com\/pt_br\/wp-json\/wp\/v2\/pages\/227"}],"wp:attachment":[{"href":"https:\/\/www.rsa.com\/pt_br\/wp-json\/wp\/v2\/media?parent=3604"}],"curies":[{"name":"wp","href":"https:\/\/api.w.org\/{rel}","templated":true}]}}