{"id":35864,"date":"2025-12-15T10:45:59","date_gmt":"2025-12-15T15:45:59","guid":{"rendered":"https:\/\/www.rsa.com\/?page_id=35864"},"modified":"2026-04-01T20:45:44","modified_gmt":"2026-04-02T00:45:44","slug":"ethical-supply-chain-2022","status":"publish","type":"page","link":"https:\/\/www.rsa.com\/pt_br\/ethical-supply-chain-2022\/","title":{"rendered":"Cadeia de abastecimento \u00e9tica 2022"},"content":{"rendered":"<p>A RSA apoia as metas e os esfor\u00e7os da Lei de Transpar\u00eancia nas Cadeias de Suprimentos da Calif\u00f3rnia de 2010, que exige que determinados varejistas e fabricantes que fazem neg\u00f3cios na Calif\u00f3rnia forne\u00e7am informa\u00e7\u00f5es sobre seus esfor\u00e7os para eliminar ou prevenir o tr\u00e1fico de pessoas, a escravid\u00e3o, o trabalho infantil e as condi\u00e7\u00f5es de trabalho anti\u00e9ticas em sua cadeia de suprimentos. A RSA endossa os princ\u00edpios da Lei da Escravid\u00e3o Moderna de 2015 (Reino Unido) e da Lei da Escravid\u00e3o Moderna da Austr\u00e1lia de 2018 (Cth) e est\u00e1 comprometida em continuar e aprimorar os esfor\u00e7os da RSA para identificar e mitigar os riscos da escravid\u00e3o moderna e do tr\u00e1fico de pessoas nos neg\u00f3cios e nas cadeias de suprimentos da RSA. Para esse fim, a RSA fornece esta declara\u00e7\u00e3o de acordo com as leis aplic\u00e1veis relativas \u00e0 escravid\u00e3o moderna, incluindo as mencionadas acima.<\/p>\n<p>A RSA tem o compromisso de tratar todos os funcion\u00e1rios com respeito e dignidade, garantindo condi\u00e7\u00f5es de trabalho seguras e conduzindo opera\u00e7\u00f5es ambientalmente respons\u00e1veis e \u00e9ticas. A RSA trabalha com informa\u00e7\u00f5es confidenciais e servi\u00e7os de seguran\u00e7a e, consequentemente, mant\u00e9m os mais altos padr\u00f5es de integridade, \u00e9tica e confian\u00e7a. Al\u00e9m disso, a RSA est\u00e1 vinculada aos mais altos padr\u00f5es das leis e da \u00e9tica das jurisdi\u00e7\u00f5es aplic\u00e1veis a todas as transa\u00e7\u00f5es comerciais. <\/p>\n<p class=\"translation-block\"><strong>Verifica\u00e7\u00e3o.<\/strong> De modo geral, a RSA garante que os materiais comprados dos fornecedores tenham uma cadeia de suprimentos bem estabelecida, em boa situa\u00e7\u00e3o e em conformidade com os requisitos legais das jurisdi\u00e7\u00f5es em que operam. A RSA acredita que seus fornecedores n\u00e3o se envolvem em tr\u00e1fico ilegal de pessoas, escravid\u00e3o, trabalho infantil e\/ou condi\u00e7\u00f5es de trabalho anti\u00e9ticas; no entanto, nem a RSA nem terceiros fazem qualquer investiga\u00e7\u00e3o ou avalia\u00e7\u00e3o adicional das cadeias de suprimentos para avaliar tais quest\u00f5es.<\/p>\n<p><strong>Auditorias.<\/strong> A RSA espera que todos os seus fornecedores cumpram todas as leis aplic\u00e1veis, especialmente aquelas que exigem pr\u00e1ticas comerciais \u00e9ticas. Se a RSA suspeitar que um fornecedor est\u00e1 envolvido em tr\u00e1fico ilegal de pessoas, escravid\u00e3o, trabalho infantil e\/ou condi\u00e7\u00f5es de trabalho anti\u00e9ticas, a RSA poder\u00e1 investigar o assunto para obter evid\u00eancias. Com exce\u00e7\u00e3o do fato de que a RSA pode se envolver em uma investiga\u00e7\u00e3o da cadeia de suprimentos em rela\u00e7\u00e3o \u00e0s atividades ilegais mencionadas anteriormente, a RSA n\u00e3o analisa ou audita seus fornecedores para avaliar sua conformidade com as leis antiescravid\u00e3o e contra o tr\u00e1fico de pessoas.<\/p>\n<p><strong>Certifica\u00e7\u00e3o.<\/strong> A RSA faz neg\u00f3cios com fornecedores bem estabelecidos e de boa reputa\u00e7\u00e3o que, at\u00e9 onde sabemos, cumprem as leis aplic\u00e1veis das jurisdi\u00e7\u00f5es onde operam. A RSA exige que seus fornecedores se autocertifiquem de que seguem todas as leis aplic\u00e1veis das jurisdi\u00e7\u00f5es onde operam.<\/p>\n<p class=\"translation-block\"><strong>Responsabilidade interna.<\/strong> A RSA e seus funcion\u00e1rios devem estar em conformidade com todas as leis e\/ou pol\u00edticas aplic\u00e1veis das jurisdi\u00e7\u00f5es onde os neg\u00f3cios s\u00e3o conduzidos; as pol\u00edticas internas que devem ser seguidas incluem <a href=\"https:\/\/www.rsa.com\/wp-content\/uploads\/rsa-code-of-business-conduct-and-ethics.pdf\" rel=\"noopener\" target=\"_blank\">C\u00f3digo de Conduta e \u00c9tica da RSA<\/a>. Viola\u00e7\u00f5es a essas pol\u00edticas, incluindo tr\u00e1fico de pessoas, escravid\u00e3o, trabalho infantil e\/ou condi\u00e7\u00f5es de trabalho anti\u00e9ticas, podem resultar em a\u00e7\u00f5es disciplinares, incluindo a rescis\u00e3o do contrato de trabalho, ou outras a\u00e7\u00f5es legais, conforme apropriado. A RSA tamb\u00e9m mant\u00e9m mecanismos de responsabiliza\u00e7\u00e3o e reclama\u00e7\u00e3o em toda a empresa (por exemplo, o contato de \u00c9tica da RSA), que est\u00e3o dispon\u00edveis para funcion\u00e1rios e partes externas.<\/p>\n<p class=\"translation-block\"><strong>Treinamento.<\/strong> Embora a RSA n\u00e3o ofere\u00e7a atualmente a seus funcion\u00e1rios e \u00e0 ger\u00eancia treinamento espec\u00edfico sobre escravid\u00e3o e tr\u00e1fico de pessoas, o treinamento sobre o <a href=\"https:\/\/www.rsa.com\/wp-content\/uploads\/rsa-code-of-business-conduct-and-ethics.pdf\" rel=\"noopener\" target=\"_blank\">C\u00f3digo de Conduta e \u00c9tica da RSA<\/a> \u00e9 realizado para funcion\u00e1rios rec\u00e9m-contratados e mediante altera\u00e7\u00f5es nessas pol\u00edticas.<\/p>\n<p><strong>Data de vig\u00eancia: 27 de julho de 2022<\/strong><\/p>\n<p><strong>\u00a92022 RSA Security USA LLC ou suas afiliadas. Todos os direitos reservados. O logotipo da RSA Conference, RSA e outras marcas comerciais s\u00e3o marcas comerciais da RSA Security LLC ou de suas afiliadas. Outras marcas comerciais podem ser marcas comerciais de seus respectivos propriet\u00e1rios.<\/strong><\/p>","protected":false},"excerpt":{"rendered":"<p>A RSA apoia as metas e os esfor\u00e7os da Lei de Transpar\u00eancia nas Cadeias de Suprimentos da Calif\u00f3rnia de 2010, que exige que determinados varejistas e fabricantes que fazem neg\u00f3cios na Calif\u00f3rnia forne\u00e7am informa\u00e7\u00f5es sobre seus esfor\u00e7os para eliminar ou prevenir o tr\u00e1fico de pessoas, a escravid\u00e3o, o trabalho infantil e as condi\u00e7\u00f5es de trabalho anti\u00e9ticas em sua cadeia de suprimentos. A RSA endossa os princ\u00edpios do The ... <a href=\"https:\/\/www.rsa.com\/pt_br\/ethical-supply-chain-2022\/\">Continua\u00e7\u00e3o<\/a><\/p>","protected":false},"author":2,"featured_media":0,"parent":0,"menu_order":0,"comment_status":"closed","ping_status":"closed","template":"template-policy.blade.php","meta":{"_acf_changed":false,"_searchwp_excluded":"","inline_featured_image":false,"footnotes":""},"class_list":["post-35864","page","type-page","status-publish","hentry"],"acf":[],"yoast_head":"<!-- This site is optimized with the Yoast SEO plugin v27.4 - https:\/\/yoast.com\/product\/yoast-seo-wordpress\/ -->\n<title>Ethical Supply Chain 2022 - RSA<\/title>\n<meta name=\"description\" content=\"RSA provides this statement pursuant to the applicable laws concerning modern slavery.\" \/>\n<meta name=\"robots\" content=\"noindex, follow\" \/>\n<meta property=\"og:locale\" content=\"pt_BR\" \/>\n<meta property=\"og:type\" content=\"article\" \/>\n<meta property=\"og:title\" content=\"Ethical Supply Chain 2022\" \/>\n<meta property=\"og:description\" content=\"RSA provides this statement pursuant to the applicable laws concerning modern slavery.\" \/>\n<meta property=\"og:url\" content=\"https:\/\/www.rsa.com\/pt_br\/ethical-supply-chain-2022\/\" \/>\n<meta property=\"og:site_name\" content=\"RSA\" \/>\n<meta property=\"article:modified_time\" content=\"2026-04-02T00:45:44+00:00\" \/>\n<meta property=\"og:image\" content=\"https:\/\/www.rsa.com\/wp-content\/uploads\/rsa-og-image.webp\" \/>\n\t<meta property=\"og:image:width\" content=\"1200\" \/>\n\t<meta property=\"og:image:height\" content=\"630\" \/>\n\t<meta property=\"og:image:type\" content=\"image\/webp\" \/>\n<meta name=\"twitter:card\" content=\"summary_large_image\" \/>\n<meta name=\"twitter:title\" content=\"Ethical Supply Chain 2022\" \/>\n<meta name=\"twitter:description\" content=\"RSA provides this statement pursuant to the applicable laws concerning modern slavery.\" \/>\n<script type=\"application\/ld+json\" class=\"yoast-schema-graph\">{\"@context\":\"https:\\\/\\\/schema.org\",\"@graph\":[{\"@type\":\"WebPage\",\"@id\":\"https:\\\/\\\/www.rsa.com\\\/ethical-supply-chain-2022\\\/\",\"url\":\"https:\\\/\\\/www.rsa.com\\\/ethical-supply-chain-2022\\\/\",\"name\":\"Ethical Supply Chain 2022 - RSA\",\"isPartOf\":{\"@id\":\"https:\\\/\\\/www.rsa.com\\\/#website\"},\"datePublished\":\"2025-12-15T15:45:59+00:00\",\"dateModified\":\"2026-04-02T00:45:44+00:00\",\"description\":\"RSA provides this statement pursuant to the applicable laws concerning modern slavery.\",\"breadcrumb\":{\"@id\":\"https:\\\/\\\/www.rsa.com\\\/ethical-supply-chain-2022\\\/#breadcrumb\"},\"inLanguage\":\"pt-BR\",\"potentialAction\":[{\"@type\":\"ReadAction\",\"target\":[\"https:\\\/\\\/www.rsa.com\\\/ethical-supply-chain-2022\\\/\"]}]},{\"@type\":\"BreadcrumbList\",\"@id\":\"https:\\\/\\\/www.rsa.com\\\/ethical-supply-chain-2022\\\/#breadcrumb\",\"itemListElement\":[{\"@type\":\"ListItem\",\"position\":1,\"name\":\"Home\",\"item\":\"https:\\\/\\\/www.rsa.com\\\/\"},{\"@type\":\"ListItem\",\"position\":2,\"name\":\"Ethical Supply Chain 2022\"}]},{\"@type\":\"WebSite\",\"@id\":\"https:\\\/\\\/www.rsa.com\\\/#website\",\"url\":\"https:\\\/\\\/www.rsa.com\\\/\",\"name\":\"RSA\",\"description\":\"Cybersecurity and Digital Risk Management Solutions\",\"publisher\":{\"@id\":\"https:\\\/\\\/www.rsa.com\\\/#organization\"},\"potentialAction\":[{\"@type\":\"SearchAction\",\"target\":{\"@type\":\"EntryPoint\",\"urlTemplate\":\"https:\\\/\\\/www.rsa.com\\\/?s={search_term_string}\"},\"query-input\":{\"@type\":\"PropertyValueSpecification\",\"valueRequired\":true,\"valueName\":\"search_term_string\"}}],\"inLanguage\":\"pt-BR\"},{\"@type\":\"Organization\",\"@id\":\"https:\\\/\\\/www.rsa.com\\\/#organization\",\"name\":\"RSA\",\"url\":\"https:\\\/\\\/www.rsa.com\\\/\",\"logo\":{\"@type\":\"ImageObject\",\"inLanguage\":\"pt-BR\",\"@id\":\"https:\\\/\\\/www.rsa.com\\\/#\\\/schema\\\/logo\\\/image\\\/\",\"url\":\"https:\\\/\\\/www.rsa.com\\\/wp-content\\\/uploads\\\/rsa.png\",\"contentUrl\":\"https:\\\/\\\/www.rsa.com\\\/wp-content\\\/uploads\\\/rsa.png\",\"width\":2880,\"height\":1020,\"caption\":\"RSA\"},\"image\":{\"@id\":\"https:\\\/\\\/www.rsa.com\\\/#\\\/schema\\\/logo\\\/image\\\/\"}}]}<\/script>\n<!-- \/ Yoast SEO plugin. -->","yoast_head_json":{"title":"Cadeia de abastecimento \u00e9tica 2022 - RSA","description":"A RSA fornece esta declara\u00e7\u00e3o de acordo com as leis aplic\u00e1veis relativas \u00e0 escravid\u00e3o moderna.","robots":{"index":"noindex","follow":"follow"},"og_locale":"pt_BR","og_type":"article","og_title":"Ethical Supply Chain 2022","og_description":"RSA provides this statement pursuant to the applicable laws concerning modern slavery.","og_url":"https:\/\/www.rsa.com\/pt_br\/ethical-supply-chain-2022\/","og_site_name":"RSA","article_modified_time":"2026-04-02T00:45:44+00:00","og_image":[{"width":1200,"height":630,"url":"https:\/\/www.rsa.com\/wp-content\/uploads\/rsa-og-image.webp","type":"image\/webp"}],"twitter_card":"summary_large_image","twitter_title":"Ethical Supply Chain 2022","twitter_description":"RSA provides this statement pursuant to the applicable laws concerning modern slavery.","schema":{"@context":"https:\/\/schema.org","@graph":[{"@type":"WebPage","@id":"https:\/\/www.rsa.com\/ethical-supply-chain-2022\/","url":"https:\/\/www.rsa.com\/ethical-supply-chain-2022\/","name":"Cadeia de abastecimento \u00e9tica 2022 - RSA","isPartOf":{"@id":"https:\/\/www.rsa.com\/#website"},"datePublished":"2025-12-15T15:45:59+00:00","dateModified":"2026-04-02T00:45:44+00:00","description":"A RSA fornece esta declara\u00e7\u00e3o de acordo com as leis aplic\u00e1veis relativas \u00e0 escravid\u00e3o moderna.","breadcrumb":{"@id":"https:\/\/www.rsa.com\/ethical-supply-chain-2022\/#breadcrumb"},"inLanguage":"pt-BR","potentialAction":[{"@type":"ReadAction","target":["https:\/\/www.rsa.com\/ethical-supply-chain-2022\/"]}]},{"@type":"BreadcrumbList","@id":"https:\/\/www.rsa.com\/ethical-supply-chain-2022\/#breadcrumb","itemListElement":[{"@type":"ListItem","position":1,"name":"Home","item":"https:\/\/www.rsa.com\/"},{"@type":"ListItem","position":2,"name":"Ethical Supply Chain 2022"}]},{"@type":"WebSite","@id":"https:\/\/www.rsa.com\/#website","url":"https:\/\/www.rsa.com\/","name":"RSA","description":"Solu\u00e7\u00f5es de seguran\u00e7a cibern\u00e9tica e gerenciamento de riscos digitais","publisher":{"@id":"https:\/\/www.rsa.com\/#organization"},"potentialAction":[{"@type":"SearchAction","target":{"@type":"EntryPoint","urlTemplate":"https:\/\/www.rsa.com\/?s={search_term_string}"},"query-input":{"@type":"PropertyValueSpecification","valueRequired":true,"valueName":"search_term_string"}}],"inLanguage":"pt-BR"},{"@type":"Organization","@id":"https:\/\/www.rsa.com\/#organization","name":"RSA","url":"https:\/\/www.rsa.com\/","logo":{"@type":"ImageObject","inLanguage":"pt-BR","@id":"https:\/\/www.rsa.com\/#\/schema\/logo\/image\/","url":"https:\/\/www.rsa.com\/wp-content\/uploads\/rsa.png","contentUrl":"https:\/\/www.rsa.com\/wp-content\/uploads\/rsa.png","width":2880,"height":1020,"caption":"RSA"},"image":{"@id":"https:\/\/www.rsa.com\/#\/schema\/logo\/image\/"}}]}},"_links":{"self":[{"href":"https:\/\/www.rsa.com\/pt_br\/wp-json\/wp\/v2\/pages\/35864","targetHints":{"allow":["GET"]}}],"collection":[{"href":"https:\/\/www.rsa.com\/pt_br\/wp-json\/wp\/v2\/pages"}],"about":[{"href":"https:\/\/www.rsa.com\/pt_br\/wp-json\/wp\/v2\/types\/page"}],"author":[{"embeddable":true,"href":"https:\/\/www.rsa.com\/pt_br\/wp-json\/wp\/v2\/users\/2"}],"replies":[{"embeddable":true,"href":"https:\/\/www.rsa.com\/pt_br\/wp-json\/wp\/v2\/comments?post=35864"}],"version-history":[{"count":1,"href":"https:\/\/www.rsa.com\/pt_br\/wp-json\/wp\/v2\/pages\/35864\/revisions"}],"predecessor-version":[{"id":35865,"href":"https:\/\/www.rsa.com\/pt_br\/wp-json\/wp\/v2\/pages\/35864\/revisions\/35865"}],"wp:attachment":[{"href":"https:\/\/www.rsa.com\/pt_br\/wp-json\/wp\/v2\/media?parent=35864"}],"curies":[{"name":"wp","href":"https:\/\/api.w.org\/{rel}","templated":true}]}}