{"id":3543,"date":"2022-08-04T15:50:37","date_gmt":"2022-08-04T19:50:37","guid":{"rendered":"https:\/\/www.rsa.com\/?page_id=3543"},"modified":"2025-06-05T16:09:32","modified_gmt":"2025-06-05T20:09:32","slug":"supplier-principles","status":"publish","type":"page","link":"https:\/\/www.rsa.com\/pt_br\/supplier-principles\/","title":{"rendered":"Princ\u00edpios do fornecedor"},"content":{"rendered":"<h4>1. Introdu\u00e7\u00e3o<\/h4>\n<p>A RSA est\u00e1 comprometida com pr\u00e1ticas comerciais respons\u00e1veis e com altos padr\u00f5es de comportamento \u00e9tico. Isso inclui manter nossos fornecedores em altos padr\u00f5es de excel\u00eancia, conforme definido nas leis vigentes, nas normas e conven\u00e7\u00f5es internacionais reconhecidas e nas pr\u00e1ticas recomendadas globais.<\/p>\n<h4>2. Escopo<\/h4>\n<p>Esses princ\u00edpios s\u00e3o aplic\u00e1veis \u00e0s partes que trabalham com a RSA, incluindo fornecedores, funcion\u00e1rios de fornecedores, contratados e subcontratados (\"Fornecedores\").<\/p>\n<h4>3. Declara\u00e7\u00e3o de princ\u00edpios<\/h4>\n<p>Os fornecedores da RSA devem obedecer:<\/p>\n<ul>\n<li>Todas as leis, regulamentos e requisitos de compra aplic\u00e1veis, incluindo o FAR e o DFARS<\/li>\n<li class=\"translation-block\">O <a href=\"https:\/\/www.rsa.com\/wp-content\/uploads\/rsa-code-of-business-conduct-and-ethics.pdf\" rel=\"noopener\" target=\"_blank\">C\u00f3digo de Conduta da RSA<\/a><\/li>\n<li>Conven\u00e7\u00f5es relevantes da ONU, incluindo a Declara\u00e7\u00e3o dos Direitos Humanos das Na\u00e7\u00f5es Unidas (ONU) e a Conven\u00e7\u00e3o das Na\u00e7\u00f5es Unidas sobre os Direitos da Crian\u00e7a<\/li>\n<li>Qualidade, meio ambiente, sa\u00fade e seguran\u00e7a relevantes e outros sistemas de gerenciamento<\/li>\n<\/ul>\n<p>A RSA implementa esses princ\u00edpios refor\u00e7ando o requisito geral de que os fornecedores atendam ou excedam todas as leis aplic\u00e1veis e padr\u00f5es reconhecidos.<\/p>\n<p>Reconhecemos que nem todos os compromissos ou atividades dos fornecedores com a RSA se aplicar\u00e3o igualmente a todos os fornecedores. Portanto, direcionamos os requisitos e o alcance dos fornecedores para aqueles que foram priorizados com base na natureza de seus neg\u00f3cios e na avalia\u00e7\u00e3o hol\u00edstica de riscos.<\/p>\n<p>Os Fornecedores declaram (em seu nome e no de seus funcion\u00e1rios, agentes e consultores) que receberam e concordam com esses princ\u00edpios e se comprometem a cumpri-los, bem como a quaisquer atualiza\u00e7\u00f5es que possam ser feitas pela RSA.<\/p>\n<p>Esses princ\u00edpios devem ser observados a partir do in\u00edcio das atividades cobertas pelo contrato firmado entre a RSA e o Fornecedor.<\/p>\n<h4>4. Conformidade com leis e padr\u00f5es internacionais<\/h4>\n<h5>Conformidade com todas as leis e regulamentos<\/h5>\n<p>\u00c9 essencial para uma cadeia de suprimentos social e ambientalmente respons\u00e1vel que todas as pessoas, incluindo os fornecedores, se comportem de maneira legal e \u00e9tica. A RSA e os Fornecedores da RSA devem cumprir todas as leis e regulamentos aplic\u00e1veis.<\/p>\n<h5>Anti-corrup\u00e7\u00e3o<\/h5>\n<p>Os fornecedores devem aderir ao Foreign Corrupt Practices Act, ao United Kingdom Bribery Act de 2010 e a todas as leis locais aplic\u00e1veis relacionadas a anticorrup\u00e7\u00e3o ou antissuborno (\"Leis Anticorrup\u00e7\u00e3o\").<\/p>\n<h4>5. Compromissos da pol\u00edtica b\u00e1sica da RSA e requisitos do fornecedor<\/h4>\n<p>A RSA imp\u00f5e requisitos espec\u00edficos a seus fornecedores com rela\u00e7\u00e3o \u00e0s seguintes \u00e1reas problem\u00e1ticas:<\/p>\n<h5>Regulamentos de Aquisi\u00e7\u00e3o Federal<\/h5>\n<p>Se a RSA estiver fornecendo produtos ou servi\u00e7os do Fornecedor sob um contrato ou subcontrato principal do governo dos Estados Unidos, o Fornecedor dever\u00e1 cumprir as seguintes disposi\u00e7\u00f5es das Regulamenta\u00e7\u00f5es de Aquisi\u00e7\u00e3o Federal, publicadas no T\u00edtulo 48 do C\u00f3digo de Regulamenta\u00e7\u00f5es Federais dos Estados Unidos (CFR) em 52.244-6: 52.203-13, C\u00f3digo de \u00c9tica e Conduta Comercial do Contratante; 52.219-8, Utiliza\u00e7\u00e3o de Pequenas Empresas; 52.222-26, Igualdade de Oportunidades; 52.222-35, Igualdade de Oportunidades para Veteranos; 52.222-36, A\u00e7\u00e3o Afirmativa para Trabalhadores com Defici\u00eancia; 52.222-40, Notifica\u00e7\u00e3o dos Direitos dos Funcion\u00e1rios de acordo com a Lei Nacional de Rela\u00e7\u00f5es Trabalhistas; 52.222-50, Combate ao Tr\u00e1fico de Pessoas; 52.232-40, Fornecimento de Pagamentos Acelerados para Subcontratados de Pequenas Empresas e 52.247-64, Prefer\u00eancia para Navios Comerciais de Propriedade Privada de Bandeira dos EUA.Embarca\u00e7\u00f5es comerciais de bandeira americana. O fornecedor tamb\u00e9m deve cumprir as exig\u00eancias do 41 CFR \u00a7\u00a7 60-l.4(a), 60-300.5(a) e 60-741.5(a), que pro\u00edbem a discrimina\u00e7\u00e3o contra indiv\u00edduos qualificados com base em sua condi\u00e7\u00e3o de veteranos protegidos ou indiv\u00edduos com defici\u00eancias, e pro\u00edbem a discrimina\u00e7\u00e3o contra todos os indiv\u00edduos com base em sua ra\u00e7a, cor, religi\u00e3o, sexo ou nacionalidade. O fornecedor tamb\u00e9m dever\u00e1 cumprir as disposi\u00e7\u00f5es do 48 CFR 52.204-21 e 48 CFR 252.204-7012 se: (i) o desempenho do fornecedor envolver acesso a \"informa\u00e7\u00f5es de contrato federal\" ou \"informa\u00e7\u00f5es de defesa cobertas\" (conforme esses termos s\u00e3o definidos em 48 CFR 52.204(a) e 48 CFR 252.204-7012(a), respectivamente); e (ii) o fornecedor estiver fornecendo itens que n\u00e3o sejam comerciais de prateleira.<\/p>\n<h5>Condi\u00e7\u00f5es de trabalho, trabalho for\u00e7ado e tr\u00e1fico de pessoas<\/h5>\n<p>A RSA tem o compromisso de defender os direitos humanos dos trabalhadores em qualquer n\u00edvel de sua cadeia de suprimentos e de trat\u00e1-los com dignidade e respeito. Os trabalhadores incluem funcion\u00e1rios diretos, trabalhadores tempor\u00e1rios, trabalhadores migrantes, trabalhadores estudantes, trabalhadores contratados e quaisquer outras pessoas que prestem servi\u00e7os de trabalho e emprego ao Fornecedor. Trabalho for\u00e7ado, escravo (incluindo servid\u00e3o por d\u00edvida) ou escravo, trabalho involunt\u00e1rio em pris\u00e3o, escravid\u00e3o ou tr\u00e1fico de pessoas de qualquer idade n\u00e3o devem ser usados em nenhum n\u00edvel da cadeia de suprimentos.<\/p>\n<ul>\n<li>Os empregadores e agentes n\u00e3o podem usar pr\u00e1ticas enganosas ou fraudulentas durante o recrutamento de funcion\u00e1rios.<\/li>\n<li>O trabalho infantil n\u00e3o pode ser usado em nenhum n\u00edvel da cadeia de suprimentos.<\/li>\n<\/ul>\n<p>A RSA se reserva o direito de tomar toda e qualquer medida dispon\u00edvel contra os Fornecedores por viola\u00e7\u00f5es de sua Pol\u00edtica de Trabalhadores Vulner\u00e1veis, incluindo, sem limita\u00e7\u00e3o, a rescis\u00e3o ou redu\u00e7\u00e3o de neg\u00f3cios, auditoria de conformidade no local frequentemente exigida \u00e0s custas do Fornecedor, indeniza\u00e7\u00e3o de funcion\u00e1rios \u00e0s custas do Fornecedor e\/ou rescis\u00e3o do contrato da RSA com o Fornecedor.<\/p>\n<h5>Minerais e extrativos<\/h5>\n<p>A RSA est\u00e1 comprometida com o fornecimento respons\u00e1vel dos materiais usados nos produtos e espera que seus fornecedores sigam os mesmos padr\u00f5es elevados.<\/p>\n<h5>Diversidade de fornecedores<\/h5>\n<p>A RSA acredita que uma cadeia de suprimentos \u00e9tica e diversificada \u00e9 uma parte vital de nossos neg\u00f3cios. Cada fornecedor deve atender aos seguintes requisitos de diversidade: (1) cumprir todas as leis e regulamentos aplic\u00e1veis voltados para fornecedores de entidades governamentais; (2) envidar esfor\u00e7os razo\u00e1veis para envolver empresas de propriedade de minorias, empresas de propriedade de mulheres e empresas de propriedade de LGBT se o Fornecedor envolver subcontratados para fornecer quaisquer produtos ou para apoiar as opera\u00e7\u00f5es comerciais gerais do Fornecedor; (3) envidar esfor\u00e7os comercialmente razo\u00e1veis para envolver pequenas empresas, conforme definido pela Administra\u00e7\u00e3o de Pequenas Empresas dos Estados Unidos (incluindo subcategorias de pequenas empresas, como pequenas empresas desfavorecidas, pequenas empresas de propriedade de mulheres, empresas de propriedade de veteranos, empresas de propriedade de veteranos com defici\u00eancia e empresas de zona HUB) se o Fornecedor envolver subcontratados nos Estados Unidos para fornecer quaisquer entregas ou apoiar as opera\u00e7\u00f5es comerciais gerais do Fornecedor; (4) manter registros precisos dos esfor\u00e7os do Fornecedor de acordo com esta disposi\u00e7\u00e3o; e (5) informar \u00e0 RSA, mediante solicita\u00e7\u00e3o da RSA, os gastos do Fornecedor com empresas de propriedade de minorias, empresas de propriedade de mulheres, pequenas empresas e empresas de propriedade de LGBT.<\/p>\n<h5>Evitar conflitos de interesse<\/h5>\n<p>Qualquer circunst\u00e2ncia em que a capacidade de um fornecedor de agir com objetividade seja comprometida \u00e9 considerada um conflito de interesses. Como a RSA deseja manter uma parceria livre de conflitos, solicitamos que, caso surja uma situa\u00e7\u00e3o conflitante entre a RSA e um Fornecedor ou qualquer um de seus funcion\u00e1rios, o Fornecedor informe todos os detalhes pertinentes \u00e0 RSA. Isso inclui, mas n\u00e3o se limita a, relacionamentos pessoais ou familiares pr\u00f3ximos com pessoas da RSA ou o oferecimento ou recebimento de cortesias comerciais luxuosas.<\/p>\n<h5>Melhoria cont\u00ednua<\/h5>\n<p>A RSA est\u00e1 comprometida com o fornecimento respons\u00e1vel. Os fornecedores devem cumprir os padr\u00f5es especificados nesta se\u00e7\u00e3o, mas incentivamos os fornecedores a ver a sustentabilidade como uma jornada de melhoria cont\u00ednua. Com foco na autoavalia\u00e7\u00e3o, na propriedade interna e na responsabilidade pr\u00f3pria, os fornecedores da RSA podem fazer mudan\u00e7as que trar\u00e3o um impacto duradouro e sustent\u00e1vel n\u00e3o apenas para suas pr\u00f3prias instala\u00e7\u00f5es e opera\u00e7\u00f5es, mas tamb\u00e9m para as de seus pr\u00f3prios fornecedores.<\/p>\n<h4>6. Seguran\u00e7a da informa\u00e7\u00e3o<\/h4>\n<p>Para estabelecer os conceitos e as diretrizes de seguran\u00e7a das informa\u00e7\u00f5es da RSA e dos clientes da RSA, os fornecedores que tiverem acesso f\u00edsico ou l\u00f3gico \u00e0s informa\u00e7\u00f5es, aos sistemas ou aos locais da RSA ou de seus clientes devem obedecer ao seguinte:<\/p>\n<ul>\n<li>As informa\u00e7\u00f5es, seja em formato impresso ou eletr\u00f4nico, e os ambientes tecnol\u00f3gicos usados pelos Fornecedores s\u00e3o de propriedade exclusiva da RSA e n\u00e3o s\u00e3o para uso pessoal.<\/li>\n<li>Os fornecedores devem ter uma identifica\u00e7\u00e3o exclusiva (f\u00edsica e digital), que seja pessoal e intransfer\u00edvel, e que possa ser usada para identificar a parte pelos servi\u00e7os que est\u00e1 prestando.<\/li>\n<li>Os direitos de acesso devem sempre observar o princ\u00edpio do menor privil\u00e9gio, em que os usu\u00e1rios devem ter apenas as permiss\u00f5es necess\u00e1rias para a execu\u00e7\u00e3o de suas tarefas.<\/li>\n<li>Informa\u00e7\u00f5es confidenciais, como senhas e quaisquer outras informa\u00e7\u00f5es detidas pelos Fornecedores no decorrer de seu trabalho, devem ser sempre mantidas em sigilo absoluto; o compartilhamento dessas informa\u00e7\u00f5es \u00e9 estritamente proibido.<\/li>\n<li>Os Fornecedores se comprometem, e s\u00e3o respons\u00e1veis por seus funcion\u00e1rios, agentes, consultores e\/ou representantes que tenham necessidade de acessar informa\u00e7\u00f5es confidenciais, a mant\u00ea-las sob sigilo e a n\u00e3o copiar, vender, ceder, licenciar, comercializar, transferir ou, de qualquer outra forma, transmitir, divulgar ou fornecer tais informa\u00e7\u00f5es a terceiros que n\u00e3o estejam envolvidos no contrato, nem usar as informa\u00e7\u00f5es para qualquer finalidade, exceto mediante autoriza\u00e7\u00e3o pr\u00e9via e expressa por escrito.<\/li>\n<li>As informa\u00e7\u00f5es da RSA e de seus clientes devem ser tratadas de forma \u00e9tica e confidencial. Elas devem ser usadas somente para a finalidade para a qual foram autorizadas.<\/li>\n<li>Todos os Fornecedores devem estar cientes de que o uso de informa\u00e7\u00f5es e sistemas de informa\u00e7\u00e3o pode ser monitorado sem aviso pr\u00e9vio, e que os registros obtidos por esse meio podem servir como prova para fins legais.<\/li>\n<li>As informa\u00e7\u00f5es devem ser usadas de forma transparente e somente para a finalidade para a qual foram coletadas e\/ou para fins estat\u00edsticos, sem identificar os clientes da RSA ou revelar caracter\u00edsticas espec\u00edficas do sistema do cliente.<\/li>\n<\/ul>\n<h4>7. Comunica\u00e7\u00e3o de suspeitas de viola\u00e7\u00f5es<\/h4>\n<p>D\u00favidas sobre quest\u00f5es espec\u00edficas que possam surgir em um relacionamento comercial com a RSA podem ser encaminhadas para os seguintes contatos:<\/p>\n<ul>\n<li class=\"translation-block\">\u00c9tica da RSA em <a href=\"mailto:ethics@rsa.com\" rel=\"noopener\" target=\"_blank\">ethics@rsa.com<\/a><\/li>\n<li class=\"translation-block\">Registre uma den\u00fancia em <a href=\"http:\/\/www.lighthouse-services.com\/rsa\" rel=\"noopener\" target=\"_blank\">www.lighthouse-services.com\/rsa<\/a><br>\r\n(Observe que as leis e os procedimentos de den\u00fancia variam de pa\u00eds para pa\u00eds, portanto, analise todas as orienta\u00e7\u00f5es fornecidas antes de prosseguir).<\/li>\n<\/ul>\n<p>Espera-se que os fornecedores, de acordo com as leis e obriga\u00e7\u00f5es contratuais aplic\u00e1veis, forne\u00e7am assist\u00eancia razo\u00e1vel a qualquer investiga\u00e7\u00e3o da RSA sobre uma viola\u00e7\u00e3o deste C\u00f3digo ou das leis aplic\u00e1veis e permitam que a RSA tenha acesso razo\u00e1vel a todas as instala\u00e7\u00f5es, registros e documenta\u00e7\u00e3o referentes \u00e0 conformidade com este C\u00f3digo e com as leis aplic\u00e1veis a eles ou ao fornecimento de produtos e servi\u00e7os \u00e0 RSA.<\/p>\n<p>&nbsp;<\/p>\n<p><strong>Data de vig\u00eancia: 17 de fevereiro de 2025<\/strong><\/p>\n<p>\u00a92025 RSA Security USA LLC ou suas afiliadas. Todos os direitos reservados. O logotipo da RSA Conference, RSA e outras marcas comerciais s\u00e3o marcas comerciais da RSA Security USA LLC ou de suas afiliadas. Outras marcas comerciais podem ser marcas comerciais de seus respectivos propriet\u00e1rios.<\/p>","protected":false},"excerpt":{"rendered":"<p>1. Introdu\u00e7\u00e3o A RSA est\u00e1 comprometida com pr\u00e1ticas comerciais respons\u00e1veis e com altos padr\u00f5es de comportamento \u00e9tico. Isso inclui manter nossos fornecedores em altos padr\u00f5es de excel\u00eancia, conforme definido nas leis vigentes, nas normas e conven\u00e7\u00f5es internacionais reconhecidas e nas pr\u00e1ticas recomendadas globais. 2. Escopo Estes princ\u00edpios s\u00e3o aplic\u00e1veis \u00e0s partes que trabalham com a RSA, incluindo fornecedores, funcion\u00e1rios de fornecedores, ... <a href=\"https:\/\/www.rsa.com\/pt_br\/supplier-principles\/\">Continua\u00e7\u00e3o<\/a><\/p>","protected":false},"author":2,"featured_media":0,"parent":0,"menu_order":0,"comment_status":"closed","ping_status":"closed","template":"template-policy.blade.php","meta":{"_acf_changed":false,"_searchwp_excluded":"","inline_featured_image":false,"footnotes":""},"class_list":["post-3543","page","type-page","status-publish","hentry"],"acf":[],"yoast_head":"<!-- This site is optimized with the Yoast SEO plugin v27.3 - https:\/\/yoast.com\/product\/yoast-seo-wordpress\/ -->\n<title>Supplier Principles - RSA<\/title>\n<meta name=\"robots\" content=\"index, follow, max-snippet:-1, max-image-preview:large, max-video-preview:-1\" \/>\n<link rel=\"canonical\" href=\"https:\/\/www.rsa.com\/pt_br\/supplier-principles\/\" \/>\n<meta property=\"og:locale\" content=\"pt_BR\" \/>\n<meta property=\"og:type\" content=\"article\" \/>\n<meta property=\"og:title\" content=\"Supplier Principles - RSA\" \/>\n<meta property=\"og:description\" content=\"1. Introduction RSA is committed to responsible business practices and to high standards of ethical behavior. This includes holding our suppliers to high standards of excellence as defined in governing laws, recognized international standards and conventions, and global best practices. 2. Scope These principles are applicable to parties working with RSA, including suppliers, supplier employees, &hellip; Continued\" \/>\n<meta property=\"og:url\" content=\"https:\/\/www.rsa.com\/pt_br\/supplier-principles\/\" \/>\n<meta property=\"og:site_name\" content=\"RSA\" \/>\n<meta property=\"article:modified_time\" content=\"2025-06-05T20:09:32+00:00\" \/>\n<meta property=\"og:image\" content=\"https:\/\/www.rsa.com\/wp-content\/uploads\/rsa-og-image.webp\" \/>\n\t<meta property=\"og:image:width\" content=\"1200\" \/>\n\t<meta property=\"og:image:height\" content=\"630\" \/>\n\t<meta property=\"og:image:type\" content=\"image\/webp\" \/>\n<meta name=\"twitter:card\" content=\"summary_large_image\" \/>\n<script type=\"application\/ld+json\" class=\"yoast-schema-graph\">{\"@context\":\"https:\\\/\\\/schema.org\",\"@graph\":[{\"@type\":\"WebPage\",\"@id\":\"https:\\\/\\\/www.rsa.com\\\/pt_br\\\/supplier-principles\\\/\",\"url\":\"https:\\\/\\\/www.rsa.com\\\/pt_br\\\/supplier-principles\\\/\",\"name\":\"Supplier Principles - RSA\",\"isPartOf\":{\"@id\":\"https:\\\/\\\/www.rsa.com\\\/#website\"},\"datePublished\":\"2022-08-04T19:50:37+00:00\",\"dateModified\":\"2025-06-05T20:09:32+00:00\",\"breadcrumb\":{\"@id\":\"https:\\\/\\\/www.rsa.com\\\/pt_br\\\/supplier-principles\\\/#breadcrumb\"},\"inLanguage\":\"pt-BR\",\"potentialAction\":[{\"@type\":\"ReadAction\",\"target\":[\"https:\\\/\\\/www.rsa.com\\\/pt_br\\\/supplier-principles\\\/\"]}]},{\"@type\":\"BreadcrumbList\",\"@id\":\"https:\\\/\\\/www.rsa.com\\\/pt_br\\\/supplier-principles\\\/#breadcrumb\",\"itemListElement\":[{\"@type\":\"ListItem\",\"position\":1,\"name\":\"Home\",\"item\":\"https:\\\/\\\/www.rsa.com\\\/\"},{\"@type\":\"ListItem\",\"position\":2,\"name\":\"Supplier Principles\"}]},{\"@type\":\"WebSite\",\"@id\":\"https:\\\/\\\/www.rsa.com\\\/#website\",\"url\":\"https:\\\/\\\/www.rsa.com\\\/\",\"name\":\"RSA\",\"description\":\"Cybersecurity and Digital Risk Management Solutions\",\"publisher\":{\"@id\":\"https:\\\/\\\/www.rsa.com\\\/#organization\"},\"potentialAction\":[{\"@type\":\"SearchAction\",\"target\":{\"@type\":\"EntryPoint\",\"urlTemplate\":\"https:\\\/\\\/www.rsa.com\\\/?s={search_term_string}\"},\"query-input\":{\"@type\":\"PropertyValueSpecification\",\"valueRequired\":true,\"valueName\":\"search_term_string\"}}],\"inLanguage\":\"pt-BR\"},{\"@type\":\"Organization\",\"@id\":\"https:\\\/\\\/www.rsa.com\\\/#organization\",\"name\":\"RSA\",\"url\":\"https:\\\/\\\/www.rsa.com\\\/\",\"logo\":{\"@type\":\"ImageObject\",\"inLanguage\":\"pt-BR\",\"@id\":\"https:\\\/\\\/www.rsa.com\\\/#\\\/schema\\\/logo\\\/image\\\/\",\"url\":\"https:\\\/\\\/www.rsa.com\\\/wp-content\\\/uploads\\\/rsa.png\",\"contentUrl\":\"https:\\\/\\\/www.rsa.com\\\/wp-content\\\/uploads\\\/rsa.png\",\"width\":2880,\"height\":1020,\"caption\":\"RSA\"},\"image\":{\"@id\":\"https:\\\/\\\/www.rsa.com\\\/#\\\/schema\\\/logo\\\/image\\\/\"}}]}<\/script>\n<!-- \/ Yoast SEO plugin. -->","yoast_head_json":{"title":"Princ\u00edpios do fornecedor - RSA","robots":{"index":"index","follow":"follow","max-snippet":"max-snippet:-1","max-image-preview":"max-image-preview:large","max-video-preview":"max-video-preview:-1"},"canonical":"https:\/\/www.rsa.com\/pt_br\/supplier-principles\/","og_locale":"pt_BR","og_type":"article","og_title":"Supplier Principles - RSA","og_description":"1. Introduction RSA is committed to responsible business practices and to high standards of ethical behavior. This includes holding our suppliers to high standards of excellence as defined in governing laws, recognized international standards and conventions, and global best practices. 2. Scope These principles are applicable to parties working with RSA, including suppliers, supplier employees, &hellip; Continued","og_url":"https:\/\/www.rsa.com\/pt_br\/supplier-principles\/","og_site_name":"RSA","article_modified_time":"2025-06-05T20:09:32+00:00","og_image":[{"width":1200,"height":630,"url":"https:\/\/www.rsa.com\/wp-content\/uploads\/rsa-og-image.webp","type":"image\/webp"}],"twitter_card":"summary_large_image","schema":{"@context":"https:\/\/schema.org","@graph":[{"@type":"WebPage","@id":"https:\/\/www.rsa.com\/pt_br\/supplier-principles\/","url":"https:\/\/www.rsa.com\/pt_br\/supplier-principles\/","name":"Princ\u00edpios do fornecedor - RSA","isPartOf":{"@id":"https:\/\/www.rsa.com\/#website"},"datePublished":"2022-08-04T19:50:37+00:00","dateModified":"2025-06-05T20:09:32+00:00","breadcrumb":{"@id":"https:\/\/www.rsa.com\/pt_br\/supplier-principles\/#breadcrumb"},"inLanguage":"pt-BR","potentialAction":[{"@type":"ReadAction","target":["https:\/\/www.rsa.com\/pt_br\/supplier-principles\/"]}]},{"@type":"BreadcrumbList","@id":"https:\/\/www.rsa.com\/pt_br\/supplier-principles\/#breadcrumb","itemListElement":[{"@type":"ListItem","position":1,"name":"Home","item":"https:\/\/www.rsa.com\/"},{"@type":"ListItem","position":2,"name":"Supplier Principles"}]},{"@type":"WebSite","@id":"https:\/\/www.rsa.com\/#website","url":"https:\/\/www.rsa.com\/","name":"RSA","description":"Solu\u00e7\u00f5es de seguran\u00e7a cibern\u00e9tica e gerenciamento de riscos digitais","publisher":{"@id":"https:\/\/www.rsa.com\/#organization"},"potentialAction":[{"@type":"SearchAction","target":{"@type":"EntryPoint","urlTemplate":"https:\/\/www.rsa.com\/?s={search_term_string}"},"query-input":{"@type":"PropertyValueSpecification","valueRequired":true,"valueName":"search_term_string"}}],"inLanguage":"pt-BR"},{"@type":"Organization","@id":"https:\/\/www.rsa.com\/#organization","name":"RSA","url":"https:\/\/www.rsa.com\/","logo":{"@type":"ImageObject","inLanguage":"pt-BR","@id":"https:\/\/www.rsa.com\/#\/schema\/logo\/image\/","url":"https:\/\/www.rsa.com\/wp-content\/uploads\/rsa.png","contentUrl":"https:\/\/www.rsa.com\/wp-content\/uploads\/rsa.png","width":2880,"height":1020,"caption":"RSA"},"image":{"@id":"https:\/\/www.rsa.com\/#\/schema\/logo\/image\/"}}]}},"_links":{"self":[{"href":"https:\/\/www.rsa.com\/pt_br\/wp-json\/wp\/v2\/pages\/3543","targetHints":{"allow":["GET"]}}],"collection":[{"href":"https:\/\/www.rsa.com\/pt_br\/wp-json\/wp\/v2\/pages"}],"about":[{"href":"https:\/\/www.rsa.com\/pt_br\/wp-json\/wp\/v2\/types\/page"}],"author":[{"embeddable":true,"href":"https:\/\/www.rsa.com\/pt_br\/wp-json\/wp\/v2\/users\/2"}],"replies":[{"embeddable":true,"href":"https:\/\/www.rsa.com\/pt_br\/wp-json\/wp\/v2\/comments?post=3543"}],"version-history":[{"count":15,"href":"https:\/\/www.rsa.com\/pt_br\/wp-json\/wp\/v2\/pages\/3543\/revisions"}],"predecessor-version":[{"id":34044,"href":"https:\/\/www.rsa.com\/pt_br\/wp-json\/wp\/v2\/pages\/3543\/revisions\/34044"}],"wp:attachment":[{"href":"https:\/\/www.rsa.com\/pt_br\/wp-json\/wp\/v2\/media?parent=3543"}],"curies":[{"name":"wp","href":"https:\/\/api.w.org\/{rel}","templated":true}]}}