{"id":31475,"date":"2024-09-20T09:28:17","date_gmt":"2024-09-20T13:28:17","guid":{"rendered":"https:\/\/www.rsa.com\/?page_id=31475"},"modified":"2025-10-15T21:04:43","modified_gmt":"2025-10-16T01:04:43","slug":"identity-day-2024","status":"publish","type":"page","link":"https:\/\/www.rsa.com\/pt_br\/identity-day-2024\/","title":{"rendered":"Dia da Identidade 2024"},"content":{"rendered":"","protected":false},"excerpt":{"rendered":"","protected":false},"author":6,"featured_media":0,"parent":0,"menu_order":0,"comment_status":"closed","ping_status":"closed","template":"template-ungated-page.blade.php","meta":{"_acf_changed":false,"_searchwp_excluded":"","inline_featured_image":false,"footnotes":""},"class_list":["post-31475","page","type-page","status-publish","hentry"],"acf":[],"yoast_head":"<!-- This site is optimized with the Yoast SEO plugin v27.3 - https:\/\/yoast.com\/product\/yoast-seo-wordpress\/ -->\n<title>Identity Day 2024 - RSA<\/title>\n<meta name=\"description\" content=\"Thanks for joining RSA at Identity Day 2024 in Stockholm! See the resources we shared or contact us to keep the conversation going.\" \/>\n<meta name=\"robots\" content=\"index, follow, max-snippet:-1, max-image-preview:large, max-video-preview:-1\" \/>\n<link rel=\"canonical\" href=\"https:\/\/www.rsa.com\/pt_br\/identity-day-2024\/\" \/>\n<meta property=\"og:locale\" content=\"pt_BR\" \/>\n<meta property=\"og:type\" content=\"article\" \/>\n<meta property=\"og:title\" content=\"IDM Europe 2024\" \/>\n<meta property=\"og:description\" content=\"Thanks for joining RSA at IDM Europe 2024 in Utrecht! See the resources we shared or contact us to keep the conversation going.\" \/>\n<meta property=\"og:url\" content=\"https:\/\/www.rsa.com\/pt_br\/identity-day-2024\/\" \/>\n<meta property=\"og:site_name\" content=\"RSA\" \/>\n<meta property=\"article:modified_time\" content=\"2025-10-16T01:04:43+00:00\" \/>\n<meta property=\"og:image\" content=\"https:\/\/www.rsa.com\/wp-content\/uploads\/rsa-og-image.webp\" \/>\n\t<meta property=\"og:image:width\" content=\"1200\" \/>\n\t<meta property=\"og:image:height\" content=\"630\" \/>\n\t<meta property=\"og:image:type\" content=\"image\/webp\" \/>\n<meta name=\"twitter:card\" content=\"summary_large_image\" \/>\n<meta name=\"twitter:title\" content=\"IDM Europe 2024\" \/>\n<meta name=\"twitter:description\" content=\"Thanks for joining RSA at IDM Europe 2024 in Utrecht! See the resources we shared or contact us to keep the conversation going.\" \/>\n<script type=\"application\/ld+json\" class=\"yoast-schema-graph\">{\"@context\":\"https:\\\/\\\/schema.org\",\"@graph\":[{\"@type\":\"WebPage\",\"@id\":\"https:\\\/\\\/www.rsa.com\\\/id\\\/identity-day-2024\\\/\",\"url\":\"https:\\\/\\\/www.rsa.com\\\/id\\\/identity-day-2024\\\/\",\"name\":\"Identity Day 2024 - RSA\",\"isPartOf\":{\"@id\":\"https:\\\/\\\/www.rsa.com\\\/#website\"},\"datePublished\":\"2024-09-20T13:28:17+00:00\",\"dateModified\":\"2025-10-16T01:04:43+00:00\",\"description\":\"Thanks for joining RSA at Identity Day 2024 in Stockholm! See the resources we shared or contact us to keep the conversation going.\",\"breadcrumb\":{\"@id\":\"https:\\\/\\\/www.rsa.com\\\/id\\\/identity-day-2024\\\/#breadcrumb\"},\"inLanguage\":\"pt-BR\",\"potentialAction\":[{\"@type\":\"ReadAction\",\"target\":[\"https:\\\/\\\/www.rsa.com\\\/id\\\/identity-day-2024\\\/\"]}]},{\"@type\":\"BreadcrumbList\",\"@id\":\"https:\\\/\\\/www.rsa.com\\\/id\\\/identity-day-2024\\\/#breadcrumb\",\"itemListElement\":[{\"@type\":\"ListItem\",\"position\":1,\"name\":\"Home\",\"item\":\"https:\\\/\\\/www.rsa.com\\\/\"},{\"@type\":\"ListItem\",\"position\":2,\"name\":\"Identity Day 2024\"}]},{\"@type\":\"WebSite\",\"@id\":\"https:\\\/\\\/www.rsa.com\\\/#website\",\"url\":\"https:\\\/\\\/www.rsa.com\\\/\",\"name\":\"RSA\",\"description\":\"Cybersecurity and Digital Risk Management Solutions\",\"publisher\":{\"@id\":\"https:\\\/\\\/www.rsa.com\\\/#organization\"},\"potentialAction\":[{\"@type\":\"SearchAction\",\"target\":{\"@type\":\"EntryPoint\",\"urlTemplate\":\"https:\\\/\\\/www.rsa.com\\\/?s={search_term_string}\"},\"query-input\":{\"@type\":\"PropertyValueSpecification\",\"valueRequired\":true,\"valueName\":\"search_term_string\"}}],\"inLanguage\":\"pt-BR\"},{\"@type\":\"Organization\",\"@id\":\"https:\\\/\\\/www.rsa.com\\\/#organization\",\"name\":\"RSA\",\"url\":\"https:\\\/\\\/www.rsa.com\\\/\",\"logo\":{\"@type\":\"ImageObject\",\"inLanguage\":\"pt-BR\",\"@id\":\"https:\\\/\\\/www.rsa.com\\\/#\\\/schema\\\/logo\\\/image\\\/\",\"url\":\"https:\\\/\\\/www.rsa.com\\\/wp-content\\\/uploads\\\/rsa.png\",\"contentUrl\":\"https:\\\/\\\/www.rsa.com\\\/wp-content\\\/uploads\\\/rsa.png\",\"width\":2880,\"height\":1020,\"caption\":\"RSA\"},\"image\":{\"@id\":\"https:\\\/\\\/www.rsa.com\\\/#\\\/schema\\\/logo\\\/image\\\/\"}}]}<\/script>\n<!-- \/ Yoast SEO plugin. -->","yoast_head_json":{"title":"Dia da Identidade 2024 - RSA","description":"Obrigado por participar da RSA no Identity Day 2024 em Estocolmo! Veja os recursos que compartilhamos ou entre em contato conosco para manter a conversa em andamento.","robots":{"index":"index","follow":"follow","max-snippet":"max-snippet:-1","max-image-preview":"max-image-preview:large","max-video-preview":"max-video-preview:-1"},"canonical":"https:\/\/www.rsa.com\/pt_br\/identity-day-2024\/","og_locale":"pt_BR","og_type":"article","og_title":"IDM Europe 2024","og_description":"Thanks for joining RSA at IDM Europe 2024 in Utrecht! See the resources we shared or contact us to keep the conversation going.","og_url":"https:\/\/www.rsa.com\/pt_br\/identity-day-2024\/","og_site_name":"RSA","article_modified_time":"2025-10-16T01:04:43+00:00","og_image":[{"width":1200,"height":630,"url":"https:\/\/www.rsa.com\/wp-content\/uploads\/rsa-og-image.webp","type":"image\/webp"}],"twitter_card":"summary_large_image","twitter_title":"IDM Europe 2024","twitter_description":"Thanks for joining RSA at IDM Europe 2024 in Utrecht! See the resources we shared or contact us to keep the conversation going.","schema":{"@context":"https:\/\/schema.org","@graph":[{"@type":"WebPage","@id":"https:\/\/www.rsa.com\/id\/identity-day-2024\/","url":"https:\/\/www.rsa.com\/id\/identity-day-2024\/","name":"Dia da Identidade 2024 - RSA","isPartOf":{"@id":"https:\/\/www.rsa.com\/#website"},"datePublished":"2024-09-20T13:28:17+00:00","dateModified":"2025-10-16T01:04:43+00:00","description":"Obrigado por participar da RSA no Identity Day 2024 em Estocolmo! Veja os recursos que compartilhamos ou entre em contato conosco para manter a conversa em andamento.","breadcrumb":{"@id":"https:\/\/www.rsa.com\/id\/identity-day-2024\/#breadcrumb"},"inLanguage":"pt-BR","potentialAction":[{"@type":"ReadAction","target":["https:\/\/www.rsa.com\/id\/identity-day-2024\/"]}]},{"@type":"BreadcrumbList","@id":"https:\/\/www.rsa.com\/id\/identity-day-2024\/#breadcrumb","itemListElement":[{"@type":"ListItem","position":1,"name":"Home","item":"https:\/\/www.rsa.com\/"},{"@type":"ListItem","position":2,"name":"Identity Day 2024"}]},{"@type":"WebSite","@id":"https:\/\/www.rsa.com\/#website","url":"https:\/\/www.rsa.com\/","name":"RSA","description":"Solu\u00e7\u00f5es de seguran\u00e7a cibern\u00e9tica e gerenciamento de riscos digitais","publisher":{"@id":"https:\/\/www.rsa.com\/#organization"},"potentialAction":[{"@type":"SearchAction","target":{"@type":"EntryPoint","urlTemplate":"https:\/\/www.rsa.com\/?s={search_term_string}"},"query-input":{"@type":"PropertyValueSpecification","valueRequired":true,"valueName":"search_term_string"}}],"inLanguage":"pt-BR"},{"@type":"Organization","@id":"https:\/\/www.rsa.com\/#organization","name":"RSA","url":"https:\/\/www.rsa.com\/","logo":{"@type":"ImageObject","inLanguage":"pt-BR","@id":"https:\/\/www.rsa.com\/#\/schema\/logo\/image\/","url":"https:\/\/www.rsa.com\/wp-content\/uploads\/rsa.png","contentUrl":"https:\/\/www.rsa.com\/wp-content\/uploads\/rsa.png","width":2880,"height":1020,"caption":"RSA"},"image":{"@id":"https:\/\/www.rsa.com\/#\/schema\/logo\/image\/"}}]}},"_links":{"self":[{"href":"https:\/\/www.rsa.com\/pt_br\/wp-json\/wp\/v2\/pages\/31475","targetHints":{"allow":["GET"]}}],"collection":[{"href":"https:\/\/www.rsa.com\/pt_br\/wp-json\/wp\/v2\/pages"}],"about":[{"href":"https:\/\/www.rsa.com\/pt_br\/wp-json\/wp\/v2\/types\/page"}],"author":[{"embeddable":true,"href":"https:\/\/www.rsa.com\/pt_br\/wp-json\/wp\/v2\/users\/6"}],"replies":[{"embeddable":true,"href":"https:\/\/www.rsa.com\/pt_br\/wp-json\/wp\/v2\/comments?post=31475"}],"version-history":[{"count":4,"href":"https:\/\/www.rsa.com\/pt_br\/wp-json\/wp\/v2\/pages\/31475\/revisions"}],"predecessor-version":[{"id":35443,"href":"https:\/\/www.rsa.com\/pt_br\/wp-json\/wp\/v2\/pages\/31475\/revisions\/35443"}],"wp:attachment":[{"href":"https:\/\/www.rsa.com\/pt_br\/wp-json\/wp\/v2\/media?parent=31475"}],"curies":[{"name":"wp","href":"https:\/\/api.w.org\/{rel}","templated":true}]}}