{"id":31243,"date":"2024-08-23T15:43:01","date_gmt":"2024-08-23T19:43:01","guid":{"rendered":"https:\/\/www.rsa.com\/?page_id=31243"},"modified":"2025-10-15T21:04:13","modified_gmt":"2025-10-16T01:04:13","slug":"financial-services","status":"publish","type":"page","link":"https:\/\/www.rsa.com\/pt_br\/financial-services\/","title":{"rendered":"Servi\u00e7os financeiros e RSA"},"content":{"rendered":"","protected":false},"excerpt":{"rendered":"","protected":false},"author":6,"featured_media":0,"parent":0,"menu_order":0,"comment_status":"closed","ping_status":"closed","template":"template-ungated-page.blade.php","meta":{"_acf_changed":false,"_searchwp_excluded":"","inline_featured_image":false,"footnotes":""},"class_list":["post-31243","page","type-page","status-publish","hentry"],"acf":[],"yoast_head":"<!-- This site is optimized with the Yoast SEO plugin v27.3 - https:\/\/yoast.com\/product\/yoast-seo-wordpress\/ -->\n<title>Financial Services and RSA - RSA<\/title>\n<meta name=\"description\" content=\"Learn why 70% of Fortune 100 financial services organizations rely on RSA for security-first IAM and IGA solutions.\" \/>\n<meta name=\"robots\" content=\"noindex, follow\" \/>\n<meta property=\"og:locale\" content=\"pt_BR\" \/>\n<meta property=\"og:type\" content=\"article\" \/>\n<meta property=\"og:title\" content=\"Financial Services and RSA\" \/>\n<meta property=\"og:description\" content=\"Learn why 70% of Fortune 100 financial services organizations rely on RSA for security-first IAM and IGA solutions.\" \/>\n<meta property=\"og:url\" content=\"https:\/\/www.rsa.com\/pt_br\/financial-services\/\" \/>\n<meta property=\"og:site_name\" content=\"RSA\" \/>\n<meta property=\"article:modified_time\" content=\"2025-10-16T01:04:13+00:00\" \/>\n<meta property=\"og:image\" content=\"https:\/\/www.rsa.com\/wp-content\/uploads\/rsa-og.webp\" \/>\n\t<meta property=\"og:image:width\" content=\"1200\" \/>\n\t<meta property=\"og:image:height\" content=\"630\" \/>\n\t<meta property=\"og:image:type\" content=\"image\/webp\" \/>\n<meta name=\"twitter:card\" content=\"summary_large_image\" \/>\n<meta name=\"twitter:title\" content=\"Financial Services and RSA\" \/>\n<meta name=\"twitter:description\" content=\"Learn why 70% of Fortune 100 financial services organizations rely on RSA for security-first IAM and IGA solutions.\" \/>\n<script type=\"application\/ld+json\" class=\"yoast-schema-graph\">{\"@context\":\"https:\\\/\\\/schema.org\",\"@graph\":[{\"@type\":\"WebPage\",\"@id\":\"https:\\\/\\\/www.rsa.com\\\/financial-services\\\/\",\"url\":\"https:\\\/\\\/www.rsa.com\\\/financial-services\\\/\",\"name\":\"Financial Services and RSA - RSA\",\"isPartOf\":{\"@id\":\"https:\\\/\\\/www.rsa.com\\\/#website\"},\"datePublished\":\"2024-08-23T19:43:01+00:00\",\"dateModified\":\"2025-10-16T01:04:13+00:00\",\"description\":\"Learn why 70% of Fortune 100 financial services organizations rely on RSA for security-first IAM and IGA solutions.\",\"breadcrumb\":{\"@id\":\"https:\\\/\\\/www.rsa.com\\\/financial-services\\\/#breadcrumb\"},\"inLanguage\":\"pt-BR\",\"potentialAction\":[{\"@type\":\"ReadAction\",\"target\":[\"https:\\\/\\\/www.rsa.com\\\/financial-services\\\/\"]}]},{\"@type\":\"BreadcrumbList\",\"@id\":\"https:\\\/\\\/www.rsa.com\\\/financial-services\\\/#breadcrumb\",\"itemListElement\":[{\"@type\":\"ListItem\",\"position\":1,\"name\":\"Home\",\"item\":\"https:\\\/\\\/www.rsa.com\\\/\"},{\"@type\":\"ListItem\",\"position\":2,\"name\":\"Financial Services and RSA\"}]},{\"@type\":\"WebSite\",\"@id\":\"https:\\\/\\\/www.rsa.com\\\/#website\",\"url\":\"https:\\\/\\\/www.rsa.com\\\/\",\"name\":\"RSA\",\"description\":\"Cybersecurity and Digital Risk Management Solutions\",\"publisher\":{\"@id\":\"https:\\\/\\\/www.rsa.com\\\/#organization\"},\"potentialAction\":[{\"@type\":\"SearchAction\",\"target\":{\"@type\":\"EntryPoint\",\"urlTemplate\":\"https:\\\/\\\/www.rsa.com\\\/?s={search_term_string}\"},\"query-input\":{\"@type\":\"PropertyValueSpecification\",\"valueRequired\":true,\"valueName\":\"search_term_string\"}}],\"inLanguage\":\"pt-BR\"},{\"@type\":\"Organization\",\"@id\":\"https:\\\/\\\/www.rsa.com\\\/#organization\",\"name\":\"RSA\",\"url\":\"https:\\\/\\\/www.rsa.com\\\/\",\"logo\":{\"@type\":\"ImageObject\",\"inLanguage\":\"pt-BR\",\"@id\":\"https:\\\/\\\/www.rsa.com\\\/#\\\/schema\\\/logo\\\/image\\\/\",\"url\":\"https:\\\/\\\/www.rsa.com\\\/wp-content\\\/uploads\\\/rsa.png\",\"contentUrl\":\"https:\\\/\\\/www.rsa.com\\\/wp-content\\\/uploads\\\/rsa.png\",\"width\":2880,\"height\":1020,\"caption\":\"RSA\"},\"image\":{\"@id\":\"https:\\\/\\\/www.rsa.com\\\/#\\\/schema\\\/logo\\\/image\\\/\"}}]}<\/script>\n<!-- \/ Yoast SEO plugin. -->","yoast_head_json":{"title":"Servi\u00e7os financeiros e RSA - RSA","description":"Saiba por que 70% das organiza\u00e7\u00f5es de servi\u00e7os financeiros da Fortune 100 confiam na RSA para solu\u00e7\u00f5es de IAM e IGA que priorizam a seguran\u00e7a.","robots":{"index":"noindex","follow":"follow"},"og_locale":"pt_BR","og_type":"article","og_title":"Financial Services and RSA","og_description":"Learn why 70% of Fortune 100 financial services organizations rely on RSA for security-first IAM and IGA solutions.","og_url":"https:\/\/www.rsa.com\/pt_br\/financial-services\/","og_site_name":"RSA","article_modified_time":"2025-10-16T01:04:13+00:00","og_image":[{"width":1200,"height":630,"url":"https:\/\/www.rsa.com\/wp-content\/uploads\/rsa-og.webp","type":"image\/webp"}],"twitter_card":"summary_large_image","twitter_title":"Financial Services and RSA","twitter_description":"Learn why 70% of Fortune 100 financial services organizations rely on RSA for security-first IAM and IGA solutions.","schema":{"@context":"https:\/\/schema.org","@graph":[{"@type":"WebPage","@id":"https:\/\/www.rsa.com\/financial-services\/","url":"https:\/\/www.rsa.com\/financial-services\/","name":"Servi\u00e7os financeiros e RSA - RSA","isPartOf":{"@id":"https:\/\/www.rsa.com\/#website"},"datePublished":"2024-08-23T19:43:01+00:00","dateModified":"2025-10-16T01:04:13+00:00","description":"Saiba por que 70% das organiza\u00e7\u00f5es de servi\u00e7os financeiros da Fortune 100 confiam na RSA para solu\u00e7\u00f5es de IAM e IGA que priorizam a seguran\u00e7a.","breadcrumb":{"@id":"https:\/\/www.rsa.com\/financial-services\/#breadcrumb"},"inLanguage":"pt-BR","potentialAction":[{"@type":"ReadAction","target":["https:\/\/www.rsa.com\/financial-services\/"]}]},{"@type":"BreadcrumbList","@id":"https:\/\/www.rsa.com\/financial-services\/#breadcrumb","itemListElement":[{"@type":"ListItem","position":1,"name":"Home","item":"https:\/\/www.rsa.com\/"},{"@type":"ListItem","position":2,"name":"Financial Services and RSA"}]},{"@type":"WebSite","@id":"https:\/\/www.rsa.com\/#website","url":"https:\/\/www.rsa.com\/","name":"RSA","description":"Solu\u00e7\u00f5es de seguran\u00e7a cibern\u00e9tica e gerenciamento de riscos digitais","publisher":{"@id":"https:\/\/www.rsa.com\/#organization"},"potentialAction":[{"@type":"SearchAction","target":{"@type":"EntryPoint","urlTemplate":"https:\/\/www.rsa.com\/?s={search_term_string}"},"query-input":{"@type":"PropertyValueSpecification","valueRequired":true,"valueName":"search_term_string"}}],"inLanguage":"pt-BR"},{"@type":"Organization","@id":"https:\/\/www.rsa.com\/#organization","name":"RSA","url":"https:\/\/www.rsa.com\/","logo":{"@type":"ImageObject","inLanguage":"pt-BR","@id":"https:\/\/www.rsa.com\/#\/schema\/logo\/image\/","url":"https:\/\/www.rsa.com\/wp-content\/uploads\/rsa.png","contentUrl":"https:\/\/www.rsa.com\/wp-content\/uploads\/rsa.png","width":2880,"height":1020,"caption":"RSA"},"image":{"@id":"https:\/\/www.rsa.com\/#\/schema\/logo\/image\/"}}]}},"_links":{"self":[{"href":"https:\/\/www.rsa.com\/pt_br\/wp-json\/wp\/v2\/pages\/31243","targetHints":{"allow":["GET"]}}],"collection":[{"href":"https:\/\/www.rsa.com\/pt_br\/wp-json\/wp\/v2\/pages"}],"about":[{"href":"https:\/\/www.rsa.com\/pt_br\/wp-json\/wp\/v2\/types\/page"}],"author":[{"embeddable":true,"href":"https:\/\/www.rsa.com\/pt_br\/wp-json\/wp\/v2\/users\/6"}],"replies":[{"embeddable":true,"href":"https:\/\/www.rsa.com\/pt_br\/wp-json\/wp\/v2\/comments?post=31243"}],"version-history":[{"count":35,"href":"https:\/\/www.rsa.com\/pt_br\/wp-json\/wp\/v2\/pages\/31243\/revisions"}],"predecessor-version":[{"id":35442,"href":"https:\/\/www.rsa.com\/pt_br\/wp-json\/wp\/v2\/pages\/31243\/revisions\/35442"}],"wp:attachment":[{"href":"https:\/\/www.rsa.com\/pt_br\/wp-json\/wp\/v2\/media?parent=31243"}],"curies":[{"name":"wp","href":"https:\/\/api.w.org\/{rel}","templated":true}]}}