{"id":25199,"date":"2023-06-09T14:24:26","date_gmt":"2023-06-09T18:24:26","guid":{"rendered":"https:\/\/www.rsa.com\/?page_id=25199"},"modified":"2025-05-06T10:59:02","modified_gmt":"2025-05-06T14:59:02","slug":"esg","status":"publish","type":"page","link":"https:\/\/www.rsa.com\/pt_br\/esg\/","title":{"rendered":"ESG"},"content":{"rendered":"<p>A RSA vem protegendo as organiza\u00e7\u00f5es mais seguras do mundo h\u00e1 d\u00e9cadas. Isso n\u00e3o \u00e9 por acaso: nossas pol\u00edticas ambientais, sociais e de governan\u00e7a (ESG) orientam nosso trabalho e ajudam a refor\u00e7ar nossa posi\u00e7\u00e3o como uma organiza\u00e7\u00e3o pr\u00f3spera, confi\u00e1vel e sustent\u00e1vel. <\/p>\n<p>A RSA \u00e9 uma empresa comprometida com a comunidade. Priorizamos o uso racional dos recursos naturais em toda a nossa cadeia produtiva e a equidade e inclus\u00e3o social nas rela\u00e7\u00f5es corporativas. <\/p>\n<p>Os objetivos para esses comportamentos s\u00e3o pr\u00e1ticos: uma excelente reputa\u00e7\u00e3o de cidadania corporativa possibilita neg\u00f3cios bem-sucedidos a longo prazo e ajuda a construir empresas l\u00edderes de mercado como a RSA. Combinando nosso verdadeiro interesse em quest\u00f5es ambientais e desenvolvimento social com solu\u00e7\u00f5es e inova\u00e7\u00f5es de qualidade, a RSA defende os interesses de nossas partes interessadas, obtendo seu apoio e comprometimento.<\/p>\n<p>A RSA mant\u00e9m as seguintes iniciativas de ESG:<\/p>\n<ul>\n<li>As opera\u00e7\u00f5es da RSA obedecem \u00e0s leis e aos regulamentos dos pa\u00edses onde opera.<\/li>\n<li>A pol\u00edtica de responsabilidade total da RSA \u00e9 certificada por um \u00f3rg\u00e3o externo, que abrange as rela\u00e7\u00f5es da empresa com seus diversos tipos de p\u00fablico, incluindo a sociedade e o governo.<\/li>\n<li>Os processos da cadeia de produ\u00e7\u00e3o da RSA consideram o uso racional dos recursos naturais, desde a aquisi\u00e7\u00e3o de mat\u00e9ria-prima, o uso de materiais n\u00e3o venenosos e n\u00e3o poluentes, at\u00e9 o gerenciamento adequado de res\u00edduos.<\/li>\n<li>Para melhorar continuamente seus processos e instala\u00e7\u00f5es, a RSA monitora os principais \u00edndices de consumo em suas f\u00e1bricas, acompanhando sua evolu\u00e7\u00e3o, identificando oportunidades de melhoria e desenvolvendo planos de a\u00e7\u00e3o em rela\u00e7\u00e3o a aspectos ambientais relevantes.<\/li>\n<\/ul>\n<div class=\"row justify-content-center mt-4 mt-lg-5\">\n<div class=\"col-12 col-lg-10\">\n<div class=\"px-3 py-4 p-sm-4 p-lg-5 blue-box-background text-center item-content\" style=\"border-radius: 24px\">\n<h2 class=\"h2-r large mt-0 mb-3 mb-lg-4 text-color-white item-title\">Relat\u00f3rio RSA ESG 2025<\/h2>\n<div class=\"wysiwyg-editor mb-3 mb-lg-4 text-color-white item-text\">\n<p>Fa\u00e7a o download do Relat\u00f3rio ESG da RSA para saber mais sobre as pol\u00edticas ambientais, sociais e de governan\u00e7a que orientam nosso trabalho.<\/p>\n<\/p><\/div>\n<p>      <a href=\"\/pt_br\/resources\/reports\/rsa-esg-report-2025\/\" class=\"btn btn-white-hover-hollow-border-white\">Fa\u00e7a o download do relat\u00f3rio<\/a>\n    <\/div>\n<\/p><\/div>\n<\/div>\n<h4>Pilares ESG da RSA<\/h4>\n<p>A RSA protege as organiza\u00e7\u00f5es mais seguras do mundo. Esse trabalho \u00e9 importante - mas t\u00e3o importante quanto o que fazemos \u00e9 como operamos. Os seguintes pilares ESG orientam o trabalho global dos funcion\u00e1rios da RSA: <\/p>\n<h5>Clima e energia &lt;\/h5Transpar\u00eancia e \u00e9tica<\/h5>\n<p>Nossos clientes confiam na RSA para proteger seus neg\u00f3cios. Valorizamos essa confian\u00e7a mais do que qualquer solu\u00e7\u00e3o ou inova\u00e7\u00e3o, e operamos de forma transparente e \u00e9tica para manter nossa reputa\u00e7\u00e3o. <\/p>\n<h5>Resili\u00eancia <\/h5>\n<p>A RSA est\u00e1 operando h\u00e1 d\u00e9cadas. Entendemos o valor da resili\u00eancia, nos adaptamos a novos desafios e ajudamos nossos clientes a evoluir.  <\/p>\n<h5>Seguran\u00e7a e qualidade dos dados<\/h5>\n<p>A RSA tem o compromisso de proteger a privacidade, a seguran\u00e7a e a qualidade de todos os dados que coleta. <\/p>\n<h5>As pessoas em primeiro lugar <\/h5>\n<p>A RSA se esfor\u00e7a para contratar, reter e desenvolver os melhores talentos para impulsionar nossos neg\u00f3cios globais. Respeitamos nossos funcion\u00e1rios, parceiros, fornecedores e partes interessadas pelo que fazem e por quem s\u00e3o.<\/p>\n<h5>Inova\u00e7\u00e3o<\/h5>\n<p>Os agentes de amea\u00e7as est\u00e3o sempre buscando uma vantagem. \u00c9 por isso que a RSA desenvolve novas tecnologias, servi\u00e7os e solu\u00e7\u00f5es que as organiza\u00e7\u00f5es precisam para se defender contra as amea\u00e7as \u00e0 seguran\u00e7a cibern\u00e9tica.<\/p>\n<p>&nbsp;<br \/>\nSaiba mais sobre a sustentabilidade da RSA <a href=\"\/pt_br\/sustainability-net-zero-emissions\/\">Obtenha os detalhes<\/a><br \/>\n&nbsp;<\/p>\n<p><a href=\"\/pt_br\/contact\/\" class=\"btn btn-brand-hover-hollow-with-border\">Fale Conosco<\/a><\/p>","protected":false},"excerpt":{"rendered":"<p>A RSA vem protegendo as organiza\u00e7\u00f5es mais seguras do mundo h\u00e1 d\u00e9cadas. Isso n\u00e3o \u00e9 por acaso: nossas pol\u00edticas ambientais, sociais e de governan\u00e7a (ESG) orientam nosso trabalho e ajudam a refor\u00e7ar nossa posi\u00e7\u00e3o como uma organiza\u00e7\u00e3o pr\u00f3spera, confi\u00e1vel e sustent\u00e1vel. A RSA \u00e9 uma empresa comprometida com a comunidade. Priorizamos o uso racional dos recursos naturais em nossas ... <a href=\"https:\/\/www.rsa.com\/pt_br\/esg\/\">Continua\u00e7\u00e3o<\/a><\/p>","protected":false},"author":2,"featured_media":0,"parent":0,"menu_order":0,"comment_status":"closed","ping_status":"closed","template":"template-policy.blade.php","meta":{"_acf_changed":false,"_searchwp_excluded":"","inline_featured_image":false,"footnotes":""},"class_list":["post-25199","page","type-page","status-publish","hentry"],"acf":[],"yoast_head":"<!-- This site is optimized with the Yoast SEO plugin v27.3 - https:\/\/yoast.com\/product\/yoast-seo-wordpress\/ -->\n<title>ESG - RSA<\/title>\n<meta name=\"description\" content=\"RSA is a company committed to the community. Read about RSA&#039;s Environmental, Social, and Governance Policies and initiatives here.\" \/>\n<meta name=\"robots\" content=\"index, follow, max-snippet:-1, max-image-preview:large, max-video-preview:-1\" \/>\n<link rel=\"canonical\" href=\"https:\/\/www.rsa.com\/pt_br\/esg\/\" \/>\n<meta property=\"og:locale\" content=\"pt_BR\" \/>\n<meta property=\"og:type\" content=\"article\" \/>\n<meta property=\"og:title\" content=\"ESG - RSA\" \/>\n<meta property=\"og:description\" content=\"RSA is a company committed to the community. Read about RSA&#039;s Environmental, Social, and Governance Policies and initiatives here.\" \/>\n<meta property=\"og:url\" content=\"https:\/\/www.rsa.com\/pt_br\/esg\/\" \/>\n<meta property=\"og:site_name\" content=\"RSA\" \/>\n<meta property=\"article:modified_time\" content=\"2025-05-06T14:59:02+00:00\" \/>\n<meta property=\"og:image\" content=\"https:\/\/www.rsa.com\/wp-content\/uploads\/rsa-og-image.webp\" \/>\n\t<meta property=\"og:image:width\" content=\"1200\" \/>\n\t<meta property=\"og:image:height\" content=\"630\" \/>\n\t<meta property=\"og:image:type\" content=\"image\/webp\" \/>\n<meta name=\"twitter:card\" content=\"summary_large_image\" \/>\n<script type=\"application\/ld+json\" class=\"yoast-schema-graph\">{\"@context\":\"https:\\\/\\\/schema.org\",\"@graph\":[{\"@type\":\"WebPage\",\"@id\":\"https:\\\/\\\/www.rsa.com\\\/id\\\/esg\\\/\",\"url\":\"https:\\\/\\\/www.rsa.com\\\/id\\\/esg\\\/\",\"name\":\"ESG - RSA\",\"isPartOf\":{\"@id\":\"https:\\\/\\\/www.rsa.com\\\/#website\"},\"datePublished\":\"2023-06-09T18:24:26+00:00\",\"dateModified\":\"2025-05-06T14:59:02+00:00\",\"description\":\"RSA is a company committed to the community. Read about RSA's Environmental, Social, and Governance Policies and initiatives here.\",\"breadcrumb\":{\"@id\":\"https:\\\/\\\/www.rsa.com\\\/id\\\/esg\\\/#breadcrumb\"},\"inLanguage\":\"pt-BR\",\"potentialAction\":[{\"@type\":\"ReadAction\",\"target\":[\"https:\\\/\\\/www.rsa.com\\\/id\\\/esg\\\/\"]}]},{\"@type\":\"BreadcrumbList\",\"@id\":\"https:\\\/\\\/www.rsa.com\\\/id\\\/esg\\\/#breadcrumb\",\"itemListElement\":[{\"@type\":\"ListItem\",\"position\":1,\"name\":\"Home\",\"item\":\"https:\\\/\\\/www.rsa.com\\\/\"},{\"@type\":\"ListItem\",\"position\":2,\"name\":\"ESG\"}]},{\"@type\":\"WebSite\",\"@id\":\"https:\\\/\\\/www.rsa.com\\\/#website\",\"url\":\"https:\\\/\\\/www.rsa.com\\\/\",\"name\":\"RSA\",\"description\":\"Cybersecurity and Digital Risk Management Solutions\",\"publisher\":{\"@id\":\"https:\\\/\\\/www.rsa.com\\\/#organization\"},\"potentialAction\":[{\"@type\":\"SearchAction\",\"target\":{\"@type\":\"EntryPoint\",\"urlTemplate\":\"https:\\\/\\\/www.rsa.com\\\/?s={search_term_string}\"},\"query-input\":{\"@type\":\"PropertyValueSpecification\",\"valueRequired\":true,\"valueName\":\"search_term_string\"}}],\"inLanguage\":\"pt-BR\"},{\"@type\":\"Organization\",\"@id\":\"https:\\\/\\\/www.rsa.com\\\/#organization\",\"name\":\"RSA\",\"url\":\"https:\\\/\\\/www.rsa.com\\\/\",\"logo\":{\"@type\":\"ImageObject\",\"inLanguage\":\"pt-BR\",\"@id\":\"https:\\\/\\\/www.rsa.com\\\/#\\\/schema\\\/logo\\\/image\\\/\",\"url\":\"https:\\\/\\\/www.rsa.com\\\/wp-content\\\/uploads\\\/rsa.png\",\"contentUrl\":\"https:\\\/\\\/www.rsa.com\\\/wp-content\\\/uploads\\\/rsa.png\",\"width\":2880,\"height\":1020,\"caption\":\"RSA\"},\"image\":{\"@id\":\"https:\\\/\\\/www.rsa.com\\\/#\\\/schema\\\/logo\\\/image\\\/\"}}]}<\/script>\n<!-- \/ Yoast SEO plugin. -->","yoast_head_json":{"title":"ESG - RSA","description":"A RSA \u00e9 uma empresa comprometida com a comunidade. Leia sobre as pol\u00edticas e iniciativas ambientais, sociais e de governan\u00e7a da RSA aqui.","robots":{"index":"index","follow":"follow","max-snippet":"max-snippet:-1","max-image-preview":"max-image-preview:large","max-video-preview":"max-video-preview:-1"},"canonical":"https:\/\/www.rsa.com\/pt_br\/esg\/","og_locale":"pt_BR","og_type":"article","og_title":"ESG - RSA","og_description":"RSA is a company committed to the community. Read about RSA's Environmental, Social, and Governance Policies and initiatives here.","og_url":"https:\/\/www.rsa.com\/pt_br\/esg\/","og_site_name":"RSA","article_modified_time":"2025-05-06T14:59:02+00:00","og_image":[{"width":1200,"height":630,"url":"https:\/\/www.rsa.com\/wp-content\/uploads\/rsa-og-image.webp","type":"image\/webp"}],"twitter_card":"summary_large_image","schema":{"@context":"https:\/\/schema.org","@graph":[{"@type":"WebPage","@id":"https:\/\/www.rsa.com\/id\/esg\/","url":"https:\/\/www.rsa.com\/id\/esg\/","name":"ESG - RSA","isPartOf":{"@id":"https:\/\/www.rsa.com\/#website"},"datePublished":"2023-06-09T18:24:26+00:00","dateModified":"2025-05-06T14:59:02+00:00","description":"A RSA \u00e9 uma empresa comprometida com a comunidade. Leia sobre as pol\u00edticas e iniciativas ambientais, sociais e de governan\u00e7a da RSA aqui.","breadcrumb":{"@id":"https:\/\/www.rsa.com\/id\/esg\/#breadcrumb"},"inLanguage":"pt-BR","potentialAction":[{"@type":"ReadAction","target":["https:\/\/www.rsa.com\/id\/esg\/"]}]},{"@type":"BreadcrumbList","@id":"https:\/\/www.rsa.com\/id\/esg\/#breadcrumb","itemListElement":[{"@type":"ListItem","position":1,"name":"Home","item":"https:\/\/www.rsa.com\/"},{"@type":"ListItem","position":2,"name":"ESG"}]},{"@type":"WebSite","@id":"https:\/\/www.rsa.com\/#website","url":"https:\/\/www.rsa.com\/","name":"RSA","description":"Solu\u00e7\u00f5es de seguran\u00e7a cibern\u00e9tica e gerenciamento de riscos digitais","publisher":{"@id":"https:\/\/www.rsa.com\/#organization"},"potentialAction":[{"@type":"SearchAction","target":{"@type":"EntryPoint","urlTemplate":"https:\/\/www.rsa.com\/?s={search_term_string}"},"query-input":{"@type":"PropertyValueSpecification","valueRequired":true,"valueName":"search_term_string"}}],"inLanguage":"pt-BR"},{"@type":"Organization","@id":"https:\/\/www.rsa.com\/#organization","name":"RSA","url":"https:\/\/www.rsa.com\/","logo":{"@type":"ImageObject","inLanguage":"pt-BR","@id":"https:\/\/www.rsa.com\/#\/schema\/logo\/image\/","url":"https:\/\/www.rsa.com\/wp-content\/uploads\/rsa.png","contentUrl":"https:\/\/www.rsa.com\/wp-content\/uploads\/rsa.png","width":2880,"height":1020,"caption":"RSA"},"image":{"@id":"https:\/\/www.rsa.com\/#\/schema\/logo\/image\/"}}]}},"_links":{"self":[{"href":"https:\/\/www.rsa.com\/pt_br\/wp-json\/wp\/v2\/pages\/25199","targetHints":{"allow":["GET"]}}],"collection":[{"href":"https:\/\/www.rsa.com\/pt_br\/wp-json\/wp\/v2\/pages"}],"about":[{"href":"https:\/\/www.rsa.com\/pt_br\/wp-json\/wp\/v2\/types\/page"}],"author":[{"embeddable":true,"href":"https:\/\/www.rsa.com\/pt_br\/wp-json\/wp\/v2\/users\/2"}],"replies":[{"embeddable":true,"href":"https:\/\/www.rsa.com\/pt_br\/wp-json\/wp\/v2\/comments?post=25199"}],"version-history":[{"count":7,"href":"https:\/\/www.rsa.com\/pt_br\/wp-json\/wp\/v2\/pages\/25199\/revisions"}],"predecessor-version":[{"id":33654,"href":"https:\/\/www.rsa.com\/pt_br\/wp-json\/wp\/v2\/pages\/25199\/revisions\/33654"}],"wp:attachment":[{"href":"https:\/\/www.rsa.com\/pt_br\/wp-json\/wp\/v2\/media?parent=25199"}],"curies":[{"name":"wp","href":"https:\/\/api.w.org\/{rel}","templated":true}]}}