{"id":17960,"date":"2022-11-01T16:02:27","date_gmt":"2022-11-01T20:02:27","guid":{"rendered":"https:\/\/www.rsa.com\/?page_id=17960"},"modified":"2026-03-24T15:55:15","modified_gmt":"2026-03-24T19:55:15","slug":"ds100-security-hardware-authenticator","status":"publish","type":"page","link":"https:\/\/www.rsa.com\/pt_br\/products\/id-plus\/ds100-security-hardware-authenticator\/","title":{"rendered":"Autenticador de hardware de seguran\u00e7a DS100"},"content":{"rendered":"","protected":false},"excerpt":{"rendered":"","protected":false},"author":2,"featured_media":0,"parent":37142,"menu_order":0,"comment_status":"closed","ping_status":"closed","template":"template-product-addon.blade.php","meta":{"_acf_changed":false,"_searchwp_excluded":"","inline_featured_image":false,"footnotes":""},"class_list":["post-17960","page","type-page","status-publish","hentry"],"acf":[],"yoast_head":"<!-- This site is optimized with the Yoast SEO plugin v27.4 - https:\/\/yoast.com\/product\/yoast-seo-wordpress\/ -->\n<title>DS100 Security Hardware Authenticator - RSA<\/title>\n<meta name=\"description\" content=\"Learn about the RSA DS100, the only market&#039;s authenticator capable of working with both FIDO and OTP and a vital asset in going passwordless.\" \/>\n<meta name=\"robots\" content=\"noindex, follow\" \/>\n<meta property=\"og:locale\" content=\"pt_BR\" \/>\n<meta property=\"og:type\" content=\"article\" \/>\n<meta property=\"og:title\" content=\"The DS100 Authenticator | RSA\" \/>\n<meta property=\"og:description\" content=\"Learn more about the DS100, the market&#039;s only authenticator capable of working with both FIDO and OTP.\" \/>\n<meta property=\"og:url\" content=\"https:\/\/www.rsa.com\/pt_br\/products\/id-plus\/ds100-security-hardware-authenticator\/\" \/>\n<meta property=\"og:site_name\" content=\"RSA\" \/>\n<meta property=\"article:modified_time\" content=\"2026-03-24T19:55:15+00:00\" \/>\n<meta property=\"og:image\" content=\"https:\/\/www.rsa.com\/wp-content\/uploads\/Ads_DS100-v2-1200\u00d7675.png\" \/>\n\t<meta property=\"og:image:width\" content=\"1200\" \/>\n\t<meta property=\"og:image:height\" content=\"675\" \/>\n\t<meta property=\"og:image:type\" content=\"image\/png\" \/>\n<meta name=\"twitter:card\" content=\"summary_large_image\" \/>\n<meta name=\"twitter:title\" content=\"The DS100 Authenticator | RSA\" \/>\n<meta name=\"twitter:description\" content=\"Learn more about the DS100, the market&#039;s only authenticator capable of working with both FIDO and OTP.\" \/>\n<meta name=\"twitter:image\" content=\"https:\/\/www.rsa.com\/wp-content\/uploads\/Ads_DS100-v2-1200\u00d7675.png\" \/>\n<script type=\"application\/ld+json\" class=\"yoast-schema-graph\">{\"@context\":\"https:\\\/\\\/schema.org\",\"@graph\":[{\"@type\":\"WebPage\",\"@id\":\"https:\\\/\\\/www.rsa.com\\\/products\\\/id-plus\\\/ds100-security-hardware-authenticator\\\/\",\"url\":\"https:\\\/\\\/www.rsa.com\\\/products\\\/id-plus\\\/ds100-security-hardware-authenticator\\\/\",\"name\":\"DS100 Security Hardware Authenticator - RSA\",\"isPartOf\":{\"@id\":\"https:\\\/\\\/www.rsa.com\\\/#website\"},\"datePublished\":\"2022-11-01T20:02:27+00:00\",\"dateModified\":\"2026-03-24T19:55:15+00:00\",\"description\":\"Learn about the RSA DS100, the only market's authenticator capable of working with both FIDO and OTP and a vital asset in going passwordless.\",\"breadcrumb\":{\"@id\":\"https:\\\/\\\/www.rsa.com\\\/products\\\/id-plus\\\/ds100-security-hardware-authenticator\\\/#breadcrumb\"},\"inLanguage\":\"pt-BR\",\"potentialAction\":[{\"@type\":\"ReadAction\",\"target\":[\"https:\\\/\\\/www.rsa.com\\\/products\\\/id-plus\\\/ds100-security-hardware-authenticator\\\/\"]}]},{\"@type\":\"BreadcrumbList\",\"@id\":\"https:\\\/\\\/www.rsa.com\\\/products\\\/id-plus\\\/ds100-security-hardware-authenticator\\\/#breadcrumb\",\"itemListElement\":[{\"@type\":\"ListItem\",\"position\":1,\"name\":\"Home\",\"item\":\"https:\\\/\\\/www.rsa.com\\\/\"},{\"@type\":\"ListItem\",\"position\":2,\"name\":\"Products Overview\",\"item\":\"https:\\\/\\\/www.rsa.com\\\/products\\\/\"},{\"@type\":\"ListItem\",\"position\":3,\"name\":\"ID Plus\",\"item\":\"https:\\\/\\\/www.rsa.com\\\/products\\\/id-plus\\\/\"},{\"@type\":\"ListItem\",\"position\":4,\"name\":\"DS100 Security Hardware Authenticator\"}]},{\"@type\":\"WebSite\",\"@id\":\"https:\\\/\\\/www.rsa.com\\\/#website\",\"url\":\"https:\\\/\\\/www.rsa.com\\\/\",\"name\":\"RSA\",\"description\":\"Cybersecurity and Digital Risk Management Solutions\",\"publisher\":{\"@id\":\"https:\\\/\\\/www.rsa.com\\\/#organization\"},\"potentialAction\":[{\"@type\":\"SearchAction\",\"target\":{\"@type\":\"EntryPoint\",\"urlTemplate\":\"https:\\\/\\\/www.rsa.com\\\/?s={search_term_string}\"},\"query-input\":{\"@type\":\"PropertyValueSpecification\",\"valueRequired\":true,\"valueName\":\"search_term_string\"}}],\"inLanguage\":\"pt-BR\"},{\"@type\":\"Organization\",\"@id\":\"https:\\\/\\\/www.rsa.com\\\/#organization\",\"name\":\"RSA\",\"url\":\"https:\\\/\\\/www.rsa.com\\\/\",\"logo\":{\"@type\":\"ImageObject\",\"inLanguage\":\"pt-BR\",\"@id\":\"https:\\\/\\\/www.rsa.com\\\/#\\\/schema\\\/logo\\\/image\\\/\",\"url\":\"https:\\\/\\\/www.rsa.com\\\/wp-content\\\/uploads\\\/rsa.png\",\"contentUrl\":\"https:\\\/\\\/www.rsa.com\\\/wp-content\\\/uploads\\\/rsa.png\",\"width\":2880,\"height\":1020,\"caption\":\"RSA\"},\"image\":{\"@id\":\"https:\\\/\\\/www.rsa.com\\\/#\\\/schema\\\/logo\\\/image\\\/\"}}]}<\/script>\n<!-- \/ Yoast SEO plugin. -->","yoast_head_json":{"title":"Autenticador de hardware de seguran\u00e7a DS100 - RSA","description":"Saiba mais sobre o RSA DS100, o \u00fanico autenticador do mercado capaz de trabalhar com FIDO e OTP e um recurso essencial para a ado\u00e7\u00e3o de uma solu\u00e7\u00e3o sem senha.","robots":{"index":"noindex","follow":"follow"},"og_locale":"pt_BR","og_type":"article","og_title":"The DS100 Authenticator | RSA","og_description":"Learn more about the DS100, the market's only authenticator capable of working with both FIDO and OTP.","og_url":"https:\/\/www.rsa.com\/pt_br\/products\/id-plus\/ds100-security-hardware-authenticator\/","og_site_name":"RSA","article_modified_time":"2026-03-24T19:55:15+00:00","og_image":[{"width":1200,"height":675,"url":"https:\/\/www.rsa.com\/wp-content\/uploads\/Ads_DS100-v2-1200\u00d7675.png","type":"image\/png"}],"twitter_card":"summary_large_image","twitter_title":"The DS100 Authenticator | RSA","twitter_description":"Learn more about the DS100, the market's only authenticator capable of working with both FIDO and OTP.","twitter_image":"https:\/\/www.rsa.com\/wp-content\/uploads\/Ads_DS100-v2-1200\u00d7675.png","schema":{"@context":"https:\/\/schema.org","@graph":[{"@type":"WebPage","@id":"https:\/\/www.rsa.com\/products\/id-plus\/ds100-security-hardware-authenticator\/","url":"https:\/\/www.rsa.com\/products\/id-plus\/ds100-security-hardware-authenticator\/","name":"Autenticador de hardware de seguran\u00e7a DS100 - RSA","isPartOf":{"@id":"https:\/\/www.rsa.com\/#website"},"datePublished":"2022-11-01T20:02:27+00:00","dateModified":"2026-03-24T19:55:15+00:00","description":"Saiba mais sobre o RSA DS100, o \u00fanico autenticador do mercado capaz de trabalhar com FIDO e OTP e um recurso essencial para a ado\u00e7\u00e3o de uma solu\u00e7\u00e3o sem senha.","breadcrumb":{"@id":"https:\/\/www.rsa.com\/products\/id-plus\/ds100-security-hardware-authenticator\/#breadcrumb"},"inLanguage":"pt-BR","potentialAction":[{"@type":"ReadAction","target":["https:\/\/www.rsa.com\/products\/id-plus\/ds100-security-hardware-authenticator\/"]}]},{"@type":"BreadcrumbList","@id":"https:\/\/www.rsa.com\/products\/id-plus\/ds100-security-hardware-authenticator\/#breadcrumb","itemListElement":[{"@type":"ListItem","position":1,"name":"Home","item":"https:\/\/www.rsa.com\/"},{"@type":"ListItem","position":2,"name":"Products Overview","item":"https:\/\/www.rsa.com\/products\/"},{"@type":"ListItem","position":3,"name":"ID Plus","item":"https:\/\/www.rsa.com\/products\/id-plus\/"},{"@type":"ListItem","position":4,"name":"DS100 Security Hardware Authenticator"}]},{"@type":"WebSite","@id":"https:\/\/www.rsa.com\/#website","url":"https:\/\/www.rsa.com\/","name":"RSA","description":"Solu\u00e7\u00f5es de seguran\u00e7a cibern\u00e9tica e gerenciamento de riscos digitais","publisher":{"@id":"https:\/\/www.rsa.com\/#organization"},"potentialAction":[{"@type":"SearchAction","target":{"@type":"EntryPoint","urlTemplate":"https:\/\/www.rsa.com\/?s={search_term_string}"},"query-input":{"@type":"PropertyValueSpecification","valueRequired":true,"valueName":"search_term_string"}}],"inLanguage":"pt-BR"},{"@type":"Organization","@id":"https:\/\/www.rsa.com\/#organization","name":"RSA","url":"https:\/\/www.rsa.com\/","logo":{"@type":"ImageObject","inLanguage":"pt-BR","@id":"https:\/\/www.rsa.com\/#\/schema\/logo\/image\/","url":"https:\/\/www.rsa.com\/wp-content\/uploads\/rsa.png","contentUrl":"https:\/\/www.rsa.com\/wp-content\/uploads\/rsa.png","width":2880,"height":1020,"caption":"RSA"},"image":{"@id":"https:\/\/www.rsa.com\/#\/schema\/logo\/image\/"}}]}},"_links":{"self":[{"href":"https:\/\/www.rsa.com\/pt_br\/wp-json\/wp\/v2\/pages\/17960","targetHints":{"allow":["GET"]}}],"collection":[{"href":"https:\/\/www.rsa.com\/pt_br\/wp-json\/wp\/v2\/pages"}],"about":[{"href":"https:\/\/www.rsa.com\/pt_br\/wp-json\/wp\/v2\/types\/page"}],"author":[{"embeddable":true,"href":"https:\/\/www.rsa.com\/pt_br\/wp-json\/wp\/v2\/users\/2"}],"replies":[{"embeddable":true,"href":"https:\/\/www.rsa.com\/pt_br\/wp-json\/wp\/v2\/comments?post=17960"}],"version-history":[{"count":21,"href":"https:\/\/www.rsa.com\/pt_br\/wp-json\/wp\/v2\/pages\/17960\/revisions"}],"predecessor-version":[{"id":33933,"href":"https:\/\/www.rsa.com\/pt_br\/wp-json\/wp\/v2\/pages\/17960\/revisions\/33933"}],"up":[{"embeddable":true,"href":"https:\/\/www.rsa.com\/pt_br\/wp-json\/wp\/v2\/pages\/37142"}],"wp:attachment":[{"href":"https:\/\/www.rsa.com\/pt_br\/wp-json\/wp\/v2\/media?parent=17960"}],"curies":[{"name":"wp","href":"https:\/\/api.w.org\/{rel}","templated":true}]}}