{"id":17958,"date":"2022-10-31T14:14:09","date_gmt":"2022-10-31T18:14:09","guid":{"rendered":"https:\/\/www.rsa.com\/?page_id=17958"},"modified":"2026-03-24T15:57:19","modified_gmt":"2026-03-24T19:57:19","slug":"risk-ai","status":"publish","type":"page","link":"https:\/\/www.rsa.com\/pt_br\/products\/id-plus\/risk-ai\/","title":{"rendered":"IA de risco"},"content":{"rendered":"","protected":false},"excerpt":{"rendered":"","protected":false},"author":1,"featured_media":0,"parent":37142,"menu_order":0,"comment_status":"closed","ping_status":"closed","template":"template-solutions-page.blade.php","meta":{"_acf_changed":false,"_searchwp_excluded":"","inline_featured_image":false,"footnotes":""},"class_list":["post-17958","page","type-page","status-publish","hentry"],"acf":[],"yoast_head":"<!-- This site is optimized with the Yoast SEO plugin v27.4 - https:\/\/yoast.com\/product\/yoast-seo-wordpress\/ -->\n<title>Risk AI - RSA<\/title>\n<meta name=\"robots\" content=\"index, follow, max-snippet:-1, max-image-preview:large, max-video-preview:-1\" \/>\n<link rel=\"canonical\" href=\"https:\/\/www.rsa.com\/pt_br\/products\/id-plus\/risk-ai\/\" \/>\n<meta property=\"og:locale\" content=\"pt_BR\" \/>\n<meta property=\"og:type\" content=\"article\" \/>\n<meta property=\"og:title\" content=\"Risk AI - RSA\" \/>\n<meta property=\"og:url\" content=\"https:\/\/www.rsa.com\/pt_br\/products\/id-plus\/risk-ai\/\" \/>\n<meta property=\"og:site_name\" content=\"RSA\" \/>\n<meta property=\"article:modified_time\" content=\"2026-03-24T19:57:19+00:00\" \/>\n<meta property=\"og:image\" content=\"https:\/\/www.rsa.com\/wp-content\/uploads\/RSA-Security-Starts-with-Identity.jpg\" \/>\n\t<meta property=\"og:image:width\" content=\"900\" \/>\n\t<meta property=\"og:image:height\" content=\"473\" \/>\n\t<meta property=\"og:image:type\" content=\"image\/jpeg\" \/>\n<meta name=\"twitter:card\" content=\"summary_large_image\" \/>\n<meta name=\"twitter:image\" content=\"https:\/\/www.rsa.com\/wp-content\/uploads\/RSA-Security-Starts-with-Identity.jpg\" \/>\n<script type=\"application\/ld+json\" class=\"yoast-schema-graph\">{\"@context\":\"https:\\\/\\\/schema.org\",\"@graph\":[{\"@type\":\"WebPage\",\"@id\":\"https:\\\/\\\/www.rsa.com\\\/products\\\/id-plus\\\/risk-ai\\\/\",\"url\":\"https:\\\/\\\/www.rsa.com\\\/products\\\/id-plus\\\/risk-ai\\\/\",\"name\":\"Risk AI - RSA\",\"isPartOf\":{\"@id\":\"https:\\\/\\\/www.rsa.com\\\/#website\"},\"datePublished\":\"2022-10-31T18:14:09+00:00\",\"dateModified\":\"2026-03-24T19:57:19+00:00\",\"breadcrumb\":{\"@id\":\"https:\\\/\\\/www.rsa.com\\\/products\\\/id-plus\\\/risk-ai\\\/#breadcrumb\"},\"inLanguage\":\"pt-BR\",\"potentialAction\":[{\"@type\":\"ReadAction\",\"target\":[\"https:\\\/\\\/www.rsa.com\\\/products\\\/id-plus\\\/risk-ai\\\/\"]}]},{\"@type\":\"BreadcrumbList\",\"@id\":\"https:\\\/\\\/www.rsa.com\\\/products\\\/id-plus\\\/risk-ai\\\/#breadcrumb\",\"itemListElement\":[{\"@type\":\"ListItem\",\"position\":1,\"name\":\"Home\",\"item\":\"https:\\\/\\\/www.rsa.com\\\/\"},{\"@type\":\"ListItem\",\"position\":2,\"name\":\"Products Overview\",\"item\":\"https:\\\/\\\/www.rsa.com\\\/products\\\/\"},{\"@type\":\"ListItem\",\"position\":3,\"name\":\"ID Plus\",\"item\":\"https:\\\/\\\/www.rsa.com\\\/products\\\/id-plus\\\/\"},{\"@type\":\"ListItem\",\"position\":4,\"name\":\"Risk AI\"}]},{\"@type\":\"WebSite\",\"@id\":\"https:\\\/\\\/www.rsa.com\\\/#website\",\"url\":\"https:\\\/\\\/www.rsa.com\\\/\",\"name\":\"RSA\",\"description\":\"Cybersecurity and Digital Risk Management Solutions\",\"publisher\":{\"@id\":\"https:\\\/\\\/www.rsa.com\\\/#organization\"},\"potentialAction\":[{\"@type\":\"SearchAction\",\"target\":{\"@type\":\"EntryPoint\",\"urlTemplate\":\"https:\\\/\\\/www.rsa.com\\\/?s={search_term_string}\"},\"query-input\":{\"@type\":\"PropertyValueSpecification\",\"valueRequired\":true,\"valueName\":\"search_term_string\"}}],\"inLanguage\":\"pt-BR\"},{\"@type\":\"Organization\",\"@id\":\"https:\\\/\\\/www.rsa.com\\\/#organization\",\"name\":\"RSA\",\"url\":\"https:\\\/\\\/www.rsa.com\\\/\",\"logo\":{\"@type\":\"ImageObject\",\"inLanguage\":\"pt-BR\",\"@id\":\"https:\\\/\\\/www.rsa.com\\\/#\\\/schema\\\/logo\\\/image\\\/\",\"url\":\"https:\\\/\\\/www.rsa.com\\\/wp-content\\\/uploads\\\/rsa.png\",\"contentUrl\":\"https:\\\/\\\/www.rsa.com\\\/wp-content\\\/uploads\\\/rsa.png\",\"width\":2880,\"height\":1020,\"caption\":\"RSA\"},\"image\":{\"@id\":\"https:\\\/\\\/www.rsa.com\\\/#\\\/schema\\\/logo\\\/image\\\/\"}}]}<\/script>\n<!-- \/ Yoast SEO plugin. -->","yoast_head_json":{"title":"IA de risco - RSA","robots":{"index":"index","follow":"follow","max-snippet":"max-snippet:-1","max-image-preview":"max-image-preview:large","max-video-preview":"max-video-preview:-1"},"canonical":"https:\/\/www.rsa.com\/pt_br\/products\/id-plus\/risk-ai\/","og_locale":"pt_BR","og_type":"article","og_title":"Risk AI - RSA","og_url":"https:\/\/www.rsa.com\/pt_br\/products\/id-plus\/risk-ai\/","og_site_name":"RSA","article_modified_time":"2026-03-24T19:57:19+00:00","og_image":[{"width":900,"height":473,"url":"https:\/\/www.rsa.com\/wp-content\/uploads\/RSA-Security-Starts-with-Identity.jpg","type":"image\/jpeg"}],"twitter_card":"summary_large_image","twitter_image":"https:\/\/www.rsa.com\/wp-content\/uploads\/RSA-Security-Starts-with-Identity.jpg","schema":{"@context":"https:\/\/schema.org","@graph":[{"@type":"WebPage","@id":"https:\/\/www.rsa.com\/products\/id-plus\/risk-ai\/","url":"https:\/\/www.rsa.com\/products\/id-plus\/risk-ai\/","name":"IA de risco - RSA","isPartOf":{"@id":"https:\/\/www.rsa.com\/#website"},"datePublished":"2022-10-31T18:14:09+00:00","dateModified":"2026-03-24T19:57:19+00:00","breadcrumb":{"@id":"https:\/\/www.rsa.com\/products\/id-plus\/risk-ai\/#breadcrumb"},"inLanguage":"pt-BR","potentialAction":[{"@type":"ReadAction","target":["https:\/\/www.rsa.com\/products\/id-plus\/risk-ai\/"]}]},{"@type":"BreadcrumbList","@id":"https:\/\/www.rsa.com\/products\/id-plus\/risk-ai\/#breadcrumb","itemListElement":[{"@type":"ListItem","position":1,"name":"Home","item":"https:\/\/www.rsa.com\/"},{"@type":"ListItem","position":2,"name":"Products Overview","item":"https:\/\/www.rsa.com\/products\/"},{"@type":"ListItem","position":3,"name":"ID Plus","item":"https:\/\/www.rsa.com\/products\/id-plus\/"},{"@type":"ListItem","position":4,"name":"Risk AI"}]},{"@type":"WebSite","@id":"https:\/\/www.rsa.com\/#website","url":"https:\/\/www.rsa.com\/","name":"RSA","description":"Solu\u00e7\u00f5es de seguran\u00e7a cibern\u00e9tica e gerenciamento de riscos digitais","publisher":{"@id":"https:\/\/www.rsa.com\/#organization"},"potentialAction":[{"@type":"SearchAction","target":{"@type":"EntryPoint","urlTemplate":"https:\/\/www.rsa.com\/?s={search_term_string}"},"query-input":{"@type":"PropertyValueSpecification","valueRequired":true,"valueName":"search_term_string"}}],"inLanguage":"pt-BR"},{"@type":"Organization","@id":"https:\/\/www.rsa.com\/#organization","name":"RSA","url":"https:\/\/www.rsa.com\/","logo":{"@type":"ImageObject","inLanguage":"pt-BR","@id":"https:\/\/www.rsa.com\/#\/schema\/logo\/image\/","url":"https:\/\/www.rsa.com\/wp-content\/uploads\/rsa.png","contentUrl":"https:\/\/www.rsa.com\/wp-content\/uploads\/rsa.png","width":2880,"height":1020,"caption":"RSA"},"image":{"@id":"https:\/\/www.rsa.com\/#\/schema\/logo\/image\/"}}]}},"_links":{"self":[{"href":"https:\/\/www.rsa.com\/pt_br\/wp-json\/wp\/v2\/pages\/17958","targetHints":{"allow":["GET"]}}],"collection":[{"href":"https:\/\/www.rsa.com\/pt_br\/wp-json\/wp\/v2\/pages"}],"about":[{"href":"https:\/\/www.rsa.com\/pt_br\/wp-json\/wp\/v2\/types\/page"}],"author":[{"embeddable":true,"href":"https:\/\/www.rsa.com\/pt_br\/wp-json\/wp\/v2\/users\/1"}],"replies":[{"embeddable":true,"href":"https:\/\/www.rsa.com\/pt_br\/wp-json\/wp\/v2\/comments?post=17958"}],"version-history":[{"count":7,"href":"https:\/\/www.rsa.com\/pt_br\/wp-json\/wp\/v2\/pages\/17958\/revisions"}],"predecessor-version":[{"id":33935,"href":"https:\/\/www.rsa.com\/pt_br\/wp-json\/wp\/v2\/pages\/17958\/revisions\/33935"}],"up":[{"embeddable":true,"href":"https:\/\/www.rsa.com\/pt_br\/wp-json\/wp\/v2\/pages\/37142"}],"wp:attachment":[{"href":"https:\/\/www.rsa.com\/pt_br\/wp-json\/wp\/v2\/media?parent=17958"}],"curies":[{"name":"wp","href":"https:\/\/api.w.org\/{rel}","templated":true}]}}