{"id":1581,"date":"2022-02-03T13:55:23","date_gmt":"2022-02-03T21:55:23","guid":{"rendered":"https:\/\/live-rsa-hub.pantheonsite.io\/?page_id=1581"},"modified":"2025-02-07T16:23:56","modified_gmt":"2025-02-07T21:23:56","slug":"vulnerability-response-policy","status":"publish","type":"page","link":"https:\/\/www.rsa.com\/pt_br\/vulnerability-response-policy\/","title":{"rendered":"Pol\u00edtica de resposta a vulnerabilidades"},"content":{"rendered":"<h3>Introdu\u00e7\u00e3o<\/h3>\n<p>A RSA se esfor\u00e7a para ajudar nossos clientes a minimizar os riscos associados a vulnerabilidades de seguran\u00e7a em nossos produtos. Nosso objetivo \u00e9 fornecer aos clientes informa\u00e7\u00f5es, orienta\u00e7\u00f5es e op\u00e7\u00f5es de atenua\u00e7\u00e3o em tempo h\u00e1bil para lidar com as vulnerabilidades. A Equipe de Resposta a Incidentes de Seguran\u00e7a de Produtos da RSA (RSA PSIRT) foi criada e \u00e9 respons\u00e1vel por coordenar a resposta e a divulga\u00e7\u00e3o de todas as vulnerabilidades de produtos relatadas \u00e0 RSA.<\/p>\n<h3>Como relatar uma vulnerabilidade de seguran\u00e7a<\/h3>\n<p>Se voc\u00ea identificar uma vulnerabilidade de seguran\u00e7a em qualquer produto da RSA, informe-nos imediatamente. Pesquisadores de seguran\u00e7a, grupos do setor, fornecedores e outros usu\u00e1rios que n\u00e3o t\u00eam acesso ao Suporte T\u00e9cnico devem enviar relat\u00f3rios de vulnerabilidade diretamente para a RSA\u00a0<a href=\"mailto:responsibledisclosure@rsa.com\">PSIRT por e-mail<\/a>. A identifica\u00e7\u00e3o oportuna de vulnerabilidades de seguran\u00e7a \u00e9 fundamental para reduzir os poss\u00edveis riscos para nossos clientes.<\/p>\n<p>Os clientes e parceiros de produtos da RSA devem entrar em contato com suas respectivas equipes de Suporte T\u00e9cnico para relatar quaisquer problemas de seguran\u00e7a descobertos nos produtos da RSA. A equipe de Suporte T\u00e9cnico, a equipe de produto apropriada e o PSIRT da RSA trabalhar\u00e3o juntos para resolver o problema relatado e fornecer aos clientes as pr\u00f3ximas etapas.<\/p>\n<p>Ao relatar uma poss\u00edvel vulnerabilidade, inclua o m\u00e1ximo poss\u00edvel das informa\u00e7\u00f5es abaixo para nos ajudar a entender melhor a natureza e o escopo do problema relatado:<\/p>\n<ul>\n<li>Nome do produto e vers\u00e3o que cont\u00e9m a vulnerabilidade<\/li>\n<li>Informa\u00e7\u00f5es sobre o ambiente ou sistema em que o problema foi reproduzido (por exemplo, n\u00famero do modelo do produto, vers\u00e3o do sistema operacional, etc.)<\/li>\n<li>Tipo e\/ou classe de vulnerabilidade (XSS, estouro de buffer, RCE, CWE)<a>,<\/a>\u00a0<a>etc<\/a>.)<\/li>\n<li>Instru\u00e7\u00f5es passo a passo para reproduzir a vulnerabilidade<\/li>\n<li>Prova de conceito ou c\u00f3digo de explora\u00e7\u00e3o<\/li>\n<li>Impacto potencial da vulnerabilidade<\/li>\n<\/ul>\n<h3>Manuseio de relat\u00f3rios de vulnerabilidade<\/h3>\n<p>A RSA acredita na manuten\u00e7\u00e3o de um bom relacionamento com os pesquisadores de seguran\u00e7a e, com sua concord\u00e2ncia, pode reconhecer o pesquisador por encontrar uma vulnerabilidade v\u00e1lida no produto e relatar o problema em particular. Em troca, pedimos que os pesquisadores nos d\u00eaem a oportunidade de corrigir a vulnerabilidade antes de divulg\u00e1-la publicamente. A RSA acredita que coordenar a divulga\u00e7\u00e3o p\u00fablica de uma vulnerabilidade \u00e9 fundamental para proteger nossos clientes.<\/p>\n<p>De acordo com essa pol\u00edtica, todas as informa\u00e7\u00f5es divulgadas sobre vulnerabilidades devem ser mantidas entre a RSA e a parte informante - se as informa\u00e7\u00f5es ainda n\u00e3o forem de conhecimento p\u00fablico - at\u00e9 que uma solu\u00e7\u00e3o esteja dispon\u00edvel e as atividades de divulga\u00e7\u00e3o sejam coordenadas.<\/p>\n<h3>Remedia\u00e7\u00e3o de vulnerabilidades<\/h3>\n<p>Ap\u00f3s investigar e validar uma vulnerabilidade relatada, tentaremos desenvolver e qualificar a solu\u00e7\u00e3o apropriada para os produtos com suporte ativo da RSA. Uma solu\u00e7\u00e3o pode assumir uma ou mais das seguintes formas:<\/p>\n<ul>\n<li>Uma nova vers\u00e3o do produto afetado empacotado pela RSA;<\/li>\n<li>Um patch fornecido pela RSA que pode ser instalado sobre o produto afetado;<\/li>\n<li>Instru\u00e7\u00f5es para baixar e instalar uma atualiza\u00e7\u00e3o ou patch de um fornecedor terceirizado que seja necess\u00e1rio para atenuar a vulnerabilidade;<\/li>\n<li>Um procedimento corretivo ou solu\u00e7\u00e3o alternativa publicada pela RSA que instrui os usu\u00e1rios a ajustar a configura\u00e7\u00e3o do produto para atenuar a vulnerabilidade.<\/li>\n<\/ul>\n<p>A RSA se esfor\u00e7a ao m\u00e1ximo para fornecer a solu\u00e7\u00e3o ou a a\u00e7\u00e3o corretiva no menor tempo comercialmente razo\u00e1vel. Os prazos de resposta dependem de muitos fatores, como a gravidade, o impacto, a complexidade da solu\u00e7\u00e3o, o componente afetado (por exemplo, algumas atualiza\u00e7\u00f5es exigem ciclos de valida\u00e7\u00e3o mais longos ou s\u00f3 podem ser atualizadas em uma vers\u00e3o principal), o est\u00e1gio do produto em seu ciclo de vida e o status das opera\u00e7\u00f5es comerciais, entre outros.<\/p>\n<h3>Avalia\u00e7\u00f5es de impacto e gravidade<\/h3>\n<p>Atualmente, a RSA usa o\u00a0<a href=\"https:\/\/www.first.org\/cvss\/user-guide\" target=\"_blank\" rel=\"noopener\">Sistema de pontua\u00e7\u00e3o de vulnerabilidade comum<\/a>\u00a0vers\u00e3o 3.1 (CVSS v3.1) para comunicar as caracter\u00edsticas e a gravidade das vulnerabilidades de software da RSA.  Muitos fatores, inclusive o n\u00edvel de esfor\u00e7o necess\u00e1rio para explorar uma vulnerabilidade, bem como o poss\u00edvel impacto nos dados ou nas atividades comerciais de uma explora\u00e7\u00e3o bem-sucedida, s\u00e3o levados em considera\u00e7\u00e3o.<\/p>\n<p>O impacto geral de uma consultoria de seguran\u00e7a \u00e9 uma representa\u00e7\u00e3o textual da gravidade (ou seja, cr\u00edtica, alta, m\u00e9dia e baixa) que segue a Escala de Classifica\u00e7\u00e3o Qualitativa de Gravidade CVSS para a Pontua\u00e7\u00e3o Base CVSS mais alta de todas as vulnerabilidades identificadas. Quando e onde aplic\u00e1vel, a RSA fornecer\u00e1 um impacto geral para a consultoria e, para cada vulnerabilidade identificada, a Pontua\u00e7\u00e3o B\u00e1sica CVSS v3.1 e o Vetor CVSS v3.1 correspondente. A RSA recomenda que todos os clientes levem em conta a pontua\u00e7\u00e3o b\u00e1sica e quaisquer m\u00e9tricas temporais e\/ou ambientais que possam ser relevantes para seu ambiente para avaliar seu risco geral.<\/p>\n<h3>Comunica\u00e7\u00e3o da Remedy<\/h3>\n<p>Normalmente, comunicamos as solu\u00e7\u00f5es aos clientes por meio dos RSA Security Advisories, quando aplic\u00e1vel. Para proteger nossos clientes, a RSA se esfor\u00e7a para liberar um Security Advisory assim que tivermos uma solu\u00e7\u00e3o implementada para qualquer produto afetado. A RSA pode liberar Avisos de Seguran\u00e7a mais cedo para responder adequadamente a divulga\u00e7\u00f5es p\u00fablicas ou vulnerabilidades amplamente conhecidas nos componentes usados em nossos produtos.<\/p>\n<p>Os avisos de seguran\u00e7a t\u00eam o objetivo de fornecer detalhes suficientes para permitir que os clientes avaliem o impacto das vulnerabilidades e corrijam produtos potencialmente vulner\u00e1veis. Os detalhes completos podem ser limitados para reduzir a probabilidade de que usu\u00e1rios mal-intencionados possam tirar proveito das informa\u00e7\u00f5es e explor\u00e1-las em detrimento de nossos clientes.<\/p>\n<p>Os avisos de seguran\u00e7a da RSA normalmente incluem as seguintes informa\u00e7\u00f5es, conforme aplic\u00e1vel:<\/p>\n<ul>\n<li>O impacto geral, que \u00e9 uma representa\u00e7\u00e3o textual da gravidade (ou seja, cr\u00edtica, alta, m\u00e9dia e baixa) que segue a escala de classifica\u00e7\u00e3o qualitativa de gravidade do CVSS para a pontua\u00e7\u00e3o b\u00e1sica mais alta do CVSS de todas as vulnerabilidades identificadas;<\/li>\n<li>Produtos e vers\u00f5es afetados;<\/li>\n<li>A pontua\u00e7\u00e3o b\u00e1sica e o vetor do CVSS para todas as vulnerabilidades identificadas;<\/li>\n<li><a href=\"http:\/\/cve.mitre.org\/\" target=\"_blank\" rel=\"noopener\">Enumera\u00e7\u00e3o de vulnerabilidades comuns<\/a>\u00a0(CVE) para todas as vulnerabilidades identificadas, de modo que as informa\u00e7\u00f5es de cada vulnerabilidade exclusiva possam ser compartilhadas entre v\u00e1rios recursos de gerenciamento de vulnerabilidades (por exemplo, ferramentas como scanners de vulnerabilidades, reposit\u00f3rios e servi\u00e7os);<\/li>\n<li>Breve descri\u00e7\u00e3o da vulnerabilidade e o poss\u00edvel impacto se for explorada;<\/li>\n<li>Detalhes da corre\u00e7\u00e3o com informa\u00e7\u00f5es de atualiza\u00e7\u00e3o\/resolu\u00e7\u00e3o;<\/li>\n<li>Agradecimento ao localizador por relatar a vulnerabilidade e trabalhar com a RSA em uma vers\u00e3o coordenada, conforme aplic\u00e1vel.<\/li>\n<\/ul>\n<h3>Informa\u00e7\u00f5es adicionais de divulga\u00e7\u00e3o<\/h3>\n<p>A pol\u00edtica da RSA \u00e9 n\u00e3o fornecer informa\u00e7\u00f5es sobre as especificidades das vulnerabilidades al\u00e9m do que \u00e9 fornecido no Security Advisory e na documenta\u00e7\u00e3o relacionada, como notas de vers\u00e3o, artigos da base de conhecimento, perguntas frequentes, etc. N\u00e3o distribu\u00edmos c\u00f3digos de explora\u00e7\u00e3o\/prova de conceito para vulnerabilidades identificadas. De acordo com as pr\u00e1ticas do setor, a RSA n\u00e3o compartilha os resultados de seus testes internos de seguran\u00e7a ou outros tipos de atividades de seguran\u00e7a com entidades externas<a>.<\/a><\/p>\n<h3>Notificar a RSA sobre outros problemas de seguran\u00e7a<\/h3>\n<p>Se precisar relatar qualquer outro problema de seguran\u00e7a \u00e0 RSA, use os contatos apropriados listados abaixo:<\/p>\n<table border=\"1\" width=\"624\" cellspacing=\"0\" cellpadding=\"4\">\n<tbody>\n<tr>\n<th width=\"312\">Problema de seguran\u00e7a<\/th>\n<th width=\"312\">Informa\u00e7\u00f5es de contato<\/th>\n<\/tr>\n<tr>\n<td width=\"312\">Para relatar uma vulnerabilidade ou um problema de seguran\u00e7a no RSA.com ou em outro servi\u00e7o on-line, aplicativo da Web ou propriedade<\/td>\n<td width=\"312\">Envie um relat\u00f3rio para\u00a0<a href=\"mailto:responsibledisclosure@rsa.com\">responsibledisclosure@rsa.com<\/a>\u00a0com instru\u00e7\u00f5es passo a passo para reproduzir o problema.<\/td>\n<\/tr>\n<tr>\n<td width=\"312\">Para enviar solicita\u00e7\u00f5es ou perguntas relacionadas \u00e0 privacidade<\/td>\n<td width=\"312\">Veja\u00a0<a href=\"\/pt_br\/privacy\/\">Privacidade RSA<\/a>\u00a0p\u00e1gina.<\/td>\n<\/tr>\n<\/tbody>\n<\/table>\n<p>&nbsp;<\/p>\n<h3>Direitos do cliente: Garantias, suporte e manuten\u00e7\u00e3o<\/h3>\n<p>Os direitos dos clientes da RSA com rela\u00e7\u00e3o a garantias, suporte e manuten\u00e7\u00e3o - incluindo vulnerabilidades em qualquer produto de software da RSA - s\u00e3o regidos pelo contrato aplic\u00e1vel entre a RSA e o cliente individual. As declara\u00e7\u00f5es nesta p\u00e1gina da Web n\u00e3o modificam, ampliam ou de outra forma alteram quaisquer direitos do cliente ou criam quaisquer garantias adicionais.<\/p>\n<h3>Isen\u00e7\u00e3o de responsabilidade<\/h3>\n<p>Todos os aspectos da Pol\u00edtica de Resposta a Vulnerabilidades da RSA est\u00e3o sujeitos a altera\u00e7\u00f5es sem aviso pr\u00e9vio e de acordo com cada caso. A resposta n\u00e3o \u00e9 garantida para nenhum problema espec\u00edfico ou classe de problemas. O uso das informa\u00e7\u00f5es contidas neste documento ou dos materiais vinculados a ele \u00e9 feito por sua pr\u00f3pria conta e risco. A RSA se reserva o direito de alterar ou atualizar este documento a seu exclusivo crit\u00e9rio e sem aviso pr\u00e9vio a qualquer momento.<\/p>","protected":false},"excerpt":{"rendered":"<p>Introdu\u00e7\u00e3o A RSA se esfor\u00e7a para ajudar nossos clientes a minimizar os riscos associados a vulnerabilidades de seguran\u00e7a em nossos produtos. Nosso objetivo \u00e9 fornecer aos clientes informa\u00e7\u00f5es, orienta\u00e7\u00f5es e op\u00e7\u00f5es de atenua\u00e7\u00e3o em tempo h\u00e1bil para solucionar as vulnerabilidades. A Equipe de Resposta a Incidentes de Seguran\u00e7a de Produtos da RSA (RSA PSIRT) foi criada e \u00e9 respons\u00e1vel por coordenar a resposta e a divulga\u00e7\u00e3o de todas as vulnerabilidades de produtos ... <a href=\"https:\/\/www.rsa.com\/pt_br\/vulnerability-response-policy\/\">Continua\u00e7\u00e3o<\/a><\/p>","protected":false},"author":6,"featured_media":0,"parent":0,"menu_order":0,"comment_status":"closed","ping_status":"closed","template":"template-policy.blade.php","meta":{"_acf_changed":false,"_searchwp_excluded":"","inline_featured_image":false,"footnotes":""},"class_list":["post-1581","page","type-page","status-publish","hentry"],"acf":[],"yoast_head":"<!-- This site is optimized with the Yoast SEO plugin v27.3 - https:\/\/yoast.com\/product\/yoast-seo-wordpress\/ -->\n<title>Vulnerability Response Policy - RSA<\/title>\n<meta name=\"description\" content=\"The RSA Product Security Incident Response Team (RSA PSIRT) is chartered and responsible for coordinating the response and disclosure for all product vulnerabilities that are reported to RSA.\" \/>\n<meta name=\"robots\" content=\"index, follow, max-snippet:-1, max-image-preview:large, max-video-preview:-1\" \/>\n<link rel=\"canonical\" href=\"https:\/\/www.rsa.com\/pt_br\/vulnerability-response-policy\/\" \/>\n<meta property=\"og:locale\" content=\"pt_BR\" \/>\n<meta property=\"og:type\" content=\"article\" \/>\n<meta property=\"og:title\" content=\"Vulnerability Response Policy\" \/>\n<meta property=\"og:description\" content=\"The RSA Product Security Incident Response Team (RSA PSIRT) is chartered and responsible for coordinating the response and disclosure for all product vulnerabilities that are reported to RSA.\" \/>\n<meta property=\"og:url\" content=\"https:\/\/www.rsa.com\/pt_br\/vulnerability-response-policy\/\" \/>\n<meta property=\"og:site_name\" content=\"RSA\" \/>\n<meta property=\"article:modified_time\" content=\"2025-02-07T21:23:56+00:00\" \/>\n<meta property=\"og:image\" content=\"https:\/\/www.rsa.com\/wp-content\/uploads\/rsa-og-image.jpg\" \/>\n\t<meta property=\"og:image:width\" content=\"1200\" \/>\n\t<meta property=\"og:image:height\" content=\"630\" \/>\n\t<meta property=\"og:image:type\" content=\"image\/jpeg\" \/>\n<meta name=\"twitter:card\" content=\"summary_large_image\" \/>\n<meta name=\"twitter:title\" content=\"Vulnerability Response Policy\" \/>\n<meta name=\"twitter:description\" content=\"The RSA Product Security Incident Response Team (RSA PSIRT) is chartered and responsible for coordinating the response and disclosure for all product vulnerabilities that are reported to RSA.\" \/>\n<meta name=\"twitter:image\" content=\"https:\/\/www.rsa.com\/wp-content\/uploads\/rsa-og-image.jpg\" \/>\n<script type=\"application\/ld+json\" class=\"yoast-schema-graph\">{\"@context\":\"https:\\\/\\\/schema.org\",\"@graph\":[{\"@type\":\"WebPage\",\"@id\":\"https:\\\/\\\/www.rsa.com\\\/vulnerability-response-policy\\\/\",\"url\":\"https:\\\/\\\/www.rsa.com\\\/vulnerability-response-policy\\\/\",\"name\":\"Vulnerability Response Policy - RSA\",\"isPartOf\":{\"@id\":\"https:\\\/\\\/www.rsa.com\\\/#website\"},\"datePublished\":\"2022-02-03T21:55:23+00:00\",\"dateModified\":\"2025-02-07T21:23:56+00:00\",\"description\":\"The RSA Product Security Incident Response Team (RSA PSIRT) is chartered and responsible for coordinating the response and disclosure for all product vulnerabilities that are reported to RSA.\",\"breadcrumb\":{\"@id\":\"https:\\\/\\\/www.rsa.com\\\/vulnerability-response-policy\\\/#breadcrumb\"},\"inLanguage\":\"pt-BR\",\"potentialAction\":[{\"@type\":\"ReadAction\",\"target\":[\"https:\\\/\\\/www.rsa.com\\\/vulnerability-response-policy\\\/\"]}]},{\"@type\":\"BreadcrumbList\",\"@id\":\"https:\\\/\\\/www.rsa.com\\\/vulnerability-response-policy\\\/#breadcrumb\",\"itemListElement\":[{\"@type\":\"ListItem\",\"position\":1,\"name\":\"Home\",\"item\":\"https:\\\/\\\/www.rsa.com\\\/\"},{\"@type\":\"ListItem\",\"position\":2,\"name\":\"Vulnerability Response Policy\"}]},{\"@type\":\"WebSite\",\"@id\":\"https:\\\/\\\/www.rsa.com\\\/#website\",\"url\":\"https:\\\/\\\/www.rsa.com\\\/\",\"name\":\"RSA\",\"description\":\"Cybersecurity and Digital Risk Management Solutions\",\"publisher\":{\"@id\":\"https:\\\/\\\/www.rsa.com\\\/#organization\"},\"potentialAction\":[{\"@type\":\"SearchAction\",\"target\":{\"@type\":\"EntryPoint\",\"urlTemplate\":\"https:\\\/\\\/www.rsa.com\\\/?s={search_term_string}\"},\"query-input\":{\"@type\":\"PropertyValueSpecification\",\"valueRequired\":true,\"valueName\":\"search_term_string\"}}],\"inLanguage\":\"pt-BR\"},{\"@type\":\"Organization\",\"@id\":\"https:\\\/\\\/www.rsa.com\\\/#organization\",\"name\":\"RSA\",\"url\":\"https:\\\/\\\/www.rsa.com\\\/\",\"logo\":{\"@type\":\"ImageObject\",\"inLanguage\":\"pt-BR\",\"@id\":\"https:\\\/\\\/www.rsa.com\\\/#\\\/schema\\\/logo\\\/image\\\/\",\"url\":\"https:\\\/\\\/www.rsa.com\\\/wp-content\\\/uploads\\\/rsa.png\",\"contentUrl\":\"https:\\\/\\\/www.rsa.com\\\/wp-content\\\/uploads\\\/rsa.png\",\"width\":2880,\"height\":1020,\"caption\":\"RSA\"},\"image\":{\"@id\":\"https:\\\/\\\/www.rsa.com\\\/#\\\/schema\\\/logo\\\/image\\\/\"}}]}<\/script>\n<!-- \/ Yoast SEO plugin. -->","yoast_head_json":{"title":"Pol\u00edtica de resposta a vulnerabilidades - RSA","description":"A Equipe de Resposta a Incidentes de Seguran\u00e7a de Produtos da RSA (RSA PSIRT) foi criada e \u00e9 respons\u00e1vel por coordenar a resposta e a divulga\u00e7\u00e3o de todas as vulnerabilidades de produtos relatadas \u00e0 RSA.","robots":{"index":"index","follow":"follow","max-snippet":"max-snippet:-1","max-image-preview":"max-image-preview:large","max-video-preview":"max-video-preview:-1"},"canonical":"https:\/\/www.rsa.com\/pt_br\/vulnerability-response-policy\/","og_locale":"pt_BR","og_type":"article","og_title":"Vulnerability Response Policy","og_description":"The RSA Product Security Incident Response Team (RSA PSIRT) is chartered and responsible for coordinating the response and disclosure for all product vulnerabilities that are reported to RSA.","og_url":"https:\/\/www.rsa.com\/pt_br\/vulnerability-response-policy\/","og_site_name":"RSA","article_modified_time":"2025-02-07T21:23:56+00:00","og_image":[{"width":1200,"height":630,"url":"https:\/\/www.rsa.com\/wp-content\/uploads\/rsa-og-image.jpg","type":"image\/jpeg"}],"twitter_card":"summary_large_image","twitter_title":"Vulnerability Response Policy","twitter_description":"The RSA Product Security Incident Response Team (RSA PSIRT) is chartered and responsible for coordinating the response and disclosure for all product vulnerabilities that are reported to RSA.","twitter_image":"https:\/\/www.rsa.com\/wp-content\/uploads\/rsa-og-image.jpg","schema":{"@context":"https:\/\/schema.org","@graph":[{"@type":"WebPage","@id":"https:\/\/www.rsa.com\/vulnerability-response-policy\/","url":"https:\/\/www.rsa.com\/vulnerability-response-policy\/","name":"Pol\u00edtica de resposta a vulnerabilidades - RSA","isPartOf":{"@id":"https:\/\/www.rsa.com\/#website"},"datePublished":"2022-02-03T21:55:23+00:00","dateModified":"2025-02-07T21:23:56+00:00","description":"A Equipe de Resposta a Incidentes de Seguran\u00e7a de Produtos da RSA (RSA PSIRT) foi criada e \u00e9 respons\u00e1vel por coordenar a resposta e a divulga\u00e7\u00e3o de todas as vulnerabilidades de produtos relatadas \u00e0 RSA.","breadcrumb":{"@id":"https:\/\/www.rsa.com\/vulnerability-response-policy\/#breadcrumb"},"inLanguage":"pt-BR","potentialAction":[{"@type":"ReadAction","target":["https:\/\/www.rsa.com\/vulnerability-response-policy\/"]}]},{"@type":"BreadcrumbList","@id":"https:\/\/www.rsa.com\/vulnerability-response-policy\/#breadcrumb","itemListElement":[{"@type":"ListItem","position":1,"name":"Home","item":"https:\/\/www.rsa.com\/"},{"@type":"ListItem","position":2,"name":"Vulnerability Response Policy"}]},{"@type":"WebSite","@id":"https:\/\/www.rsa.com\/#website","url":"https:\/\/www.rsa.com\/","name":"RSA","description":"Solu\u00e7\u00f5es de seguran\u00e7a cibern\u00e9tica e gerenciamento de riscos digitais","publisher":{"@id":"https:\/\/www.rsa.com\/#organization"},"potentialAction":[{"@type":"SearchAction","target":{"@type":"EntryPoint","urlTemplate":"https:\/\/www.rsa.com\/?s={search_term_string}"},"query-input":{"@type":"PropertyValueSpecification","valueRequired":true,"valueName":"search_term_string"}}],"inLanguage":"pt-BR"},{"@type":"Organization","@id":"https:\/\/www.rsa.com\/#organization","name":"RSA","url":"https:\/\/www.rsa.com\/","logo":{"@type":"ImageObject","inLanguage":"pt-BR","@id":"https:\/\/www.rsa.com\/#\/schema\/logo\/image\/","url":"https:\/\/www.rsa.com\/wp-content\/uploads\/rsa.png","contentUrl":"https:\/\/www.rsa.com\/wp-content\/uploads\/rsa.png","width":2880,"height":1020,"caption":"RSA"},"image":{"@id":"https:\/\/www.rsa.com\/#\/schema\/logo\/image\/"}}]}},"_links":{"self":[{"href":"https:\/\/www.rsa.com\/pt_br\/wp-json\/wp\/v2\/pages\/1581","targetHints":{"allow":["GET"]}}],"collection":[{"href":"https:\/\/www.rsa.com\/pt_br\/wp-json\/wp\/v2\/pages"}],"about":[{"href":"https:\/\/www.rsa.com\/pt_br\/wp-json\/wp\/v2\/types\/page"}],"author":[{"embeddable":true,"href":"https:\/\/www.rsa.com\/pt_br\/wp-json\/wp\/v2\/users\/6"}],"replies":[{"embeddable":true,"href":"https:\/\/www.rsa.com\/pt_br\/wp-json\/wp\/v2\/comments?post=1581"}],"version-history":[{"count":17,"href":"https:\/\/www.rsa.com\/pt_br\/wp-json\/wp\/v2\/pages\/1581\/revisions"}],"predecessor-version":[{"id":32871,"href":"https:\/\/www.rsa.com\/pt_br\/wp-json\/wp\/v2\/pages\/1581\/revisions\/32871"}],"wp:attachment":[{"href":"https:\/\/www.rsa.com\/pt_br\/wp-json\/wp\/v2\/media?parent=1581"}],"curies":[{"name":"wp","href":"https:\/\/api.w.org\/{rel}","templated":true}]}}