{"id":1086,"date":"2022-01-14T17:39:58","date_gmt":"2022-01-15T01:39:58","guid":{"rendered":"https:\/\/live-rsa-hub.pantheonsite.io\/?page_id=1086"},"modified":"2025-09-15T16:05:28","modified_gmt":"2025-09-15T20:05:28","slug":"standard-form-agreements","status":"publish","type":"page","link":"https:\/\/www.rsa.com\/pt_br\/standard-form-agreements\/","title":{"rendered":"Contratos de formul\u00e1rio padr\u00e3o"},"content":{"rendered":"<h5>Contratos de licen\u00e7a<\/h5>\n<ul>\n<li><a href=\"\/wp-content\/uploads\/RSA-End-User-License-Agreement.pdf\" target=\"_blank\" rel=\"noopener\">Contrato de licen\u00e7a de usu\u00e1rio final para produtos RSA<\/a>\n<ul>\n<li>Abrange todos os produtos para os quais os contratos de formul\u00e1rio padr\u00e3o n\u00e3o est\u00e3o inclu\u00eddos ou identificados nesta p\u00e1gina.<\/li>\n<\/ul>\n<\/li>\n<\/ul>\n<h5>Contratos de nuvem e h\u00edbridos<\/h5>\n<ul>\n<li><a href=\"\/wp-content\/uploads\/RSA-Terms-of-Service-for-RSA-Cloud-Offerings.pdf\" target=\"_blank\" rel=\"noopener\">Termos de servi\u00e7o para ofertas de nuvem da RSA<\/a><\/li>\n<li><a href=\"\/wp-content\/uploads\/RSA-Service-Description-for-ID-Plus.pdf\" target=\"_blank\" rel=\"noopener\">Descri\u00e7\u00e3o do servi\u00e7o para o ID Plus<\/a><\/li>\n<li><a href=\"\/wp-content\/uploads\/rsa-service-description-for-gl-cloud-service.pdf\" target=\"_blank\" rel=\"noopener\">Descri\u00e7\u00e3o do servi\u00e7o para o servi\u00e7o de nuvem de governan\u00e7a e ciclo de vida<\/a><\/li>\n<\/ul>\n<h5>Contrato de hardware e software no local<\/h5>\n<ul>\n<li><a href=\"\/wp-content\/uploads\/rsa-maintenance-agreement-for-hardware-and-on-prem-software.pdf\" target=\"_blank\" rel=\"noopener\">Contrato de manuten\u00e7\u00e3o da RSA para hardware e software no local<\/a><\/li>\n<\/ul>\n<h5>Contrato de servi\u00e7os profissionais<\/h5>\n<ul>\n<li><a href=\"\/wp-content\/uploads\/RSA-Professional-Services-Terms-and-Conditions.pdf\" target=\"_blank\" rel=\"noopener\">Termos e condi\u00e7\u00f5es de servi\u00e7os profissionais<\/a>\n<ul>\n<li>Abrange servi\u00e7os de produtos para os quais os contratos de formul\u00e1rio padr\u00e3o n\u00e3o est\u00e3o inclu\u00eddos ou identificados nesta p\u00e1gina.<\/li>\n<\/ul>\n<\/li>\n<\/ul>\n<h5>Adendos de processamento de dados da RSA<\/h5>\n<ul>\n<li><a href=\"\/wp-content\/uploads\/RSA-Customer-Data-Processing-Addendum.pdf\" target=\"_blank\" rel=\"noopener\">Adendo do Controlador ao Processamento de Dados da RSA<\/a><\/li>\n<li><a href=\"\/wp-content\/uploads\/rsa-provider-data-processing-addendum.pdf\" target=\"_blank\" rel=\"noopener\">Adendo da RSA ao processamento de dados do provedor<\/a><\/li>\n<\/ul>\n<h5>Diversos<\/h5>\n<ul>\n<li><a href=\"\/pt_br\/standard-form-agreements\/warranty-and-maintenance\/\">Tabela de garantia e manuten\u00e7\u00e3o do produto<\/a><\/li>\n<li><a href=\"\/wp-content\/uploads\/RSA-Evaluation-Agreement.pdf\" target=\"_blank\" rel=\"noopener\">Contrato de avalia\u00e7\u00e3o de RSA<\/a><\/li>\n<li><a href=\"https:\/\/community.rsa.com\/t5\/subprocessor-information\/tkb-p\/subprocessors\" target=\"_blank\" rel=\"noopener\">Subprocessadores RSA<\/a><\/li>\n<li><a href=\"\/wp-content\/uploads\/rsa-code-of-business-conduct-and-ethics.pdf\" target=\"_blank\" rel=\"noopener\">C\u00f3digo de Conduta da RSA<\/a><\/li>\n<li><a href=\"\/wp-content\/uploads\/RSA-Units-of-Measure.pdf\" target=\"_blank\" rel=\"noopener\">Unidades de medida da RSA\/Direitos de uso de software<\/a><\/li>\n<li><a href=\"\/wp-content\/uploads\/RSA-Partner-Program-Agreement.pdf\" target=\"_blank\" rel=\"noopener\">Contrato do programa de parceiros da RSA<\/a><\/li>\n<li><a href=\"\/wp-content\/uploads\/DORA-Addendum-12122024.pdf\" target=\"_blank\" rel=\"noopener\">Altera\u00e7\u00e3o da RSA DORA<\/a><\/li>\n<\/ul>\n<h4>Outros contratos e contratos de legado<\/h4>\n<h5>Contratos de formul\u00e1rio padr\u00e3o da Outseer<\/h5>\n<ul>\n<li><a href=\"https:\/\/www.outseer.com\/standard-form-agreements\/\" target=\"_blank\" rel=\"noopener\">Todos os contratos de formul\u00e1rio padr\u00e3o da Outseer<\/a><\/li>\n<\/ul>\n<h4><a href=\"\/pt_br\/legacy-agreements\/\" rel=\"noopener\">Contratos de legado da RSA<\/a><\/h4>","protected":false},"excerpt":{"rendered":"<p>Contratos de licen\u00e7a Contrato de licen\u00e7a de usu\u00e1rio final para produtos RSA Abrange todos os produtos para os quais os contratos de formul\u00e1rio padr\u00e3o n\u00e3o est\u00e3o inclu\u00eddos ou identificados nesta p\u00e1gina. Contratos de nuvem e h\u00edbridos Termos de servi\u00e7o para ofertas de nuvem da RSA Descri\u00e7\u00e3o do servi\u00e7o para ID Plus Descri\u00e7\u00e3o do servi\u00e7o para servi\u00e7o de nuvem de governan\u00e7a e ciclo de vida Contrato de hardware e software no local RSA ... <a href=\"https:\/\/www.rsa.com\/pt_br\/standard-form-agreements\/\">Continua\u00e7\u00e3o<\/a><\/p>","protected":false},"author":6,"featured_media":0,"parent":0,"menu_order":0,"comment_status":"closed","ping_status":"closed","template":"template-policy.blade.php","meta":{"_acf_changed":false,"_searchwp_excluded":"","inline_featured_image":false,"footnotes":""},"class_list":["post-1086","page","type-page","status-publish","hentry"],"acf":[],"yoast_head":"<!-- This site is optimized with the Yoast SEO plugin v27.3 - https:\/\/yoast.com\/product\/yoast-seo-wordpress\/ -->\n<title>Standard Form Agreements<\/title>\n<meta name=\"description\" content=\"Standard form agreements for RSA products and services.\" \/>\n<meta name=\"robots\" content=\"index, follow, max-snippet:-1, max-image-preview:large, max-video-preview:-1\" \/>\n<link rel=\"canonical\" href=\"https:\/\/www.rsa.com\/pt_br\/standard-form-agreements\/\" \/>\n<meta property=\"og:locale\" content=\"pt_BR\" \/>\n<meta property=\"og:type\" content=\"article\" \/>\n<meta property=\"og:title\" content=\"Standard Form Agreements\" \/>\n<meta property=\"og:description\" content=\"These terms (&quot;Terms&quot;) are a legal agreement between you and RSA Security LLC and its affiliates (&quot;RSA&quot;). The Terms control your use and access to rsa.com.\" \/>\n<meta property=\"og:url\" content=\"https:\/\/www.rsa.com\/pt_br\/standard-form-agreements\/\" \/>\n<meta property=\"og:site_name\" content=\"RSA\" \/>\n<meta property=\"article:modified_time\" content=\"2025-09-15T20:05:28+00:00\" \/>\n<meta property=\"og:image\" content=\"https:\/\/www.rsa.com\/wp-content\/uploads\/rsa-og-image.jpg\" \/>\n\t<meta property=\"og:image:width\" content=\"1200\" \/>\n\t<meta property=\"og:image:height\" content=\"630\" \/>\n\t<meta property=\"og:image:type\" content=\"image\/jpeg\" \/>\n<meta name=\"twitter:card\" content=\"summary_large_image\" \/>\n<meta name=\"twitter:title\" content=\"Standard Form Agreements\" \/>\n<meta name=\"twitter:description\" content=\"These terms (&quot;Terms&quot;) are a legal agreement between you and RSA Security LLC and its affiliates (&quot;RSA&quot;). The Terms control your use and access to rsa.com.\" \/>\n<meta name=\"twitter:image\" content=\"https:\/\/www.rsa.com\/wp-content\/uploads\/rsa-og-image.jpg\" \/>\n<script type=\"application\/ld+json\" class=\"yoast-schema-graph\">{\"@context\":\"https:\\\/\\\/schema.org\",\"@graph\":[{\"@type\":\"WebPage\",\"@id\":\"https:\\\/\\\/www.rsa.com\\\/standard-form-agreements\\\/\",\"url\":\"https:\\\/\\\/www.rsa.com\\\/standard-form-agreements\\\/\",\"name\":\"Standard Form Agreements\",\"isPartOf\":{\"@id\":\"https:\\\/\\\/www.rsa.com\\\/#website\"},\"datePublished\":\"2022-01-15T01:39:58+00:00\",\"dateModified\":\"2025-09-15T20:05:28+00:00\",\"description\":\"Standard form agreements for RSA products and services.\",\"breadcrumb\":{\"@id\":\"https:\\\/\\\/www.rsa.com\\\/standard-form-agreements\\\/#breadcrumb\"},\"inLanguage\":\"pt-BR\",\"potentialAction\":[{\"@type\":\"ReadAction\",\"target\":[\"https:\\\/\\\/www.rsa.com\\\/standard-form-agreements\\\/\"]}]},{\"@type\":\"BreadcrumbList\",\"@id\":\"https:\\\/\\\/www.rsa.com\\\/standard-form-agreements\\\/#breadcrumb\",\"itemListElement\":[{\"@type\":\"ListItem\",\"position\":1,\"name\":\"Home\",\"item\":\"https:\\\/\\\/www.rsa.com\\\/\"},{\"@type\":\"ListItem\",\"position\":2,\"name\":\"Standard Form Agreements\"}]},{\"@type\":\"WebSite\",\"@id\":\"https:\\\/\\\/www.rsa.com\\\/#website\",\"url\":\"https:\\\/\\\/www.rsa.com\\\/\",\"name\":\"RSA\",\"description\":\"Cybersecurity and Digital Risk Management Solutions\",\"publisher\":{\"@id\":\"https:\\\/\\\/www.rsa.com\\\/#organization\"},\"potentialAction\":[{\"@type\":\"SearchAction\",\"target\":{\"@type\":\"EntryPoint\",\"urlTemplate\":\"https:\\\/\\\/www.rsa.com\\\/?s={search_term_string}\"},\"query-input\":{\"@type\":\"PropertyValueSpecification\",\"valueRequired\":true,\"valueName\":\"search_term_string\"}}],\"inLanguage\":\"pt-BR\"},{\"@type\":\"Organization\",\"@id\":\"https:\\\/\\\/www.rsa.com\\\/#organization\",\"name\":\"RSA\",\"url\":\"https:\\\/\\\/www.rsa.com\\\/\",\"logo\":{\"@type\":\"ImageObject\",\"inLanguage\":\"pt-BR\",\"@id\":\"https:\\\/\\\/www.rsa.com\\\/#\\\/schema\\\/logo\\\/image\\\/\",\"url\":\"https:\\\/\\\/www.rsa.com\\\/wp-content\\\/uploads\\\/rsa.png\",\"contentUrl\":\"https:\\\/\\\/www.rsa.com\\\/wp-content\\\/uploads\\\/rsa.png\",\"width\":2880,\"height\":1020,\"caption\":\"RSA\"},\"image\":{\"@id\":\"https:\\\/\\\/www.rsa.com\\\/#\\\/schema\\\/logo\\\/image\\\/\"}}]}<\/script>\n<!-- \/ Yoast SEO plugin. -->","yoast_head_json":{"title":"Contratos de formul\u00e1rio padr\u00e3o","description":"Contratos de formul\u00e1rio padr\u00e3o para produtos e servi\u00e7os da RSA.","robots":{"index":"index","follow":"follow","max-snippet":"max-snippet:-1","max-image-preview":"max-image-preview:large","max-video-preview":"max-video-preview:-1"},"canonical":"https:\/\/www.rsa.com\/pt_br\/standard-form-agreements\/","og_locale":"pt_BR","og_type":"article","og_title":"Standard Form Agreements","og_description":"These terms (\"Terms\") are a legal agreement between you and RSA Security LLC and its affiliates (\"RSA\"). The Terms control your use and access to rsa.com.","og_url":"https:\/\/www.rsa.com\/pt_br\/standard-form-agreements\/","og_site_name":"RSA","article_modified_time":"2025-09-15T20:05:28+00:00","og_image":[{"width":1200,"height":630,"url":"https:\/\/www.rsa.com\/wp-content\/uploads\/rsa-og-image.jpg","type":"image\/jpeg"}],"twitter_card":"summary_large_image","twitter_title":"Standard Form Agreements","twitter_description":"These terms (\"Terms\") are a legal agreement between you and RSA Security LLC and its affiliates (\"RSA\"). The Terms control your use and access to rsa.com.","twitter_image":"https:\/\/www.rsa.com\/wp-content\/uploads\/rsa-og-image.jpg","schema":{"@context":"https:\/\/schema.org","@graph":[{"@type":"WebPage","@id":"https:\/\/www.rsa.com\/standard-form-agreements\/","url":"https:\/\/www.rsa.com\/standard-form-agreements\/","name":"Contratos de formul\u00e1rio padr\u00e3o","isPartOf":{"@id":"https:\/\/www.rsa.com\/#website"},"datePublished":"2022-01-15T01:39:58+00:00","dateModified":"2025-09-15T20:05:28+00:00","description":"Contratos de formul\u00e1rio padr\u00e3o para produtos e servi\u00e7os da RSA.","breadcrumb":{"@id":"https:\/\/www.rsa.com\/standard-form-agreements\/#breadcrumb"},"inLanguage":"pt-BR","potentialAction":[{"@type":"ReadAction","target":["https:\/\/www.rsa.com\/standard-form-agreements\/"]}]},{"@type":"BreadcrumbList","@id":"https:\/\/www.rsa.com\/standard-form-agreements\/#breadcrumb","itemListElement":[{"@type":"ListItem","position":1,"name":"Home","item":"https:\/\/www.rsa.com\/"},{"@type":"ListItem","position":2,"name":"Standard Form Agreements"}]},{"@type":"WebSite","@id":"https:\/\/www.rsa.com\/#website","url":"https:\/\/www.rsa.com\/","name":"RSA","description":"Solu\u00e7\u00f5es de seguran\u00e7a cibern\u00e9tica e gerenciamento de riscos digitais","publisher":{"@id":"https:\/\/www.rsa.com\/#organization"},"potentialAction":[{"@type":"SearchAction","target":{"@type":"EntryPoint","urlTemplate":"https:\/\/www.rsa.com\/?s={search_term_string}"},"query-input":{"@type":"PropertyValueSpecification","valueRequired":true,"valueName":"search_term_string"}}],"inLanguage":"pt-BR"},{"@type":"Organization","@id":"https:\/\/www.rsa.com\/#organization","name":"RSA","url":"https:\/\/www.rsa.com\/","logo":{"@type":"ImageObject","inLanguage":"pt-BR","@id":"https:\/\/www.rsa.com\/#\/schema\/logo\/image\/","url":"https:\/\/www.rsa.com\/wp-content\/uploads\/rsa.png","contentUrl":"https:\/\/www.rsa.com\/wp-content\/uploads\/rsa.png","width":2880,"height":1020,"caption":"RSA"},"image":{"@id":"https:\/\/www.rsa.com\/#\/schema\/logo\/image\/"}}]}},"_links":{"self":[{"href":"https:\/\/www.rsa.com\/pt_br\/wp-json\/wp\/v2\/pages\/1086","targetHints":{"allow":["GET"]}}],"collection":[{"href":"https:\/\/www.rsa.com\/pt_br\/wp-json\/wp\/v2\/pages"}],"about":[{"href":"https:\/\/www.rsa.com\/pt_br\/wp-json\/wp\/v2\/types\/page"}],"author":[{"embeddable":true,"href":"https:\/\/www.rsa.com\/pt_br\/wp-json\/wp\/v2\/users\/6"}],"replies":[{"embeddable":true,"href":"https:\/\/www.rsa.com\/pt_br\/wp-json\/wp\/v2\/comments?post=1086"}],"version-history":[{"count":55,"href":"https:\/\/www.rsa.com\/pt_br\/wp-json\/wp\/v2\/pages\/1086\/revisions"}],"predecessor-version":[{"id":35054,"href":"https:\/\/www.rsa.com\/pt_br\/wp-json\/wp\/v2\/pages\/1086\/revisions\/35054"}],"wp:attachment":[{"href":"https:\/\/www.rsa.com\/pt_br\/wp-json\/wp\/v2\/media?parent=1086"}],"curies":[{"name":"wp","href":"https:\/\/api.w.org\/{rel}","templated":true}]}}