{"id":3604,"date":"2022-08-08T15:30:58","date_gmt":"2022-08-08T19:30:58","guid":{"rendered":"https:\/\/www.rsa.com\/?page_id=3604"},"modified":"2025-02-07T16:22:39","modified_gmt":"2025-02-07T21:22:39","slug":"terms-of-use-sept-2020","status":"publish","type":"page","link":"https:\/\/www.rsa.com\/it\/terms-of-use\/terms-of-use-sept-2020\/","title":{"rendered":"Condizioni d'uso - Settembre 2020"},"content":{"rendered":"<h4 class=\"size-h6-regular compressed\">Informazioni sulle condizioni d'uso<\/h4>\n<p>I presenti termini (\"Termini\") costituiscono un accordo legale tra l'utente e RSA Security LLC e le sue affiliate (\"RSA\"). I Termini controllano l'uso e l'accesso ai siti web e alle informazioni online di RSA (i \"Siti\" o \"Sito\"). Utilizzando i Siti di RSA, l'utente accetta i presenti Termini. RSA pu\u00f2 rivedere i presenti Termini in qualsiasi momento aggiornando questa pagina. L'utente dovrebbe rivedere questa pagina di tanto in tanto per determinare quali sono i termini che regolano l'uso del Sito.<\/p>\n<h4 class=\"size-h6-regular compressed\">Esclusione di responsabilit\u00e0 e limitazioni d'uso della licenza<\/h4>\n<p class=\"compressed\">Nulla di quanto contenuto nel Sito di RSA conferisce all'utente una licenza sui diritti di propriet\u00e0 intellettuale di RSA o di terzi. Tutti i diritti di propriet\u00e0 intellettuale di questo Sito appartengono a RSA o ad altre parti che hanno concesso in licenza il loro materiale a RSA. In base ai presenti Termini, RSA concede all'utente il diritto limitato, revocabile e non esclusivo di accedere e utilizzare il Sito e i materiali e le informazioni presenti sul Sito (\"Contenuti RSA\"). Questa licenza limitata \u00e8 solo per uso personale e non commerciale. L'utente deve mantenere gli avvisi di propriet\u00e0 di RSA su qualsiasi copia effettuata dei Contenuti RSA. L'uso non autorizzato dei Contenuti RSA pu\u00f2 violare le leggi sul copyright, sui marchi, sulla privacy, sulle comunicazioni o altre leggi. L'utente \u00e8 responsabile nei confronti di RSA per l'uso non autorizzato dei Contenuti RSA. Questo diritto termina automaticamente in caso di violazione di qualsiasi parte dei presenti Termini. Alla cessazione, l'utente deve distruggere immediatamente qualsiasi Contenuto RSA in suo possesso o controllo. Oltre a quanto sopra indicato, l'utente non deve:<\/p>\n<ul>\n<li>Cambiare, alterare, copiare, distribuire, ripubblicare, scaricare, visualizzare, inviare o spedire i Contenuti RSA in qualsiasi forma o con qualsiasi mezzo senza il previo permesso scritto di RSA o del proprietario del copyright, a meno che il Sito non dichiari diversamente in merito a specifici Contenuti RSA;<\/li>\n<li>Utilizzare il Sito o i Contenuti RSA per qualsiasi scopo illegale o proibito dai presenti Termini;<\/li>\n<li>Utilizzare il Sito per sollecitare qualsiasi attivit\u00e0 illegale o che possa violare i diritti di altri;<\/li>\n<li>\"Rispecchiare\" o \"incorniciare\" qualsiasi Contenuto RSA su qualsiasi altro dispositivo senza l'autorizzazione scritta di RSA;<\/li>\n<li>utilizzare i Contenuti RSA per confrontare i Contenuti RSA con i prodotti, i servizi o le informazioni di qualsiasi altra persona o entit\u00e0; oppure<\/li>\n<li>Utilizzare il logo della RSA o della Conferenza RSA o qualsiasi altro marchio della RSA come link \"caldo\" a qualsiasi parte del Sito, a meno che la RSA non approvi tale utilizzo per iscritto.<\/li>\n<\/ul>\n<h4 class=\"size-h6-regular compressed\">Informazioni sul copyright<\/h4>\n<p>La legge sul copyright protegge tutti i Contenuti RSA.<\/p>\n<p>Il copyright di tutto il materiale fornito su questo sito (\"Sito\") \u00e8 detenuto da RSA Security LLC o dalle sue affiliate (\"RSA\") o dal creatore originale del materiale. Ad eccezione di quanto indicato nel presente documento, nessuno dei materiali pu\u00f2 essere copiato, riprodotto, distribuito, ripubblicato, scaricato, visualizzato, inviato o trasmesso in qualsiasi forma o con qualsiasi mezzo, compresi, ma non solo, quelli elettronici, meccanici, di fotocopiatura, di registrazione o altro, senza la previa autorizzazione scritta di RSA o del proprietario del copyright. Si concede il permesso di visualizzare, copiare, distribuire e scaricare i materiali di questo Sito solo per uso personale e non commerciale, a condizione che non si modifichino i materiali e che si mantengano tutti i copyright e gli altri avvisi di propriet\u00e0 contenuti nei materiali. Inoltre, senza l'autorizzazione di RSA, non \u00e8 possibile effettuare il \"mirroring\" di alcun materiale contenuto in questo Sito su altri server. Questa autorizzazione termina automaticamente in caso di violazione di uno qualsiasi di questi termini o condizioni. Qualsiasi uso non autorizzato di materiale contenuto in questo Sito pu\u00f2 violare le leggi sul copyright, sui marchi, sulla privacy e sulla pubblicit\u00e0, nonch\u00e9 i regolamenti e gli statuti sulle comunicazioni.<\/p>\n<h4 class=\"size-h6-regular compressed\">AVVISO DEL DIGITAL MILLENNIUM COPYRIGHT ACT STATUNITENSE<\/h4>\n<p>Se ritenete che la vostra opera sia stata copiata in qualsiasi modo senza il vostro permesso, siete pregati di fornire le seguenti informazioni al nostro agente per la ricezione della Notifica di presunta violazione del copyright indicato di seguito. La notifica deve contenere quanto segue:<\/p>\n<p>La vostra firma elettronica o fisica;<br \/>\nUna descrizione dell'opera che si sostiene sia stata violata;<br \/>\nIdentificazione dell'opera che si sostiene violare il diritto d'autore e descrizione della sua collocazione sul sito web della RSA;<br \/>\nIl vostro indirizzo, numero di telefono e indirizzo e-mail;<br \/>\nUna dichiarazione in cui l'utente dichiara di ritenere in buona fede che l'uso illecito non \u00e8 autorizzato dal titolare del copyright, dall'agente del titolare del copyright o dalla legge; e<br \/>\nUna dichiarazione dell'utente, sotto pena di falsa testimonianza, che le informazioni di cui sopra contenute nell'avviso sono accurate e che l'utente \u00e8 il titolare del copyright o \u00e8 autorizzato ad agire per conto del titolare del copyright.<\/p>\n<p>RSA Security LLC<br \/>\nAttenzione: IP Legal<br \/>\n176 Middlesex Turnpike<br \/>\nBedford, MA 01730<\/p>\n<h4 class=\"size-h6-regular compressed\">La privacy<\/h4>\n<p class=\"compressed\">L'Informativa sulla privacy di RSA si applica all'utilizzo del Sito da parte dell'utente e fa parte dei presenti Termini. Si prega di prendere visione di entrambe le <a href=\"https:\/\/live-rsa-hub.pantheonsite.io\/privacy-policy\/\">Dichiarazione sulla privacy di RSA<\/a> e <a href=\"https:\/\/www.rsaconference.com\/privacy\">Dichiarazione sulla privacy della Conferenza RSA<\/a> e le relative informazioni sulla privacy e sull'utilizzo delle informazioni da parte di RSA. L'utente riconosce e accetta di essere responsabile di:<\/p>\n<ul>\n<li>Proteggere le informazioni relative all'account e alla password applicabili all'uso del Sito;<\/li>\n<li>Limitare l'uso e l'accesso al vostro computer, smartphone o altro dispositivo utilizzato per accedere al Sito; e<\/li>\n<li>Qualsiasi attivit\u00e0 che si verifichi sul vostro conto a causa della mancata protezione di tali informazioni da parte vostra.<\/li>\n<\/ul>\n<h4 class=\"size-h6-regular compressed\">Comunicare elettronicamente<\/h4>\n<p>Quando si utilizza il Sito, si comunica con la RSA. Accettate di ricevere comunicazioni elettroniche relative al vostro utilizzo del Sito. RSA pu\u00f2 comunicare con voi via e-mail o pubblicando avvisi sul Sito. L'utente accetta che tutte le comunicazioni di questo tipo soddisfino le norme legali che prevedono la forma scritta. RSA pu\u00f2 fornire avvisi all'utente tramite e-mail o messaggi sul Sito, e tali avvisi sono efficaci alla data in cui RSA li invia o li pubblica.<\/p>\n<h4 class=\"size-h6-regular compressed\">Esportazione<\/h4>\n<p>Tutti i Contenuti RSA sono soggetti alle leggi e alle normative statunitensi sul controllo delle esportazioni e sulle sanzioni economiche e possono essere soggetti anche alle leggi del paese in cui si risiede.<\/p>\n<h4 class=\"size-h6-regular compressed\">Esclusioni di responsabilit\u00e0<\/h4>\n<p class=\"compressed\">L'utente accetta di assumersi la piena responsabilit\u00e0 dell'uso del Sito. RSA fornisce il Sito e tutti i Contenuti RSA \"cos\u00ec come sono\" e \"come disponibili\". In particolare, RSA:<\/p>\n<ul>\n<li>Non fornisce alcuna dichiarazione o garanzia di alcun tipo;<\/li>\n<li>Esclude tutte le garanzie, comprese quelle di commerciabilit\u00e0, idoneit\u00e0, accuratezza, non violazione o funzionamento; e<\/li>\n<li>Non garantisce che il Sito e i Contenuti RSA siano privi di errori o difetti.<\/li>\n<\/ul>\n<h4 class=\"size-h6-regular compressed\">Limitazione di responsabilit\u00e0<\/h4>\n<p><b>RSA non \u00e8 responsabile in base a qualsiasi teoria legale (compresa la negligenza) per qualsiasi tipo di danno, anche se RSA era a conoscenza della possibilit\u00e0 di tali danni. RSA non \u00e8 responsabile per la perdita di dati o profitti derivanti dall'uso o dall'impossibilit\u00e0 di usare il Sito o i Contenuti RSA. Se l'utilizzo dei Contenuti RSA da parte dell'utente comporta la necessit\u00e0 di assistenza, riparazione o correzione di prodotti o dati, le riparazioni saranno a carico dell'utente. Alcune giurisdizioni limitano l'esclusione o la limitazione di determinati danni, pertanto questa disposizione potrebbe non essere applicabile.<\/b><\/p>\n<h4 class=\"size-h6-regular compressed\">Indennizzo<\/h4>\n<p>L'utente accetta di indennizzare, difendere e tenere indenne RSA e i suoi agenti, dipendenti e licenziatari da ogni reclamo e spesa di terzi, comprese le ragionevoli spese legali, in qualsiasi modo connessi all'uso del Sito o alla violazione dei presenti Termini da parte dell'utente.<\/p>\n<h4 class=\"size-h6-regular compressed\">Varie<\/h4>\n<ul>\n<li>Le presenti Condizioni non creano alcun rapporto giuridico tra l'utente e la RSA.<\/li>\n<li>La mancata applicazione di un diritto da parte della RSA non significa che la RSA vi abbia rinunciato.<\/li>\n<li>Se un tribunale o un altro organo giurisdizionale ritiene inapplicabile una qualsiasi disposizione dei presenti Termini, la RSA modificher\u00e0 tale disposizione solo nella misura necessaria a renderla applicabile. Gli altri termini rimarranno in vigore a tutti gli effetti.<\/li>\n<li>Qualsiasi interpretazione dei presenti Termini sar\u00e0 basata su un significato equo e le ambiguit\u00e0 non dovranno essere interpretate a favore o contro alcuna parte.<\/li>\n<li>La RSA pu\u00f2 cedere i propri diritti ai sensi dei presenti Termini, ma l'utente non pu\u00f2 farlo.<\/li>\n<li>I presenti Termini, insieme a qualsiasi altro termine accettato dall'utente durante l'utilizzo del Sito, costituiscono l'intero accordo tra la RSA e l'utente in merito all'utilizzo del Sito.<\/li>\n<li>I titoli sono solo di riferimento.<\/li>\n<li>Le presenti Condizioni sostituiscono qualsiasi accordo precedente con RSA sull'utilizzo di questo Sito e dei suoi contenuti.<\/li>\n<li>Le filiali dirette e indirette della RSA sono terzi beneficiari dei presenti Termini.<\/li>\n<\/ul>\n<h4 class=\"size-h6-regular compressed\">Legge applicabile; risoluzione delle controversie<\/h4>\n<p class=\"translation-block\">L'utente accetta che le leggi del Commonwealth del Massachusetts disciplineranno qualsiasi rivendicazione o controversia relativa ai presenti Termini, al Sito, ai Contenuti RSA, all'accesso e all'utilizzo del Sito da parte dell'utente o a qualsiasi combinazione di questi elementi (la \"<b>Discussione<\/b>\"), senza tenere conto dei conflitti di legge del Massachusetts. Prima che l'utente o RSA intenti una causa in merito a una Controversia, l'utente e RSA cercheranno di risolvere la Controversia attraverso la negoziazione o la mediazione con un mediatore di comune accordo. Lei e la RSA tratteranno l'esistenza o i risultati di qualsiasi negoziazione o mediazione in modo riservato. Se le parti non sono in grado di risolvere la Controversia entro trenta giorni dalla notifica della Controversia all'altra parte, le parti saranno libere di perseguire tutti i rimedi disponibili per legge o per equit\u00e0. Fermo restando quanto sopra, ciascuna delle parti ha il diritto di richiedere un'ordinanza restrittiva temporanea, un'ingiunzione preliminare o un altro provvedimento equitativo a un tribunale della giurisdizione competente per preservare lo status quo, prevenire un danno irreparabile, evitare la scadenza di qualsiasi periodo di prescrizione applicabile o preservare una posizione superiore rispetto ad altri creditori.<\/p>\n<h4 class=\"size-h6-regular compressed\">Contatto<\/h4>\n<p>La RSA \u00e8 proprietaria di questo Sito. In caso di domande sulla raccolta o sull'utilizzo dei dati personali da parte di RSA, consultare l'Informativa sulla privacy di RSA o contattare <a href=\"mailto:privacy@rsa.com\">privacy@rsa.com<\/a>. I residenti in California possono anche inviare reclami all'Unit\u00e0 di assistenza ai reclami della Division of Consumer Services del California Department of Consumer Affairs per posta all'indirizzo 1625 North Market Blvd., Sacramento, CA 95834, o per telefono al numero (916) 445-1254 o (800) 952-5210.<\/p>\n<p class=\"size-12\"><em>rev. 1SETTEMBRE2020<\/em><\/p>","protected":false},"excerpt":{"rendered":"<p>I presenti termini d'uso (\u201cTermini\u201d) costituiscono un accordo legale tra l'utente e RSA Security LLC e le sue affiliate (\u201cRSA\u201d). I Termini controllano l'uso e l'accesso ai siti web e alle informazioni online di RSA (i \u201cSiti\u201d o \u201cSito\u201d). Utilizzando i Siti di RSA, l'utente accetta i presenti Termini. RSA pu\u00f2 rivedere i presenti Termini in qualsiasi ... <a href=\"https:\/\/www.rsa.com\/it\/terms-of-use\/terms-of-use-sept-2020\/\">Continua<\/a><\/p>","protected":false},"author":2,"featured_media":0,"parent":227,"menu_order":0,"comment_status":"closed","ping_status":"closed","template":"template-policy.blade.php","meta":{"_acf_changed":false,"_searchwp_excluded":"","inline_featured_image":false,"footnotes":""},"class_list":["post-3604","page","type-page","status-publish","hentry"],"acf":[],"yoast_head":"<!-- This site is optimized with the Yoast SEO plugin v27.4 - https:\/\/yoast.com\/product\/yoast-seo-wordpress\/ -->\n<title>Terms of Use - September 2020 - RSA<\/title>\n<meta name=\"robots\" content=\"index, follow, max-snippet:-1, max-image-preview:large, max-video-preview:-1\" \/>\n<link rel=\"canonical\" href=\"https:\/\/www.rsa.com\/it\/terms-of-use\/terms-of-use-sept-2020\/\" \/>\n<meta property=\"og:locale\" content=\"it_IT\" \/>\n<meta property=\"og:type\" content=\"article\" \/>\n<meta property=\"og:title\" content=\"Terms of Use - September 2020 - RSA\" \/>\n<meta property=\"og:description\" content=\"About These Terms of Use These terms (&#8220;Terms&#8221;) are a legal agreement between you and RSA Security LLC and its affiliates (&#8220;RSA&#8221;). The Terms control your use and access to RSA&#8217;s websites and online information (the &#8220;Sites&#8221; or &#8220;Site&#8221;). By using RSA&#8217;s Sites, you agree to these Terms. RSA may revise these Terms at any &hellip; Continued\" \/>\n<meta property=\"og:url\" content=\"https:\/\/www.rsa.com\/it\/terms-of-use\/terms-of-use-sept-2020\/\" \/>\n<meta property=\"og:site_name\" content=\"RSA\" \/>\n<meta property=\"article:modified_time\" content=\"2025-02-07T21:22:39+00:00\" \/>\n<meta property=\"og:image\" content=\"https:\/\/www.rsa.com\/wp-content\/uploads\/rsa-og-image.webp\" \/>\n\t<meta property=\"og:image:width\" content=\"1200\" \/>\n\t<meta property=\"og:image:height\" content=\"630\" \/>\n\t<meta property=\"og:image:type\" content=\"image\/webp\" \/>\n<meta name=\"twitter:card\" content=\"summary_large_image\" \/>\n<script type=\"application\/ld+json\" class=\"yoast-schema-graph\">{\"@context\":\"https:\\\/\\\/schema.org\",\"@graph\":[{\"@type\":\"WebPage\",\"@id\":\"https:\\\/\\\/www.rsa.com\\\/ar\\\/terms-of-use\\\/terms-of-use-sept-2020\\\/\",\"url\":\"https:\\\/\\\/www.rsa.com\\\/ar\\\/terms-of-use\\\/terms-of-use-sept-2020\\\/\",\"name\":\"Terms of Use - September 2020 - RSA\",\"isPartOf\":{\"@id\":\"https:\\\/\\\/www.rsa.com\\\/#website\"},\"datePublished\":\"2022-08-08T19:30:58+00:00\",\"dateModified\":\"2025-02-07T21:22:39+00:00\",\"breadcrumb\":{\"@id\":\"https:\\\/\\\/www.rsa.com\\\/ar\\\/terms-of-use\\\/terms-of-use-sept-2020\\\/#breadcrumb\"},\"inLanguage\":\"it-IT\",\"potentialAction\":[{\"@type\":\"ReadAction\",\"target\":[\"https:\\\/\\\/www.rsa.com\\\/ar\\\/terms-of-use\\\/terms-of-use-sept-2020\\\/\"]}]},{\"@type\":\"BreadcrumbList\",\"@id\":\"https:\\\/\\\/www.rsa.com\\\/ar\\\/terms-of-use\\\/terms-of-use-sept-2020\\\/#breadcrumb\",\"itemListElement\":[{\"@type\":\"ListItem\",\"position\":1,\"name\":\"Home\",\"item\":\"https:\\\/\\\/www.rsa.com\\\/\"},{\"@type\":\"ListItem\",\"position\":2,\"name\":\"Terms of Use\",\"item\":\"https:\\\/\\\/www.rsa.com\\\/terms-of-use\\\/\"},{\"@type\":\"ListItem\",\"position\":3,\"name\":\"Terms of Use &#8211; September 2020\"}]},{\"@type\":\"WebSite\",\"@id\":\"https:\\\/\\\/www.rsa.com\\\/#website\",\"url\":\"https:\\\/\\\/www.rsa.com\\\/\",\"name\":\"RSA\",\"description\":\"Cybersecurity and Digital Risk Management Solutions\",\"publisher\":{\"@id\":\"https:\\\/\\\/www.rsa.com\\\/#organization\"},\"potentialAction\":[{\"@type\":\"SearchAction\",\"target\":{\"@type\":\"EntryPoint\",\"urlTemplate\":\"https:\\\/\\\/www.rsa.com\\\/?s={search_term_string}\"},\"query-input\":{\"@type\":\"PropertyValueSpecification\",\"valueRequired\":true,\"valueName\":\"search_term_string\"}}],\"inLanguage\":\"it-IT\"},{\"@type\":\"Organization\",\"@id\":\"https:\\\/\\\/www.rsa.com\\\/#organization\",\"name\":\"RSA\",\"url\":\"https:\\\/\\\/www.rsa.com\\\/\",\"logo\":{\"@type\":\"ImageObject\",\"inLanguage\":\"it-IT\",\"@id\":\"https:\\\/\\\/www.rsa.com\\\/#\\\/schema\\\/logo\\\/image\\\/\",\"url\":\"https:\\\/\\\/www.rsa.com\\\/wp-content\\\/uploads\\\/rsa.png\",\"contentUrl\":\"https:\\\/\\\/www.rsa.com\\\/wp-content\\\/uploads\\\/rsa.png\",\"width\":2880,\"height\":1020,\"caption\":\"RSA\"},\"image\":{\"@id\":\"https:\\\/\\\/www.rsa.com\\\/#\\\/schema\\\/logo\\\/image\\\/\"}}]}<\/script>\n<!-- \/ Yoast SEO plugin. -->","yoast_head_json":{"title":"Condizioni d'uso - Settembre 2020 - RSA","robots":{"index":"index","follow":"follow","max-snippet":"max-snippet:-1","max-image-preview":"max-image-preview:large","max-video-preview":"max-video-preview:-1"},"canonical":"https:\/\/www.rsa.com\/it\/terms-of-use\/terms-of-use-sept-2020\/","og_locale":"it_IT","og_type":"article","og_title":"Terms of Use - September 2020 - RSA","og_description":"About These Terms of Use These terms (&#8220;Terms&#8221;) are a legal agreement between you and RSA Security LLC and its affiliates (&#8220;RSA&#8221;). The Terms control your use and access to RSA&#8217;s websites and online information (the &#8220;Sites&#8221; or &#8220;Site&#8221;). By using RSA&#8217;s Sites, you agree to these Terms. RSA may revise these Terms at any &hellip; Continued","og_url":"https:\/\/www.rsa.com\/it\/terms-of-use\/terms-of-use-sept-2020\/","og_site_name":"RSA","article_modified_time":"2025-02-07T21:22:39+00:00","og_image":[{"width":1200,"height":630,"url":"https:\/\/www.rsa.com\/wp-content\/uploads\/rsa-og-image.webp","type":"image\/webp"}],"twitter_card":"summary_large_image","schema":{"@context":"https:\/\/schema.org","@graph":[{"@type":"WebPage","@id":"https:\/\/www.rsa.com\/ar\/terms-of-use\/terms-of-use-sept-2020\/","url":"https:\/\/www.rsa.com\/ar\/terms-of-use\/terms-of-use-sept-2020\/","name":"Condizioni d'uso - Settembre 2020 - RSA","isPartOf":{"@id":"https:\/\/www.rsa.com\/#website"},"datePublished":"2022-08-08T19:30:58+00:00","dateModified":"2025-02-07T21:22:39+00:00","breadcrumb":{"@id":"https:\/\/www.rsa.com\/ar\/terms-of-use\/terms-of-use-sept-2020\/#breadcrumb"},"inLanguage":"it-IT","potentialAction":[{"@type":"ReadAction","target":["https:\/\/www.rsa.com\/ar\/terms-of-use\/terms-of-use-sept-2020\/"]}]},{"@type":"BreadcrumbList","@id":"https:\/\/www.rsa.com\/ar\/terms-of-use\/terms-of-use-sept-2020\/#breadcrumb","itemListElement":[{"@type":"ListItem","position":1,"name":"Home","item":"https:\/\/www.rsa.com\/"},{"@type":"ListItem","position":2,"name":"Terms of Use","item":"https:\/\/www.rsa.com\/terms-of-use\/"},{"@type":"ListItem","position":3,"name":"Terms of Use &#8211; September 2020"}]},{"@type":"WebSite","@id":"https:\/\/www.rsa.com\/#website","url":"https:\/\/www.rsa.com\/","name":"RSA","description":"Soluzioni di cybersecurity e di gestione del rischio digitale","publisher":{"@id":"https:\/\/www.rsa.com\/#organization"},"potentialAction":[{"@type":"SearchAction","target":{"@type":"EntryPoint","urlTemplate":"https:\/\/www.rsa.com\/?s={search_term_string}"},"query-input":{"@type":"PropertyValueSpecification","valueRequired":true,"valueName":"search_term_string"}}],"inLanguage":"it-IT"},{"@type":"Organization","@id":"https:\/\/www.rsa.com\/#organization","name":"RSA","url":"https:\/\/www.rsa.com\/","logo":{"@type":"ImageObject","inLanguage":"it-IT","@id":"https:\/\/www.rsa.com\/#\/schema\/logo\/image\/","url":"https:\/\/www.rsa.com\/wp-content\/uploads\/rsa.png","contentUrl":"https:\/\/www.rsa.com\/wp-content\/uploads\/rsa.png","width":2880,"height":1020,"caption":"RSA"},"image":{"@id":"https:\/\/www.rsa.com\/#\/schema\/logo\/image\/"}}]}},"_links":{"self":[{"href":"https:\/\/www.rsa.com\/it\/wp-json\/wp\/v2\/pages\/3604","targetHints":{"allow":["GET"]}}],"collection":[{"href":"https:\/\/www.rsa.com\/it\/wp-json\/wp\/v2\/pages"}],"about":[{"href":"https:\/\/www.rsa.com\/it\/wp-json\/wp\/v2\/types\/page"}],"author":[{"embeddable":true,"href":"https:\/\/www.rsa.com\/it\/wp-json\/wp\/v2\/users\/2"}],"replies":[{"embeddable":true,"href":"https:\/\/www.rsa.com\/it\/wp-json\/wp\/v2\/comments?post=3604"}],"version-history":[{"count":4,"href":"https:\/\/www.rsa.com\/it\/wp-json\/wp\/v2\/pages\/3604\/revisions"}],"predecessor-version":[{"id":3611,"href":"https:\/\/www.rsa.com\/it\/wp-json\/wp\/v2\/pages\/3604\/revisions\/3611"}],"up":[{"embeddable":true,"href":"https:\/\/www.rsa.com\/it\/wp-json\/wp\/v2\/pages\/227"}],"wp:attachment":[{"href":"https:\/\/www.rsa.com\/it\/wp-json\/wp\/v2\/media?parent=3604"}],"curies":[{"name":"wp","href":"https:\/\/api.w.org\/{rel}","templated":true}]}}