{"id":3525,"date":"2022-08-03T15:40:27","date_gmt":"2022-08-03T19:40:27","guid":{"rendered":"https:\/\/www.rsa.com\/?page_id=3525"},"modified":"2025-12-15T10:49:41","modified_gmt":"2025-12-15T15:49:41","slug":"ethical-supply-chain-statement","status":"publish","type":"page","link":"https:\/\/www.rsa.com\/it\/ethical-supply-chain-statement\/","title":{"rendered":"Catena di approvvigionamento etica"},"content":{"rendered":"<p>RSA fornisce un Unified Identity Platform basato sull'intelligenza artificiale per proteggere le organizzazioni pi\u00f9 sicure al mondo, fornendo funzionalit\u00e0 automatizzate di identit\u00e0, autenticazione, accesso, governance e ciclo di vita per ridurre i rischi, garantire l'autenticazione, mantenere la conformit\u00e0 e automatizzare i processi. RSA serve clienti in tutto il mondo, tra cui banche, cooperative di credito, altri istituti finanziari, clienti aziendali e commercianti, per aiutare i clienti a ottenere i migliori risultati grazie all'impegno verso l'innovazione e l'eccellenza.<\/p>\n<p>La sede centrale globale di RSA si trova negli Stati Uniti. Inoltre, RSA opera in oltre 20 altri paesi direttamente o tramite filiali. Alcune filiali di RSA operano nel Regno Unito, in Canada o in Australia e attualmente non rientrano nell'ambito di applicazione delle leggi antischiavit\u00f9 applicabili, ma potrebbero, di anno in anno, a seconda del fatturato annuo, rientrare in tale ambito.<\/p>\n<p>RSA sostiene gli obiettivi e gli sforzi del California Transparency in Supply Chains Act del 2010, che impone a determinati rivenditori e produttori che operano in California di fornire informazioni relative ai loro sforzi volti a eliminare o prevenire la tratta di esseri umani, la schiavit\u00f9, il lavoro minorile e le condizioni di lavoro non etiche nella loro catena di approvvigionamento. RSA sostiene i principi del Fight Against Forced Labour and Child Labour in Supply Chains Act (2023), del Modern Slavery Act 2015 (Regno Unito) e dell'Australian Modern Slavery Act 2018 (Cth) e si impegna a proseguire e migliorare gli sforzi di RSA volti a identificare e mitigare i rischi di schiavit\u00f9 moderna e traffico di esseri umani dalle attivit\u00e0 commerciali e dalle catene di approvvigionamento di RSA. A tal fine, RSA fornisce la presente dichiarazione in conformit\u00e0 con le leggi applicabili in materia di schiavit\u00f9 moderna, comprese quelle sopra menzionate.<\/p>\n<p>RSA si impegna a trattare tutti i lavoratori con rispetto e dignit\u00e0, a garantire condizioni di lavoro sicure e a condurre operazioni etiche e responsabili dal punto di vista ambientale. RSA lavora con informazioni riservate e servizi di sicurezza, di conseguenza mantiene i pi\u00f9 alti standard di integrit\u00e0, etica e fiducia. Inoltre, RSA \u00e8 tenuta a rispettare gli standard pi\u00f9 elevati delle leggi e dell'etica delle giurisdizioni applicabili a tutti i rapporti commerciali. <\/p>\n<p class=\"translation-block\">&lt;RSA si assicura generalmente che i materiali acquistati dai fornitori abbiano una catena di fornitura consolidata, in regola e conforme ai requisiti legali delle giurisdizioni in cui operano. RSA ritiene che i suoi fornitori non pratichino il traffico illegale di esseri umani, la schiavit\u00f9, il lavoro minorile e\/o condizioni di lavoro non etiche; tuttavia, n\u00e9 RSA, n\u00e9 una terza parte, svolge ulteriori indagini o valutazioni delle catene di fornitura per valutare tali questioni.<\/p>\n<p><strong>Audit<\/strong>. Il programma di gestione dei rischi di terze parti di RSA stabilisce i principi guida, gli standard e le strutture di governance associate per identificare, valutare, monitorare e mitigare i rischi associati ai nostri fornitori. RSA si aspetta che tutti i suoi fornitori rispettino tutte le leggi applicabili, in particolare quelle che richiedono pratiche commerciali etiche. Se RSA sospetta che un fornitore sia coinvolto in attivit\u00e0 illegali di traffico di esseri umani, schiavit\u00f9, lavoro minorile e\/o condizioni di lavoro non etiche, RSA pu\u00f2 indagare ulteriormente sulla questione per raccogliere prove. Ad eccezione dei casi in cui RSA possa essere coinvolta in un'indagine sulla catena di fornitura relativa alle attivit\u00e0 illegali menzionate in precedenza, RSA non esamina n\u00e9 controlla i propri fornitori per valutare la loro conformit\u00e0 alle leggi contro la schiavit\u00f9 e il traffico di esseri umani.<\/p>\n<p><strong>Certificazione<\/strong>. RSA intrattiene rapporti commerciali con fornitori affermati e affidabili che, per quanto a nostra conoscenza, rispettano le leggi vigenti nelle giurisdizioni in cui operano. RSA richiede ai propri fornitori di autocertificare il rispetto di tutte le leggi vigenti nelle giurisdizioni in cui operano.<\/p>\n<p><strong>Responsabilit\u00e0<\/strong>. RSA e i suoi dipendenti, insieme ai suoi fornitori, sono tenuti a conformarsi a tutte le leggi e\/o politiche applicabili delle giurisdizioni in cui svolgono la loro attivit\u00e0; le politiche interne che devono essere seguite includono <a href=\"\/wp-content\/uploads\/rsa-code-of-business-conduct-and-ethics.pdf\" target=\"_blank\">Codice di condotta ed etica di RSA<\/a>. Le violazioni di queste politiche, tra cui la tratta di esseri umani, la schiavit\u00f9, il lavoro minorile e\/o condizioni di lavoro non etiche, le molestie, la corruzione, il riciclaggio di denaro sporco, possono portare a provvedimenti disciplinari, fino alla cessazione del nostro rapporto, o altre azioni legali, a seconda dei casi. RSA mantiene inoltre meccanismi di responsabilit\u00e0 e reclamo a livello aziendale (ad esempio il contatto RSA Ethics), disponibili sia per i dipendenti che per le parti esterne. <\/p>\n<p class=\"translation-block\">&lt;Sebbene RSA non fornisca attualmente ai propri dipendenti e al management una formazione specifica sulla schiavit\u00f9 e sul traffico di esseri umani, la formazione sul <a href=\"https:\/\/www.rsa.com\/wp-content\/uploads\/rsa-code-of-business-conduct-and-ethics.pdf\" rel=\"noopener\" target=\"_blank\">Codice di condotta ed etica di RSA<\/a> viene effettuata per i nuovi assunti e in occasione di modifiche a tali politiche.<\/p>\n<p><strong>Data di entrata in vigore: 15 dicembre 2025<\/strong><\/p>\n<p><em>\u00a92025 RSA Security USA LLC o le sue affiliate. Tutti i diritti riservati. Il logo della conferenza RSA, RSA e altri marchi sono marchi di RSA Security USA LLC o delle sue affiliate. Altri marchi possono essere marchi dei rispettivi proprietari.<\/em><\/p>\n<p>Precedente Dichiarazione sulla catena di approvvigionamento etica:<\/p>\n<ul>\n<li><a href=\"\/it\/ethical-supply-chain-2022\/\">Luglio 2022<\/a><\/li>\n<\/ul>","protected":false},"excerpt":{"rendered":"<p>RSA fornisce una soluzione Unified Identity Platform basata sull'intelligenza artificiale per proteggere le organizzazioni pi\u00f9 sicure al mondo, offrendo funzionalit\u00e0 automatizzate di identit\u00e0, autenticazione, accesso, governance e ciclo di vita per ridurre i rischi, garantire l'autenticazione, mantenere la conformit\u00e0 e automatizzare i processi. RSA serve clienti in tutto il mondo, tra cui banche, cooperative di credito, altri istituti finanziari, clienti aziendali e commercianti, per aiutare i clienti ... <a href=\"https:\/\/www.rsa.com\/it\/ethical-supply-chain-statement\/\">Continua<\/a><\/p>","protected":false},"author":2,"featured_media":0,"parent":0,"menu_order":0,"comment_status":"closed","ping_status":"closed","template":"template-policy.blade.php","meta":{"_acf_changed":false,"_searchwp_excluded":"","inline_featured_image":false,"footnotes":""},"class_list":["post-3525","page","type-page","status-publish","hentry"],"acf":[],"yoast_head":"<!-- This site is optimized with the Yoast SEO plugin v27.3 - https:\/\/yoast.com\/product\/yoast-seo-wordpress\/ -->\n<title>Ethical Supply Chain - RSA<\/title>\n<meta name=\"description\" content=\"RSA provides this statement pursuant to the applicable laws concerning modern slavery.\" \/>\n<meta name=\"robots\" content=\"index, follow, max-snippet:-1, max-image-preview:large, max-video-preview:-1\" \/>\n<link rel=\"canonical\" href=\"https:\/\/www.rsa.com\/it\/ethical-supply-chain-statement\/\" \/>\n<meta property=\"og:locale\" content=\"it_IT\" \/>\n<meta property=\"og:type\" content=\"article\" \/>\n<meta property=\"og:title\" content=\"Ethical Supply Chain\" \/>\n<meta property=\"og:description\" content=\"RSA provides this statement pursuant to the applicable laws concerning modern slavery.\" \/>\n<meta property=\"og:url\" content=\"https:\/\/www.rsa.com\/it\/ethical-supply-chain-statement\/\" \/>\n<meta property=\"og:site_name\" content=\"RSA\" \/>\n<meta property=\"article:modified_time\" content=\"2025-12-15T15:49:41+00:00\" \/>\n<meta property=\"og:image\" content=\"https:\/\/www.rsa.com\/wp-content\/uploads\/rsa-og-image.webp\" \/>\n\t<meta property=\"og:image:width\" content=\"1200\" \/>\n\t<meta property=\"og:image:height\" content=\"630\" \/>\n\t<meta property=\"og:image:type\" content=\"image\/webp\" \/>\n<meta name=\"twitter:card\" content=\"summary_large_image\" \/>\n<meta name=\"twitter:title\" content=\"Ethical Supply Chain\" \/>\n<meta name=\"twitter:description\" content=\"RSA provides this statement pursuant to the applicable laws concerning modern slavery.\" \/>\n<script type=\"application\/ld+json\" class=\"yoast-schema-graph\">{\"@context\":\"https:\\\/\\\/schema.org\",\"@graph\":[{\"@type\":\"WebPage\",\"@id\":\"https:\\\/\\\/www.rsa.com\\\/ethical-supply-chain-statement\\\/\",\"url\":\"https:\\\/\\\/www.rsa.com\\\/ethical-supply-chain-statement\\\/\",\"name\":\"Ethical Supply Chain - RSA\",\"isPartOf\":{\"@id\":\"https:\\\/\\\/www.rsa.com\\\/#website\"},\"datePublished\":\"2022-08-03T19:40:27+00:00\",\"dateModified\":\"2025-12-15T15:49:41+00:00\",\"description\":\"RSA provides this statement pursuant to the applicable laws concerning modern slavery.\",\"breadcrumb\":{\"@id\":\"https:\\\/\\\/www.rsa.com\\\/ethical-supply-chain-statement\\\/#breadcrumb\"},\"inLanguage\":\"it-IT\",\"potentialAction\":[{\"@type\":\"ReadAction\",\"target\":[\"https:\\\/\\\/www.rsa.com\\\/ethical-supply-chain-statement\\\/\"]}]},{\"@type\":\"BreadcrumbList\",\"@id\":\"https:\\\/\\\/www.rsa.com\\\/ethical-supply-chain-statement\\\/#breadcrumb\",\"itemListElement\":[{\"@type\":\"ListItem\",\"position\":1,\"name\":\"Home\",\"item\":\"https:\\\/\\\/www.rsa.com\\\/\"},{\"@type\":\"ListItem\",\"position\":2,\"name\":\"Ethical Supply Chain\"}]},{\"@type\":\"WebSite\",\"@id\":\"https:\\\/\\\/www.rsa.com\\\/#website\",\"url\":\"https:\\\/\\\/www.rsa.com\\\/\",\"name\":\"RSA\",\"description\":\"Cybersecurity and Digital Risk Management Solutions\",\"publisher\":{\"@id\":\"https:\\\/\\\/www.rsa.com\\\/#organization\"},\"potentialAction\":[{\"@type\":\"SearchAction\",\"target\":{\"@type\":\"EntryPoint\",\"urlTemplate\":\"https:\\\/\\\/www.rsa.com\\\/?s={search_term_string}\"},\"query-input\":{\"@type\":\"PropertyValueSpecification\",\"valueRequired\":true,\"valueName\":\"search_term_string\"}}],\"inLanguage\":\"it-IT\"},{\"@type\":\"Organization\",\"@id\":\"https:\\\/\\\/www.rsa.com\\\/#organization\",\"name\":\"RSA\",\"url\":\"https:\\\/\\\/www.rsa.com\\\/\",\"logo\":{\"@type\":\"ImageObject\",\"inLanguage\":\"it-IT\",\"@id\":\"https:\\\/\\\/www.rsa.com\\\/#\\\/schema\\\/logo\\\/image\\\/\",\"url\":\"https:\\\/\\\/www.rsa.com\\\/wp-content\\\/uploads\\\/rsa.png\",\"contentUrl\":\"https:\\\/\\\/www.rsa.com\\\/wp-content\\\/uploads\\\/rsa.png\",\"width\":2880,\"height\":1020,\"caption\":\"RSA\"},\"image\":{\"@id\":\"https:\\\/\\\/www.rsa.com\\\/#\\\/schema\\\/logo\\\/image\\\/\"}}]}<\/script>\n<!-- \/ Yoast SEO plugin. -->","yoast_head_json":{"title":"Catena di approvvigionamento etica - RSA","description":"La RSA fornisce questa dichiarazione ai sensi delle leggi vigenti in materia di schiavit\u00f9 moderna.","robots":{"index":"index","follow":"follow","max-snippet":"max-snippet:-1","max-image-preview":"max-image-preview:large","max-video-preview":"max-video-preview:-1"},"canonical":"https:\/\/www.rsa.com\/it\/ethical-supply-chain-statement\/","og_locale":"it_IT","og_type":"article","og_title":"Ethical Supply Chain","og_description":"RSA provides this statement pursuant to the applicable laws concerning modern slavery.","og_url":"https:\/\/www.rsa.com\/it\/ethical-supply-chain-statement\/","og_site_name":"RSA","article_modified_time":"2025-12-15T15:49:41+00:00","og_image":[{"width":1200,"height":630,"url":"https:\/\/www.rsa.com\/wp-content\/uploads\/rsa-og-image.webp","type":"image\/webp"}],"twitter_card":"summary_large_image","twitter_title":"Ethical Supply Chain","twitter_description":"RSA provides this statement pursuant to the applicable laws concerning modern slavery.","schema":{"@context":"https:\/\/schema.org","@graph":[{"@type":"WebPage","@id":"https:\/\/www.rsa.com\/ethical-supply-chain-statement\/","url":"https:\/\/www.rsa.com\/ethical-supply-chain-statement\/","name":"Catena di approvvigionamento etica - RSA","isPartOf":{"@id":"https:\/\/www.rsa.com\/#website"},"datePublished":"2022-08-03T19:40:27+00:00","dateModified":"2025-12-15T15:49:41+00:00","description":"La RSA fornisce questa dichiarazione ai sensi delle leggi vigenti in materia di schiavit\u00f9 moderna.","breadcrumb":{"@id":"https:\/\/www.rsa.com\/ethical-supply-chain-statement\/#breadcrumb"},"inLanguage":"it-IT","potentialAction":[{"@type":"ReadAction","target":["https:\/\/www.rsa.com\/ethical-supply-chain-statement\/"]}]},{"@type":"BreadcrumbList","@id":"https:\/\/www.rsa.com\/ethical-supply-chain-statement\/#breadcrumb","itemListElement":[{"@type":"ListItem","position":1,"name":"Home","item":"https:\/\/www.rsa.com\/"},{"@type":"ListItem","position":2,"name":"Ethical Supply Chain"}]},{"@type":"WebSite","@id":"https:\/\/www.rsa.com\/#website","url":"https:\/\/www.rsa.com\/","name":"RSA","description":"Soluzioni di cybersecurity e di gestione del rischio digitale","publisher":{"@id":"https:\/\/www.rsa.com\/#organization"},"potentialAction":[{"@type":"SearchAction","target":{"@type":"EntryPoint","urlTemplate":"https:\/\/www.rsa.com\/?s={search_term_string}"},"query-input":{"@type":"PropertyValueSpecification","valueRequired":true,"valueName":"search_term_string"}}],"inLanguage":"it-IT"},{"@type":"Organization","@id":"https:\/\/www.rsa.com\/#organization","name":"RSA","url":"https:\/\/www.rsa.com\/","logo":{"@type":"ImageObject","inLanguage":"it-IT","@id":"https:\/\/www.rsa.com\/#\/schema\/logo\/image\/","url":"https:\/\/www.rsa.com\/wp-content\/uploads\/rsa.png","contentUrl":"https:\/\/www.rsa.com\/wp-content\/uploads\/rsa.png","width":2880,"height":1020,"caption":"RSA"},"image":{"@id":"https:\/\/www.rsa.com\/#\/schema\/logo\/image\/"}}]}},"_links":{"self":[{"href":"https:\/\/www.rsa.com\/it\/wp-json\/wp\/v2\/pages\/3525","targetHints":{"allow":["GET"]}}],"collection":[{"href":"https:\/\/www.rsa.com\/it\/wp-json\/wp\/v2\/pages"}],"about":[{"href":"https:\/\/www.rsa.com\/it\/wp-json\/wp\/v2\/types\/page"}],"author":[{"embeddable":true,"href":"https:\/\/www.rsa.com\/it\/wp-json\/wp\/v2\/users\/2"}],"replies":[{"embeddable":true,"href":"https:\/\/www.rsa.com\/it\/wp-json\/wp\/v2\/comments?post=3525"}],"version-history":[{"count":6,"href":"https:\/\/www.rsa.com\/it\/wp-json\/wp\/v2\/pages\/3525\/revisions"}],"predecessor-version":[{"id":35866,"href":"https:\/\/www.rsa.com\/it\/wp-json\/wp\/v2\/pages\/3525\/revisions\/35866"}],"wp:attachment":[{"href":"https:\/\/www.rsa.com\/it\/wp-json\/wp\/v2\/media?parent=3525"}],"curies":[{"name":"wp","href":"https:\/\/api.w.org\/{rel}","templated":true}]}}