{"id":30839,"date":"2024-07-10T16:43:58","date_gmt":"2024-07-10T20:43:58","guid":{"rendered":"https:\/\/www.rsa.com\/?page_id=30839"},"modified":"2025-07-03T09:55:42","modified_gmt":"2025-07-03T13:55:42","slug":"warranty-and-replacement-parts","status":"publish","type":"page","link":"https:\/\/www.rsa.com\/it\/warranty-and-replacement-parts\/","title":{"rendered":"Garanzia e parti di ricambio"},"content":{"rendered":"<p>RSA offre un servizio clienti e un'assistenza tecnica leader del settore per la sua linea completa di prodotti e soluzioni tecnologiche per la sicurezza. Vedere il <a href=\"\/it\/standard-form-agreements\/warranty-and-maintenance\/\">Tabella di manutenzione della garanzia e delle parti di ricambio della RSA<\/a> per un elenco dei prodotti e delle famiglie di prodotti RSA, insieme a un riepilogo dei termini e delle opzioni di garanzia e manutenzione disponibili per ciascuno di essi.<\/p>\n<h4>Politica di restituzione della garanzia del dispositivo SecurID<\/h4>\n<p>In caso di difficolt\u00e0 con l'hardware di RSA SecurID Appliance, <a href=\"\/it\/support\/#technicalsupport\">contattare telefonicamente l'Assistenza RSA<\/a>.<\/p>\n<p>Se il problema non pu\u00f2 essere risolto ed \u00e8 necessario restituire l'hardware, \u00e8 necessario un contratto di manutenzione valido. Se \u00e8 necessario un nuovo contratto, \u00e8 possibile acquistarlo tramite <a href=\"\/it\/contact\/\">Vendite RSA<\/a>.<\/p>\n<p>Una volta approvata la richiesta di autorizzazione alla restituzione del materiale (RMA), la RSA invier\u00e0 i due articoli seguenti:<\/p>\n<ul>\n<li>Una periferica RSA SecurID sostitutiva, spedita con posta prioritaria all'indirizzo indicato dall'utente.<\/li>\n<li>Un'e-mail contenente le istruzioni per la spedizione del reso e un'etichetta elettronica per la spedizione del reso dell'apparecchio da restituire.<\/li>\n<\/ul>\n<p>I resi devono essere spediti all'indirizzo fornito nell'e-mail. Non sar\u00e0 accettata alcuna merce in cambio o in restituzione senza un numero RMA pre-approvato.<\/p>\n<p><strong>Nota<\/strong>: L'apparecchio originale deve essere rispedito entro 15 giorni dalla ricezione del ricambio, altrimenti si incorrer\u00e0 in un costo di sostituzione pari al valore originale dell'apparecchio.<\/p>\n<p>Le richieste di RMA approvate tra le 12:00 e le 14:00 ora locale vengono spedite nello stesso giorno lavorativo. Dopo le 14:00 ora locale, l'apparecchio sostitutivo viene spedito il giorno lavorativo successivo. L'ufficio si trova a Bedford, MA, sull'ora orientale.<\/p>\n<p>Tutte le richieste di RMA vengono elaborate il giorno lavorativo in cui sono state ricevute, esclusi i giorni festivi.<\/p>\n<h4>Politica di garanzia del software RSA<\/h4>\n<p>Salvo quanto diversamente concordato da RSA e dal cliente in un contratto scritto o come indicato di seguito, la durata della garanzia per il software fornito in base a un contratto stipulato direttamente tra RSA in qualit\u00e0 di licenziante e il cliente \u00e8 di novanta (90) giorni dalla data di spedizione o dalla data di disponibilit\u00e0 elettronica, a seconda dei casi.<\/p>\n<p>Le durate della garanzia di cui sopra si applicano al software elencato negli ordini presentati a RSA durante il periodo in cui \u00e8 in vigore la durata della garanzia applicabile.<\/p>\n<p>RSA pu\u00f2 modificare in qualsiasi momento le durate della garanzia sopra descritte e ne dar\u00e0 comunicazione al cliente tramite una nuova pubblicazione su questo sito. Tuttavia, tali modifiche non si applicheranno a qualsiasi software elencato in un ordine che faccia riferimento a un preventivo RSA valido e precedente alla data di tale modifica.<\/p>\n<h4>Sostituzione e smaltimento del token RSA SecurID<\/h4>\n<p>Leggere prima di restituire i token alla RSA.<\/p>\n<h4>Garanzia<\/h4>\n<p>RSA garantisce tutti i token RSA SecurID fino a 6 mesi prima della data di scadenza stampata sulla piastra posteriore. I token saranno sostituiti gratuitamente se non funzionano pi\u00f9 correttamente a causa di problemi nei materiali o nella lavorazione. I token non saranno sostituiti gratuitamente se danneggiati per negligenza o abuso.<\/p>\n<p>La garanzia non copre i danni, ad esempio custodie piegate, danni causati da liquidi, ecc. La tasca dei pantaloni o il portafoglio della tasca posteriore non sono un buon posto per trasportare una carta RSA SecurID. Allo stesso modo, la conservazione sul cruscotto dell'auto o nel vano portaoggetti pu\u00f2 esporre il token a temperature estreme. Anche se ragionevolmente robusti, i token RSA SecurID devono essere trattati con la stessa cura di un dispositivo di precisione. Per informazioni dettagliate e suggerimenti sulla conservazione, l'uso e la cura dei token, la gestione dell'inventario, la distribuzione e l'amministrazione sicura e le responsabilit\u00e0 degli utenti, consultare il manuale di istruzioni.<\/p>\n<h4>Politica di sostituzione dei supporti di registrazione dei token RSA SecurID<\/h4>\n<p>La politica di RSA prevede che le richieste di sostituzione dei supporti di registrazione dei token RSA SecurID NON vengano accettate oltre i 150 giorni successivi all'evasione dell'ordine originale (come definito dalla data di spedizione dell'ordine originale da parte di RSA).<\/p>\n<h4>Risoluzione dei problemi<\/h4>\n<p>Prima di restituire un token che sembra funzionare normalmente (continua a generare caratteri) ma che risulta ripetutamente in Accesso negato, verificare innanzitutto che il token sia abilitato e assegnato. Se necessario, consultare il manuale di istruzioni del prodotto. Inoltre, \u00e8 consigliabile sottoporre il token alla procedura Nuovo PIN per assicurarsi che venga risincronizzato correttamente.<\/p>\n<h4>Restituzioni<\/h4>\n<p>L'amministratore di sistema della vostra azienda restituir\u00e0 i token non scaduti che non funzionano pi\u00f9 correttamente al reparto Programmazione token di RSA. La ricezione dei token sostitutivi dipender\u00e0 dall'opzione di sostituzione selezionata dall'amministratore di sistema e dalle procedure interne dell'azienda. Per motivi di sicurezza, le spedizioni vengono effettuate solo all'amministratore di sistema di un sito cliente esistente. Quando si richiede un token sostitutivo, si prega di fornire il maggior numero possibile di dettagli sul problema.<\/p>\n<p>Se possibile, riutilizzare l'imballaggio in cui sono arrivati i gettoni o utilizzare un imballaggio rigido simile (ad esempio, pluriball e cartone ondulato). Per un costo nominale, la RSA fornir\u00e0 i materiali adatti. Per informazioni su prezzi e ordini, contattare il rappresentante locale.<\/p>\n<p>Le spese di spedizione per la restituzione sono a carico del cliente.<\/p>\n<p>I token difettosi restituiti alla RSA diventano di propriet\u00e0 della RSA e non saranno restituiti.<\/p>\n<p><a href=\"https:\/\/rsasecurity.my.salesforce-sites.com\/ReturnsForm\" target=\"_blank\" rel=\"noopener\">Richiesta di gettoni sostitutivi<\/a><br \/>\nLeggi <a href=\"https:\/\/community.rsa.com\/s\/news\/statement-on-safe-use-and-disposal-of-securid-tokens-MCHJAXE6UALBBHFNRTBAZW6B66MI\" target=\"_blank\" rel=\"noopener\">Dichiarazione di utilizzo e smaltimento sicuro<\/a><\/p>","protected":false},"excerpt":{"rendered":"<p>RSA provides industry-leading customer service and technical support for our complete line of Security technology products and solutions. See the RSA Warranty and Replacement Parts Maintenance Table for a list of RSA&#8217;s products and product families, along with a summary of the warranty and maintenance terms and options available for each. SecurID Appliance Warranty Return &hellip; <a href=\"https:\/\/www.rsa.com\/it\/warranty-and-replacement-parts\/\">Continua<\/a><\/p>","protected":false},"author":2,"featured_media":0,"parent":0,"menu_order":0,"comment_status":"closed","ping_status":"closed","template":"template-policy.blade.php","meta":{"_acf_changed":false,"_searchwp_excluded":"","inline_featured_image":false,"footnotes":""},"class_list":["post-30839","page","type-page","status-publish","hentry"],"acf":[],"yoast_head":"<!-- This site is optimized with the Yoast SEO plugin v27.3 - https:\/\/yoast.com\/product\/yoast-seo-wordpress\/ -->\n<title>Warranty and Replacement Parts<\/title>\n<meta name=\"description\" content=\"RSA provides industry-leading customer service and technical support for our complete line of Security technology products and solutions.\" \/>\n<meta name=\"robots\" content=\"index, follow, max-snippet:-1, max-image-preview:large, max-video-preview:-1\" \/>\n<link rel=\"canonical\" href=\"https:\/\/www.rsa.com\/it\/warranty-and-replacement-parts\/\" \/>\n<meta property=\"og:locale\" content=\"it_IT\" \/>\n<meta property=\"og:type\" content=\"article\" \/>\n<meta property=\"og:title\" content=\"Warranty and Replacement Parts\" \/>\n<meta property=\"og:description\" content=\"RSA has developed this Privacy Statement that outlines our privacy practice on how we process, collect, use and share your personal information.\" \/>\n<meta property=\"og:url\" content=\"https:\/\/www.rsa.com\/it\/warranty-and-replacement-parts\/\" \/>\n<meta property=\"og:site_name\" content=\"RSA\" \/>\n<meta property=\"article:modified_time\" content=\"2025-07-03T13:55:42+00:00\" \/>\n<meta property=\"og:image\" content=\"https:\/\/www.rsa.com\/wp-content\/uploads\/rsa-og-image.jpg\" \/>\n\t<meta property=\"og:image:width\" content=\"1200\" \/>\n\t<meta property=\"og:image:height\" content=\"630\" \/>\n\t<meta property=\"og:image:type\" content=\"image\/jpeg\" \/>\n<meta name=\"twitter:card\" content=\"summary_large_image\" \/>\n<meta name=\"twitter:title\" content=\"Warranty and Replacement Parts\" \/>\n<meta name=\"twitter:description\" content=\"RSA has developed this Privacy Statement that outlines our privacy practice on how we process, collect, use and share your personal information.\" \/>\n<meta name=\"twitter:image\" content=\"https:\/\/www.rsa.com\/wp-content\/uploads\/rsa-og-image.jpg\" \/>\n<script type=\"application\/ld+json\" class=\"yoast-schema-graph\">{\"@context\":\"https:\\\/\\\/schema.org\",\"@graph\":[{\"@type\":\"WebPage\",\"@id\":\"https:\\\/\\\/www.rsa.com\\\/fr_ca\\\/warranty-and-replacement-parts\\\/\",\"url\":\"https:\\\/\\\/www.rsa.com\\\/fr_ca\\\/warranty-and-replacement-parts\\\/\",\"name\":\"Warranty and Replacement Parts\",\"isPartOf\":{\"@id\":\"https:\\\/\\\/www.rsa.com\\\/#website\"},\"datePublished\":\"2024-07-10T20:43:58+00:00\",\"dateModified\":\"2025-07-03T13:55:42+00:00\",\"description\":\"RSA provides industry-leading customer service and technical support for our complete line of Security technology products and solutions.\",\"breadcrumb\":{\"@id\":\"https:\\\/\\\/www.rsa.com\\\/fr_ca\\\/warranty-and-replacement-parts\\\/#breadcrumb\"},\"inLanguage\":\"it-IT\",\"potentialAction\":[{\"@type\":\"ReadAction\",\"target\":[\"https:\\\/\\\/www.rsa.com\\\/fr_ca\\\/warranty-and-replacement-parts\\\/\"]}]},{\"@type\":\"BreadcrumbList\",\"@id\":\"https:\\\/\\\/www.rsa.com\\\/fr_ca\\\/warranty-and-replacement-parts\\\/#breadcrumb\",\"itemListElement\":[{\"@type\":\"ListItem\",\"position\":1,\"name\":\"Home\",\"item\":\"https:\\\/\\\/www.rsa.com\\\/\"},{\"@type\":\"ListItem\",\"position\":2,\"name\":\"Warranty and Replacement Parts\"}]},{\"@type\":\"WebSite\",\"@id\":\"https:\\\/\\\/www.rsa.com\\\/#website\",\"url\":\"https:\\\/\\\/www.rsa.com\\\/\",\"name\":\"RSA\",\"description\":\"Cybersecurity and Digital Risk Management Solutions\",\"publisher\":{\"@id\":\"https:\\\/\\\/www.rsa.com\\\/#organization\"},\"potentialAction\":[{\"@type\":\"SearchAction\",\"target\":{\"@type\":\"EntryPoint\",\"urlTemplate\":\"https:\\\/\\\/www.rsa.com\\\/?s={search_term_string}\"},\"query-input\":{\"@type\":\"PropertyValueSpecification\",\"valueRequired\":true,\"valueName\":\"search_term_string\"}}],\"inLanguage\":\"it-IT\"},{\"@type\":\"Organization\",\"@id\":\"https:\\\/\\\/www.rsa.com\\\/#organization\",\"name\":\"RSA\",\"url\":\"https:\\\/\\\/www.rsa.com\\\/\",\"logo\":{\"@type\":\"ImageObject\",\"inLanguage\":\"it-IT\",\"@id\":\"https:\\\/\\\/www.rsa.com\\\/#\\\/schema\\\/logo\\\/image\\\/\",\"url\":\"https:\\\/\\\/www.rsa.com\\\/wp-content\\\/uploads\\\/rsa.png\",\"contentUrl\":\"https:\\\/\\\/www.rsa.com\\\/wp-content\\\/uploads\\\/rsa.png\",\"width\":2880,\"height\":1020,\"caption\":\"RSA\"},\"image\":{\"@id\":\"https:\\\/\\\/www.rsa.com\\\/#\\\/schema\\\/logo\\\/image\\\/\"}}]}<\/script>\n<!-- \/ Yoast SEO plugin. -->","yoast_head_json":{"title":"Garanzia e parti di ricambio","description":"RSA offre un servizio clienti e un'assistenza tecnica leader nel settore per la sua linea completa di prodotti e soluzioni tecnologiche di sicurezza.","robots":{"index":"index","follow":"follow","max-snippet":"max-snippet:-1","max-image-preview":"max-image-preview:large","max-video-preview":"max-video-preview:-1"},"canonical":"https:\/\/www.rsa.com\/it\/warranty-and-replacement-parts\/","og_locale":"it_IT","og_type":"article","og_title":"Warranty and Replacement Parts","og_description":"RSA has developed this Privacy Statement that outlines our privacy practice on how we process, collect, use and share your personal information.","og_url":"https:\/\/www.rsa.com\/it\/warranty-and-replacement-parts\/","og_site_name":"RSA","article_modified_time":"2025-07-03T13:55:42+00:00","og_image":[{"width":1200,"height":630,"url":"https:\/\/www.rsa.com\/wp-content\/uploads\/rsa-og-image.jpg","type":"image\/jpeg"}],"twitter_card":"summary_large_image","twitter_title":"Warranty and Replacement Parts","twitter_description":"RSA has developed this Privacy Statement that outlines our privacy practice on how we process, collect, use and share your personal information.","twitter_image":"https:\/\/www.rsa.com\/wp-content\/uploads\/rsa-og-image.jpg","schema":{"@context":"https:\/\/schema.org","@graph":[{"@type":"WebPage","@id":"https:\/\/www.rsa.com\/fr_ca\/warranty-and-replacement-parts\/","url":"https:\/\/www.rsa.com\/fr_ca\/warranty-and-replacement-parts\/","name":"Garanzia e parti di ricambio","isPartOf":{"@id":"https:\/\/www.rsa.com\/#website"},"datePublished":"2024-07-10T20:43:58+00:00","dateModified":"2025-07-03T13:55:42+00:00","description":"RSA offre un servizio clienti e un'assistenza tecnica leader nel settore per la sua linea completa di prodotti e soluzioni tecnologiche di sicurezza.","breadcrumb":{"@id":"https:\/\/www.rsa.com\/fr_ca\/warranty-and-replacement-parts\/#breadcrumb"},"inLanguage":"it-IT","potentialAction":[{"@type":"ReadAction","target":["https:\/\/www.rsa.com\/fr_ca\/warranty-and-replacement-parts\/"]}]},{"@type":"BreadcrumbList","@id":"https:\/\/www.rsa.com\/fr_ca\/warranty-and-replacement-parts\/#breadcrumb","itemListElement":[{"@type":"ListItem","position":1,"name":"Home","item":"https:\/\/www.rsa.com\/"},{"@type":"ListItem","position":2,"name":"Warranty and Replacement Parts"}]},{"@type":"WebSite","@id":"https:\/\/www.rsa.com\/#website","url":"https:\/\/www.rsa.com\/","name":"RSA","description":"Soluzioni di cybersecurity e di gestione del rischio digitale","publisher":{"@id":"https:\/\/www.rsa.com\/#organization"},"potentialAction":[{"@type":"SearchAction","target":{"@type":"EntryPoint","urlTemplate":"https:\/\/www.rsa.com\/?s={search_term_string}"},"query-input":{"@type":"PropertyValueSpecification","valueRequired":true,"valueName":"search_term_string"}}],"inLanguage":"it-IT"},{"@type":"Organization","@id":"https:\/\/www.rsa.com\/#organization","name":"RSA","url":"https:\/\/www.rsa.com\/","logo":{"@type":"ImageObject","inLanguage":"it-IT","@id":"https:\/\/www.rsa.com\/#\/schema\/logo\/image\/","url":"https:\/\/www.rsa.com\/wp-content\/uploads\/rsa.png","contentUrl":"https:\/\/www.rsa.com\/wp-content\/uploads\/rsa.png","width":2880,"height":1020,"caption":"RSA"},"image":{"@id":"https:\/\/www.rsa.com\/#\/schema\/logo\/image\/"}}]}},"_links":{"self":[{"href":"https:\/\/www.rsa.com\/it\/wp-json\/wp\/v2\/pages\/30839","targetHints":{"allow":["GET"]}}],"collection":[{"href":"https:\/\/www.rsa.com\/it\/wp-json\/wp\/v2\/pages"}],"about":[{"href":"https:\/\/www.rsa.com\/it\/wp-json\/wp\/v2\/types\/page"}],"author":[{"embeddable":true,"href":"https:\/\/www.rsa.com\/it\/wp-json\/wp\/v2\/users\/2"}],"replies":[{"embeddable":true,"href":"https:\/\/www.rsa.com\/it\/wp-json\/wp\/v2\/comments?post=30839"}],"version-history":[{"count":6,"href":"https:\/\/www.rsa.com\/it\/wp-json\/wp\/v2\/pages\/30839\/revisions"}],"predecessor-version":[{"id":34270,"href":"https:\/\/www.rsa.com\/it\/wp-json\/wp\/v2\/pages\/30839\/revisions\/34270"}],"wp:attachment":[{"href":"https:\/\/www.rsa.com\/it\/wp-json\/wp\/v2\/media?parent=30839"}],"curies":[{"name":"wp","href":"https:\/\/api.w.org\/{rel}","templated":true}]}}