{"id":25199,"date":"2023-06-09T14:24:26","date_gmt":"2023-06-09T18:24:26","guid":{"rendered":"https:\/\/www.rsa.com\/?page_id=25199"},"modified":"2025-05-06T10:59:02","modified_gmt":"2025-05-06T14:59:02","slug":"esg","status":"publish","type":"page","link":"https:\/\/www.rsa.com\/it\/esg\/","title":{"rendered":"ESG"},"content":{"rendered":"<p>Da decenni RSA protegge le organizzazioni pi\u00f9 sicure del mondo. Non \u00e8 un caso: le nostre politiche ambientali, sociali e di governance (ESG) guidano il nostro lavoro e contribuiscono a rafforzare la nostra posizione di organizzazione prospera, affidabile e sostenibile. <\/p>\n<p>RSA \u00e8 un'azienda impegnata nella comunit\u00e0. Diamo priorit\u00e0 all'uso razionale delle risorse naturali in tutta la nostra catena di produzione e all'equit\u00e0 e all'inclusione sociale nelle relazioni aziendali. <\/p>\n<p>Gli obiettivi di questi comportamenti sono pratici: un'ottima reputazione in materia di cittadinanza d'impresa consente di avere successo nel lungo periodo e di costruire aziende leader di mercato come RSA. Combinando il nostro vero interesse per le questioni ambientali e lo sviluppo sociale con soluzioni e innovazioni di qualit\u00e0, RSA sostiene gli interessi dei nostri stakeholder, ottenendo il loro sostegno e impegno.<\/p>\n<p>RSA mantiene le seguenti iniziative ESG:<\/p>\n<ul>\n<li>Le operazioni della RSA rispettano le leggi e le normative dei Paesi in cui opera.<\/li>\n<li>La politica di responsabilit\u00e0 totale di RSA \u00e8 certificata da un ente esterno e comprende le relazioni dell'azienda con i diversi tipi di pubblico, tra cui la societ\u00e0 e il governo.<\/li>\n<li>I processi della filiera produttiva della RSA tengono conto dell'uso razionale delle risorse naturali, dall'acquisizione delle materie prime all'utilizzo di materiali non tossici e non inquinanti, fino alla corretta gestione dei rifiuti.<\/li>\n<li>Per migliorare continuamente i propri processi e le proprie strutture, RSA monitora i principali indici di consumo presso i propri stabilimenti, monitorandone l'evoluzione, identificando le opportunit\u00e0 di miglioramento e sviluppando piani d'azione in relazione agli aspetti ambientali rilevanti.<\/li>\n<\/ul>\n<div class=\"row justify-content-center mt-4 mt-lg-5\">\n<div class=\"col-12 col-lg-10\">\n<div class=\"px-3 py-4 p-sm-4 p-lg-5 blue-box-background text-center item-content\" style=\"border-radius: 24px\">\n<h2 class=\"h2-r large mt-0 mb-3 mb-lg-4 text-color-white item-title\">Rapporto RSA ESG 2025<\/h2>\n<div class=\"wysiwyg-editor mb-3 mb-lg-4 text-color-white item-text\">\n<p>Scaricate il Rapporto ESG di RSA per saperne di pi\u00f9 sulle politiche ambientali, sociali e di governance che guidano il nostro lavoro.<\/p>\n<\/p><\/div>\n<p>      <a href=\"\/it\/resources\/reports\/rsa-esg-report-2025\/\" class=\"btn btn-white-hover-hollow-border-white\">Scarica il rapporto<\/a>\n    <\/div>\n<\/p><\/div>\n<\/div>\n<h4>I pilastri ESG di RSA<\/h4>\n<p>RSA protegge le organizzazioni pi\u00f9 sicure del mondo. Questo lavoro \u00e8 importante, ma altrettanto importante di ci\u00f2 che facciamo \u00e8 il modo in cui operiamo. I seguenti pilastri ESG guidano il lavoro globale dei dipendenti di RSA: <\/p>\n<h5>Clima ed energia &lt;\/h5Trasparenza ed etica<\/h5>\n<p>I nostri clienti si affidano a RSA per proteggere la loro attivit\u00e0. Diamo valore a questa fiducia pi\u00f9 di qualsiasi soluzione o innovazione e operiamo in modo trasparente ed etico per mantenere la nostra reputazione. <\/p>\n<h5>Resilienza <\/h5>\n<p>RSA opera da decenni. Comprendiamo il valore della resilienza, ci adattiamo alle nuove sfide e aiutiamo i nostri clienti a evolversi.  <\/p>\n<h5>Sicurezza e qualit\u00e0 dei dati<\/h5>\n<p>RSA si impegna a proteggere la privacy, la sicurezza e la qualit\u00e0 di tutti i dati raccolti. <\/p>\n<h5>Prima le persone <\/h5>\n<p>RSA si impegna ad assumere, trattenere e sviluppare i migliori talenti per guidare la nostra attivit\u00e0 globale. Rispettiamo i nostri dipendenti, partner, fornitori e stakeholder per quello che fanno e per quello che sono.<\/p>\n<h5>L'innovazione<\/h5>\n<p>Gli attori delle minacce sono sempre alla ricerca di un vantaggio. Ecco perch\u00e9 RSA sviluppa nuove tecnologie, servizi e soluzioni di cui le organizzazioni hanno bisogno per difendersi dalle minacce alla sicurezza informatica.<\/p>\n<p>&nbsp;<br \/>\nPer saperne di pi\u00f9 sulla sostenibilit\u00e0 di RSA <a href=\"\/it\/sustainability-net-zero-emissions\/\">Scopri i dettagli<\/a><br \/>\n&nbsp;<\/p>\n<p><a href=\"\/it\/contact\/\" class=\"btn btn-brand-hover-hollow-with-border\">Contatto<\/a><\/p>","protected":false},"excerpt":{"rendered":"<p>Da decenni RSA protegge le organizzazioni pi\u00f9 sicure del mondo. Non \u00e8 un caso: le nostre politiche ambientali, sociali e di governance (ESG) guidano il nostro lavoro e contribuiscono a rafforzare la nostra posizione di organizzazione prospera, affidabile e sostenibile. RSA \u00e8 un'azienda impegnata nella comunit\u00e0. Diamo priorit\u00e0 all'uso razionale delle risorse naturali nelle nostre ... <a href=\"https:\/\/www.rsa.com\/it\/esg\/\">Continua<\/a><\/p>","protected":false},"author":2,"featured_media":0,"parent":0,"menu_order":0,"comment_status":"closed","ping_status":"closed","template":"template-policy.blade.php","meta":{"_acf_changed":false,"_searchwp_excluded":"","inline_featured_image":false,"footnotes":""},"class_list":["post-25199","page","type-page","status-publish","hentry"],"acf":[],"yoast_head":"<!-- This site is optimized with the Yoast SEO plugin v27.3 - https:\/\/yoast.com\/product\/yoast-seo-wordpress\/ -->\n<title>ESG - RSA<\/title>\n<meta name=\"description\" content=\"RSA is a company committed to the community. Read about RSA&#039;s Environmental, Social, and Governance Policies and initiatives here.\" \/>\n<meta name=\"robots\" content=\"index, follow, max-snippet:-1, max-image-preview:large, max-video-preview:-1\" \/>\n<link rel=\"canonical\" href=\"https:\/\/www.rsa.com\/it\/esg\/\" \/>\n<meta property=\"og:locale\" content=\"it_IT\" \/>\n<meta property=\"og:type\" content=\"article\" \/>\n<meta property=\"og:title\" content=\"ESG - RSA\" \/>\n<meta property=\"og:description\" content=\"RSA is a company committed to the community. Read about RSA&#039;s Environmental, Social, and Governance Policies and initiatives here.\" \/>\n<meta property=\"og:url\" content=\"https:\/\/www.rsa.com\/it\/esg\/\" \/>\n<meta property=\"og:site_name\" content=\"RSA\" \/>\n<meta property=\"article:modified_time\" content=\"2025-05-06T14:59:02+00:00\" \/>\n<meta property=\"og:image\" content=\"https:\/\/www.rsa.com\/wp-content\/uploads\/rsa-og-image.webp\" \/>\n\t<meta property=\"og:image:width\" content=\"1200\" \/>\n\t<meta property=\"og:image:height\" content=\"630\" \/>\n\t<meta property=\"og:image:type\" content=\"image\/webp\" \/>\n<meta name=\"twitter:card\" content=\"summary_large_image\" \/>\n<script type=\"application\/ld+json\" class=\"yoast-schema-graph\">{\"@context\":\"https:\\\/\\\/schema.org\",\"@graph\":[{\"@type\":\"WebPage\",\"@id\":\"https:\\\/\\\/www.rsa.com\\\/id\\\/esg\\\/\",\"url\":\"https:\\\/\\\/www.rsa.com\\\/id\\\/esg\\\/\",\"name\":\"ESG - RSA\",\"isPartOf\":{\"@id\":\"https:\\\/\\\/www.rsa.com\\\/#website\"},\"datePublished\":\"2023-06-09T18:24:26+00:00\",\"dateModified\":\"2025-05-06T14:59:02+00:00\",\"description\":\"RSA is a company committed to the community. Read about RSA's Environmental, Social, and Governance Policies and initiatives here.\",\"breadcrumb\":{\"@id\":\"https:\\\/\\\/www.rsa.com\\\/id\\\/esg\\\/#breadcrumb\"},\"inLanguage\":\"it-IT\",\"potentialAction\":[{\"@type\":\"ReadAction\",\"target\":[\"https:\\\/\\\/www.rsa.com\\\/id\\\/esg\\\/\"]}]},{\"@type\":\"BreadcrumbList\",\"@id\":\"https:\\\/\\\/www.rsa.com\\\/id\\\/esg\\\/#breadcrumb\",\"itemListElement\":[{\"@type\":\"ListItem\",\"position\":1,\"name\":\"Home\",\"item\":\"https:\\\/\\\/www.rsa.com\\\/\"},{\"@type\":\"ListItem\",\"position\":2,\"name\":\"ESG\"}]},{\"@type\":\"WebSite\",\"@id\":\"https:\\\/\\\/www.rsa.com\\\/#website\",\"url\":\"https:\\\/\\\/www.rsa.com\\\/\",\"name\":\"RSA\",\"description\":\"Cybersecurity and Digital Risk Management Solutions\",\"publisher\":{\"@id\":\"https:\\\/\\\/www.rsa.com\\\/#organization\"},\"potentialAction\":[{\"@type\":\"SearchAction\",\"target\":{\"@type\":\"EntryPoint\",\"urlTemplate\":\"https:\\\/\\\/www.rsa.com\\\/?s={search_term_string}\"},\"query-input\":{\"@type\":\"PropertyValueSpecification\",\"valueRequired\":true,\"valueName\":\"search_term_string\"}}],\"inLanguage\":\"it-IT\"},{\"@type\":\"Organization\",\"@id\":\"https:\\\/\\\/www.rsa.com\\\/#organization\",\"name\":\"RSA\",\"url\":\"https:\\\/\\\/www.rsa.com\\\/\",\"logo\":{\"@type\":\"ImageObject\",\"inLanguage\":\"it-IT\",\"@id\":\"https:\\\/\\\/www.rsa.com\\\/#\\\/schema\\\/logo\\\/image\\\/\",\"url\":\"https:\\\/\\\/www.rsa.com\\\/wp-content\\\/uploads\\\/rsa.png\",\"contentUrl\":\"https:\\\/\\\/www.rsa.com\\\/wp-content\\\/uploads\\\/rsa.png\",\"width\":2880,\"height\":1020,\"caption\":\"RSA\"},\"image\":{\"@id\":\"https:\\\/\\\/www.rsa.com\\\/#\\\/schema\\\/logo\\\/image\\\/\"}}]}<\/script>\n<!-- \/ Yoast SEO plugin. -->","yoast_head_json":{"title":"ESG - RSA","description":"RSA \u00e8 un'azienda impegnata nella comunit\u00e0. Leggete qui le politiche e le iniziative ambientali, sociali e di governance di RSA.","robots":{"index":"index","follow":"follow","max-snippet":"max-snippet:-1","max-image-preview":"max-image-preview:large","max-video-preview":"max-video-preview:-1"},"canonical":"https:\/\/www.rsa.com\/it\/esg\/","og_locale":"it_IT","og_type":"article","og_title":"ESG - RSA","og_description":"RSA is a company committed to the community. Read about RSA's Environmental, Social, and Governance Policies and initiatives here.","og_url":"https:\/\/www.rsa.com\/it\/esg\/","og_site_name":"RSA","article_modified_time":"2025-05-06T14:59:02+00:00","og_image":[{"width":1200,"height":630,"url":"https:\/\/www.rsa.com\/wp-content\/uploads\/rsa-og-image.webp","type":"image\/webp"}],"twitter_card":"summary_large_image","schema":{"@context":"https:\/\/schema.org","@graph":[{"@type":"WebPage","@id":"https:\/\/www.rsa.com\/id\/esg\/","url":"https:\/\/www.rsa.com\/id\/esg\/","name":"ESG - RSA","isPartOf":{"@id":"https:\/\/www.rsa.com\/#website"},"datePublished":"2023-06-09T18:24:26+00:00","dateModified":"2025-05-06T14:59:02+00:00","description":"RSA \u00e8 un'azienda impegnata nella comunit\u00e0. Leggete qui le politiche e le iniziative ambientali, sociali e di governance di RSA.","breadcrumb":{"@id":"https:\/\/www.rsa.com\/id\/esg\/#breadcrumb"},"inLanguage":"it-IT","potentialAction":[{"@type":"ReadAction","target":["https:\/\/www.rsa.com\/id\/esg\/"]}]},{"@type":"BreadcrumbList","@id":"https:\/\/www.rsa.com\/id\/esg\/#breadcrumb","itemListElement":[{"@type":"ListItem","position":1,"name":"Home","item":"https:\/\/www.rsa.com\/"},{"@type":"ListItem","position":2,"name":"ESG"}]},{"@type":"WebSite","@id":"https:\/\/www.rsa.com\/#website","url":"https:\/\/www.rsa.com\/","name":"RSA","description":"Soluzioni di cybersecurity e di gestione del rischio digitale","publisher":{"@id":"https:\/\/www.rsa.com\/#organization"},"potentialAction":[{"@type":"SearchAction","target":{"@type":"EntryPoint","urlTemplate":"https:\/\/www.rsa.com\/?s={search_term_string}"},"query-input":{"@type":"PropertyValueSpecification","valueRequired":true,"valueName":"search_term_string"}}],"inLanguage":"it-IT"},{"@type":"Organization","@id":"https:\/\/www.rsa.com\/#organization","name":"RSA","url":"https:\/\/www.rsa.com\/","logo":{"@type":"ImageObject","inLanguage":"it-IT","@id":"https:\/\/www.rsa.com\/#\/schema\/logo\/image\/","url":"https:\/\/www.rsa.com\/wp-content\/uploads\/rsa.png","contentUrl":"https:\/\/www.rsa.com\/wp-content\/uploads\/rsa.png","width":2880,"height":1020,"caption":"RSA"},"image":{"@id":"https:\/\/www.rsa.com\/#\/schema\/logo\/image\/"}}]}},"_links":{"self":[{"href":"https:\/\/www.rsa.com\/it\/wp-json\/wp\/v2\/pages\/25199","targetHints":{"allow":["GET"]}}],"collection":[{"href":"https:\/\/www.rsa.com\/it\/wp-json\/wp\/v2\/pages"}],"about":[{"href":"https:\/\/www.rsa.com\/it\/wp-json\/wp\/v2\/types\/page"}],"author":[{"embeddable":true,"href":"https:\/\/www.rsa.com\/it\/wp-json\/wp\/v2\/users\/2"}],"replies":[{"embeddable":true,"href":"https:\/\/www.rsa.com\/it\/wp-json\/wp\/v2\/comments?post=25199"}],"version-history":[{"count":7,"href":"https:\/\/www.rsa.com\/it\/wp-json\/wp\/v2\/pages\/25199\/revisions"}],"predecessor-version":[{"id":33654,"href":"https:\/\/www.rsa.com\/it\/wp-json\/wp\/v2\/pages\/25199\/revisions\/33654"}],"wp:attachment":[{"href":"https:\/\/www.rsa.com\/it\/wp-json\/wp\/v2\/media?parent=25199"}],"curies":[{"name":"wp","href":"https:\/\/api.w.org\/{rel}","templated":true}]}}