{"id":17908,"date":"2022-10-28T10:53:12","date_gmt":"2022-10-28T14:53:12","guid":{"rendered":"https:\/\/www.rsa.com\/?page_id=17908"},"modified":"2025-12-05T13:46:34","modified_gmt":"2025-12-05T18:46:34","slug":"passwordless-authentication","status":"publish","type":"page","link":"https:\/\/www.rsa.com\/it\/solutions\/passwordless-authentication\/","title":{"rendered":"Autenticazione senza password"},"content":{"rendered":"","protected":false},"excerpt":{"rendered":"","protected":false},"author":2,"featured_media":0,"parent":4150,"menu_order":0,"comment_status":"closed","ping_status":"closed","template":"template-t23-solution-page.blade.php","meta":{"_acf_changed":false,"_searchwp_excluded":"","inline_featured_image":false,"footnotes":""},"class_list":["post-17908","page","type-page","status-publish","hentry"],"acf":[],"yoast_head":"<!-- This site is optimized with the Yoast SEO plugin v27.3 - https:\/\/yoast.com\/product\/yoast-seo-wordpress\/ -->\n<title>Passwordless Authentication | Secure and Convenient | RSA<\/title>\n<meta name=\"description\" content=\"Learn about the RSA passwordless capabilities helping organizations achieve safer, smarter, and more convenient authentication.\" \/>\n<meta name=\"robots\" content=\"index, follow, max-snippet:-1, max-image-preview:large, max-video-preview:-1\" \/>\n<link rel=\"canonical\" href=\"https:\/\/www.rsa.com\/it\/solutions\/passwordless-authentication\/\" \/>\n<meta property=\"og:locale\" content=\"it_IT\" \/>\n<meta property=\"og:type\" content=\"article\" \/>\n<meta property=\"og:title\" content=\"Passwordless Authentication | RSA\" \/>\n<meta property=\"og:description\" content=\"Learn about the RSA passwordless capabilities helping organizations achieve safer, smarter, and more convenient authentication.\" \/>\n<meta property=\"og:url\" content=\"https:\/\/www.rsa.com\/it\/solutions\/passwordless-authentication\/\" \/>\n<meta property=\"og:site_name\" content=\"RSA\" \/>\n<meta property=\"article:modified_time\" content=\"2025-12-05T18:46:34+00:00\" \/>\n<meta property=\"og:image\" content=\"https:\/\/www.rsa.com\/wp-content\/uploads\/rsa-og-image.jpg\" \/>\n\t<meta property=\"og:image:width\" content=\"1200\" \/>\n\t<meta property=\"og:image:height\" content=\"630\" \/>\n\t<meta property=\"og:image:type\" content=\"image\/jpeg\" \/>\n<meta name=\"twitter:card\" content=\"summary_large_image\" \/>\n<meta name=\"twitter:title\" content=\"Passwordless Authentication | RSA\" \/>\n<meta name=\"twitter:description\" content=\"Learn about the RSA passwordless capabilities helping organizations achieve safer, smarter, and more convenient authentication.\" \/>\n<meta name=\"twitter:image\" content=\"https:\/\/www.rsa.com\/wp-content\/uploads\/rsa-og-image.jpg\" \/>\n<script type=\"application\/ld+json\" class=\"yoast-schema-graph\">{\"@context\":\"https:\\\/\\\/schema.org\",\"@graph\":[{\"@type\":\"WebPage\",\"@id\":\"https:\\\/\\\/www.rsa.com\\\/solutions\\\/passwordless-authentication\\\/\",\"url\":\"https:\\\/\\\/www.rsa.com\\\/solutions\\\/passwordless-authentication\\\/\",\"name\":\"Passwordless Authentication | Secure and Convenient | RSA\",\"isPartOf\":{\"@id\":\"https:\\\/\\\/www.rsa.com\\\/#website\"},\"datePublished\":\"2022-10-28T14:53:12+00:00\",\"dateModified\":\"2025-12-05T18:46:34+00:00\",\"description\":\"Learn about the RSA passwordless capabilities helping organizations achieve safer, smarter, and more convenient authentication.\",\"breadcrumb\":{\"@id\":\"https:\\\/\\\/www.rsa.com\\\/solutions\\\/passwordless-authentication\\\/#breadcrumb\"},\"inLanguage\":\"it-IT\",\"potentialAction\":[{\"@type\":\"ReadAction\",\"target\":[\"https:\\\/\\\/www.rsa.com\\\/solutions\\\/passwordless-authentication\\\/\"]}]},{\"@type\":\"BreadcrumbList\",\"@id\":\"https:\\\/\\\/www.rsa.com\\\/solutions\\\/passwordless-authentication\\\/#breadcrumb\",\"itemListElement\":[{\"@type\":\"ListItem\",\"position\":1,\"name\":\"Home\",\"item\":\"https:\\\/\\\/www.rsa.com\\\/\"},{\"@type\":\"ListItem\",\"position\":2,\"name\":\"Solutions\",\"item\":\"https:\\\/\\\/www.rsa.com\\\/fr_ca\\\/solutions\\\/\"},{\"@type\":\"ListItem\",\"position\":3,\"name\":\"Passwordless Authentication\"}]},{\"@type\":\"WebSite\",\"@id\":\"https:\\\/\\\/www.rsa.com\\\/#website\",\"url\":\"https:\\\/\\\/www.rsa.com\\\/\",\"name\":\"RSA\",\"description\":\"Cybersecurity and Digital Risk Management Solutions\",\"publisher\":{\"@id\":\"https:\\\/\\\/www.rsa.com\\\/#organization\"},\"potentialAction\":[{\"@type\":\"SearchAction\",\"target\":{\"@type\":\"EntryPoint\",\"urlTemplate\":\"https:\\\/\\\/www.rsa.com\\\/?s={search_term_string}\"},\"query-input\":{\"@type\":\"PropertyValueSpecification\",\"valueRequired\":true,\"valueName\":\"search_term_string\"}}],\"inLanguage\":\"it-IT\"},{\"@type\":\"Organization\",\"@id\":\"https:\\\/\\\/www.rsa.com\\\/#organization\",\"name\":\"RSA\",\"url\":\"https:\\\/\\\/www.rsa.com\\\/\",\"logo\":{\"@type\":\"ImageObject\",\"inLanguage\":\"it-IT\",\"@id\":\"https:\\\/\\\/www.rsa.com\\\/#\\\/schema\\\/logo\\\/image\\\/\",\"url\":\"https:\\\/\\\/www.rsa.com\\\/wp-content\\\/uploads\\\/rsa.png\",\"contentUrl\":\"https:\\\/\\\/www.rsa.com\\\/wp-content\\\/uploads\\\/rsa.png\",\"width\":2880,\"height\":1020,\"caption\":\"RSA\"},\"image\":{\"@id\":\"https:\\\/\\\/www.rsa.com\\\/#\\\/schema\\\/logo\\\/image\\\/\"}}]}<\/script>\n<!-- \/ Yoast SEO plugin. -->","yoast_head_json":{"title":"Autenticazione senza password | Sicura e conveniente | RSA","description":"Scoprite le funzionalit\u00e0 senza password di RSA che aiutano le organizzazioni a ottenere un'autenticazione pi\u00f9 sicura, pi\u00f9 intelligente e pi\u00f9 conveniente.","robots":{"index":"index","follow":"follow","max-snippet":"max-snippet:-1","max-image-preview":"max-image-preview:large","max-video-preview":"max-video-preview:-1"},"canonical":"https:\/\/www.rsa.com\/it\/solutions\/passwordless-authentication\/","og_locale":"it_IT","og_type":"article","og_title":"Passwordless Authentication | RSA","og_description":"Learn about the RSA passwordless capabilities helping organizations achieve safer, smarter, and more convenient authentication.","og_url":"https:\/\/www.rsa.com\/it\/solutions\/passwordless-authentication\/","og_site_name":"RSA","article_modified_time":"2025-12-05T18:46:34+00:00","og_image":[{"width":1200,"height":630,"url":"https:\/\/www.rsa.com\/wp-content\/uploads\/rsa-og-image.jpg","type":"image\/jpeg"}],"twitter_card":"summary_large_image","twitter_title":"Passwordless Authentication | RSA","twitter_description":"Learn about the RSA passwordless capabilities helping organizations achieve safer, smarter, and more convenient authentication.","twitter_image":"https:\/\/www.rsa.com\/wp-content\/uploads\/rsa-og-image.jpg","schema":{"@context":"https:\/\/schema.org","@graph":[{"@type":"WebPage","@id":"https:\/\/www.rsa.com\/solutions\/passwordless-authentication\/","url":"https:\/\/www.rsa.com\/solutions\/passwordless-authentication\/","name":"Autenticazione senza password | Sicura e conveniente | RSA","isPartOf":{"@id":"https:\/\/www.rsa.com\/#website"},"datePublished":"2022-10-28T14:53:12+00:00","dateModified":"2025-12-05T18:46:34+00:00","description":"Scoprite le funzionalit\u00e0 senza password di RSA che aiutano le organizzazioni a ottenere un'autenticazione pi\u00f9 sicura, pi\u00f9 intelligente e pi\u00f9 conveniente.","breadcrumb":{"@id":"https:\/\/www.rsa.com\/solutions\/passwordless-authentication\/#breadcrumb"},"inLanguage":"it-IT","potentialAction":[{"@type":"ReadAction","target":["https:\/\/www.rsa.com\/solutions\/passwordless-authentication\/"]}]},{"@type":"BreadcrumbList","@id":"https:\/\/www.rsa.com\/solutions\/passwordless-authentication\/#breadcrumb","itemListElement":[{"@type":"ListItem","position":1,"name":"Home","item":"https:\/\/www.rsa.com\/"},{"@type":"ListItem","position":2,"name":"Solutions","item":"https:\/\/www.rsa.com\/fr_ca\/solutions\/"},{"@type":"ListItem","position":3,"name":"Passwordless Authentication"}]},{"@type":"WebSite","@id":"https:\/\/www.rsa.com\/#website","url":"https:\/\/www.rsa.com\/","name":"RSA","description":"Soluzioni di cybersecurity e di gestione del rischio digitale","publisher":{"@id":"https:\/\/www.rsa.com\/#organization"},"potentialAction":[{"@type":"SearchAction","target":{"@type":"EntryPoint","urlTemplate":"https:\/\/www.rsa.com\/?s={search_term_string}"},"query-input":{"@type":"PropertyValueSpecification","valueRequired":true,"valueName":"search_term_string"}}],"inLanguage":"it-IT"},{"@type":"Organization","@id":"https:\/\/www.rsa.com\/#organization","name":"RSA","url":"https:\/\/www.rsa.com\/","logo":{"@type":"ImageObject","inLanguage":"it-IT","@id":"https:\/\/www.rsa.com\/#\/schema\/logo\/image\/","url":"https:\/\/www.rsa.com\/wp-content\/uploads\/rsa.png","contentUrl":"https:\/\/www.rsa.com\/wp-content\/uploads\/rsa.png","width":2880,"height":1020,"caption":"RSA"},"image":{"@id":"https:\/\/www.rsa.com\/#\/schema\/logo\/image\/"}}]}},"_links":{"self":[{"href":"https:\/\/www.rsa.com\/it\/wp-json\/wp\/v2\/pages\/17908","targetHints":{"allow":["GET"]}}],"collection":[{"href":"https:\/\/www.rsa.com\/it\/wp-json\/wp\/v2\/pages"}],"about":[{"href":"https:\/\/www.rsa.com\/it\/wp-json\/wp\/v2\/types\/page"}],"author":[{"embeddable":true,"href":"https:\/\/www.rsa.com\/it\/wp-json\/wp\/v2\/users\/2"}],"replies":[{"embeddable":true,"href":"https:\/\/www.rsa.com\/it\/wp-json\/wp\/v2\/comments?post=17908"}],"version-history":[{"count":36,"href":"https:\/\/www.rsa.com\/it\/wp-json\/wp\/v2\/pages\/17908\/revisions"}],"predecessor-version":[{"id":35839,"href":"https:\/\/www.rsa.com\/it\/wp-json\/wp\/v2\/pages\/17908\/revisions\/35839"}],"up":[{"embeddable":true,"href":"https:\/\/www.rsa.com\/it\/wp-json\/wp\/v2\/pages\/4150"}],"wp:attachment":[{"href":"https:\/\/www.rsa.com\/it\/wp-json\/wp\/v2\/media?parent=17908"}],"curies":[{"name":"wp","href":"https:\/\/api.w.org\/{rel}","templated":true}]}}