{"id":973,"date":"2022-01-04T15:15:49","date_gmt":"2022-01-04T23:15:49","guid":{"rendered":"https:\/\/live-rsa-hub.pantheonsite.io\/?page_id=973"},"modified":"2025-02-07T15:38:45","modified_gmt":"2025-02-07T20:38:45","slug":"copyright-policy","status":"publish","type":"page","link":"https:\/\/www.rsa.com\/fr_ca\/copyright-policy\/","title":{"rendered":"Politique du droit d'auteur"},"content":{"rendered":"<p>Il est interdit d'afficher, de modifier, de distribuer ou de reproduire de quelque fa\u00e7on que ce soit des documents prot\u00e9g\u00e9s par des droits d'auteur ou d'autres droits de propri\u00e9t\u00e9 sans avoir obtenu au pr\u00e9alable le consentement \u00e9crit du d\u00e9tenteur des droits d'auteur de ces documents. RSA peut fermer un compte, refuser l'acc\u00e8s \u00e0 un site ou \u00e0 un service, ou mettre fin \u00e0 l'utilisation de tout utilisateur pr\u00e9sum\u00e9 avoir enfreint le droit d'auteur ou les droits de propri\u00e9t\u00e9 d'autrui.<\/p>\n<p>Sans pr\u00e9judice de ce qui pr\u00e9c\u00e8de, si vous estimez que vos droits d'auteur ou autres droits ont \u00e9t\u00e9 viol\u00e9s, veuillez adresser \u00e0 notre agent d\u00e9sign\u00e9 une notification \u00e9crite contenant les informations suivantes :<\/p>\n<ul class=\"mb-4\">\n<li>une signature \u00e9lectronique ou physique de la personne autoris\u00e9e \u00e0 agir au nom du titulaire du droit d'auteur ou d'un autre int\u00e9r\u00eat<\/li>\n<li>une description de l'\u0153uvre prot\u00e9g\u00e9e par le droit d'auteur ou de toute autre \u0153uvre qui, selon vous, a \u00e9t\u00e9 viol\u00e9e<\/li>\n<li>une description de l'endroit o\u00f9 se trouve, sur nos sites, r\u00e9seaux ou autres r\u00e9f\u00e9rentiels, le mat\u00e9riel que vous consid\u00e9rez comme \u00e9tant en infraction<\/li>\n<li>Votre adresse, votre num\u00e9ro de t\u00e9l\u00e9phone et votre adresse \u00e9lectronique<\/li>\n<li>une d\u00e9claration \u00e9crite de votre part indiquant que vous pensez de bonne foi que l'utilisation contest\u00e9e n'est pas autoris\u00e9e par le d\u00e9tenteur des droits d'auteur, son agent ou la loi<\/li>\n<li>Une d\u00e9claration de votre part, faite sous peine de parjure, selon laquelle les informations ci-dessus dans votre avis sont exactes et que vous \u00eates le titulaire du droit d'auteur ou autoris\u00e9 \u00e0 agir au nom du titulaire du droit d'auteur.<br \/>\nNotre agent d\u00e9sign\u00e9 pour la notification des plaintes pour violation des droits d'auteur peut \u00eatre contact\u00e9 comme suit :<\/li>\n<\/ul>\n<p><strong><br \/>\nRSA Security LLC<br \/>\n\u00c0 l'attention du service juridique de la propri\u00e9t\u00e9 intellectuelle - Droits d'auteur<br \/>\nBurlington, MA 01803<br \/>\nCourriel : <a href=\"mailto:ip@rsa.com\">ip@rsa.com<\/a><br \/>\n<\/strong><\/p>\n<p>Si le mat\u00e9riel contest\u00e9 a \u00e9t\u00e9 publi\u00e9 par un tiers identifiable gr\u00e2ce \u00e0 des efforts raisonnables, nous lui adresserons une notification raisonnable de l'accusation. Si le tiers r\u00e9pond par une contre-notification valable, nous vous en fournirons une copie afin que vous puissiez prendre toute autre mesure que vous jugerez appropri\u00e9e.<\/p>","protected":false},"excerpt":{"rendered":"<p>Il est interdit d'afficher, de modifier, de distribuer ou de reproduire de quelque fa\u00e7on que ce soit des documents prot\u00e9g\u00e9s par des droits d'auteur ou d'autres droits de propri\u00e9t\u00e9 sans avoir obtenu au pr\u00e9alable le consentement \u00e9crit du d\u00e9tenteur des droits d'auteur de ces documents. RSA peut fermer un compte, refuser l'acc\u00e8s \u00e0 un site ou \u00e0 un service, ou mettre fin \u00e0 l'utilisation de tout utilisateur qui est pr\u00e9sum\u00e9 avoir enfreint les droits d'auteur ou de propri\u00e9t\u00e9 ... <a href=\"https:\/\/www.rsa.com\/fr_ca\/copyright-policy\/\">Suite<\/a><\/p>","protected":false},"author":2,"featured_media":0,"parent":0,"menu_order":0,"comment_status":"closed","ping_status":"closed","template":"template-policy.blade.php","meta":{"_acf_changed":false,"_searchwp_excluded":"","inline_featured_image":false,"footnotes":""},"class_list":["post-973","page","type-page","status-publish","hentry"],"acf":[],"yoast_head":"<!-- This site is optimized with the Yoast SEO plugin v27.3 - https:\/\/yoast.com\/product\/yoast-seo-wordpress\/ -->\n<title>RSA Copyright Policy<\/title>\n<meta name=\"description\" content=\"If you believe that your copyright or other rights have been infringed, please provide our Designated Agent written notice\" \/>\n<meta name=\"robots\" content=\"index, follow, max-snippet:-1, max-image-preview:large, max-video-preview:-1\" \/>\n<link rel=\"canonical\" href=\"https:\/\/www.rsa.com\/fr_ca\/copyright-policy\/\" \/>\n<meta property=\"og:locale\" content=\"fr_CA\" \/>\n<meta property=\"og:type\" content=\"article\" \/>\n<meta property=\"og:title\" content=\"Copyright Policy\" \/>\n<meta property=\"og:description\" content=\"If you believe that your copyright or other rights have been infringed, please provide our Designated Agent written notice\" \/>\n<meta property=\"og:url\" content=\"https:\/\/www.rsa.com\/fr_ca\/copyright-policy\/\" \/>\n<meta property=\"og:site_name\" content=\"RSA\" \/>\n<meta property=\"article:modified_time\" content=\"2025-02-07T20:38:45+00:00\" \/>\n<meta property=\"og:image\" content=\"https:\/\/www.rsa.com\/wp-content\/uploads\/rsa-og-image.jpg\" \/>\n\t<meta property=\"og:image:width\" content=\"1200\" \/>\n\t<meta property=\"og:image:height\" content=\"630\" \/>\n\t<meta property=\"og:image:type\" content=\"image\/jpeg\" \/>\n<meta name=\"twitter:card\" content=\"summary_large_image\" \/>\n<meta name=\"twitter:title\" content=\"Copyright Policy\" \/>\n<meta name=\"twitter:description\" content=\"If you believe that your copyright or other rights have been infringed, please provide our Designated Agent written notice\" \/>\n<meta name=\"twitter:image\" content=\"https:\/\/www.rsa.com\/wp-content\/uploads\/rsa-og-image.jpg\" \/>\n<script type=\"application\/ld+json\" class=\"yoast-schema-graph\">{\"@context\":\"https:\\\/\\\/schema.org\",\"@graph\":[{\"@type\":\"WebPage\",\"@id\":\"https:\\\/\\\/www.rsa.com\\\/copyright-policy\\\/\",\"url\":\"https:\\\/\\\/www.rsa.com\\\/copyright-policy\\\/\",\"name\":\"RSA Copyright Policy\",\"isPartOf\":{\"@id\":\"https:\\\/\\\/www.rsa.com\\\/#website\"},\"datePublished\":\"2022-01-04T23:15:49+00:00\",\"dateModified\":\"2025-02-07T20:38:45+00:00\",\"description\":\"If you believe that your copyright or other rights have been infringed, please provide our Designated Agent written notice\",\"breadcrumb\":{\"@id\":\"https:\\\/\\\/www.rsa.com\\\/copyright-policy\\\/#breadcrumb\"},\"inLanguage\":\"fr-CA\",\"potentialAction\":[{\"@type\":\"ReadAction\",\"target\":[\"https:\\\/\\\/www.rsa.com\\\/copyright-policy\\\/\"]}]},{\"@type\":\"BreadcrumbList\",\"@id\":\"https:\\\/\\\/www.rsa.com\\\/copyright-policy\\\/#breadcrumb\",\"itemListElement\":[{\"@type\":\"ListItem\",\"position\":1,\"name\":\"Home\",\"item\":\"https:\\\/\\\/www.rsa.com\\\/\"},{\"@type\":\"ListItem\",\"position\":2,\"name\":\"Copyright Policy\"}]},{\"@type\":\"WebSite\",\"@id\":\"https:\\\/\\\/www.rsa.com\\\/#website\",\"url\":\"https:\\\/\\\/www.rsa.com\\\/\",\"name\":\"RSA\",\"description\":\"Cybersecurity and Digital Risk Management Solutions\",\"publisher\":{\"@id\":\"https:\\\/\\\/www.rsa.com\\\/#organization\"},\"potentialAction\":[{\"@type\":\"SearchAction\",\"target\":{\"@type\":\"EntryPoint\",\"urlTemplate\":\"https:\\\/\\\/www.rsa.com\\\/?s={search_term_string}\"},\"query-input\":{\"@type\":\"PropertyValueSpecification\",\"valueRequired\":true,\"valueName\":\"search_term_string\"}}],\"inLanguage\":\"fr-CA\"},{\"@type\":\"Organization\",\"@id\":\"https:\\\/\\\/www.rsa.com\\\/#organization\",\"name\":\"RSA\",\"url\":\"https:\\\/\\\/www.rsa.com\\\/\",\"logo\":{\"@type\":\"ImageObject\",\"inLanguage\":\"fr-CA\",\"@id\":\"https:\\\/\\\/www.rsa.com\\\/#\\\/schema\\\/logo\\\/image\\\/\",\"url\":\"https:\\\/\\\/www.rsa.com\\\/wp-content\\\/uploads\\\/rsa.png\",\"contentUrl\":\"https:\\\/\\\/www.rsa.com\\\/wp-content\\\/uploads\\\/rsa.png\",\"width\":2880,\"height\":1020,\"caption\":\"RSA\"},\"image\":{\"@id\":\"https:\\\/\\\/www.rsa.com\\\/#\\\/schema\\\/logo\\\/image\\\/\"}}]}<\/script>\n<!-- \/ Yoast SEO plugin. -->","yoast_head_json":{"title":"Politique en mati\u00e8re de droits d'auteur de l'ASR","description":"Si vous estimez que vos droits d'auteur ou d'autres droits ont \u00e9t\u00e9 viol\u00e9s, veuillez en informer par \u00e9crit notre agent d\u00e9sign\u00e9","robots":{"index":"index","follow":"follow","max-snippet":"max-snippet:-1","max-image-preview":"max-image-preview:large","max-video-preview":"max-video-preview:-1"},"canonical":"https:\/\/www.rsa.com\/fr_ca\/copyright-policy\/","og_locale":"fr_CA","og_type":"article","og_title":"Copyright Policy","og_description":"If you believe that your copyright or other rights have been infringed, please provide our Designated Agent written notice","og_url":"https:\/\/www.rsa.com\/fr_ca\/copyright-policy\/","og_site_name":"RSA","article_modified_time":"2025-02-07T20:38:45+00:00","og_image":[{"width":1200,"height":630,"url":"https:\/\/www.rsa.com\/wp-content\/uploads\/rsa-og-image.jpg","type":"image\/jpeg"}],"twitter_card":"summary_large_image","twitter_title":"Copyright Policy","twitter_description":"If you believe that your copyright or other rights have been infringed, please provide our Designated Agent written notice","twitter_image":"https:\/\/www.rsa.com\/wp-content\/uploads\/rsa-og-image.jpg","schema":{"@context":"https:\/\/schema.org","@graph":[{"@type":"WebPage","@id":"https:\/\/www.rsa.com\/copyright-policy\/","url":"https:\/\/www.rsa.com\/copyright-policy\/","name":"Politique en mati\u00e8re de droits d'auteur de l'ASR","isPartOf":{"@id":"https:\/\/www.rsa.com\/#website"},"datePublished":"2022-01-04T23:15:49+00:00","dateModified":"2025-02-07T20:38:45+00:00","description":"Si vous estimez que vos droits d'auteur ou d'autres droits ont \u00e9t\u00e9 viol\u00e9s, veuillez en informer par \u00e9crit notre agent d\u00e9sign\u00e9","breadcrumb":{"@id":"https:\/\/www.rsa.com\/copyright-policy\/#breadcrumb"},"inLanguage":"fr-CA","potentialAction":[{"@type":"ReadAction","target":["https:\/\/www.rsa.com\/copyright-policy\/"]}]},{"@type":"BreadcrumbList","@id":"https:\/\/www.rsa.com\/copyright-policy\/#breadcrumb","itemListElement":[{"@type":"ListItem","position":1,"name":"Home","item":"https:\/\/www.rsa.com\/"},{"@type":"ListItem","position":2,"name":"Copyright Policy"}]},{"@type":"WebSite","@id":"https:\/\/www.rsa.com\/#website","url":"https:\/\/www.rsa.com\/","name":"RSA","description":"Solutions de cybers\u00e9curit\u00e9 et de gestion des risques num\u00e9riques","publisher":{"@id":"https:\/\/www.rsa.com\/#organization"},"potentialAction":[{"@type":"SearchAction","target":{"@type":"EntryPoint","urlTemplate":"https:\/\/www.rsa.com\/?s={search_term_string}"},"query-input":{"@type":"PropertyValueSpecification","valueRequired":true,"valueName":"search_term_string"}}],"inLanguage":"fr-CA"},{"@type":"Organization","@id":"https:\/\/www.rsa.com\/#organization","name":"RSA","url":"https:\/\/www.rsa.com\/","logo":{"@type":"ImageObject","inLanguage":"fr-CA","@id":"https:\/\/www.rsa.com\/#\/schema\/logo\/image\/","url":"https:\/\/www.rsa.com\/wp-content\/uploads\/rsa.png","contentUrl":"https:\/\/www.rsa.com\/wp-content\/uploads\/rsa.png","width":2880,"height":1020,"caption":"RSA"},"image":{"@id":"https:\/\/www.rsa.com\/#\/schema\/logo\/image\/"}}]}},"_links":{"self":[{"href":"https:\/\/www.rsa.com\/fr_ca\/wp-json\/wp\/v2\/pages\/973","targetHints":{"allow":["GET"]}}],"collection":[{"href":"https:\/\/www.rsa.com\/fr_ca\/wp-json\/wp\/v2\/pages"}],"about":[{"href":"https:\/\/www.rsa.com\/fr_ca\/wp-json\/wp\/v2\/types\/page"}],"author":[{"embeddable":true,"href":"https:\/\/www.rsa.com\/fr_ca\/wp-json\/wp\/v2\/users\/2"}],"replies":[{"embeddable":true,"href":"https:\/\/www.rsa.com\/fr_ca\/wp-json\/wp\/v2\/comments?post=973"}],"version-history":[{"count":6,"href":"https:\/\/www.rsa.com\/fr_ca\/wp-json\/wp\/v2\/pages\/973\/revisions"}],"predecessor-version":[{"id":30236,"href":"https:\/\/www.rsa.com\/fr_ca\/wp-json\/wp\/v2\/pages\/973\/revisions\/30236"}],"wp:attachment":[{"href":"https:\/\/www.rsa.com\/fr_ca\/wp-json\/wp\/v2\/media?parent=973"}],"curies":[{"name":"wp","href":"https:\/\/api.w.org\/{rel}","templated":true}]}}