{"id":3525,"date":"2022-08-03T15:40:27","date_gmt":"2022-08-03T19:40:27","guid":{"rendered":"https:\/\/www.rsa.com\/?page_id=3525"},"modified":"2025-12-15T10:49:41","modified_gmt":"2025-12-15T15:49:41","slug":"ethical-supply-chain-statement","status":"publish","type":"page","link":"https:\/\/www.rsa.com\/fr_ca\/ethical-supply-chain-statement\/","title":{"rendered":"Cha\u00eene d'approvisionnement \u00e9thique"},"content":{"rendered":"<p>RSA fournit une solution Unified Identity Platform bas\u00e9e sur l'intelligence artificielle afin de prot\u00e9ger les organisations les plus s\u00e9curis\u00e9es au monde en leur offrant des fonctionnalit\u00e9s automatis\u00e9es d'intelligence d'identit\u00e9, d'authentification, d'acc\u00e8s, de gouvernance et de cycle de vie pour r\u00e9duire les risques, s\u00e9curiser l'authentification, maintenir la conformit\u00e9 et automatiser les processus. RSA sert des clients dans le monde entier, notamment des banques, des coop\u00e9ratives de cr\u00e9dit, d'autres institutions financi\u00e8res, des entreprises et des commer\u00e7ants, afin de les aider \u00e0 obtenir les meilleurs r\u00e9sultats possibles gr\u00e2ce \u00e0 son engagement en faveur de l'innovation et de l'excellence.<\/p>\n<p>Le si\u00e8ge social mondial de RSA est situ\u00e9 aux \u00c9tats-Unis. De plus, RSA exerce ses activit\u00e9s dans plus de 20 autres pays, directement ou par l'interm\u00e9diaire de filiales. Certaines filiales de RSA exercent leurs activit\u00e9s au Royaume-Uni, au Canada ou en Australie et ne sont actuellement pas concern\u00e9es par les lois anti-esclavage applicables, mais pourraient, d'une ann\u00e9e \u00e0 l'autre, en fonction de leur chiffre d'affaires annuel, entrer dans le champ d'application de ces lois.<\/p>\n<p>RSA soutient les objectifs et les efforts de la loi californienne de 2010 sur la transparence dans les cha\u00eenes d'approvisionnement (California Transparency in Supply Chains Act), qui oblige certains d\u00e9taillants et fabricants exer\u00e7ant leurs activit\u00e9s en Californie \u00e0 fournir des informations sur leurs efforts visant \u00e0 \u00e9liminer ou \u00e0 pr\u00e9venir la traite des \u00eatres humains, l'esclavage, le travail des enfants et les conditions de travail contraires \u00e0 l'\u00e9thique dans leur cha\u00eene d'approvisionnement. RSA approuve les principes de la loi sur la lutte contre le travail forc\u00e9 et le travail des enfants dans les cha\u00eenes d'approvisionnement (2023), de la loi sur l'esclavage moderne de 2015 (Royaume-Uni) et de la loi australienne sur l'esclavage moderne de 2018 (Cth) et s'engage \u00e0 poursuivre et \u00e0 am\u00e9liorer ses efforts pour identifier et att\u00e9nuer les risques d'esclavage moderne et de traite des \u00eatres humains dans ses activit\u00e9s et ses cha\u00eenes d'approvisionnement. \u00c0 cette fin, RSA fournit la pr\u00e9sente d\u00e9claration conform\u00e9ment aux lois applicables en mati\u00e8re d'esclavage moderne, y compris celles mentionn\u00e9es ci-dessus.<\/p>\n<p>RSA s'engage \u00e0 traiter tous les travailleurs avec respect et dignit\u00e9, \u00e0 garantir des conditions de travail s\u00fbres et \u00e0 mener des op\u00e9rations \u00e9thiques et respectueuses de l'environnement. RSA travaille avec des informations confidentielles et des services de s\u00e9curit\u00e9, par cons\u00e9quent, elle maintient les normes les plus \u00e9lev\u00e9es en mati\u00e8re d'int\u00e9grit\u00e9, d'\u00e9thique et de confiance. En outre, la RSA est li\u00e9e par les normes les plus \u00e9lev\u00e9es des lois et de l'\u00e9thique des juridictions applicables \u00e0 toutes les transactions commerciales. <\/p>\n<p class=\"translation-block\">&lt;La RSA s&#039;assure g\u00e9n\u00e9ralement que les mat\u00e9riaux achet\u00e9s aupr\u00e8s des fournisseurs ont une cha\u00eene d&#039;approvisionnement bien \u00e9tablie, en r\u00e8gle et conforme aux exigences l\u00e9gales des juridictions dans lesquelles ils op\u00e8rent. La RSA croit que ses fournisseurs ne se livrent pas \u00e0 la traite ill\u00e9gale des personnes, \u00e0 l&#039;esclavage, au travail des enfants et\/ou \u00e0 des conditions de travail contraires \u00e0 l&#039;\u00e9thique ; toutefois, ni la RSA ni un tiers n&#039;effectuent d&#039;enqu\u00eate ou d&#039;\u00e9valuation plus pouss\u00e9e des cha\u00eenes d&#039;approvisionnement pour \u00e9valuer ces questions.<\/p>\n<p><strong>Audits<\/strong>. Le programme de gestion des risques li\u00e9s aux tiers de RSA d\u00e9finit les principes directeurs, les normes et les structures de gouvernance associ\u00e9es permettant d'identifier, d'\u00e9valuer, de surveiller et d'att\u00e9nuer les risques li\u00e9s \u00e0 nos fournisseurs. RSA attend de tous ses fournisseurs qu'ils se conforment \u00e0 toutes les lois applicables, en particulier celles qui exigent des pratiques commerciales \u00e9thiques. Si RSA soup\u00e7onne un fournisseur de se livrer \u00e0 la traite ill\u00e9gale d'\u00eatres humains, \u00e0 l'esclavage, au travail des enfants et\/ou \u00e0 des conditions de travail contraires \u00e0 l'\u00e9thique, RSA peut mener une enqu\u00eate plus approfondie afin de recueillir des preuves. \u00c0 l'exception des cas o\u00f9 RSA peut \u00eatre impliqu\u00e9 dans une enqu\u00eate sur la cha\u00eene d'approvisionnement concernant les activit\u00e9s ill\u00e9gales mentionn\u00e9es pr\u00e9c\u00e9demment, RSA ne proc\u00e8de \u00e0 aucun examen ni audit de ses fournisseurs afin d'\u00e9valuer leur conformit\u00e9 aux lois contre l'esclavage et la traite des \u00eatres humains.<\/p>\n<p><strong>Certification<\/strong>. RSA travaille avec des fournisseurs bien \u00e9tablis et de bonne r\u00e9putation qui, \u00e0 notre connaissance, respectent les lois applicables dans les juridictions o\u00f9 ils op\u00e8rent. RSA exige de ses fournisseurs qu'ils certifient eux-m\u00eames qu'ils respectent toutes les lois applicables dans les juridictions o\u00f9 ils op\u00e8rent.<\/p>\n<p><strong>Responsabilit\u00e9<\/strong>. RSA et ses employ\u00e9s, ainsi que ses fournisseurs, sont tenus de se conformer \u00e0 toutes les lois et\/ou politiques applicables des juridictions dans lesquelles ils exercent leurs activit\u00e9s ; les politiques internes qui doivent \u00eatre respect\u00e9es comprennent <a href=\"\/wp-content\/uploads\/rsa-code-of-business-conduct-and-ethics.pdf\" target=\"_blank\">Code de conduite et d'\u00e9thique de RSA<\/a>. Toute violation de ces politiques, notamment en mati\u00e8re de traite des \u00eatres humains, d'esclavage, de travail des enfants et\/ou de conditions de travail contraires \u00e0 l'\u00e9thique, de lutte contre le harc\u00e8lement, la corruption, le blanchiment d'argent, peut entra\u00eener des mesures disciplinaires pouvant aller jusqu'\u00e0 la r\u00e9siliation de notre relation, ou d'autres actions en justice, le cas \u00e9ch\u00e9ant. RSA dispose \u00e9galement de m\u00e9canismes de responsabilit\u00e9 et de r\u00e9clamation \u00e0 l'\u00e9chelle de l'entreprise (par exemple, le contact RSA Ethics), qui sont \u00e0 la disposition des employ\u00e9s et des parties externes. <\/p>\n<p class=\"translation-block\">&lt;Bien que RSA ne fournisse pas actuellement \u00e0 ses employ\u00e9s et \u00e0 sa direction une formation sp\u00e9cifique sur l&#039;esclavage et le trafic d&#039;\u00eatres humains, une formation sur le <a href=\"https:\/\/www.rsa.com\/wp-content\/uploads\/rsa-code-of-business-conduct-and-ethics.pdf\" rel=\"noopener\" target=\"_blank\">Code de conduite et d'\u00e9thique de RSA<\/a> est dispens\u00e9e aux employ\u00e9s nouvellement embauch\u00e9s et en cas de modification de ces politiques.<\/p>\n<p><strong>Date d'entr\u00e9e en vigueur : 15 d\u00e9cembre 2025<\/strong><\/p>\n<p><em>\u00a92025 RSA Security USA LLC ou ses filiales. Tous droits r\u00e9serv\u00e9s. Le logo RSA Conference, RSA et d'autres marques sont des marques commerciales de RSA Security USA LLC ou de ses filiales. D'autres marques peuvent \u00eatre des marques commerciales de leurs propri\u00e9taires respectifs.<\/em><\/p>\n<p>D\u00e9claration pr\u00e9c\u00e9dente relative \u00e0 la cha\u00eene d'approvisionnement \u00e9thique :<\/p>\n<ul>\n<li><a href=\"\/fr_ca\/ethical-supply-chain-2022\/\">Juillet 2022<\/a><\/li>\n<\/ul>","protected":false},"excerpt":{"rendered":"<p>RSA fournit une solution Unified Identity Platform bas\u00e9e sur l'intelligence artificielle afin de prot\u00e9ger les organisations les plus s\u00e9curis\u00e9es au monde en leur offrant des fonctionnalit\u00e9s automatis\u00e9es d'intelligence d'identit\u00e9, d'authentification, d'acc\u00e8s, de gouvernance et de cycle de vie pour r\u00e9duire les risques, s\u00e9curiser l'authentification, maintenir la conformit\u00e9 et automatiser les processus. RSA sert des clients dans le monde entier, notamment des banques, des coop\u00e9ratives de cr\u00e9dit, d'autres institutions financi\u00e8res, des entreprises et des commer\u00e7ants, afin de les aider \u00e0... <a href=\"https:\/\/www.rsa.com\/fr_ca\/ethical-supply-chain-statement\/\">Suite<\/a><\/p>","protected":false},"author":2,"featured_media":0,"parent":0,"menu_order":0,"comment_status":"closed","ping_status":"closed","template":"template-policy.blade.php","meta":{"_acf_changed":false,"_searchwp_excluded":"","inline_featured_image":false,"footnotes":""},"class_list":["post-3525","page","type-page","status-publish","hentry"],"acf":[],"yoast_head":"<!-- This site is optimized with the Yoast SEO plugin v27.3 - https:\/\/yoast.com\/product\/yoast-seo-wordpress\/ -->\n<title>Ethical Supply Chain - RSA<\/title>\n<meta name=\"description\" content=\"RSA provides this statement pursuant to the applicable laws concerning modern slavery.\" \/>\n<meta name=\"robots\" content=\"index, follow, max-snippet:-1, max-image-preview:large, max-video-preview:-1\" \/>\n<link rel=\"canonical\" href=\"https:\/\/www.rsa.com\/fr_ca\/ethical-supply-chain-statement\/\" \/>\n<meta property=\"og:locale\" content=\"fr_CA\" \/>\n<meta property=\"og:type\" content=\"article\" \/>\n<meta property=\"og:title\" content=\"Ethical Supply Chain\" \/>\n<meta property=\"og:description\" content=\"RSA provides this statement pursuant to the applicable laws concerning modern slavery.\" \/>\n<meta property=\"og:url\" content=\"https:\/\/www.rsa.com\/fr_ca\/ethical-supply-chain-statement\/\" \/>\n<meta property=\"og:site_name\" content=\"RSA\" \/>\n<meta property=\"article:modified_time\" content=\"2025-12-15T15:49:41+00:00\" \/>\n<meta property=\"og:image\" content=\"https:\/\/www.rsa.com\/wp-content\/uploads\/rsa-og-image.webp\" \/>\n\t<meta property=\"og:image:width\" content=\"1200\" \/>\n\t<meta property=\"og:image:height\" content=\"630\" \/>\n\t<meta property=\"og:image:type\" content=\"image\/webp\" \/>\n<meta name=\"twitter:card\" content=\"summary_large_image\" \/>\n<meta name=\"twitter:title\" content=\"Ethical Supply Chain\" \/>\n<meta name=\"twitter:description\" content=\"RSA provides this statement pursuant to the applicable laws concerning modern slavery.\" \/>\n<script type=\"application\/ld+json\" class=\"yoast-schema-graph\">{\"@context\":\"https:\\\/\\\/schema.org\",\"@graph\":[{\"@type\":\"WebPage\",\"@id\":\"https:\\\/\\\/www.rsa.com\\\/ethical-supply-chain-statement\\\/\",\"url\":\"https:\\\/\\\/www.rsa.com\\\/ethical-supply-chain-statement\\\/\",\"name\":\"Ethical Supply Chain - RSA\",\"isPartOf\":{\"@id\":\"https:\\\/\\\/www.rsa.com\\\/#website\"},\"datePublished\":\"2022-08-03T19:40:27+00:00\",\"dateModified\":\"2025-12-15T15:49:41+00:00\",\"description\":\"RSA provides this statement pursuant to the applicable laws concerning modern slavery.\",\"breadcrumb\":{\"@id\":\"https:\\\/\\\/www.rsa.com\\\/ethical-supply-chain-statement\\\/#breadcrumb\"},\"inLanguage\":\"fr-CA\",\"potentialAction\":[{\"@type\":\"ReadAction\",\"target\":[\"https:\\\/\\\/www.rsa.com\\\/ethical-supply-chain-statement\\\/\"]}]},{\"@type\":\"BreadcrumbList\",\"@id\":\"https:\\\/\\\/www.rsa.com\\\/ethical-supply-chain-statement\\\/#breadcrumb\",\"itemListElement\":[{\"@type\":\"ListItem\",\"position\":1,\"name\":\"Home\",\"item\":\"https:\\\/\\\/www.rsa.com\\\/\"},{\"@type\":\"ListItem\",\"position\":2,\"name\":\"Ethical Supply Chain\"}]},{\"@type\":\"WebSite\",\"@id\":\"https:\\\/\\\/www.rsa.com\\\/#website\",\"url\":\"https:\\\/\\\/www.rsa.com\\\/\",\"name\":\"RSA\",\"description\":\"Cybersecurity and Digital Risk Management Solutions\",\"publisher\":{\"@id\":\"https:\\\/\\\/www.rsa.com\\\/#organization\"},\"potentialAction\":[{\"@type\":\"SearchAction\",\"target\":{\"@type\":\"EntryPoint\",\"urlTemplate\":\"https:\\\/\\\/www.rsa.com\\\/?s={search_term_string}\"},\"query-input\":{\"@type\":\"PropertyValueSpecification\",\"valueRequired\":true,\"valueName\":\"search_term_string\"}}],\"inLanguage\":\"fr-CA\"},{\"@type\":\"Organization\",\"@id\":\"https:\\\/\\\/www.rsa.com\\\/#organization\",\"name\":\"RSA\",\"url\":\"https:\\\/\\\/www.rsa.com\\\/\",\"logo\":{\"@type\":\"ImageObject\",\"inLanguage\":\"fr-CA\",\"@id\":\"https:\\\/\\\/www.rsa.com\\\/#\\\/schema\\\/logo\\\/image\\\/\",\"url\":\"https:\\\/\\\/www.rsa.com\\\/wp-content\\\/uploads\\\/rsa.png\",\"contentUrl\":\"https:\\\/\\\/www.rsa.com\\\/wp-content\\\/uploads\\\/rsa.png\",\"width\":2880,\"height\":1020,\"caption\":\"RSA\"},\"image\":{\"@id\":\"https:\\\/\\\/www.rsa.com\\\/#\\\/schema\\\/logo\\\/image\\\/\"}}]}<\/script>\n<!-- \/ Yoast SEO plugin. -->","yoast_head_json":{"title":"Cha\u00eene d'approvisionnement \u00e9thique - RSA","description":"RSA fournit cette d\u00e9claration conform\u00e9ment aux lois applicables concernant l'esclavage moderne.","robots":{"index":"index","follow":"follow","max-snippet":"max-snippet:-1","max-image-preview":"max-image-preview:large","max-video-preview":"max-video-preview:-1"},"canonical":"https:\/\/www.rsa.com\/fr_ca\/ethical-supply-chain-statement\/","og_locale":"fr_CA","og_type":"article","og_title":"Ethical Supply Chain","og_description":"RSA provides this statement pursuant to the applicable laws concerning modern slavery.","og_url":"https:\/\/www.rsa.com\/fr_ca\/ethical-supply-chain-statement\/","og_site_name":"RSA","article_modified_time":"2025-12-15T15:49:41+00:00","og_image":[{"width":1200,"height":630,"url":"https:\/\/www.rsa.com\/wp-content\/uploads\/rsa-og-image.webp","type":"image\/webp"}],"twitter_card":"summary_large_image","twitter_title":"Ethical Supply Chain","twitter_description":"RSA provides this statement pursuant to the applicable laws concerning modern slavery.","schema":{"@context":"https:\/\/schema.org","@graph":[{"@type":"WebPage","@id":"https:\/\/www.rsa.com\/ethical-supply-chain-statement\/","url":"https:\/\/www.rsa.com\/ethical-supply-chain-statement\/","name":"Cha\u00eene d'approvisionnement \u00e9thique - RSA","isPartOf":{"@id":"https:\/\/www.rsa.com\/#website"},"datePublished":"2022-08-03T19:40:27+00:00","dateModified":"2025-12-15T15:49:41+00:00","description":"RSA fournit cette d\u00e9claration conform\u00e9ment aux lois applicables concernant l'esclavage moderne.","breadcrumb":{"@id":"https:\/\/www.rsa.com\/ethical-supply-chain-statement\/#breadcrumb"},"inLanguage":"fr-CA","potentialAction":[{"@type":"ReadAction","target":["https:\/\/www.rsa.com\/ethical-supply-chain-statement\/"]}]},{"@type":"BreadcrumbList","@id":"https:\/\/www.rsa.com\/ethical-supply-chain-statement\/#breadcrumb","itemListElement":[{"@type":"ListItem","position":1,"name":"Home","item":"https:\/\/www.rsa.com\/"},{"@type":"ListItem","position":2,"name":"Ethical Supply Chain"}]},{"@type":"WebSite","@id":"https:\/\/www.rsa.com\/#website","url":"https:\/\/www.rsa.com\/","name":"RSA","description":"Solutions de cybers\u00e9curit\u00e9 et de gestion des risques num\u00e9riques","publisher":{"@id":"https:\/\/www.rsa.com\/#organization"},"potentialAction":[{"@type":"SearchAction","target":{"@type":"EntryPoint","urlTemplate":"https:\/\/www.rsa.com\/?s={search_term_string}"},"query-input":{"@type":"PropertyValueSpecification","valueRequired":true,"valueName":"search_term_string"}}],"inLanguage":"fr-CA"},{"@type":"Organization","@id":"https:\/\/www.rsa.com\/#organization","name":"RSA","url":"https:\/\/www.rsa.com\/","logo":{"@type":"ImageObject","inLanguage":"fr-CA","@id":"https:\/\/www.rsa.com\/#\/schema\/logo\/image\/","url":"https:\/\/www.rsa.com\/wp-content\/uploads\/rsa.png","contentUrl":"https:\/\/www.rsa.com\/wp-content\/uploads\/rsa.png","width":2880,"height":1020,"caption":"RSA"},"image":{"@id":"https:\/\/www.rsa.com\/#\/schema\/logo\/image\/"}}]}},"_links":{"self":[{"href":"https:\/\/www.rsa.com\/fr_ca\/wp-json\/wp\/v2\/pages\/3525","targetHints":{"allow":["GET"]}}],"collection":[{"href":"https:\/\/www.rsa.com\/fr_ca\/wp-json\/wp\/v2\/pages"}],"about":[{"href":"https:\/\/www.rsa.com\/fr_ca\/wp-json\/wp\/v2\/types\/page"}],"author":[{"embeddable":true,"href":"https:\/\/www.rsa.com\/fr_ca\/wp-json\/wp\/v2\/users\/2"}],"replies":[{"embeddable":true,"href":"https:\/\/www.rsa.com\/fr_ca\/wp-json\/wp\/v2\/comments?post=3525"}],"version-history":[{"count":6,"href":"https:\/\/www.rsa.com\/fr_ca\/wp-json\/wp\/v2\/pages\/3525\/revisions"}],"predecessor-version":[{"id":35866,"href":"https:\/\/www.rsa.com\/fr_ca\/wp-json\/wp\/v2\/pages\/3525\/revisions\/35866"}],"wp:attachment":[{"href":"https:\/\/www.rsa.com\/fr_ca\/wp-json\/wp\/v2\/media?parent=3525"}],"curies":[{"name":"wp","href":"https:\/\/api.w.org\/{rel}","templated":true}]}}