{"id":33671,"date":"2025-05-09T12:18:40","date_gmt":"2025-05-09T16:18:40","guid":{"rendered":"https:\/\/www.rsa.com\/?page_id=33671"},"modified":"2026-03-13T14:28:58","modified_gmt":"2026-03-13T18:28:58","slug":"rsa-help-desk-live-verify","status":"publish","type":"page","link":"https:\/\/www.rsa.com\/fr_ca\/products\/id-plus\/rsa-help-desk-live-verify\/","title":{"rendered":"Help Desk Live Verify"},"content":{"rendered":"","protected":false},"excerpt":{"rendered":"","protected":false},"author":2,"featured_media":34471,"parent":37142,"menu_order":0,"comment_status":"closed","ping_status":"closed","template":"template-t3-help-desk-verify.blade.php","meta":{"_acf_changed":false,"_searchwp_excluded":"","inline_featured_image":false,"footnotes":""},"class_list":["post-33671","page","type-page","status-publish","has-post-thumbnail","hentry"],"acf":[],"yoast_head":"<!-- This site is optimized with the Yoast SEO plugin v27.3 - https:\/\/yoast.com\/product\/yoast-seo-wordpress\/ -->\n<title>Help Desk Live Verify - RSA<\/title>\n<meta name=\"description\" content=\"RSA Help Desk Live Verify delivers passwordless security for IT support teams. Eliminate help desk fraud, prevent impersonation, and streamline verification with RSA\u2019s enterprise-grade solutions.\" \/>\n<meta name=\"robots\" content=\"index, follow, max-snippet:-1, max-image-preview:large, max-video-preview:-1\" \/>\n<link rel=\"canonical\" href=\"https:\/\/www.rsa.com\/fr_ca\/products\/id-plus\/rsa-help-desk-live-verify\/\" \/>\n<meta property=\"og:locale\" content=\"fr_CA\" \/>\n<meta property=\"og:type\" content=\"article\" \/>\n<meta property=\"og:title\" content=\"Help Desk Live Verify - RSA\" \/>\n<meta property=\"og:description\" content=\"RSA Help Desk Live Verify delivers passwordless security for IT support teams. Eliminate help desk fraud, prevent impersonation, and streamline verification with RSA\u2019s enterprise-grade solutions.\" \/>\n<meta property=\"og:url\" content=\"https:\/\/www.rsa.com\/fr_ca\/products\/id-plus\/rsa-help-desk-live-verify\/\" \/>\n<meta property=\"og:site_name\" content=\"RSA\" \/>\n<meta property=\"article:modified_time\" content=\"2026-03-13T18:28:58+00:00\" \/>\n<meta property=\"og:image\" content=\"https:\/\/www.rsa.com\/wp-content\/uploads\/rsa-help-desk-live-verify-featured-image.webp\" \/>\n\t<meta property=\"og:image:width\" content=\"1200\" \/>\n\t<meta property=\"og:image:height\" content=\"741\" \/>\n\t<meta property=\"og:image:type\" content=\"image\/webp\" \/>\n<meta name=\"twitter:card\" content=\"summary_large_image\" \/>\n<script type=\"application\/ld+json\" class=\"yoast-schema-graph\">{\"@context\":\"https:\\\/\\\/schema.org\",\"@graph\":[{\"@type\":\"WebPage\",\"@id\":\"https:\\\/\\\/www.rsa.com\\\/products\\\/id-plus\\\/rsa-help-desk-live-verify\\\/\",\"url\":\"https:\\\/\\\/www.rsa.com\\\/products\\\/id-plus\\\/rsa-help-desk-live-verify\\\/\",\"name\":\"Help Desk Live Verify - RSA\",\"isPartOf\":{\"@id\":\"https:\\\/\\\/www.rsa.com\\\/#website\"},\"primaryImageOfPage\":{\"@id\":\"https:\\\/\\\/www.rsa.com\\\/products\\\/id-plus\\\/rsa-help-desk-live-verify\\\/#primaryimage\"},\"image\":{\"@id\":\"https:\\\/\\\/www.rsa.com\\\/products\\\/id-plus\\\/rsa-help-desk-live-verify\\\/#primaryimage\"},\"thumbnailUrl\":\"https:\\\/\\\/www.rsa.com\\\/wp-content\\\/uploads\\\/rsa-help-desk-live-verify-featured-image.webp\",\"datePublished\":\"2025-05-09T16:18:40+00:00\",\"dateModified\":\"2026-03-13T18:28:58+00:00\",\"description\":\"RSA Help Desk Live Verify delivers passwordless security for IT support teams. Eliminate help desk fraud, prevent impersonation, and streamline verification with RSA\u2019s enterprise-grade solutions.\",\"breadcrumb\":{\"@id\":\"https:\\\/\\\/www.rsa.com\\\/products\\\/id-plus\\\/rsa-help-desk-live-verify\\\/#breadcrumb\"},\"inLanguage\":\"fr-CA\",\"potentialAction\":[{\"@type\":\"ReadAction\",\"target\":[\"https:\\\/\\\/www.rsa.com\\\/products\\\/id-plus\\\/rsa-help-desk-live-verify\\\/\"]}]},{\"@type\":\"ImageObject\",\"inLanguage\":\"fr-CA\",\"@id\":\"https:\\\/\\\/www.rsa.com\\\/products\\\/id-plus\\\/rsa-help-desk-live-verify\\\/#primaryimage\",\"url\":\"https:\\\/\\\/www.rsa.com\\\/wp-content\\\/uploads\\\/rsa-help-desk-live-verify-featured-image.webp\",\"contentUrl\":\"https:\\\/\\\/www.rsa.com\\\/wp-content\\\/uploads\\\/rsa-help-desk-live-verify-featured-image.webp\",\"width\":1200,\"height\":741,\"caption\":\"RSA Help Desk Live Verify\"},{\"@type\":\"BreadcrumbList\",\"@id\":\"https:\\\/\\\/www.rsa.com\\\/products\\\/id-plus\\\/rsa-help-desk-live-verify\\\/#breadcrumb\",\"itemListElement\":[{\"@type\":\"ListItem\",\"position\":1,\"name\":\"Home\",\"item\":\"https:\\\/\\\/www.rsa.com\\\/\"},{\"@type\":\"ListItem\",\"position\":2,\"name\":\"Products Overview\",\"item\":\"https:\\\/\\\/www.rsa.com\\\/products\\\/\"},{\"@type\":\"ListItem\",\"position\":3,\"name\":\"ID Plus\",\"item\":\"https:\\\/\\\/www.rsa.com\\\/products\\\/id-plus\\\/\"},{\"@type\":\"ListItem\",\"position\":4,\"name\":\"Help Desk Live Verify\"}]},{\"@type\":\"WebSite\",\"@id\":\"https:\\\/\\\/www.rsa.com\\\/#website\",\"url\":\"https:\\\/\\\/www.rsa.com\\\/\",\"name\":\"RSA\",\"description\":\"Cybersecurity and Digital Risk Management Solutions\",\"publisher\":{\"@id\":\"https:\\\/\\\/www.rsa.com\\\/#organization\"},\"potentialAction\":[{\"@type\":\"SearchAction\",\"target\":{\"@type\":\"EntryPoint\",\"urlTemplate\":\"https:\\\/\\\/www.rsa.com\\\/?s={search_term_string}\"},\"query-input\":{\"@type\":\"PropertyValueSpecification\",\"valueRequired\":true,\"valueName\":\"search_term_string\"}}],\"inLanguage\":\"fr-CA\"},{\"@type\":\"Organization\",\"@id\":\"https:\\\/\\\/www.rsa.com\\\/#organization\",\"name\":\"RSA\",\"url\":\"https:\\\/\\\/www.rsa.com\\\/\",\"logo\":{\"@type\":\"ImageObject\",\"inLanguage\":\"fr-CA\",\"@id\":\"https:\\\/\\\/www.rsa.com\\\/#\\\/schema\\\/logo\\\/image\\\/\",\"url\":\"https:\\\/\\\/www.rsa.com\\\/wp-content\\\/uploads\\\/rsa.png\",\"contentUrl\":\"https:\\\/\\\/www.rsa.com\\\/wp-content\\\/uploads\\\/rsa.png\",\"width\":2880,\"height\":1020,\"caption\":\"RSA\"},\"image\":{\"@id\":\"https:\\\/\\\/www.rsa.com\\\/#\\\/schema\\\/logo\\\/image\\\/\"}}]}<\/script>\n<!-- \/ Yoast SEO plugin. -->","yoast_head_json":{"title":"Help Desk Live Verify - RSA","description":"RSA Help Desk Live Verify offre une s\u00e9curit\u00e9 sans mot de passe aux \u00e9quipes d'assistance informatique. \u00c9liminez la fraude au niveau du service d'assistance, emp\u00eachez l'usurpation d'identit\u00e9 et rationalisez la v\u00e9rification gr\u00e2ce aux solutions d'entreprise de RSA.","robots":{"index":"index","follow":"follow","max-snippet":"max-snippet:-1","max-image-preview":"max-image-preview:large","max-video-preview":"max-video-preview:-1"},"canonical":"https:\/\/www.rsa.com\/fr_ca\/products\/id-plus\/rsa-help-desk-live-verify\/","og_locale":"fr_CA","og_type":"article","og_title":"Help Desk Live Verify - RSA","og_description":"RSA Help Desk Live Verify delivers passwordless security for IT support teams. Eliminate help desk fraud, prevent impersonation, and streamline verification with RSA\u2019s enterprise-grade solutions.","og_url":"https:\/\/www.rsa.com\/fr_ca\/products\/id-plus\/rsa-help-desk-live-verify\/","og_site_name":"RSA","article_modified_time":"2026-03-13T18:28:58+00:00","og_image":[{"width":1200,"height":741,"url":"https:\/\/www.rsa.com\/wp-content\/uploads\/rsa-help-desk-live-verify-featured-image.webp","type":"image\/webp"}],"twitter_card":"summary_large_image","schema":{"@context":"https:\/\/schema.org","@graph":[{"@type":"WebPage","@id":"https:\/\/www.rsa.com\/products\/id-plus\/rsa-help-desk-live-verify\/","url":"https:\/\/www.rsa.com\/products\/id-plus\/rsa-help-desk-live-verify\/","name":"Help Desk Live Verify - RSA","isPartOf":{"@id":"https:\/\/www.rsa.com\/#website"},"primaryImageOfPage":{"@id":"https:\/\/www.rsa.com\/products\/id-plus\/rsa-help-desk-live-verify\/#primaryimage"},"image":{"@id":"https:\/\/www.rsa.com\/products\/id-plus\/rsa-help-desk-live-verify\/#primaryimage"},"thumbnailUrl":"https:\/\/www.rsa.com\/wp-content\/uploads\/rsa-help-desk-live-verify-featured-image.webp","datePublished":"2025-05-09T16:18:40+00:00","dateModified":"2026-03-13T18:28:58+00:00","description":"RSA Help Desk Live Verify offre une s\u00e9curit\u00e9 sans mot de passe aux \u00e9quipes d'assistance informatique. \u00c9liminez la fraude au niveau du service d'assistance, emp\u00eachez l'usurpation d'identit\u00e9 et rationalisez la v\u00e9rification gr\u00e2ce aux solutions d'entreprise de RSA.","breadcrumb":{"@id":"https:\/\/www.rsa.com\/products\/id-plus\/rsa-help-desk-live-verify\/#breadcrumb"},"inLanguage":"fr-CA","potentialAction":[{"@type":"ReadAction","target":["https:\/\/www.rsa.com\/products\/id-plus\/rsa-help-desk-live-verify\/"]}]},{"@type":"ImageObject","inLanguage":"fr-CA","@id":"https:\/\/www.rsa.com\/products\/id-plus\/rsa-help-desk-live-verify\/#primaryimage","url":"https:\/\/www.rsa.com\/wp-content\/uploads\/rsa-help-desk-live-verify-featured-image.webp","contentUrl":"https:\/\/www.rsa.com\/wp-content\/uploads\/rsa-help-desk-live-verify-featured-image.webp","width":1200,"height":741,"caption":"RSA Help Desk Live Verify"},{"@type":"BreadcrumbList","@id":"https:\/\/www.rsa.com\/products\/id-plus\/rsa-help-desk-live-verify\/#breadcrumb","itemListElement":[{"@type":"ListItem","position":1,"name":"Home","item":"https:\/\/www.rsa.com\/"},{"@type":"ListItem","position":2,"name":"Products Overview","item":"https:\/\/www.rsa.com\/products\/"},{"@type":"ListItem","position":3,"name":"ID Plus","item":"https:\/\/www.rsa.com\/products\/id-plus\/"},{"@type":"ListItem","position":4,"name":"Help Desk Live Verify"}]},{"@type":"WebSite","@id":"https:\/\/www.rsa.com\/#website","url":"https:\/\/www.rsa.com\/","name":"RSA","description":"Solutions de cybers\u00e9curit\u00e9 et de gestion des risques num\u00e9riques","publisher":{"@id":"https:\/\/www.rsa.com\/#organization"},"potentialAction":[{"@type":"SearchAction","target":{"@type":"EntryPoint","urlTemplate":"https:\/\/www.rsa.com\/?s={search_term_string}"},"query-input":{"@type":"PropertyValueSpecification","valueRequired":true,"valueName":"search_term_string"}}],"inLanguage":"fr-CA"},{"@type":"Organization","@id":"https:\/\/www.rsa.com\/#organization","name":"RSA","url":"https:\/\/www.rsa.com\/","logo":{"@type":"ImageObject","inLanguage":"fr-CA","@id":"https:\/\/www.rsa.com\/#\/schema\/logo\/image\/","url":"https:\/\/www.rsa.com\/wp-content\/uploads\/rsa.png","contentUrl":"https:\/\/www.rsa.com\/wp-content\/uploads\/rsa.png","width":2880,"height":1020,"caption":"RSA"},"image":{"@id":"https:\/\/www.rsa.com\/#\/schema\/logo\/image\/"}}]}},"_links":{"self":[{"href":"https:\/\/www.rsa.com\/fr_ca\/wp-json\/wp\/v2\/pages\/33671","targetHints":{"allow":["GET"]}}],"collection":[{"href":"https:\/\/www.rsa.com\/fr_ca\/wp-json\/wp\/v2\/pages"}],"about":[{"href":"https:\/\/www.rsa.com\/fr_ca\/wp-json\/wp\/v2\/types\/page"}],"author":[{"embeddable":true,"href":"https:\/\/www.rsa.com\/fr_ca\/wp-json\/wp\/v2\/users\/2"}],"replies":[{"embeddable":true,"href":"https:\/\/www.rsa.com\/fr_ca\/wp-json\/wp\/v2\/comments?post=33671"}],"version-history":[{"count":28,"href":"https:\/\/www.rsa.com\/fr_ca\/wp-json\/wp\/v2\/pages\/33671\/revisions"}],"predecessor-version":[{"id":35380,"href":"https:\/\/www.rsa.com\/fr_ca\/wp-json\/wp\/v2\/pages\/33671\/revisions\/35380"}],"up":[{"embeddable":true,"href":"https:\/\/www.rsa.com\/fr_ca\/wp-json\/wp\/v2\/pages\/37142"}],"wp:featuredmedia":[{"embeddable":true,"href":"https:\/\/www.rsa.com\/fr_ca\/wp-json\/wp\/v2\/media\/34471"}],"wp:attachment":[{"href":"https:\/\/www.rsa.com\/fr_ca\/wp-json\/wp\/v2\/media?parent=33671"}],"curies":[{"name":"wp","href":"https:\/\/api.w.org\/{rel}","templated":true}]}}