{"id":31415,"date":"2024-09-17T10:07:07","date_gmt":"2024-09-17T14:07:07","guid":{"rendered":"https:\/\/www.rsa.com\/?page_id=31415"},"modified":"2025-10-14T14:09:15","modified_gmt":"2025-10-14T18:09:15","slug":"meet-rsa-at-it-sa-expo-and-congress-2024","status":"publish","type":"page","link":"https:\/\/www.rsa.com\/fr_ca\/meet-rsa-at-it-sa-expo-and-congress-2024\/","title":{"rendered":"<span class=\"text-color-brand\">it-sa Expo&amp;Congr\u00e8s 2024<\/span>"},"content":{"rendered":"","protected":false},"excerpt":{"rendered":"","protected":false},"author":6,"featured_media":31411,"parent":0,"menu_order":0,"comment_status":"closed","ping_status":"closed","template":"template-gated-asset.blade.php","meta":{"_acf_changed":false,"_searchwp_excluded":"","inline_featured_image":false,"footnotes":""},"class_list":["post-31415","page","type-page","status-publish","has-post-thumbnail","hentry"],"acf":[],"yoast_head":"<!-- This site is optimized with the Yoast SEO plugin v27.3 - https:\/\/yoast.com\/product\/yoast-seo-wordpress\/ -->\n<title>it-sa Expo&amp;Congress 2024 - RSA<\/title>\n<meta name=\"description\" content=\"Join RSA at it-sa Expo&amp; Congress 2024! Complete a demo of our new identity security solutions at Booth #9-436.\" \/>\n<meta name=\"robots\" content=\"index, follow, max-snippet:-1, max-image-preview:large, max-video-preview:-1\" \/>\n<link rel=\"canonical\" href=\"https:\/\/www.rsa.com\/fr_ca\/meet-rsa-at-it-sa-expo-and-congress-2024\/\" \/>\n<meta property=\"og:locale\" content=\"fr_CA\" \/>\n<meta property=\"og:type\" content=\"article\" \/>\n<meta property=\"og:title\" content=\"Meet RSA at it-sa Expo&amp;Congress 2024\" \/>\n<meta property=\"og:description\" content=\"Join RSA at it-sa Expo&amp; Congress 2024! Complete a demo of our new identity security solutions at Booth #9-436.\" \/>\n<meta property=\"og:url\" content=\"https:\/\/www.rsa.com\/fr_ca\/meet-rsa-at-it-sa-expo-and-congress-2024\/\" \/>\n<meta property=\"og:site_name\" content=\"RSA\" \/>\n<meta property=\"article:modified_time\" content=\"2025-10-14T18:09:15+00:00\" \/>\n<meta property=\"og:image\" content=\"https:\/\/www.rsa.com\/wp-content\/uploads\/it-sa-expo-and-congress-2024-rsa.webp\" \/>\n\t<meta property=\"og:image:width\" content=\"1146\" \/>\n\t<meta property=\"og:image:height\" content=\"622\" \/>\n\t<meta property=\"og:image:type\" content=\"image\/webp\" \/>\n<meta name=\"twitter:card\" content=\"summary_large_image\" \/>\n<meta name=\"twitter:title\" content=\"Meet RSA at it-sa Expo&amp;Congress 2024\" \/>\n<meta name=\"twitter:description\" content=\"Join RSA at it-sa Expo&amp; Congress 2024! Complete a demo of our new identity security solutions at Booth #9-436.\" \/>\n<script type=\"application\/ld+json\" class=\"yoast-schema-graph\">{\"@context\":\"https:\\\/\\\/schema.org\",\"@graph\":[{\"@type\":\"WebPage\",\"@id\":\"https:\\\/\\\/www.rsa.com\\\/meet-rsa-at-it-sa-expo-and-congress-2024\\\/\",\"url\":\"https:\\\/\\\/www.rsa.com\\\/meet-rsa-at-it-sa-expo-and-congress-2024\\\/\",\"name\":\"it-sa Expo&Congress 2024 - RSA\",\"isPartOf\":{\"@id\":\"https:\\\/\\\/www.rsa.com\\\/#website\"},\"primaryImageOfPage\":{\"@id\":\"https:\\\/\\\/www.rsa.com\\\/meet-rsa-at-it-sa-expo-and-congress-2024\\\/#primaryimage\"},\"image\":{\"@id\":\"https:\\\/\\\/www.rsa.com\\\/meet-rsa-at-it-sa-expo-and-congress-2024\\\/#primaryimage\"},\"thumbnailUrl\":\"https:\\\/\\\/www.rsa.com\\\/wp-content\\\/uploads\\\/it-sa-expo-and-congress-2024-rsa.webp\",\"datePublished\":\"2024-09-17T14:07:07+00:00\",\"dateModified\":\"2025-10-14T18:09:15+00:00\",\"description\":\"Join RSA at it-sa Expo& Congress 2024! Complete a demo of our new identity security solutions at Booth #9-436.\",\"breadcrumb\":{\"@id\":\"https:\\\/\\\/www.rsa.com\\\/meet-rsa-at-it-sa-expo-and-congress-2024\\\/#breadcrumb\"},\"inLanguage\":\"fr-CA\",\"potentialAction\":[{\"@type\":\"ReadAction\",\"target\":[\"https:\\\/\\\/www.rsa.com\\\/meet-rsa-at-it-sa-expo-and-congress-2024\\\/\"]}]},{\"@type\":\"ImageObject\",\"inLanguage\":\"fr-CA\",\"@id\":\"https:\\\/\\\/www.rsa.com\\\/meet-rsa-at-it-sa-expo-and-congress-2024\\\/#primaryimage\",\"url\":\"https:\\\/\\\/www.rsa.com\\\/wp-content\\\/uploads\\\/it-sa-expo-and-congress-2024-rsa.webp\",\"contentUrl\":\"https:\\\/\\\/www.rsa.com\\\/wp-content\\\/uploads\\\/it-sa-expo-and-congress-2024-rsa.webp\",\"width\":1146,\"height\":622,\"caption\":\"it-sa Expo& Congress 2024\"},{\"@type\":\"BreadcrumbList\",\"@id\":\"https:\\\/\\\/www.rsa.com\\\/meet-rsa-at-it-sa-expo-and-congress-2024\\\/#breadcrumb\",\"itemListElement\":[{\"@type\":\"ListItem\",\"position\":1,\"name\":\"Home\",\"item\":\"https:\\\/\\\/www.rsa.com\\\/\"},{\"@type\":\"ListItem\",\"position\":2,\"name\":\"it-sa Expo&#038;Congress 2024\"}]},{\"@type\":\"WebSite\",\"@id\":\"https:\\\/\\\/www.rsa.com\\\/#website\",\"url\":\"https:\\\/\\\/www.rsa.com\\\/\",\"name\":\"RSA\",\"description\":\"Cybersecurity and Digital Risk Management Solutions\",\"publisher\":{\"@id\":\"https:\\\/\\\/www.rsa.com\\\/#organization\"},\"potentialAction\":[{\"@type\":\"SearchAction\",\"target\":{\"@type\":\"EntryPoint\",\"urlTemplate\":\"https:\\\/\\\/www.rsa.com\\\/?s={search_term_string}\"},\"query-input\":{\"@type\":\"PropertyValueSpecification\",\"valueRequired\":true,\"valueName\":\"search_term_string\"}}],\"inLanguage\":\"fr-CA\"},{\"@type\":\"Organization\",\"@id\":\"https:\\\/\\\/www.rsa.com\\\/#organization\",\"name\":\"RSA\",\"url\":\"https:\\\/\\\/www.rsa.com\\\/\",\"logo\":{\"@type\":\"ImageObject\",\"inLanguage\":\"fr-CA\",\"@id\":\"https:\\\/\\\/www.rsa.com\\\/#\\\/schema\\\/logo\\\/image\\\/\",\"url\":\"https:\\\/\\\/www.rsa.com\\\/wp-content\\\/uploads\\\/rsa.png\",\"contentUrl\":\"https:\\\/\\\/www.rsa.com\\\/wp-content\\\/uploads\\\/rsa.png\",\"width\":2880,\"height\":1020,\"caption\":\"RSA\"},\"image\":{\"@id\":\"https:\\\/\\\/www.rsa.com\\\/#\\\/schema\\\/logo\\\/image\\\/\"}}]}<\/script>\n<!-- \/ Yoast SEO plugin. -->","yoast_head_json":{"title":"it-sa Expo&amp;Congr\u00e8s 2024 - RSA","description":"Rejoignez RSA \u00e0 l'it-sa Expo&amp; Congress 2024 ! Effectuez une d\u00e9monstration de nos nouvelles solutions de s\u00e9curit\u00e9 de l'identit\u00e9 au stand #9-436.","robots":{"index":"index","follow":"follow","max-snippet":"max-snippet:-1","max-image-preview":"max-image-preview:large","max-video-preview":"max-video-preview:-1"},"canonical":"https:\/\/www.rsa.com\/fr_ca\/meet-rsa-at-it-sa-expo-and-congress-2024\/","og_locale":"fr_CA","og_type":"article","og_title":"Meet RSA at it-sa Expo&Congress 2024","og_description":"Join RSA at it-sa Expo& Congress 2024! Complete a demo of our new identity security solutions at Booth #9-436.","og_url":"https:\/\/www.rsa.com\/fr_ca\/meet-rsa-at-it-sa-expo-and-congress-2024\/","og_site_name":"RSA","article_modified_time":"2025-10-14T18:09:15+00:00","og_image":[{"width":1146,"height":622,"url":"https:\/\/www.rsa.com\/wp-content\/uploads\/it-sa-expo-and-congress-2024-rsa.webp","type":"image\/webp"}],"twitter_card":"summary_large_image","twitter_title":"Meet RSA at it-sa Expo&Congress 2024","twitter_description":"Join RSA at it-sa Expo& Congress 2024! Complete a demo of our new identity security solutions at Booth #9-436.","schema":{"@context":"https:\/\/schema.org","@graph":[{"@type":"WebPage","@id":"https:\/\/www.rsa.com\/meet-rsa-at-it-sa-expo-and-congress-2024\/","url":"https:\/\/www.rsa.com\/meet-rsa-at-it-sa-expo-and-congress-2024\/","name":"it-sa Expo&amp;Congr\u00e8s 2024 - RSA","isPartOf":{"@id":"https:\/\/www.rsa.com\/#website"},"primaryImageOfPage":{"@id":"https:\/\/www.rsa.com\/meet-rsa-at-it-sa-expo-and-congress-2024\/#primaryimage"},"image":{"@id":"https:\/\/www.rsa.com\/meet-rsa-at-it-sa-expo-and-congress-2024\/#primaryimage"},"thumbnailUrl":"https:\/\/www.rsa.com\/wp-content\/uploads\/it-sa-expo-and-congress-2024-rsa.webp","datePublished":"2024-09-17T14:07:07+00:00","dateModified":"2025-10-14T18:09:15+00:00","description":"Rejoignez RSA \u00e0 l'it-sa Expo&amp; Congress 2024 ! Effectuez une d\u00e9monstration de nos nouvelles solutions de s\u00e9curit\u00e9 de l'identit\u00e9 au stand #9-436.","breadcrumb":{"@id":"https:\/\/www.rsa.com\/meet-rsa-at-it-sa-expo-and-congress-2024\/#breadcrumb"},"inLanguage":"fr-CA","potentialAction":[{"@type":"ReadAction","target":["https:\/\/www.rsa.com\/meet-rsa-at-it-sa-expo-and-congress-2024\/"]}]},{"@type":"ImageObject","inLanguage":"fr-CA","@id":"https:\/\/www.rsa.com\/meet-rsa-at-it-sa-expo-and-congress-2024\/#primaryimage","url":"https:\/\/www.rsa.com\/wp-content\/uploads\/it-sa-expo-and-congress-2024-rsa.webp","contentUrl":"https:\/\/www.rsa.com\/wp-content\/uploads\/it-sa-expo-and-congress-2024-rsa.webp","width":1146,"height":622,"caption":"it-sa Expo& Congress 2024"},{"@type":"BreadcrumbList","@id":"https:\/\/www.rsa.com\/meet-rsa-at-it-sa-expo-and-congress-2024\/#breadcrumb","itemListElement":[{"@type":"ListItem","position":1,"name":"Home","item":"https:\/\/www.rsa.com\/"},{"@type":"ListItem","position":2,"name":"it-sa Expo&#038;Congress 2024"}]},{"@type":"WebSite","@id":"https:\/\/www.rsa.com\/#website","url":"https:\/\/www.rsa.com\/","name":"RSA","description":"Solutions de cybers\u00e9curit\u00e9 et de gestion des risques num\u00e9riques","publisher":{"@id":"https:\/\/www.rsa.com\/#organization"},"potentialAction":[{"@type":"SearchAction","target":{"@type":"EntryPoint","urlTemplate":"https:\/\/www.rsa.com\/?s={search_term_string}"},"query-input":{"@type":"PropertyValueSpecification","valueRequired":true,"valueName":"search_term_string"}}],"inLanguage":"fr-CA"},{"@type":"Organization","@id":"https:\/\/www.rsa.com\/#organization","name":"RSA","url":"https:\/\/www.rsa.com\/","logo":{"@type":"ImageObject","inLanguage":"fr-CA","@id":"https:\/\/www.rsa.com\/#\/schema\/logo\/image\/","url":"https:\/\/www.rsa.com\/wp-content\/uploads\/rsa.png","contentUrl":"https:\/\/www.rsa.com\/wp-content\/uploads\/rsa.png","width":2880,"height":1020,"caption":"RSA"},"image":{"@id":"https:\/\/www.rsa.com\/#\/schema\/logo\/image\/"}}]}},"_links":{"self":[{"href":"https:\/\/www.rsa.com\/fr_ca\/wp-json\/wp\/v2\/pages\/31415","targetHints":{"allow":["GET"]}}],"collection":[{"href":"https:\/\/www.rsa.com\/fr_ca\/wp-json\/wp\/v2\/pages"}],"about":[{"href":"https:\/\/www.rsa.com\/fr_ca\/wp-json\/wp\/v2\/types\/page"}],"author":[{"embeddable":true,"href":"https:\/\/www.rsa.com\/fr_ca\/wp-json\/wp\/v2\/users\/6"}],"replies":[{"embeddable":true,"href":"https:\/\/www.rsa.com\/fr_ca\/wp-json\/wp\/v2\/comments?post=31415"}],"version-history":[{"count":3,"href":"https:\/\/www.rsa.com\/fr_ca\/wp-json\/wp\/v2\/pages\/31415\/revisions"}],"predecessor-version":[{"id":35357,"href":"https:\/\/www.rsa.com\/fr_ca\/wp-json\/wp\/v2\/pages\/31415\/revisions\/35357"}],"wp:featuredmedia":[{"embeddable":true,"href":"https:\/\/www.rsa.com\/fr_ca\/wp-json\/wp\/v2\/media\/31411"}],"wp:attachment":[{"href":"https:\/\/www.rsa.com\/fr_ca\/wp-json\/wp\/v2\/media?parent=31415"}],"curies":[{"name":"wp","href":"https:\/\/api.w.org\/{rel}","templated":true}]}}