{"id":25199,"date":"2023-06-09T14:24:26","date_gmt":"2023-06-09T18:24:26","guid":{"rendered":"https:\/\/www.rsa.com\/?page_id=25199"},"modified":"2025-05-06T10:59:02","modified_gmt":"2025-05-06T14:59:02","slug":"esg","status":"publish","type":"page","link":"https:\/\/www.rsa.com\/fr_ca\/esg\/","title":{"rendered":"GSE"},"content":{"rendered":"<p>RSA s\u00e9curise les organisations les plus s\u00fbres du monde depuis des d\u00e9cennies. Ce n'est pas un hasard : nos politiques environnementales, sociales et de gouvernance (ESG) guident notre travail et contribuent \u00e0 renforcer notre position en tant qu'organisation prosp\u00e8re, fiable et durable. <\/p>\n<p>RSA est une entreprise engag\u00e9e dans la communaut\u00e9. Nous donnons la priorit\u00e9 \u00e0 l'utilisation rationnelle des ressources naturelles dans l'ensemble de notre cha\u00eene de production, ainsi qu'\u00e0 l'\u00e9quit\u00e9 et \u00e0 l'int\u00e9gration sociale dans nos relations avec les entreprises. <\/p>\n<p>Les objectifs de ces comportements sont pratiques : une excellente r\u00e9putation en mati\u00e8re de citoyennet\u00e9 d'entreprise favorise la r\u00e9ussite des entreprises \u00e0 long terme et contribue \u00e0 cr\u00e9er des soci\u00e9t\u00e9s leaders sur le march\u00e9 comme RSA. En combinant notre int\u00e9r\u00eat r\u00e9el pour les questions environnementales et le d\u00e9veloppement social avec des solutions et des innovations de qualit\u00e9, RSA d\u00e9fend les int\u00e9r\u00eats de ses parties prenantes, obtenant ainsi leur soutien et leur engagement.<\/p>\n<p>RSA maintient les initiatives ESG suivantes :<\/p>\n<ul>\n<li>Les activit\u00e9s de la RSA respectent les lois et r\u00e8glements des pays dans lesquels elle op\u00e8re.<\/li>\n<li>La politique de responsabilit\u00e9 totale de la RSA est certifi\u00e9e par un organisme externe. Elle englobe les relations de l'entreprise avec ses diff\u00e9rents types de public, y compris la soci\u00e9t\u00e9 et le gouvernement.<\/li>\n<li>Les processus de la cha\u00eene de production RSA prennent en compte l'utilisation rationnelle des ressources naturelles, depuis l'acquisition des mati\u00e8res premi\u00e8res, l'utilisation de mat\u00e9riaux non toxiques et non polluants, jusqu'\u00e0 la gestion appropri\u00e9e des d\u00e9chets.<\/li>\n<li>Afin d'am\u00e9liorer continuellement ses processus et ses installations, RSA surveille les principaux indices de consommation dans ses usines, supervise leur \u00e9volution, identifie les possibilit\u00e9s d'am\u00e9lioration et \u00e9labore des plans d'action en rapport avec les aspects environnementaux pertinents.<\/li>\n<\/ul>\n<div class=\"row justify-content-center mt-4 mt-lg-5\">\n<div class=\"col-12 col-lg-10\">\n<div class=\"px-3 py-4 p-sm-4 p-lg-5 blue-box-background text-center item-content\" style=\"border-radius: 24px\">\n<h2 class=\"h2-r large mt-0 mb-3 mb-lg-4 text-color-white item-title\">Rapport ESG 2025<\/h2>\n<div class=\"wysiwyg-editor mb-3 mb-lg-4 text-color-white item-text\">\n<p>T\u00e9l\u00e9chargez le rapport ESG de RSA pour en savoir plus sur les politiques environnementales, sociales et de gouvernance qui guident notre travail.<\/p>\n<\/p><\/div>\n<p>      <a href=\"\/fr_ca\/resources\/reports\/rsa-esg-report-2025\/\" class=\"btn btn-white-hover-hollow-border-white\">T\u00e9l\u00e9charger le rapport<\/a>\n    <\/div>\n<\/p><\/div>\n<\/div>\n<h4>Piliers ESG de la RSA<\/h4>\n<p>RSA s\u00e9curise les organisations les plus s\u00fbres au monde. Ce travail est important, mais la mani\u00e8re dont nous op\u00e9rons est tout aussi importante que ce que nous faisons. Les piliers ESG suivants guident le travail global des employ\u00e9s de RSA : <\/p>\n<h5>Climat et \u00e9nergie &lt;\/h5Transparence et \u00e9thique<\/h5>\n<p>Nos clients font confiance \u00e0 RSA pour prot\u00e9ger leurs activit\u00e9s. Nous accordons plus de valeur \u00e0 cette confiance qu'\u00e0 n'importe quelle solution ou innovation, et nous agissons de mani\u00e8re transparente et \u00e9thique pour pr\u00e9server notre r\u00e9putation. <\/p>\n<h5>La r\u00e9silience <\/h5>\n<p>RSA op\u00e8re depuis des d\u00e9cennies. Nous comprenons la valeur de la r\u00e9silience, nous nous adaptons aux nouveaux d\u00e9fis et nous aidons nos clients \u00e0 \u00e9voluer.  <\/p>\n<h5>S\u00e9curit\u00e9 et qualit\u00e9 des donn\u00e9es<\/h5>\n<p>L'ASR s'engage \u00e0 prot\u00e9ger la confidentialit\u00e9, la s\u00e9curit\u00e9 et la qualit\u00e9 de toutes les donn\u00e9es qu'elle recueille. <\/p>\n<h5>Les citoyens d'abord <\/h5>\n<p>RSA s'efforce d'embaucher, de retenir et de d\u00e9velopper les meilleurs talents pour mener \u00e0 bien nos activit\u00e9s mondiales. Nous respectons nos employ\u00e9s, nos partenaires, nos fournisseurs et nos parties prenantes pour ce qu'ils font et ce qu'ils sont.<\/p>\n<h5>L'innovation<\/h5>\n<p>Les acteurs de la menace sont toujours \u00e0 la recherche d'un avantage. C'est pourquoi RSA d\u00e9veloppe de nouvelles technologies, services et solutions dont les organisations ont besoin pour se d\u00e9fendre contre les menaces de cybers\u00e9curit\u00e9.<\/p>\n<p>&nbsp;<br \/>\nEn savoir plus sur le d\u00e9veloppement durable de l'ASR - <a href=\"\/fr_ca\/sustainability-net-zero-emissions\/\">Obtenir les d\u00e9tails<\/a><br \/>\n&nbsp;<\/p>\n<p><a href=\"\/fr_ca\/contact\/\" class=\"btn btn-brand-hover-hollow-with-border\">Nous contacter<\/a><\/p>","protected":false},"excerpt":{"rendered":"<p>RSA s\u00e9curise les organisations les plus s\u00fbres du monde depuis des d\u00e9cennies. Ce n'est pas un hasard : nos politiques environnementales, sociales et de gouvernance (ESG) guident notre travail et contribuent \u00e0 renforcer notre position en tant qu'organisation prosp\u00e8re, fiable et durable. RSA est une entreprise engag\u00e9e dans la communaut\u00e9. Nous donnons la priorit\u00e9 \u00e0 l'utilisation rationnelle des ressources naturelles dans notre ... <a href=\"https:\/\/www.rsa.com\/fr_ca\/esg\/\">Suite<\/a><\/p>","protected":false},"author":2,"featured_media":0,"parent":0,"menu_order":0,"comment_status":"closed","ping_status":"closed","template":"template-policy.blade.php","meta":{"_acf_changed":false,"_searchwp_excluded":"","inline_featured_image":false,"footnotes":""},"class_list":["post-25199","page","type-page","status-publish","hentry"],"acf":[],"yoast_head":"<!-- This site is optimized with the Yoast SEO plugin v27.3 - https:\/\/yoast.com\/product\/yoast-seo-wordpress\/ -->\n<title>ESG - RSA<\/title>\n<meta name=\"description\" content=\"RSA is a company committed to the community. Read about RSA&#039;s Environmental, Social, and Governance Policies and initiatives here.\" \/>\n<meta name=\"robots\" content=\"index, follow, max-snippet:-1, max-image-preview:large, max-video-preview:-1\" \/>\n<link rel=\"canonical\" href=\"https:\/\/www.rsa.com\/fr_ca\/esg\/\" \/>\n<meta property=\"og:locale\" content=\"fr_CA\" \/>\n<meta property=\"og:type\" content=\"article\" \/>\n<meta property=\"og:title\" content=\"ESG - RSA\" \/>\n<meta property=\"og:description\" content=\"RSA is a company committed to the community. Read about RSA&#039;s Environmental, Social, and Governance Policies and initiatives here.\" \/>\n<meta property=\"og:url\" content=\"https:\/\/www.rsa.com\/fr_ca\/esg\/\" \/>\n<meta property=\"og:site_name\" content=\"RSA\" \/>\n<meta property=\"article:modified_time\" content=\"2025-05-06T14:59:02+00:00\" \/>\n<meta property=\"og:image\" content=\"https:\/\/www.rsa.com\/wp-content\/uploads\/rsa-og-image.webp\" \/>\n\t<meta property=\"og:image:width\" content=\"1200\" \/>\n\t<meta property=\"og:image:height\" content=\"630\" \/>\n\t<meta property=\"og:image:type\" content=\"image\/webp\" \/>\n<meta name=\"twitter:card\" content=\"summary_large_image\" \/>\n<script type=\"application\/ld+json\" class=\"yoast-schema-graph\">{\"@context\":\"https:\\\/\\\/schema.org\",\"@graph\":[{\"@type\":\"WebPage\",\"@id\":\"https:\\\/\\\/www.rsa.com\\\/id\\\/esg\\\/\",\"url\":\"https:\\\/\\\/www.rsa.com\\\/id\\\/esg\\\/\",\"name\":\"ESG - RSA\",\"isPartOf\":{\"@id\":\"https:\\\/\\\/www.rsa.com\\\/#website\"},\"datePublished\":\"2023-06-09T18:24:26+00:00\",\"dateModified\":\"2025-05-06T14:59:02+00:00\",\"description\":\"RSA is a company committed to the community. Read about RSA's Environmental, Social, and Governance Policies and initiatives here.\",\"breadcrumb\":{\"@id\":\"https:\\\/\\\/www.rsa.com\\\/id\\\/esg\\\/#breadcrumb\"},\"inLanguage\":\"fr-CA\",\"potentialAction\":[{\"@type\":\"ReadAction\",\"target\":[\"https:\\\/\\\/www.rsa.com\\\/id\\\/esg\\\/\"]}]},{\"@type\":\"BreadcrumbList\",\"@id\":\"https:\\\/\\\/www.rsa.com\\\/id\\\/esg\\\/#breadcrumb\",\"itemListElement\":[{\"@type\":\"ListItem\",\"position\":1,\"name\":\"Home\",\"item\":\"https:\\\/\\\/www.rsa.com\\\/\"},{\"@type\":\"ListItem\",\"position\":2,\"name\":\"ESG\"}]},{\"@type\":\"WebSite\",\"@id\":\"https:\\\/\\\/www.rsa.com\\\/#website\",\"url\":\"https:\\\/\\\/www.rsa.com\\\/\",\"name\":\"RSA\",\"description\":\"Cybersecurity and Digital Risk Management Solutions\",\"publisher\":{\"@id\":\"https:\\\/\\\/www.rsa.com\\\/#organization\"},\"potentialAction\":[{\"@type\":\"SearchAction\",\"target\":{\"@type\":\"EntryPoint\",\"urlTemplate\":\"https:\\\/\\\/www.rsa.com\\\/?s={search_term_string}\"},\"query-input\":{\"@type\":\"PropertyValueSpecification\",\"valueRequired\":true,\"valueName\":\"search_term_string\"}}],\"inLanguage\":\"fr-CA\"},{\"@type\":\"Organization\",\"@id\":\"https:\\\/\\\/www.rsa.com\\\/#organization\",\"name\":\"RSA\",\"url\":\"https:\\\/\\\/www.rsa.com\\\/\",\"logo\":{\"@type\":\"ImageObject\",\"inLanguage\":\"fr-CA\",\"@id\":\"https:\\\/\\\/www.rsa.com\\\/#\\\/schema\\\/logo\\\/image\\\/\",\"url\":\"https:\\\/\\\/www.rsa.com\\\/wp-content\\\/uploads\\\/rsa.png\",\"contentUrl\":\"https:\\\/\\\/www.rsa.com\\\/wp-content\\\/uploads\\\/rsa.png\",\"width\":2880,\"height\":1020,\"caption\":\"RSA\"},\"image\":{\"@id\":\"https:\\\/\\\/www.rsa.com\\\/#\\\/schema\\\/logo\\\/image\\\/\"}}]}<\/script>\n<!-- \/ Yoast SEO plugin. -->","yoast_head_json":{"title":"ESG - RSA","description":"RSA est une entreprise engag\u00e9e dans la communaut\u00e9. Pour en savoir plus sur les politiques et initiatives environnementales, sociales et de gouvernance de la RSA, cliquez ici.","robots":{"index":"index","follow":"follow","max-snippet":"max-snippet:-1","max-image-preview":"max-image-preview:large","max-video-preview":"max-video-preview:-1"},"canonical":"https:\/\/www.rsa.com\/fr_ca\/esg\/","og_locale":"fr_CA","og_type":"article","og_title":"ESG - RSA","og_description":"RSA is a company committed to the community. Read about RSA's Environmental, Social, and Governance Policies and initiatives here.","og_url":"https:\/\/www.rsa.com\/fr_ca\/esg\/","og_site_name":"RSA","article_modified_time":"2025-05-06T14:59:02+00:00","og_image":[{"width":1200,"height":630,"url":"https:\/\/www.rsa.com\/wp-content\/uploads\/rsa-og-image.webp","type":"image\/webp"}],"twitter_card":"summary_large_image","schema":{"@context":"https:\/\/schema.org","@graph":[{"@type":"WebPage","@id":"https:\/\/www.rsa.com\/id\/esg\/","url":"https:\/\/www.rsa.com\/id\/esg\/","name":"ESG - RSA","isPartOf":{"@id":"https:\/\/www.rsa.com\/#website"},"datePublished":"2023-06-09T18:24:26+00:00","dateModified":"2025-05-06T14:59:02+00:00","description":"RSA est une entreprise engag\u00e9e dans la communaut\u00e9. Pour en savoir plus sur les politiques et initiatives environnementales, sociales et de gouvernance de la RSA, cliquez ici.","breadcrumb":{"@id":"https:\/\/www.rsa.com\/id\/esg\/#breadcrumb"},"inLanguage":"fr-CA","potentialAction":[{"@type":"ReadAction","target":["https:\/\/www.rsa.com\/id\/esg\/"]}]},{"@type":"BreadcrumbList","@id":"https:\/\/www.rsa.com\/id\/esg\/#breadcrumb","itemListElement":[{"@type":"ListItem","position":1,"name":"Home","item":"https:\/\/www.rsa.com\/"},{"@type":"ListItem","position":2,"name":"ESG"}]},{"@type":"WebSite","@id":"https:\/\/www.rsa.com\/#website","url":"https:\/\/www.rsa.com\/","name":"RSA","description":"Solutions de cybers\u00e9curit\u00e9 et de gestion des risques num\u00e9riques","publisher":{"@id":"https:\/\/www.rsa.com\/#organization"},"potentialAction":[{"@type":"SearchAction","target":{"@type":"EntryPoint","urlTemplate":"https:\/\/www.rsa.com\/?s={search_term_string}"},"query-input":{"@type":"PropertyValueSpecification","valueRequired":true,"valueName":"search_term_string"}}],"inLanguage":"fr-CA"},{"@type":"Organization","@id":"https:\/\/www.rsa.com\/#organization","name":"RSA","url":"https:\/\/www.rsa.com\/","logo":{"@type":"ImageObject","inLanguage":"fr-CA","@id":"https:\/\/www.rsa.com\/#\/schema\/logo\/image\/","url":"https:\/\/www.rsa.com\/wp-content\/uploads\/rsa.png","contentUrl":"https:\/\/www.rsa.com\/wp-content\/uploads\/rsa.png","width":2880,"height":1020,"caption":"RSA"},"image":{"@id":"https:\/\/www.rsa.com\/#\/schema\/logo\/image\/"}}]}},"_links":{"self":[{"href":"https:\/\/www.rsa.com\/fr_ca\/wp-json\/wp\/v2\/pages\/25199","targetHints":{"allow":["GET"]}}],"collection":[{"href":"https:\/\/www.rsa.com\/fr_ca\/wp-json\/wp\/v2\/pages"}],"about":[{"href":"https:\/\/www.rsa.com\/fr_ca\/wp-json\/wp\/v2\/types\/page"}],"author":[{"embeddable":true,"href":"https:\/\/www.rsa.com\/fr_ca\/wp-json\/wp\/v2\/users\/2"}],"replies":[{"embeddable":true,"href":"https:\/\/www.rsa.com\/fr_ca\/wp-json\/wp\/v2\/comments?post=25199"}],"version-history":[{"count":7,"href":"https:\/\/www.rsa.com\/fr_ca\/wp-json\/wp\/v2\/pages\/25199\/revisions"}],"predecessor-version":[{"id":33654,"href":"https:\/\/www.rsa.com\/fr_ca\/wp-json\/wp\/v2\/pages\/25199\/revisions\/33654"}],"wp:attachment":[{"href":"https:\/\/www.rsa.com\/fr_ca\/wp-json\/wp\/v2\/media?parent=25199"}],"curies":[{"name":"wp","href":"https:\/\/api.w.org\/{rel}","templated":true}]}}