{"id":24470,"date":"2023-05-30T12:53:59","date_gmt":"2023-05-30T16:53:59","guid":{"rendered":"https:\/\/www.rsa.com\/?page_id=24470"},"modified":"2025-10-15T20:41:30","modified_gmt":"2025-10-16T00:41:30","slug":"subscribe-to-updates","status":"publish","type":"page","link":"https:\/\/www.rsa.com\/fr_ca\/subscribe-to-updates\/","title":{"rendered":"S'abonner aux mises \u00e0 jour"},"content":{"rendered":"","protected":false},"excerpt":{"rendered":"","protected":false},"author":10,"featured_media":25879,"parent":0,"menu_order":0,"comment_status":"closed","ping_status":"closed","template":"template-t19-form-page.blade.php","meta":{"_acf_changed":false,"_searchwp_excluded":"","inline_featured_image":false,"footnotes":""},"class_list":["post-24470","page","type-page","status-publish","has-post-thumbnail","hentry"],"acf":[],"yoast_head":"<!-- This site is optimized with the Yoast SEO plugin v27.3 - https:\/\/yoast.com\/product\/yoast-seo-wordpress\/ -->\n<title>Subscribe to Updates - RSA<\/title>\n<meta name=\"description\" content=\"Subscribe to RSA to receive insights and updates from global thought leaders on identity security, zero trust, passwordless, and more.\" \/>\n<meta name=\"robots\" content=\"index, follow, max-snippet:-1, max-image-preview:large, max-video-preview:-1\" \/>\n<link rel=\"canonical\" href=\"https:\/\/www.rsa.com\/fr_ca\/subscribe-to-updates\/\" \/>\n<meta property=\"og:locale\" content=\"fr_CA\" \/>\n<meta property=\"og:type\" content=\"article\" \/>\n<meta property=\"og:title\" content=\"Subscribe to RSA\" \/>\n<meta property=\"og:description\" content=\"Subscribe to RSA to receive insights and updates from global thought leaders on identity security, zero trust, passwordless, and more.\" \/>\n<meta property=\"og:url\" content=\"https:\/\/www.rsa.com\/fr_ca\/subscribe-to-updates\/\" \/>\n<meta property=\"og:site_name\" content=\"RSA\" \/>\n<meta property=\"article:modified_time\" content=\"2025-10-16T00:41:30+00:00\" \/>\n<meta property=\"og:image\" content=\"https:\/\/www.rsa.com\/wp-content\/uploads\/email-subscribe-rsa-open-graph.webp\" \/>\n\t<meta property=\"og:image:width\" content=\"1200\" \/>\n\t<meta property=\"og:image:height\" content=\"630\" \/>\n\t<meta property=\"og:image:type\" content=\"image\/webp\" \/>\n<meta name=\"twitter:card\" content=\"summary_large_image\" \/>\n<meta name=\"twitter:title\" content=\"Subscribe to RSA\" \/>\n<meta name=\"twitter:description\" content=\"Subscribe to RSA to receive insights and updates from global thought leaders on identity security, zero trust, passwordless, and more.\" \/>\n<meta name=\"twitter:image\" content=\"https:\/\/www.rsa.com\/wp-content\/uploads\/email-subscribe-rsa-open-graph.webp\" \/>\n<script type=\"application\/ld+json\" class=\"yoast-schema-graph\">{\"@context\":\"https:\\\/\\\/schema.org\",\"@graph\":[{\"@type\":\"WebPage\",\"@id\":\"https:\\\/\\\/www.rsa.com\\\/subscribe-to-updates\\\/\",\"url\":\"https:\\\/\\\/www.rsa.com\\\/subscribe-to-updates\\\/\",\"name\":\"Subscribe to Updates - RSA\",\"isPartOf\":{\"@id\":\"https:\\\/\\\/www.rsa.com\\\/#website\"},\"primaryImageOfPage\":{\"@id\":\"https:\\\/\\\/www.rsa.com\\\/subscribe-to-updates\\\/#primaryimage\"},\"image\":{\"@id\":\"https:\\\/\\\/www.rsa.com\\\/subscribe-to-updates\\\/#primaryimage\"},\"thumbnailUrl\":\"https:\\\/\\\/www.rsa.com\\\/wp-content\\\/uploads\\\/email-subscribe-rsa-open-graph.webp\",\"datePublished\":\"2023-05-30T16:53:59+00:00\",\"dateModified\":\"2025-10-16T00:41:30+00:00\",\"description\":\"Subscribe to RSA to receive insights and updates from global thought leaders on identity security, zero trust, passwordless, and more.\",\"breadcrumb\":{\"@id\":\"https:\\\/\\\/www.rsa.com\\\/subscribe-to-updates\\\/#breadcrumb\"},\"inLanguage\":\"fr-CA\",\"potentialAction\":[{\"@type\":\"ReadAction\",\"target\":[\"https:\\\/\\\/www.rsa.com\\\/subscribe-to-updates\\\/\"]}]},{\"@type\":\"ImageObject\",\"inLanguage\":\"fr-CA\",\"@id\":\"https:\\\/\\\/www.rsa.com\\\/subscribe-to-updates\\\/#primaryimage\",\"url\":\"https:\\\/\\\/www.rsa.com\\\/wp-content\\\/uploads\\\/email-subscribe-rsa-open-graph.webp\",\"contentUrl\":\"https:\\\/\\\/www.rsa.com\\\/wp-content\\\/uploads\\\/email-subscribe-rsa-open-graph.webp\",\"width\":1200,\"height\":630,\"caption\":\"Subscribe to updates from RSA\"},{\"@type\":\"BreadcrumbList\",\"@id\":\"https:\\\/\\\/www.rsa.com\\\/subscribe-to-updates\\\/#breadcrumb\",\"itemListElement\":[{\"@type\":\"ListItem\",\"position\":1,\"name\":\"Home\",\"item\":\"https:\\\/\\\/www.rsa.com\\\/\"},{\"@type\":\"ListItem\",\"position\":2,\"name\":\"Subscribe to Updates\"}]},{\"@type\":\"WebSite\",\"@id\":\"https:\\\/\\\/www.rsa.com\\\/#website\",\"url\":\"https:\\\/\\\/www.rsa.com\\\/\",\"name\":\"RSA\",\"description\":\"Cybersecurity and Digital Risk Management Solutions\",\"publisher\":{\"@id\":\"https:\\\/\\\/www.rsa.com\\\/#organization\"},\"potentialAction\":[{\"@type\":\"SearchAction\",\"target\":{\"@type\":\"EntryPoint\",\"urlTemplate\":\"https:\\\/\\\/www.rsa.com\\\/?s={search_term_string}\"},\"query-input\":{\"@type\":\"PropertyValueSpecification\",\"valueRequired\":true,\"valueName\":\"search_term_string\"}}],\"inLanguage\":\"fr-CA\"},{\"@type\":\"Organization\",\"@id\":\"https:\\\/\\\/www.rsa.com\\\/#organization\",\"name\":\"RSA\",\"url\":\"https:\\\/\\\/www.rsa.com\\\/\",\"logo\":{\"@type\":\"ImageObject\",\"inLanguage\":\"fr-CA\",\"@id\":\"https:\\\/\\\/www.rsa.com\\\/#\\\/schema\\\/logo\\\/image\\\/\",\"url\":\"https:\\\/\\\/www.rsa.com\\\/wp-content\\\/uploads\\\/rsa.png\",\"contentUrl\":\"https:\\\/\\\/www.rsa.com\\\/wp-content\\\/uploads\\\/rsa.png\",\"width\":2880,\"height\":1020,\"caption\":\"RSA\"},\"image\":{\"@id\":\"https:\\\/\\\/www.rsa.com\\\/#\\\/schema\\\/logo\\\/image\\\/\"}}]}<\/script>\n<!-- \/ Yoast SEO plugin. -->","yoast_head_json":{"title":"S'abonner aux mises \u00e0 jour - RSA","description":"Abonnez-vous \u00e0 RSA pour recevoir des informations et des mises \u00e0 jour de leaders d'opinion mondiaux sur la s\u00e9curit\u00e9 des identit\u00e9s, la confiance z\u00e9ro, l'absence de mot de passe, etc.","robots":{"index":"index","follow":"follow","max-snippet":"max-snippet:-1","max-image-preview":"max-image-preview:large","max-video-preview":"max-video-preview:-1"},"canonical":"https:\/\/www.rsa.com\/fr_ca\/subscribe-to-updates\/","og_locale":"fr_CA","og_type":"article","og_title":"Subscribe to RSA","og_description":"Subscribe to RSA to receive insights and updates from global thought leaders on identity security, zero trust, passwordless, and more.","og_url":"https:\/\/www.rsa.com\/fr_ca\/subscribe-to-updates\/","og_site_name":"RSA","article_modified_time":"2025-10-16T00:41:30+00:00","og_image":[{"width":1200,"height":630,"url":"https:\/\/www.rsa.com\/wp-content\/uploads\/email-subscribe-rsa-open-graph.webp","type":"image\/webp"}],"twitter_card":"summary_large_image","twitter_title":"Subscribe to RSA","twitter_description":"Subscribe to RSA to receive insights and updates from global thought leaders on identity security, zero trust, passwordless, and more.","twitter_image":"https:\/\/www.rsa.com\/wp-content\/uploads\/email-subscribe-rsa-open-graph.webp","schema":{"@context":"https:\/\/schema.org","@graph":[{"@type":"WebPage","@id":"https:\/\/www.rsa.com\/subscribe-to-updates\/","url":"https:\/\/www.rsa.com\/subscribe-to-updates\/","name":"S'abonner aux mises \u00e0 jour - RSA","isPartOf":{"@id":"https:\/\/www.rsa.com\/#website"},"primaryImageOfPage":{"@id":"https:\/\/www.rsa.com\/subscribe-to-updates\/#primaryimage"},"image":{"@id":"https:\/\/www.rsa.com\/subscribe-to-updates\/#primaryimage"},"thumbnailUrl":"https:\/\/www.rsa.com\/wp-content\/uploads\/email-subscribe-rsa-open-graph.webp","datePublished":"2023-05-30T16:53:59+00:00","dateModified":"2025-10-16T00:41:30+00:00","description":"Abonnez-vous \u00e0 RSA pour recevoir des informations et des mises \u00e0 jour de leaders d'opinion mondiaux sur la s\u00e9curit\u00e9 des identit\u00e9s, la confiance z\u00e9ro, l'absence de mot de passe, etc.","breadcrumb":{"@id":"https:\/\/www.rsa.com\/subscribe-to-updates\/#breadcrumb"},"inLanguage":"fr-CA","potentialAction":[{"@type":"ReadAction","target":["https:\/\/www.rsa.com\/subscribe-to-updates\/"]}]},{"@type":"ImageObject","inLanguage":"fr-CA","@id":"https:\/\/www.rsa.com\/subscribe-to-updates\/#primaryimage","url":"https:\/\/www.rsa.com\/wp-content\/uploads\/email-subscribe-rsa-open-graph.webp","contentUrl":"https:\/\/www.rsa.com\/wp-content\/uploads\/email-subscribe-rsa-open-graph.webp","width":1200,"height":630,"caption":"Subscribe to updates from RSA"},{"@type":"BreadcrumbList","@id":"https:\/\/www.rsa.com\/subscribe-to-updates\/#breadcrumb","itemListElement":[{"@type":"ListItem","position":1,"name":"Home","item":"https:\/\/www.rsa.com\/"},{"@type":"ListItem","position":2,"name":"Subscribe to Updates"}]},{"@type":"WebSite","@id":"https:\/\/www.rsa.com\/#website","url":"https:\/\/www.rsa.com\/","name":"RSA","description":"Solutions de cybers\u00e9curit\u00e9 et de gestion des risques num\u00e9riques","publisher":{"@id":"https:\/\/www.rsa.com\/#organization"},"potentialAction":[{"@type":"SearchAction","target":{"@type":"EntryPoint","urlTemplate":"https:\/\/www.rsa.com\/?s={search_term_string}"},"query-input":{"@type":"PropertyValueSpecification","valueRequired":true,"valueName":"search_term_string"}}],"inLanguage":"fr-CA"},{"@type":"Organization","@id":"https:\/\/www.rsa.com\/#organization","name":"RSA","url":"https:\/\/www.rsa.com\/","logo":{"@type":"ImageObject","inLanguage":"fr-CA","@id":"https:\/\/www.rsa.com\/#\/schema\/logo\/image\/","url":"https:\/\/www.rsa.com\/wp-content\/uploads\/rsa.png","contentUrl":"https:\/\/www.rsa.com\/wp-content\/uploads\/rsa.png","width":2880,"height":1020,"caption":"RSA"},"image":{"@id":"https:\/\/www.rsa.com\/#\/schema\/logo\/image\/"}}]}},"_links":{"self":[{"href":"https:\/\/www.rsa.com\/fr_ca\/wp-json\/wp\/v2\/pages\/24470","targetHints":{"allow":["GET"]}}],"collection":[{"href":"https:\/\/www.rsa.com\/fr_ca\/wp-json\/wp\/v2\/pages"}],"about":[{"href":"https:\/\/www.rsa.com\/fr_ca\/wp-json\/wp\/v2\/types\/page"}],"author":[{"embeddable":true,"href":"https:\/\/www.rsa.com\/fr_ca\/wp-json\/wp\/v2\/users\/10"}],"replies":[{"embeddable":true,"href":"https:\/\/www.rsa.com\/fr_ca\/wp-json\/wp\/v2\/comments?post=24470"}],"version-history":[{"count":14,"href":"https:\/\/www.rsa.com\/fr_ca\/wp-json\/wp\/v2\/pages\/24470\/revisions"}],"predecessor-version":[{"id":35426,"href":"https:\/\/www.rsa.com\/fr_ca\/wp-json\/wp\/v2\/pages\/24470\/revisions\/35426"}],"wp:featuredmedia":[{"embeddable":true,"href":"https:\/\/www.rsa.com\/fr_ca\/wp-json\/wp\/v2\/media\/25879"}],"wp:attachment":[{"href":"https:\/\/www.rsa.com\/fr_ca\/wp-json\/wp\/v2\/media?parent=24470"}],"curies":[{"name":"wp","href":"https:\/\/api.w.org\/{rel}","templated":true}]}}