{"id":17871,"date":"2022-10-28T10:52:41","date_gmt":"2022-10-28T14:52:41","guid":{"rendered":"https:\/\/www.rsa.com\/?page_id=17871"},"modified":"2025-05-21T15:24:36","modified_gmt":"2025-05-21T19:24:36","slug":"cloud-identity-and-access-management","status":"publish","type":"page","link":"https:\/\/www.rsa.com\/fr_ca\/solutions\/cloud-identity-and-access-management\/","title":{"rendered":"Transf\u00e9rer l'IAM vers l'informatique d\u00e9mat\u00e9rialis\u00e9e"},"content":{"rendered":"","protected":false},"excerpt":{"rendered":"","protected":false},"author":2,"featured_media":0,"parent":4150,"menu_order":0,"comment_status":"closed","ping_status":"closed","template":"template-solutions-page.blade.php","meta":{"_acf_changed":false,"_searchwp_excluded":"","inline_featured_image":false,"footnotes":""},"class_list":["post-17871","page","type-page","status-publish","hentry"],"acf":[],"yoast_head":"<!-- This site is optimized with the Yoast SEO plugin v27.3 - https:\/\/yoast.com\/product\/yoast-seo-wordpress\/ -->\n<title>Moving Identity &amp; Access Management (IAM) to the Cloud | RSA<\/title>\n<meta name=\"description\" content=\"Learn how RSA can help create faster, safer, and more efficient operations with cloud identity and access management (IAM).\" \/>\n<meta name=\"robots\" content=\"index, follow, max-snippet:-1, max-image-preview:large, max-video-preview:-1\" \/>\n<link rel=\"canonical\" href=\"https:\/\/www.rsa.com\/fr_ca\/solutions\/cloud-identity-and-access-management\/\" \/>\n<meta property=\"og:locale\" content=\"fr_CA\" \/>\n<meta property=\"og:type\" content=\"article\" \/>\n<meta property=\"og:title\" content=\"Cloud IAM | RSA\" \/>\n<meta property=\"og:description\" content=\"Learn how RSA can help create faster, safer, and more efficient operations with cloud identity and access management (IAM).\" \/>\n<meta property=\"og:url\" content=\"https:\/\/www.rsa.com\/fr_ca\/solutions\/cloud-identity-and-access-management\/\" \/>\n<meta property=\"og:site_name\" content=\"RSA\" \/>\n<meta property=\"article:modified_time\" content=\"2025-05-21T19:24:36+00:00\" \/>\n<meta property=\"og:image\" content=\"https:\/\/www.rsa.com\/wp-content\/uploads\/rsa-og-image.jpg\" \/>\n\t<meta property=\"og:image:width\" content=\"1200\" \/>\n\t<meta property=\"og:image:height\" content=\"630\" \/>\n\t<meta property=\"og:image:type\" content=\"image\/jpeg\" \/>\n<meta name=\"twitter:card\" content=\"summary_large_image\" \/>\n<meta name=\"twitter:title\" content=\"Cloud IAM | RSA\" \/>\n<meta name=\"twitter:description\" content=\"Learn how RSA can help create faster, safer, and more efficient operations with cloud identity and access management (IAM).\" \/>\n<meta name=\"twitter:image\" content=\"https:\/\/www.rsa.com\/wp-content\/uploads\/rsa-og-image.jpg\" \/>\n<script type=\"application\/ld+json\" class=\"yoast-schema-graph\">{\"@context\":\"https:\\\/\\\/schema.org\",\"@graph\":[{\"@type\":\"WebPage\",\"@id\":\"https:\\\/\\\/www.rsa.com\\\/ar\\\/solutions\\\/cloud-identity-and-access-management\\\/\",\"url\":\"https:\\\/\\\/www.rsa.com\\\/ar\\\/solutions\\\/cloud-identity-and-access-management\\\/\",\"name\":\"Moving Identity & Access Management (IAM) to the Cloud | RSA\",\"isPartOf\":{\"@id\":\"https:\\\/\\\/www.rsa.com\\\/#website\"},\"datePublished\":\"2022-10-28T14:52:41+00:00\",\"dateModified\":\"2025-05-21T19:24:36+00:00\",\"description\":\"Learn how RSA can help create faster, safer, and more efficient operations with cloud identity and access management (IAM).\",\"breadcrumb\":{\"@id\":\"https:\\\/\\\/www.rsa.com\\\/ar\\\/solutions\\\/cloud-identity-and-access-management\\\/#breadcrumb\"},\"inLanguage\":\"fr-CA\",\"potentialAction\":[{\"@type\":\"ReadAction\",\"target\":[\"https:\\\/\\\/www.rsa.com\\\/ar\\\/solutions\\\/cloud-identity-and-access-management\\\/\"]}]},{\"@type\":\"BreadcrumbList\",\"@id\":\"https:\\\/\\\/www.rsa.com\\\/ar\\\/solutions\\\/cloud-identity-and-access-management\\\/#breadcrumb\",\"itemListElement\":[{\"@type\":\"ListItem\",\"position\":1,\"name\":\"Home\",\"item\":\"https:\\\/\\\/www.rsa.com\\\/\"},{\"@type\":\"ListItem\",\"position\":2,\"name\":\"Solutions\",\"item\":\"https:\\\/\\\/www.rsa.com\\\/fr_ca\\\/solutions\\\/\"},{\"@type\":\"ListItem\",\"position\":3,\"name\":\"Moving IAM To The Cloud\"}]},{\"@type\":\"WebSite\",\"@id\":\"https:\\\/\\\/www.rsa.com\\\/#website\",\"url\":\"https:\\\/\\\/www.rsa.com\\\/\",\"name\":\"RSA\",\"description\":\"Cybersecurity and Digital Risk Management Solutions\",\"publisher\":{\"@id\":\"https:\\\/\\\/www.rsa.com\\\/#organization\"},\"potentialAction\":[{\"@type\":\"SearchAction\",\"target\":{\"@type\":\"EntryPoint\",\"urlTemplate\":\"https:\\\/\\\/www.rsa.com\\\/?s={search_term_string}\"},\"query-input\":{\"@type\":\"PropertyValueSpecification\",\"valueRequired\":true,\"valueName\":\"search_term_string\"}}],\"inLanguage\":\"fr-CA\"},{\"@type\":\"Organization\",\"@id\":\"https:\\\/\\\/www.rsa.com\\\/#organization\",\"name\":\"RSA\",\"url\":\"https:\\\/\\\/www.rsa.com\\\/\",\"logo\":{\"@type\":\"ImageObject\",\"inLanguage\":\"fr-CA\",\"@id\":\"https:\\\/\\\/www.rsa.com\\\/#\\\/schema\\\/logo\\\/image\\\/\",\"url\":\"https:\\\/\\\/www.rsa.com\\\/wp-content\\\/uploads\\\/rsa.png\",\"contentUrl\":\"https:\\\/\\\/www.rsa.com\\\/wp-content\\\/uploads\\\/rsa.png\",\"width\":2880,\"height\":1020,\"caption\":\"RSA\"},\"image\":{\"@id\":\"https:\\\/\\\/www.rsa.com\\\/#\\\/schema\\\/logo\\\/image\\\/\"}}]}<\/script>\n<!-- \/ Yoast SEO plugin. -->","yoast_head_json":{"title":"La gestion des identit\u00e9s et des acc\u00e8s (IAM) dans l'informatique d\u00e9mat\u00e9rialis\u00e9e | RSA","description":"D\u00e9couvrez comment RSA peut vous aider \u00e0 cr\u00e9er des op\u00e9rations plus rapides, plus s\u00fbres et plus efficaces gr\u00e2ce \u00e0 la gestion des identit\u00e9s et des acc\u00e8s (IAM) dans le nuage.","robots":{"index":"index","follow":"follow","max-snippet":"max-snippet:-1","max-image-preview":"max-image-preview:large","max-video-preview":"max-video-preview:-1"},"canonical":"https:\/\/www.rsa.com\/fr_ca\/solutions\/cloud-identity-and-access-management\/","og_locale":"fr_CA","og_type":"article","og_title":"Cloud IAM | RSA","og_description":"Learn how RSA can help create faster, safer, and more efficient operations with cloud identity and access management (IAM).","og_url":"https:\/\/www.rsa.com\/fr_ca\/solutions\/cloud-identity-and-access-management\/","og_site_name":"RSA","article_modified_time":"2025-05-21T19:24:36+00:00","og_image":[{"width":1200,"height":630,"url":"https:\/\/www.rsa.com\/wp-content\/uploads\/rsa-og-image.jpg","type":"image\/jpeg"}],"twitter_card":"summary_large_image","twitter_title":"Cloud IAM | RSA","twitter_description":"Learn how RSA can help create faster, safer, and more efficient operations with cloud identity and access management (IAM).","twitter_image":"https:\/\/www.rsa.com\/wp-content\/uploads\/rsa-og-image.jpg","schema":{"@context":"https:\/\/schema.org","@graph":[{"@type":"WebPage","@id":"https:\/\/www.rsa.com\/ar\/solutions\/cloud-identity-and-access-management\/","url":"https:\/\/www.rsa.com\/ar\/solutions\/cloud-identity-and-access-management\/","name":"La gestion des identit\u00e9s et des acc\u00e8s (IAM) dans l'informatique d\u00e9mat\u00e9rialis\u00e9e | RSA","isPartOf":{"@id":"https:\/\/www.rsa.com\/#website"},"datePublished":"2022-10-28T14:52:41+00:00","dateModified":"2025-05-21T19:24:36+00:00","description":"D\u00e9couvrez comment RSA peut vous aider \u00e0 cr\u00e9er des op\u00e9rations plus rapides, plus s\u00fbres et plus efficaces gr\u00e2ce \u00e0 la gestion des identit\u00e9s et des acc\u00e8s (IAM) dans le nuage.","breadcrumb":{"@id":"https:\/\/www.rsa.com\/ar\/solutions\/cloud-identity-and-access-management\/#breadcrumb"},"inLanguage":"fr-CA","potentialAction":[{"@type":"ReadAction","target":["https:\/\/www.rsa.com\/ar\/solutions\/cloud-identity-and-access-management\/"]}]},{"@type":"BreadcrumbList","@id":"https:\/\/www.rsa.com\/ar\/solutions\/cloud-identity-and-access-management\/#breadcrumb","itemListElement":[{"@type":"ListItem","position":1,"name":"Home","item":"https:\/\/www.rsa.com\/"},{"@type":"ListItem","position":2,"name":"Solutions","item":"https:\/\/www.rsa.com\/fr_ca\/solutions\/"},{"@type":"ListItem","position":3,"name":"Moving IAM To The Cloud"}]},{"@type":"WebSite","@id":"https:\/\/www.rsa.com\/#website","url":"https:\/\/www.rsa.com\/","name":"RSA","description":"Solutions de cybers\u00e9curit\u00e9 et de gestion des risques num\u00e9riques","publisher":{"@id":"https:\/\/www.rsa.com\/#organization"},"potentialAction":[{"@type":"SearchAction","target":{"@type":"EntryPoint","urlTemplate":"https:\/\/www.rsa.com\/?s={search_term_string}"},"query-input":{"@type":"PropertyValueSpecification","valueRequired":true,"valueName":"search_term_string"}}],"inLanguage":"fr-CA"},{"@type":"Organization","@id":"https:\/\/www.rsa.com\/#organization","name":"RSA","url":"https:\/\/www.rsa.com\/","logo":{"@type":"ImageObject","inLanguage":"fr-CA","@id":"https:\/\/www.rsa.com\/#\/schema\/logo\/image\/","url":"https:\/\/www.rsa.com\/wp-content\/uploads\/rsa.png","contentUrl":"https:\/\/www.rsa.com\/wp-content\/uploads\/rsa.png","width":2880,"height":1020,"caption":"RSA"},"image":{"@id":"https:\/\/www.rsa.com\/#\/schema\/logo\/image\/"}}]}},"_links":{"self":[{"href":"https:\/\/www.rsa.com\/fr_ca\/wp-json\/wp\/v2\/pages\/17871","targetHints":{"allow":["GET"]}}],"collection":[{"href":"https:\/\/www.rsa.com\/fr_ca\/wp-json\/wp\/v2\/pages"}],"about":[{"href":"https:\/\/www.rsa.com\/fr_ca\/wp-json\/wp\/v2\/types\/page"}],"author":[{"embeddable":true,"href":"https:\/\/www.rsa.com\/fr_ca\/wp-json\/wp\/v2\/users\/2"}],"replies":[{"embeddable":true,"href":"https:\/\/www.rsa.com\/fr_ca\/wp-json\/wp\/v2\/comments?post=17871"}],"version-history":[{"count":11,"href":"https:\/\/www.rsa.com\/fr_ca\/wp-json\/wp\/v2\/pages\/17871\/revisions"}],"predecessor-version":[{"id":33946,"href":"https:\/\/www.rsa.com\/fr_ca\/wp-json\/wp\/v2\/pages\/17871\/revisions\/33946"}],"up":[{"embeddable":true,"href":"https:\/\/www.rsa.com\/fr_ca\/wp-json\/wp\/v2\/pages\/4150"}],"wp:attachment":[{"href":"https:\/\/www.rsa.com\/fr_ca\/wp-json\/wp\/v2\/media?parent=17871"}],"curies":[{"name":"wp","href":"https:\/\/api.w.org\/{rel}","templated":true}]}}