{"id":17495,"date":"2022-09-27T19:10:13","date_gmt":"2022-09-27T23:10:13","guid":{"rendered":"https:\/\/www.rsa.com\/?page_id=17495"},"modified":"2026-03-10T13:00:47","modified_gmt":"2026-03-10T17:00:47","slug":"legacy-agreements","status":"publish","type":"page","link":"https:\/\/www.rsa.com\/fr_ca\/legacy-agreements\/","title":{"rendered":"Accords d'h\u00e9ritage"},"content":{"rendered":"<h5>Accords de licence<\/h5>\n<ul>\n<li><a href=\"\/wp-content\/uploads\/RSA-End-User-License-Agreement-9-21-2022.pdf\" rel=\"noopener\" target=\"_blank\">Contrat de licence de l'utilisateur final pour les produits RSA 09-2022<\/a><\/li>\n<li><a href=\"\/wp-content\/uploads\/RSA-End-User-License-Agreement-08-2023.pdf\" rel=\"noopener\" target=\"_blank\">Contrat de licence d'utilisateur final pour les produits RSA 08-2023<\/a><\/li>\n<li><a href=\"\/wp-content\/uploads\/RSA-End-User-License-Agreement-05-2024.pdf\" rel=\"noopener\" target=\"_blank\">Accord de licence de l'utilisateur final pour les produits RSA 05-2024<\/a><\/li>\n<li><a href=\"\/wp-content\/uploads\/RSA-End-User-License-Agreement-09-24.pdf\" rel=\"noopener\" target=\"_blank\">Contrat de licence de l'utilisateur final pour les produits RSA 09-2024<\/a><\/li>\n<li><a href=\"\/wp-content\/uploads\/RSA-End-User-License-Agreement-12-24.pdf\" rel=\"noopener\" target=\"_blank\">Contrat de licence de l'utilisateur final pour les produits RSA 12-2024<\/a><\/li>\n<li><a href=\"\/wp-content\/uploads\/rsa-end-user-license-agreement-2-2025.pdf\" rel=\"noopener\" target=\"_blank\">Accord de licence de l'utilisateur final pour les produits RSA 2-2025<\/a><\/li>\n<\/ul>\n<h5>Accords sur l'informatique d\u00e9mat\u00e9rialis\u00e9e et les syst\u00e8mes hybrides<\/h5>\n<ul>\n<li><a href=\"\/wp-content\/uploads\/RSA-Terms-of-Service-for-RSA-Cloud-Offerings-9-2022.pdf\" rel=\"noopener\" target=\"_blank\">Conditions d'utilisation de RSA pour les offres RSA Cloud 09-2022<\/a><\/li>\n<li><a href=\"\/wp-content\/uploads\/RSA-Terms-of-Service-for-RSA-Cloud-Offerings-10-2023.pdf\" rel=\"noopener\" target=\"_blank\">Conditions d'utilisation de RSA pour les offres RSA Cloud 10-2023<\/a><\/li>\n<li><a href=\"\/wp-content\/uploads\/RSA-Terms-of-Service-for-RSA-Cloud-Offerings-05-24.pdf\" rel=\"noopener\" target=\"_blank\">Conditions d'utilisation de RSA pour les offres RSA Cloud 05-2024<\/a><\/li>\n<li><a href=\"\/wp-content\/uploads\/RSA-Terms-of-Service-for-RSA-Cloud-Offerings-12-24.pdf\" rel=\"noopener\" target=\"_blank\">Conditions d'utilisation de RSA pour les offres RSA Cloud 12-2024<\/a><\/li>\n<li><a href=\"\/wp-content\/uploads\/rsa-terms-of-service-for-rsa-cloud-offerings-2-2025.pdf\" rel=\"noopener\" target=\"_blank\">Conditions d'utilisation de RSA pour les offres RSA Cloud 2-2025<\/a><\/li>\n<li><a href=\"\/wp-content\/uploads\/RSA-Service-Description-for-ID-Plus-9-2022.pdf\" rel=\"noopener\" target=\"_blank\">Description du service RSA pour ID Plus 09-2022<\/a><\/li>\n<li><a href=\"\/wp-content\/uploads\/RSA-Service-Description-for-ID-Plus-01-2024.pdf\" rel=\"noopener\" target=\"_blank\">Description du service RSA pour ID Plus 01-2024<\/a><\/li>\n<li><a href=\"\/wp-content\/uploads\/RSA-Service-Description-for-ID-Plus-05-24.pdf\" rel=\"noopener\" target=\"_blank\">Description du service RSA pour ID Plus 05-2024<\/a><\/li>\n<li><a href=\"\/wp-content\/uploads\/RSA-Service-Description-for-ID-Plus-12-24.pdf\" rel=\"noopener\" target=\"_blank\">Description du service RSA pour ID Plus 12-2024<\/a><\/li>\n<li><a href=\"\/wp-content\/uploads\/RSA-Service-Description-for-ID-Plus-02-25.pdf\" target=\"_blank\" rel=\"noopener\">Description du service RSA pour ID Plus 02-2025<\/a><\/li>\n<li><a href=\"\/wp-content\/uploads\/RSA-Service-Description-for-ID-Plus-5-20-2025.pdf\" rel=\"noopener\" target=\"_blank\">Description du service RSA pour ID Plus 05-2025<\/a><\/li>\n<li><a href=\"\/wp-content\/uploads\/RSA-Service-Description-for-ID-Plus-5-20-2025.pdf\" rel=\"noopener\" target=\"_blank\">Description du service RSA pour ID Plus 05-2025<\/a><\/li>\n<li><a href=\"\/wp-content\/uploads\/RSA-Service-Description-for-ID-Plus-9-12-25.pdf\" rel=\"noopener\" target=\"_blank\">Description du service RSA pour ID Plus 09-2025<\/a><\/li>\n<li><a href=\"\/wp-content\/uploads\/RSA-Service-Description-for-GL-Cloud-Service-9-2022.pdf\" rel=\"noopener\" target=\"_blank\">Description du service RSA pour GL Cloud Service 09-2022<\/a><\/li>\n<li><a href=\"\/wp-content\/uploads\/RSA-Service-Description-for-GL-Cloud-Service-10-2023.pdf\" rel=\"noopener\" target=\"_blank\">Description du service RSA pour GL Cloud Service 10-2023<\/a><\/li>\n<li><a href=\"\/wp-content\/uploads\/RSA-Service-Description-for-GL-Cloud-Service-12-2024.pdf\" rel=\"noopener\" target=\"_blank\">Description du service RSA pour GL Cloud Service 12-2024<\/a><\/li>\n<li><a href=\"\/wp-content\/uploads\/RSA-Service-Description-for-GL-Cloud-Service-02-2025.pdf\" rel=\"noopener\" target=\"_blank\">Description du service RSA pour GL Cloud Service 2-2025<\/a><\/li>\n<li><a href=\"\/wp-content\/uploads\/rsa-service-description-for-gl-cloud-service-9-2025.pdf\" rel=\"noopener\" target=\"_blank\">Description du service RSA pour GL Cloud Service 9-2025<\/a><\/li>\n<\/ul>\n<h5>Accord sur le mat\u00e9riel et les logiciels sur site<\/h5>\n<ul>\n<li><a href=\"\/wp-content\/uploads\/RSA-Maintenance-Agreement-for-Hardware-and-On-Prem-Software-9-2022.pdf\" rel=\"noopener\" target=\"_blank\">Accord de maintenance RSA pour le mat\u00e9riel et les logiciels On Prem 09-2022<\/a><\/li>\n<li><a href=\"\/wp-content\/uploads\/RSA-Maintenance-Agreement-for-Hardware-and-On-Prem-Software-10-2023.pdf\" rel=\"noopener\" target=\"_blank\">Accord de maintenance RSA pour le mat\u00e9riel et les logiciels On Prem 10-2023<\/a><\/li>\n<li><a href=\"\/wp-content\/uploads\/RSA-Maintenance-Agreement-for-Hardware-and-On-Prem-Software-01-2024.pdf\" rel=\"noopener\" target=\"_blank\">Accord de maintenance RSA pour le mat\u00e9riel et les logiciels On Prem 01-2024<\/a><\/li>\n<li><a href=\"\/wp-content\/uploads\/RSA-Maintenance-Agreement-for-Hardware-and-On-Prem-Software-Mar-2024.pdf\" rel=\"noopener\" target=\"_blank\">Accord de maintenance RSA pour le mat\u00e9riel et les logiciels On Prem 01-2024<\/a><\/li>\n<li><a href=\"\/wp-content\/uploads\/RSA-Maintenance-Agreement-for-Hardware-and-On-Prem-Software-Aug-2024.pdf\" rel=\"noopener\" target=\"_blank\">Accord de maintenance RSA pour le mat\u00e9riel et les logiciels On Prem 08-2024<\/a><\/li>\n<li><a href=\"\/wp-content\/uploads\/RSA-Maintenance-Agreement-for-Hardware-and-On-Prem-Software-12.13.2024.pdf\" rel=\"noopener\" target=\"_blank\">Accord de maintenance RSA pour le mat\u00e9riel et les logiciels On Prem 12-2024<\/a><\/li>\n<li><a href=\"\/wp-content\/uploads\/RSA-Maintenance-Agreement-for-Hardware-and-On-Prem-Software-2-2025.pdf\" rel=\"noopener\" target=\"_blank\">Accord de maintenance RSA pour le mat\u00e9riel et les logiciels On Prem 2-2025<\/a><\/li>\n<\/ul>\n<h5>Accord de services professionnels<\/h5>\n<ul>\n<li><a href=\"\/wp-content\/uploads\/RSA-Professional-Services-Terms-and-Conditions-03-22-2022.pdf\" target=\"_blank\" rel=\"noopener\">Conditions g\u00e9n\u00e9rales des services professionnels 03-2022<\/a>\n<ul>\n<li>Couvre les services relatifs aux produits pour lesquels les accords types ne sont pas inclus ou identifi\u00e9s sur cette page.<\/li>\n<\/ul>\n<\/li>\n<li><a href=\"\/wp-content\/uploads\/RSA-Professional-Services-Terms-and-Conditions-09-2022.pdf\" target=\"_blank\" rel=\"noopener\">Conditions g\u00e9n\u00e9rales des services professionnels 09-2022<\/a><\/li>\n<li><a href=\"\/wp-content\/uploads\/RSA-Professional-Services-Terms-and-Conditions-10-2023.pdf\" target=\"_blank\" rel=\"noopener\">Conditions g\u00e9n\u00e9rales des services professionnels 10-2023<\/a><\/li>\n<li><a href=\"\/wp-content\/uploads\/RSA-Professional-Services-Terms-and-Conditions-01-24.pdf\" target=\"_blank\" rel=\"noopener\">Conditions g\u00e9n\u00e9rales des services professionnels 01-2024<\/a>\n<li><a href=\"\/wp-content\/uploads\/RSA-Professional-Services-Terms-and-Conditions-2-17-25.pdf\" target=\"_blank\" rel=\"noopener\">Conditions g\u00e9n\u00e9rales des services professionnels 02-2025<\/a>\n<\/ul>\n<h5>Addenda sur le traitement des donn\u00e9es RSA<\/h5>\n<ul>\n<li><a href=\"\/wp-content\/uploads\/RSA-Customer-Data-Processing-Addendum-05-2022.pdf\" target=\"_blank\" rel=\"noopener\">Addendum au traitement des donn\u00e9es des clients de l'ASR 05-2022<\/a><\/li>\n<li><a href=\"\/wp-content\/uploads\/RSA-Customer-Data-Processing-Addendum-10-2023.pdf\" target=\"_blank\" rel=\"noopener\">RSA Customer Data Processing Addendum 10-2023<\/a><\/li>\n<li><a href=\"\/wp-content\/uploads\/RSA-Customer-Data-Processing-Addendum-01-09-2024.pdf\" rel=\"noopener\" target=\"_blank\">RSA Customer Data Processing Addendum 01-09-2024<\/a><\/li>\n<li><a href=\"\/wp-content\/uploads\/RSA-Customer-Data-Processing-Addendum-01-2024.pdf\" rel=\"noopener\" target=\"_blank\">RSA Customer Data Processing Addendum 01-2024<\/a><\/li>\n<li><a href=\"\/wp-content\/uploads\/RSA-Customer-Data-Processing-Addendum-01-2024-1.pdf\" rel=\"noopener\" target=\"_blank\">RSA Customer Data Processing Addendum 01-2024<\/a><\/li>\n<li><a href=\"\/wp-content\/uploads\/rsa-provider-data-processing-addendum-01-2022.pdf\" target=\"_blank\" rel=\"noopener\">RSA \u00e0 l'addendum 01-2022 sur le traitement des donn\u00e9es des fournisseurs<\/a><\/li>\n<li><a href=\"\/wp-content\/uploads\/rsa-provider-data-processing-addendum-2023.pdf\" rel=\"noopener\" target=\"_blank\">RSA \u00e0 l'addendum 10-2023 sur le traitement des donn\u00e9es des fournisseurs<\/a><\/li>\n<li><a href=\"\/wp-content\/uploads\/rsa-provider-data-processing-addendum-01-2024.pdf\" rel=\"noopener\" target=\"_blank\">RSA \u00e0 l'addendum 01-2024 sur le traitement des donn\u00e9es des fournisseurs<\/a><\/li>\n<li><a href=\"\/wp-content\/uploads\/rsa-provider-data-processing-addendum-06-2024.pdf\" rel=\"noopener\" target=\"_blank\">RSA \u00e0 l'addendum 06-2024 sur le traitement des donn\u00e9es des fournisseurs<\/a><\/li>\n<li><a href=\"\/wp-content\/uploads\/rsa-provider-data-processing-addendum-03-2025.pdf\" rel=\"noopener\" target=\"_blank\">RSA \u00e0 l'addendum 03-2025 sur le traitement des donn\u00e9es des fournisseurs<\/a><\/li>\n<\/ul>\n<h5>Divers<\/h5>\n<ul>\n<li><a href=\"\/wp-content\/uploads\/RSA-Evaluation-Agreement-04-2022.pdf\" target=\"_blank\" rel=\"noopener\">Accord d'\u00e9valuation de l'ASR 04-2022<\/a><\/li>\n<li><a href=\"\/wp-content\/uploads\/RSA-Evaluation-Agreement-09-22.pdf\" target=\"_blank\" rel=\"noopener\">Accord d'\u00e9valuation de l'ASR 09-2022<\/a>\n<li><a href=\"\/wp-content\/uploads\/rsa-subprocessors-01-2022.pdf\" target=\"_blank\" rel=\"noopener\">Sous-processeurs RSA 01-2022<\/a><\/li>\n<li><a href=\"\/wp-content\/uploads\/RSA-Units-of-Measure-04-2022.pdf\" target=\"_blank\" rel=\"noopener\">RSA Unit\u00e9s de mesure\/droits d'utilisation des logiciels 04-2022<\/a><\/li>\n<li><a href=\"\/wp-content\/uploads\/RSA-Units-of-Measure-09-2022.pdf\" target=\"_blank\" rel=\"noopener\">RSA Unit\u00e9s de mesure\/droits d'utilisation des logiciels 09-2022<\/a><\/li>\n<li><a href=\"\/wp-content\/uploads\/RSA-Units-of-Measure-10-23.pdf\" target=\"_blank\" rel=\"noopener\">RSA Unit\u00e9s de mesure\/droits d'utilisation des logiciels 10-2023<\/a><\/li>\n<li><a href=\"\/wp-content\/uploads\/rsa-units-of-measure-feb-2025.pdf\" target=\"_blank\" rel=\"noopener\">RSA Unit\u00e9s de mesure\/droits d'utilisation des logiciels 02-2025<\/a><\/li>\n<li><a href=\"\/wp-content\/uploads\/RSA-Partner-Program-Agreement-12-2022.pdf\" target=\"_blank\" rel=\"noopener\">Accord sur le programme de partenariat RSA 12-2022<\/a><\/li>\n<\/ul>\n<h5>Contrats types SecurID<\/h5>\n<h6>Accords de licence et de maintenance<\/h6>\n<ul>\n<li><a href=\"\/wp-content\/uploads\/securid-end-user-license-agreement-02-01-2022.pdf\" target=\"_blank\" rel=\"noopener\">Accord de licence de l'utilisateur final pour les produits SecurID<\/a><\/li>\n<li><a href=\"\/wp-content\/uploads\/securid-maintenance-agreement-02-01-2022.pdf\" target=\"_blank\" rel=\"noopener\">Accord de maintenance pour les produits SecurID<\/a><\/li>\n<\/ul>\n<h6>Offres de services en nuage<\/h6>\n<ul>\n<li><a href=\"\/wp-content\/uploads\/securid-terms-of-service-for-securid-cloud-offerings-02-01-2022.pdf\" target=\"_blank\" rel=\"noopener\">Conditions d'utilisation des offres SecurID Cloud<\/a><\/li>\n<li><a href=\"\/wp-content\/uploads\/securid-data-processing-addendum-for-sid-cloud-offerings-02-01-2022.pdf\" target=\"_blank\" rel=\"noopener\">Addendum sur le traitement des donn\u00e9es pour les offres SecurID Cloud<\/a><\/li>\n<li><a href=\"\/wp-content\/uploads\/securid-service-description-for-securid-cloud-service-02-01-2022.pdf\" target=\"_blank\" rel=\"noopener\">Description du service SecurID Cloud Service<\/a><\/li>\n<li><a href=\"\/wp-content\/uploads\/securid-service-description-for-gl-cloud-service-02-01-2022.pdf\" target=\"_blank\" rel=\"noopener\">Description du service SecurID Governance &amp; Lifecycle Cloud Service<\/a><\/li>\n<\/ul>\n<h6>Addenda sur le traitement des donn\u00e9es SecurID<\/h6>\n<ul>\n<li><a href=\"\/wp-content\/uploads\/securid-customer-data-processing-addendum-02-01-2022.pdf\" target=\"_blank\" rel=\"noopener\">Addendum sur le traitement des donn\u00e9es des clients<\/a><\/li>\n<li><a href=\"\/wp-content\/uploads\/securid-provider-data-processing-addendum-02-01-2022.pdf\" target=\"_blank\" rel=\"noopener\">Addendum sur le traitement des donn\u00e9es du fournisseur<\/a><\/li>\n<\/ul>\n<h6>Accord de services professionnels<\/h6>\n<ul>\n<li><a href=\"\/wp-content\/uploads\/securid-professional-services-terms-and-conditions-02-01-2022.pdf\" target=\"_blank\" rel=\"noopener\">Conditions g\u00e9n\u00e9rales des services professionnels<\/a><\/li>\n<\/ul>\n<h6>Divers<\/h6>\n<ul>\n<li><a href=\"\/wp-content\/uploads\/securid-evaluation-agreement-02-01-2022.pdf\" target=\"_blank\" rel=\"noopener\">Accord d'\u00e9valuation SecurID<\/a><\/li>\n<li><a href=\"\/wp-content\/uploads\/RSA-Evaluation-Agreement-2023.pdf\" target=\"_blank\" rel=\"noopener\">Accord d'\u00e9valuation de l'ASR 2023<\/a><\/li>\n<li><a href=\"\/wp-content\/uploads\/rsa-evaluation-agreement-2-25.pdf\" target=\"_blank\" rel=\"noopener\">Accord d'\u00e9valuation de l'ASR 2025<\/a><\/li>\n<li><a href=\"\/wp-content\/uploads\/securid-supplemental-terms-and-conditions-applicable-to-securid-training-services-02-01-2022.pdf\" target=\"_blank\" rel=\"noopener\">Conditions suppl\u00e9mentaires applicables aux services de formation SecurID<\/a><\/li>\n<li><a href=\"\/wp-content\/uploads\/securid-custom-application-support-agreement-02-01-2022.pdf\" target=\"_blank\" rel=\"noopener\">Accord de soutien aux applications personnalis\u00e9es pour les produits SecurID<\/a><\/li>\n<li><a href=\"\/wp-content\/uploads\/securid-subprocessors.pdf\" target=\"_blank\" rel=\"noopener\">Sous-processeurs SecurID<\/a><\/li>\n<\/ul>\n<h6>Avis sur le produit<\/h6>\n<ul>\n<li><a href=\"\/wp-content\/uploads\/securid-units-of-measure-02-01-2022.pdf\" rel=\"noopener\" target=\"_blank\">Unit\u00e9s de mesure SecurID\/droits d'utilisation des logiciels<\/a><\/li>\n<li><a href=\"\/wp-content\/uploads\/securid-warranty-and-replacement-parts-02-01-2022.pdf\" rel=\"noopener\" target=\"_blank\">Tableau de garantie et d'entretien du produit<\/a><\/li>\n<\/ul>\n<h6>Accords d'h\u00e9ritage<\/h6>\n<ul>\n<li><a href=\"\/wp-content\/uploads\/sid-enterprise-edition-sso-agreement-1.pdf\" rel=\"noopener\" target=\"_blank\">Accord de licence de l'agent SSO<\/a><\/li>\n<li><a href=\"\/wp-content\/uploads\/cloud-services-schedule-eula-azure-12-2015-1.pdf\" rel=\"noopener\" target=\"_blank\">Calendrier des services en nuage - Service Microsoft Windows Azure<\/a><\/li>\n<\/ul>","protected":false},"excerpt":{"rendered":"<p>License Agreements End User License Agreement for RSA Products 09-2022 End User License Agreement for RSA Products 08-2023 End User License Agreement for RSA Products 05-2024 End User License Agreement for RSA Products 09-2024 End User License Agreement for RSA Products 12-2024 End User License Agreement for RSA Products 2-2025 Cloud &#038; Hybrid Agreements RSA &hellip; <a href=\"https:\/\/www.rsa.com\/fr_ca\/legacy-agreements\/\">Suite<\/a><\/p>","protected":false},"author":2,"featured_media":0,"parent":0,"menu_order":0,"comment_status":"closed","ping_status":"closed","template":"template-policy.blade.php","meta":{"_acf_changed":false,"_searchwp_excluded":"","inline_featured_image":false,"footnotes":""},"class_list":["post-17495","page","type-page","status-publish","hentry"],"acf":[],"yoast_head":"<!-- This site is optimized with the Yoast SEO plugin v27.3 - https:\/\/yoast.com\/product\/yoast-seo-wordpress\/ -->\n<title>Legacy Agreements - RSA<\/title>\n<meta name=\"robots\" content=\"index, follow, max-snippet:-1, max-image-preview:large, max-video-preview:-1\" \/>\n<link rel=\"canonical\" href=\"https:\/\/www.rsa.com\/fr_ca\/legacy-agreements\/\" \/>\n<meta property=\"og:locale\" content=\"fr_CA\" \/>\n<meta property=\"og:type\" content=\"article\" \/>\n<meta property=\"og:title\" content=\"Legacy Agreements - RSA\" \/>\n<meta property=\"og:description\" content=\"License Agreements End User License Agreement for RSA Products 09-2022 End User License Agreement for RSA Products 08-2023 End User License Agreement for RSA Products 05-2024 End User License Agreement for RSA Products 09-2024 End User License Agreement for RSA Products 12-2024 End User License Agreement for RSA Products 2-2025 Cloud &#038; Hybrid Agreements RSA &hellip; Continued\" \/>\n<meta property=\"og:url\" content=\"https:\/\/www.rsa.com\/fr_ca\/legacy-agreements\/\" \/>\n<meta property=\"og:site_name\" content=\"RSA\" \/>\n<meta property=\"article:modified_time\" content=\"2026-03-10T17:00:47+00:00\" \/>\n<meta property=\"og:image\" content=\"https:\/\/www.rsa.com\/wp-content\/uploads\/rsa-og-image.webp\" \/>\n\t<meta property=\"og:image:width\" content=\"1200\" \/>\n\t<meta property=\"og:image:height\" content=\"630\" \/>\n\t<meta property=\"og:image:type\" content=\"image\/webp\" \/>\n<meta name=\"twitter:card\" content=\"summary_large_image\" \/>\n<script type=\"application\/ld+json\" class=\"yoast-schema-graph\">{\"@context\":\"https:\\\/\\\/schema.org\",\"@graph\":[{\"@type\":\"WebPage\",\"@id\":\"https:\\\/\\\/www.rsa.com\\\/legacy-agreements\\\/\",\"url\":\"https:\\\/\\\/www.rsa.com\\\/legacy-agreements\\\/\",\"name\":\"Legacy Agreements - RSA\",\"isPartOf\":{\"@id\":\"https:\\\/\\\/www.rsa.com\\\/#website\"},\"datePublished\":\"2022-09-27T23:10:13+00:00\",\"dateModified\":\"2026-03-10T17:00:47+00:00\",\"breadcrumb\":{\"@id\":\"https:\\\/\\\/www.rsa.com\\\/legacy-agreements\\\/#breadcrumb\"},\"inLanguage\":\"fr-CA\",\"potentialAction\":[{\"@type\":\"ReadAction\",\"target\":[\"https:\\\/\\\/www.rsa.com\\\/legacy-agreements\\\/\"]}]},{\"@type\":\"BreadcrumbList\",\"@id\":\"https:\\\/\\\/www.rsa.com\\\/legacy-agreements\\\/#breadcrumb\",\"itemListElement\":[{\"@type\":\"ListItem\",\"position\":1,\"name\":\"Home\",\"item\":\"https:\\\/\\\/www.rsa.com\\\/\"},{\"@type\":\"ListItem\",\"position\":2,\"name\":\"Legacy Agreements\"}]},{\"@type\":\"WebSite\",\"@id\":\"https:\\\/\\\/www.rsa.com\\\/#website\",\"url\":\"https:\\\/\\\/www.rsa.com\\\/\",\"name\":\"RSA\",\"description\":\"Cybersecurity and Digital Risk Management Solutions\",\"publisher\":{\"@id\":\"https:\\\/\\\/www.rsa.com\\\/#organization\"},\"potentialAction\":[{\"@type\":\"SearchAction\",\"target\":{\"@type\":\"EntryPoint\",\"urlTemplate\":\"https:\\\/\\\/www.rsa.com\\\/?s={search_term_string}\"},\"query-input\":{\"@type\":\"PropertyValueSpecification\",\"valueRequired\":true,\"valueName\":\"search_term_string\"}}],\"inLanguage\":\"fr-CA\"},{\"@type\":\"Organization\",\"@id\":\"https:\\\/\\\/www.rsa.com\\\/#organization\",\"name\":\"RSA\",\"url\":\"https:\\\/\\\/www.rsa.com\\\/\",\"logo\":{\"@type\":\"ImageObject\",\"inLanguage\":\"fr-CA\",\"@id\":\"https:\\\/\\\/www.rsa.com\\\/#\\\/schema\\\/logo\\\/image\\\/\",\"url\":\"https:\\\/\\\/www.rsa.com\\\/wp-content\\\/uploads\\\/rsa.png\",\"contentUrl\":\"https:\\\/\\\/www.rsa.com\\\/wp-content\\\/uploads\\\/rsa.png\",\"width\":2880,\"height\":1020,\"caption\":\"RSA\"},\"image\":{\"@id\":\"https:\\\/\\\/www.rsa.com\\\/#\\\/schema\\\/logo\\\/image\\\/\"}}]}<\/script>\n<!-- \/ Yoast SEO plugin. -->","yoast_head_json":{"title":"Accords sur l'h\u00e9ritage - RSA","robots":{"index":"index","follow":"follow","max-snippet":"max-snippet:-1","max-image-preview":"max-image-preview:large","max-video-preview":"max-video-preview:-1"},"canonical":"https:\/\/www.rsa.com\/fr_ca\/legacy-agreements\/","og_locale":"fr_CA","og_type":"article","og_title":"Legacy Agreements - RSA","og_description":"License Agreements End User License Agreement for RSA Products 09-2022 End User License Agreement for RSA Products 08-2023 End User License Agreement for RSA Products 05-2024 End User License Agreement for RSA Products 09-2024 End User License Agreement for RSA Products 12-2024 End User License Agreement for RSA Products 2-2025 Cloud &#038; Hybrid Agreements RSA &hellip; Continued","og_url":"https:\/\/www.rsa.com\/fr_ca\/legacy-agreements\/","og_site_name":"RSA","article_modified_time":"2026-03-10T17:00:47+00:00","og_image":[{"width":1200,"height":630,"url":"https:\/\/www.rsa.com\/wp-content\/uploads\/rsa-og-image.webp","type":"image\/webp"}],"twitter_card":"summary_large_image","schema":{"@context":"https:\/\/schema.org","@graph":[{"@type":"WebPage","@id":"https:\/\/www.rsa.com\/legacy-agreements\/","url":"https:\/\/www.rsa.com\/legacy-agreements\/","name":"Accords sur l'h\u00e9ritage - RSA","isPartOf":{"@id":"https:\/\/www.rsa.com\/#website"},"datePublished":"2022-09-27T23:10:13+00:00","dateModified":"2026-03-10T17:00:47+00:00","breadcrumb":{"@id":"https:\/\/www.rsa.com\/legacy-agreements\/#breadcrumb"},"inLanguage":"fr-CA","potentialAction":[{"@type":"ReadAction","target":["https:\/\/www.rsa.com\/legacy-agreements\/"]}]},{"@type":"BreadcrumbList","@id":"https:\/\/www.rsa.com\/legacy-agreements\/#breadcrumb","itemListElement":[{"@type":"ListItem","position":1,"name":"Home","item":"https:\/\/www.rsa.com\/"},{"@type":"ListItem","position":2,"name":"Legacy Agreements"}]},{"@type":"WebSite","@id":"https:\/\/www.rsa.com\/#website","url":"https:\/\/www.rsa.com\/","name":"RSA","description":"Solutions de cybers\u00e9curit\u00e9 et de gestion des risques num\u00e9riques","publisher":{"@id":"https:\/\/www.rsa.com\/#organization"},"potentialAction":[{"@type":"SearchAction","target":{"@type":"EntryPoint","urlTemplate":"https:\/\/www.rsa.com\/?s={search_term_string}"},"query-input":{"@type":"PropertyValueSpecification","valueRequired":true,"valueName":"search_term_string"}}],"inLanguage":"fr-CA"},{"@type":"Organization","@id":"https:\/\/www.rsa.com\/#organization","name":"RSA","url":"https:\/\/www.rsa.com\/","logo":{"@type":"ImageObject","inLanguage":"fr-CA","@id":"https:\/\/www.rsa.com\/#\/schema\/logo\/image\/","url":"https:\/\/www.rsa.com\/wp-content\/uploads\/rsa.png","contentUrl":"https:\/\/www.rsa.com\/wp-content\/uploads\/rsa.png","width":2880,"height":1020,"caption":"RSA"},"image":{"@id":"https:\/\/www.rsa.com\/#\/schema\/logo\/image\/"}}]}},"_links":{"self":[{"href":"https:\/\/www.rsa.com\/fr_ca\/wp-json\/wp\/v2\/pages\/17495","targetHints":{"allow":["GET"]}}],"collection":[{"href":"https:\/\/www.rsa.com\/fr_ca\/wp-json\/wp\/v2\/pages"}],"about":[{"href":"https:\/\/www.rsa.com\/fr_ca\/wp-json\/wp\/v2\/types\/page"}],"author":[{"embeddable":true,"href":"https:\/\/www.rsa.com\/fr_ca\/wp-json\/wp\/v2\/users\/2"}],"replies":[{"embeddable":true,"href":"https:\/\/www.rsa.com\/fr_ca\/wp-json\/wp\/v2\/comments?post=17495"}],"version-history":[{"count":54,"href":"https:\/\/www.rsa.com\/fr_ca\/wp-json\/wp\/v2\/pages\/17495\/revisions"}],"predecessor-version":[{"id":37181,"href":"https:\/\/www.rsa.com\/fr_ca\/wp-json\/wp\/v2\/pages\/17495\/revisions\/37181"}],"wp:attachment":[{"href":"https:\/\/www.rsa.com\/fr_ca\/wp-json\/wp\/v2\/media?parent=17495"}],"curies":[{"name":"wp","href":"https:\/\/api.w.org\/{rel}","templated":true}]}}