{"id":17,"date":"2021-11-18T19:00:26","date_gmt":"2021-11-19T03:00:26","guid":{"rendered":"https:\/\/live-rsa-hub.pantheonsite.io\/?page_id=17"},"modified":"2026-03-11T14:49:28","modified_gmt":"2026-03-11T18:49:28","slug":"company","status":"publish","type":"page","link":"https:\/\/www.rsa.com\/fr_ca\/company\/","title":{"rendered":"Entreprise"},"content":{"rendered":"","protected":false},"excerpt":{"rendered":"","protected":false},"author":1,"featured_media":0,"parent":0,"menu_order":0,"comment_status":"closed","ping_status":"closed","template":"template-t13-about-us.blade.php","meta":{"_acf_changed":false,"_searchwp_excluded":"","inline_featured_image":false,"footnotes":""},"class_list":["post-17","page","type-page","status-publish","hentry"],"acf":[],"yoast_head":"<!-- This site is optimized with the Yoast SEO plugin v27.3 - https:\/\/yoast.com\/product\/yoast-seo-wordpress\/ -->\n<title>About RSA | The Security-First Identity Leader<\/title>\n<meta name=\"description\" content=\"RSA provides the identity capabilities and insights organizations need to secure access, automate lifecycle, reduce risk, and maintain compliance.\" \/>\n<meta name=\"robots\" content=\"index, follow, max-snippet:-1, max-image-preview:large, max-video-preview:-1\" \/>\n<link rel=\"canonical\" href=\"https:\/\/www.rsa.com\/fr_ca\/company\/\" \/>\n<meta property=\"og:locale\" content=\"fr_CA\" \/>\n<meta property=\"og:type\" content=\"article\" \/>\n<meta property=\"og:title\" content=\"Company\" \/>\n<meta property=\"og:description\" content=\"We empower you to embrace digital transformation and take pride in helping you manage digital risk\" \/>\n<meta property=\"og:url\" content=\"https:\/\/www.rsa.com\/fr_ca\/company\/\" \/>\n<meta property=\"og:site_name\" content=\"RSA\" \/>\n<meta property=\"article:modified_time\" content=\"2026-03-11T18:49:28+00:00\" \/>\n<meta property=\"og:image\" content=\"https:\/\/www.rsa.com\/wp-content\/uploads\/rsa-og-image.jpg\" \/>\n\t<meta property=\"og:image:width\" content=\"1200\" \/>\n\t<meta property=\"og:image:height\" content=\"630\" \/>\n\t<meta property=\"og:image:type\" content=\"image\/jpeg\" \/>\n<meta name=\"twitter:card\" content=\"summary_large_image\" \/>\n<meta name=\"twitter:title\" content=\"Company\" \/>\n<meta name=\"twitter:description\" content=\"We empower you to embrace digital transformation and take pride in helping you manage digital risk\" \/>\n<meta name=\"twitter:image\" content=\"https:\/\/www.rsa.com\/wp-content\/uploads\/rsa-og-image.jpg\" \/>\n<script type=\"application\/ld+json\" class=\"yoast-schema-graph\">{\"@context\":\"https:\\\/\\\/schema.org\",\"@graph\":[{\"@type\":\"WebPage\",\"@id\":\"https:\\\/\\\/www.rsa.com\\\/company\\\/\",\"url\":\"https:\\\/\\\/www.rsa.com\\\/company\\\/\",\"name\":\"About RSA | The Security-First Identity Leader\",\"isPartOf\":{\"@id\":\"https:\\\/\\\/www.rsa.com\\\/#website\"},\"datePublished\":\"2021-11-19T03:00:26+00:00\",\"dateModified\":\"2026-03-11T18:49:28+00:00\",\"description\":\"RSA provides the identity capabilities and insights organizations need to secure access, automate lifecycle, reduce risk, and maintain compliance.\",\"breadcrumb\":{\"@id\":\"https:\\\/\\\/www.rsa.com\\\/company\\\/#breadcrumb\"},\"inLanguage\":\"fr-CA\",\"potentialAction\":[{\"@type\":\"ReadAction\",\"target\":[\"https:\\\/\\\/www.rsa.com\\\/company\\\/\"]}]},{\"@type\":\"BreadcrumbList\",\"@id\":\"https:\\\/\\\/www.rsa.com\\\/company\\\/#breadcrumb\",\"itemListElement\":[{\"@type\":\"ListItem\",\"position\":1,\"name\":\"Home\",\"item\":\"https:\\\/\\\/www.rsa.com\\\/\"},{\"@type\":\"ListItem\",\"position\":2,\"name\":\"Company\"}]},{\"@type\":\"WebSite\",\"@id\":\"https:\\\/\\\/www.rsa.com\\\/#website\",\"url\":\"https:\\\/\\\/www.rsa.com\\\/\",\"name\":\"RSA\",\"description\":\"Cybersecurity and Digital Risk Management Solutions\",\"publisher\":{\"@id\":\"https:\\\/\\\/www.rsa.com\\\/#organization\"},\"potentialAction\":[{\"@type\":\"SearchAction\",\"target\":{\"@type\":\"EntryPoint\",\"urlTemplate\":\"https:\\\/\\\/www.rsa.com\\\/?s={search_term_string}\"},\"query-input\":{\"@type\":\"PropertyValueSpecification\",\"valueRequired\":true,\"valueName\":\"search_term_string\"}}],\"inLanguage\":\"fr-CA\"},{\"@type\":\"Organization\",\"@id\":\"https:\\\/\\\/www.rsa.com\\\/#organization\",\"name\":\"RSA\",\"url\":\"https:\\\/\\\/www.rsa.com\\\/\",\"logo\":{\"@type\":\"ImageObject\",\"inLanguage\":\"fr-CA\",\"@id\":\"https:\\\/\\\/www.rsa.com\\\/#\\\/schema\\\/logo\\\/image\\\/\",\"url\":\"https:\\\/\\\/www.rsa.com\\\/wp-content\\\/uploads\\\/rsa.png\",\"contentUrl\":\"https:\\\/\\\/www.rsa.com\\\/wp-content\\\/uploads\\\/rsa.png\",\"width\":2880,\"height\":1020,\"caption\":\"RSA\"},\"image\":{\"@id\":\"https:\\\/\\\/www.rsa.com\\\/#\\\/schema\\\/logo\\\/image\\\/\"}}]}<\/script>\n<!-- \/ Yoast SEO plugin. -->","yoast_head_json":{"title":"\u00c0 propos de RSA | Le leader de la s\u00e9curit\u00e9 et de l'identit\u00e9","description":"RSA fournit les capacit\u00e9s d'identit\u00e9 et les informations dont les organisations ont besoin pour s\u00e9curiser l'acc\u00e8s, automatiser le cycle de vie, r\u00e9duire les risques et maintenir la conformit\u00e9.","robots":{"index":"index","follow":"follow","max-snippet":"max-snippet:-1","max-image-preview":"max-image-preview:large","max-video-preview":"max-video-preview:-1"},"canonical":"https:\/\/www.rsa.com\/fr_ca\/company\/","og_locale":"fr_CA","og_type":"article","og_title":"Company","og_description":"We empower you to embrace digital transformation and take pride in helping you manage digital risk","og_url":"https:\/\/www.rsa.com\/fr_ca\/company\/","og_site_name":"RSA","article_modified_time":"2026-03-11T18:49:28+00:00","og_image":[{"width":1200,"height":630,"url":"https:\/\/www.rsa.com\/wp-content\/uploads\/rsa-og-image.jpg","type":"image\/jpeg"}],"twitter_card":"summary_large_image","twitter_title":"Company","twitter_description":"We empower you to embrace digital transformation and take pride in helping you manage digital risk","twitter_image":"https:\/\/www.rsa.com\/wp-content\/uploads\/rsa-og-image.jpg","schema":{"@context":"https:\/\/schema.org","@graph":[{"@type":"WebPage","@id":"https:\/\/www.rsa.com\/company\/","url":"https:\/\/www.rsa.com\/company\/","name":"\u00c0 propos de RSA | Le leader de la s\u00e9curit\u00e9 et de l'identit\u00e9","isPartOf":{"@id":"https:\/\/www.rsa.com\/#website"},"datePublished":"2021-11-19T03:00:26+00:00","dateModified":"2026-03-11T18:49:28+00:00","description":"RSA fournit les capacit\u00e9s d'identit\u00e9 et les informations dont les organisations ont besoin pour s\u00e9curiser l'acc\u00e8s, automatiser le cycle de vie, r\u00e9duire les risques et maintenir la conformit\u00e9.","breadcrumb":{"@id":"https:\/\/www.rsa.com\/company\/#breadcrumb"},"inLanguage":"fr-CA","potentialAction":[{"@type":"ReadAction","target":["https:\/\/www.rsa.com\/company\/"]}]},{"@type":"BreadcrumbList","@id":"https:\/\/www.rsa.com\/company\/#breadcrumb","itemListElement":[{"@type":"ListItem","position":1,"name":"Home","item":"https:\/\/www.rsa.com\/"},{"@type":"ListItem","position":2,"name":"Company"}]},{"@type":"WebSite","@id":"https:\/\/www.rsa.com\/#website","url":"https:\/\/www.rsa.com\/","name":"RSA","description":"Solutions de cybers\u00e9curit\u00e9 et de gestion des risques num\u00e9riques","publisher":{"@id":"https:\/\/www.rsa.com\/#organization"},"potentialAction":[{"@type":"SearchAction","target":{"@type":"EntryPoint","urlTemplate":"https:\/\/www.rsa.com\/?s={search_term_string}"},"query-input":{"@type":"PropertyValueSpecification","valueRequired":true,"valueName":"search_term_string"}}],"inLanguage":"fr-CA"},{"@type":"Organization","@id":"https:\/\/www.rsa.com\/#organization","name":"RSA","url":"https:\/\/www.rsa.com\/","logo":{"@type":"ImageObject","inLanguage":"fr-CA","@id":"https:\/\/www.rsa.com\/#\/schema\/logo\/image\/","url":"https:\/\/www.rsa.com\/wp-content\/uploads\/rsa.png","contentUrl":"https:\/\/www.rsa.com\/wp-content\/uploads\/rsa.png","width":2880,"height":1020,"caption":"RSA"},"image":{"@id":"https:\/\/www.rsa.com\/#\/schema\/logo\/image\/"}}]}},"_links":{"self":[{"href":"https:\/\/www.rsa.com\/fr_ca\/wp-json\/wp\/v2\/pages\/17","targetHints":{"allow":["GET"]}}],"collection":[{"href":"https:\/\/www.rsa.com\/fr_ca\/wp-json\/wp\/v2\/pages"}],"about":[{"href":"https:\/\/www.rsa.com\/fr_ca\/wp-json\/wp\/v2\/types\/page"}],"author":[{"embeddable":true,"href":"https:\/\/www.rsa.com\/fr_ca\/wp-json\/wp\/v2\/users\/1"}],"replies":[{"embeddable":true,"href":"https:\/\/www.rsa.com\/fr_ca\/wp-json\/wp\/v2\/comments?post=17"}],"version-history":[{"count":108,"href":"https:\/\/www.rsa.com\/fr_ca\/wp-json\/wp\/v2\/pages\/17\/revisions"}],"predecessor-version":[{"id":37185,"href":"https:\/\/www.rsa.com\/fr_ca\/wp-json\/wp\/v2\/pages\/17\/revisions\/37185"}],"wp:attachment":[{"href":"https:\/\/www.rsa.com\/fr_ca\/wp-json\/wp\/v2\/media?parent=17"}],"curies":[{"name":"wp","href":"https:\/\/api.w.org\/{rel}","templated":true}]}}