{"id":36412,"date":"2026-01-27T16:07:31","date_gmt":"2026-01-27T21:07:31","guid":{"rendered":"https:\/\/www.rsa.com\/?page_id=36412"},"modified":"2026-03-26T13:51:24","modified_gmt":"2026-03-26T17:51:24","slug":"identity-unmasked","status":"publish","type":"page","link":"https:\/\/www.rsa.com\/fr\/identity-unmasked\/","title":{"rendered":"Identit\u00e9 RSA d\u00e9masqu\u00e9e"},"content":{"rendered":"","protected":false},"excerpt":{"rendered":"","protected":false},"author":2,"featured_media":0,"parent":0,"menu_order":0,"comment_status":"closed","ping_status":"closed","template":"template-t6-resource-template.blade.php","meta":{"_acf_changed":false,"_searchwp_excluded":"","inline_featured_image":false,"footnotes":""},"class_list":["post-36412","page","type-page","status-publish","hentry"],"acf":[],"yoast_head":"<!-- This site is optimized with the Yoast SEO plugin v27.3 - https:\/\/yoast.com\/product\/yoast-seo-wordpress\/ -->\n<title>RSA Identity Unmasked - RSA<\/title>\n<meta name=\"description\" content=\"Stay ahead in cybersecurity with RSA Identity Unmasked, a vodcast delivering thought leadership on identity threats, authentication, governance, and emerging security trends.\" \/>\n<meta name=\"robots\" content=\"index, follow, max-snippet:-1, max-image-preview:large, max-video-preview:-1\" \/>\n<link rel=\"canonical\" href=\"https:\/\/www.rsa.com\/fr\/identity-unmasked\/\" \/>\n<meta property=\"og:locale\" content=\"fr_FR\" \/>\n<meta property=\"og:type\" content=\"article\" \/>\n<meta property=\"og:title\" content=\"RSA Identity Unmasked - RSA\" \/>\n<meta property=\"og:description\" content=\"Stay ahead in cybersecurity with RSA Identity Unmasked, a vodcast delivering thought leadership on identity threats, authentication, governance, and emerging security trends.\" \/>\n<meta property=\"og:url\" content=\"https:\/\/www.rsa.com\/fr\/identity-unmasked\/\" \/>\n<meta property=\"og:site_name\" content=\"RSA\" \/>\n<meta property=\"article:modified_time\" content=\"2026-03-26T17:51:24+00:00\" \/>\n<meta property=\"og:image\" content=\"https:\/\/www.rsa.com\/wp-content\/uploads\/rsa-identity-unmasked-og.webp\" \/>\n\t<meta property=\"og:image:width\" content=\"1200\" \/>\n\t<meta property=\"og:image:height\" content=\"675\" \/>\n\t<meta property=\"og:image:type\" content=\"image\/webp\" \/>\n<meta name=\"twitter:card\" content=\"summary_large_image\" \/>\n<script type=\"application\/ld+json\" class=\"yoast-schema-graph\">{\"@context\":\"https:\\\/\\\/schema.org\",\"@graph\":[{\"@type\":\"WebPage\",\"@id\":\"https:\\\/\\\/www.rsa.com\\\/identity-unmasked\\\/\",\"url\":\"https:\\\/\\\/www.rsa.com\\\/identity-unmasked\\\/\",\"name\":\"RSA Identity Unmasked - RSA\",\"isPartOf\":{\"@id\":\"https:\\\/\\\/www.rsa.com\\\/#website\"},\"datePublished\":\"2026-01-27T21:07:31+00:00\",\"dateModified\":\"2026-03-26T17:51:24+00:00\",\"description\":\"Stay ahead in cybersecurity with RSA Identity Unmasked, a vodcast delivering thought leadership on identity threats, authentication, governance, and emerging security trends.\",\"breadcrumb\":{\"@id\":\"https:\\\/\\\/www.rsa.com\\\/identity-unmasked\\\/#breadcrumb\"},\"inLanguage\":\"fr-FR\",\"potentialAction\":[{\"@type\":\"ReadAction\",\"target\":[\"https:\\\/\\\/www.rsa.com\\\/identity-unmasked\\\/\"]}]},{\"@type\":\"BreadcrumbList\",\"@id\":\"https:\\\/\\\/www.rsa.com\\\/identity-unmasked\\\/#breadcrumb\",\"itemListElement\":[{\"@type\":\"ListItem\",\"position\":1,\"name\":\"Home\",\"item\":\"https:\\\/\\\/www.rsa.com\\\/\"},{\"@type\":\"ListItem\",\"position\":2,\"name\":\"RSA Identity Unmasked\"}]},{\"@type\":\"WebSite\",\"@id\":\"https:\\\/\\\/www.rsa.com\\\/#website\",\"url\":\"https:\\\/\\\/www.rsa.com\\\/\",\"name\":\"RSA\",\"description\":\"Cybersecurity and Digital Risk Management Solutions\",\"publisher\":{\"@id\":\"https:\\\/\\\/www.rsa.com\\\/#organization\"},\"potentialAction\":[{\"@type\":\"SearchAction\",\"target\":{\"@type\":\"EntryPoint\",\"urlTemplate\":\"https:\\\/\\\/www.rsa.com\\\/?s={search_term_string}\"},\"query-input\":{\"@type\":\"PropertyValueSpecification\",\"valueRequired\":true,\"valueName\":\"search_term_string\"}}],\"inLanguage\":\"fr-FR\"},{\"@type\":\"Organization\",\"@id\":\"https:\\\/\\\/www.rsa.com\\\/#organization\",\"name\":\"RSA\",\"url\":\"https:\\\/\\\/www.rsa.com\\\/\",\"logo\":{\"@type\":\"ImageObject\",\"inLanguage\":\"fr-FR\",\"@id\":\"https:\\\/\\\/www.rsa.com\\\/#\\\/schema\\\/logo\\\/image\\\/\",\"url\":\"https:\\\/\\\/www.rsa.com\\\/wp-content\\\/uploads\\\/rsa.png\",\"contentUrl\":\"https:\\\/\\\/www.rsa.com\\\/wp-content\\\/uploads\\\/rsa.png\",\"width\":2880,\"height\":1020,\"caption\":\"RSA\"},\"image\":{\"@id\":\"https:\\\/\\\/www.rsa.com\\\/#\\\/schema\\\/logo\\\/image\\\/\"}}]}<\/script>\n<!-- \/ Yoast SEO plugin. -->","yoast_head_json":{"title":"RSA Identity Unmasked - RSA","description":"Gardez une longueur d'avance en mati\u00e8re de cybers\u00e9curit\u00e9 gr\u00e2ce \u00e0 RSA Identity Unmasked, un vodcast qui propose un leadership \u00e9clair\u00e9 sur les menaces li\u00e9es \u00e0 l'identit\u00e9, l'authentification, la gouvernance et les tendances \u00e9mergentes en mati\u00e8re de s\u00e9curit\u00e9.","robots":{"index":"index","follow":"follow","max-snippet":"max-snippet:-1","max-image-preview":"max-image-preview:large","max-video-preview":"max-video-preview:-1"},"canonical":"https:\/\/www.rsa.com\/fr\/identity-unmasked\/","og_locale":"fr_FR","og_type":"article","og_title":"RSA Identity Unmasked - RSA","og_description":"Stay ahead in cybersecurity with RSA Identity Unmasked, a vodcast delivering thought leadership on identity threats, authentication, governance, and emerging security trends.","og_url":"https:\/\/www.rsa.com\/fr\/identity-unmasked\/","og_site_name":"RSA","article_modified_time":"2026-03-26T17:51:24+00:00","og_image":[{"width":1200,"height":675,"url":"https:\/\/www.rsa.com\/wp-content\/uploads\/rsa-identity-unmasked-og.webp","type":"image\/webp"}],"twitter_card":"summary_large_image","schema":{"@context":"https:\/\/schema.org","@graph":[{"@type":"WebPage","@id":"https:\/\/www.rsa.com\/identity-unmasked\/","url":"https:\/\/www.rsa.com\/identity-unmasked\/","name":"RSA Identity Unmasked - RSA","isPartOf":{"@id":"https:\/\/www.rsa.com\/#website"},"datePublished":"2026-01-27T21:07:31+00:00","dateModified":"2026-03-26T17:51:24+00:00","description":"Gardez une longueur d'avance en mati\u00e8re de cybers\u00e9curit\u00e9 gr\u00e2ce \u00e0 RSA Identity Unmasked, un vodcast qui propose un leadership \u00e9clair\u00e9 sur les menaces li\u00e9es \u00e0 l'identit\u00e9, l'authentification, la gouvernance et les tendances \u00e9mergentes en mati\u00e8re de s\u00e9curit\u00e9.","breadcrumb":{"@id":"https:\/\/www.rsa.com\/identity-unmasked\/#breadcrumb"},"inLanguage":"fr-FR","potentialAction":[{"@type":"ReadAction","target":["https:\/\/www.rsa.com\/identity-unmasked\/"]}]},{"@type":"BreadcrumbList","@id":"https:\/\/www.rsa.com\/identity-unmasked\/#breadcrumb","itemListElement":[{"@type":"ListItem","position":1,"name":"Home","item":"https:\/\/www.rsa.com\/"},{"@type":"ListItem","position":2,"name":"RSA Identity Unmasked"}]},{"@type":"WebSite","@id":"https:\/\/www.rsa.com\/#website","url":"https:\/\/www.rsa.com\/","name":"RSA","description":"Solutions de cybers\u00e9curit\u00e9 et de gestion des risques num\u00e9riques","publisher":{"@id":"https:\/\/www.rsa.com\/#organization"},"potentialAction":[{"@type":"SearchAction","target":{"@type":"EntryPoint","urlTemplate":"https:\/\/www.rsa.com\/?s={search_term_string}"},"query-input":{"@type":"PropertyValueSpecification","valueRequired":true,"valueName":"search_term_string"}}],"inLanguage":"fr-FR"},{"@type":"Organization","@id":"https:\/\/www.rsa.com\/#organization","name":"RSA","url":"https:\/\/www.rsa.com\/","logo":{"@type":"ImageObject","inLanguage":"fr-FR","@id":"https:\/\/www.rsa.com\/#\/schema\/logo\/image\/","url":"https:\/\/www.rsa.com\/wp-content\/uploads\/rsa.png","contentUrl":"https:\/\/www.rsa.com\/wp-content\/uploads\/rsa.png","width":2880,"height":1020,"caption":"RSA"},"image":{"@id":"https:\/\/www.rsa.com\/#\/schema\/logo\/image\/"}}]}},"_links":{"self":[{"href":"https:\/\/www.rsa.com\/fr\/wp-json\/wp\/v2\/pages\/36412","targetHints":{"allow":["GET"]}}],"collection":[{"href":"https:\/\/www.rsa.com\/fr\/wp-json\/wp\/v2\/pages"}],"about":[{"href":"https:\/\/www.rsa.com\/fr\/wp-json\/wp\/v2\/types\/page"}],"author":[{"embeddable":true,"href":"https:\/\/www.rsa.com\/fr\/wp-json\/wp\/v2\/users\/2"}],"replies":[{"embeddable":true,"href":"https:\/\/www.rsa.com\/fr\/wp-json\/wp\/v2\/comments?post=36412"}],"version-history":[{"count":8,"href":"https:\/\/www.rsa.com\/fr\/wp-json\/wp\/v2\/pages\/36412\/revisions"}],"predecessor-version":[{"id":37441,"href":"https:\/\/www.rsa.com\/fr\/wp-json\/wp\/v2\/pages\/36412\/revisions\/37441"}],"wp:attachment":[{"href":"https:\/\/www.rsa.com\/fr\/wp-json\/wp\/v2\/media?parent=36412"}],"curies":[{"name":"wp","href":"https:\/\/api.w.org\/{rel}","templated":true}]}}