{"id":3604,"date":"2022-08-08T15:30:58","date_gmt":"2022-08-08T19:30:58","guid":{"rendered":"https:\/\/www.rsa.com\/?page_id=3604"},"modified":"2025-02-07T16:22:39","modified_gmt":"2025-02-07T21:22:39","slug":"terms-of-use-sept-2020","status":"publish","type":"page","link":"https:\/\/www.rsa.com\/fr\/terms-of-use\/terms-of-use-sept-2020\/","title":{"rendered":"Conditions d'utilisation - septembre 2020"},"content":{"rendered":"<h4 class=\"size-h6-regular compressed\">\u00c0 propos des pr\u00e9sentes conditions d'utilisation<\/h4>\n<p>Les pr\u00e9sentes conditions (\"conditions\") constituent un accord juridique entre vous et RSA Security LLC et ses soci\u00e9t\u00e9s affili\u00e9es (\"RSA\"). Les conditions r\u00e9gissent votre utilisation et votre acc\u00e8s aux sites Web et aux informations en ligne de RSA (les \"sites\" ou le \"site\"). En utilisant les sites de RSA, vous acceptez les pr\u00e9sentes conditions. La RSA peut r\u00e9viser ces conditions \u00e0 tout moment en mettant \u00e0 jour cette page. Nous vous conseillons de consulter cette page de temps \u00e0 autre pour conna\u00eetre les conditions qui r\u00e9gissent votre utilisation du site.<\/p>\n<h4 class=\"size-h6-regular compressed\">Clause de non-responsabilit\u00e9 et restrictions d'utilisation<\/h4>\n<p class=\"compressed\">Aucun \u00e9l\u00e9ment du site de la RSA ne vous conf\u00e8re une licence en vertu des droits de propri\u00e9t\u00e9 intellectuelle de la RSA ou d'un tiers. Tous les droits de propri\u00e9t\u00e9 intellectuelle de ce site appartiennent \u00e0 la RSA ou \u00e0 d'autres parties qui ont accord\u00e9 une licence \u00e0 la RSA pour leur mat\u00e9riel. Sous r\u00e9serve des pr\u00e9sentes conditions, la RSA vous accorde un droit limit\u00e9, r\u00e9vocable et non exclusif d'acc\u00e9der au site et aux documents et renseignements qu'il contient (le \"contenu de la RSA\") et de les utiliser. Cette licence limit\u00e9e est uniquement destin\u00e9e \u00e0 votre usage personnel et non commercial. Vous devez conserver les avis de propri\u00e9t\u00e9 de la RSA sur toutes les copies que vous faites du contenu de la RSA. L'utilisation non autoris\u00e9e du contenu de la RSA peut violer les lois sur les droits d'auteur, les marques de commerce, la protection de la vie priv\u00e9e, les communications ou d'autres lois. Vous \u00eates responsable envers la RSA de l'utilisation non autoris\u00e9e du contenu de la RSA. Ce droit prend fin automatiquement si vous ne respectez pas une partie des pr\u00e9sentes conditions. En cas de r\u00e9siliation, vous devez imm\u00e9diatement d\u00e9truire tout contenu de la RSA en votre possession ou sous votre contr\u00f4le. \u00c0 l'exception de ce qui est indiqu\u00e9 ci-dessus, vous ne devez pas :<\/p>\n<ul>\n<li>Changer, modifier, copier, distribuer, republier, t\u00e9l\u00e9charger, afficher, poster ou envoyer le contenu de l'ASR sous quelque forme ou par quelque moyen que ce soit sans l'autorisation \u00e9crite pr\u00e9alable de l'ASR ou du d\u00e9tenteur des droits d'auteur, \u00e0 moins que le site n'indique le contraire pour un contenu sp\u00e9cifique de l'ASR ;<\/li>\n<li>Utiliser le site ou le contenu de la RSA \u00e0 des fins ill\u00e9gales ou interdites par les pr\u00e9sentes conditions ;<\/li>\n<li>Utiliser le site pour solliciter une activit\u00e9 ill\u00e9gale ou susceptible de porter atteinte aux droits d'autrui ;<\/li>\n<li>\" Miroir \" ou \" cadre \" de tout contenu de l'ASR sur tout autre appareil sans l'autorisation \u00e9crite de l'ASR ;<\/li>\n<li>utiliser le contenu de l'ASR pour comparer le contenu de l'ASR aux produits, services ou informations d'une autre personne ou entit\u00e9 ; ou<\/li>\n<li>Utiliser le logo de la RSA ou de la conf\u00e9rence de la RSA ou toute autre marque de la RSA comme lien \" chaud \" vers une partie quelconque du site, \u00e0 moins que la RSA n'approuve cette utilisation par \u00e9crit.<\/li>\n<\/ul>\n<h4 class=\"size-h6-regular compressed\">Informations sur les droits d'auteur<\/h4>\n<p>La loi sur les droits d'auteur prot\u00e8ge tout le contenu de l'ASR.<\/p>\n<p>Les droits d'auteur de tout le mat\u00e9riel fourni sur ce site (\"site\") sont d\u00e9tenus par RSA Security LLC ou ses soci\u00e9t\u00e9s affili\u00e9es (\"RSA\") ou par le cr\u00e9ateur original du mat\u00e9riel. Sauf indication contraire, aucun mat\u00e9riel ne peut \u00eatre copi\u00e9, reproduit, distribu\u00e9, republi\u00e9, t\u00e9l\u00e9charg\u00e9, affich\u00e9, post\u00e9 ou transmis sous quelque forme ou par quelque moyen que ce soit, y compris, mais sans s'y limiter, \u00e9lectronique, m\u00e9canique, par photocopie, enregistrement ou autre, sans l'autorisation \u00e9crite pr\u00e9alable de RSA ou du d\u00e9tenteur du droit d'auteur. Il est permis d'afficher, de copier, de distribuer et de t\u00e9l\u00e9charger les documents de ce site \u00e0 des fins personnelles et non commerciales seulement, \u00e0 condition de ne pas modifier les documents et de conserver tous les droits d'auteur et autres avis de propri\u00e9t\u00e9 contenus dans les documents. Vous ne pouvez pas non plus, sans l'autorisation de la RSA, \"refl\u00e9ter\" tout mat\u00e9riel contenu sur ce site sur un autre serveur. Cette autorisation prend fin automatiquement si vous ne respectez pas l'une ou l'autre de ces conditions. Toute utilisation non autoris\u00e9e du mat\u00e9riel contenu sur ce site peut violer les lois sur les droits d'auteur, les lois sur les marques de commerce, les lois sur la protection de la vie priv\u00e9e et la publicit\u00e9, ainsi que les r\u00e8glements et les lois sur les communications.<\/p>\n<h4 class=\"size-h6-regular compressed\">AVIS SUR LE DIGITAL MILLENNIUM COPYRIGHT ACT DES \u00c9TATS-UNIS<\/h4>\n<p>Si vous pensez que votre travail a \u00e9t\u00e9 copi\u00e9 de quelque mani\u00e8re que ce soit sans votre autorisation, veuillez fournir les informations suivantes \u00e0 notre agent charg\u00e9 de recevoir les notifications de violation pr\u00e9sum\u00e9e des droits d'auteur, identifi\u00e9 ci-dessous. Votre notification doit contenir les \u00e9l\u00e9ments suivants :<\/p>\n<p>Votre signature \u00e9lectronique ou physique ;<br \/>\nUne description de l'\u0153uvre dont vous pr\u00e9tendez qu'elle a fait l'objet d'une violation ;<br \/>\nL'identification de l'\u0153uvre qui, selon vous, enfreint les droits d'auteur et une description de l'endroit o\u00f9 elle se trouve sur le site web de l'ASR ;<br \/>\nVotre adresse, votre num\u00e9ro de t\u00e9l\u00e9phone et votre adresse \u00e9lectronique ;<br \/>\nune d\u00e9claration de votre part indiquant que vous pensez de bonne foi que l'utilisation illicite n'est pas autoris\u00e9e par le d\u00e9tenteur des droits d'auteur, par son agent ou par la loi ; et<br \/>\nUne d\u00e9claration de votre part, sous peine de parjure, selon laquelle les informations ci-dessus dans votre avis sont exactes et que vous \u00eates le titulaire du droit d'auteur ou autoris\u00e9 \u00e0 agir au nom du titulaire du droit d'auteur.<\/p>\n<p>RSA Security LLC<br \/>\nA l'attention de : IP Legal<br \/>\n176 Middlesex Turnpike<br \/>\nBedford, MA 01730<\/p>\n<h4 class=\"size-h6-regular compressed\">Vie priv\u00e9e<\/h4>\n<p class=\"compressed\">La d\u00e9claration de confidentialit\u00e9 de la RSA s'applique \u00e0 votre utilisation du site et fait partie des pr\u00e9sentes conditions. Veuillez consulter les deux d\u00e9clarations de confidentialit\u00e9 de la <a href=\"https:\/\/live-rsa-hub.pantheonsite.io\/privacy-policy\/\">D\u00e9claration de confidentialit\u00e9 de l'ASR<\/a> et <a href=\"https:\/\/www.rsaconference.com\/privacy\">D\u00e9claration de confidentialit\u00e9 de RSA Conference<\/a> et des informations connexes concernant votre vie priv\u00e9e et l'utilisation de vos informations par RSA. Vous reconnaissez et acceptez que vous \u00eates responsable de :<\/p>\n<ul>\n<li>Prot\u00e9ger les informations relatives aux comptes et aux mots de passe applicables \u00e0 votre utilisation du site ;<\/li>\n<li>restreindre l'utilisation et l'acc\u00e8s \u00e0 votre ordinateur, smartphone ou autre appareil utilis\u00e9 pour acc\u00e9der au site ; et<\/li>\n<li>Toute activit\u00e9 se d\u00e9roulant sur votre compte en raison de votre incapacit\u00e9 \u00e0 prot\u00e9ger ces informations.<\/li>\n<\/ul>\n<h4 class=\"size-h6-regular compressed\">Communiquer par voie \u00e9lectronique<\/h4>\n<p>Lorsque vous utilisez le site, vous communiquez avec l'ASR. Vous acceptez de recevoir des communications \u00e9lectroniques li\u00e9es \u00e0 votre utilisation du site. La RSA peut communiquer avec vous par courriel ou en affichant des avis sur le site. Vous acceptez que toutes ces communications respectent toute r\u00e8gle juridique exigeant que ces communications soient faites par \u00e9crit. La RSA peut vous envoyer des avis par courriel ou par affichage sur le site, et ces avis entrent en vigueur \u00e0 la date \u00e0 laquelle la RSA les envoie ou les affiche.<\/p>\n<h4 class=\"size-h6-regular compressed\">Exportation<\/h4>\n<p>Tout le contenu de la RSA est soumis aux lois et r\u00e9glementations am\u00e9ricaines en mati\u00e8re de contr\u00f4le des exportations et de sanctions \u00e9conomiques et peut \u00e9galement \u00eatre soumis aux lois du pays dans lequel vous r\u00e9sidez.<\/p>\n<h4 class=\"size-h6-regular compressed\">Clause de non-responsabilit\u00e9<\/h4>\n<p class=\"compressed\">Vous acceptez d'assumer l'enti\u00e8re responsabilit\u00e9 de votre utilisation du site. La RSA fournit le site et tout le contenu de la RSA \"en l'\u00e9tat\" et \"selon la disponibilit\u00e9\". Plus pr\u00e9cis\u00e9ment, la RSA :<\/p>\n<ul>\n<li>ne fait aucune d\u00e9claration et ne donne aucune garantie de quelque nature que ce soit ;<\/li>\n<li>d\u00e9cline toute garantie, y compris les garanties de qualit\u00e9 marchande, d'ad\u00e9quation, d'exactitude, d'absence de contrefa\u00e7on ou de fonctionnement ; et<\/li>\n<li>ne garantit pas que le site et le contenu de l'ASR seront exempts d'erreurs ou de d\u00e9fauts.<\/li>\n<\/ul>\n<h4 class=\"size-h6-regular compressed\">Limitation de la responsabilit\u00e9<\/h4>\n<p><b>L'ASR n'est pas responsable en vertu de toute th\u00e9orie juridique (y compris la n\u00e9gligence) pour tout type de dommages, m\u00eame si l'ASR \u00e9tait au courant de la possibilit\u00e9 de tels dommages. La RSA n'est pas responsable de la perte de donn\u00e9es ou de profits d\u00e9coulant de l'utilisation ou de l'incapacit\u00e9 d'utiliser le site ou le contenu de la RSA. Si votre utilisation du contenu de la RSA entra\u00eene la n\u00e9cessit\u00e9 d'entretenir, de r\u00e9parer ou de corriger des produits ou des donn\u00e9es, vous devrez payer ces r\u00e9parations. Certaines juridictions limitent l'exclusion ou la limitation de certains dommages, de sorte que cette disposition peut ne pas s'appliquer \u00e0 vous.<\/b><\/p>\n<h4 class=\"size-h6-regular compressed\">Indemnisation<\/h4>\n<p>Vous acceptez d'indemniser, de d\u00e9fendre et de tenir RSA et ses agents, employ\u00e9s et conc\u00e9dants de licence \u00e0 l'abri de toute r\u00e9clamation et d\u00e9pense de tiers, y compris les frais d'avocat raisonnables, li\u00e9s de quelque mani\u00e8re que ce soit \u00e0 votre utilisation du site ou \u00e0 votre violation des pr\u00e9sentes conditions.<\/p>\n<h4 class=\"size-h6-regular compressed\">Divers<\/h4>\n<ul>\n<li>Les pr\u00e9sentes conditions ne cr\u00e9ent aucune relation juridique entre vous et l'ASR.<\/li>\n<li>Le fait que l'ASR ne fasse pas valoir un droit ne signifie pas qu'elle a renonc\u00e9 \u00e0 ce droit.<\/li>\n<li>Si une cour ou un autre tribunal estime qu'une disposition des pr\u00e9sentes conditions est inapplicable, l'ASR modifiera cette disposition uniquement dans la mesure n\u00e9cessaire pour la rendre applicable. Les autres dispositions resteront pleinement en vigueur.<\/li>\n<li>Toute interpr\u00e9tation des pr\u00e9sentes conditions s'appuiera sur une signification \u00e9quitable et les ambigu\u00eft\u00e9s ne doivent pas \u00eatre interpr\u00e9t\u00e9es en faveur ou \u00e0 l'encontre de l'une ou l'autre des parties.<\/li>\n<li>RSA peut c\u00e9der ses droits en vertu des pr\u00e9sentes conditions, mais vous ne pouvez pas le faire.<\/li>\n<li>Les pr\u00e9sentes conditions, ainsi que toutes les autres conditions que vous acceptez lors de l'utilisation du site, constituent l'int\u00e9gralit\u00e9 de l'accord entre la RSA et vous concernant l'utilisation de ce site.<\/li>\n<li>Les titres sont donn\u00e9s \u00e0 titre indicatif.<\/li>\n<li>Les pr\u00e9sentes conditions remplacent tout accord ant\u00e9rieur avec la RSA concernant l'utilisation de ce site et de son contenu.<\/li>\n<li>Les filiales directes et indirectes de l'ASR sont des tiers b\u00e9n\u00e9ficiaires des pr\u00e9sentes conditions.<\/li>\n<\/ul>\n<h4 class=\"size-h6-regular compressed\">Droit applicable ; r\u00e8glement des litiges<\/h4>\n<p class=\"translation-block\">Vous acceptez que les lois du Commonwealth du Massachusetts r\u00e9gissent toute r\u00e9clamation ou tout diff\u00e9rend relatif aux pr\u00e9sentes conditions, au site, au contenu de la RSA, \u00e0 votre acc\u00e8s au site et \u00e0 son utilisation, ou \u00e0 toute combinaison de ces \u00e9l\u00e9ments (le \"diff\u00e9rend\"), sans \u00e9gard aux principes du Massachusetts en mati\u00e8re de conflits de lois. Avant que vous ou la RSA ne d\u00e9posiez une poursuite concernant un diff\u00e9rend, vous et la RSA tenterez de r\u00e9soudre le diff\u00e9rend par la n\u00e9gociation ou la m\u00e9diation en faisant appel \u00e0 un m\u00e9diateur mutuellement acceptable. Vous et l'ASR traiterez de mani\u00e8re confidentielle l'existence ou les r\u00e9sultats de toute n\u00e9gociation ou m\u00e9diation. Si les parties ne parviennent pas \u00e0 r\u00e9soudre le litige dans les trente jours suivant la notification du litige \u00e0 l'autre partie, les parties seront libres d'exercer tous les recours disponibles en droit ou en \u00e9quit\u00e9. Nonobstant ce qui pr\u00e9c\u00e8de, chaque partie a le droit de demander une ordonnance restrictive temporaire, une injonction pr\u00e9liminaire ou toute autre mesure \u00e9quitable \u00e0 un tribunal comp\u00e9tent afin de pr\u00e9server le statu quo, d'emp\u00eacher un pr\u00e9judice irr\u00e9parable, d'\u00e9viter l'expiration de tout d\u00e9lai de prescription applicable ou de pr\u00e9server une position sup\u00e9rieure par rapport \u00e0 d'autres cr\u00e9anciers.<\/p>\n<h4 class=\"size-h6-regular compressed\">Nous contacter<\/h4>\n<p>La RSA est propri\u00e9taire de ce site. Si vous avez des questions sur la collecte ou l'utilisation des informations personnelles par la RSA, veuillez consulter la d\u00e9claration de confidentialit\u00e9 de la RSA ou contacter <a href=\"mailto:privacy@rsa.com\">privacy@rsa.com<\/a>. Les r\u00e9sidents de Californie peuvent \u00e9galement adresser leurs plaintes \u00e0 l'unit\u00e9 d'assistance aux plaintes de la division des services aux consommateurs du minist\u00e8re californien de la consommation, par courrier \u00e0 l'adresse 1625 North Market Blvd, Sacramento, CA 95834, ou par t\u00e9l\u00e9phone au (416) 445-1254 ou au (800) 952-5210.<\/p>\n<p class=\"size-12\"><em>r\u00e9v. 1SEPT2020<\/em><\/p>","protected":false},"excerpt":{"rendered":"<p>\u00c0 propos des pr\u00e9sentes conditions d'utilisation Les pr\u00e9sentes conditions (\u201cconditions\u201d) constituent un accord juridique entre vous et RSA Security LLC et ses soci\u00e9t\u00e9s affili\u00e9es (\u201cRSA\u201d). Les conditions r\u00e9gissent votre utilisation et votre acc\u00e8s aux sites Web et aux informations en ligne de RSA (les \u201csites\u201d ou le \u201csite\u201d). En utilisant les sites de RSA, vous acceptez les pr\u00e9sentes conditions. La RSA peut r\u00e9viser ces conditions \u00e0 tout moment... <a href=\"https:\/\/www.rsa.com\/fr\/terms-of-use\/terms-of-use-sept-2020\/\">Suite<\/a><\/p>","protected":false},"author":2,"featured_media":0,"parent":227,"menu_order":0,"comment_status":"closed","ping_status":"closed","template":"template-policy.blade.php","meta":{"_acf_changed":false,"_searchwp_excluded":"","inline_featured_image":false,"footnotes":""},"class_list":["post-3604","page","type-page","status-publish","hentry"],"acf":[],"yoast_head":"<!-- This site is optimized with the Yoast SEO plugin v27.4 - https:\/\/yoast.com\/product\/yoast-seo-wordpress\/ -->\n<title>Terms of Use - September 2020 - RSA<\/title>\n<meta name=\"robots\" content=\"index, follow, max-snippet:-1, max-image-preview:large, max-video-preview:-1\" \/>\n<link rel=\"canonical\" href=\"https:\/\/www.rsa.com\/fr\/terms-of-use\/terms-of-use-sept-2020\/\" \/>\n<meta property=\"og:locale\" content=\"fr_FR\" \/>\n<meta property=\"og:type\" content=\"article\" \/>\n<meta property=\"og:title\" content=\"Terms of Use - September 2020 - RSA\" \/>\n<meta property=\"og:description\" content=\"About These Terms of Use These terms (&#8220;Terms&#8221;) are a legal agreement between you and RSA Security LLC and its affiliates (&#8220;RSA&#8221;). The Terms control your use and access to RSA&#8217;s websites and online information (the &#8220;Sites&#8221; or &#8220;Site&#8221;). By using RSA&#8217;s Sites, you agree to these Terms. RSA may revise these Terms at any &hellip; Continued\" \/>\n<meta property=\"og:url\" content=\"https:\/\/www.rsa.com\/fr\/terms-of-use\/terms-of-use-sept-2020\/\" \/>\n<meta property=\"og:site_name\" content=\"RSA\" \/>\n<meta property=\"article:modified_time\" content=\"2025-02-07T21:22:39+00:00\" \/>\n<meta property=\"og:image\" content=\"https:\/\/www.rsa.com\/wp-content\/uploads\/rsa-og-image.webp\" \/>\n\t<meta property=\"og:image:width\" content=\"1200\" \/>\n\t<meta property=\"og:image:height\" content=\"630\" \/>\n\t<meta property=\"og:image:type\" content=\"image\/webp\" \/>\n<meta name=\"twitter:card\" content=\"summary_large_image\" \/>\n<script type=\"application\/ld+json\" class=\"yoast-schema-graph\">{\"@context\":\"https:\\\/\\\/schema.org\",\"@graph\":[{\"@type\":\"WebPage\",\"@id\":\"https:\\\/\\\/www.rsa.com\\\/ar\\\/terms-of-use\\\/terms-of-use-sept-2020\\\/\",\"url\":\"https:\\\/\\\/www.rsa.com\\\/ar\\\/terms-of-use\\\/terms-of-use-sept-2020\\\/\",\"name\":\"Terms of Use - September 2020 - RSA\",\"isPartOf\":{\"@id\":\"https:\\\/\\\/www.rsa.com\\\/#website\"},\"datePublished\":\"2022-08-08T19:30:58+00:00\",\"dateModified\":\"2025-02-07T21:22:39+00:00\",\"breadcrumb\":{\"@id\":\"https:\\\/\\\/www.rsa.com\\\/ar\\\/terms-of-use\\\/terms-of-use-sept-2020\\\/#breadcrumb\"},\"inLanguage\":\"fr-FR\",\"potentialAction\":[{\"@type\":\"ReadAction\",\"target\":[\"https:\\\/\\\/www.rsa.com\\\/ar\\\/terms-of-use\\\/terms-of-use-sept-2020\\\/\"]}]},{\"@type\":\"BreadcrumbList\",\"@id\":\"https:\\\/\\\/www.rsa.com\\\/ar\\\/terms-of-use\\\/terms-of-use-sept-2020\\\/#breadcrumb\",\"itemListElement\":[{\"@type\":\"ListItem\",\"position\":1,\"name\":\"Home\",\"item\":\"https:\\\/\\\/www.rsa.com\\\/\"},{\"@type\":\"ListItem\",\"position\":2,\"name\":\"Terms of Use\",\"item\":\"https:\\\/\\\/www.rsa.com\\\/terms-of-use\\\/\"},{\"@type\":\"ListItem\",\"position\":3,\"name\":\"Terms of Use &#8211; September 2020\"}]},{\"@type\":\"WebSite\",\"@id\":\"https:\\\/\\\/www.rsa.com\\\/#website\",\"url\":\"https:\\\/\\\/www.rsa.com\\\/\",\"name\":\"RSA\",\"description\":\"Cybersecurity and Digital Risk Management Solutions\",\"publisher\":{\"@id\":\"https:\\\/\\\/www.rsa.com\\\/#organization\"},\"potentialAction\":[{\"@type\":\"SearchAction\",\"target\":{\"@type\":\"EntryPoint\",\"urlTemplate\":\"https:\\\/\\\/www.rsa.com\\\/?s={search_term_string}\"},\"query-input\":{\"@type\":\"PropertyValueSpecification\",\"valueRequired\":true,\"valueName\":\"search_term_string\"}}],\"inLanguage\":\"fr-FR\"},{\"@type\":\"Organization\",\"@id\":\"https:\\\/\\\/www.rsa.com\\\/#organization\",\"name\":\"RSA\",\"url\":\"https:\\\/\\\/www.rsa.com\\\/\",\"logo\":{\"@type\":\"ImageObject\",\"inLanguage\":\"fr-FR\",\"@id\":\"https:\\\/\\\/www.rsa.com\\\/#\\\/schema\\\/logo\\\/image\\\/\",\"url\":\"https:\\\/\\\/www.rsa.com\\\/wp-content\\\/uploads\\\/rsa.png\",\"contentUrl\":\"https:\\\/\\\/www.rsa.com\\\/wp-content\\\/uploads\\\/rsa.png\",\"width\":2880,\"height\":1020,\"caption\":\"RSA\"},\"image\":{\"@id\":\"https:\\\/\\\/www.rsa.com\\\/#\\\/schema\\\/logo\\\/image\\\/\"}}]}<\/script>\n<!-- \/ Yoast SEO plugin. -->","yoast_head_json":{"title":"Conditions d'utilisation - Septembre 2020 - RSA","robots":{"index":"index","follow":"follow","max-snippet":"max-snippet:-1","max-image-preview":"max-image-preview:large","max-video-preview":"max-video-preview:-1"},"canonical":"https:\/\/www.rsa.com\/fr\/terms-of-use\/terms-of-use-sept-2020\/","og_locale":"fr_FR","og_type":"article","og_title":"Terms of Use - September 2020 - RSA","og_description":"About These Terms of Use These terms (&#8220;Terms&#8221;) are a legal agreement between you and RSA Security LLC and its affiliates (&#8220;RSA&#8221;). The Terms control your use and access to RSA&#8217;s websites and online information (the &#8220;Sites&#8221; or &#8220;Site&#8221;). By using RSA&#8217;s Sites, you agree to these Terms. RSA may revise these Terms at any &hellip; Continued","og_url":"https:\/\/www.rsa.com\/fr\/terms-of-use\/terms-of-use-sept-2020\/","og_site_name":"RSA","article_modified_time":"2025-02-07T21:22:39+00:00","og_image":[{"width":1200,"height":630,"url":"https:\/\/www.rsa.com\/wp-content\/uploads\/rsa-og-image.webp","type":"image\/webp"}],"twitter_card":"summary_large_image","schema":{"@context":"https:\/\/schema.org","@graph":[{"@type":"WebPage","@id":"https:\/\/www.rsa.com\/ar\/terms-of-use\/terms-of-use-sept-2020\/","url":"https:\/\/www.rsa.com\/ar\/terms-of-use\/terms-of-use-sept-2020\/","name":"Conditions d'utilisation - Septembre 2020 - RSA","isPartOf":{"@id":"https:\/\/www.rsa.com\/#website"},"datePublished":"2022-08-08T19:30:58+00:00","dateModified":"2025-02-07T21:22:39+00:00","breadcrumb":{"@id":"https:\/\/www.rsa.com\/ar\/terms-of-use\/terms-of-use-sept-2020\/#breadcrumb"},"inLanguage":"fr-FR","potentialAction":[{"@type":"ReadAction","target":["https:\/\/www.rsa.com\/ar\/terms-of-use\/terms-of-use-sept-2020\/"]}]},{"@type":"BreadcrumbList","@id":"https:\/\/www.rsa.com\/ar\/terms-of-use\/terms-of-use-sept-2020\/#breadcrumb","itemListElement":[{"@type":"ListItem","position":1,"name":"Home","item":"https:\/\/www.rsa.com\/"},{"@type":"ListItem","position":2,"name":"Terms of Use","item":"https:\/\/www.rsa.com\/terms-of-use\/"},{"@type":"ListItem","position":3,"name":"Terms of Use &#8211; September 2020"}]},{"@type":"WebSite","@id":"https:\/\/www.rsa.com\/#website","url":"https:\/\/www.rsa.com\/","name":"RSA","description":"Solutions de cybers\u00e9curit\u00e9 et de gestion des risques num\u00e9riques","publisher":{"@id":"https:\/\/www.rsa.com\/#organization"},"potentialAction":[{"@type":"SearchAction","target":{"@type":"EntryPoint","urlTemplate":"https:\/\/www.rsa.com\/?s={search_term_string}"},"query-input":{"@type":"PropertyValueSpecification","valueRequired":true,"valueName":"search_term_string"}}],"inLanguage":"fr-FR"},{"@type":"Organization","@id":"https:\/\/www.rsa.com\/#organization","name":"RSA","url":"https:\/\/www.rsa.com\/","logo":{"@type":"ImageObject","inLanguage":"fr-FR","@id":"https:\/\/www.rsa.com\/#\/schema\/logo\/image\/","url":"https:\/\/www.rsa.com\/wp-content\/uploads\/rsa.png","contentUrl":"https:\/\/www.rsa.com\/wp-content\/uploads\/rsa.png","width":2880,"height":1020,"caption":"RSA"},"image":{"@id":"https:\/\/www.rsa.com\/#\/schema\/logo\/image\/"}}]}},"_links":{"self":[{"href":"https:\/\/www.rsa.com\/fr\/wp-json\/wp\/v2\/pages\/3604","targetHints":{"allow":["GET"]}}],"collection":[{"href":"https:\/\/www.rsa.com\/fr\/wp-json\/wp\/v2\/pages"}],"about":[{"href":"https:\/\/www.rsa.com\/fr\/wp-json\/wp\/v2\/types\/page"}],"author":[{"embeddable":true,"href":"https:\/\/www.rsa.com\/fr\/wp-json\/wp\/v2\/users\/2"}],"replies":[{"embeddable":true,"href":"https:\/\/www.rsa.com\/fr\/wp-json\/wp\/v2\/comments?post=3604"}],"version-history":[{"count":4,"href":"https:\/\/www.rsa.com\/fr\/wp-json\/wp\/v2\/pages\/3604\/revisions"}],"predecessor-version":[{"id":3611,"href":"https:\/\/www.rsa.com\/fr\/wp-json\/wp\/v2\/pages\/3604\/revisions\/3611"}],"up":[{"embeddable":true,"href":"https:\/\/www.rsa.com\/fr\/wp-json\/wp\/v2\/pages\/227"}],"wp:attachment":[{"href":"https:\/\/www.rsa.com\/fr\/wp-json\/wp\/v2\/media?parent=3604"}],"curies":[{"name":"wp","href":"https:\/\/api.w.org\/{rel}","templated":true}]}}