{"id":35864,"date":"2025-12-15T10:45:59","date_gmt":"2025-12-15T15:45:59","guid":{"rendered":"https:\/\/www.rsa.com\/?page_id=35864"},"modified":"2026-04-01T20:45:44","modified_gmt":"2026-04-02T00:45:44","slug":"ethical-supply-chain-2022","status":"publish","type":"page","link":"https:\/\/www.rsa.com\/fr\/ethical-supply-chain-2022\/","title":{"rendered":"Cha\u00eene d'approvisionnement \u00e9thique 2022"},"content":{"rendered":"<p>RSA soutient les objectifs et les efforts de la California Transparency in Supply Chains Act de 2010, qui exige que certains d\u00e9taillants et fabricants faisant des affaires en Californie fournissent des informations concernant leurs efforts pour \u00e9liminer ou pr\u00e9venir la traite des \u00eatres humains, l'esclavage, le travail des enfants et les conditions de travail contraires \u00e0 l'\u00e9thique dans leur cha\u00eene d'approvisionnement. RSA approuve les principes de The Modern Slavery Act 2015 (Royaume-Uni) et de l'Australian Modern Slavery Act 2018 (Cth) et s'engage \u00e0 poursuivre et \u00e0 am\u00e9liorer les efforts de RSA pour identifier et att\u00e9nuer les risques d'esclavage moderne et de traite des \u00eatres humains dans ses activit\u00e9s et ses cha\u00eenes d'approvisionnement. \u00c0 cette fin, RSA fournit cette d\u00e9claration conform\u00e9ment aux lois applicables concernant l'esclavage moderne, y compris celles mentionn\u00e9es ci-dessus.<\/p>\n<p>RSA s'engage \u00e0 traiter tous les travailleurs avec respect et dignit\u00e9, \u00e0 garantir des conditions de travail s\u00fbres et \u00e0 mener des op\u00e9rations \u00e9thiques et respectueuses de l'environnement. RSA travaille avec des informations confidentielles et des services de s\u00e9curit\u00e9, par cons\u00e9quent, elle maintient les normes les plus \u00e9lev\u00e9es en mati\u00e8re d'int\u00e9grit\u00e9, d'\u00e9thique et de confiance. En outre, la RSA est li\u00e9e par les normes les plus \u00e9lev\u00e9es des lois et de l'\u00e9thique des juridictions applicables \u00e0 toutes les transactions commerciales. <\/p>\n<p class=\"translation-block\">&lt;La RSA s&#039;assure g\u00e9n\u00e9ralement que les mat\u00e9riaux achet\u00e9s aupr\u00e8s des fournisseurs ont une cha\u00eene d&#039;approvisionnement bien \u00e9tablie, en r\u00e8gle et conforme aux exigences l\u00e9gales des juridictions dans lesquelles ils op\u00e8rent. La RSA croit que ses fournisseurs ne se livrent pas \u00e0 la traite ill\u00e9gale des personnes, \u00e0 l&#039;esclavage, au travail des enfants et\/ou \u00e0 des conditions de travail contraires \u00e0 l&#039;\u00e9thique ; toutefois, ni la RSA ni un tiers n&#039;effectuent d&#039;enqu\u00eate ou d&#039;\u00e9valuation plus pouss\u00e9e des cha\u00eenes d&#039;approvisionnement pour \u00e9valuer ces questions.<\/p>\n<p><strong>Audits.<\/strong> RSA attend de tous ses fournisseurs qu'ils se conforment \u00e0 toutes les lois applicables, en particulier celles qui exigent des pratiques commerciales \u00e9thiques. Si la RSA soup\u00e7onne qu'un fournisseur se livre \u00e0 la traite ill\u00e9gale des personnes, \u00e0 l'esclavage, au travail des enfants et\/ou \u00e0 des conditions de travail contraires \u00e0 l'\u00e9thique, la RSA peut enqu\u00eater plus avant sur la question pour obtenir des preuves. \u00c0 l'exception du fait que la RSA peut participer \u00e0 une enqu\u00eate sur la cha\u00eene d'approvisionnement concernant les activit\u00e9s ill\u00e9gales mentionn\u00e9es pr\u00e9c\u00e9demment, la RSA n'examine pas et ne v\u00e9rifie pas ses fournisseurs pour \u00e9valuer leur conformit\u00e9 aux lois contre l'esclavage et le trafic d'\u00eatres humains.<\/p>\n<p><strong>Certification.<\/strong> La RSA fait affaire avec des fournisseurs bien \u00e9tablis et de bonne r\u00e9putation qui, \u00e0 notre connaissance, se conforment aux lois applicables dans les juridictions o\u00f9 ils exercent leurs activit\u00e9s. La RSA exige que ses fournisseurs certifient eux-m\u00eames qu'ils respectent toutes les lois applicables dans les juridictions o\u00f9 ils exercent leurs activit\u00e9s.<\/p>\n<p class=\"translation-block\">&lt;RSA et ses employ\u00e9s sont tenus de se conformer \u00e0 toutes les lois et\/ou politiques applicables dans les juridictions o\u00f9 les activit\u00e9s sont men\u00e9es ; les politiques internes qui doivent \u00eatre suivies comprennent <a href=\"https:\/\/www.rsa.com\/wp-content\/uploads\/rsa-code-of-business-conduct-and-ethics.pdf\" rel=\"noopener\" target=\"_blank\">le Code de conduite et d'\u00e9thique de RSA<\/a>. Les violations de ces politiques, y compris le trafic d'\u00eatres humains, l'esclavage, le travail des enfants et\/ou les conditions de travail contraires \u00e0 l'\u00e9thique, peuvent donner lieu \u00e0 des mesures disciplinaires, pouvant aller jusqu'au licenciement, ou \u00e0 d'autres actions en justice, le cas \u00e9ch\u00e9ant. RSA maintient \u00e9galement des m\u00e9canismes de responsabilit\u00e9 et de r\u00e9clamation \u00e0 l'\u00e9chelle de l'entreprise (par exemple, le contact \u00e9thique de RSA), qui sont disponibles \u00e0 la fois pour les employ\u00e9s et les parties externes.<\/p>\n<p class=\"translation-block\">&lt;Bien que RSA ne fournisse pas actuellement \u00e0 ses employ\u00e9s et \u00e0 sa direction une formation sp\u00e9cifique sur l&#039;esclavage et le trafic d&#039;\u00eatres humains, une formation sur le <a href=\"https:\/\/www.rsa.com\/wp-content\/uploads\/rsa-code-of-business-conduct-and-ethics.pdf\" rel=\"noopener\" target=\"_blank\">Code de conduite et d'\u00e9thique de RSA<\/a> est dispens\u00e9e aux employ\u00e9s nouvellement embauch\u00e9s et en cas de modification de ces politiques.<\/p>\n<p><strong>Date d'entr\u00e9e en vigueur : 27 juillet 2022<\/strong><\/p>\n<p><strong>\u00a92022 RSA Security USA LLC ou ses filiales. Tous droits r\u00e9serv\u00e9s. Le logo RSA Conference, RSA et les autres marques sont des marques commerciales de RSA Security LLC ou de ses filiales. D'autres marques peuvent \u00eatre des marques de leurs propri\u00e9taires respectifs.<\/strong><\/p>","protected":false},"excerpt":{"rendered":"<p>RSA soutient les objectifs et les efforts de la loi californienne de 2010 sur la transparence des cha\u00eenes d'approvisionnement, qui exige que certains d\u00e9taillants et fabricants faisant des affaires en Californie fournissent des informations concernant leurs efforts pour \u00e9liminer ou pr\u00e9venir le trafic d'\u00eatres humains, l'esclavage, le travail des enfants et les conditions de travail contraires \u00e0 l'\u00e9thique dans leur cha\u00eene d'approvisionnement. RSA approuve les principes de la ... <a href=\"https:\/\/www.rsa.com\/fr\/ethical-supply-chain-2022\/\">Suite<\/a><\/p>","protected":false},"author":2,"featured_media":0,"parent":0,"menu_order":0,"comment_status":"closed","ping_status":"closed","template":"template-policy.blade.php","meta":{"_acf_changed":false,"_searchwp_excluded":"","inline_featured_image":false,"footnotes":""},"class_list":["post-35864","page","type-page","status-publish","hentry"],"acf":[],"yoast_head":"<!-- This site is optimized with the Yoast SEO plugin v27.4 - https:\/\/yoast.com\/product\/yoast-seo-wordpress\/ -->\n<title>Ethical Supply Chain 2022 - RSA<\/title>\n<meta name=\"description\" content=\"RSA provides this statement pursuant to the applicable laws concerning modern slavery.\" \/>\n<meta name=\"robots\" content=\"noindex, follow\" \/>\n<meta property=\"og:locale\" content=\"fr_FR\" \/>\n<meta property=\"og:type\" content=\"article\" \/>\n<meta property=\"og:title\" content=\"Ethical Supply Chain 2022\" \/>\n<meta property=\"og:description\" content=\"RSA provides this statement pursuant to the applicable laws concerning modern slavery.\" \/>\n<meta property=\"og:url\" content=\"https:\/\/www.rsa.com\/fr\/ethical-supply-chain-2022\/\" \/>\n<meta property=\"og:site_name\" content=\"RSA\" \/>\n<meta property=\"article:modified_time\" content=\"2026-04-02T00:45:44+00:00\" \/>\n<meta property=\"og:image\" content=\"https:\/\/www.rsa.com\/wp-content\/uploads\/rsa-og-image.webp\" \/>\n\t<meta property=\"og:image:width\" content=\"1200\" \/>\n\t<meta property=\"og:image:height\" content=\"630\" \/>\n\t<meta property=\"og:image:type\" content=\"image\/webp\" \/>\n<meta name=\"twitter:card\" content=\"summary_large_image\" \/>\n<meta name=\"twitter:title\" content=\"Ethical Supply Chain 2022\" \/>\n<meta name=\"twitter:description\" content=\"RSA provides this statement pursuant to the applicable laws concerning modern slavery.\" \/>\n<script type=\"application\/ld+json\" class=\"yoast-schema-graph\">{\"@context\":\"https:\\\/\\\/schema.org\",\"@graph\":[{\"@type\":\"WebPage\",\"@id\":\"https:\\\/\\\/www.rsa.com\\\/ethical-supply-chain-2022\\\/\",\"url\":\"https:\\\/\\\/www.rsa.com\\\/ethical-supply-chain-2022\\\/\",\"name\":\"Ethical Supply Chain 2022 - RSA\",\"isPartOf\":{\"@id\":\"https:\\\/\\\/www.rsa.com\\\/#website\"},\"datePublished\":\"2025-12-15T15:45:59+00:00\",\"dateModified\":\"2026-04-02T00:45:44+00:00\",\"description\":\"RSA provides this statement pursuant to the applicable laws concerning modern slavery.\",\"breadcrumb\":{\"@id\":\"https:\\\/\\\/www.rsa.com\\\/ethical-supply-chain-2022\\\/#breadcrumb\"},\"inLanguage\":\"fr-FR\",\"potentialAction\":[{\"@type\":\"ReadAction\",\"target\":[\"https:\\\/\\\/www.rsa.com\\\/ethical-supply-chain-2022\\\/\"]}]},{\"@type\":\"BreadcrumbList\",\"@id\":\"https:\\\/\\\/www.rsa.com\\\/ethical-supply-chain-2022\\\/#breadcrumb\",\"itemListElement\":[{\"@type\":\"ListItem\",\"position\":1,\"name\":\"Home\",\"item\":\"https:\\\/\\\/www.rsa.com\\\/\"},{\"@type\":\"ListItem\",\"position\":2,\"name\":\"Ethical Supply Chain 2022\"}]},{\"@type\":\"WebSite\",\"@id\":\"https:\\\/\\\/www.rsa.com\\\/#website\",\"url\":\"https:\\\/\\\/www.rsa.com\\\/\",\"name\":\"RSA\",\"description\":\"Cybersecurity and Digital Risk Management Solutions\",\"publisher\":{\"@id\":\"https:\\\/\\\/www.rsa.com\\\/#organization\"},\"potentialAction\":[{\"@type\":\"SearchAction\",\"target\":{\"@type\":\"EntryPoint\",\"urlTemplate\":\"https:\\\/\\\/www.rsa.com\\\/?s={search_term_string}\"},\"query-input\":{\"@type\":\"PropertyValueSpecification\",\"valueRequired\":true,\"valueName\":\"search_term_string\"}}],\"inLanguage\":\"fr-FR\"},{\"@type\":\"Organization\",\"@id\":\"https:\\\/\\\/www.rsa.com\\\/#organization\",\"name\":\"RSA\",\"url\":\"https:\\\/\\\/www.rsa.com\\\/\",\"logo\":{\"@type\":\"ImageObject\",\"inLanguage\":\"fr-FR\",\"@id\":\"https:\\\/\\\/www.rsa.com\\\/#\\\/schema\\\/logo\\\/image\\\/\",\"url\":\"https:\\\/\\\/www.rsa.com\\\/wp-content\\\/uploads\\\/rsa.png\",\"contentUrl\":\"https:\\\/\\\/www.rsa.com\\\/wp-content\\\/uploads\\\/rsa.png\",\"width\":2880,\"height\":1020,\"caption\":\"RSA\"},\"image\":{\"@id\":\"https:\\\/\\\/www.rsa.com\\\/#\\\/schema\\\/logo\\\/image\\\/\"}}]}<\/script>\n<!-- \/ Yoast SEO plugin. -->","yoast_head_json":{"title":"Cha\u00eene d'approvisionnement \u00e9thique 2022 - RSA","description":"RSA fournit cette d\u00e9claration conform\u00e9ment aux lois applicables concernant l'esclavage moderne.","robots":{"index":"noindex","follow":"follow"},"og_locale":"fr_FR","og_type":"article","og_title":"Ethical Supply Chain 2022","og_description":"RSA provides this statement pursuant to the applicable laws concerning modern slavery.","og_url":"https:\/\/www.rsa.com\/fr\/ethical-supply-chain-2022\/","og_site_name":"RSA","article_modified_time":"2026-04-02T00:45:44+00:00","og_image":[{"width":1200,"height":630,"url":"https:\/\/www.rsa.com\/wp-content\/uploads\/rsa-og-image.webp","type":"image\/webp"}],"twitter_card":"summary_large_image","twitter_title":"Ethical Supply Chain 2022","twitter_description":"RSA provides this statement pursuant to the applicable laws concerning modern slavery.","schema":{"@context":"https:\/\/schema.org","@graph":[{"@type":"WebPage","@id":"https:\/\/www.rsa.com\/ethical-supply-chain-2022\/","url":"https:\/\/www.rsa.com\/ethical-supply-chain-2022\/","name":"Cha\u00eene d'approvisionnement \u00e9thique 2022 - RSA","isPartOf":{"@id":"https:\/\/www.rsa.com\/#website"},"datePublished":"2025-12-15T15:45:59+00:00","dateModified":"2026-04-02T00:45:44+00:00","description":"RSA fournit cette d\u00e9claration conform\u00e9ment aux lois applicables concernant l'esclavage moderne.","breadcrumb":{"@id":"https:\/\/www.rsa.com\/ethical-supply-chain-2022\/#breadcrumb"},"inLanguage":"fr-FR","potentialAction":[{"@type":"ReadAction","target":["https:\/\/www.rsa.com\/ethical-supply-chain-2022\/"]}]},{"@type":"BreadcrumbList","@id":"https:\/\/www.rsa.com\/ethical-supply-chain-2022\/#breadcrumb","itemListElement":[{"@type":"ListItem","position":1,"name":"Home","item":"https:\/\/www.rsa.com\/"},{"@type":"ListItem","position":2,"name":"Ethical Supply Chain 2022"}]},{"@type":"WebSite","@id":"https:\/\/www.rsa.com\/#website","url":"https:\/\/www.rsa.com\/","name":"RSA","description":"Solutions de cybers\u00e9curit\u00e9 et de gestion des risques num\u00e9riques","publisher":{"@id":"https:\/\/www.rsa.com\/#organization"},"potentialAction":[{"@type":"SearchAction","target":{"@type":"EntryPoint","urlTemplate":"https:\/\/www.rsa.com\/?s={search_term_string}"},"query-input":{"@type":"PropertyValueSpecification","valueRequired":true,"valueName":"search_term_string"}}],"inLanguage":"fr-FR"},{"@type":"Organization","@id":"https:\/\/www.rsa.com\/#organization","name":"RSA","url":"https:\/\/www.rsa.com\/","logo":{"@type":"ImageObject","inLanguage":"fr-FR","@id":"https:\/\/www.rsa.com\/#\/schema\/logo\/image\/","url":"https:\/\/www.rsa.com\/wp-content\/uploads\/rsa.png","contentUrl":"https:\/\/www.rsa.com\/wp-content\/uploads\/rsa.png","width":2880,"height":1020,"caption":"RSA"},"image":{"@id":"https:\/\/www.rsa.com\/#\/schema\/logo\/image\/"}}]}},"_links":{"self":[{"href":"https:\/\/www.rsa.com\/fr\/wp-json\/wp\/v2\/pages\/35864","targetHints":{"allow":["GET"]}}],"collection":[{"href":"https:\/\/www.rsa.com\/fr\/wp-json\/wp\/v2\/pages"}],"about":[{"href":"https:\/\/www.rsa.com\/fr\/wp-json\/wp\/v2\/types\/page"}],"author":[{"embeddable":true,"href":"https:\/\/www.rsa.com\/fr\/wp-json\/wp\/v2\/users\/2"}],"replies":[{"embeddable":true,"href":"https:\/\/www.rsa.com\/fr\/wp-json\/wp\/v2\/comments?post=35864"}],"version-history":[{"count":1,"href":"https:\/\/www.rsa.com\/fr\/wp-json\/wp\/v2\/pages\/35864\/revisions"}],"predecessor-version":[{"id":35865,"href":"https:\/\/www.rsa.com\/fr\/wp-json\/wp\/v2\/pages\/35864\/revisions\/35865"}],"wp:attachment":[{"href":"https:\/\/www.rsa.com\/fr\/wp-json\/wp\/v2\/media?parent=35864"}],"curies":[{"name":"wp","href":"https:\/\/api.w.org\/{rel}","templated":true}]}}