{"id":3543,"date":"2022-08-04T15:50:37","date_gmt":"2022-08-04T19:50:37","guid":{"rendered":"https:\/\/www.rsa.com\/?page_id=3543"},"modified":"2025-06-05T16:09:32","modified_gmt":"2025-06-05T20:09:32","slug":"supplier-principles","status":"publish","type":"page","link":"https:\/\/www.rsa.com\/fr\/supplier-principles\/","title":{"rendered":"Principes applicables aux fournisseurs"},"content":{"rendered":"<h4>1. Introduction<\/h4>\n<p>RSA s'engage \u00e0 adopter des pratiques commerciales responsables et \u00e0 respecter des normes \u00e9lev\u00e9es en mati\u00e8re de comportement \u00e9thique. Cela implique que nos fournisseurs doivent respecter des normes d'excellence \u00e9lev\u00e9es, telles que d\u00e9finies dans les lois en vigueur, les normes et conventions internationales reconnues et les meilleures pratiques mondiales.<\/p>\n<h4>2. Champ d'application<\/h4>\n<p>Ces principes sont applicables aux parties qui travaillent avec l'ASR, y compris les fournisseurs, les employ\u00e9s des fournisseurs, les entrepreneurs et les sous-traitants (\"fournisseurs\").<\/p>\n<h4>3. D\u00e9claration de principes<\/h4>\n<p>Les fournisseurs de l'ASR doivent s'y conformer :<\/p>\n<ul>\n<li>Toutes les lois, r\u00e9glementations et exigences applicables en mati\u00e8re d'achat, y compris le FAR et le DFARS.<\/li>\n<li class=\"translation-block\">Le <a href=\"https:\/\/www.rsa.com\/wp-content\/uploads\/rsa-code-of-business-conduct-and-ethics.pdf\" rel=\"noopener\" target=\"_blank\">Code de conduite de l'ASR<\/a><\/li>\n<li>Conventions pertinentes des Nations unies, y compris la d\u00e9claration des droits de l'homme des Nations unies et la convention des Nations unies relative aux droits de l'enfant.<\/li>\n<li>Syst\u00e8mes pertinents de gestion de la qualit\u00e9, de l'environnement, de la sant\u00e9 et de la s\u00e9curit\u00e9 et autres syst\u00e8mes de gestion<\/li>\n<\/ul>\n<p>L'ASR met en \u0153uvre ces principes en renfor\u00e7ant l'exigence g\u00e9n\u00e9rale que les fournisseurs respectent ou d\u00e9passent toutes les lois applicables et les normes reconnues.<\/p>\n<p>Nous reconnaissons que tous les engagements ou activit\u00e9s des fournisseurs avec l'ASR ne s'appliquent pas de la m\u00eame mani\u00e8re \u00e0 tous les fournisseurs. Par cons\u00e9quent, nous orientons les exigences des fournisseurs et les activit\u00e9s de sensibilisation vers les fournisseurs qui ont \u00e9t\u00e9 jug\u00e9s prioritaires en fonction de la nature de leurs activit\u00e9s et de l'\u00e9valuation globale des risques.<\/p>\n<p>Les fournisseurs d\u00e9clarent (en leur nom et au nom de leurs employ\u00e9s, agents et consultants) qu'ils ont re\u00e7u et accept\u00e9 ces principes, et s'engagent \u00e0 s'y conformer, ainsi qu'\u00e0 toute mise \u00e0 jour qui pourrait \u00eatre faite par l'ASR.<\/p>\n<p>Ces principes doivent \u00eatre respect\u00e9s d\u00e8s le d\u00e9but des activit\u00e9s couvertes par le contrat conclu entre RSA et le fournisseur.<\/p>\n<h4>4. Respect des lois et des normes internationales<\/h4>\n<h5>Respect de l'ensemble des lois et r\u00e8glements<\/h5>\n<p>Il est essentiel pour une cha\u00eene d'approvisionnement socialement et \u00e9cologiquement responsable que toutes les personnes, y compris les fournisseurs, se comportent de mani\u00e8re l\u00e9gale et \u00e9thique. RSA et ses fournisseurs doivent se conformer \u00e0 toutes les lois et r\u00e9glementations applicables.<\/p>\n<h5>Lutte contre la corruption<\/h5>\n<p>Les fournisseurs doivent respecter la loi sur les pratiques de corruption \u00e0 l'\u00e9tranger (Foreign Corrupt Practices Act), la loi britannique sur la corruption (Bribery Act) de 2010 et toutes les lois locales applicables en mati\u00e8re de lutte contre la corruption (\"lois anti-corruption\").<\/p>\n<h4>5. Engagements de la politique fondamentale de l'ASR et exigences des fournisseurs<\/h4>\n<p>L'ASR impose des exigences sp\u00e9cifiques \u00e0 ses fournisseurs en ce qui concerne les domaines suivants :<\/p>\n<h5>R\u00e8glement d'acquisition f\u00e9d\u00e9ral<\/h5>\n<p>Si RSA fournit les produits ou services du Fournisseur dans le cadre d'un contrat principal ou d'un contrat de sous-traitance du gouvernement des \u00c9tats-Unis, le Fournisseur doit se conformer aux dispositions suivantes des Federal Acquisition Regulations, publi\u00e9es dans le titre 48 du Code of Federal Regulations (CFR) des \u00c9tats-Unis \u00e0 52.244-6 : 52.203-13, Contractor Code of Business Ethics and Conduct ; 52.219-8, Utilization of Small Business Concerns ; 52.222-26, Equal Opportunity (\u00e9galit\u00e9 des chances) ; 52.222-35, Equal Opportunity for Veterans (\u00e9galit\u00e9 des chances pour les v\u00e9t\u00e9rans) ; 52.222-36, Affirmative Action for Workers with Disabilities (action positive pour les travailleurs handicap\u00e9s) ; 52.222-40, Notification of Employee Rights Under the National Labor Relations Act (notification des droits des employ\u00e9s en vertu de la loi nationale sur les relations de travail) ; 52.222-50, Combating Trafficking in Persons (lutte contre la traite des \u00eatres humains) ; 52.232-40, Providing Accelerated Payments to Small Business Subcontractors (acc\u00e9l\u00e9ration des paiements aux petites entreprises sous-traitantes) et 52.247-64, Preference for Privately Owned U.S.- Flag Commercial Vessels (pr\u00e9f\u00e9rence pour les navires commerciaux priv\u00e9s battant pavillon am\u00e9ricain).Les fournisseurs doivent \u00e9galement se conformer aux exigences de la loi sur les march\u00e9s publics et de la loi sur les march\u00e9s publics. Le fournisseur doit \u00e9galement se conformer aux exigences de 41 CFR \u00a7\u00a7 60-l.4(a), 60-300.5(a) et 60-741.5(a), qui interdisent la discrimination \u00e0 l'\u00e9gard des personnes qualifi\u00e9es sur la base de leur statut d'anciens combattants prot\u00e9g\u00e9s ou de personnes handicap\u00e9es, et interdisent la discrimination \u00e0 l'\u00e9gard de toutes les personnes sur la base de leur race, de leur couleur, de leur religion, de leur sexe ou de leur origine nationale. Le fournisseur doit \u00e9galement se conformer aux dispositions des r\u00e8glements 48 CFR 52.204-21 et 48 CFR 252.204-7012 si : (i) les prestations du fournisseur impliquent l'acc\u00e8s \u00e0 des \"informations contractuelles f\u00e9d\u00e9rales\" ou \u00e0 des \"informations de d\u00e9fense couvertes\" (tels que ces termes sont d\u00e9finis respectivement dans les r\u00e8glements 48 CFR 52.204(a) et 48 CFR 252.204-7012(a)) ; et (ii) le fournisseur fournit des articles autres que des articles commerciaux pr\u00eats \u00e0 l'emploi.<\/p>\n<h5>Conditions de travail, travail forc\u00e9 et traite des \u00eatres humains<\/h5>\n<p>La RSA s'engage \u00e0 respecter les droits de l'homme des travailleurs \u00e0 tous les niveaux de sa cha\u00eene d'approvisionnement et \u00e0 les traiter avec dignit\u00e9 et respect. Les travailleurs comprennent les employ\u00e9s directs, les travailleurs temporaires, les travailleurs migrants, les \u00e9tudiants travailleurs, les travailleurs contractuels et toute autre personne fournissant des services de travail et d'emploi au fournisseur. Le travail forc\u00e9, la servitude (y compris la servitude pour dettes) ou le travail sous contrat, le travail p\u00e9nitentiaire involontaire, l'esclavage ou la traite de personnes de tout \u00e2ge ne doivent pas \u00eatre utilis\u00e9s \u00e0 quelque niveau que ce soit de la cha\u00eene d'approvisionnement.<\/p>\n<ul>\n<li>Les employeurs et les agents ne peuvent recourir \u00e0 des pratiques trompeuses ou frauduleuses lors du recrutement de travailleurs.<\/li>\n<li>Le travail des enfants est interdit \u00e0 tous les niveaux de la cha\u00eene d'approvisionnement.<\/li>\n<\/ul>\n<p>RSA se r\u00e9serve le droit de prendre toutes les mesures disponibles \u00e0 l'encontre des fournisseurs en cas de violation de sa politique relative aux travailleurs vuln\u00e9rables, y compris, sans s'y limiter, la cessation ou la r\u00e9duction des activit\u00e9s, la v\u00e9rification fr\u00e9quente de la conformit\u00e9 sur place aux frais du fournisseur, l'indemnisation des employ\u00e9s aux frais du fournisseur, et\/ou la r\u00e9siliation du contrat de RSA avec le fournisseur.<\/p>\n<h5>Min\u00e9raux et produits extractifs<\/h5>\n<p>RSA s'est engag\u00e9e \u00e0 s'approvisionner de mani\u00e8re responsable en mat\u00e9riaux utilis\u00e9s dans les produits et attend de ses fournisseurs qu'ils adh\u00e8rent aux m\u00eames normes \u00e9lev\u00e9es.<\/p>\n<h5>Diversit\u00e9 des fournisseurs<\/h5>\n<p>RSA estime qu'une cha\u00eene d'approvisionnement \u00e9thique et diversifi\u00e9e est un \u00e9l\u00e9ment essentiel de notre activit\u00e9. Chaque fournisseur doit satisfaire aux exigences suivantes en mati\u00e8re de diversit\u00e9 : (1) se conformer \u00e0 toute loi et r\u00e9glementation applicable visant les fournisseurs des entit\u00e9s gouvernementales ; (2) faire des efforts raisonnables pour engager des entreprises appartenant \u00e0 des minorit\u00e9s, des entreprises appartenant \u00e0 des femmes et des entreprises appartenant \u00e0 des LGBT si le fournisseur engage des sous-traitants pour fournir des produits livrables ou pour soutenir les op\u00e9rations commerciales globales du fournisseur ; (3) d\u00e9ployer des efforts commercialement raisonnables pour engager des petites entreprises telles que d\u00e9finies par la Small Business Administration des \u00c9tats-Unis (y compris les sous-cat\u00e9gories de petites entreprises telles que les petites entreprises d\u00e9favoris\u00e9es, les petites entreprises appartenant \u00e0 des femmes, les entreprises appartenant \u00e0 des v\u00e9t\u00e9rans, les entreprises appartenant \u00e0 des v\u00e9t\u00e9rans handicap\u00e9s et les entreprises de la zone HUB) si le fournisseur engage des sous-traitants aux \u00c9tats-Unis pour fournir des produits livrables ou pour soutenir l'ensemble des op\u00e9rations commerciales du fournisseur ; (4) tenir des registres pr\u00e9cis des efforts du Fournisseur dans le cadre de cette disposition ; et (5) rendre compte \u00e0 la RSA, \u00e0 sa demande, des d\u00e9penses du Fournisseur aupr\u00e8s des entreprises appartenant \u00e0 des minorit\u00e9s, des entreprises appartenant \u00e0 des femmes, des petites entreprises et des entreprises appartenant \u00e0 des LGBT.<\/p>\n<h5>\u00c9viter les conflits d'int\u00e9r\u00eats<\/h5>\n<p>Toute circonstance dans laquelle la capacit\u00e9 d'un fournisseur \u00e0 agir avec objectivit\u00e9 est compromise est consid\u00e9r\u00e9e comme un conflit d'int\u00e9r\u00eats. Comme RSA souhaite maintenir un partenariat exempt de conflits, nous demandons qu'en cas de situation conflictuelle entre RSA et un fournisseur ou l'un de ses employ\u00e9s, le fournisseur signale tous les d\u00e9tails pertinents \u00e0 RSA. Cela comprend, sans s'y limiter, les relations personnelles ou familiales \u00e9troites avec les employ\u00e9s de la RSA ou l'octroi ou l'acceptation de courtoisies d'affaires somptueuses.<\/p>\n<h5>Am\u00e9lioration continue<\/h5>\n<p>L'ASR s'engage en faveur d'un approvisionnement responsable. Les fournisseurs doivent respecter les normes sp\u00e9cifi\u00e9es dans cette section, mais nous les encourageons \u00e0 consid\u00e9rer la durabilit\u00e9 comme un parcours d'am\u00e9lioration continue. En mettant l'accent sur l'auto-\u00e9valuation, l'appropriation interne et l'auto-responsabilisation, les fournisseurs de l'ASR peuvent apporter des changements qui auront un impact durable et \u00e0 long terme non seulement sur leurs propres installations et op\u00e9rations, mais aussi sur celles de leurs propres fournisseurs.<\/p>\n<h4>6. S\u00e9curit\u00e9 de l'information<\/h4>\n<p>Pour \u00e9tablir les concepts et les lignes directrices de la s\u00e9curit\u00e9 des informations de RSA et de ses clients, les fournisseurs qui ont un acc\u00e8s physique ou logique aux informations, syst\u00e8mes ou sites de RSA ou de ses clients doivent respecter ce qui suit :<\/p>\n<ul>\n<li>Les informations, qu'elles soient sur support papier ou \u00e9lectronique, et les environnements technologiques utilis\u00e9s par les fournisseurs sont la propri\u00e9t\u00e9 exclusive de l'ASR et ne sont pas destin\u00e9s \u00e0 un usage personnel.<\/li>\n<li>Les fournisseurs doivent disposer d'une identification unique (\u00e0 la fois physique et num\u00e9rique), personnelle et incessible, qui peut \u00eatre utilis\u00e9e pour identifier la partie en fonction des services qu'elle fournit.<\/li>\n<li>Les droits d'acc\u00e8s doivent toujours respecter le principe du moindre privil\u00e8ge, selon lequel les utilisateurs ne doivent disposer que des autorisations n\u00e9cessaires \u00e0 l'ex\u00e9cution de leurs t\u00e2ches.<\/li>\n<li>Les informations confidentielles, telles que les mots de passe et toute autre information d\u00e9tenue par les fournisseurs dans le cadre de leur travail, doivent toujours \u00eatre tenues pour tr\u00e8s secr\u00e8tes ; le partage de ces informations est strictement interdit.<\/li>\n<li>Les fournisseurs s'engagent, et sont responsables de leurs employ\u00e9s, agents, consultants et\/ou repr\u00e9sentants qui ont besoin d'acc\u00e9der \u00e0 des informations confidentielles, \u00e0 les garder confidentielles et \u00e0 ne pas les copier, les vendre, les c\u00e9der, les conc\u00e9der sous licence, les commercialiser, les transf\u00e9rer ou, de toute autre mani\u00e8re, les transmettre, les divulguer ou les fournir \u00e0 un tiers qui n'est pas impliqu\u00e9 dans le contrat, ni \u00e0 les utiliser \u00e0 quelque fin que ce soit, sauf autorisation \u00e9crite pr\u00e9alable et expresse.<\/li>\n<li>Les informations de la RSA et de ses clients doivent \u00eatre trait\u00e9es de mani\u00e8re \u00e9thique et confidentielle. Elles ne doivent \u00eatre utilis\u00e9es qu'aux fins pour lesquelles elles ont \u00e9t\u00e9 autoris\u00e9es.<\/li>\n<li>Tous les fournisseurs doivent savoir que l'utilisation des informations et des syst\u00e8mes d'information peut \u00eatre contr\u00f4l\u00e9e sans pr\u00e9avis et que les enregistrements obtenus par ce biais peuvent servir de preuve \u00e0 des fins juridiques.<\/li>\n<li>Les informations doivent \u00eatre utilis\u00e9es de mani\u00e8re transparente et uniquement dans le but pour lequel elles ont \u00e9t\u00e9 recueillies et\/ou \u00e0 des fins statistiques, sans identifier les clients de l'ASR ni r\u00e9v\u00e9ler les caract\u00e9ristiques du syst\u00e8me propres au client.<\/li>\n<\/ul>\n<h4>7. Signalement des violations pr\u00e9sum\u00e9es<\/h4>\n<p>Les questions relatives \u00e0 des probl\u00e8mes sp\u00e9cifiques susceptibles de se poser dans le cadre d'une relation commerciale avec l'ASR peuvent \u00eatre adress\u00e9es aux contacts suivants :<\/p>\n<ul>\n<li class=\"translation-block\">RSA Ethics at <a href=\"mailto:ethics@rsa.com\" rel=\"noopener\" target=\"_blank\">ethics@rsa.com<\/a><\/li>\n<li class=\"translation-block\">D\u00e9posez un rapport sur <a href=\"http:\/\/www.lighthouse-services.com\/rsa\" rel=\"noopener\" target=\"_blank\">www.lighthouse-services.com\/rsa<\/a><br>.\r\n(Les lois et les proc\u00e9dures de signalement varient d'un pays \u00e0 l'autre. Il convient donc d'examiner les conseils fournis avant d'aller plus loin).<\/li>\n<\/ul>\n<p>Les fournisseurs sont cens\u00e9s, conform\u00e9ment aux lois et aux obligations contractuelles applicables, apporter une aide raisonnable \u00e0 toute enqu\u00eate men\u00e9e par la RSA sur une violation du pr\u00e9sent Code ou des lois applicables et permettre \u00e0 la RSA d'avoir un acc\u00e8s raisonnable \u00e0 toutes les installations, \u00e0 tous les dossiers et \u00e0 toute la documentation concernant leur respect du pr\u00e9sent Code et des lois qui leur sont applicables ou leur fourniture de produits et de services \u00e0 la RSA.<\/p>\n<p>&nbsp;<\/p>\n<p><strong>Date d'entr\u00e9e en vigueur : 17 f\u00e9vrier 2025<\/strong><\/p>\n<p>\u00a92025 RSA Security USA LLC ou ses affili\u00e9s. Tous droits r\u00e9serv\u00e9s. Le logo RSA Conference,\nRSA et autres marques sont des marques de RSA Security USA LLC ou de ses affili\u00e9s. D\u2019autres\nmarques peuvent appartenir \u00e0 leurs propri\u00e9taires respectifs.<\/p>","protected":false},"excerpt":{"rendered":"<p>1. Introduction La RSA s'engage \u00e0 adopter des pratiques commerciales responsables et \u00e0 respecter des normes \u00e9lev\u00e9es de comportement \u00e9thique. Cela implique que nos fournisseurs doivent respecter des normes d'excellence \u00e9lev\u00e9es, telles que d\u00e9finies dans les lois en vigueur, les normes et conventions internationales reconnues et les meilleures pratiques mondiales. 2. Champ d'application Ces principes s'appliquent aux parties travaillant avec la RSA, y compris les fournisseurs, les employ\u00e9s des fournisseurs, ... <a href=\"https:\/\/www.rsa.com\/fr\/supplier-principles\/\">Suite<\/a><\/p>","protected":false},"author":2,"featured_media":0,"parent":0,"menu_order":0,"comment_status":"closed","ping_status":"closed","template":"template-policy.blade.php","meta":{"_acf_changed":false,"_searchwp_excluded":"","inline_featured_image":false,"footnotes":""},"class_list":["post-3543","page","type-page","status-publish","hentry"],"acf":[],"yoast_head":"<!-- This site is optimized with the Yoast SEO plugin v27.3 - https:\/\/yoast.com\/product\/yoast-seo-wordpress\/ -->\n<title>Supplier Principles - RSA<\/title>\n<meta name=\"robots\" content=\"index, follow, max-snippet:-1, max-image-preview:large, max-video-preview:-1\" \/>\n<link rel=\"canonical\" href=\"https:\/\/www.rsa.com\/fr\/supplier-principles\/\" \/>\n<meta property=\"og:locale\" content=\"fr_FR\" \/>\n<meta property=\"og:type\" content=\"article\" \/>\n<meta property=\"og:title\" content=\"Supplier Principles - RSA\" \/>\n<meta property=\"og:description\" content=\"1. Introduction RSA is committed to responsible business practices and to high standards of ethical behavior. This includes holding our suppliers to high standards of excellence as defined in governing laws, recognized international standards and conventions, and global best practices. 2. Scope These principles are applicable to parties working with RSA, including suppliers, supplier employees, &hellip; Continued\" \/>\n<meta property=\"og:url\" content=\"https:\/\/www.rsa.com\/fr\/supplier-principles\/\" \/>\n<meta property=\"og:site_name\" content=\"RSA\" \/>\n<meta property=\"article:modified_time\" content=\"2025-06-05T20:09:32+00:00\" \/>\n<meta property=\"og:image\" content=\"https:\/\/www.rsa.com\/wp-content\/uploads\/rsa-og-image.webp\" \/>\n\t<meta property=\"og:image:width\" content=\"1200\" \/>\n\t<meta property=\"og:image:height\" content=\"630\" \/>\n\t<meta property=\"og:image:type\" content=\"image\/webp\" \/>\n<meta name=\"twitter:card\" content=\"summary_large_image\" \/>\n<script type=\"application\/ld+json\" class=\"yoast-schema-graph\">{\"@context\":\"https:\\\/\\\/schema.org\",\"@graph\":[{\"@type\":\"WebPage\",\"@id\":\"https:\\\/\\\/www.rsa.com\\\/pt_br\\\/supplier-principles\\\/\",\"url\":\"https:\\\/\\\/www.rsa.com\\\/pt_br\\\/supplier-principles\\\/\",\"name\":\"Supplier Principles - RSA\",\"isPartOf\":{\"@id\":\"https:\\\/\\\/www.rsa.com\\\/#website\"},\"datePublished\":\"2022-08-04T19:50:37+00:00\",\"dateModified\":\"2025-06-05T20:09:32+00:00\",\"breadcrumb\":{\"@id\":\"https:\\\/\\\/www.rsa.com\\\/pt_br\\\/supplier-principles\\\/#breadcrumb\"},\"inLanguage\":\"fr-FR\",\"potentialAction\":[{\"@type\":\"ReadAction\",\"target\":[\"https:\\\/\\\/www.rsa.com\\\/pt_br\\\/supplier-principles\\\/\"]}]},{\"@type\":\"BreadcrumbList\",\"@id\":\"https:\\\/\\\/www.rsa.com\\\/pt_br\\\/supplier-principles\\\/#breadcrumb\",\"itemListElement\":[{\"@type\":\"ListItem\",\"position\":1,\"name\":\"Home\",\"item\":\"https:\\\/\\\/www.rsa.com\\\/\"},{\"@type\":\"ListItem\",\"position\":2,\"name\":\"Supplier Principles\"}]},{\"@type\":\"WebSite\",\"@id\":\"https:\\\/\\\/www.rsa.com\\\/#website\",\"url\":\"https:\\\/\\\/www.rsa.com\\\/\",\"name\":\"RSA\",\"description\":\"Cybersecurity and Digital Risk Management Solutions\",\"publisher\":{\"@id\":\"https:\\\/\\\/www.rsa.com\\\/#organization\"},\"potentialAction\":[{\"@type\":\"SearchAction\",\"target\":{\"@type\":\"EntryPoint\",\"urlTemplate\":\"https:\\\/\\\/www.rsa.com\\\/?s={search_term_string}\"},\"query-input\":{\"@type\":\"PropertyValueSpecification\",\"valueRequired\":true,\"valueName\":\"search_term_string\"}}],\"inLanguage\":\"fr-FR\"},{\"@type\":\"Organization\",\"@id\":\"https:\\\/\\\/www.rsa.com\\\/#organization\",\"name\":\"RSA\",\"url\":\"https:\\\/\\\/www.rsa.com\\\/\",\"logo\":{\"@type\":\"ImageObject\",\"inLanguage\":\"fr-FR\",\"@id\":\"https:\\\/\\\/www.rsa.com\\\/#\\\/schema\\\/logo\\\/image\\\/\",\"url\":\"https:\\\/\\\/www.rsa.com\\\/wp-content\\\/uploads\\\/rsa.png\",\"contentUrl\":\"https:\\\/\\\/www.rsa.com\\\/wp-content\\\/uploads\\\/rsa.png\",\"width\":2880,\"height\":1020,\"caption\":\"RSA\"},\"image\":{\"@id\":\"https:\\\/\\\/www.rsa.com\\\/#\\\/schema\\\/logo\\\/image\\\/\"}}]}<\/script>\n<!-- \/ Yoast SEO plugin. -->","yoast_head_json":{"title":"Principes applicables aux fournisseurs - RSA","robots":{"index":"index","follow":"follow","max-snippet":"max-snippet:-1","max-image-preview":"max-image-preview:large","max-video-preview":"max-video-preview:-1"},"canonical":"https:\/\/www.rsa.com\/fr\/supplier-principles\/","og_locale":"fr_FR","og_type":"article","og_title":"Supplier Principles - RSA","og_description":"1. Introduction RSA is committed to responsible business practices and to high standards of ethical behavior. This includes holding our suppliers to high standards of excellence as defined in governing laws, recognized international standards and conventions, and global best practices. 2. Scope These principles are applicable to parties working with RSA, including suppliers, supplier employees, &hellip; Continued","og_url":"https:\/\/www.rsa.com\/fr\/supplier-principles\/","og_site_name":"RSA","article_modified_time":"2025-06-05T20:09:32+00:00","og_image":[{"width":1200,"height":630,"url":"https:\/\/www.rsa.com\/wp-content\/uploads\/rsa-og-image.webp","type":"image\/webp"}],"twitter_card":"summary_large_image","schema":{"@context":"https:\/\/schema.org","@graph":[{"@type":"WebPage","@id":"https:\/\/www.rsa.com\/pt_br\/supplier-principles\/","url":"https:\/\/www.rsa.com\/pt_br\/supplier-principles\/","name":"Principes applicables aux fournisseurs - RSA","isPartOf":{"@id":"https:\/\/www.rsa.com\/#website"},"datePublished":"2022-08-04T19:50:37+00:00","dateModified":"2025-06-05T20:09:32+00:00","breadcrumb":{"@id":"https:\/\/www.rsa.com\/pt_br\/supplier-principles\/#breadcrumb"},"inLanguage":"fr-FR","potentialAction":[{"@type":"ReadAction","target":["https:\/\/www.rsa.com\/pt_br\/supplier-principles\/"]}]},{"@type":"BreadcrumbList","@id":"https:\/\/www.rsa.com\/pt_br\/supplier-principles\/#breadcrumb","itemListElement":[{"@type":"ListItem","position":1,"name":"Home","item":"https:\/\/www.rsa.com\/"},{"@type":"ListItem","position":2,"name":"Supplier Principles"}]},{"@type":"WebSite","@id":"https:\/\/www.rsa.com\/#website","url":"https:\/\/www.rsa.com\/","name":"RSA","description":"Solutions de cybers\u00e9curit\u00e9 et de gestion des risques num\u00e9riques","publisher":{"@id":"https:\/\/www.rsa.com\/#organization"},"potentialAction":[{"@type":"SearchAction","target":{"@type":"EntryPoint","urlTemplate":"https:\/\/www.rsa.com\/?s={search_term_string}"},"query-input":{"@type":"PropertyValueSpecification","valueRequired":true,"valueName":"search_term_string"}}],"inLanguage":"fr-FR"},{"@type":"Organization","@id":"https:\/\/www.rsa.com\/#organization","name":"RSA","url":"https:\/\/www.rsa.com\/","logo":{"@type":"ImageObject","inLanguage":"fr-FR","@id":"https:\/\/www.rsa.com\/#\/schema\/logo\/image\/","url":"https:\/\/www.rsa.com\/wp-content\/uploads\/rsa.png","contentUrl":"https:\/\/www.rsa.com\/wp-content\/uploads\/rsa.png","width":2880,"height":1020,"caption":"RSA"},"image":{"@id":"https:\/\/www.rsa.com\/#\/schema\/logo\/image\/"}}]}},"_links":{"self":[{"href":"https:\/\/www.rsa.com\/fr\/wp-json\/wp\/v2\/pages\/3543","targetHints":{"allow":["GET"]}}],"collection":[{"href":"https:\/\/www.rsa.com\/fr\/wp-json\/wp\/v2\/pages"}],"about":[{"href":"https:\/\/www.rsa.com\/fr\/wp-json\/wp\/v2\/types\/page"}],"author":[{"embeddable":true,"href":"https:\/\/www.rsa.com\/fr\/wp-json\/wp\/v2\/users\/2"}],"replies":[{"embeddable":true,"href":"https:\/\/www.rsa.com\/fr\/wp-json\/wp\/v2\/comments?post=3543"}],"version-history":[{"count":15,"href":"https:\/\/www.rsa.com\/fr\/wp-json\/wp\/v2\/pages\/3543\/revisions"}],"predecessor-version":[{"id":34044,"href":"https:\/\/www.rsa.com\/fr\/wp-json\/wp\/v2\/pages\/3543\/revisions\/34044"}],"wp:attachment":[{"href":"https:\/\/www.rsa.com\/fr\/wp-json\/wp\/v2\/media?parent=3543"}],"curies":[{"name":"wp","href":"https:\/\/api.w.org\/{rel}","templated":true}]}}