{"id":32133,"date":"2024-11-19T09:38:35","date_gmt":"2024-11-19T14:38:35","guid":{"rendered":"https:\/\/www.rsa.com\/?page_id=32133"},"modified":"2025-10-14T15:04:13","modified_gmt":"2025-10-14T19:04:13","slug":"meet-with-rsa-ciso-rob-hughes","status":"publish","type":"page","link":"https:\/\/www.rsa.com\/fr\/meet-with-rsa-ciso-rob-hughes\/","title":{"rendered":"Rencontre avec Rob Hughes, RSSI de RSA"},"content":{"rendered":"","protected":false},"excerpt":{"rendered":"","protected":false},"author":6,"featured_media":0,"parent":0,"menu_order":0,"comment_status":"closed","ping_status":"closed","template":"template-gated-asset.blade.php","meta":{"_acf_changed":false,"_searchwp_excluded":"","inline_featured_image":false,"footnotes":""},"class_list":["post-32133","page","type-page","status-publish","hentry"],"acf":[],"yoast_head":"<!-- This site is optimized with the Yoast SEO plugin v27.3 - https:\/\/yoast.com\/product\/yoast-seo-wordpress\/ -->\n<title>Meet With RSA CISO Rob Hughes - RSA<\/title>\n<meta name=\"description\" content=\"Meet RSA CISO Rob Hughes at Garter IAM to learn more about how organizations can implement passwordless authentication securely.\" \/>\n<meta name=\"robots\" content=\"index, follow, max-snippet:-1, max-image-preview:large, max-video-preview:-1\" \/>\n<link rel=\"canonical\" href=\"https:\/\/www.rsa.com\/fr\/meet-with-rsa-ciso-rob-hughes\/\" \/>\n<meta property=\"og:locale\" content=\"fr_FR\" \/>\n<meta property=\"og:type\" content=\"article\" \/>\n<meta property=\"og:title\" content=\"Meet with RSA CISO Rob Hughes at Gartner IAM\" \/>\n<meta property=\"og:description\" content=\"Meet RSA CISO Rob Hughes at Garter IAM to learn more about how organizations can implement passwordless authentication securely.\" \/>\n<meta property=\"og:url\" content=\"https:\/\/www.rsa.com\/fr\/meet-with-rsa-ciso-rob-hughes\/\" \/>\n<meta property=\"og:site_name\" content=\"RSA\" \/>\n<meta property=\"article:modified_time\" content=\"2025-10-14T19:04:13+00:00\" \/>\n<meta property=\"og:image\" content=\"https:\/\/www.rsa.com\/wp-content\/uploads\/rsa-og-image.webp\" \/>\n\t<meta property=\"og:image:width\" content=\"1200\" \/>\n\t<meta property=\"og:image:height\" content=\"630\" \/>\n\t<meta property=\"og:image:type\" content=\"image\/webp\" \/>\n<meta name=\"twitter:card\" content=\"summary_large_image\" \/>\n<meta name=\"twitter:title\" content=\"Meet with RSA CISO Rob Hughes at Gartner IAM\" \/>\n<meta name=\"twitter:description\" content=\"Meet RSA CISO Rob Hughes at Garter IAM to learn more about how organizations can implement passwordless authentication securely.\" \/>\n<script type=\"application\/ld+json\" class=\"yoast-schema-graph\">{\"@context\":\"https:\\\/\\\/schema.org\",\"@graph\":[{\"@type\":\"WebPage\",\"@id\":\"https:\\\/\\\/www.rsa.com\\\/ar\\\/meet-with-rsa-ciso-rob-hughes\\\/\",\"url\":\"https:\\\/\\\/www.rsa.com\\\/ar\\\/meet-with-rsa-ciso-rob-hughes\\\/\",\"name\":\"Meet With RSA CISO Rob Hughes - RSA\",\"isPartOf\":{\"@id\":\"https:\\\/\\\/www.rsa.com\\\/#website\"},\"datePublished\":\"2024-11-19T14:38:35+00:00\",\"dateModified\":\"2025-10-14T19:04:13+00:00\",\"description\":\"Meet RSA CISO Rob Hughes at Garter IAM to learn more about how organizations can implement passwordless authentication securely.\",\"breadcrumb\":{\"@id\":\"https:\\\/\\\/www.rsa.com\\\/ar\\\/meet-with-rsa-ciso-rob-hughes\\\/#breadcrumb\"},\"inLanguage\":\"fr-FR\",\"potentialAction\":[{\"@type\":\"ReadAction\",\"target\":[\"https:\\\/\\\/www.rsa.com\\\/ar\\\/meet-with-rsa-ciso-rob-hughes\\\/\"]}]},{\"@type\":\"BreadcrumbList\",\"@id\":\"https:\\\/\\\/www.rsa.com\\\/ar\\\/meet-with-rsa-ciso-rob-hughes\\\/#breadcrumb\",\"itemListElement\":[{\"@type\":\"ListItem\",\"position\":1,\"name\":\"Home\",\"item\":\"https:\\\/\\\/www.rsa.com\\\/\"},{\"@type\":\"ListItem\",\"position\":2,\"name\":\"Meet With RSA CISO Rob Hughes\"}]},{\"@type\":\"WebSite\",\"@id\":\"https:\\\/\\\/www.rsa.com\\\/#website\",\"url\":\"https:\\\/\\\/www.rsa.com\\\/\",\"name\":\"RSA\",\"description\":\"Cybersecurity and Digital Risk Management Solutions\",\"publisher\":{\"@id\":\"https:\\\/\\\/www.rsa.com\\\/#organization\"},\"potentialAction\":[{\"@type\":\"SearchAction\",\"target\":{\"@type\":\"EntryPoint\",\"urlTemplate\":\"https:\\\/\\\/www.rsa.com\\\/?s={search_term_string}\"},\"query-input\":{\"@type\":\"PropertyValueSpecification\",\"valueRequired\":true,\"valueName\":\"search_term_string\"}}],\"inLanguage\":\"fr-FR\"},{\"@type\":\"Organization\",\"@id\":\"https:\\\/\\\/www.rsa.com\\\/#organization\",\"name\":\"RSA\",\"url\":\"https:\\\/\\\/www.rsa.com\\\/\",\"logo\":{\"@type\":\"ImageObject\",\"inLanguage\":\"fr-FR\",\"@id\":\"https:\\\/\\\/www.rsa.com\\\/#\\\/schema\\\/logo\\\/image\\\/\",\"url\":\"https:\\\/\\\/www.rsa.com\\\/wp-content\\\/uploads\\\/rsa.png\",\"contentUrl\":\"https:\\\/\\\/www.rsa.com\\\/wp-content\\\/uploads\\\/rsa.png\",\"width\":2880,\"height\":1020,\"caption\":\"RSA\"},\"image\":{\"@id\":\"https:\\\/\\\/www.rsa.com\\\/#\\\/schema\\\/logo\\\/image\\\/\"}}]}<\/script>\n<!-- \/ Yoast SEO plugin. -->","yoast_head_json":{"title":"Rencontre avec Rob Hughes, RSSI de RSA - RSA","description":"Rencontrez Rob Hughes, RSSI de RSA, \u00e0 Garter IAM pour en savoir plus sur la fa\u00e7on dont les organisations peuvent mettre en \u0153uvre l'authentification sans mot de passe en toute s\u00e9curit\u00e9.","robots":{"index":"index","follow":"follow","max-snippet":"max-snippet:-1","max-image-preview":"max-image-preview:large","max-video-preview":"max-video-preview:-1"},"canonical":"https:\/\/www.rsa.com\/fr\/meet-with-rsa-ciso-rob-hughes\/","og_locale":"fr_FR","og_type":"article","og_title":"Meet with RSA CISO Rob Hughes at Gartner IAM","og_description":"Meet RSA CISO Rob Hughes at Garter IAM to learn more about how organizations can implement passwordless authentication securely.","og_url":"https:\/\/www.rsa.com\/fr\/meet-with-rsa-ciso-rob-hughes\/","og_site_name":"RSA","article_modified_time":"2025-10-14T19:04:13+00:00","og_image":[{"width":1200,"height":630,"url":"https:\/\/www.rsa.com\/wp-content\/uploads\/rsa-og-image.webp","type":"image\/webp"}],"twitter_card":"summary_large_image","twitter_title":"Meet with RSA CISO Rob Hughes at Gartner IAM","twitter_description":"Meet RSA CISO Rob Hughes at Garter IAM to learn more about how organizations can implement passwordless authentication securely.","schema":{"@context":"https:\/\/schema.org","@graph":[{"@type":"WebPage","@id":"https:\/\/www.rsa.com\/ar\/meet-with-rsa-ciso-rob-hughes\/","url":"https:\/\/www.rsa.com\/ar\/meet-with-rsa-ciso-rob-hughes\/","name":"Rencontre avec Rob Hughes, RSSI de RSA - RSA","isPartOf":{"@id":"https:\/\/www.rsa.com\/#website"},"datePublished":"2024-11-19T14:38:35+00:00","dateModified":"2025-10-14T19:04:13+00:00","description":"Rencontrez Rob Hughes, RSSI de RSA, \u00e0 Garter IAM pour en savoir plus sur la fa\u00e7on dont les organisations peuvent mettre en \u0153uvre l'authentification sans mot de passe en toute s\u00e9curit\u00e9.","breadcrumb":{"@id":"https:\/\/www.rsa.com\/ar\/meet-with-rsa-ciso-rob-hughes\/#breadcrumb"},"inLanguage":"fr-FR","potentialAction":[{"@type":"ReadAction","target":["https:\/\/www.rsa.com\/ar\/meet-with-rsa-ciso-rob-hughes\/"]}]},{"@type":"BreadcrumbList","@id":"https:\/\/www.rsa.com\/ar\/meet-with-rsa-ciso-rob-hughes\/#breadcrumb","itemListElement":[{"@type":"ListItem","position":1,"name":"Home","item":"https:\/\/www.rsa.com\/"},{"@type":"ListItem","position":2,"name":"Meet With RSA CISO Rob Hughes"}]},{"@type":"WebSite","@id":"https:\/\/www.rsa.com\/#website","url":"https:\/\/www.rsa.com\/","name":"RSA","description":"Solutions de cybers\u00e9curit\u00e9 et de gestion des risques num\u00e9riques","publisher":{"@id":"https:\/\/www.rsa.com\/#organization"},"potentialAction":[{"@type":"SearchAction","target":{"@type":"EntryPoint","urlTemplate":"https:\/\/www.rsa.com\/?s={search_term_string}"},"query-input":{"@type":"PropertyValueSpecification","valueRequired":true,"valueName":"search_term_string"}}],"inLanguage":"fr-FR"},{"@type":"Organization","@id":"https:\/\/www.rsa.com\/#organization","name":"RSA","url":"https:\/\/www.rsa.com\/","logo":{"@type":"ImageObject","inLanguage":"fr-FR","@id":"https:\/\/www.rsa.com\/#\/schema\/logo\/image\/","url":"https:\/\/www.rsa.com\/wp-content\/uploads\/rsa.png","contentUrl":"https:\/\/www.rsa.com\/wp-content\/uploads\/rsa.png","width":2880,"height":1020,"caption":"RSA"},"image":{"@id":"https:\/\/www.rsa.com\/#\/schema\/logo\/image\/"}}]}},"_links":{"self":[{"href":"https:\/\/www.rsa.com\/fr\/wp-json\/wp\/v2\/pages\/32133","targetHints":{"allow":["GET"]}}],"collection":[{"href":"https:\/\/www.rsa.com\/fr\/wp-json\/wp\/v2\/pages"}],"about":[{"href":"https:\/\/www.rsa.com\/fr\/wp-json\/wp\/v2\/types\/page"}],"author":[{"embeddable":true,"href":"https:\/\/www.rsa.com\/fr\/wp-json\/wp\/v2\/users\/6"}],"replies":[{"embeddable":true,"href":"https:\/\/www.rsa.com\/fr\/wp-json\/wp\/v2\/comments?post=32133"}],"version-history":[{"count":6,"href":"https:\/\/www.rsa.com\/fr\/wp-json\/wp\/v2\/pages\/32133\/revisions"}],"predecessor-version":[{"id":35369,"href":"https:\/\/www.rsa.com\/fr\/wp-json\/wp\/v2\/pages\/32133\/revisions\/35369"}],"wp:attachment":[{"href":"https:\/\/www.rsa.com\/fr\/wp-json\/wp\/v2\/media?parent=32133"}],"curies":[{"name":"wp","href":"https:\/\/api.w.org\/{rel}","templated":true}]}}