{"id":31107,"date":"2024-08-05T13:26:25","date_gmt":"2024-08-05T17:26:25","guid":{"rendered":"https:\/\/www.rsa.com\/?page_id=31107"},"modified":"2025-10-15T14:47:35","modified_gmt":"2025-10-15T18:47:35","slug":"rsa-microsoft","status":"publish","type":"page","link":"https:\/\/www.rsa.com\/fr\/rsa-microsoft\/","title":{"rendered":"RSA + Microsoft"},"content":{"rendered":"","protected":false},"excerpt":{"rendered":"","protected":false},"author":2,"featured_media":34951,"parent":0,"menu_order":0,"comment_status":"closed","ping_status":"closed","template":"template-t8-solutions-sub-page.blade.php","meta":{"_acf_changed":false,"_searchwp_excluded":"1","inline_featured_image":false,"footnotes":""},"class_list":["post-31107","page","type-page","status-publish","has-post-thumbnail","hentry"],"acf":[],"yoast_head":"<!-- This site is optimized with the Yoast SEO plugin v27.4 - https:\/\/yoast.com\/product\/yoast-seo-wordpress\/ -->\n<title>Secure Microsoft Environments with RSA Identity Solutions<\/title>\n<meta name=\"description\" content=\"Enhance Microsoft identity with RSA passwordless, ISPM, and Zero Trust capabilities. Get end-to-end visibility, risk intelligence, and hybrid resilience.\" \/>\n<meta name=\"robots\" content=\"index, nofollow, max-snippet:-1, max-image-preview:large, max-video-preview:-1\" \/>\n<link rel=\"canonical\" href=\"https:\/\/www.rsa.com\/fr\/rsa-microsoft\/\" \/>\n<meta property=\"og:locale\" content=\"fr_FR\" \/>\n<meta property=\"og:type\" content=\"article\" \/>\n<meta property=\"og:title\" content=\"Secure Microsoft Environments with RSA Identity Solutions\" \/>\n<meta property=\"og:description\" content=\"Enhance Microsoft identity with RSA passwordless, ISPM, and Zero Trust capabilities. Get end-to-end visibility, risk intelligence, and hybrid resilience.\" \/>\n<meta property=\"og:url\" content=\"https:\/\/www.rsa.com\/fr\/rsa-microsoft\/\" \/>\n<meta property=\"og:site_name\" content=\"RSA\" \/>\n<meta property=\"article:modified_time\" content=\"2025-10-15T18:47:35+00:00\" \/>\n<meta property=\"og:image\" content=\"https:\/\/www.rsa.com\/wp-content\/uploads\/rsa-shield-teal.webp\" \/>\n\t<meta property=\"og:image:width\" content=\"1200\" \/>\n\t<meta property=\"og:image:height\" content=\"675\" \/>\n\t<meta property=\"og:image:type\" content=\"image\/webp\" \/>\n<meta name=\"twitter:card\" content=\"summary_large_image\" \/>\n<script type=\"application\/ld+json\" class=\"yoast-schema-graph\">{\"@context\":\"https:\\\/\\\/schema.org\",\"@graph\":[{\"@type\":\"WebPage\",\"@id\":\"https:\\\/\\\/www.rsa.com\\\/id\\\/rsa-microsoft\\\/\",\"url\":\"https:\\\/\\\/www.rsa.com\\\/id\\\/rsa-microsoft\\\/\",\"name\":\"Secure Microsoft Environments with RSA Identity Solutions\",\"isPartOf\":{\"@id\":\"https:\\\/\\\/www.rsa.com\\\/#website\"},\"primaryImageOfPage\":{\"@id\":\"https:\\\/\\\/www.rsa.com\\\/id\\\/rsa-microsoft\\\/#primaryimage\"},\"image\":{\"@id\":\"https:\\\/\\\/www.rsa.com\\\/id\\\/rsa-microsoft\\\/#primaryimage\"},\"thumbnailUrl\":\"https:\\\/\\\/www.rsa.com\\\/wp-content\\\/uploads\\\/rsa-shield-teal.webp\",\"datePublished\":\"2024-08-05T17:26:25+00:00\",\"dateModified\":\"2025-10-15T18:47:35+00:00\",\"description\":\"Enhance Microsoft identity with RSA passwordless, ISPM, and Zero Trust capabilities. Get end-to-end visibility, risk intelligence, and hybrid resilience.\",\"breadcrumb\":{\"@id\":\"https:\\\/\\\/www.rsa.com\\\/id\\\/rsa-microsoft\\\/#breadcrumb\"},\"inLanguage\":\"fr-FR\",\"potentialAction\":[{\"@type\":\"ReadAction\",\"target\":[\"https:\\\/\\\/www.rsa.com\\\/id\\\/rsa-microsoft\\\/\"]}]},{\"@type\":\"ImageObject\",\"inLanguage\":\"fr-FR\",\"@id\":\"https:\\\/\\\/www.rsa.com\\\/id\\\/rsa-microsoft\\\/#primaryimage\",\"url\":\"https:\\\/\\\/www.rsa.com\\\/wp-content\\\/uploads\\\/rsa-shield-teal.webp\",\"contentUrl\":\"https:\\\/\\\/www.rsa.com\\\/wp-content\\\/uploads\\\/rsa-shield-teal.webp\",\"width\":1200,\"height\":675},{\"@type\":\"BreadcrumbList\",\"@id\":\"https:\\\/\\\/www.rsa.com\\\/id\\\/rsa-microsoft\\\/#breadcrumb\",\"itemListElement\":[{\"@type\":\"ListItem\",\"position\":1,\"name\":\"Home\",\"item\":\"https:\\\/\\\/www.rsa.com\\\/\"},{\"@type\":\"ListItem\",\"position\":2,\"name\":\"RSA + Microsoft\"}]},{\"@type\":\"WebSite\",\"@id\":\"https:\\\/\\\/www.rsa.com\\\/#website\",\"url\":\"https:\\\/\\\/www.rsa.com\\\/\",\"name\":\"RSA\",\"description\":\"Cybersecurity and Digital Risk Management Solutions\",\"publisher\":{\"@id\":\"https:\\\/\\\/www.rsa.com\\\/#organization\"},\"potentialAction\":[{\"@type\":\"SearchAction\",\"target\":{\"@type\":\"EntryPoint\",\"urlTemplate\":\"https:\\\/\\\/www.rsa.com\\\/?s={search_term_string}\"},\"query-input\":{\"@type\":\"PropertyValueSpecification\",\"valueRequired\":true,\"valueName\":\"search_term_string\"}}],\"inLanguage\":\"fr-FR\"},{\"@type\":\"Organization\",\"@id\":\"https:\\\/\\\/www.rsa.com\\\/#organization\",\"name\":\"RSA\",\"url\":\"https:\\\/\\\/www.rsa.com\\\/\",\"logo\":{\"@type\":\"ImageObject\",\"inLanguage\":\"fr-FR\",\"@id\":\"https:\\\/\\\/www.rsa.com\\\/#\\\/schema\\\/logo\\\/image\\\/\",\"url\":\"https:\\\/\\\/www.rsa.com\\\/wp-content\\\/uploads\\\/rsa.png\",\"contentUrl\":\"https:\\\/\\\/www.rsa.com\\\/wp-content\\\/uploads\\\/rsa.png\",\"width\":2880,\"height\":1020,\"caption\":\"RSA\"},\"image\":{\"@id\":\"https:\\\/\\\/www.rsa.com\\\/#\\\/schema\\\/logo\\\/image\\\/\"}}]}<\/script>\n<!-- \/ Yoast SEO plugin. -->","yoast_head_json":{"title":"S\u00e9curiser les environnements Microsoft avec RSA Identity Solutions","description":"Am\u00e9liorez l'identit\u00e9 Microsoft avec les fonctionnalit\u00e9s RSA sans mot de passe, ISPM et Zero Trust. Obtenez une visibilit\u00e9 de bout en bout, des informations sur les risques et une r\u00e9silience hybride.","robots":{"index":"index","follow":"nofollow","max-snippet":"max-snippet:-1","max-image-preview":"max-image-preview:large","max-video-preview":"max-video-preview:-1"},"canonical":"https:\/\/www.rsa.com\/fr\/rsa-microsoft\/","og_locale":"fr_FR","og_type":"article","og_title":"Secure Microsoft Environments with RSA Identity Solutions","og_description":"Enhance Microsoft identity with RSA passwordless, ISPM, and Zero Trust capabilities. Get end-to-end visibility, risk intelligence, and hybrid resilience.","og_url":"https:\/\/www.rsa.com\/fr\/rsa-microsoft\/","og_site_name":"RSA","article_modified_time":"2025-10-15T18:47:35+00:00","og_image":[{"width":1200,"height":675,"url":"https:\/\/www.rsa.com\/wp-content\/uploads\/rsa-shield-teal.webp","type":"image\/webp"}],"twitter_card":"summary_large_image","schema":{"@context":"https:\/\/schema.org","@graph":[{"@type":"WebPage","@id":"https:\/\/www.rsa.com\/id\/rsa-microsoft\/","url":"https:\/\/www.rsa.com\/id\/rsa-microsoft\/","name":"S\u00e9curiser les environnements Microsoft avec RSA Identity Solutions","isPartOf":{"@id":"https:\/\/www.rsa.com\/#website"},"primaryImageOfPage":{"@id":"https:\/\/www.rsa.com\/id\/rsa-microsoft\/#primaryimage"},"image":{"@id":"https:\/\/www.rsa.com\/id\/rsa-microsoft\/#primaryimage"},"thumbnailUrl":"https:\/\/www.rsa.com\/wp-content\/uploads\/rsa-shield-teal.webp","datePublished":"2024-08-05T17:26:25+00:00","dateModified":"2025-10-15T18:47:35+00:00","description":"Am\u00e9liorez l'identit\u00e9 Microsoft avec les fonctionnalit\u00e9s RSA sans mot de passe, ISPM et Zero Trust. Obtenez une visibilit\u00e9 de bout en bout, des informations sur les risques et une r\u00e9silience hybride.","breadcrumb":{"@id":"https:\/\/www.rsa.com\/id\/rsa-microsoft\/#breadcrumb"},"inLanguage":"fr-FR","potentialAction":[{"@type":"ReadAction","target":["https:\/\/www.rsa.com\/id\/rsa-microsoft\/"]}]},{"@type":"ImageObject","inLanguage":"fr-FR","@id":"https:\/\/www.rsa.com\/id\/rsa-microsoft\/#primaryimage","url":"https:\/\/www.rsa.com\/wp-content\/uploads\/rsa-shield-teal.webp","contentUrl":"https:\/\/www.rsa.com\/wp-content\/uploads\/rsa-shield-teal.webp","width":1200,"height":675},{"@type":"BreadcrumbList","@id":"https:\/\/www.rsa.com\/id\/rsa-microsoft\/#breadcrumb","itemListElement":[{"@type":"ListItem","position":1,"name":"Home","item":"https:\/\/www.rsa.com\/"},{"@type":"ListItem","position":2,"name":"RSA + Microsoft"}]},{"@type":"WebSite","@id":"https:\/\/www.rsa.com\/#website","url":"https:\/\/www.rsa.com\/","name":"RSA","description":"Solutions de cybers\u00e9curit\u00e9 et de gestion des risques num\u00e9riques","publisher":{"@id":"https:\/\/www.rsa.com\/#organization"},"potentialAction":[{"@type":"SearchAction","target":{"@type":"EntryPoint","urlTemplate":"https:\/\/www.rsa.com\/?s={search_term_string}"},"query-input":{"@type":"PropertyValueSpecification","valueRequired":true,"valueName":"search_term_string"}}],"inLanguage":"fr-FR"},{"@type":"Organization","@id":"https:\/\/www.rsa.com\/#organization","name":"RSA","url":"https:\/\/www.rsa.com\/","logo":{"@type":"ImageObject","inLanguage":"fr-FR","@id":"https:\/\/www.rsa.com\/#\/schema\/logo\/image\/","url":"https:\/\/www.rsa.com\/wp-content\/uploads\/rsa.png","contentUrl":"https:\/\/www.rsa.com\/wp-content\/uploads\/rsa.png","width":2880,"height":1020,"caption":"RSA"},"image":{"@id":"https:\/\/www.rsa.com\/#\/schema\/logo\/image\/"}}]}},"_links":{"self":[{"href":"https:\/\/www.rsa.com\/fr\/wp-json\/wp\/v2\/pages\/31107","targetHints":{"allow":["GET"]}}],"collection":[{"href":"https:\/\/www.rsa.com\/fr\/wp-json\/wp\/v2\/pages"}],"about":[{"href":"https:\/\/www.rsa.com\/fr\/wp-json\/wp\/v2\/types\/page"}],"author":[{"embeddable":true,"href":"https:\/\/www.rsa.com\/fr\/wp-json\/wp\/v2\/users\/2"}],"replies":[{"embeddable":true,"href":"https:\/\/www.rsa.com\/fr\/wp-json\/wp\/v2\/comments?post=31107"}],"version-history":[{"count":13,"href":"https:\/\/www.rsa.com\/fr\/wp-json\/wp\/v2\/pages\/31107\/revisions"}],"predecessor-version":[{"id":35399,"href":"https:\/\/www.rsa.com\/fr\/wp-json\/wp\/v2\/pages\/31107\/revisions\/35399"}],"wp:featuredmedia":[{"embeddable":true,"href":"https:\/\/www.rsa.com\/fr\/wp-json\/wp\/v2\/media\/34951"}],"wp:attachment":[{"href":"https:\/\/www.rsa.com\/fr\/wp-json\/wp\/v2\/media?parent=31107"}],"curies":[{"name":"wp","href":"https:\/\/api.w.org\/{rel}","templated":true}]}}