{"id":29129,"date":"2024-03-18T08:26:59","date_gmt":"2024-03-18T12:26:59","guid":{"rendered":"https:\/\/www.rsa.com\/?page_id=29129"},"modified":"2025-10-15T17:01:18","modified_gmt":"2025-10-15T21:01:18","slug":"professional-services","status":"publish","type":"page","link":"https:\/\/www.rsa.com\/fr\/professional-services\/","title":{"rendered":"Services professionnels"},"content":{"rendered":"","protected":false},"excerpt":{"rendered":"","protected":false},"author":2,"featured_media":0,"parent":0,"menu_order":0,"comment_status":"closed","ping_status":"closed","template":"template-t14-professional-services.blade.php","meta":{"_acf_changed":false,"_searchwp_excluded":"","inline_featured_image":false,"footnotes":""},"class_list":["post-29129","page","type-page","status-publish","hentry"],"acf":[],"yoast_head":"<!-- This site is optimized with the Yoast SEO plugin v27.4 - https:\/\/yoast.com\/product\/yoast-seo-wordpress\/ -->\n<title>Professional Services - RSA<\/title>\n<meta name=\"description\" content=\"RSA Professional Services help accelerate deployment, develop customized experiences, reduce risk, and help organizations develop solutions tailored to their business goals.\" \/>\n<meta name=\"robots\" content=\"index, follow, max-snippet:-1, max-image-preview:large, max-video-preview:-1\" \/>\n<link rel=\"canonical\" href=\"https:\/\/www.rsa.com\/fr\/professional-services\/\" \/>\n<meta property=\"og:locale\" content=\"fr_FR\" \/>\n<meta property=\"og:type\" content=\"article\" \/>\n<meta property=\"og:title\" content=\"Professional Services - RSA\" \/>\n<meta property=\"og:description\" content=\"RSA Professional Services help accelerate deployment, develop customized experiences, reduce risk, and help organizations develop solutions tailored to their business goals.\" \/>\n<meta property=\"og:url\" content=\"https:\/\/www.rsa.com\/fr\/professional-services\/\" \/>\n<meta property=\"og:site_name\" content=\"RSA\" \/>\n<meta property=\"article:modified_time\" content=\"2025-10-15T21:01:18+00:00\" \/>\n<meta property=\"og:image\" content=\"https:\/\/www.rsa.com\/wp-content\/uploads\/rsa-og-image.webp\" \/>\n\t<meta property=\"og:image:width\" content=\"1200\" \/>\n\t<meta property=\"og:image:height\" content=\"630\" \/>\n\t<meta property=\"og:image:type\" content=\"image\/webp\" \/>\n<meta name=\"twitter:card\" content=\"summary_large_image\" \/>\n<script type=\"application\/ld+json\" class=\"yoast-schema-graph\">{\"@context\":\"https:\\\/\\\/schema.org\",\"@graph\":[{\"@type\":\"WebPage\",\"@id\":\"https:\\\/\\\/www.rsa.com\\\/professional-services\\\/\",\"url\":\"https:\\\/\\\/www.rsa.com\\\/professional-services\\\/\",\"name\":\"Professional Services - RSA\",\"isPartOf\":{\"@id\":\"https:\\\/\\\/www.rsa.com\\\/#website\"},\"datePublished\":\"2024-03-18T12:26:59+00:00\",\"dateModified\":\"2025-10-15T21:01:18+00:00\",\"description\":\"RSA Professional Services help accelerate deployment, develop customized experiences, reduce risk, and help organizations develop solutions tailored to their business goals.\",\"breadcrumb\":{\"@id\":\"https:\\\/\\\/www.rsa.com\\\/professional-services\\\/#breadcrumb\"},\"inLanguage\":\"fr-FR\",\"potentialAction\":[{\"@type\":\"ReadAction\",\"target\":[\"https:\\\/\\\/www.rsa.com\\\/professional-services\\\/\"]}]},{\"@type\":\"BreadcrumbList\",\"@id\":\"https:\\\/\\\/www.rsa.com\\\/professional-services\\\/#breadcrumb\",\"itemListElement\":[{\"@type\":\"ListItem\",\"position\":1,\"name\":\"Home\",\"item\":\"https:\\\/\\\/www.rsa.com\\\/\"},{\"@type\":\"ListItem\",\"position\":2,\"name\":\"Professional Services\"}]},{\"@type\":\"WebSite\",\"@id\":\"https:\\\/\\\/www.rsa.com\\\/#website\",\"url\":\"https:\\\/\\\/www.rsa.com\\\/\",\"name\":\"RSA\",\"description\":\"Cybersecurity and Digital Risk Management Solutions\",\"publisher\":{\"@id\":\"https:\\\/\\\/www.rsa.com\\\/#organization\"},\"potentialAction\":[{\"@type\":\"SearchAction\",\"target\":{\"@type\":\"EntryPoint\",\"urlTemplate\":\"https:\\\/\\\/www.rsa.com\\\/?s={search_term_string}\"},\"query-input\":{\"@type\":\"PropertyValueSpecification\",\"valueRequired\":true,\"valueName\":\"search_term_string\"}}],\"inLanguage\":\"fr-FR\"},{\"@type\":\"Organization\",\"@id\":\"https:\\\/\\\/www.rsa.com\\\/#organization\",\"name\":\"RSA\",\"url\":\"https:\\\/\\\/www.rsa.com\\\/\",\"logo\":{\"@type\":\"ImageObject\",\"inLanguage\":\"fr-FR\",\"@id\":\"https:\\\/\\\/www.rsa.com\\\/#\\\/schema\\\/logo\\\/image\\\/\",\"url\":\"https:\\\/\\\/www.rsa.com\\\/wp-content\\\/uploads\\\/rsa.png\",\"contentUrl\":\"https:\\\/\\\/www.rsa.com\\\/wp-content\\\/uploads\\\/rsa.png\",\"width\":2880,\"height\":1020,\"caption\":\"RSA\"},\"image\":{\"@id\":\"https:\\\/\\\/www.rsa.com\\\/#\\\/schema\\\/logo\\\/image\\\/\"}}]}<\/script>\n<!-- \/ Yoast SEO plugin. -->","yoast_head_json":{"title":"Services professionnels - RSA","description":"Les services professionnels de RSA permettent d'acc\u00e9l\u00e9rer le d\u00e9ploiement, de d\u00e9velopper des exp\u00e9riences personnalis\u00e9es, de r\u00e9duire les risques et d'aider les organisations \u00e0 d\u00e9velopper des solutions adapt\u00e9es \u00e0 leurs objectifs commerciaux.","robots":{"index":"index","follow":"follow","max-snippet":"max-snippet:-1","max-image-preview":"max-image-preview:large","max-video-preview":"max-video-preview:-1"},"canonical":"https:\/\/www.rsa.com\/fr\/professional-services\/","og_locale":"fr_FR","og_type":"article","og_title":"Professional Services - RSA","og_description":"RSA Professional Services help accelerate deployment, develop customized experiences, reduce risk, and help organizations develop solutions tailored to their business goals.","og_url":"https:\/\/www.rsa.com\/fr\/professional-services\/","og_site_name":"RSA","article_modified_time":"2025-10-15T21:01:18+00:00","og_image":[{"width":1200,"height":630,"url":"https:\/\/www.rsa.com\/wp-content\/uploads\/rsa-og-image.webp","type":"image\/webp"}],"twitter_card":"summary_large_image","schema":{"@context":"https:\/\/schema.org","@graph":[{"@type":"WebPage","@id":"https:\/\/www.rsa.com\/professional-services\/","url":"https:\/\/www.rsa.com\/professional-services\/","name":"Services professionnels - RSA","isPartOf":{"@id":"https:\/\/www.rsa.com\/#website"},"datePublished":"2024-03-18T12:26:59+00:00","dateModified":"2025-10-15T21:01:18+00:00","description":"Les services professionnels de RSA permettent d'acc\u00e9l\u00e9rer le d\u00e9ploiement, de d\u00e9velopper des exp\u00e9riences personnalis\u00e9es, de r\u00e9duire les risques et d'aider les organisations \u00e0 d\u00e9velopper des solutions adapt\u00e9es \u00e0 leurs objectifs commerciaux.","breadcrumb":{"@id":"https:\/\/www.rsa.com\/professional-services\/#breadcrumb"},"inLanguage":"fr-FR","potentialAction":[{"@type":"ReadAction","target":["https:\/\/www.rsa.com\/professional-services\/"]}]},{"@type":"BreadcrumbList","@id":"https:\/\/www.rsa.com\/professional-services\/#breadcrumb","itemListElement":[{"@type":"ListItem","position":1,"name":"Home","item":"https:\/\/www.rsa.com\/"},{"@type":"ListItem","position":2,"name":"Professional Services"}]},{"@type":"WebSite","@id":"https:\/\/www.rsa.com\/#website","url":"https:\/\/www.rsa.com\/","name":"RSA","description":"Solutions de cybers\u00e9curit\u00e9 et de gestion des risques num\u00e9riques","publisher":{"@id":"https:\/\/www.rsa.com\/#organization"},"potentialAction":[{"@type":"SearchAction","target":{"@type":"EntryPoint","urlTemplate":"https:\/\/www.rsa.com\/?s={search_term_string}"},"query-input":{"@type":"PropertyValueSpecification","valueRequired":true,"valueName":"search_term_string"}}],"inLanguage":"fr-FR"},{"@type":"Organization","@id":"https:\/\/www.rsa.com\/#organization","name":"RSA","url":"https:\/\/www.rsa.com\/","logo":{"@type":"ImageObject","inLanguage":"fr-FR","@id":"https:\/\/www.rsa.com\/#\/schema\/logo\/image\/","url":"https:\/\/www.rsa.com\/wp-content\/uploads\/rsa.png","contentUrl":"https:\/\/www.rsa.com\/wp-content\/uploads\/rsa.png","width":2880,"height":1020,"caption":"RSA"},"image":{"@id":"https:\/\/www.rsa.com\/#\/schema\/logo\/image\/"}}]}},"_links":{"self":[{"href":"https:\/\/www.rsa.com\/fr\/wp-json\/wp\/v2\/pages\/29129","targetHints":{"allow":["GET"]}}],"collection":[{"href":"https:\/\/www.rsa.com\/fr\/wp-json\/wp\/v2\/pages"}],"about":[{"href":"https:\/\/www.rsa.com\/fr\/wp-json\/wp\/v2\/types\/page"}],"author":[{"embeddable":true,"href":"https:\/\/www.rsa.com\/fr\/wp-json\/wp\/v2\/users\/2"}],"replies":[{"embeddable":true,"href":"https:\/\/www.rsa.com\/fr\/wp-json\/wp\/v2\/comments?post=29129"}],"version-history":[{"count":9,"href":"https:\/\/www.rsa.com\/fr\/wp-json\/wp\/v2\/pages\/29129\/revisions"}],"predecessor-version":[{"id":35410,"href":"https:\/\/www.rsa.com\/fr\/wp-json\/wp\/v2\/pages\/29129\/revisions\/35410"}],"wp:attachment":[{"href":"https:\/\/www.rsa.com\/fr\/wp-json\/wp\/v2\/media?parent=29129"}],"curies":[{"name":"wp","href":"https:\/\/api.w.org\/{rel}","templated":true}]}}