{"id":25043,"date":"2023-05-30T13:03:07","date_gmt":"2023-05-30T17:03:07","guid":{"rendered":"https:\/\/www.rsa.com\/?page_id=25043"},"modified":"2025-10-14T15:02:34","modified_gmt":"2025-10-14T19:02:34","slug":"double-opt-in","status":"publish","type":"page","link":"https:\/\/www.rsa.com\/fr\/double-opt-in\/","title":{"rendered":"Double Opt-In"},"content":{"rendered":"<p>Veuillez confirmer votre consentement \u00e0 recevoir des nouvelles, des promotions et des mises \u00e0 jour de RSA. Nous sommes impatients de partager avec vous les derni\u00e8res technologies de cybers\u00e9curit\u00e9 et les tendances du secteur.<\/p>","protected":false},"excerpt":{"rendered":"<p>Veuillez confirmer votre consentement \u00e0 recevoir des nouvelles, des promotions et des mises \u00e0 jour de RSA. Nous sommes impatients de partager avec vous les derni\u00e8res technologies de cybers\u00e9curit\u00e9 et les tendances du secteur.<\/p>","protected":false},"author":2,"featured_media":0,"parent":0,"menu_order":0,"comment_status":"closed","ping_status":"closed","template":"template-gated-asset.blade.php","meta":{"_acf_changed":false,"_searchwp_excluded":"","inline_featured_image":false,"footnotes":""},"class_list":["post-25043","page","type-page","status-publish","hentry"],"acf":[],"yoast_head":"<!-- This site is optimized with the Yoast SEO plugin v27.3 - https:\/\/yoast.com\/product\/yoast-seo-wordpress\/ -->\n<title>Double Opt-In<\/title>\n<meta name=\"description\" content=\"Please confirm your Opt-In to receive news, promotions and updates from RSA. We look forward to sharing with you the latest cybersecurity technologies and industry trends.\" \/>\n<meta name=\"robots\" content=\"index, follow, max-snippet:-1, max-image-preview:large, max-video-preview:-1\" \/>\n<link rel=\"canonical\" href=\"https:\/\/www.rsa.com\/fr\/double-opt-in\/\" \/>\n<meta property=\"og:locale\" content=\"fr_FR\" \/>\n<meta property=\"og:type\" content=\"article\" \/>\n<meta property=\"og:title\" content=\"Double Opt-In\" \/>\n<meta property=\"og:description\" content=\"Please confirm your Opt-In to receive news, promotions and updates from RSA. We look forward to sharing with you the latest cybersecurity technologies and industry trends.\" \/>\n<meta property=\"og:url\" content=\"https:\/\/www.rsa.com\/fr\/double-opt-in\/\" \/>\n<meta property=\"og:site_name\" content=\"RSA\" \/>\n<meta property=\"article:modified_time\" content=\"2025-10-14T19:02:34+00:00\" \/>\n<meta property=\"og:image\" content=\"https:\/\/www.rsa.com\/wp-content\/uploads\/rsa-og-image.webp\" \/>\n\t<meta property=\"og:image:width\" content=\"1200\" \/>\n\t<meta property=\"og:image:height\" content=\"630\" \/>\n\t<meta property=\"og:image:type\" content=\"image\/webp\" \/>\n<meta name=\"twitter:card\" content=\"summary_large_image\" \/>\n<script type=\"application\/ld+json\" class=\"yoast-schema-graph\">{\"@context\":\"https:\\\/\\\/schema.org\",\"@graph\":[{\"@type\":\"WebPage\",\"@id\":\"https:\\\/\\\/www.rsa.com\\\/double-opt-in\\\/\",\"url\":\"https:\\\/\\\/www.rsa.com\\\/double-opt-in\\\/\",\"name\":\"Double Opt-In\",\"isPartOf\":{\"@id\":\"https:\\\/\\\/www.rsa.com\\\/#website\"},\"datePublished\":\"2023-05-30T17:03:07+00:00\",\"dateModified\":\"2025-10-14T19:02:34+00:00\",\"description\":\"Please confirm your Opt-In to receive news, promotions and updates from RSA. We look forward to sharing with you the latest cybersecurity technologies and industry trends.\",\"breadcrumb\":{\"@id\":\"https:\\\/\\\/www.rsa.com\\\/double-opt-in\\\/#breadcrumb\"},\"inLanguage\":\"fr-FR\",\"potentialAction\":[{\"@type\":\"ReadAction\",\"target\":[\"https:\\\/\\\/www.rsa.com\\\/double-opt-in\\\/\"]}]},{\"@type\":\"BreadcrumbList\",\"@id\":\"https:\\\/\\\/www.rsa.com\\\/double-opt-in\\\/#breadcrumb\",\"itemListElement\":[{\"@type\":\"ListItem\",\"position\":1,\"name\":\"Home\",\"item\":\"https:\\\/\\\/www.rsa.com\\\/\"},{\"@type\":\"ListItem\",\"position\":2,\"name\":\"Double Opt-In\"}]},{\"@type\":\"WebSite\",\"@id\":\"https:\\\/\\\/www.rsa.com\\\/#website\",\"url\":\"https:\\\/\\\/www.rsa.com\\\/\",\"name\":\"RSA\",\"description\":\"Cybersecurity and Digital Risk Management Solutions\",\"publisher\":{\"@id\":\"https:\\\/\\\/www.rsa.com\\\/#organization\"},\"potentialAction\":[{\"@type\":\"SearchAction\",\"target\":{\"@type\":\"EntryPoint\",\"urlTemplate\":\"https:\\\/\\\/www.rsa.com\\\/?s={search_term_string}\"},\"query-input\":{\"@type\":\"PropertyValueSpecification\",\"valueRequired\":true,\"valueName\":\"search_term_string\"}}],\"inLanguage\":\"fr-FR\"},{\"@type\":\"Organization\",\"@id\":\"https:\\\/\\\/www.rsa.com\\\/#organization\",\"name\":\"RSA\",\"url\":\"https:\\\/\\\/www.rsa.com\\\/\",\"logo\":{\"@type\":\"ImageObject\",\"inLanguage\":\"fr-FR\",\"@id\":\"https:\\\/\\\/www.rsa.com\\\/#\\\/schema\\\/logo\\\/image\\\/\",\"url\":\"https:\\\/\\\/www.rsa.com\\\/wp-content\\\/uploads\\\/rsa.png\",\"contentUrl\":\"https:\\\/\\\/www.rsa.com\\\/wp-content\\\/uploads\\\/rsa.png\",\"width\":2880,\"height\":1020,\"caption\":\"RSA\"},\"image\":{\"@id\":\"https:\\\/\\\/www.rsa.com\\\/#\\\/schema\\\/logo\\\/image\\\/\"}}]}<\/script>\n<!-- \/ Yoast SEO plugin. -->","yoast_head_json":{"title":"Double Opt-In","description":"Veuillez confirmer votre consentement \u00e0 recevoir des nouvelles, des promotions et des mises \u00e0 jour de RSA. Nous sommes impatients de partager avec vous les derni\u00e8res technologies de cybers\u00e9curit\u00e9 et les tendances du secteur.","robots":{"index":"index","follow":"follow","max-snippet":"max-snippet:-1","max-image-preview":"max-image-preview:large","max-video-preview":"max-video-preview:-1"},"canonical":"https:\/\/www.rsa.com\/fr\/double-opt-in\/","og_locale":"fr_FR","og_type":"article","og_title":"Double Opt-In","og_description":"Please confirm your Opt-In to receive news, promotions and updates from RSA. We look forward to sharing with you the latest cybersecurity technologies and industry trends.","og_url":"https:\/\/www.rsa.com\/fr\/double-opt-in\/","og_site_name":"RSA","article_modified_time":"2025-10-14T19:02:34+00:00","og_image":[{"width":1200,"height":630,"url":"https:\/\/www.rsa.com\/wp-content\/uploads\/rsa-og-image.webp","type":"image\/webp"}],"twitter_card":"summary_large_image","schema":{"@context":"https:\/\/schema.org","@graph":[{"@type":"WebPage","@id":"https:\/\/www.rsa.com\/double-opt-in\/","url":"https:\/\/www.rsa.com\/double-opt-in\/","name":"Double Opt-In","isPartOf":{"@id":"https:\/\/www.rsa.com\/#website"},"datePublished":"2023-05-30T17:03:07+00:00","dateModified":"2025-10-14T19:02:34+00:00","description":"Veuillez confirmer votre consentement \u00e0 recevoir des nouvelles, des promotions et des mises \u00e0 jour de RSA. Nous sommes impatients de partager avec vous les derni\u00e8res technologies de cybers\u00e9curit\u00e9 et les tendances du secteur.","breadcrumb":{"@id":"https:\/\/www.rsa.com\/double-opt-in\/#breadcrumb"},"inLanguage":"fr-FR","potentialAction":[{"@type":"ReadAction","target":["https:\/\/www.rsa.com\/double-opt-in\/"]}]},{"@type":"BreadcrumbList","@id":"https:\/\/www.rsa.com\/double-opt-in\/#breadcrumb","itemListElement":[{"@type":"ListItem","position":1,"name":"Home","item":"https:\/\/www.rsa.com\/"},{"@type":"ListItem","position":2,"name":"Double Opt-In"}]},{"@type":"WebSite","@id":"https:\/\/www.rsa.com\/#website","url":"https:\/\/www.rsa.com\/","name":"RSA","description":"Solutions de cybers\u00e9curit\u00e9 et de gestion des risques num\u00e9riques","publisher":{"@id":"https:\/\/www.rsa.com\/#organization"},"potentialAction":[{"@type":"SearchAction","target":{"@type":"EntryPoint","urlTemplate":"https:\/\/www.rsa.com\/?s={search_term_string}"},"query-input":{"@type":"PropertyValueSpecification","valueRequired":true,"valueName":"search_term_string"}}],"inLanguage":"fr-FR"},{"@type":"Organization","@id":"https:\/\/www.rsa.com\/#organization","name":"RSA","url":"https:\/\/www.rsa.com\/","logo":{"@type":"ImageObject","inLanguage":"fr-FR","@id":"https:\/\/www.rsa.com\/#\/schema\/logo\/image\/","url":"https:\/\/www.rsa.com\/wp-content\/uploads\/rsa.png","contentUrl":"https:\/\/www.rsa.com\/wp-content\/uploads\/rsa.png","width":2880,"height":1020,"caption":"RSA"},"image":{"@id":"https:\/\/www.rsa.com\/#\/schema\/logo\/image\/"}}]}},"_links":{"self":[{"href":"https:\/\/www.rsa.com\/fr\/wp-json\/wp\/v2\/pages\/25043","targetHints":{"allow":["GET"]}}],"collection":[{"href":"https:\/\/www.rsa.com\/fr\/wp-json\/wp\/v2\/pages"}],"about":[{"href":"https:\/\/www.rsa.com\/fr\/wp-json\/wp\/v2\/types\/page"}],"author":[{"embeddable":true,"href":"https:\/\/www.rsa.com\/fr\/wp-json\/wp\/v2\/users\/2"}],"replies":[{"embeddable":true,"href":"https:\/\/www.rsa.com\/fr\/wp-json\/wp\/v2\/comments?post=25043"}],"version-history":[{"count":5,"href":"https:\/\/www.rsa.com\/fr\/wp-json\/wp\/v2\/pages\/25043\/revisions"}],"predecessor-version":[{"id":35366,"href":"https:\/\/www.rsa.com\/fr\/wp-json\/wp\/v2\/pages\/25043\/revisions\/35366"}],"wp:attachment":[{"href":"https:\/\/www.rsa.com\/fr\/wp-json\/wp\/v2\/media?parent=25043"}],"curies":[{"name":"wp","href":"https:\/\/api.w.org\/{rel}","templated":true}]}}