{"id":1600,"date":"2022-02-03T15:12:26","date_gmt":"2022-02-03T23:12:26","guid":{"rendered":"https:\/\/live-rsa-hub.pantheonsite.io\/?page_id=1600"},"modified":"2025-02-07T16:13:48","modified_gmt":"2025-02-07T21:13:48","slug":"rsa-trademarks","status":"publish","type":"page","link":"https:\/\/www.rsa.com\/fr\/rsa-trademarks\/","title":{"rendered":"Marques RSA"},"content":{"rendered":"<h3>Lignes directrices pour l'utilisation de nos marques de commerce, marques de service et logos<\/h3>\n<p>Les marques commerciales, les logos et les marques de service (collectivement d\u00e9nomm\u00e9s \"marques commerciales\") figurant sur le site Web de RSA sont la propri\u00e9t\u00e9 de RSA Security LLC et d'autres parties. Rien de ce qui est contenu sur le site Web de RSA ne doit \u00eatre interpr\u00e9t\u00e9 comme accordant une licence ou un droit d'utilisation d'une marque de commerce sans l'autorisation \u00e9crite pr\u00e9alable de la partie propri\u00e9taire de la marque de commerce.<\/p>\n<p>La liste suivante est une liste actuelle des marques commerciales d\u00e9tenues par RSA. Cette liste est mise \u00e0 jour de temps \u00e0 autre. Le fait que l'ASR ne mentionne pas une marque particuli\u00e8re (enregistr\u00e9e ou non) ne constitue pas une renonciation aux droits de l'ASR.<\/p>\n<p>RSA<\/p>\n<p>RSA\u00ae Business-Driven Security\u2122 solutions<\/p>\n<p>Plate-forme RSA NetWitness<\/p>\n<p>RSA SecurID\u00ae Suite<\/p>\n<p>Journaux RSA NetWitness<\/p>\n<p>R\u00e9seau RSA NetWitness<\/p>\n<p>RSA NetWitness\u00ae Endpoint<\/p>\n<p>RSA NetWitness\u00ae SecOps Manager<\/p>\n<p>RSA NetWitness\u00ae Orchestrator<\/p>\n<p>RSA NetWitness\u00ae Endpoint Insights<\/p>\n<p>RSA NetWitness\u00ae UEBA Essentials (en anglais)<\/p>\n<p>RSA SecurID\u00ae Access<\/p>\n<p>RSA\u00ae Identity Governance et Lifecycle<\/p>","protected":false},"excerpt":{"rendered":"<p>Directives pour l'utilisation de nos marques de commerce, marques de service et logos Les marques de commerce, logos et marques de service (collectivement \"marques de commerce\") apparaissant sur le site Web de RSA sont la propri\u00e9t\u00e9 de RSA Security LLC et d'autres parties. Rien de ce qui est contenu sur le site Web de RSA ne doit \u00eatre interpr\u00e9t\u00e9 comme accordant une licence ou un droit d'utilisation d'une marque de commerce sans l'autorisation \u00e9crite pr\u00e9alable de RSA Security LLC et d'autres parties. <a href=\"https:\/\/www.rsa.com\/fr\/rsa-trademarks\/\">Suite<\/a><\/p>","protected":false},"author":6,"featured_media":0,"parent":0,"menu_order":0,"comment_status":"closed","ping_status":"closed","template":"template-policy.blade.php","meta":{"_acf_changed":false,"_searchwp_excluded":"","inline_featured_image":false,"footnotes":""},"class_list":["post-1600","page","type-page","status-publish","hentry"],"acf":[],"yoast_head":"<!-- This site is optimized with the Yoast SEO plugin v27.4 - https:\/\/yoast.com\/product\/yoast-seo-wordpress\/ -->\n<title>RSA Trademarks - RSA<\/title>\n<meta name=\"description\" content=\"Guidelines for using RSA\u2019s trademarks, service marks and logos.\" \/>\n<meta name=\"robots\" content=\"index, follow, max-snippet:-1, max-image-preview:large, max-video-preview:-1\" \/>\n<link rel=\"canonical\" href=\"https:\/\/www.rsa.com\/fr\/rsa-trademarks\/\" \/>\n<meta property=\"og:locale\" content=\"fr_FR\" \/>\n<meta property=\"og:type\" content=\"article\" \/>\n<meta property=\"og:title\" content=\"RSA Trademarks\" \/>\n<meta property=\"og:description\" content=\"Guidelines for using RSA\u2019s trademarks, service marks and logos.\" \/>\n<meta property=\"og:url\" content=\"https:\/\/www.rsa.com\/fr\/rsa-trademarks\/\" \/>\n<meta property=\"og:site_name\" content=\"RSA\" \/>\n<meta property=\"article:modified_time\" content=\"2025-02-07T21:13:48+00:00\" \/>\n<meta property=\"og:image\" content=\"https:\/\/www.rsa.com\/wp-content\/uploads\/rsa-og-image.jpg\" \/>\n\t<meta property=\"og:image:width\" content=\"1200\" \/>\n\t<meta property=\"og:image:height\" content=\"630\" \/>\n\t<meta property=\"og:image:type\" content=\"image\/jpeg\" \/>\n<meta name=\"twitter:card\" content=\"summary_large_image\" \/>\n<meta name=\"twitter:title\" content=\"RSA Trademarks\" \/>\n<meta name=\"twitter:description\" content=\"Guidelines for using RSA\u2019s trademarks, service marks and logos.\" \/>\n<meta name=\"twitter:image\" content=\"https:\/\/www.rsa.com\/wp-content\/uploads\/rsa-og-image.jpg\" \/>\n<script type=\"application\/ld+json\" class=\"yoast-schema-graph\">{\"@context\":\"https:\\\/\\\/schema.org\",\"@graph\":[{\"@type\":\"WebPage\",\"@id\":\"https:\\\/\\\/www.rsa.com\\\/rsa-trademarks\\\/\",\"url\":\"https:\\\/\\\/www.rsa.com\\\/rsa-trademarks\\\/\",\"name\":\"RSA Trademarks - RSA\",\"isPartOf\":{\"@id\":\"https:\\\/\\\/www.rsa.com\\\/#website\"},\"datePublished\":\"2022-02-03T23:12:26+00:00\",\"dateModified\":\"2025-02-07T21:13:48+00:00\",\"description\":\"Guidelines for using RSA\u2019s trademarks, service marks and logos.\",\"breadcrumb\":{\"@id\":\"https:\\\/\\\/www.rsa.com\\\/rsa-trademarks\\\/#breadcrumb\"},\"inLanguage\":\"fr-FR\",\"potentialAction\":[{\"@type\":\"ReadAction\",\"target\":[\"https:\\\/\\\/www.rsa.com\\\/rsa-trademarks\\\/\"]}]},{\"@type\":\"BreadcrumbList\",\"@id\":\"https:\\\/\\\/www.rsa.com\\\/rsa-trademarks\\\/#breadcrumb\",\"itemListElement\":[{\"@type\":\"ListItem\",\"position\":1,\"name\":\"Home\",\"item\":\"https:\\\/\\\/www.rsa.com\\\/\"},{\"@type\":\"ListItem\",\"position\":2,\"name\":\"RSA Trademarks\"}]},{\"@type\":\"WebSite\",\"@id\":\"https:\\\/\\\/www.rsa.com\\\/#website\",\"url\":\"https:\\\/\\\/www.rsa.com\\\/\",\"name\":\"RSA\",\"description\":\"Cybersecurity and Digital Risk Management Solutions\",\"publisher\":{\"@id\":\"https:\\\/\\\/www.rsa.com\\\/#organization\"},\"potentialAction\":[{\"@type\":\"SearchAction\",\"target\":{\"@type\":\"EntryPoint\",\"urlTemplate\":\"https:\\\/\\\/www.rsa.com\\\/?s={search_term_string}\"},\"query-input\":{\"@type\":\"PropertyValueSpecification\",\"valueRequired\":true,\"valueName\":\"search_term_string\"}}],\"inLanguage\":\"fr-FR\"},{\"@type\":\"Organization\",\"@id\":\"https:\\\/\\\/www.rsa.com\\\/#organization\",\"name\":\"RSA\",\"url\":\"https:\\\/\\\/www.rsa.com\\\/\",\"logo\":{\"@type\":\"ImageObject\",\"inLanguage\":\"fr-FR\",\"@id\":\"https:\\\/\\\/www.rsa.com\\\/#\\\/schema\\\/logo\\\/image\\\/\",\"url\":\"https:\\\/\\\/www.rsa.com\\\/wp-content\\\/uploads\\\/rsa.png\",\"contentUrl\":\"https:\\\/\\\/www.rsa.com\\\/wp-content\\\/uploads\\\/rsa.png\",\"width\":2880,\"height\":1020,\"caption\":\"RSA\"},\"image\":{\"@id\":\"https:\\\/\\\/www.rsa.com\\\/#\\\/schema\\\/logo\\\/image\\\/\"}}]}<\/script>\n<!-- \/ Yoast SEO plugin. -->","yoast_head_json":{"title":"Marques RSA - RSA","description":"Lignes directrices pour l'utilisation des marques commerciales, des marques de service et des logos de l'ASR.","robots":{"index":"index","follow":"follow","max-snippet":"max-snippet:-1","max-image-preview":"max-image-preview:large","max-video-preview":"max-video-preview:-1"},"canonical":"https:\/\/www.rsa.com\/fr\/rsa-trademarks\/","og_locale":"fr_FR","og_type":"article","og_title":"RSA Trademarks","og_description":"Guidelines for using RSA\u2019s trademarks, service marks and logos.","og_url":"https:\/\/www.rsa.com\/fr\/rsa-trademarks\/","og_site_name":"RSA","article_modified_time":"2025-02-07T21:13:48+00:00","og_image":[{"width":1200,"height":630,"url":"https:\/\/www.rsa.com\/wp-content\/uploads\/rsa-og-image.jpg","type":"image\/jpeg"}],"twitter_card":"summary_large_image","twitter_title":"RSA Trademarks","twitter_description":"Guidelines for using RSA\u2019s trademarks, service marks and logos.","twitter_image":"https:\/\/www.rsa.com\/wp-content\/uploads\/rsa-og-image.jpg","schema":{"@context":"https:\/\/schema.org","@graph":[{"@type":"WebPage","@id":"https:\/\/www.rsa.com\/rsa-trademarks\/","url":"https:\/\/www.rsa.com\/rsa-trademarks\/","name":"Marques RSA - RSA","isPartOf":{"@id":"https:\/\/www.rsa.com\/#website"},"datePublished":"2022-02-03T23:12:26+00:00","dateModified":"2025-02-07T21:13:48+00:00","description":"Lignes directrices pour l'utilisation des marques commerciales, des marques de service et des logos de l'ASR.","breadcrumb":{"@id":"https:\/\/www.rsa.com\/rsa-trademarks\/#breadcrumb"},"inLanguage":"fr-FR","potentialAction":[{"@type":"ReadAction","target":["https:\/\/www.rsa.com\/rsa-trademarks\/"]}]},{"@type":"BreadcrumbList","@id":"https:\/\/www.rsa.com\/rsa-trademarks\/#breadcrumb","itemListElement":[{"@type":"ListItem","position":1,"name":"Home","item":"https:\/\/www.rsa.com\/"},{"@type":"ListItem","position":2,"name":"RSA Trademarks"}]},{"@type":"WebSite","@id":"https:\/\/www.rsa.com\/#website","url":"https:\/\/www.rsa.com\/","name":"RSA","description":"Solutions de cybers\u00e9curit\u00e9 et de gestion des risques num\u00e9riques","publisher":{"@id":"https:\/\/www.rsa.com\/#organization"},"potentialAction":[{"@type":"SearchAction","target":{"@type":"EntryPoint","urlTemplate":"https:\/\/www.rsa.com\/?s={search_term_string}"},"query-input":{"@type":"PropertyValueSpecification","valueRequired":true,"valueName":"search_term_string"}}],"inLanguage":"fr-FR"},{"@type":"Organization","@id":"https:\/\/www.rsa.com\/#organization","name":"RSA","url":"https:\/\/www.rsa.com\/","logo":{"@type":"ImageObject","inLanguage":"fr-FR","@id":"https:\/\/www.rsa.com\/#\/schema\/logo\/image\/","url":"https:\/\/www.rsa.com\/wp-content\/uploads\/rsa.png","contentUrl":"https:\/\/www.rsa.com\/wp-content\/uploads\/rsa.png","width":2880,"height":1020,"caption":"RSA"},"image":{"@id":"https:\/\/www.rsa.com\/#\/schema\/logo\/image\/"}}]}},"_links":{"self":[{"href":"https:\/\/www.rsa.com\/fr\/wp-json\/wp\/v2\/pages\/1600","targetHints":{"allow":["GET"]}}],"collection":[{"href":"https:\/\/www.rsa.com\/fr\/wp-json\/wp\/v2\/pages"}],"about":[{"href":"https:\/\/www.rsa.com\/fr\/wp-json\/wp\/v2\/types\/page"}],"author":[{"embeddable":true,"href":"https:\/\/www.rsa.com\/fr\/wp-json\/wp\/v2\/users\/6"}],"replies":[{"embeddable":true,"href":"https:\/\/www.rsa.com\/fr\/wp-json\/wp\/v2\/comments?post=1600"}],"version-history":[{"count":3,"href":"https:\/\/www.rsa.com\/fr\/wp-json\/wp\/v2\/pages\/1600\/revisions"}],"predecessor-version":[{"id":30237,"href":"https:\/\/www.rsa.com\/fr\/wp-json\/wp\/v2\/pages\/1600\/revisions\/30237"}],"wp:attachment":[{"href":"https:\/\/www.rsa.com\/fr\/wp-json\/wp\/v2\/media?parent=1600"}],"curies":[{"name":"wp","href":"https:\/\/api.w.org\/{rel}","templated":true}]}}