{"id":1086,"date":"2022-01-14T17:39:58","date_gmt":"2022-01-15T01:39:58","guid":{"rendered":"https:\/\/live-rsa-hub.pantheonsite.io\/?page_id=1086"},"modified":"2025-09-15T16:05:28","modified_gmt":"2025-09-15T20:05:28","slug":"standard-form-agreements","status":"publish","type":"page","link":"https:\/\/www.rsa.com\/fr\/standard-form-agreements\/","title":{"rendered":"Accords types"},"content":{"rendered":"<h5>Accords de licence<\/h5>\n<ul>\n<li><a href=\"\/wp-content\/uploads\/RSA-End-User-License-Agreement.pdf\" target=\"_blank\" rel=\"noopener\">Contrat de licence de l'utilisateur final pour les produits RSA<\/a>\n<ul>\n<li>Couvre tous les produits pour lesquels les accords types ne sont pas inclus ou identifi\u00e9s sur cette page.<\/li>\n<\/ul>\n<\/li>\n<\/ul>\n<h5>Accords sur l'informatique d\u00e9mat\u00e9rialis\u00e9e et les syst\u00e8mes hybrides<\/h5>\n<ul>\n<li><a href=\"\/wp-content\/uploads\/RSA-Terms-of-Service-for-RSA-Cloud-Offerings.pdf\" target=\"_blank\" rel=\"noopener\">Conditions de service pour les offres RSA Cloud<\/a><\/li>\n<li><a href=\"\/wp-content\/uploads\/RSA-Service-Description-for-ID-Plus.pdf\" target=\"_blank\" rel=\"noopener\">Description du service pour ID Plus<\/a><\/li>\n<li><a href=\"\/wp-content\/uploads\/rsa-service-description-for-gl-cloud-service.pdf\" target=\"_blank\" rel=\"noopener\">Description du service pour le service cloud de gouvernance et de cycle de vie<\/a><\/li>\n<\/ul>\n<h5>Accord sur le mat\u00e9riel et les logiciels sur site<\/h5>\n<ul>\n<li><a href=\"\/wp-content\/uploads\/rsa-maintenance-agreement-for-hardware-and-on-prem-software.pdf\" target=\"_blank\" rel=\"noopener\">Contrat de maintenance RSA pour le mat\u00e9riel et les logiciels sur site<\/a><\/li>\n<\/ul>\n<h5>Accord de services professionnels<\/h5>\n<ul>\n<li><a href=\"\/wp-content\/uploads\/RSA-Professional-Services-Terms-and-Conditions.pdf\" target=\"_blank\" rel=\"noopener\">Conditions g\u00e9n\u00e9rales des services professionnels<\/a>\n<ul>\n<li>Couvre les services relatifs aux produits pour lesquels les accords types ne sont pas inclus ou identifi\u00e9s sur cette page.<\/li>\n<\/ul>\n<\/li>\n<\/ul>\n<h5>Addenda sur le traitement des donn\u00e9es RSA<\/h5>\n<ul>\n<li><a href=\"\/wp-content\/uploads\/RSA-Customer-Data-Processing-Addendum.pdf\" target=\"_blank\" rel=\"noopener\">Contr\u00f4leur \u00e0 l'addendum sur le traitement des donn\u00e9es de l'ASR<\/a><\/li>\n<li><a href=\"\/wp-content\/uploads\/rsa-provider-data-processing-addendum.pdf\" target=\"_blank\" rel=\"noopener\">Addendum \u00e0 l'ASR pour le traitement des donn\u00e9es des fournisseurs<\/a><\/li>\n<\/ul>\n<h5>Divers<\/h5>\n<ul>\n<li><a href=\"\/fr\/standard-form-agreements\/warranty-and-maintenance\/\">Tableau de garantie et d'entretien du produit<\/a><\/li>\n<li><a href=\"\/wp-content\/uploads\/RSA-Evaluation-Agreement.pdf\" target=\"_blank\" rel=\"noopener\">Accord d'\u00e9valuation de l'ASR<\/a><\/li>\n<li><a href=\"https:\/\/community.rsa.com\/t5\/subprocessor-information\/tkb-p\/subprocessors\" target=\"_blank\" rel=\"noopener\">Sous-processeurs RSA<\/a><\/li>\n<li><a href=\"\/wp-content\/uploads\/rsa-code-of-business-conduct-and-ethics.pdf\" target=\"_blank\" rel=\"noopener\">Code de conduite de l'ASR<\/a><\/li>\n<li><a href=\"\/wp-content\/uploads\/RSA-Units-of-Measure.pdf\" target=\"_blank\" rel=\"noopener\">RSA Unit\u00e9s de mesure\/droits d'utilisation des logiciels<\/a><\/li>\n<li><a href=\"\/wp-content\/uploads\/RSA-Partner-Program-Agreement.pdf\" target=\"_blank\" rel=\"noopener\">Accord sur le programme de partenariat RSA<\/a><\/li>\n<li><a href=\"\/wp-content\/uploads\/DORA-Addendum-12122024.pdf\" target=\"_blank\" rel=\"noopener\">RSA DORA Amendement<\/a><\/li>\n<\/ul>\n<h4>Autres accords et accords d'h\u00e9ritage<\/h4>\n<h5>Accords de type Outseer<\/h5>\n<ul>\n<li><a href=\"https:\/\/www.outseer.com\/standard-form-agreements\/\" target=\"_blank\" rel=\"noopener\">Tous les accords types Outseer<\/a><\/li>\n<\/ul>\n<h4><a href=\"\/fr\/legacy-agreements\/\" rel=\"noopener\">Accords sur l'h\u00e9ritage de l'ASR<\/a><\/h4>","protected":false},"excerpt":{"rendered":"<p>Contrats de licence Contrat de licence de l'utilisateur final pour les produits RSA Couvre tous les produits pour lesquels les contrats types ne sont pas inclus ou identifi\u00e9s sur cette page. Contrats Cloud &amp; Hybrides Conditions de service pour les offres RSA Cloud Description de service pour ID Plus Description de service pour Governance &amp; Lifecycle Cloud Service Hardware and On-Premises Software Agreement RSA ... <a href=\"https:\/\/www.rsa.com\/fr\/standard-form-agreements\/\">Suite<\/a><\/p>","protected":false},"author":6,"featured_media":0,"parent":0,"menu_order":0,"comment_status":"closed","ping_status":"closed","template":"template-policy.blade.php","meta":{"_acf_changed":false,"_searchwp_excluded":"","inline_featured_image":false,"footnotes":""},"class_list":["post-1086","page","type-page","status-publish","hentry"],"acf":[],"yoast_head":"<!-- This site is optimized with the Yoast SEO plugin v27.3 - https:\/\/yoast.com\/product\/yoast-seo-wordpress\/ -->\n<title>Standard Form Agreements<\/title>\n<meta name=\"description\" content=\"Standard form agreements for RSA products and services.\" \/>\n<meta name=\"robots\" content=\"index, follow, max-snippet:-1, max-image-preview:large, max-video-preview:-1\" \/>\n<link rel=\"canonical\" href=\"https:\/\/www.rsa.com\/fr\/standard-form-agreements\/\" \/>\n<meta property=\"og:locale\" content=\"fr_FR\" \/>\n<meta property=\"og:type\" content=\"article\" \/>\n<meta property=\"og:title\" content=\"Standard Form Agreements\" \/>\n<meta property=\"og:description\" content=\"These terms (&quot;Terms&quot;) are a legal agreement between you and RSA Security LLC and its affiliates (&quot;RSA&quot;). The Terms control your use and access to rsa.com.\" \/>\n<meta property=\"og:url\" content=\"https:\/\/www.rsa.com\/fr\/standard-form-agreements\/\" \/>\n<meta property=\"og:site_name\" content=\"RSA\" \/>\n<meta property=\"article:modified_time\" content=\"2025-09-15T20:05:28+00:00\" \/>\n<meta property=\"og:image\" content=\"https:\/\/www.rsa.com\/wp-content\/uploads\/rsa-og-image.jpg\" \/>\n\t<meta property=\"og:image:width\" content=\"1200\" \/>\n\t<meta property=\"og:image:height\" content=\"630\" \/>\n\t<meta property=\"og:image:type\" content=\"image\/jpeg\" \/>\n<meta name=\"twitter:card\" content=\"summary_large_image\" \/>\n<meta name=\"twitter:title\" content=\"Standard Form Agreements\" \/>\n<meta name=\"twitter:description\" content=\"These terms (&quot;Terms&quot;) are a legal agreement between you and RSA Security LLC and its affiliates (&quot;RSA&quot;). The Terms control your use and access to rsa.com.\" \/>\n<meta name=\"twitter:image\" content=\"https:\/\/www.rsa.com\/wp-content\/uploads\/rsa-og-image.jpg\" \/>\n<script type=\"application\/ld+json\" class=\"yoast-schema-graph\">{\"@context\":\"https:\\\/\\\/schema.org\",\"@graph\":[{\"@type\":\"WebPage\",\"@id\":\"https:\\\/\\\/www.rsa.com\\\/standard-form-agreements\\\/\",\"url\":\"https:\\\/\\\/www.rsa.com\\\/standard-form-agreements\\\/\",\"name\":\"Standard Form Agreements\",\"isPartOf\":{\"@id\":\"https:\\\/\\\/www.rsa.com\\\/#website\"},\"datePublished\":\"2022-01-15T01:39:58+00:00\",\"dateModified\":\"2025-09-15T20:05:28+00:00\",\"description\":\"Standard form agreements for RSA products and services.\",\"breadcrumb\":{\"@id\":\"https:\\\/\\\/www.rsa.com\\\/standard-form-agreements\\\/#breadcrumb\"},\"inLanguage\":\"fr-FR\",\"potentialAction\":[{\"@type\":\"ReadAction\",\"target\":[\"https:\\\/\\\/www.rsa.com\\\/standard-form-agreements\\\/\"]}]},{\"@type\":\"BreadcrumbList\",\"@id\":\"https:\\\/\\\/www.rsa.com\\\/standard-form-agreements\\\/#breadcrumb\",\"itemListElement\":[{\"@type\":\"ListItem\",\"position\":1,\"name\":\"Home\",\"item\":\"https:\\\/\\\/www.rsa.com\\\/\"},{\"@type\":\"ListItem\",\"position\":2,\"name\":\"Standard Form Agreements\"}]},{\"@type\":\"WebSite\",\"@id\":\"https:\\\/\\\/www.rsa.com\\\/#website\",\"url\":\"https:\\\/\\\/www.rsa.com\\\/\",\"name\":\"RSA\",\"description\":\"Cybersecurity and Digital Risk Management Solutions\",\"publisher\":{\"@id\":\"https:\\\/\\\/www.rsa.com\\\/#organization\"},\"potentialAction\":[{\"@type\":\"SearchAction\",\"target\":{\"@type\":\"EntryPoint\",\"urlTemplate\":\"https:\\\/\\\/www.rsa.com\\\/?s={search_term_string}\"},\"query-input\":{\"@type\":\"PropertyValueSpecification\",\"valueRequired\":true,\"valueName\":\"search_term_string\"}}],\"inLanguage\":\"fr-FR\"},{\"@type\":\"Organization\",\"@id\":\"https:\\\/\\\/www.rsa.com\\\/#organization\",\"name\":\"RSA\",\"url\":\"https:\\\/\\\/www.rsa.com\\\/\",\"logo\":{\"@type\":\"ImageObject\",\"inLanguage\":\"fr-FR\",\"@id\":\"https:\\\/\\\/www.rsa.com\\\/#\\\/schema\\\/logo\\\/image\\\/\",\"url\":\"https:\\\/\\\/www.rsa.com\\\/wp-content\\\/uploads\\\/rsa.png\",\"contentUrl\":\"https:\\\/\\\/www.rsa.com\\\/wp-content\\\/uploads\\\/rsa.png\",\"width\":2880,\"height\":1020,\"caption\":\"RSA\"},\"image\":{\"@id\":\"https:\\\/\\\/www.rsa.com\\\/#\\\/schema\\\/logo\\\/image\\\/\"}}]}<\/script>\n<!-- \/ Yoast SEO plugin. -->","yoast_head_json":{"title":"Accords types","description":"Contrats types pour les produits et services de l'ASR.","robots":{"index":"index","follow":"follow","max-snippet":"max-snippet:-1","max-image-preview":"max-image-preview:large","max-video-preview":"max-video-preview:-1"},"canonical":"https:\/\/www.rsa.com\/fr\/standard-form-agreements\/","og_locale":"fr_FR","og_type":"article","og_title":"Standard Form Agreements","og_description":"These terms (\"Terms\") are a legal agreement between you and RSA Security LLC and its affiliates (\"RSA\"). The Terms control your use and access to rsa.com.","og_url":"https:\/\/www.rsa.com\/fr\/standard-form-agreements\/","og_site_name":"RSA","article_modified_time":"2025-09-15T20:05:28+00:00","og_image":[{"width":1200,"height":630,"url":"https:\/\/www.rsa.com\/wp-content\/uploads\/rsa-og-image.jpg","type":"image\/jpeg"}],"twitter_card":"summary_large_image","twitter_title":"Standard Form Agreements","twitter_description":"These terms (\"Terms\") are a legal agreement between you and RSA Security LLC and its affiliates (\"RSA\"). The Terms control your use and access to rsa.com.","twitter_image":"https:\/\/www.rsa.com\/wp-content\/uploads\/rsa-og-image.jpg","schema":{"@context":"https:\/\/schema.org","@graph":[{"@type":"WebPage","@id":"https:\/\/www.rsa.com\/standard-form-agreements\/","url":"https:\/\/www.rsa.com\/standard-form-agreements\/","name":"Accords types","isPartOf":{"@id":"https:\/\/www.rsa.com\/#website"},"datePublished":"2022-01-15T01:39:58+00:00","dateModified":"2025-09-15T20:05:28+00:00","description":"Contrats types pour les produits et services de l'ASR.","breadcrumb":{"@id":"https:\/\/www.rsa.com\/standard-form-agreements\/#breadcrumb"},"inLanguage":"fr-FR","potentialAction":[{"@type":"ReadAction","target":["https:\/\/www.rsa.com\/standard-form-agreements\/"]}]},{"@type":"BreadcrumbList","@id":"https:\/\/www.rsa.com\/standard-form-agreements\/#breadcrumb","itemListElement":[{"@type":"ListItem","position":1,"name":"Home","item":"https:\/\/www.rsa.com\/"},{"@type":"ListItem","position":2,"name":"Standard Form Agreements"}]},{"@type":"WebSite","@id":"https:\/\/www.rsa.com\/#website","url":"https:\/\/www.rsa.com\/","name":"RSA","description":"Solutions de cybers\u00e9curit\u00e9 et de gestion des risques num\u00e9riques","publisher":{"@id":"https:\/\/www.rsa.com\/#organization"},"potentialAction":[{"@type":"SearchAction","target":{"@type":"EntryPoint","urlTemplate":"https:\/\/www.rsa.com\/?s={search_term_string}"},"query-input":{"@type":"PropertyValueSpecification","valueRequired":true,"valueName":"search_term_string"}}],"inLanguage":"fr-FR"},{"@type":"Organization","@id":"https:\/\/www.rsa.com\/#organization","name":"RSA","url":"https:\/\/www.rsa.com\/","logo":{"@type":"ImageObject","inLanguage":"fr-FR","@id":"https:\/\/www.rsa.com\/#\/schema\/logo\/image\/","url":"https:\/\/www.rsa.com\/wp-content\/uploads\/rsa.png","contentUrl":"https:\/\/www.rsa.com\/wp-content\/uploads\/rsa.png","width":2880,"height":1020,"caption":"RSA"},"image":{"@id":"https:\/\/www.rsa.com\/#\/schema\/logo\/image\/"}}]}},"_links":{"self":[{"href":"https:\/\/www.rsa.com\/fr\/wp-json\/wp\/v2\/pages\/1086","targetHints":{"allow":["GET"]}}],"collection":[{"href":"https:\/\/www.rsa.com\/fr\/wp-json\/wp\/v2\/pages"}],"about":[{"href":"https:\/\/www.rsa.com\/fr\/wp-json\/wp\/v2\/types\/page"}],"author":[{"embeddable":true,"href":"https:\/\/www.rsa.com\/fr\/wp-json\/wp\/v2\/users\/6"}],"replies":[{"embeddable":true,"href":"https:\/\/www.rsa.com\/fr\/wp-json\/wp\/v2\/comments?post=1086"}],"version-history":[{"count":55,"href":"https:\/\/www.rsa.com\/fr\/wp-json\/wp\/v2\/pages\/1086\/revisions"}],"predecessor-version":[{"id":35054,"href":"https:\/\/www.rsa.com\/fr\/wp-json\/wp\/v2\/pages\/1086\/revisions\/35054"}],"wp:attachment":[{"href":"https:\/\/www.rsa.com\/fr\/wp-json\/wp\/v2\/media?parent=1086"}],"curies":[{"name":"wp","href":"https:\/\/api.w.org\/{rel}","templated":true}]}}