{"id":1049,"date":"2022-01-09T13:43:55","date_gmt":"2022-01-09T21:43:55","guid":{"rendered":"https:\/\/live-rsa-hub.pantheonsite.io\/?page_id=1049"},"modified":"2025-11-13T21:58:23","modified_gmt":"2025-11-14T02:58:23","slug":"products","status":"publish","type":"page","link":"https:\/\/www.rsa.com\/fr\/products\/","title":{"rendered":"Aper\u00e7u des produits"},"content":{"rendered":"","protected":false},"excerpt":{"rendered":"","protected":false},"author":1,"featured_media":0,"parent":0,"menu_order":0,"comment_status":"closed","ping_status":"closed","template":"template-products-overview.blade.php","meta":{"_acf_changed":false,"_searchwp_excluded":"","inline_featured_image":false,"footnotes":""},"class_list":["post-1049","page","type-page","status-publish","hentry"],"acf":[],"yoast_head":"<!-- This site is optimized with the Yoast SEO plugin v27.3 - https:\/\/yoast.com\/product\/yoast-seo-wordpress\/ -->\n<title>RSA Unified Identity Platform - Authentication - Access - Governance - Lifecycle<\/title>\n<meta name=\"description\" content=\"RSA products deliver capabilities for multi-factor authentication, identity and access assurance (IAM), integrated risk management.\" \/>\n<meta name=\"robots\" content=\"index, follow, max-snippet:-1, max-image-preview:large, max-video-preview:-1\" \/>\n<link rel=\"canonical\" href=\"https:\/\/www.rsa.com\/fr\/products\/\" \/>\n<meta property=\"og:locale\" content=\"fr_FR\" \/>\n<meta property=\"og:type\" content=\"article\" \/>\n<meta property=\"og:title\" content=\"RSA Products\" \/>\n<meta property=\"og:description\" content=\"RSA products deliver capabilities for SIEM, multi-factor authentication, identity and access assurance, integrated risk management, and fraud prevention.\" \/>\n<meta property=\"og:url\" content=\"https:\/\/www.rsa.com\/fr\/products\/\" \/>\n<meta property=\"og:site_name\" content=\"RSA\" \/>\n<meta property=\"article:modified_time\" content=\"2025-11-14T02:58:23+00:00\" \/>\n<meta property=\"og:image\" content=\"https:\/\/www.rsa.com\/wp-content\/uploads\/rsa-og-image.jpg\" \/>\n\t<meta property=\"og:image:width\" content=\"1200\" \/>\n\t<meta property=\"og:image:height\" content=\"630\" \/>\n\t<meta property=\"og:image:type\" content=\"image\/jpeg\" \/>\n<meta name=\"twitter:card\" content=\"summary_large_image\" \/>\n<meta name=\"twitter:title\" content=\"RSA Products\" \/>\n<meta name=\"twitter:description\" content=\"RSA products deliver capabilities for SIEM, multi-factor authentication, identity and access assurance, integrated risk management, and fraud prevention.\" \/>\n<meta name=\"twitter:image\" content=\"https:\/\/www.rsa.com\/wp-content\/uploads\/rsa-og-image.jpg\" \/>\n<script type=\"application\/ld+json\" class=\"yoast-schema-graph\">{\"@context\":\"https:\\\/\\\/schema.org\",\"@graph\":[{\"@type\":\"WebPage\",\"@id\":\"https:\\\/\\\/www.rsa.com\\\/products\\\/\",\"url\":\"https:\\\/\\\/www.rsa.com\\\/products\\\/\",\"name\":\"RSA Unified Identity Platform - Authentication - Access - Governance - Lifecycle\",\"isPartOf\":{\"@id\":\"https:\\\/\\\/www.rsa.com\\\/#website\"},\"datePublished\":\"2022-01-09T21:43:55+00:00\",\"dateModified\":\"2025-11-14T02:58:23+00:00\",\"description\":\"RSA products deliver capabilities for multi-factor authentication, identity and access assurance (IAM), integrated risk management.\",\"breadcrumb\":{\"@id\":\"https:\\\/\\\/www.rsa.com\\\/products\\\/#breadcrumb\"},\"inLanguage\":\"fr-FR\",\"potentialAction\":[{\"@type\":\"ReadAction\",\"target\":[\"https:\\\/\\\/www.rsa.com\\\/products\\\/\"]}]},{\"@type\":\"BreadcrumbList\",\"@id\":\"https:\\\/\\\/www.rsa.com\\\/products\\\/#breadcrumb\",\"itemListElement\":[{\"@type\":\"ListItem\",\"position\":1,\"name\":\"Home\",\"item\":\"https:\\\/\\\/www.rsa.com\\\/\"},{\"@type\":\"ListItem\",\"position\":2,\"name\":\"Products Overview\"}]},{\"@type\":\"WebSite\",\"@id\":\"https:\\\/\\\/www.rsa.com\\\/#website\",\"url\":\"https:\\\/\\\/www.rsa.com\\\/\",\"name\":\"RSA\",\"description\":\"Cybersecurity and Digital Risk Management Solutions\",\"publisher\":{\"@id\":\"https:\\\/\\\/www.rsa.com\\\/#organization\"},\"potentialAction\":[{\"@type\":\"SearchAction\",\"target\":{\"@type\":\"EntryPoint\",\"urlTemplate\":\"https:\\\/\\\/www.rsa.com\\\/?s={search_term_string}\"},\"query-input\":{\"@type\":\"PropertyValueSpecification\",\"valueRequired\":true,\"valueName\":\"search_term_string\"}}],\"inLanguage\":\"fr-FR\"},{\"@type\":\"Organization\",\"@id\":\"https:\\\/\\\/www.rsa.com\\\/#organization\",\"name\":\"RSA\",\"url\":\"https:\\\/\\\/www.rsa.com\\\/\",\"logo\":{\"@type\":\"ImageObject\",\"inLanguage\":\"fr-FR\",\"@id\":\"https:\\\/\\\/www.rsa.com\\\/#\\\/schema\\\/logo\\\/image\\\/\",\"url\":\"https:\\\/\\\/www.rsa.com\\\/wp-content\\\/uploads\\\/rsa.png\",\"contentUrl\":\"https:\\\/\\\/www.rsa.com\\\/wp-content\\\/uploads\\\/rsa.png\",\"width\":2880,\"height\":1020,\"caption\":\"RSA\"},\"image\":{\"@id\":\"https:\\\/\\\/www.rsa.com\\\/#\\\/schema\\\/logo\\\/image\\\/\"}}]}<\/script>\n<!-- \/ Yoast SEO plugin. -->","yoast_head_json":{"title":"RSA Unified Identity Platform - Authentification - Acc\u00e8s - Gouvernance - Cycle de vie","description":"Les produits RSA offrent des capacit\u00e9s d'authentification multifactorielle, d'assurance de l'identit\u00e9 et de l'acc\u00e8s (IAM), de gestion int\u00e9gr\u00e9e des risques.","robots":{"index":"index","follow":"follow","max-snippet":"max-snippet:-1","max-image-preview":"max-image-preview:large","max-video-preview":"max-video-preview:-1"},"canonical":"https:\/\/www.rsa.com\/fr\/products\/","og_locale":"fr_FR","og_type":"article","og_title":"RSA Products","og_description":"RSA products deliver capabilities for SIEM, multi-factor authentication, identity and access assurance, integrated risk management, and fraud prevention.","og_url":"https:\/\/www.rsa.com\/fr\/products\/","og_site_name":"RSA","article_modified_time":"2025-11-14T02:58:23+00:00","og_image":[{"width":1200,"height":630,"url":"https:\/\/www.rsa.com\/wp-content\/uploads\/rsa-og-image.jpg","type":"image\/jpeg"}],"twitter_card":"summary_large_image","twitter_title":"RSA Products","twitter_description":"RSA products deliver capabilities for SIEM, multi-factor authentication, identity and access assurance, integrated risk management, and fraud prevention.","twitter_image":"https:\/\/www.rsa.com\/wp-content\/uploads\/rsa-og-image.jpg","schema":{"@context":"https:\/\/schema.org","@graph":[{"@type":"WebPage","@id":"https:\/\/www.rsa.com\/products\/","url":"https:\/\/www.rsa.com\/products\/","name":"RSA Unified Identity Platform - Authentification - Acc\u00e8s - Gouvernance - Cycle de vie","isPartOf":{"@id":"https:\/\/www.rsa.com\/#website"},"datePublished":"2022-01-09T21:43:55+00:00","dateModified":"2025-11-14T02:58:23+00:00","description":"Les produits RSA offrent des capacit\u00e9s d'authentification multifactorielle, d'assurance de l'identit\u00e9 et de l'acc\u00e8s (IAM), de gestion int\u00e9gr\u00e9e des risques.","breadcrumb":{"@id":"https:\/\/www.rsa.com\/products\/#breadcrumb"},"inLanguage":"fr-FR","potentialAction":[{"@type":"ReadAction","target":["https:\/\/www.rsa.com\/products\/"]}]},{"@type":"BreadcrumbList","@id":"https:\/\/www.rsa.com\/products\/#breadcrumb","itemListElement":[{"@type":"ListItem","position":1,"name":"Home","item":"https:\/\/www.rsa.com\/"},{"@type":"ListItem","position":2,"name":"Products Overview"}]},{"@type":"WebSite","@id":"https:\/\/www.rsa.com\/#website","url":"https:\/\/www.rsa.com\/","name":"RSA","description":"Solutions de cybers\u00e9curit\u00e9 et de gestion des risques num\u00e9riques","publisher":{"@id":"https:\/\/www.rsa.com\/#organization"},"potentialAction":[{"@type":"SearchAction","target":{"@type":"EntryPoint","urlTemplate":"https:\/\/www.rsa.com\/?s={search_term_string}"},"query-input":{"@type":"PropertyValueSpecification","valueRequired":true,"valueName":"search_term_string"}}],"inLanguage":"fr-FR"},{"@type":"Organization","@id":"https:\/\/www.rsa.com\/#organization","name":"RSA","url":"https:\/\/www.rsa.com\/","logo":{"@type":"ImageObject","inLanguage":"fr-FR","@id":"https:\/\/www.rsa.com\/#\/schema\/logo\/image\/","url":"https:\/\/www.rsa.com\/wp-content\/uploads\/rsa.png","contentUrl":"https:\/\/www.rsa.com\/wp-content\/uploads\/rsa.png","width":2880,"height":1020,"caption":"RSA"},"image":{"@id":"https:\/\/www.rsa.com\/#\/schema\/logo\/image\/"}}]}},"_links":{"self":[{"href":"https:\/\/www.rsa.com\/fr\/wp-json\/wp\/v2\/pages\/1049","targetHints":{"allow":["GET"]}}],"collection":[{"href":"https:\/\/www.rsa.com\/fr\/wp-json\/wp\/v2\/pages"}],"about":[{"href":"https:\/\/www.rsa.com\/fr\/wp-json\/wp\/v2\/types\/page"}],"author":[{"embeddable":true,"href":"https:\/\/www.rsa.com\/fr\/wp-json\/wp\/v2\/users\/1"}],"replies":[{"embeddable":true,"href":"https:\/\/www.rsa.com\/fr\/wp-json\/wp\/v2\/comments?post=1049"}],"version-history":[{"count":33,"href":"https:\/\/www.rsa.com\/fr\/wp-json\/wp\/v2\/pages\/1049\/revisions"}],"predecessor-version":[{"id":35828,"href":"https:\/\/www.rsa.com\/fr\/wp-json\/wp\/v2\/pages\/1049\/revisions\/35828"}],"wp:attachment":[{"href":"https:\/\/www.rsa.com\/fr\/wp-json\/wp\/v2\/media?parent=1049"}],"curies":[{"name":"wp","href":"https:\/\/api.w.org\/{rel}","templated":true}]}}