{"id":973,"date":"2022-01-04T15:15:49","date_gmt":"2022-01-04T23:15:49","guid":{"rendered":"https:\/\/live-rsa-hub.pantheonsite.io\/?page_id=973"},"modified":"2025-02-07T15:38:45","modified_gmt":"2025-02-07T20:38:45","slug":"copyright-policy","status":"publish","type":"page","link":"https:\/\/www.rsa.com\/es\/copyright-policy\/","title":{"rendered":"Pol\u00edtica de derechos de autor"},"content":{"rendered":"<p>Usted no puede publicar, modificar, distribuir o reproducir de ninguna manera materiales protegidos por derechos de autor u otros materiales de propiedad sin obtener el consentimiento previo por escrito del propietario de los derechos de autor de dichos materiales. RSA podr\u00e1 cancelar una cuenta, denegar el acceso a un sitio o servicio, o dar de baja a cualquier usuario que supuestamente haya infringido los derechos de autor o de propiedad de otro.<\/p>\n<p>Sin perjuicio de lo anterior, si cree que se han infringido sus derechos de autor u otros derechos, env\u00ede a nuestro Agente designado una notificaci\u00f3n por escrito con la siguiente informaci\u00f3n:<\/p>\n<ul class=\"mb-4\">\n<li>Una firma electr\u00f3nica o f\u00edsica de la persona autorizada a actuar en nombre del titular de los derechos de autor u otros intereses.<\/li>\n<li>Una descripci\u00f3n de la obra protegida por derechos de autor u otra obra que, seg\u00fan usted, se ha infringido<\/li>\n<li>Una descripci\u00f3n de d\u00f3nde se encuentra en nuestros sitios, redes u otros repositorios el material que usted afirma que se est\u00e1 infringiendo<\/li>\n<li>Su direcci\u00f3n, n\u00famero de tel\u00e9fono y direcci\u00f3n de correo electr\u00f3nico<\/li>\n<li>Una declaraci\u00f3n por escrito en la que manifieste que cree de buena fe que el uso en cuesti\u00f3n no est\u00e1 autorizado por el propietario de los derechos de autor, su agente o la ley.<\/li>\n<li>Una declaraci\u00f3n suya, hecha bajo pena de perjurio, de que la informaci\u00f3n anterior en su notificaci\u00f3n es exacta y que usted es el propietario de los derechos de autor o est\u00e1 autorizado para actuar en nombre del propietario de los derechos de autor.<br \/>\nPuede ponerse en contacto con nuestro agente designado para la notificaci\u00f3n de reclamaciones de infracci\u00f3n de derechos de autor de la siguiente manera:<\/li>\n<\/ul>\n<p><strong><br \/>\nRSA Security LLC<br \/>\nA la atenci\u00f3n de: IP Legal Department - Copyrights<br \/>\nBurlington, MA 01803<br \/>\nCorreo electr\u00f3nico: <a href=\"mailto:ip@rsa.com\">ip@rsa.com<\/a><br \/>\n<\/strong><\/p>\n<p>Si los materiales controvertidos han sido publicados por un tercero identificable mediante esfuerzos razonables, le proporcionaremos una notificaci\u00f3n razonable de la acusaci\u00f3n. Si el tercero responde con una contranotificaci\u00f3n v\u00e1lida, le facilitaremos una copia para que pueda tomar cualquier otra medida que considere oportuna.<\/p>","protected":false},"excerpt":{"rendered":"<p>Usted no puede publicar, modificar, distribuir o reproducir de ninguna manera materiales protegidos por derechos de autor u otros materiales de propiedad sin obtener el consentimiento previo por escrito del propietario de los derechos de autor de dichos materiales. RSA podr\u00e1 cancelar una cuenta, denegar el acceso a un sitio o servicio, o dar de baja a cualquier usuario que presuntamente haya infringido los derechos de autor o de propiedad ... <a href=\"https:\/\/www.rsa.com\/es\/copyright-policy\/\">Contin\u00faa en<\/a><\/p>","protected":false},"author":2,"featured_media":0,"parent":0,"menu_order":0,"comment_status":"closed","ping_status":"closed","template":"template-policy.blade.php","meta":{"_acf_changed":false,"_searchwp_excluded":"","inline_featured_image":false,"footnotes":""},"class_list":["post-973","page","type-page","status-publish","hentry"],"acf":[],"yoast_head":"<!-- This site is optimized with the Yoast SEO plugin v27.3 - https:\/\/yoast.com\/product\/yoast-seo-wordpress\/ -->\n<title>RSA Copyright Policy<\/title>\n<meta name=\"description\" content=\"If you believe that your copyright or other rights have been infringed, please provide our Designated Agent written notice\" \/>\n<meta name=\"robots\" content=\"index, follow, max-snippet:-1, max-image-preview:large, max-video-preview:-1\" \/>\n<link rel=\"canonical\" href=\"https:\/\/www.rsa.com\/es\/copyright-policy\/\" \/>\n<meta property=\"og:locale\" content=\"es_ES\" \/>\n<meta property=\"og:type\" content=\"article\" \/>\n<meta property=\"og:title\" content=\"Copyright Policy\" \/>\n<meta property=\"og:description\" content=\"If you believe that your copyright or other rights have been infringed, please provide our Designated Agent written notice\" \/>\n<meta property=\"og:url\" content=\"https:\/\/www.rsa.com\/es\/copyright-policy\/\" \/>\n<meta property=\"og:site_name\" content=\"RSA\" \/>\n<meta property=\"article:modified_time\" content=\"2025-02-07T20:38:45+00:00\" \/>\n<meta property=\"og:image\" content=\"https:\/\/www.rsa.com\/wp-content\/uploads\/rsa-og-image.jpg\" \/>\n\t<meta property=\"og:image:width\" content=\"1200\" \/>\n\t<meta property=\"og:image:height\" content=\"630\" \/>\n\t<meta property=\"og:image:type\" content=\"image\/jpeg\" \/>\n<meta name=\"twitter:card\" content=\"summary_large_image\" \/>\n<meta name=\"twitter:title\" content=\"Copyright Policy\" \/>\n<meta name=\"twitter:description\" content=\"If you believe that your copyright or other rights have been infringed, please provide our Designated Agent written notice\" \/>\n<meta name=\"twitter:image\" content=\"https:\/\/www.rsa.com\/wp-content\/uploads\/rsa-og-image.jpg\" \/>\n<script type=\"application\/ld+json\" class=\"yoast-schema-graph\">{\"@context\":\"https:\\\/\\\/schema.org\",\"@graph\":[{\"@type\":\"WebPage\",\"@id\":\"https:\\\/\\\/www.rsa.com\\\/copyright-policy\\\/\",\"url\":\"https:\\\/\\\/www.rsa.com\\\/copyright-policy\\\/\",\"name\":\"RSA Copyright Policy\",\"isPartOf\":{\"@id\":\"https:\\\/\\\/www.rsa.com\\\/#website\"},\"datePublished\":\"2022-01-04T23:15:49+00:00\",\"dateModified\":\"2025-02-07T20:38:45+00:00\",\"description\":\"If you believe that your copyright or other rights have been infringed, please provide our Designated Agent written notice\",\"breadcrumb\":{\"@id\":\"https:\\\/\\\/www.rsa.com\\\/copyright-policy\\\/#breadcrumb\"},\"inLanguage\":\"es-ES\",\"potentialAction\":[{\"@type\":\"ReadAction\",\"target\":[\"https:\\\/\\\/www.rsa.com\\\/copyright-policy\\\/\"]}]},{\"@type\":\"BreadcrumbList\",\"@id\":\"https:\\\/\\\/www.rsa.com\\\/copyright-policy\\\/#breadcrumb\",\"itemListElement\":[{\"@type\":\"ListItem\",\"position\":1,\"name\":\"Home\",\"item\":\"https:\\\/\\\/www.rsa.com\\\/\"},{\"@type\":\"ListItem\",\"position\":2,\"name\":\"Copyright Policy\"}]},{\"@type\":\"WebSite\",\"@id\":\"https:\\\/\\\/www.rsa.com\\\/#website\",\"url\":\"https:\\\/\\\/www.rsa.com\\\/\",\"name\":\"RSA\",\"description\":\"Cybersecurity and Digital Risk Management Solutions\",\"publisher\":{\"@id\":\"https:\\\/\\\/www.rsa.com\\\/#organization\"},\"potentialAction\":[{\"@type\":\"SearchAction\",\"target\":{\"@type\":\"EntryPoint\",\"urlTemplate\":\"https:\\\/\\\/www.rsa.com\\\/?s={search_term_string}\"},\"query-input\":{\"@type\":\"PropertyValueSpecification\",\"valueRequired\":true,\"valueName\":\"search_term_string\"}}],\"inLanguage\":\"es-ES\"},{\"@type\":\"Organization\",\"@id\":\"https:\\\/\\\/www.rsa.com\\\/#organization\",\"name\":\"RSA\",\"url\":\"https:\\\/\\\/www.rsa.com\\\/\",\"logo\":{\"@type\":\"ImageObject\",\"inLanguage\":\"es-ES\",\"@id\":\"https:\\\/\\\/www.rsa.com\\\/#\\\/schema\\\/logo\\\/image\\\/\",\"url\":\"https:\\\/\\\/www.rsa.com\\\/wp-content\\\/uploads\\\/rsa.png\",\"contentUrl\":\"https:\\\/\\\/www.rsa.com\\\/wp-content\\\/uploads\\\/rsa.png\",\"width\":2880,\"height\":1020,\"caption\":\"RSA\"},\"image\":{\"@id\":\"https:\\\/\\\/www.rsa.com\\\/#\\\/schema\\\/logo\\\/image\\\/\"}}]}<\/script>\n<!-- \/ Yoast SEO plugin. -->","yoast_head_json":{"title":"Pol\u00edtica de derechos de autor de RSA","description":"Si cree que se han infringido sus derechos de autor u otros derechos, notif\u00edquelo por escrito a nuestro agente designado","robots":{"index":"index","follow":"follow","max-snippet":"max-snippet:-1","max-image-preview":"max-image-preview:large","max-video-preview":"max-video-preview:-1"},"canonical":"https:\/\/www.rsa.com\/es\/copyright-policy\/","og_locale":"es_ES","og_type":"article","og_title":"Copyright Policy","og_description":"If you believe that your copyright or other rights have been infringed, please provide our Designated Agent written notice","og_url":"https:\/\/www.rsa.com\/es\/copyright-policy\/","og_site_name":"RSA","article_modified_time":"2025-02-07T20:38:45+00:00","og_image":[{"width":1200,"height":630,"url":"https:\/\/www.rsa.com\/wp-content\/uploads\/rsa-og-image.jpg","type":"image\/jpeg"}],"twitter_card":"summary_large_image","twitter_title":"Copyright Policy","twitter_description":"If you believe that your copyright or other rights have been infringed, please provide our Designated Agent written notice","twitter_image":"https:\/\/www.rsa.com\/wp-content\/uploads\/rsa-og-image.jpg","schema":{"@context":"https:\/\/schema.org","@graph":[{"@type":"WebPage","@id":"https:\/\/www.rsa.com\/copyright-policy\/","url":"https:\/\/www.rsa.com\/copyright-policy\/","name":"Pol\u00edtica de derechos de autor de RSA","isPartOf":{"@id":"https:\/\/www.rsa.com\/#website"},"datePublished":"2022-01-04T23:15:49+00:00","dateModified":"2025-02-07T20:38:45+00:00","description":"Si cree que se han infringido sus derechos de autor u otros derechos, notif\u00edquelo por escrito a nuestro agente designado","breadcrumb":{"@id":"https:\/\/www.rsa.com\/copyright-policy\/#breadcrumb"},"inLanguage":"es-ES","potentialAction":[{"@type":"ReadAction","target":["https:\/\/www.rsa.com\/copyright-policy\/"]}]},{"@type":"BreadcrumbList","@id":"https:\/\/www.rsa.com\/copyright-policy\/#breadcrumb","itemListElement":[{"@type":"ListItem","position":1,"name":"Home","item":"https:\/\/www.rsa.com\/"},{"@type":"ListItem","position":2,"name":"Copyright Policy"}]},{"@type":"WebSite","@id":"https:\/\/www.rsa.com\/#website","url":"https:\/\/www.rsa.com\/","name":"RSA","description":"Soluciones de ciberseguridad y gesti\u00f3n de riesgos digitales","publisher":{"@id":"https:\/\/www.rsa.com\/#organization"},"potentialAction":[{"@type":"SearchAction","target":{"@type":"EntryPoint","urlTemplate":"https:\/\/www.rsa.com\/?s={search_term_string}"},"query-input":{"@type":"PropertyValueSpecification","valueRequired":true,"valueName":"search_term_string"}}],"inLanguage":"es-ES"},{"@type":"Organization","@id":"https:\/\/www.rsa.com\/#organization","name":"RSA","url":"https:\/\/www.rsa.com\/","logo":{"@type":"ImageObject","inLanguage":"es-ES","@id":"https:\/\/www.rsa.com\/#\/schema\/logo\/image\/","url":"https:\/\/www.rsa.com\/wp-content\/uploads\/rsa.png","contentUrl":"https:\/\/www.rsa.com\/wp-content\/uploads\/rsa.png","width":2880,"height":1020,"caption":"RSA"},"image":{"@id":"https:\/\/www.rsa.com\/#\/schema\/logo\/image\/"}}]}},"_links":{"self":[{"href":"https:\/\/www.rsa.com\/es\/wp-json\/wp\/v2\/pages\/973","targetHints":{"allow":["GET"]}}],"collection":[{"href":"https:\/\/www.rsa.com\/es\/wp-json\/wp\/v2\/pages"}],"about":[{"href":"https:\/\/www.rsa.com\/es\/wp-json\/wp\/v2\/types\/page"}],"author":[{"embeddable":true,"href":"https:\/\/www.rsa.com\/es\/wp-json\/wp\/v2\/users\/2"}],"replies":[{"embeddable":true,"href":"https:\/\/www.rsa.com\/es\/wp-json\/wp\/v2\/comments?post=973"}],"version-history":[{"count":6,"href":"https:\/\/www.rsa.com\/es\/wp-json\/wp\/v2\/pages\/973\/revisions"}],"predecessor-version":[{"id":30236,"href":"https:\/\/www.rsa.com\/es\/wp-json\/wp\/v2\/pages\/973\/revisions\/30236"}],"wp:attachment":[{"href":"https:\/\/www.rsa.com\/es\/wp-json\/wp\/v2\/media?parent=973"}],"curies":[{"name":"wp","href":"https:\/\/api.w.org\/{rel}","templated":true}]}}