{"id":4150,"date":"2022-08-31T14:20:32","date_gmt":"2022-08-31T18:20:32","guid":{"rendered":"https:\/\/www.rsa.com\/?page_id=4150"},"modified":"2025-05-21T15:20:52","modified_gmt":"2025-05-21T19:20:52","slug":"solutions","status":"publish","type":"page","link":"https:\/\/www.rsa.com\/es\/solutions\/","title":{"rendered":"Soluciones"},"content":{"rendered":"","protected":false},"excerpt":{"rendered":"","protected":false},"author":2,"featured_media":0,"parent":0,"menu_order":0,"comment_status":"closed","ping_status":"closed","template":"template-products.blade.php","meta":{"_acf_changed":false,"_searchwp_excluded":"","inline_featured_image":false,"footnotes":""},"class_list":["post-4150","page","type-page","status-publish","hentry"],"acf":[],"yoast_head":"<!-- This site is optimized with the Yoast SEO plugin v27.3 - https:\/\/yoast.com\/product\/yoast-seo-wordpress\/ -->\n<title>Identity and Access Solutions | RSA<\/title>\n<meta name=\"description\" content=\"Learn how organizations use complete identity and access management (IAM) capabilities from RSA to move toward zero trust, go passwordless, and more.\" \/>\n<meta name=\"robots\" content=\"index, follow, max-snippet:-1, max-image-preview:large, max-video-preview:-1\" \/>\n<link rel=\"canonical\" href=\"https:\/\/www.rsa.com\/es\/solutions\/\" \/>\n<meta property=\"og:locale\" content=\"es_ES\" \/>\n<meta property=\"og:type\" content=\"article\" \/>\n<meta property=\"og:title\" content=\"Solutions\" \/>\n<meta property=\"og:description\" content=\"RSA can help businesses develop the complete identity and access management platform they need to move toward zero trust, go passwordless, support the public sector, dynamically assess risk, secure the cloud, and achieve their strategic goals.\" \/>\n<meta property=\"og:url\" content=\"https:\/\/www.rsa.com\/es\/solutions\/\" \/>\n<meta property=\"og:site_name\" content=\"RSA\" \/>\n<meta property=\"article:modified_time\" content=\"2025-05-21T19:20:52+00:00\" \/>\n<meta property=\"og:image\" content=\"https:\/\/www.rsa.com\/wp-content\/uploads\/rsa-og-image.jpg\" \/>\n\t<meta property=\"og:image:width\" content=\"1200\" \/>\n\t<meta property=\"og:image:height\" content=\"630\" \/>\n\t<meta property=\"og:image:type\" content=\"image\/jpeg\" \/>\n<meta name=\"twitter:card\" content=\"summary_large_image\" \/>\n<meta name=\"twitter:title\" content=\"Solutions\" \/>\n<meta name=\"twitter:description\" content=\"RSA can help businesses develop the complete identity and access management platform they need to move toward zero trust, go passwordless, support the public sector, dynamically assess risk, secure the cloud, and achieve their strategic goals.\" \/>\n<meta name=\"twitter:image\" content=\"https:\/\/www.rsa.com\/wp-content\/uploads\/rsa-og-image.jpg\" \/>\n<script type=\"application\/ld+json\" class=\"yoast-schema-graph\">{\"@context\":\"https:\\\/\\\/schema.org\",\"@graph\":[{\"@type\":\"WebPage\",\"@id\":\"https:\\\/\\\/www.rsa.com\\\/fr_ca\\\/solutions\\\/\",\"url\":\"https:\\\/\\\/www.rsa.com\\\/fr_ca\\\/solutions\\\/\",\"name\":\"Identity and Access Solutions | RSA\",\"isPartOf\":{\"@id\":\"https:\\\/\\\/www.rsa.com\\\/#website\"},\"datePublished\":\"2022-08-31T18:20:32+00:00\",\"dateModified\":\"2025-05-21T19:20:52+00:00\",\"description\":\"Learn how organizations use complete identity and access management (IAM) capabilities from RSA to move toward zero trust, go passwordless, and more.\",\"breadcrumb\":{\"@id\":\"https:\\\/\\\/www.rsa.com\\\/fr_ca\\\/solutions\\\/#breadcrumb\"},\"inLanguage\":\"es-ES\",\"potentialAction\":[{\"@type\":\"ReadAction\",\"target\":[\"https:\\\/\\\/www.rsa.com\\\/fr_ca\\\/solutions\\\/\"]}]},{\"@type\":\"BreadcrumbList\",\"@id\":\"https:\\\/\\\/www.rsa.com\\\/fr_ca\\\/solutions\\\/#breadcrumb\",\"itemListElement\":[{\"@type\":\"ListItem\",\"position\":1,\"name\":\"Home\",\"item\":\"https:\\\/\\\/www.rsa.com\\\/\"},{\"@type\":\"ListItem\",\"position\":2,\"name\":\"Solutions\"}]},{\"@type\":\"WebSite\",\"@id\":\"https:\\\/\\\/www.rsa.com\\\/#website\",\"url\":\"https:\\\/\\\/www.rsa.com\\\/\",\"name\":\"RSA\",\"description\":\"Cybersecurity and Digital Risk Management Solutions\",\"publisher\":{\"@id\":\"https:\\\/\\\/www.rsa.com\\\/#organization\"},\"potentialAction\":[{\"@type\":\"SearchAction\",\"target\":{\"@type\":\"EntryPoint\",\"urlTemplate\":\"https:\\\/\\\/www.rsa.com\\\/?s={search_term_string}\"},\"query-input\":{\"@type\":\"PropertyValueSpecification\",\"valueRequired\":true,\"valueName\":\"search_term_string\"}}],\"inLanguage\":\"es-ES\"},{\"@type\":\"Organization\",\"@id\":\"https:\\\/\\\/www.rsa.com\\\/#organization\",\"name\":\"RSA\",\"url\":\"https:\\\/\\\/www.rsa.com\\\/\",\"logo\":{\"@type\":\"ImageObject\",\"inLanguage\":\"es-ES\",\"@id\":\"https:\\\/\\\/www.rsa.com\\\/#\\\/schema\\\/logo\\\/image\\\/\",\"url\":\"https:\\\/\\\/www.rsa.com\\\/wp-content\\\/uploads\\\/rsa.png\",\"contentUrl\":\"https:\\\/\\\/www.rsa.com\\\/wp-content\\\/uploads\\\/rsa.png\",\"width\":2880,\"height\":1020,\"caption\":\"RSA\"},\"image\":{\"@id\":\"https:\\\/\\\/www.rsa.com\\\/#\\\/schema\\\/logo\\\/image\\\/\"}}]}<\/script>\n<!-- \/ Yoast SEO plugin. -->","yoast_head_json":{"title":"Soluciones de identidad y acceso | RSA","description":"Descubra c\u00f3mo las organizaciones utilizan las funciones completas de gesti\u00f3n de identidades y accesos (IAM) de RSA para avanzar hacia la confianza cero, la ausencia de contrase\u00f1as y mucho m\u00e1s.","robots":{"index":"index","follow":"follow","max-snippet":"max-snippet:-1","max-image-preview":"max-image-preview:large","max-video-preview":"max-video-preview:-1"},"canonical":"https:\/\/www.rsa.com\/es\/solutions\/","og_locale":"es_ES","og_type":"article","og_title":"Solutions","og_description":"RSA can help businesses develop the complete identity and access management platform they need to move toward zero trust, go passwordless, support the public sector, dynamically assess risk, secure the cloud, and achieve their strategic goals.","og_url":"https:\/\/www.rsa.com\/es\/solutions\/","og_site_name":"RSA","article_modified_time":"2025-05-21T19:20:52+00:00","og_image":[{"width":1200,"height":630,"url":"https:\/\/www.rsa.com\/wp-content\/uploads\/rsa-og-image.jpg","type":"image\/jpeg"}],"twitter_card":"summary_large_image","twitter_title":"Solutions","twitter_description":"RSA can help businesses develop the complete identity and access management platform they need to move toward zero trust, go passwordless, support the public sector, dynamically assess risk, secure the cloud, and achieve their strategic goals.","twitter_image":"https:\/\/www.rsa.com\/wp-content\/uploads\/rsa-og-image.jpg","schema":{"@context":"https:\/\/schema.org","@graph":[{"@type":"WebPage","@id":"https:\/\/www.rsa.com\/fr_ca\/solutions\/","url":"https:\/\/www.rsa.com\/fr_ca\/solutions\/","name":"Soluciones de identidad y acceso | RSA","isPartOf":{"@id":"https:\/\/www.rsa.com\/#website"},"datePublished":"2022-08-31T18:20:32+00:00","dateModified":"2025-05-21T19:20:52+00:00","description":"Descubra c\u00f3mo las organizaciones utilizan las funciones completas de gesti\u00f3n de identidades y accesos (IAM) de RSA para avanzar hacia la confianza cero, la ausencia de contrase\u00f1as y mucho m\u00e1s.","breadcrumb":{"@id":"https:\/\/www.rsa.com\/fr_ca\/solutions\/#breadcrumb"},"inLanguage":"es-ES","potentialAction":[{"@type":"ReadAction","target":["https:\/\/www.rsa.com\/fr_ca\/solutions\/"]}]},{"@type":"BreadcrumbList","@id":"https:\/\/www.rsa.com\/fr_ca\/solutions\/#breadcrumb","itemListElement":[{"@type":"ListItem","position":1,"name":"Home","item":"https:\/\/www.rsa.com\/"},{"@type":"ListItem","position":2,"name":"Solutions"}]},{"@type":"WebSite","@id":"https:\/\/www.rsa.com\/#website","url":"https:\/\/www.rsa.com\/","name":"RSA","description":"Soluciones de ciberseguridad y gesti\u00f3n de riesgos digitales","publisher":{"@id":"https:\/\/www.rsa.com\/#organization"},"potentialAction":[{"@type":"SearchAction","target":{"@type":"EntryPoint","urlTemplate":"https:\/\/www.rsa.com\/?s={search_term_string}"},"query-input":{"@type":"PropertyValueSpecification","valueRequired":true,"valueName":"search_term_string"}}],"inLanguage":"es-ES"},{"@type":"Organization","@id":"https:\/\/www.rsa.com\/#organization","name":"RSA","url":"https:\/\/www.rsa.com\/","logo":{"@type":"ImageObject","inLanguage":"es-ES","@id":"https:\/\/www.rsa.com\/#\/schema\/logo\/image\/","url":"https:\/\/www.rsa.com\/wp-content\/uploads\/rsa.png","contentUrl":"https:\/\/www.rsa.com\/wp-content\/uploads\/rsa.png","width":2880,"height":1020,"caption":"RSA"},"image":{"@id":"https:\/\/www.rsa.com\/#\/schema\/logo\/image\/"}}]}},"_links":{"self":[{"href":"https:\/\/www.rsa.com\/es\/wp-json\/wp\/v2\/pages\/4150","targetHints":{"allow":["GET"]}}],"collection":[{"href":"https:\/\/www.rsa.com\/es\/wp-json\/wp\/v2\/pages"}],"about":[{"href":"https:\/\/www.rsa.com\/es\/wp-json\/wp\/v2\/types\/page"}],"author":[{"embeddable":true,"href":"https:\/\/www.rsa.com\/es\/wp-json\/wp\/v2\/users\/2"}],"replies":[{"embeddable":true,"href":"https:\/\/www.rsa.com\/es\/wp-json\/wp\/v2\/comments?post=4150"}],"version-history":[{"count":14,"href":"https:\/\/www.rsa.com\/es\/wp-json\/wp\/v2\/pages\/4150\/revisions"}],"predecessor-version":[{"id":33944,"href":"https:\/\/www.rsa.com\/es\/wp-json\/wp\/v2\/pages\/4150\/revisions\/33944"}],"wp:attachment":[{"href":"https:\/\/www.rsa.com\/es\/wp-json\/wp\/v2\/media?parent=4150"}],"curies":[{"name":"wp","href":"https:\/\/api.w.org\/{rel}","templated":true}]}}