{"id":3604,"date":"2022-08-08T15:30:58","date_gmt":"2022-08-08T19:30:58","guid":{"rendered":"https:\/\/www.rsa.com\/?page_id=3604"},"modified":"2025-02-07T16:22:39","modified_gmt":"2025-02-07T21:22:39","slug":"terms-of-use-sept-2020","status":"publish","type":"page","link":"https:\/\/www.rsa.com\/es\/terms-of-use\/terms-of-use-sept-2020\/","title":{"rendered":"Condiciones de uso - Septiembre 2020"},"content":{"rendered":"<h4 class=\"size-h6-regular compressed\">Acerca de estas condiciones de uso<\/h4>\n<p>Estos t\u00e9rminos (\"T\u00e9rminos\") son un acuerdo legal entre usted y RSA Security LLC y sus filiales (\"RSA\"). Los T\u00e9rminos controlan su uso y acceso a los sitios web e informaci\u00f3n en l\u00ednea de RSA (los \"Sitios\" o el \"Sitio\"). Al utilizar los Sitios de RSA, usted acepta estos T\u00e9rminos. RSA puede revisar estos T\u00e9rminos en cualquier momento actualizando esta p\u00e1gina. Usted debe volver a visitar esta p\u00e1gina de vez en cuando para determinar qu\u00e9 t\u00e9rminos rigen su uso del Sitio.<\/p>\n<h4 class=\"size-h6-regular compressed\">Exenci\u00f3n de responsabilidad y restricciones de uso<\/h4>\n<p class=\"compressed\">Nada de lo contenido en el Sitio de RSA le otorga licencia alguna sobre los derechos de propiedad intelectual de RSA o de terceros. Todos los derechos de propiedad intelectual en este Sitio pertenecen a RSA o a otras partes que licenciaron su material a RSA. Sujeto a estos T\u00e9rminos, RSA le otorga un derecho limitado, revocable y no exclusivo para acceder y utilizar el Sitio y los materiales e informaci\u00f3n en el Sitio (\"Contenido de RSA\"). Esta licencia limitada es s\u00f3lo para su uso personal y no comercial. Usted debe mantener los avisos de propiedad de RSA en cualquier copia que haga del Contenido de RSA. El uso no autorizado del Contenido de RSA puede violar derechos de autor, marcas registradas, privacidad, comunicaciones u otras leyes. Usted es responsable ante RSA por el uso no autorizado del Contenido de RSA. Este derecho termina autom\u00e1ticamente si usted incumple cualquier parte de estos T\u00e9rminos. A la terminaci\u00f3n, usted debe destruir inmediatamente cualquier Contenido de RSA en su posesi\u00f3n o control. Aparte de lo indicado anteriormente, usted no debe:<\/p>\n<ul>\n<li>Cambiar, alterar, copiar, distribuir, volver a publicar, descargar, mostrar, publicar o enviar el Contenido de RSA en cualquier forma o por cualquier medio sin el permiso previo por escrito de RSA o del propietario de los derechos de autor, a menos que el Sitio indique lo contrario sobre el Contenido de RSA espec\u00edfico;<\/li>\n<li>Utilizar el Sitio o el Contenido de RSA para cualquier fin ilegal o prohibido por estas Condiciones;<\/li>\n<li>Utilizar el Sitio para solicitar cualquier actividad ilegal o que pueda infringir los derechos de terceros;<\/li>\n<li>\"Reflejar\" o \"enmarcar\" cualquier Contenido de RSA en cualquier otro dispositivo sin el permiso por escrito de RSA;<\/li>\n<li>Utilizar el Contenido RSA para comparar cualquier Contenido RSA con los productos, servicios o informaci\u00f3n de cualquier otra persona o entidad; o<\/li>\n<li>Utilizar el logotipo de RSA o de la Conferencia de RSA o cualquier otra marca comercial de RSA como enlace \"caliente\" a cualquier parte del Sitio, a menos que RSA apruebe dicho uso por escrito.<\/li>\n<\/ul>\n<h4 class=\"size-h6-regular compressed\">Informaci\u00f3n sobre derechos de autor<\/h4>\n<p>Los derechos de autor protegen todo el Contenido de RSA.<\/p>\n<p>Los derechos de autor de todo el material proporcionado en este sitio (\"Sitio\") son propiedad de RSA Security LLC o sus filiales (\"RSA\") o del creador original del material. Salvo que se indique lo contrario en el presente documento, ning\u00fan material podr\u00e1 copiarse, reproducirse, distribuirse, volver a publicarse, descargarse, mostrarse, publicarse o transmitirse de ninguna forma ni por ning\u00fan medio, incluidos, entre otros, medios electr\u00f3nicos, mec\u00e1nicos, fotocopias, grabaciones u otros, sin el permiso previo por escrito de RSA o del propietario de los derechos de autor. Se concede permiso para mostrar, copiar, distribuir y descargar los materiales de este sitio s\u00f3lo para uso personal y no comercial, siempre que no modifique los materiales y que conserve todos los derechos de autor y otros avisos de propiedad contenidos en los materiales. Usted tampoco puede, sin el permiso de RSA, \"reflejar\" cualquier material contenido en este Sitio en cualquier otro servidor. Este permiso termina autom\u00e1ticamente si usted incumple cualquiera de estos t\u00e9rminos o condiciones. Cualquier uso no autorizado de cualquier material contenido en este Sitio puede violar las leyes de derechos de autor, las leyes de marcas registradas, las leyes de privacidad y publicidad y los reglamentos y estatutos de comunicaciones.<\/p>\n<h4 class=\"size-h6-regular compressed\">AVISO SOBRE LA LEY DE DERECHOS DE AUTOR DEL MILENIO DIGITAL DE ESTADOS UNIDOS<\/h4>\n<p>Si usted cree que su trabajo ha sido copiado de alguna manera sin su permiso, por favor proporcione la siguiente informaci\u00f3n a nuestro agente para recibir Notificaci\u00f3n de Reclamaci\u00f3n de Infracci\u00f3n de Derechos de Autor identificado a continuaci\u00f3n. Su notificaci\u00f3n debe contener lo siguiente:<\/p>\n<p>Su firma electr\u00f3nica o f\u00edsica;<br \/>\nUna descripci\u00f3n de la obra que afirma que se ha infringido;<br \/>\nIdentificaci\u00f3n de la obra que, seg\u00fan usted, infringe los derechos de autor y descripci\u00f3n de su ubicaci\u00f3n en el sitio web de la RSA;<br \/>\nSu direcci\u00f3n, n\u00famero de tel\u00e9fono y direcci\u00f3n de correo electr\u00f3nico;<br \/>\nUna declaraci\u00f3n suya de que cree de buena fe que el uso infractor no est\u00e1 autorizado por el propietario de los derechos de autor, el agente del propietario de los derechos de autor o por la ley; y<br \/>\nUna declaraci\u00f3n suya, bajo pena de perjurio, de que la informaci\u00f3n anterior en su notificaci\u00f3n es exacta y de que usted es el propietario de los derechos de autor o est\u00e1 autorizado para actuar en nombre del propietario de los derechos de autor.<\/p>\n<p>RSA Security LLC<br \/>\nAttn: IP Legal<br \/>\n176 Middlesex Turnpike<br \/>\nBedford, MA 01730<\/p>\n<h4 class=\"size-h6-regular compressed\">Privacidad<\/h4>\n<p class=\"compressed\">La Declaraci\u00f3n de Privacidad de RSA se aplica a su uso del Sitio y forma parte de estas Condiciones. Por favor, revise tanto la <a href=\"https:\/\/live-rsa-hub.pantheonsite.io\/privacy-policy\/\">Declaraci\u00f3n de privacidad de RSA<\/a> y <a href=\"https:\/\/www.rsaconference.com\/privacy\">Declaraci\u00f3n de confidencialidad de RSA Conference<\/a> e informaci\u00f3n relacionada sobre su privacidad y el uso de su informaci\u00f3n por parte de RSA. Usted reconoce y acepta que es responsable de:<\/p>\n<ul>\n<li>Proteger cualquier informaci\u00f3n de cuenta y contrase\u00f1a aplicable a su uso del Sitio;<\/li>\n<li>Restringir el uso y el acceso a su ordenador, smartphone u otro dispositivo utilizado para acceder al Sitio; y<\/li>\n<li>Cualquier actividad que se produzca en su cuenta debido a su falta de protecci\u00f3n de dicha informaci\u00f3n.<\/li>\n<\/ul>\n<h4 class=\"size-h6-regular compressed\">Comunicaci\u00f3n electr\u00f3nica<\/h4>\n<p>Cuando usted utiliza el Sitio, se est\u00e1 comunicando con RSA. Usted acepta recibir comunicaciones electr\u00f3nicas relacionadas con su uso del Sitio. RSA puede comunicarse con usted por correo electr\u00f3nico o mediante la publicaci\u00f3n de avisos en el Sitio. Usted acepta que todas estas comunicaciones cumplan con cualquier norma legal que exija que dichas comunicaciones sean por escrito. RSA puede proporcionarle avisos por correo electr\u00f3nico o mediante publicaciones en el Sitio, y dichos avisos son efectivos en la fecha en que RSA los env\u00eda o publica.<\/p>\n<h4 class=\"size-h6-regular compressed\">Exportar<\/h4>\n<p>Todo el Contenido de RSA est\u00e1 sujeto a las leyes y reglamentos de control de exportaciones y sanciones econ\u00f3micas de EE.UU. y tambi\u00e9n puede estar sujeto a las leyes del pa\u00eds en el que usted resida.<\/p>\n<h4 class=\"size-h6-regular compressed\">Descargo de responsabilidad<\/h4>\n<p class=\"compressed\">Usted acepta que asume toda la responsabilidad por el uso que haga del Sitio. RSA proporciona el Sitio y todo el Contenido de RSA \"tal cual\" y \"seg\u00fan disponibilidad\". Espec\u00edficamente, RSA:<\/p>\n<ul>\n<li>No ofrece representaci\u00f3n ni garant\u00eda de ning\u00fan tipo;<\/li>\n<li>Renuncia a toda garant\u00eda, incluidas las garant\u00edas de comerciabilidad, idoneidad, exactitud, no infracci\u00f3n o funcionamiento; y<\/li>\n<li>No garantiza que el Sitio y el Contenido de la RSA est\u00e9n libres de errores o defectos.<\/li>\n<\/ul>\n<h4 class=\"size-h6-regular compressed\">Limitaci\u00f3n de responsabilidad<\/h4>\n<p><b>RSA no es responsable bajo ninguna teor\u00eda legal (incluyendo negligencia) por ning\u00fan tipo de da\u00f1os, incluso si RSA conoc\u00eda la posibilidad de tales da\u00f1os. RSA no se hace responsable de la p\u00e9rdida de datos o beneficios derivados de su uso o imposibilidad de uso del Sitio o del Contenido de RSA. Si su uso del Contenido de RSA da lugar a la necesidad de revisar, reparar o corregir cualquier producto o dato, usted deber\u00e1 pagar dichas reparaciones. Algunas jurisdicciones restringen la exclusi\u00f3n o limitaci\u00f3n de determinados da\u00f1os, por lo que es posible que esta disposici\u00f3n no se aplique en su caso.<\/b><\/p>\n<h4 class=\"size-h6-regular compressed\">Indemnizaci\u00f3n<\/h4>\n<p>Usted se compromete a indemnizar, defender y mantener indemne a RSA y a sus agentes, empleados y licenciantes frente a cualquier reclamaci\u00f3n y gasto de terceros, incluidos los honorarios razonables de abogados, relacionados de cualquier modo con el uso que usted haga del Sitio o con la infracci\u00f3n por su parte de estas Condiciones.<\/p>\n<h4 class=\"size-h6-regular compressed\">Varios<\/h4>\n<ul>\n<li>Estas Condiciones no crean ninguna relaci\u00f3n jur\u00eddica entre usted y RSA.<\/li>\n<li>El hecho de que RSA no haga valer un derecho no significa que haya renunciado a \u00e9l.<\/li>\n<li>Si un juzgado u otro tribunal considera que alguna disposici\u00f3n de estas Condiciones no es ejecutable, RSA cambiar\u00e1 dicha disposici\u00f3n s\u00f3lo en la medida necesaria para hacerla ejecutable. Los dem\u00e1s t\u00e9rminos permanecer\u00e1n en pleno vigor y efecto.<\/li>\n<li>Cualquier interpretaci\u00f3n de estas Condiciones se basar\u00e1 en su significado justo, y las ambig\u00fcedades no deben interpretarse a favor o en contra de ninguna de las partes.<\/li>\n<li>RSA puede ceder sus derechos en virtud de estas Condiciones, pero usted no puede hacerlo.<\/li>\n<li>Estas Condiciones, junto con cualesquiera otras condiciones que usted acepte al utilizar el Sitio, constituyen el acuerdo completo entre RSA y usted sobre el uso de este Sitio.<\/li>\n<li>Los t\u00edtulos son s\u00f3lo de referencia.<\/li>\n<li>Estas Condiciones sustituyen cualquier acuerdo anterior con RSA sobre el uso de este Sitio y su contenido.<\/li>\n<li>Las filiales directas e indirectas de RSA son terceros beneficiarios de estas Condiciones.<\/li>\n<\/ul>\n<h4 class=\"size-h6-regular compressed\">Ley aplicable; resoluci\u00f3n de litigios<\/h4>\n<p class=\"translation-block\">Usted acepta que las leyes de la Commonwealth de Massachusetts regir\u00e1n cualquier reclamaci\u00f3n o disputa relacionada con estos T\u00e9rminos, el Sitio, el Contenido de RSA, su acceso y uso del Sitio, o cualquier combinaci\u00f3n de estos elementos (la \"Disputa\"), sin tener en cuenta los conflictos de Massachusetts de los principios legales. Antes de que usted o RSA presenten una demanda en relaci\u00f3n con una Disputa, usted y RSA intentar\u00e1n resolver la Disputa a trav\u00e9s de la negociaci\u00f3n o a trav\u00e9s de la mediaci\u00f3n utilizando un mediador de mutuo acuerdo. Usted y la RSA tratar\u00e1n la existencia o los resultados de cualquier negociaci\u00f3n o mediaci\u00f3n como confidenciales. Si las partes no son capaces de resolver el conflicto dentro de los treinta d\u00edas siguientes a la notificaci\u00f3n de la disputa a la otra parte, las partes ser\u00e1n libres de ejercer todos los recursos disponibles en derecho o equidad. Sin perjuicio de lo anterior, cualquiera de las partes tiene derecho a solicitar una orden de restricci\u00f3n temporal, una medida cautelar preliminar u otra reparaci\u00f3n equitativa a un tribunal de jurisdicci\u00f3n competente para preservar el statu quo, evitar da\u00f1os irreparables, evitar la expiraci\u00f3n de cualquier plazo de prescripci\u00f3n aplicable o preservar una posici\u00f3n superior con respecto a otros acreedores.<\/p>\n<h4 class=\"size-h6-regular compressed\">Contacte con nosotros<\/h4>\n<p>RSA es propietaria de este Sitio. Si tiene alguna pregunta sobre la recopilaci\u00f3n o el uso de informaci\u00f3n personal por parte de RSA, consulte la Declaraci\u00f3n de privacidad de RSA o p\u00f3ngase en contacto con <a href=\"mailto:privacy@rsa.com\">privacy@rsa.com<\/a>. Los residentes en California tambi\u00e9n pueden enviar sus reclamaciones a la Unidad de Asistencia para Reclamaciones de la Divisi\u00f3n de Servicios al Consumidor del Departamento de Asuntos del Consumidor de California por correo a 1625 North Market Blvd., Sacramento, CA 95834, o por tel\u00e9fono al (916) 445-1254 o al (800) 952-5210.<\/p>\n<p class=\"size-12\"><em>rev. 1SEPT2020<\/em><\/p>","protected":false},"excerpt":{"rendered":"<p>Acerca de estas Condiciones de Uso Estas condiciones (\u201cCondiciones\u201d) constituyen un acuerdo legal entre usted y RSA Security LLC y sus filiales (\u201cRSA\u201d). Los T\u00e9rminos controlan su uso y acceso a los sitios web e informaci\u00f3n en l\u00ednea de RSA (los \u201cSitios\u201d o el \u201cSitio\u201d). Al utilizar los Sitios de RSA, usted acepta estos T\u00e9rminos. RSA podr\u00e1 revisar estos T\u00e9rminos en cualquier momento ... <a href=\"https:\/\/www.rsa.com\/es\/terms-of-use\/terms-of-use-sept-2020\/\">Contin\u00faa en<\/a><\/p>","protected":false},"author":2,"featured_media":0,"parent":227,"menu_order":0,"comment_status":"closed","ping_status":"closed","template":"template-policy.blade.php","meta":{"_acf_changed":false,"_searchwp_excluded":"","inline_featured_image":false,"footnotes":""},"class_list":["post-3604","page","type-page","status-publish","hentry"],"acf":[],"yoast_head":"<!-- This site is optimized with the Yoast SEO plugin v27.4 - https:\/\/yoast.com\/product\/yoast-seo-wordpress\/ -->\n<title>Terms of Use - September 2020 - RSA<\/title>\n<meta name=\"robots\" content=\"index, follow, max-snippet:-1, max-image-preview:large, max-video-preview:-1\" \/>\n<link rel=\"canonical\" href=\"https:\/\/www.rsa.com\/es\/terms-of-use\/terms-of-use-sept-2020\/\" \/>\n<meta property=\"og:locale\" content=\"es_ES\" \/>\n<meta property=\"og:type\" content=\"article\" \/>\n<meta property=\"og:title\" content=\"Terms of Use - September 2020 - RSA\" \/>\n<meta property=\"og:description\" content=\"About These Terms of Use These terms (&#8220;Terms&#8221;) are a legal agreement between you and RSA Security LLC and its affiliates (&#8220;RSA&#8221;). The Terms control your use and access to RSA&#8217;s websites and online information (the &#8220;Sites&#8221; or &#8220;Site&#8221;). By using RSA&#8217;s Sites, you agree to these Terms. RSA may revise these Terms at any &hellip; Continued\" \/>\n<meta property=\"og:url\" content=\"https:\/\/www.rsa.com\/es\/terms-of-use\/terms-of-use-sept-2020\/\" \/>\n<meta property=\"og:site_name\" content=\"RSA\" \/>\n<meta property=\"article:modified_time\" content=\"2025-02-07T21:22:39+00:00\" \/>\n<meta property=\"og:image\" content=\"https:\/\/www.rsa.com\/wp-content\/uploads\/rsa-og-image.webp\" \/>\n\t<meta property=\"og:image:width\" content=\"1200\" \/>\n\t<meta property=\"og:image:height\" content=\"630\" \/>\n\t<meta property=\"og:image:type\" content=\"image\/webp\" \/>\n<meta name=\"twitter:card\" content=\"summary_large_image\" \/>\n<script type=\"application\/ld+json\" class=\"yoast-schema-graph\">{\"@context\":\"https:\\\/\\\/schema.org\",\"@graph\":[{\"@type\":\"WebPage\",\"@id\":\"https:\\\/\\\/www.rsa.com\\\/ar\\\/terms-of-use\\\/terms-of-use-sept-2020\\\/\",\"url\":\"https:\\\/\\\/www.rsa.com\\\/ar\\\/terms-of-use\\\/terms-of-use-sept-2020\\\/\",\"name\":\"Terms of Use - September 2020 - RSA\",\"isPartOf\":{\"@id\":\"https:\\\/\\\/www.rsa.com\\\/#website\"},\"datePublished\":\"2022-08-08T19:30:58+00:00\",\"dateModified\":\"2025-02-07T21:22:39+00:00\",\"breadcrumb\":{\"@id\":\"https:\\\/\\\/www.rsa.com\\\/ar\\\/terms-of-use\\\/terms-of-use-sept-2020\\\/#breadcrumb\"},\"inLanguage\":\"es-ES\",\"potentialAction\":[{\"@type\":\"ReadAction\",\"target\":[\"https:\\\/\\\/www.rsa.com\\\/ar\\\/terms-of-use\\\/terms-of-use-sept-2020\\\/\"]}]},{\"@type\":\"BreadcrumbList\",\"@id\":\"https:\\\/\\\/www.rsa.com\\\/ar\\\/terms-of-use\\\/terms-of-use-sept-2020\\\/#breadcrumb\",\"itemListElement\":[{\"@type\":\"ListItem\",\"position\":1,\"name\":\"Home\",\"item\":\"https:\\\/\\\/www.rsa.com\\\/\"},{\"@type\":\"ListItem\",\"position\":2,\"name\":\"Terms of Use\",\"item\":\"https:\\\/\\\/www.rsa.com\\\/terms-of-use\\\/\"},{\"@type\":\"ListItem\",\"position\":3,\"name\":\"Terms of Use &#8211; September 2020\"}]},{\"@type\":\"WebSite\",\"@id\":\"https:\\\/\\\/www.rsa.com\\\/#website\",\"url\":\"https:\\\/\\\/www.rsa.com\\\/\",\"name\":\"RSA\",\"description\":\"Cybersecurity and Digital Risk Management Solutions\",\"publisher\":{\"@id\":\"https:\\\/\\\/www.rsa.com\\\/#organization\"},\"potentialAction\":[{\"@type\":\"SearchAction\",\"target\":{\"@type\":\"EntryPoint\",\"urlTemplate\":\"https:\\\/\\\/www.rsa.com\\\/?s={search_term_string}\"},\"query-input\":{\"@type\":\"PropertyValueSpecification\",\"valueRequired\":true,\"valueName\":\"search_term_string\"}}],\"inLanguage\":\"es-ES\"},{\"@type\":\"Organization\",\"@id\":\"https:\\\/\\\/www.rsa.com\\\/#organization\",\"name\":\"RSA\",\"url\":\"https:\\\/\\\/www.rsa.com\\\/\",\"logo\":{\"@type\":\"ImageObject\",\"inLanguage\":\"es-ES\",\"@id\":\"https:\\\/\\\/www.rsa.com\\\/#\\\/schema\\\/logo\\\/image\\\/\",\"url\":\"https:\\\/\\\/www.rsa.com\\\/wp-content\\\/uploads\\\/rsa.png\",\"contentUrl\":\"https:\\\/\\\/www.rsa.com\\\/wp-content\\\/uploads\\\/rsa.png\",\"width\":2880,\"height\":1020,\"caption\":\"RSA\"},\"image\":{\"@id\":\"https:\\\/\\\/www.rsa.com\\\/#\\\/schema\\\/logo\\\/image\\\/\"}}]}<\/script>\n<!-- \/ Yoast SEO plugin. -->","yoast_head_json":{"title":"Condiciones de uso - Septiembre 2020 - RSA","robots":{"index":"index","follow":"follow","max-snippet":"max-snippet:-1","max-image-preview":"max-image-preview:large","max-video-preview":"max-video-preview:-1"},"canonical":"https:\/\/www.rsa.com\/es\/terms-of-use\/terms-of-use-sept-2020\/","og_locale":"es_ES","og_type":"article","og_title":"Terms of Use - September 2020 - RSA","og_description":"About These Terms of Use These terms (&#8220;Terms&#8221;) are a legal agreement between you and RSA Security LLC and its affiliates (&#8220;RSA&#8221;). The Terms control your use and access to RSA&#8217;s websites and online information (the &#8220;Sites&#8221; or &#8220;Site&#8221;). By using RSA&#8217;s Sites, you agree to these Terms. RSA may revise these Terms at any &hellip; Continued","og_url":"https:\/\/www.rsa.com\/es\/terms-of-use\/terms-of-use-sept-2020\/","og_site_name":"RSA","article_modified_time":"2025-02-07T21:22:39+00:00","og_image":[{"width":1200,"height":630,"url":"https:\/\/www.rsa.com\/wp-content\/uploads\/rsa-og-image.webp","type":"image\/webp"}],"twitter_card":"summary_large_image","schema":{"@context":"https:\/\/schema.org","@graph":[{"@type":"WebPage","@id":"https:\/\/www.rsa.com\/ar\/terms-of-use\/terms-of-use-sept-2020\/","url":"https:\/\/www.rsa.com\/ar\/terms-of-use\/terms-of-use-sept-2020\/","name":"Condiciones de uso - Septiembre 2020 - RSA","isPartOf":{"@id":"https:\/\/www.rsa.com\/#website"},"datePublished":"2022-08-08T19:30:58+00:00","dateModified":"2025-02-07T21:22:39+00:00","breadcrumb":{"@id":"https:\/\/www.rsa.com\/ar\/terms-of-use\/terms-of-use-sept-2020\/#breadcrumb"},"inLanguage":"es-ES","potentialAction":[{"@type":"ReadAction","target":["https:\/\/www.rsa.com\/ar\/terms-of-use\/terms-of-use-sept-2020\/"]}]},{"@type":"BreadcrumbList","@id":"https:\/\/www.rsa.com\/ar\/terms-of-use\/terms-of-use-sept-2020\/#breadcrumb","itemListElement":[{"@type":"ListItem","position":1,"name":"Home","item":"https:\/\/www.rsa.com\/"},{"@type":"ListItem","position":2,"name":"Terms of Use","item":"https:\/\/www.rsa.com\/terms-of-use\/"},{"@type":"ListItem","position":3,"name":"Terms of Use &#8211; September 2020"}]},{"@type":"WebSite","@id":"https:\/\/www.rsa.com\/#website","url":"https:\/\/www.rsa.com\/","name":"RSA","description":"Soluciones de ciberseguridad y gesti\u00f3n de riesgos digitales","publisher":{"@id":"https:\/\/www.rsa.com\/#organization"},"potentialAction":[{"@type":"SearchAction","target":{"@type":"EntryPoint","urlTemplate":"https:\/\/www.rsa.com\/?s={search_term_string}"},"query-input":{"@type":"PropertyValueSpecification","valueRequired":true,"valueName":"search_term_string"}}],"inLanguage":"es-ES"},{"@type":"Organization","@id":"https:\/\/www.rsa.com\/#organization","name":"RSA","url":"https:\/\/www.rsa.com\/","logo":{"@type":"ImageObject","inLanguage":"es-ES","@id":"https:\/\/www.rsa.com\/#\/schema\/logo\/image\/","url":"https:\/\/www.rsa.com\/wp-content\/uploads\/rsa.png","contentUrl":"https:\/\/www.rsa.com\/wp-content\/uploads\/rsa.png","width":2880,"height":1020,"caption":"RSA"},"image":{"@id":"https:\/\/www.rsa.com\/#\/schema\/logo\/image\/"}}]}},"_links":{"self":[{"href":"https:\/\/www.rsa.com\/es\/wp-json\/wp\/v2\/pages\/3604","targetHints":{"allow":["GET"]}}],"collection":[{"href":"https:\/\/www.rsa.com\/es\/wp-json\/wp\/v2\/pages"}],"about":[{"href":"https:\/\/www.rsa.com\/es\/wp-json\/wp\/v2\/types\/page"}],"author":[{"embeddable":true,"href":"https:\/\/www.rsa.com\/es\/wp-json\/wp\/v2\/users\/2"}],"replies":[{"embeddable":true,"href":"https:\/\/www.rsa.com\/es\/wp-json\/wp\/v2\/comments?post=3604"}],"version-history":[{"count":4,"href":"https:\/\/www.rsa.com\/es\/wp-json\/wp\/v2\/pages\/3604\/revisions"}],"predecessor-version":[{"id":3611,"href":"https:\/\/www.rsa.com\/es\/wp-json\/wp\/v2\/pages\/3604\/revisions\/3611"}],"up":[{"embeddable":true,"href":"https:\/\/www.rsa.com\/es\/wp-json\/wp\/v2\/pages\/227"}],"wp:attachment":[{"href":"https:\/\/www.rsa.com\/es\/wp-json\/wp\/v2\/media?parent=3604"}],"curies":[{"name":"wp","href":"https:\/\/api.w.org\/{rel}","templated":true}]}}