{"id":35864,"date":"2025-12-15T10:45:59","date_gmt":"2025-12-15T15:45:59","guid":{"rendered":"https:\/\/www.rsa.com\/?page_id=35864"},"modified":"2026-04-01T20:45:44","modified_gmt":"2026-04-02T00:45:44","slug":"ethical-supply-chain-2022","status":"publish","type":"page","link":"https:\/\/www.rsa.com\/es\/ethical-supply-chain-2022\/","title":{"rendered":"Cadena de suministro \u00e9tica 2022"},"content":{"rendered":"<p>RSA apoya los objetivos y esfuerzos de la Ley de Transparencia en las Cadenas de Suministro de California de 2010, que exige a ciertos minoristas y fabricantes que hacen negocios en California que proporcionen informaci\u00f3n sobre sus esfuerzos para eliminar o prevenir la trata de personas, la esclavitud, el trabajo infantil y las condiciones laborales poco \u00e9ticas en su cadena de suministro. RSA respalda los principios de The Modern Slavery Act 2015 (Reino Unido) y la Australian Modern Slavery Act 2018 (Cth) y se compromete a continuar y mejorar los esfuerzos de RSA para identificar y mitigar los riesgos de esclavitud moderna y trata de personas de las cadenas comerciales y de suministro de RSA. Con este fin, RSA proporciona esta declaraci\u00f3n de conformidad con las leyes aplicables relativas a la esclavitud moderna, incluidas las mencionadas anteriormente.<\/p>\n<p>RSA se compromete a tratar a todos los trabajadores con respeto y dignidad, a garantizar unas condiciones de trabajo seguras y a llevar a cabo operaciones \u00e9ticas y responsables con el medio ambiente. RSA trabaja con informaci\u00f3n confidencial y servicios de seguridad, por lo que mantiene los m\u00e1s altos est\u00e1ndares de integridad, \u00e9tica y confianza. Adem\u00e1s, la RSA se rige por las normas m\u00e1s estrictas de las leyes y la \u00e9tica de las jurisdicciones aplicables a todas las operaciones comerciales. <\/p>\n<p class=\"translation-block\"><strong>Verificaci\u00f3n.<\/strong> Por lo general, RSA se asegura de que los materiales adquiridos a los proveedores tengan una cadena de suministro bien establecida, de buena reputaci\u00f3n y que cumpla con los requisitos legales de las jurisdicciones en las que operan. RSA cree que sus proveedores no practican el tr\u00e1fico ilegal de seres humanos, la esclavitud, el trabajo infantil y\/o condiciones laborales poco \u00e9ticas; sin embargo, ni RSA, ni un tercero, realizan ninguna investigaci\u00f3n o evaluaci\u00f3n adicional de las cadenas de suministro para evaluar tales cuestiones.<\/p>\n<p><strong>Auditor\u00edas.<\/strong> RSA espera que todos sus proveedores cumplan con todas las leyes aplicables, especialmente aquellas que exigen pr\u00e1cticas comerciales \u00e9ticas. Si RSA sospecha que un proveedor est\u00e1 involucrado en tr\u00e1fico ilegal de personas, esclavitud, trabajo infantil y\/o condiciones laborales no \u00e9ticas, RSA puede investigar el asunto en busca de pruebas. Con la excepci\u00f3n de que RSA pueda involucrarse en una investigaci\u00f3n de la cadena de suministro en relaci\u00f3n con las actividades ilegales mencionadas anteriormente, RSA no revisa ni audita a sus proveedores para evaluar su cumplimiento de las leyes contra la esclavitud y el tr\u00e1fico de personas.<\/p>\n<p><strong>Certificaci\u00f3n.<\/strong> RSA realiza negocios con proveedores bien establecidos y de buena reputaci\u00f3n que, seg\u00fan nuestro conocimiento, cumplen con las leyes aplicables de las jurisdicciones en las que operan. RSA exige que sus proveedores certifiquen que cumplen todas las leyes aplicables de las jurisdicciones en las que operan.<\/p>\n<p class=\"translation-block\"><strong>Responsabilidad Interna.<\/strong> RSA y sus empleados est\u00e1n obligados a cumplir con todas las leyes y\/o pol\u00edticas aplicables de las jurisdicciones donde se llevan a cabo los negocios; las pol\u00edticas internas que deben seguirse incluyen <a href=\"https:\/\/www.rsa.com\/wp-content\/uploads\/rsa-code-of-business-conduct-and-ethics.pdf\" rel=\"noopener\" target=\"_blank\">C\u00f3digo de Conducta y \u00c9tica de RSA<\/a>. Las violaciones a estas pol\u00edticas, incluyendo el tr\u00e1fico de personas, la esclavitud, el trabajo infantil y\/o las condiciones laborales no \u00e9ticas, pueden resultar en acciones disciplinarias, hasta e incluyendo la terminaci\u00f3n del empleo, u otras acciones legales seg\u00fan corresponda. RSA tambi\u00e9n mantiene mecanismos de responsabilidad y queja en toda la empresa (por ejemplo, el contacto de \u00c9tica de RSA), que est\u00e1n disponibles tanto para los empleados como para las partes externas.<\/p>\n<p class=\"translation-block\"><strong>Formaci\u00f3n.<\/strong> Aunque actualmente RSA no proporciona a sus empleados y directivos formaci\u00f3n espec\u00edfica sobre la esclavitud y la trata de seres humanos, la formaci\u00f3n sobre <a href=\"https:\/\/www.rsa.com\/wp-content\/uploads\/rsa-code-of-business-conduct-and-ethics.pdf\" rel=\"noopener\" target=\"_blank\">C\u00f3digo de Conducta y \u00c9tica de RSA<\/a> se lleva a cabo para los empleados de nueva contrataci\u00f3n y ante cambios en estas pol\u00edticas.<\/p>\n<p><strong>Fecha de entrada en vigor: 27 de julio de 2022<\/strong><\/p>\n<p><strong>2022 RSA Security USA LLC o sus filiales. Todos los derechos reservados. El logotipo de RSA Conference, RSA y otras marcas comerciales son marcas comerciales de RSA Security LLC o sus filiales. Otras marcas pueden ser marcas comerciales de sus respectivos propietarios.<\/strong><\/p>","protected":false},"excerpt":{"rendered":"<p>RSA apoya los objetivos y esfuerzos de la Ley de Transparencia en las Cadenas de Suministro de California de 2010, que exige a ciertos minoristas y fabricantes que hacen negocios en California que proporcionen informaci\u00f3n sobre sus esfuerzos para eliminar o prevenir la trata de personas, la esclavitud, el trabajo infantil y las condiciones laborales poco \u00e9ticas en su cadena de suministro. RSA respalda los principios de La ... <a href=\"https:\/\/www.rsa.com\/es\/ethical-supply-chain-2022\/\">Contin\u00faa en<\/a><\/p>","protected":false},"author":2,"featured_media":0,"parent":0,"menu_order":0,"comment_status":"closed","ping_status":"closed","template":"template-policy.blade.php","meta":{"_acf_changed":false,"_searchwp_excluded":"","inline_featured_image":false,"footnotes":""},"class_list":["post-35864","page","type-page","status-publish","hentry"],"acf":[],"yoast_head":"<!-- This site is optimized with the Yoast SEO plugin v27.4 - https:\/\/yoast.com\/product\/yoast-seo-wordpress\/ -->\n<title>Ethical Supply Chain 2022 - RSA<\/title>\n<meta name=\"description\" content=\"RSA provides this statement pursuant to the applicable laws concerning modern slavery.\" \/>\n<meta name=\"robots\" content=\"noindex, follow\" \/>\n<meta property=\"og:locale\" content=\"es_ES\" \/>\n<meta property=\"og:type\" content=\"article\" \/>\n<meta property=\"og:title\" content=\"Ethical Supply Chain 2022\" \/>\n<meta property=\"og:description\" content=\"RSA provides this statement pursuant to the applicable laws concerning modern slavery.\" \/>\n<meta property=\"og:url\" content=\"https:\/\/www.rsa.com\/es\/ethical-supply-chain-2022\/\" \/>\n<meta property=\"og:site_name\" content=\"RSA\" \/>\n<meta property=\"article:modified_time\" content=\"2026-04-02T00:45:44+00:00\" \/>\n<meta property=\"og:image\" content=\"https:\/\/www.rsa.com\/wp-content\/uploads\/rsa-og-image.webp\" \/>\n\t<meta property=\"og:image:width\" content=\"1200\" \/>\n\t<meta property=\"og:image:height\" content=\"630\" \/>\n\t<meta property=\"og:image:type\" content=\"image\/webp\" \/>\n<meta name=\"twitter:card\" content=\"summary_large_image\" \/>\n<meta name=\"twitter:title\" content=\"Ethical Supply Chain 2022\" \/>\n<meta name=\"twitter:description\" content=\"RSA provides this statement pursuant to the applicable laws concerning modern slavery.\" \/>\n<script type=\"application\/ld+json\" class=\"yoast-schema-graph\">{\"@context\":\"https:\\\/\\\/schema.org\",\"@graph\":[{\"@type\":\"WebPage\",\"@id\":\"https:\\\/\\\/www.rsa.com\\\/ethical-supply-chain-2022\\\/\",\"url\":\"https:\\\/\\\/www.rsa.com\\\/ethical-supply-chain-2022\\\/\",\"name\":\"Ethical Supply Chain 2022 - RSA\",\"isPartOf\":{\"@id\":\"https:\\\/\\\/www.rsa.com\\\/#website\"},\"datePublished\":\"2025-12-15T15:45:59+00:00\",\"dateModified\":\"2026-04-02T00:45:44+00:00\",\"description\":\"RSA provides this statement pursuant to the applicable laws concerning modern slavery.\",\"breadcrumb\":{\"@id\":\"https:\\\/\\\/www.rsa.com\\\/ethical-supply-chain-2022\\\/#breadcrumb\"},\"inLanguage\":\"es-ES\",\"potentialAction\":[{\"@type\":\"ReadAction\",\"target\":[\"https:\\\/\\\/www.rsa.com\\\/ethical-supply-chain-2022\\\/\"]}]},{\"@type\":\"BreadcrumbList\",\"@id\":\"https:\\\/\\\/www.rsa.com\\\/ethical-supply-chain-2022\\\/#breadcrumb\",\"itemListElement\":[{\"@type\":\"ListItem\",\"position\":1,\"name\":\"Home\",\"item\":\"https:\\\/\\\/www.rsa.com\\\/\"},{\"@type\":\"ListItem\",\"position\":2,\"name\":\"Ethical Supply Chain 2022\"}]},{\"@type\":\"WebSite\",\"@id\":\"https:\\\/\\\/www.rsa.com\\\/#website\",\"url\":\"https:\\\/\\\/www.rsa.com\\\/\",\"name\":\"RSA\",\"description\":\"Cybersecurity and Digital Risk Management Solutions\",\"publisher\":{\"@id\":\"https:\\\/\\\/www.rsa.com\\\/#organization\"},\"potentialAction\":[{\"@type\":\"SearchAction\",\"target\":{\"@type\":\"EntryPoint\",\"urlTemplate\":\"https:\\\/\\\/www.rsa.com\\\/?s={search_term_string}\"},\"query-input\":{\"@type\":\"PropertyValueSpecification\",\"valueRequired\":true,\"valueName\":\"search_term_string\"}}],\"inLanguage\":\"es-ES\"},{\"@type\":\"Organization\",\"@id\":\"https:\\\/\\\/www.rsa.com\\\/#organization\",\"name\":\"RSA\",\"url\":\"https:\\\/\\\/www.rsa.com\\\/\",\"logo\":{\"@type\":\"ImageObject\",\"inLanguage\":\"es-ES\",\"@id\":\"https:\\\/\\\/www.rsa.com\\\/#\\\/schema\\\/logo\\\/image\\\/\",\"url\":\"https:\\\/\\\/www.rsa.com\\\/wp-content\\\/uploads\\\/rsa.png\",\"contentUrl\":\"https:\\\/\\\/www.rsa.com\\\/wp-content\\\/uploads\\\/rsa.png\",\"width\":2880,\"height\":1020,\"caption\":\"RSA\"},\"image\":{\"@id\":\"https:\\\/\\\/www.rsa.com\\\/#\\\/schema\\\/logo\\\/image\\\/\"}}]}<\/script>\n<!-- \/ Yoast SEO plugin. -->","yoast_head_json":{"title":"Cadena de suministro \u00e9tica 2022 - RSA","description":"RSA proporciona esta declaraci\u00f3n de conformidad con las leyes aplicables relativas a la esclavitud moderna.","robots":{"index":"noindex","follow":"follow"},"og_locale":"es_ES","og_type":"article","og_title":"Ethical Supply Chain 2022","og_description":"RSA provides this statement pursuant to the applicable laws concerning modern slavery.","og_url":"https:\/\/www.rsa.com\/es\/ethical-supply-chain-2022\/","og_site_name":"RSA","article_modified_time":"2026-04-02T00:45:44+00:00","og_image":[{"width":1200,"height":630,"url":"https:\/\/www.rsa.com\/wp-content\/uploads\/rsa-og-image.webp","type":"image\/webp"}],"twitter_card":"summary_large_image","twitter_title":"Ethical Supply Chain 2022","twitter_description":"RSA provides this statement pursuant to the applicable laws concerning modern slavery.","schema":{"@context":"https:\/\/schema.org","@graph":[{"@type":"WebPage","@id":"https:\/\/www.rsa.com\/ethical-supply-chain-2022\/","url":"https:\/\/www.rsa.com\/ethical-supply-chain-2022\/","name":"Cadena de suministro \u00e9tica 2022 - RSA","isPartOf":{"@id":"https:\/\/www.rsa.com\/#website"},"datePublished":"2025-12-15T15:45:59+00:00","dateModified":"2026-04-02T00:45:44+00:00","description":"RSA proporciona esta declaraci\u00f3n de conformidad con las leyes aplicables relativas a la esclavitud moderna.","breadcrumb":{"@id":"https:\/\/www.rsa.com\/ethical-supply-chain-2022\/#breadcrumb"},"inLanguage":"es-ES","potentialAction":[{"@type":"ReadAction","target":["https:\/\/www.rsa.com\/ethical-supply-chain-2022\/"]}]},{"@type":"BreadcrumbList","@id":"https:\/\/www.rsa.com\/ethical-supply-chain-2022\/#breadcrumb","itemListElement":[{"@type":"ListItem","position":1,"name":"Home","item":"https:\/\/www.rsa.com\/"},{"@type":"ListItem","position":2,"name":"Ethical Supply Chain 2022"}]},{"@type":"WebSite","@id":"https:\/\/www.rsa.com\/#website","url":"https:\/\/www.rsa.com\/","name":"RSA","description":"Soluciones de ciberseguridad y gesti\u00f3n de riesgos digitales","publisher":{"@id":"https:\/\/www.rsa.com\/#organization"},"potentialAction":[{"@type":"SearchAction","target":{"@type":"EntryPoint","urlTemplate":"https:\/\/www.rsa.com\/?s={search_term_string}"},"query-input":{"@type":"PropertyValueSpecification","valueRequired":true,"valueName":"search_term_string"}}],"inLanguage":"es-ES"},{"@type":"Organization","@id":"https:\/\/www.rsa.com\/#organization","name":"RSA","url":"https:\/\/www.rsa.com\/","logo":{"@type":"ImageObject","inLanguage":"es-ES","@id":"https:\/\/www.rsa.com\/#\/schema\/logo\/image\/","url":"https:\/\/www.rsa.com\/wp-content\/uploads\/rsa.png","contentUrl":"https:\/\/www.rsa.com\/wp-content\/uploads\/rsa.png","width":2880,"height":1020,"caption":"RSA"},"image":{"@id":"https:\/\/www.rsa.com\/#\/schema\/logo\/image\/"}}]}},"_links":{"self":[{"href":"https:\/\/www.rsa.com\/es\/wp-json\/wp\/v2\/pages\/35864","targetHints":{"allow":["GET"]}}],"collection":[{"href":"https:\/\/www.rsa.com\/es\/wp-json\/wp\/v2\/pages"}],"about":[{"href":"https:\/\/www.rsa.com\/es\/wp-json\/wp\/v2\/types\/page"}],"author":[{"embeddable":true,"href":"https:\/\/www.rsa.com\/es\/wp-json\/wp\/v2\/users\/2"}],"replies":[{"embeddable":true,"href":"https:\/\/www.rsa.com\/es\/wp-json\/wp\/v2\/comments?post=35864"}],"version-history":[{"count":1,"href":"https:\/\/www.rsa.com\/es\/wp-json\/wp\/v2\/pages\/35864\/revisions"}],"predecessor-version":[{"id":35865,"href":"https:\/\/www.rsa.com\/es\/wp-json\/wp\/v2\/pages\/35864\/revisions\/35865"}],"wp:attachment":[{"href":"https:\/\/www.rsa.com\/es\/wp-json\/wp\/v2\/media?parent=35864"}],"curies":[{"name":"wp","href":"https:\/\/api.w.org\/{rel}","templated":true}]}}