{"id":3543,"date":"2022-08-04T15:50:37","date_gmt":"2022-08-04T19:50:37","guid":{"rendered":"https:\/\/www.rsa.com\/?page_id=3543"},"modified":"2025-06-05T16:09:32","modified_gmt":"2025-06-05T20:09:32","slug":"supplier-principles","status":"publish","type":"page","link":"https:\/\/www.rsa.com\/es\/supplier-principles\/","title":{"rendered":"Principios para proveedores"},"content":{"rendered":"<h4>1. Introducci\u00f3n<\/h4>\n<p>RSA est\u00e1 comprometida con las pr\u00e1cticas empresariales responsables y con altos est\u00e1ndares de comportamiento \u00e9tico. Esto incluye exigir a nuestros proveedores un alto nivel de excelencia, tal y como se define en la legislaci\u00f3n vigente, en las normas y convenciones internacionales reconocidas y en las mejores pr\u00e1cticas mundiales.<\/p>\n<h4>2. Alcance<\/h4>\n<p>Estos principios son aplicables a las partes que trabajan con RSA, incluidos proveedores, empleados de proveedores, contratistas y subcontratistas (\"Proveedores\").<\/p>\n<h4>3. Declaraci\u00f3n de principios<\/h4>\n<p>Los Proveedores de RSA deben cumplir:<\/p>\n<ul>\n<li>Todas las leyes, reglamentos y requisitos de compra aplicables, incluidas las FAR y las DFARS.<\/li>\n<li class=\"translation-block\">El <a href=\"https:\/\/www.rsa.com\/wp-content\/uploads\/rsa-code-of-business-conduct-and-ethics.pdf\" rel=\"noopener\" target=\"_blank\">C\u00f3digo de conducta de la AAR<\/a><\/li>\n<li>Convenciones pertinentes de la ONU, incluidas la Declaraci\u00f3n de Derechos Humanos y la Convenci\u00f3n sobre los Derechos del Ni\u00f1o.<\/li>\n<li>Sistemas pertinentes de gesti\u00f3n de la calidad, el medio ambiente, la salud y la seguridad, etc.<\/li>\n<\/ul>\n<p>RSA aplica estos principios reforzando el requisito general de que los proveedores cumplan o superen todas las leyes y normas reconocidas aplicables.<\/p>\n<p>Reconocemos que no todos los compromisos o actividades de los proveedores con RSA se aplicar\u00e1n por igual a todos los proveedores. Por lo tanto, dirigimos los requisitos de los proveedores y la divulgaci\u00f3n hacia aquellos proveedores que han sido priorizados en funci\u00f3n de la naturaleza de su negocio y la evaluaci\u00f3n hol\u00edstica de riesgos.<\/p>\n<p>Los Proveedores declaran (en su nombre y en el de sus empleados, agentes y consultores) que han recibido y est\u00e1n de acuerdo con estos principios, y se compromete a cumplirlos, as\u00ed como a cualquier actualizaci\u00f3n que pueda realizar RSA.<\/p>\n<p>Estos principios deber\u00e1n respetarse a partir del inicio de las actividades objeto del contrato suscrito entre RSA y el Proveedor.<\/p>\n<h4>4. Cumplimiento de la legislaci\u00f3n y las normas internacionales<\/h4>\n<h5>Cumplimiento de todas las leyes y reglamentos<\/h5>\n<p>Es esencial para una cadena de suministro social y medioambientalmente responsable que todas las personas, incluidos los Proveedores, se comporten de forma legal y \u00e9tica. RSA y los Proveedores de RSA deber\u00e1n cumplir con todas las leyes y reglamentos aplicables.<\/p>\n<h5>Anticorrupci\u00f3n<\/h5>\n<p>Los proveedores deber\u00e1n cumplir la Ley de Pr\u00e1cticas Corruptas en el Extranjero, la Ley de Soborno del Reino Unido de 2010 y todas las leyes locales aplicables relativas a la lucha contra la corrupci\u00f3n o el soborno (\"Leyes Anticorrupci\u00f3n\").<\/p>\n<h4>5. Compromisos pol\u00edticos b\u00e1sicos de RSA y requisitos para proveedores<\/h4>\n<p>RSA impone requisitos espec\u00edficos a sus Proveedores con respecto a las siguientes \u00e1reas tem\u00e1ticas:<\/p>\n<h5>Reglamento Federal de Adquisiciones<\/h5>\n<p>Si RSA proporciona los productos o servicios del Proveedor bajo un contrato principal o subcontrato del gobierno de los Estados Unidos, el Proveedor deber\u00e1 cumplir con las siguientes disposiciones de las Regulaciones Federales de Adquisici\u00f3n, publicadas en el T\u00edtulo 48 del C\u00f3digo de Regulaciones Federales de los Estados Unidos (CFR) en 52.244-6: 52.203-13, C\u00f3digo de \u00c9tica y Conducta Empresarial del Contratista; 52.219-8, Utilizaci\u00f3n de Peque\u00f1as Empresas; 52. 222-26, Igualdad de Oportunidades; 52.222-35, Igualdad de Oportunidades para Veteranos; 52.222-36, Acci\u00f3n Afirmativa para Trabajadores Discapacitados; 52.222-40, Notificaci\u00f3n de los Derechos de los Empleados Bajo la222-26, Equal Opportunity (Igualdad de oportunidades); 52.222-35, Equal Opportunity for Veterans (Igualdad de oportunidades para veteranos); 52.222-36, Affirmative Action for Workers with Disabilities (Acci\u00f3n afirmativa para trabajadores discapacitados); 52.222-40, Notification of Employee Rights Under the National Labor Relations Act (Notificaci\u00f3n de los derechos de los empleados seg\u00fan la Ley nacional de relaciones laborales); 52.222-50, Combating Trafficking in Persons (Lucha contra el tr\u00e1fico de personas); 52.232-40, Providing Accelerated Payments to Small Business Subcontractors (Pagos acelerados a subcontratistas de peque\u00f1as empresas) y 52.247-64, Preference for Privately Owned U.S.-de propiedad privada. El proveedor tambi\u00e9n deber\u00e1 cumplir los requisitos de 41 CFR \u00a7\u00a7 60-l.4(a), 60- 300.5(a) y 60- 741.5(a), que proh\u00edben la discriminaci\u00f3n contra personas cualificadas por su condici\u00f3n de veteranos protegidos o personas con discapacidades, y proh\u00edben la discriminaci\u00f3n contra todas las personas por motivos de raza, color, religi\u00f3n, sexo u origen nacional. El Proveedor tambi\u00e9n deber\u00e1 cumplir con las disposiciones de 48 CFR 52.204-21 y 48 CFR 252.204-7012 si: (i) el desempe\u00f1o del Proveedor implica el acceso a \"informaci\u00f3n contractual federal\" o \"informaci\u00f3n de defensa cubierta\" (seg\u00fan se definen estos t\u00e9rminos en 48 CFR 52.204(a) y 48 CFR 252.204-7012(a), respectivamente); y (ii) el Proveedor suministra art\u00edculos que no son comerciales listos para usar.<\/p>\n<h5>Condiciones de trabajo, trabajo forzado y trata de seres humanos<\/h5>\n<p>RSA se compromete a defender los derechos humanos de los trabajadores en cualquier nivel de su cadena de suministro y a tratarlos con dignidad y respeto. Entre los trabajadores se incluyen los empleados directos, los trabajadores temporales, los trabajadores migrantes, los estudiantes, los trabajadores contratados y cualquier otra persona que preste servicios laborales y de empleo al Proveedor. El trabajo forzado, en r\u00e9gimen de servidumbre (incluida la servidumbre por deudas) o en r\u00e9gimen de servidumbre, el trabajo involuntario en prisi\u00f3n, la esclavitud o la trata de personas de cualquier edad no se utilizar\u00e1n en ning\u00fan nivel de la cadena de suministro.<\/p>\n<ul>\n<li>Los empresarios y agentes no pueden utilizar pr\u00e1cticas enga\u00f1osas o fraudulentas durante la contrataci\u00f3n de empleados.<\/li>\n<li>El trabajo infantil no puede utilizarse en ning\u00fan eslab\u00f3n de la cadena de suministro.<\/li>\n<\/ul>\n<p>RSA se reserva el derecho de tomar todas las medidas disponibles contra los Proveedores por violaciones de su Pol\u00edtica de Trabajadores Vulnerables, incluyendo, sin limitaci\u00f3n, la terminaci\u00f3n o reducci\u00f3n del negocio, las frecuentes auditor\u00edas de cumplimiento requeridas in situ a expensas del Proveedor, la indemnizaci\u00f3n de los empleados a expensas del Proveedor y\/o la terminaci\u00f3n del contrato de RSA con el Proveedor.<\/p>\n<h5>Minerales y extractivos<\/h5>\n<p>RSA est\u00e1 comprometida con el abastecimiento responsable de los materiales utilizados en los productos, y espera que nuestros proveedores se adhieran a los mismos altos est\u00e1ndares.<\/p>\n<h5>Diversidad de proveedores<\/h5>\n<p>RSA cree que una cadena de suministro \u00e9tica y diversa es una parte vital de nuestro negocio. Cada proveedor debe cumplir los siguientes requisitos de diversidad (1) cumplir con todas las leyes y reglamentos aplicables dirigidos a los proveedores de entidades gubernamentales; (2) realizar esfuerzos razonables para contratar a empresas propiedad de minor\u00edas, empresas propiedad de mujeres y empresas propiedad de LGBT si el Proveedor contrata a subcontratistas para proporcionar cualquier producto o para apoyar las operaciones comerciales generales del Proveedor; (3) realizar esfuerzos comercialmente razonables para contratar a peque\u00f1as empresas seg\u00fan la definici\u00f3n de la Administraci\u00f3n de Peque\u00f1as Empresas de los Estados Unidos (incluyendo subcategor\u00edas de peque\u00f1as empresas tales como peque\u00f1as empresas en desventaja, peque\u00f1as empresas propiedad de mujeres, empresas propiedad de veteranos, empresas propiedad de veteranos discapacitados en servicio y empresas de la zona HUB) si el Proveedor contrata subcontratistas en los Estados Unidos para proporcionar cualquier entregable o para apoyar las operaciones comerciales generales del Proveedor; (4) mantener registros precisos de los esfuerzos del Proveedor en virtud de esta disposici\u00f3n; y (5) informar a la RSA, a petici\u00f3n de la RSA, de los gastos del Proveedor con empresas propiedad de minor\u00edas, empresas propiedad de mujeres, peque\u00f1as empresas y empresas propiedad de LGBT.<\/p>\n<h5>Evitar conflictos de intereses<\/h5>\n<p>Cualquier circunstancia en la que la capacidad de un Proveedor para actuar con objetividad se vea comprometida se considera un conflicto de intereses. Dado que RSA desea mantener una asociaci\u00f3n libre de conflictos, solicitamos que en caso de que surja una situaci\u00f3n conflictiva entre RSA y un Proveedor o cualquiera de sus empleados, el Proveedor informe de todos los detalles pertinentes a RSA. Esto incluye, pero no se limita a, estrechas relaciones personales o familiares con aquellos en RSA o el dar o recibir lujosas cortes\u00edas de negocios.<\/p>\n<h5>Mejora continua<\/h5>\n<p>RSA est\u00e1 comprometida con el abastecimiento responsable. Los proveedores deben cumplir las normas especificadas en esta secci\u00f3n, pero animamos a los proveedores a ver la sostenibilidad como un viaje de mejora continua. Con un enfoque en la autoevaluaci\u00f3n, la propiedad interna y la auto-rendici\u00f3n de cuentas, los Proveedores de RSA pueden hacer cambios que traer\u00e1n un impacto duradero y sostenible no s\u00f3lo a sus propias instalaciones y operaciones, sino tambi\u00e9n a las de sus propios proveedores.<\/p>\n<h4>6. 6. Seguridad de la informaci\u00f3n<\/h4>\n<p>Para establecer los conceptos y lineamientos de seguridad de la informaci\u00f3n de RSA y de sus clientes, los Proveedores que tengan acceso f\u00edsico o l\u00f3gico a la informaci\u00f3n, sistemas o ubicaciones de RSA o de sus clientes, deber\u00e1n cumplir con lo siguiente:<\/p>\n<ul>\n<li>La informaci\u00f3n, ya sea en formato impreso o electr\u00f3nico, y los entornos tecnol\u00f3gicos utilizados por los Proveedores son propiedad exclusiva de RSA y no son para uso personal.<\/li>\n<li>Los proveedores deben disponer de una identificaci\u00f3n \u00fanica (tanto f\u00edsica como digital), personal e intransferible, que permita identificar a la parte por los servicios que presta.<\/li>\n<li>Los derechos de acceso deben respetar siempre el principio del menor privilegio, seg\u00fan el cual los usuarios s\u00f3lo deben tener los permisos necesarios para la ejecuci\u00f3n de sus tareas.<\/li>\n<li>La informaci\u00f3n confidencial, como las contrase\u00f1as y cualquier otra informaci\u00f3n que posean los proveedores en el transcurso de su trabajo, debe mantenerse siempre como alto secreto; est\u00e1 estrictamente prohibido compartir esta informaci\u00f3n.<\/li>\n<li>Los Proveedores se comprometen, y son responsables de sus empleados, agentes, consultores y\/o representantes que tengan necesidad de acceder a informaci\u00f3n confidencial, a mantener la misma bajo confidencialidad, y a no copiar, vender, ceder, licenciar, comercializar, transferir, o de cualquier otra forma transmitir, divulgar, o facilitar dicha informaci\u00f3n a terceros ajenos al contrato, ni a utilizar la informaci\u00f3n para ning\u00fan fin, salvo previa autorizaci\u00f3n expresa y por escrito.<\/li>\n<li>La informaci\u00f3n de RSA y de sus clientes debe tratarse de forma \u00e9tica y confidencial. S\u00f3lo debe utilizarse para los fines para los que fue autorizada.<\/li>\n<li>Todos los Proveedores deben ser conscientes de que el uso de la informaci\u00f3n y de los sistemas de informaci\u00f3n puede ser controlado sin previo aviso, y que los registros obtenidos por este medio pueden servir como prueba a efectos legales.<\/li>\n<li>La informaci\u00f3n debe utilizarse de forma transparente y s\u00f3lo para el fin para el que se recopil\u00f3 y\/o con fines estad\u00edsticos, sin identificar a los clientes de RSA ni revelar caracter\u00edsticas del sistema espec\u00edficas del cliente.<\/li>\n<\/ul>\n<h4>7. Notificaci\u00f3n de presuntas infracciones<\/h4>\n<p>Las preguntas sobre cuestiones espec\u00edficas que puedan surgir en una relaci\u00f3n comercial con RSA pueden remitirse a los siguientes contactos:<\/p>\n<ul>\n<li class=\"translation-block\">RSA Ethics en <a href=\"mailto:ethics@rsa.com\" rel=\"noopener\" target=\"_blank\">ethics@rsa.com<\/a><\/li>\n<li class=\"translation-block\">Presente una denuncia en <a href=\"http:\/\/www.lighthouse-services.com\/rsa\" rel=\"noopener\" target=\"_blank\">www.lighthouse-services.com\/rsa<\/a><br>\r\n(Tenga en cuenta que las leyes y procedimientos de denuncia var\u00edan de un pa\u00eds a otro, as\u00ed que revise cualquier orientaci\u00f3n proporcionada antes de seguir adelante).<\/li>\n<\/ul>\n<p>Se espera que los proveedores, de acuerdo con las leyes aplicables y las obligaciones contractuales, proporcionen una ayuda razonable a cualquier investigaci\u00f3n de la RSA sobre una violaci\u00f3n de este C\u00f3digo o de las leyes aplicables y que permitan a la RSA un acceso razonable a todas las instalaciones, registros y documentaci\u00f3n relativa a su cumplimiento de este C\u00f3digo y de las leyes aplicables a ellos o a su suministro de productos y servicios a la RSA.<\/p>\n<p>&nbsp;<\/p>\n<p><strong>Fecha de entrada en vigor: 17 de febrero de 2025<\/strong><\/p>\n<p>\u00a92025 RSA Security USA LLC o sus filiales. Todos los derechos reservados. El logotipo de RSA Conference, RSA y otras marcas comerciales son marcas comerciales de RSA Security USA LLC o sus filiales. Otras marcas pueden ser marcas comerciales de sus respectivos propietarios.<\/p>","protected":false},"excerpt":{"rendered":"<p>1. Introducci\u00f3n RSA est\u00e1 comprometida con las pr\u00e1cticas empresariales responsables y con altos est\u00e1ndares de comportamiento \u00e9tico. Esto incluye exigir a nuestros proveedores un alto nivel de excelencia, tal y como se define en las leyes vigentes, en las normas y convenciones internacionales reconocidas y en las mejores pr\u00e1cticas globales. 2. \u00c1mbito de aplicaci\u00f3n Estos principios son aplicables a las partes que trabajan con RSA, incluyendo proveedores, empleados de proveedores, ... <a href=\"https:\/\/www.rsa.com\/es\/supplier-principles\/\">Contin\u00faa en<\/a><\/p>","protected":false},"author":2,"featured_media":0,"parent":0,"menu_order":0,"comment_status":"closed","ping_status":"closed","template":"template-policy.blade.php","meta":{"_acf_changed":false,"_searchwp_excluded":"","inline_featured_image":false,"footnotes":""},"class_list":["post-3543","page","type-page","status-publish","hentry"],"acf":[],"yoast_head":"<!-- This site is optimized with the Yoast SEO plugin v27.4 - https:\/\/yoast.com\/product\/yoast-seo-wordpress\/ -->\n<title>Supplier Principles - RSA<\/title>\n<meta name=\"robots\" content=\"index, follow, max-snippet:-1, max-image-preview:large, max-video-preview:-1\" \/>\n<link rel=\"canonical\" href=\"https:\/\/www.rsa.com\/es\/supplier-principles\/\" \/>\n<meta property=\"og:locale\" content=\"es_ES\" \/>\n<meta property=\"og:type\" content=\"article\" \/>\n<meta property=\"og:title\" content=\"Supplier Principles - RSA\" \/>\n<meta property=\"og:description\" content=\"1. Introduction RSA is committed to responsible business practices and to high standards of ethical behavior. This includes holding our suppliers to high standards of excellence as defined in governing laws, recognized international standards and conventions, and global best practices. 2. Scope These principles are applicable to parties working with RSA, including suppliers, supplier employees, &hellip; Continued\" \/>\n<meta property=\"og:url\" content=\"https:\/\/www.rsa.com\/es\/supplier-principles\/\" \/>\n<meta property=\"og:site_name\" content=\"RSA\" \/>\n<meta property=\"article:modified_time\" content=\"2025-06-05T20:09:32+00:00\" \/>\n<meta property=\"og:image\" content=\"https:\/\/www.rsa.com\/wp-content\/uploads\/rsa-og-image.webp\" \/>\n\t<meta property=\"og:image:width\" content=\"1200\" \/>\n\t<meta property=\"og:image:height\" content=\"630\" \/>\n\t<meta property=\"og:image:type\" content=\"image\/webp\" \/>\n<meta name=\"twitter:card\" content=\"summary_large_image\" \/>\n<script type=\"application\/ld+json\" class=\"yoast-schema-graph\">{\"@context\":\"https:\\\/\\\/schema.org\",\"@graph\":[{\"@type\":\"WebPage\",\"@id\":\"https:\\\/\\\/www.rsa.com\\\/pt_br\\\/supplier-principles\\\/\",\"url\":\"https:\\\/\\\/www.rsa.com\\\/pt_br\\\/supplier-principles\\\/\",\"name\":\"Supplier Principles - RSA\",\"isPartOf\":{\"@id\":\"https:\\\/\\\/www.rsa.com\\\/#website\"},\"datePublished\":\"2022-08-04T19:50:37+00:00\",\"dateModified\":\"2025-06-05T20:09:32+00:00\",\"breadcrumb\":{\"@id\":\"https:\\\/\\\/www.rsa.com\\\/pt_br\\\/supplier-principles\\\/#breadcrumb\"},\"inLanguage\":\"es-ES\",\"potentialAction\":[{\"@type\":\"ReadAction\",\"target\":[\"https:\\\/\\\/www.rsa.com\\\/pt_br\\\/supplier-principles\\\/\"]}]},{\"@type\":\"BreadcrumbList\",\"@id\":\"https:\\\/\\\/www.rsa.com\\\/pt_br\\\/supplier-principles\\\/#breadcrumb\",\"itemListElement\":[{\"@type\":\"ListItem\",\"position\":1,\"name\":\"Home\",\"item\":\"https:\\\/\\\/www.rsa.com\\\/\"},{\"@type\":\"ListItem\",\"position\":2,\"name\":\"Supplier Principles\"}]},{\"@type\":\"WebSite\",\"@id\":\"https:\\\/\\\/www.rsa.com\\\/#website\",\"url\":\"https:\\\/\\\/www.rsa.com\\\/\",\"name\":\"RSA\",\"description\":\"Cybersecurity and Digital Risk Management Solutions\",\"publisher\":{\"@id\":\"https:\\\/\\\/www.rsa.com\\\/#organization\"},\"potentialAction\":[{\"@type\":\"SearchAction\",\"target\":{\"@type\":\"EntryPoint\",\"urlTemplate\":\"https:\\\/\\\/www.rsa.com\\\/?s={search_term_string}\"},\"query-input\":{\"@type\":\"PropertyValueSpecification\",\"valueRequired\":true,\"valueName\":\"search_term_string\"}}],\"inLanguage\":\"es-ES\"},{\"@type\":\"Organization\",\"@id\":\"https:\\\/\\\/www.rsa.com\\\/#organization\",\"name\":\"RSA\",\"url\":\"https:\\\/\\\/www.rsa.com\\\/\",\"logo\":{\"@type\":\"ImageObject\",\"inLanguage\":\"es-ES\",\"@id\":\"https:\\\/\\\/www.rsa.com\\\/#\\\/schema\\\/logo\\\/image\\\/\",\"url\":\"https:\\\/\\\/www.rsa.com\\\/wp-content\\\/uploads\\\/rsa.png\",\"contentUrl\":\"https:\\\/\\\/www.rsa.com\\\/wp-content\\\/uploads\\\/rsa.png\",\"width\":2880,\"height\":1020,\"caption\":\"RSA\"},\"image\":{\"@id\":\"https:\\\/\\\/www.rsa.com\\\/#\\\/schema\\\/logo\\\/image\\\/\"}}]}<\/script>\n<!-- \/ Yoast SEO plugin. -->","yoast_head_json":{"title":"Principios para proveedores - RSA","robots":{"index":"index","follow":"follow","max-snippet":"max-snippet:-1","max-image-preview":"max-image-preview:large","max-video-preview":"max-video-preview:-1"},"canonical":"https:\/\/www.rsa.com\/es\/supplier-principles\/","og_locale":"es_ES","og_type":"article","og_title":"Supplier Principles - RSA","og_description":"1. Introduction RSA is committed to responsible business practices and to high standards of ethical behavior. This includes holding our suppliers to high standards of excellence as defined in governing laws, recognized international standards and conventions, and global best practices. 2. Scope These principles are applicable to parties working with RSA, including suppliers, supplier employees, &hellip; Continued","og_url":"https:\/\/www.rsa.com\/es\/supplier-principles\/","og_site_name":"RSA","article_modified_time":"2025-06-05T20:09:32+00:00","og_image":[{"width":1200,"height":630,"url":"https:\/\/www.rsa.com\/wp-content\/uploads\/rsa-og-image.webp","type":"image\/webp"}],"twitter_card":"summary_large_image","schema":{"@context":"https:\/\/schema.org","@graph":[{"@type":"WebPage","@id":"https:\/\/www.rsa.com\/pt_br\/supplier-principles\/","url":"https:\/\/www.rsa.com\/pt_br\/supplier-principles\/","name":"Principios para proveedores - RSA","isPartOf":{"@id":"https:\/\/www.rsa.com\/#website"},"datePublished":"2022-08-04T19:50:37+00:00","dateModified":"2025-06-05T20:09:32+00:00","breadcrumb":{"@id":"https:\/\/www.rsa.com\/pt_br\/supplier-principles\/#breadcrumb"},"inLanguage":"es-ES","potentialAction":[{"@type":"ReadAction","target":["https:\/\/www.rsa.com\/pt_br\/supplier-principles\/"]}]},{"@type":"BreadcrumbList","@id":"https:\/\/www.rsa.com\/pt_br\/supplier-principles\/#breadcrumb","itemListElement":[{"@type":"ListItem","position":1,"name":"Home","item":"https:\/\/www.rsa.com\/"},{"@type":"ListItem","position":2,"name":"Supplier Principles"}]},{"@type":"WebSite","@id":"https:\/\/www.rsa.com\/#website","url":"https:\/\/www.rsa.com\/","name":"RSA","description":"Soluciones de ciberseguridad y gesti\u00f3n de riesgos digitales","publisher":{"@id":"https:\/\/www.rsa.com\/#organization"},"potentialAction":[{"@type":"SearchAction","target":{"@type":"EntryPoint","urlTemplate":"https:\/\/www.rsa.com\/?s={search_term_string}"},"query-input":{"@type":"PropertyValueSpecification","valueRequired":true,"valueName":"search_term_string"}}],"inLanguage":"es-ES"},{"@type":"Organization","@id":"https:\/\/www.rsa.com\/#organization","name":"RSA","url":"https:\/\/www.rsa.com\/","logo":{"@type":"ImageObject","inLanguage":"es-ES","@id":"https:\/\/www.rsa.com\/#\/schema\/logo\/image\/","url":"https:\/\/www.rsa.com\/wp-content\/uploads\/rsa.png","contentUrl":"https:\/\/www.rsa.com\/wp-content\/uploads\/rsa.png","width":2880,"height":1020,"caption":"RSA"},"image":{"@id":"https:\/\/www.rsa.com\/#\/schema\/logo\/image\/"}}]}},"_links":{"self":[{"href":"https:\/\/www.rsa.com\/es\/wp-json\/wp\/v2\/pages\/3543","targetHints":{"allow":["GET"]}}],"collection":[{"href":"https:\/\/www.rsa.com\/es\/wp-json\/wp\/v2\/pages"}],"about":[{"href":"https:\/\/www.rsa.com\/es\/wp-json\/wp\/v2\/types\/page"}],"author":[{"embeddable":true,"href":"https:\/\/www.rsa.com\/es\/wp-json\/wp\/v2\/users\/2"}],"replies":[{"embeddable":true,"href":"https:\/\/www.rsa.com\/es\/wp-json\/wp\/v2\/comments?post=3543"}],"version-history":[{"count":15,"href":"https:\/\/www.rsa.com\/es\/wp-json\/wp\/v2\/pages\/3543\/revisions"}],"predecessor-version":[{"id":34044,"href":"https:\/\/www.rsa.com\/es\/wp-json\/wp\/v2\/pages\/3543\/revisions\/34044"}],"wp:attachment":[{"href":"https:\/\/www.rsa.com\/es\/wp-json\/wp\/v2\/media?parent=3543"}],"curies":[{"name":"wp","href":"https:\/\/api.w.org\/{rel}","templated":true}]}}