{"id":3525,"date":"2022-08-03T15:40:27","date_gmt":"2022-08-03T19:40:27","guid":{"rendered":"https:\/\/www.rsa.com\/?page_id=3525"},"modified":"2025-12-15T10:49:41","modified_gmt":"2025-12-15T15:49:41","slug":"ethical-supply-chain-statement","status":"publish","type":"page","link":"https:\/\/www.rsa.com\/es\/ethical-supply-chain-statement\/","title":{"rendered":"Cadena de suministro \u00e9tica"},"content":{"rendered":"<p>RSA ofrece una soluci\u00f3n Unified Identity Platform basada en inteligencia artificial para proteger a las organizaciones m\u00e1s seguras del mundo, proporcionando inteligencia de identidad automatizada, autenticaci\u00f3n, acceso, gobernanza y capacidades de ciclo de vida para reducir riesgos, garantizar la autenticaci\u00f3n, mantener el cumplimiento normativo y automatizar procesos. RSA presta servicio a clientes de todo el mundo, incluidos bancos, cooperativas de cr\u00e9dito, otras instituciones financieras, clientes corporativos y comerciantes, con el fin de ayudarles a lograr los mejores resultados posibles mediante su compromiso con la innovaci\u00f3n y la excelencia.<\/p>\n<p>La sede central mundial de RSA se encuentra en Estados Unidos. Adem\u00e1s, RSA opera en m\u00e1s de 20 pa\u00edses, ya sea directamente o a trav\u00e9s de filiales. Algunas filiales de RSA operan en el Reino Unido, Canad\u00e1 o Australia y, en la actualidad, no entran dentro del \u00e1mbito de aplicaci\u00f3n de las leyes contra la esclavitud, pero pueden hacerlo, de un a\u00f1o a otro, en funci\u00f3n de los ingresos anuales.<\/p>\n<p>RSA apoya los objetivos y esfuerzos de la Ley de Transparencia en las Cadenas de Suministro de California de 2010, que exige a determinados minoristas y fabricantes que operan en California que proporcionen informaci\u00f3n sobre sus esfuerzos para eliminar o prevenir la trata de personas, la esclavitud, el trabajo infantil y las condiciones laborales poco \u00e9ticas en su cadena de suministro. RSA respalda los principios de la Ley de Lucha contra el Trabajo Forzoso y el Trabajo Infantil en las Cadenas de Suministro (2023), la Ley contra la Esclavitud Moderna de 2015 (Reino Unido) y la Ley contra la Esclavitud Moderna de Australia de 2018 (Cth), y se compromete a continuar y mejorar los esfuerzos de RSA para identificar y mitigar los riesgos de la esclavitud moderna y la trata de personas en los negocios y las cadenas de suministro de RSA. Con este fin, RSA proporciona esta declaraci\u00f3n de conformidad con las leyes aplicables en materia de esclavitud moderna, incluidas las mencionadas anteriormente.<\/p>\n<p>RSA se compromete a tratar a todos los trabajadores con respeto y dignidad, a garantizar unas condiciones de trabajo seguras y a llevar a cabo operaciones \u00e9ticas y responsables con el medio ambiente. RSA trabaja con informaci\u00f3n confidencial y servicios de seguridad, por lo que mantiene los m\u00e1s altos est\u00e1ndares de integridad, \u00e9tica y confianza. Adem\u00e1s, la RSA se rige por las normas m\u00e1s estrictas de las leyes y la \u00e9tica de las jurisdicciones aplicables a todas las operaciones comerciales. <\/p>\n<p class=\"translation-block\"><strong>Verificaci\u00f3n.<\/strong> Por lo general, RSA se asegura de que los materiales adquiridos a los proveedores tengan una cadena de suministro bien establecida, de buena reputaci\u00f3n y que cumpla con los requisitos legales de las jurisdicciones en las que operan. RSA cree que sus proveedores no practican el tr\u00e1fico ilegal de seres humanos, la esclavitud, el trabajo infantil y\/o condiciones laborales poco \u00e9ticas; sin embargo, ni RSA, ni un tercero, realizan ninguna investigaci\u00f3n o evaluaci\u00f3n adicional de las cadenas de suministro para evaluar tales cuestiones.<\/p>\n<p><strong>Auditor\u00edas<\/strong>. El Programa de gesti\u00f3n de riesgos de terceros de RSA establece los principios rectores, las normas y las estructuras de gobernanza asociadas para identificar, evaluar, supervisar y mitigar los riesgos asociados a nuestros proveedores. RSA espera que todos sus proveedores cumplan con todas las leyes aplicables, especialmente aquellas que exigen pr\u00e1cticas comerciales \u00e9ticas. Si RSA sospecha que un proveedor est\u00e1 involucrado en tr\u00e1fico ilegal de personas, esclavitud, trabajo infantil y\/o condiciones laborales poco \u00e9ticas, RSA puede investigar el asunto m\u00e1s a fondo en busca de pruebas. Con la excepci\u00f3n de que RSA pueda involucrarse en una investigaci\u00f3n de la cadena de suministro relacionada con las actividades ilegales mencionadas anteriormente, RSA no revisa ni audita a sus proveedores para evaluar su cumplimiento de las leyes contra la esclavitud y el tr\u00e1fico de personas.<\/p>\n<p><strong>Certificaci\u00f3n<\/strong>. RSA realiza negocios con proveedores consolidados y de buena reputaci\u00f3n que, seg\u00fan nuestra informaci\u00f3n, cumplen con las leyes aplicables de las jurisdicciones en las que operan. RSA exige a sus proveedores que certifiquen por s\u00ed mismos que cumplen con todas las leyes aplicables de las jurisdicciones en las que operan.<\/p>\n<p><strong>Responsabilidad<\/strong>. RSA y sus empleados, junto con sus proveedores, est\u00e1n obligados a cumplir todas las leyes y\/o pol\u00edticas aplicables de las jurisdicciones en las que se desarrollan sus actividades; entre las pol\u00edticas internas que deben seguirse se incluyen las siguientes: <a href=\"\/wp-content\/uploads\/rsa-code-of-business-conduct-and-ethics.pdf\" target=\"_blank\">C\u00f3digo de conducta y \u00e9tica de RSA<\/a>. Las infracciones a estas pol\u00edticas, incluyendo la trata de personas, la esclavitud, el trabajo infantil y\/o las condiciones laborales poco \u00e9ticas, el acoso, el soborno, la corrupci\u00f3n y el lavado de dinero, pueden dar lugar a medidas disciplinarias, que pueden incluir la terminaci\u00f3n de nuestra relaci\u00f3n u otras acciones legales seg\u00fan corresponda. RSA tambi\u00e9n mantiene mecanismos de responsabilidad y reclamaci\u00f3n en toda la empresa (por ejemplo, el contacto de RSA Ethics), que est\u00e1n a disposici\u00f3n tanto de los empleados como de terceros. <\/p>\n<p class=\"translation-block\"><strong>Formaci\u00f3n.<\/strong> Aunque actualmente RSA no proporciona a sus empleados y directivos formaci\u00f3n espec\u00edfica sobre la esclavitud y la trata de seres humanos, la formaci\u00f3n sobre <a href=\"https:\/\/www.rsa.com\/wp-content\/uploads\/rsa-code-of-business-conduct-and-ethics.pdf\" rel=\"noopener\" target=\"_blank\">C\u00f3digo de Conducta y \u00c9tica de RSA<\/a> se lleva a cabo para los empleados de nueva contrataci\u00f3n y ante cambios en estas pol\u00edticas.<\/p>\n<p><strong>Fecha de entrada en vigor: 15 de diciembre de 2025<\/strong><\/p>\n<p><em>\u00a92025 RSA Security USA LLC o sus filiales. Todos los derechos reservados. El logotipo de RSA Conference, RSA y otras marcas comerciales son marcas comerciales de RSA Security USA LLC o sus filiales. Otras marcas pueden ser marcas comerciales de sus respectivos propietarios.<\/em><\/p>\n<p>Declaraci\u00f3n anterior sobre la cadena de suministro \u00e9tica:<\/p>\n<ul>\n<li><a href=\"\/es\/ethical-supply-chain-2022\/\">Julio de 2022<\/a><\/li>\n<\/ul>","protected":false},"excerpt":{"rendered":"<p>RSA ofrece una soluci\u00f3n Unified Identity Platform basada en inteligencia artificial para proteger a las organizaciones m\u00e1s seguras del mundo, proporcionando inteligencia de identidad automatizada, autenticaci\u00f3n, acceso, gobernanza y capacidades de ciclo de vida para reducir riesgos, garantizar la autenticaci\u00f3n, mantener el cumplimiento normativo y automatizar procesos. RSA presta servicio a clientes de todo el mundo, incluidos bancos, cooperativas de cr\u00e9dito, otras instituciones financieras, clientes corporativos y comerciantes, con el fin de ayudar a los clientes... <a href=\"https:\/\/www.rsa.com\/es\/ethical-supply-chain-statement\/\">Contin\u00faa en<\/a><\/p>","protected":false},"author":2,"featured_media":0,"parent":0,"menu_order":0,"comment_status":"closed","ping_status":"closed","template":"template-policy.blade.php","meta":{"_acf_changed":false,"_searchwp_excluded":"","inline_featured_image":false,"footnotes":""},"class_list":["post-3525","page","type-page","status-publish","hentry"],"acf":[],"yoast_head":"<!-- This site is optimized with the Yoast SEO plugin v27.3 - https:\/\/yoast.com\/product\/yoast-seo-wordpress\/ -->\n<title>Ethical Supply Chain - RSA<\/title>\n<meta name=\"description\" content=\"RSA provides this statement pursuant to the applicable laws concerning modern slavery.\" \/>\n<meta name=\"robots\" content=\"index, follow, max-snippet:-1, max-image-preview:large, max-video-preview:-1\" \/>\n<link rel=\"canonical\" href=\"https:\/\/www.rsa.com\/es\/ethical-supply-chain-statement\/\" \/>\n<meta property=\"og:locale\" content=\"es_ES\" \/>\n<meta property=\"og:type\" content=\"article\" \/>\n<meta property=\"og:title\" content=\"Ethical Supply Chain\" \/>\n<meta property=\"og:description\" content=\"RSA provides this statement pursuant to the applicable laws concerning modern slavery.\" \/>\n<meta property=\"og:url\" content=\"https:\/\/www.rsa.com\/es\/ethical-supply-chain-statement\/\" \/>\n<meta property=\"og:site_name\" content=\"RSA\" \/>\n<meta property=\"article:modified_time\" content=\"2025-12-15T15:49:41+00:00\" \/>\n<meta property=\"og:image\" content=\"https:\/\/www.rsa.com\/wp-content\/uploads\/rsa-og-image.webp\" \/>\n\t<meta property=\"og:image:width\" content=\"1200\" \/>\n\t<meta property=\"og:image:height\" content=\"630\" \/>\n\t<meta property=\"og:image:type\" content=\"image\/webp\" \/>\n<meta name=\"twitter:card\" content=\"summary_large_image\" \/>\n<meta name=\"twitter:title\" content=\"Ethical Supply Chain\" \/>\n<meta name=\"twitter:description\" content=\"RSA provides this statement pursuant to the applicable laws concerning modern slavery.\" \/>\n<script type=\"application\/ld+json\" class=\"yoast-schema-graph\">{\"@context\":\"https:\\\/\\\/schema.org\",\"@graph\":[{\"@type\":\"WebPage\",\"@id\":\"https:\\\/\\\/www.rsa.com\\\/ethical-supply-chain-statement\\\/\",\"url\":\"https:\\\/\\\/www.rsa.com\\\/ethical-supply-chain-statement\\\/\",\"name\":\"Ethical Supply Chain - RSA\",\"isPartOf\":{\"@id\":\"https:\\\/\\\/www.rsa.com\\\/#website\"},\"datePublished\":\"2022-08-03T19:40:27+00:00\",\"dateModified\":\"2025-12-15T15:49:41+00:00\",\"description\":\"RSA provides this statement pursuant to the applicable laws concerning modern slavery.\",\"breadcrumb\":{\"@id\":\"https:\\\/\\\/www.rsa.com\\\/ethical-supply-chain-statement\\\/#breadcrumb\"},\"inLanguage\":\"es-ES\",\"potentialAction\":[{\"@type\":\"ReadAction\",\"target\":[\"https:\\\/\\\/www.rsa.com\\\/ethical-supply-chain-statement\\\/\"]}]},{\"@type\":\"BreadcrumbList\",\"@id\":\"https:\\\/\\\/www.rsa.com\\\/ethical-supply-chain-statement\\\/#breadcrumb\",\"itemListElement\":[{\"@type\":\"ListItem\",\"position\":1,\"name\":\"Home\",\"item\":\"https:\\\/\\\/www.rsa.com\\\/\"},{\"@type\":\"ListItem\",\"position\":2,\"name\":\"Ethical Supply Chain\"}]},{\"@type\":\"WebSite\",\"@id\":\"https:\\\/\\\/www.rsa.com\\\/#website\",\"url\":\"https:\\\/\\\/www.rsa.com\\\/\",\"name\":\"RSA\",\"description\":\"Cybersecurity and Digital Risk Management Solutions\",\"publisher\":{\"@id\":\"https:\\\/\\\/www.rsa.com\\\/#organization\"},\"potentialAction\":[{\"@type\":\"SearchAction\",\"target\":{\"@type\":\"EntryPoint\",\"urlTemplate\":\"https:\\\/\\\/www.rsa.com\\\/?s={search_term_string}\"},\"query-input\":{\"@type\":\"PropertyValueSpecification\",\"valueRequired\":true,\"valueName\":\"search_term_string\"}}],\"inLanguage\":\"es-ES\"},{\"@type\":\"Organization\",\"@id\":\"https:\\\/\\\/www.rsa.com\\\/#organization\",\"name\":\"RSA\",\"url\":\"https:\\\/\\\/www.rsa.com\\\/\",\"logo\":{\"@type\":\"ImageObject\",\"inLanguage\":\"es-ES\",\"@id\":\"https:\\\/\\\/www.rsa.com\\\/#\\\/schema\\\/logo\\\/image\\\/\",\"url\":\"https:\\\/\\\/www.rsa.com\\\/wp-content\\\/uploads\\\/rsa.png\",\"contentUrl\":\"https:\\\/\\\/www.rsa.com\\\/wp-content\\\/uploads\\\/rsa.png\",\"width\":2880,\"height\":1020,\"caption\":\"RSA\"},\"image\":{\"@id\":\"https:\\\/\\\/www.rsa.com\\\/#\\\/schema\\\/logo\\\/image\\\/\"}}]}<\/script>\n<!-- \/ Yoast SEO plugin. -->","yoast_head_json":{"title":"Cadena de suministro \u00e9tica - RSA","description":"RSA proporciona esta declaraci\u00f3n de conformidad con las leyes aplicables relativas a la esclavitud moderna.","robots":{"index":"index","follow":"follow","max-snippet":"max-snippet:-1","max-image-preview":"max-image-preview:large","max-video-preview":"max-video-preview:-1"},"canonical":"https:\/\/www.rsa.com\/es\/ethical-supply-chain-statement\/","og_locale":"es_ES","og_type":"article","og_title":"Ethical Supply Chain","og_description":"RSA provides this statement pursuant to the applicable laws concerning modern slavery.","og_url":"https:\/\/www.rsa.com\/es\/ethical-supply-chain-statement\/","og_site_name":"RSA","article_modified_time":"2025-12-15T15:49:41+00:00","og_image":[{"width":1200,"height":630,"url":"https:\/\/www.rsa.com\/wp-content\/uploads\/rsa-og-image.webp","type":"image\/webp"}],"twitter_card":"summary_large_image","twitter_title":"Ethical Supply Chain","twitter_description":"RSA provides this statement pursuant to the applicable laws concerning modern slavery.","schema":{"@context":"https:\/\/schema.org","@graph":[{"@type":"WebPage","@id":"https:\/\/www.rsa.com\/ethical-supply-chain-statement\/","url":"https:\/\/www.rsa.com\/ethical-supply-chain-statement\/","name":"Cadena de suministro \u00e9tica - RSA","isPartOf":{"@id":"https:\/\/www.rsa.com\/#website"},"datePublished":"2022-08-03T19:40:27+00:00","dateModified":"2025-12-15T15:49:41+00:00","description":"RSA proporciona esta declaraci\u00f3n de conformidad con las leyes aplicables relativas a la esclavitud moderna.","breadcrumb":{"@id":"https:\/\/www.rsa.com\/ethical-supply-chain-statement\/#breadcrumb"},"inLanguage":"es-ES","potentialAction":[{"@type":"ReadAction","target":["https:\/\/www.rsa.com\/ethical-supply-chain-statement\/"]}]},{"@type":"BreadcrumbList","@id":"https:\/\/www.rsa.com\/ethical-supply-chain-statement\/#breadcrumb","itemListElement":[{"@type":"ListItem","position":1,"name":"Home","item":"https:\/\/www.rsa.com\/"},{"@type":"ListItem","position":2,"name":"Ethical Supply Chain"}]},{"@type":"WebSite","@id":"https:\/\/www.rsa.com\/#website","url":"https:\/\/www.rsa.com\/","name":"RSA","description":"Soluciones de ciberseguridad y gesti\u00f3n de riesgos digitales","publisher":{"@id":"https:\/\/www.rsa.com\/#organization"},"potentialAction":[{"@type":"SearchAction","target":{"@type":"EntryPoint","urlTemplate":"https:\/\/www.rsa.com\/?s={search_term_string}"},"query-input":{"@type":"PropertyValueSpecification","valueRequired":true,"valueName":"search_term_string"}}],"inLanguage":"es-ES"},{"@type":"Organization","@id":"https:\/\/www.rsa.com\/#organization","name":"RSA","url":"https:\/\/www.rsa.com\/","logo":{"@type":"ImageObject","inLanguage":"es-ES","@id":"https:\/\/www.rsa.com\/#\/schema\/logo\/image\/","url":"https:\/\/www.rsa.com\/wp-content\/uploads\/rsa.png","contentUrl":"https:\/\/www.rsa.com\/wp-content\/uploads\/rsa.png","width":2880,"height":1020,"caption":"RSA"},"image":{"@id":"https:\/\/www.rsa.com\/#\/schema\/logo\/image\/"}}]}},"_links":{"self":[{"href":"https:\/\/www.rsa.com\/es\/wp-json\/wp\/v2\/pages\/3525","targetHints":{"allow":["GET"]}}],"collection":[{"href":"https:\/\/www.rsa.com\/es\/wp-json\/wp\/v2\/pages"}],"about":[{"href":"https:\/\/www.rsa.com\/es\/wp-json\/wp\/v2\/types\/page"}],"author":[{"embeddable":true,"href":"https:\/\/www.rsa.com\/es\/wp-json\/wp\/v2\/users\/2"}],"replies":[{"embeddable":true,"href":"https:\/\/www.rsa.com\/es\/wp-json\/wp\/v2\/comments?post=3525"}],"version-history":[{"count":6,"href":"https:\/\/www.rsa.com\/es\/wp-json\/wp\/v2\/pages\/3525\/revisions"}],"predecessor-version":[{"id":35866,"href":"https:\/\/www.rsa.com\/es\/wp-json\/wp\/v2\/pages\/3525\/revisions\/35866"}],"wp:attachment":[{"href":"https:\/\/www.rsa.com\/es\/wp-json\/wp\/v2\/media?parent=3525"}],"curies":[{"name":"wp","href":"https:\/\/api.w.org\/{rel}","templated":true}]}}