{"id":25199,"date":"2023-06-09T14:24:26","date_gmt":"2023-06-09T18:24:26","guid":{"rendered":"https:\/\/www.rsa.com\/?page_id=25199"},"modified":"2025-05-06T10:59:02","modified_gmt":"2025-05-06T14:59:02","slug":"esg","status":"publish","type":"page","link":"https:\/\/www.rsa.com\/es\/esg\/","title":{"rendered":"ESG"},"content":{"rendered":"<p>RSA lleva d\u00e9cadas protegiendo a las organizaciones m\u00e1s seguras del mundo. No es por casualidad: nuestras pol\u00edticas medioambientales, sociales y de gobernanza (ESG) gu\u00edan nuestro trabajo y contribuyen a reforzar nuestra posici\u00f3n como organizaci\u00f3n pr\u00f3spera, fiable y sostenible. <\/p>\n<p>RSA es una empresa comprometida con la comunidad. Priorizamos el uso racional de los recursos naturales en toda nuestra cadena de producci\u00f3n y la equidad y la inclusi\u00f3n social en las relaciones corporativas. <\/p>\n<p>Los objetivos de estos comportamientos son pr\u00e1cticos: una buena reputaci\u00f3n en materia de ciudadan\u00eda corporativa permite el \u00e9xito de los negocios a largo plazo y ayuda a construir empresas l\u00edderes en el mercado como RSA. Combinando nuestro verdadero inter\u00e9s por las cuestiones medioambientales y el desarrollo social con soluciones e innovaciones de calidad, RSA defiende los intereses de nuestros grupos de inter\u00e9s, obteniendo su apoyo y compromiso.<\/p>\n<p>RSA mantiene las siguientes iniciativas ESG:<\/p>\n<ul>\n<li>Las operaciones de RSA se rigen por las leyes y normativas de los pa\u00edses en los que opera.<\/li>\n<li>La pol\u00edtica de responsabilidad total de RSA est\u00e1 certificada por un organismo externo, y abarca las relaciones de la empresa con sus distintos tipos de p\u00fablico, incluida la sociedad y el gobierno.<\/li>\n<li>Los procesos de la cadena de producci\u00f3n de RSA tienen en cuenta el uso racional de los recursos naturales desde la adquisici\u00f3n de la materia prima, el uso de materiales no t\u00f3xicos y no contaminantes, hasta la correcta gesti\u00f3n de los residuos.<\/li>\n<li>Para la mejora continua de sus procesos e instalaciones, RSA monitoriza los principales \u00edndices de consumo en sus plantas, supervisando su evoluci\u00f3n, identificando oportunidades de mejora y desarrollando planes de acci\u00f3n en relaci\u00f3n con los aspectos ambientales relevantes.<\/li>\n<\/ul>\n<div class=\"row justify-content-center mt-4 mt-lg-5\">\n<div class=\"col-12 col-lg-10\">\n<div class=\"px-3 py-4 p-sm-4 p-lg-5 blue-box-background text-center item-content\" style=\"border-radius: 24px\">\n<h2 class=\"h2-r large mt-0 mb-3 mb-lg-4 text-color-white item-title\">Informe ESG 2025 de RSA<\/h2>\n<div class=\"wysiwyg-editor mb-3 mb-lg-4 text-color-white item-text\">\n<p>Descargue el Informe ESG de RSA para obtener m\u00e1s informaci\u00f3n sobre las pol\u00edticas medioambientales, sociales y de gobernanza que impulsan nuestro trabajo.<\/p>\n<\/p><\/div>\n<p>      <a href=\"\/es\/resources\/reports\/rsa-esg-report-2025\/\" class=\"btn btn-white-hover-hollow-border-white\">Descargar el informe<\/a>\n    <\/div>\n<\/p><\/div>\n<\/div>\n<h4>Pilares ESG de RSA<\/h4>\n<p>RSA protege las organizaciones m\u00e1s seguras del mundo. Ese trabajo es importante, pero tan importante como lo que hacemos es c\u00f3mo operamos. Los siguientes pilares ESG gu\u00edan el trabajo global de los empleados de RSA: <\/p>\n<h5>Clima y energ\u00eda &lt;\/h5Transparencia y \u00e9tica<\/h5>\n<p>Nuestros clientes conf\u00edan en RSA para proteger sus negocios. Valoramos esa confianza m\u00e1s que cualquier soluci\u00f3n o innovaci\u00f3n, y actuamos con transparencia y \u00e9tica para mantener nuestra reputaci\u00f3n. <\/p>\n<h5>Resiliencia <\/h5>\n<p>RSA lleva d\u00e9cadas operando. Entendemos el valor de la resiliencia, nos adaptamos a los nuevos retos y ayudamos a nuestros clientes a evolucionar.  <\/p>\n<h5>Seguridad y calidad de los datos<\/h5>\n<p>RSA se compromete a proteger la privacidad, la seguridad y la calidad de todos los datos que recopila. <\/p>\n<h5>Las personas primero <\/h5>\n<p>RSA se esfuerza por contratar, retener y desarrollar a los mejores talentos para impulsar nuestro negocio global. Respetamos a nuestros empleados, socios, proveedores y partes interesadas por lo que hacen y por lo que son.<\/p>\n<h5>Innovaci\u00f3n<\/h5>\n<p>Los actores de amenazas siempre est\u00e1n buscando una ventaja. Por eso RSA desarrolla nuevas tecnolog\u00edas, servicios y soluciones que las organizaciones necesitan para defenderse de las amenazas a la ciberseguridad.<\/p>\n<p>&nbsp;<br \/>\nM\u00e1s informaci\u00f3n sobre la sostenibilidad de RSA - <a href=\"\/es\/sustainability-net-zero-emissions\/\">M\u00e1s informaci\u00f3n<\/a><br \/>\n&nbsp;<\/p>\n<p><a href=\"\/es\/contact\/\" class=\"btn btn-brand-hover-hollow-with-border\">Contacte con nosotros<\/a><\/p>","protected":false},"excerpt":{"rendered":"<p>RSA lleva d\u00e9cadas protegiendo a las organizaciones m\u00e1s seguras del mundo. No es por casualidad: nuestras pol\u00edticas medioambientales, sociales y de gobernanza (ESG) gu\u00edan nuestro trabajo y ayudan a reforzar nuestra posici\u00f3n como organizaci\u00f3n pr\u00f3spera, fiable y sostenible. RSA es una empresa comprometida con la comunidad. Damos prioridad al uso racional de los recursos naturales en ... <a href=\"https:\/\/www.rsa.com\/es\/esg\/\">Contin\u00faa en<\/a><\/p>","protected":false},"author":2,"featured_media":0,"parent":0,"menu_order":0,"comment_status":"closed","ping_status":"closed","template":"template-policy.blade.php","meta":{"_acf_changed":false,"_searchwp_excluded":"","inline_featured_image":false,"footnotes":""},"class_list":["post-25199","page","type-page","status-publish","hentry"],"acf":[],"yoast_head":"<!-- This site is optimized with the Yoast SEO plugin v27.3 - https:\/\/yoast.com\/product\/yoast-seo-wordpress\/ -->\n<title>ESG - RSA<\/title>\n<meta name=\"description\" content=\"RSA is a company committed to the community. Read about RSA&#039;s Environmental, Social, and Governance Policies and initiatives here.\" \/>\n<meta name=\"robots\" content=\"index, follow, max-snippet:-1, max-image-preview:large, max-video-preview:-1\" \/>\n<link rel=\"canonical\" href=\"https:\/\/www.rsa.com\/es\/esg\/\" \/>\n<meta property=\"og:locale\" content=\"es_ES\" \/>\n<meta property=\"og:type\" content=\"article\" \/>\n<meta property=\"og:title\" content=\"ESG - RSA\" \/>\n<meta property=\"og:description\" content=\"RSA is a company committed to the community. Read about RSA&#039;s Environmental, Social, and Governance Policies and initiatives here.\" \/>\n<meta property=\"og:url\" content=\"https:\/\/www.rsa.com\/es\/esg\/\" \/>\n<meta property=\"og:site_name\" content=\"RSA\" \/>\n<meta property=\"article:modified_time\" content=\"2025-05-06T14:59:02+00:00\" \/>\n<meta property=\"og:image\" content=\"https:\/\/www.rsa.com\/wp-content\/uploads\/rsa-og-image.webp\" \/>\n\t<meta property=\"og:image:width\" content=\"1200\" \/>\n\t<meta property=\"og:image:height\" content=\"630\" \/>\n\t<meta property=\"og:image:type\" content=\"image\/webp\" \/>\n<meta name=\"twitter:card\" content=\"summary_large_image\" \/>\n<script type=\"application\/ld+json\" class=\"yoast-schema-graph\">{\"@context\":\"https:\\\/\\\/schema.org\",\"@graph\":[{\"@type\":\"WebPage\",\"@id\":\"https:\\\/\\\/www.rsa.com\\\/id\\\/esg\\\/\",\"url\":\"https:\\\/\\\/www.rsa.com\\\/id\\\/esg\\\/\",\"name\":\"ESG - RSA\",\"isPartOf\":{\"@id\":\"https:\\\/\\\/www.rsa.com\\\/#website\"},\"datePublished\":\"2023-06-09T18:24:26+00:00\",\"dateModified\":\"2025-05-06T14:59:02+00:00\",\"description\":\"RSA is a company committed to the community. Read about RSA's Environmental, Social, and Governance Policies and initiatives here.\",\"breadcrumb\":{\"@id\":\"https:\\\/\\\/www.rsa.com\\\/id\\\/esg\\\/#breadcrumb\"},\"inLanguage\":\"es-ES\",\"potentialAction\":[{\"@type\":\"ReadAction\",\"target\":[\"https:\\\/\\\/www.rsa.com\\\/id\\\/esg\\\/\"]}]},{\"@type\":\"BreadcrumbList\",\"@id\":\"https:\\\/\\\/www.rsa.com\\\/id\\\/esg\\\/#breadcrumb\",\"itemListElement\":[{\"@type\":\"ListItem\",\"position\":1,\"name\":\"Home\",\"item\":\"https:\\\/\\\/www.rsa.com\\\/\"},{\"@type\":\"ListItem\",\"position\":2,\"name\":\"ESG\"}]},{\"@type\":\"WebSite\",\"@id\":\"https:\\\/\\\/www.rsa.com\\\/#website\",\"url\":\"https:\\\/\\\/www.rsa.com\\\/\",\"name\":\"RSA\",\"description\":\"Cybersecurity and Digital Risk Management Solutions\",\"publisher\":{\"@id\":\"https:\\\/\\\/www.rsa.com\\\/#organization\"},\"potentialAction\":[{\"@type\":\"SearchAction\",\"target\":{\"@type\":\"EntryPoint\",\"urlTemplate\":\"https:\\\/\\\/www.rsa.com\\\/?s={search_term_string}\"},\"query-input\":{\"@type\":\"PropertyValueSpecification\",\"valueRequired\":true,\"valueName\":\"search_term_string\"}}],\"inLanguage\":\"es-ES\"},{\"@type\":\"Organization\",\"@id\":\"https:\\\/\\\/www.rsa.com\\\/#organization\",\"name\":\"RSA\",\"url\":\"https:\\\/\\\/www.rsa.com\\\/\",\"logo\":{\"@type\":\"ImageObject\",\"inLanguage\":\"es-ES\",\"@id\":\"https:\\\/\\\/www.rsa.com\\\/#\\\/schema\\\/logo\\\/image\\\/\",\"url\":\"https:\\\/\\\/www.rsa.com\\\/wp-content\\\/uploads\\\/rsa.png\",\"contentUrl\":\"https:\\\/\\\/www.rsa.com\\\/wp-content\\\/uploads\\\/rsa.png\",\"width\":2880,\"height\":1020,\"caption\":\"RSA\"},\"image\":{\"@id\":\"https:\\\/\\\/www.rsa.com\\\/#\\\/schema\\\/logo\\\/image\\\/\"}}]}<\/script>\n<!-- \/ Yoast SEO plugin. -->","yoast_head_json":{"title":"ESG - RSA","description":"RSA es una empresa comprometida con la comunidad. Lea sobre las pol\u00edticas e iniciativas medioambientales, sociales y de gobierno de RSA aqu\u00ed.","robots":{"index":"index","follow":"follow","max-snippet":"max-snippet:-1","max-image-preview":"max-image-preview:large","max-video-preview":"max-video-preview:-1"},"canonical":"https:\/\/www.rsa.com\/es\/esg\/","og_locale":"es_ES","og_type":"article","og_title":"ESG - RSA","og_description":"RSA is a company committed to the community. Read about RSA's Environmental, Social, and Governance Policies and initiatives here.","og_url":"https:\/\/www.rsa.com\/es\/esg\/","og_site_name":"RSA","article_modified_time":"2025-05-06T14:59:02+00:00","og_image":[{"width":1200,"height":630,"url":"https:\/\/www.rsa.com\/wp-content\/uploads\/rsa-og-image.webp","type":"image\/webp"}],"twitter_card":"summary_large_image","schema":{"@context":"https:\/\/schema.org","@graph":[{"@type":"WebPage","@id":"https:\/\/www.rsa.com\/id\/esg\/","url":"https:\/\/www.rsa.com\/id\/esg\/","name":"ESG - RSA","isPartOf":{"@id":"https:\/\/www.rsa.com\/#website"},"datePublished":"2023-06-09T18:24:26+00:00","dateModified":"2025-05-06T14:59:02+00:00","description":"RSA es una empresa comprometida con la comunidad. Lea sobre las pol\u00edticas e iniciativas medioambientales, sociales y de gobierno de RSA aqu\u00ed.","breadcrumb":{"@id":"https:\/\/www.rsa.com\/id\/esg\/#breadcrumb"},"inLanguage":"es-ES","potentialAction":[{"@type":"ReadAction","target":["https:\/\/www.rsa.com\/id\/esg\/"]}]},{"@type":"BreadcrumbList","@id":"https:\/\/www.rsa.com\/id\/esg\/#breadcrumb","itemListElement":[{"@type":"ListItem","position":1,"name":"Home","item":"https:\/\/www.rsa.com\/"},{"@type":"ListItem","position":2,"name":"ESG"}]},{"@type":"WebSite","@id":"https:\/\/www.rsa.com\/#website","url":"https:\/\/www.rsa.com\/","name":"RSA","description":"Soluciones de ciberseguridad y gesti\u00f3n de riesgos digitales","publisher":{"@id":"https:\/\/www.rsa.com\/#organization"},"potentialAction":[{"@type":"SearchAction","target":{"@type":"EntryPoint","urlTemplate":"https:\/\/www.rsa.com\/?s={search_term_string}"},"query-input":{"@type":"PropertyValueSpecification","valueRequired":true,"valueName":"search_term_string"}}],"inLanguage":"es-ES"},{"@type":"Organization","@id":"https:\/\/www.rsa.com\/#organization","name":"RSA","url":"https:\/\/www.rsa.com\/","logo":{"@type":"ImageObject","inLanguage":"es-ES","@id":"https:\/\/www.rsa.com\/#\/schema\/logo\/image\/","url":"https:\/\/www.rsa.com\/wp-content\/uploads\/rsa.png","contentUrl":"https:\/\/www.rsa.com\/wp-content\/uploads\/rsa.png","width":2880,"height":1020,"caption":"RSA"},"image":{"@id":"https:\/\/www.rsa.com\/#\/schema\/logo\/image\/"}}]}},"_links":{"self":[{"href":"https:\/\/www.rsa.com\/es\/wp-json\/wp\/v2\/pages\/25199","targetHints":{"allow":["GET"]}}],"collection":[{"href":"https:\/\/www.rsa.com\/es\/wp-json\/wp\/v2\/pages"}],"about":[{"href":"https:\/\/www.rsa.com\/es\/wp-json\/wp\/v2\/types\/page"}],"author":[{"embeddable":true,"href":"https:\/\/www.rsa.com\/es\/wp-json\/wp\/v2\/users\/2"}],"replies":[{"embeddable":true,"href":"https:\/\/www.rsa.com\/es\/wp-json\/wp\/v2\/comments?post=25199"}],"version-history":[{"count":7,"href":"https:\/\/www.rsa.com\/es\/wp-json\/wp\/v2\/pages\/25199\/revisions"}],"predecessor-version":[{"id":33654,"href":"https:\/\/www.rsa.com\/es\/wp-json\/wp\/v2\/pages\/25199\/revisions\/33654"}],"wp:attachment":[{"href":"https:\/\/www.rsa.com\/es\/wp-json\/wp\/v2\/media?parent=25199"}],"curies":[{"name":"wp","href":"https:\/\/api.w.org\/{rel}","templated":true}]}}