{"id":1581,"date":"2022-02-03T13:55:23","date_gmt":"2022-02-03T21:55:23","guid":{"rendered":"https:\/\/live-rsa-hub.pantheonsite.io\/?page_id=1581"},"modified":"2025-02-07T16:23:56","modified_gmt":"2025-02-07T21:23:56","slug":"vulnerability-response-policy","status":"publish","type":"page","link":"https:\/\/www.rsa.com\/es\/vulnerability-response-policy\/","title":{"rendered":"Pol\u00edtica de respuesta a las vulnerabilidades"},"content":{"rendered":"<h3>Introducci\u00f3n<\/h3>\n<p>RSA se esfuerza por ayudar a nuestros clientes a minimizar el riesgo asociado con las vulnerabilidades de seguridad en nuestros productos. Nuestro objetivo es proporcionar a los clientes informaci\u00f3n oportuna, orientaci\u00f3n y opciones de mitigaci\u00f3n para hacer frente a las vulnerabilidades. El Equipo de Respuesta a Incidentes de Seguridad de Productos de RSA (RSA PSIRT) est\u00e1 constituido y es responsable de coordinar la respuesta y divulgaci\u00f3n de todas las vulnerabilidades de productos que se informan a RSA.<\/p>\n<h3>C\u00f3mo informar de una vulnerabilidad de seguridad<\/h3>\n<p>Si identifica una vulnerabilidad de seguridad en cualquier producto de RSA, inf\u00f3rmenos inmediatamente. Los investigadores de seguridad, grupos de la industria, vendedores y otros usuarios que no tienen acceso al Soporte T\u00e9cnico deben enviar los reportes de vulnerabilidad directamente a RSA.\u00a0<a href=\"mailto:responsibledisclosure@rsa.com\">PSIRT por correo electr\u00f3nico<\/a>. La identificaci\u00f3n oportuna de las vulnerabilidades de seguridad es fundamental para mitigar los riesgos potenciales para nuestros clientes.<\/p>\n<p>Los clientes y socios de productos de RSA deben contactar a su respectivo equipo de Soporte T\u00e9cnico para reportar cualquier problema de seguridad descubierto en los productos de RSA. El equipo de Soporte T\u00e9cnico, el equipo de producto correspondiente y el PSIRT de RSA trabajar\u00e1n juntos para abordar el problema reportado y proporcionar a los clientes los pr\u00f3ximos pasos.<\/p>\n<p>Cuando notifique una posible vulnerabilidad, incluya la mayor cantidad posible de la siguiente informaci\u00f3n para ayudarnos a comprender mejor la naturaleza y el alcance del problema notificado:<\/p>\n<ul>\n<li>Nombre del producto y versi\u00f3n que contiene la vulnerabilidad<\/li>\n<li>Informaci\u00f3n sobre el entorno o el sistema en el que se reprodujo el problema (por ejemplo, n\u00famero de modelo del producto, versi\u00f3n del sistema operativo, etc.).<\/li>\n<li>Tipo y\/o clase de vulnerabilidad (XSS, desbordamiento de b\u00fafer, RCE, CWE<a>,<\/a>\u00a0<a>etc<\/a>.)<\/li>\n<li>Instrucciones paso a paso para reproducir la vulnerabilidad<\/li>\n<li>Prueba de concepto o c\u00f3digo de explotaci\u00f3n<\/li>\n<li>Impacto potencial de la vulnerabilidad<\/li>\n<\/ul>\n<h3>Gesti\u00f3n de los informes de vulnerabilidad<\/h3>\n<p>RSA cree en el mantenimiento de una buena relaci\u00f3n con los investigadores de seguridad y, con su consentimiento, puede reconocer al investigador por encontrar una vulnerabilidad v\u00e1lida en un producto e informar del problema en privado. A cambio, pedimos que los investigadores nos den la oportunidad de remediar la vulnerabilidad antes de divulgarla p\u00fablicamente. RSA cree que coordinar la divulgaci\u00f3n p\u00fablica de una vulnerabilidad es clave para proteger a nuestros clientes.<\/p>\n<p>Seg\u00fan esta pol\u00edtica, toda la informaci\u00f3n divulgada sobre vulnerabilidades debe permanecer entre RSA y la parte informante -si la informaci\u00f3n no es ya de dominio p\u00fablico- hasta que se disponga de una soluci\u00f3n y se coordinen las actividades de divulgaci\u00f3n.<\/p>\n<h3>Correcci\u00f3n de vulnerabilidades<\/h3>\n<p>Tras investigar y validar una vulnerabilidad notificada, intentaremos desarrollar y cualificar la soluci\u00f3n adecuada para los productos con soporte activo de RSA. Una soluci\u00f3n puede tomar una o m\u00e1s de las siguientes formas:<\/p>\n<ul>\n<li>Una nueva versi\u00f3n del producto afectado empaquetado por RSA;<\/li>\n<li>Un parche proporcionado por RSA que puede instalarse sobre el producto afectado;<\/li>\n<li>Instrucciones para descargar e instalar una actualizaci\u00f3n o parche de un proveedor externo necesario para mitigar la vulnerabilidad;<\/li>\n<li>Procedimiento correctivo o soluci\u00f3n publicada por RSA que indica a los usuarios c\u00f3mo ajustar la configuraci\u00f3n del producto para mitigar la vulnerabilidad.<\/li>\n<\/ul>\n<p>RSA hace todo lo posible para proporcionar el remedio o la acci\u00f3n correctiva en el menor tiempo comercialmente razonable. Los plazos de respuesta dependen de muchos factores, como la gravedad, el impacto, la complejidad de la soluci\u00f3n, el componente afectado (por ejemplo, algunas actualizaciones requieren ciclos de validaci\u00f3n m\u00e1s largos o solo pueden actualizarse en una versi\u00f3n principal), la etapa del producto dentro de su ciclo de vida y el estado de las operaciones comerciales, entre otros.<\/p>\n<h3>Impacto y gravedad<\/h3>\n<p>RSA utiliza actualmente el\u00a0<a href=\"https:\/\/www.first.org\/cvss\/user-guide\" target=\"_blank\" rel=\"noopener\">Sistema com\u00fan de puntuaci\u00f3n de vulnerabilidades<\/a>\u00a0versi\u00f3n 3.1 (CVSS v3.1) para comunicar las caracter\u00edsticas y la gravedad de las vulnerabilidades del software de RSA.  Se tienen en cuenta muchos factores, incluido el nivel de esfuerzo necesario para explotar una vulnerabilidad, as\u00ed como el impacto potencial en los datos o las actividades empresariales de una explotaci\u00f3n exitosa.<\/p>\n<p>El impacto global de un aviso de seguridad es una representaci\u00f3n textual de la gravedad (es decir, cr\u00edtica, alta, media y baja) que sigue la escala de clasificaci\u00f3n cualitativa de gravedad CVSS para la puntuaci\u00f3n base CVSS m\u00e1s alta de todas las vulnerabilidades identificadas. Cuando y donde sea aplicable, RSA proporcionar\u00e1 un impacto global para el aviso y para cada vulnerabilidad identificada la Puntuaci\u00f3n Base CVSS v3.1 y el Vector CVSS v3.1 correspondiente. RSA recomienda que todos los clientes tengan en cuenta tanto la puntuaci\u00f3n base como cualquier m\u00e9trica temporal y\/o ambiental que pueda ser relevante para su entorno para evaluar su riesgo general.<\/p>\n<h3>Remedio Comunicaci\u00f3n<\/h3>\n<p>Normalmente, comunicamos las soluciones a los clientes a trav\u00e9s de los avisos de seguridad de RSA, cuando procede. Para proteger a nuestros clientes, RSA se esfuerza por publicar un Aviso de Seguridad una vez que tenemos una soluci\u00f3n para cualquier producto(s) afectado(s). RSA puede publicar Avisos de Seguridad antes para responder adecuadamente a divulgaciones p\u00fablicas o vulnerabilidades ampliamente conocidas en los componentes utilizados dentro de nuestros productos.<\/p>\n<p>Los avisos de seguridad pretenden proporcionar detalles suficientes para permitir a los clientes evaluar el impacto de las vulnerabilidades y remediar los productos potencialmente vulnerables. Los detalles completos pueden ser limitados para reducir la probabilidad de que usuarios malintencionados puedan aprovecharse de la informaci\u00f3n y explotarla en detrimento de nuestros clientes.<\/p>\n<p>Los avisos de seguridad de RSA suelen incluir la siguiente informaci\u00f3n, seg\u00fan corresponda:<\/p>\n<ul>\n<li>El impacto global, que es una representaci\u00f3n textual de la gravedad (es decir, cr\u00edtica, alta, media y baja) que sigue la escala cualitativa de calificaci\u00f3n de la gravedad CVSS para la puntuaci\u00f3n base CVSS m\u00e1s alta de todas las vulnerabilidades identificadas;<\/li>\n<li>Productos y versiones afectados;<\/li>\n<li>La puntuaci\u00f3n base CVSS y el vector para todas las vulnerabilidades identificadas;<\/li>\n<li><a href=\"http:\/\/cve.mitre.org\/\" target=\"_blank\" rel=\"noopener\">Enumeraci\u00f3n de vulnerabilidades comunes<\/a>\u00a0(CVE) para todas las vulnerabilidades identificadas, de modo que la informaci\u00f3n de cada vulnerabilidad \u00fanica pueda compartirse entre diversas capacidades de gesti\u00f3n de vulnerabilidades (por ejemplo, herramientas como esc\u00e1neres de vulnerabilidades, repositorios y servicios);<\/li>\n<li>Breve descripci\u00f3n de la vulnerabilidad y del impacto potencial si se explota;<\/li>\n<li>Detalles de la soluci\u00f3n con informaci\u00f3n sobre actualizaciones y soluciones;<\/li>\n<li>Agradecimiento al descubridor por informar de la vulnerabilidad y trabajar con RSA en una publicaci\u00f3n coordinada, seg\u00fan proceda.<\/li>\n<\/ul>\n<h3>Informaci\u00f3n adicional<\/h3>\n<p>La pol\u00edtica de RSA es no proporcionar informaci\u00f3n sobre las vulnerabilidades espec\u00edficas m\u00e1s all\u00e1 de lo que se proporciona en el aviso de seguridad y la documentaci\u00f3n relacionada, como notas de la versi\u00f3n, art\u00edculos de la base de conocimientos, preguntas frecuentes, etc. No distribuimos c\u00f3digo de explotaci\u00f3n\/prueba de concepto para vulnerabilidades identificadas. De acuerdo con las pr\u00e1cticas del sector, RSA no comparte los resultados de sus pruebas de seguridad internas u otros tipos de actividades de seguridad con entidades externas.<a>.<\/a><\/p>\n<h3>Notificaci\u00f3n a RSA de otros problemas de seguridad<\/h3>\n<p>Si necesita informar de cualquier otro problema de seguridad a RSA, utilice los contactos apropiados que se indican a continuaci\u00f3n:<\/p>\n<table border=\"1\" width=\"624\" cellspacing=\"0\" cellpadding=\"4\">\n<tbody>\n<tr>\n<th width=\"312\">Cuesti\u00f3n de seguridad<\/th>\n<th width=\"312\">Informaci\u00f3n de contacto<\/th>\n<\/tr>\n<tr>\n<td width=\"312\">Para informar de una vulnerabilidad o problema de seguridad en RSA.com u otro servicio en l\u00ednea, aplicaci\u00f3n web o propiedad<\/td>\n<td width=\"312\">Presente un informe en\u00a0<a href=\"mailto:responsibledisclosure@rsa.com\">responsibledisclosure@rsa.com<\/a>\u00a0con instrucciones paso a paso para reproducir el problema.<\/td>\n<\/tr>\n<tr>\n<td width=\"312\">Para enviar solicitudes o preguntas relacionadas con la privacidad<\/td>\n<td width=\"312\">V\u00e9ase\u00a0<a href=\"\/es\/privacy\/\">RSA Privacidad<\/a>\u00a0p\u00e1gina.<\/td>\n<\/tr>\n<\/tbody>\n<\/table>\n<p>&nbsp;<\/p>\n<h3>Derechos del cliente: Garant\u00edas, asistencia y mantenimiento<\/h3>\n<p>Los derechos de los clientes de RSA en relaci\u00f3n con las garant\u00edas y el soporte y mantenimiento -incluidas las vulnerabilidades de cualquier producto de software de RSA- se rigen por el acuerdo aplicable entre RSA y el cliente individual. Las declaraciones de esta p\u00e1gina web no modifican, ampl\u00edan ni enmiendan de otro modo ning\u00fan derecho del cliente ni crean ninguna garant\u00eda adicional.<\/p>\n<h3>Descargo de responsabilidad<\/h3>\n<p>Todos los aspectos de la Pol\u00edtica de Respuesta a Vulnerabilidades de RSA est\u00e1n sujetos a cambios sin previo aviso y en funci\u00f3n de cada caso. No se garantiza la respuesta para ning\u00fan problema o clase de problemas espec\u00edficos. El uso que usted haga de la informaci\u00f3n contenida en este documento o de los materiales vinculados al mismo corre por su cuenta y riesgo. RSA se reserva el derecho a modificar o actualizar este documento a su entera discreci\u00f3n y sin previo aviso en cualquier momento.<\/p>","protected":false},"excerpt":{"rendered":"<p>Introducci\u00f3n RSA se esfuerza por ayudar a nuestros clientes a minimizar el riesgo asociado con las vulnerabilidades de seguridad en nuestros productos. Nuestro objetivo es proporcionar a los clientes informaci\u00f3n oportuna, orientaci\u00f3n y opciones de mitigaci\u00f3n para abordar las vulnerabilidades. El Equipo de Respuesta a Incidentes de Seguridad de Productos de RSA (RSA PSIRT) est\u00e1 constituido y es responsable de coordinar la respuesta y divulgaci\u00f3n de todas las vulnerabilidades de productos ... <a href=\"https:\/\/www.rsa.com\/es\/vulnerability-response-policy\/\">Contin\u00faa en<\/a><\/p>","protected":false},"author":6,"featured_media":0,"parent":0,"menu_order":0,"comment_status":"closed","ping_status":"closed","template":"template-policy.blade.php","meta":{"_acf_changed":false,"_searchwp_excluded":"","inline_featured_image":false,"footnotes":""},"class_list":["post-1581","page","type-page","status-publish","hentry"],"acf":[],"yoast_head":"<!-- This site is optimized with the Yoast SEO plugin v27.3 - https:\/\/yoast.com\/product\/yoast-seo-wordpress\/ -->\n<title>Vulnerability Response Policy - RSA<\/title>\n<meta name=\"description\" content=\"The RSA Product Security Incident Response Team (RSA PSIRT) is chartered and responsible for coordinating the response and disclosure for all product vulnerabilities that are reported to RSA.\" \/>\n<meta name=\"robots\" content=\"index, follow, max-snippet:-1, max-image-preview:large, max-video-preview:-1\" \/>\n<link rel=\"canonical\" href=\"https:\/\/www.rsa.com\/es\/vulnerability-response-policy\/\" \/>\n<meta property=\"og:locale\" content=\"es_ES\" \/>\n<meta property=\"og:type\" content=\"article\" \/>\n<meta property=\"og:title\" content=\"Vulnerability Response Policy\" \/>\n<meta property=\"og:description\" content=\"The RSA Product Security Incident Response Team (RSA PSIRT) is chartered and responsible for coordinating the response and disclosure for all product vulnerabilities that are reported to RSA.\" \/>\n<meta property=\"og:url\" content=\"https:\/\/www.rsa.com\/es\/vulnerability-response-policy\/\" \/>\n<meta property=\"og:site_name\" content=\"RSA\" \/>\n<meta property=\"article:modified_time\" content=\"2025-02-07T21:23:56+00:00\" \/>\n<meta property=\"og:image\" content=\"https:\/\/www.rsa.com\/wp-content\/uploads\/rsa-og-image.jpg\" \/>\n\t<meta property=\"og:image:width\" content=\"1200\" \/>\n\t<meta property=\"og:image:height\" content=\"630\" \/>\n\t<meta property=\"og:image:type\" content=\"image\/jpeg\" \/>\n<meta name=\"twitter:card\" content=\"summary_large_image\" \/>\n<meta name=\"twitter:title\" content=\"Vulnerability Response Policy\" \/>\n<meta name=\"twitter:description\" content=\"The RSA Product Security Incident Response Team (RSA PSIRT) is chartered and responsible for coordinating the response and disclosure for all product vulnerabilities that are reported to RSA.\" \/>\n<meta name=\"twitter:image\" content=\"https:\/\/www.rsa.com\/wp-content\/uploads\/rsa-og-image.jpg\" \/>\n<script type=\"application\/ld+json\" class=\"yoast-schema-graph\">{\"@context\":\"https:\\\/\\\/schema.org\",\"@graph\":[{\"@type\":\"WebPage\",\"@id\":\"https:\\\/\\\/www.rsa.com\\\/vulnerability-response-policy\\\/\",\"url\":\"https:\\\/\\\/www.rsa.com\\\/vulnerability-response-policy\\\/\",\"name\":\"Vulnerability Response Policy - RSA\",\"isPartOf\":{\"@id\":\"https:\\\/\\\/www.rsa.com\\\/#website\"},\"datePublished\":\"2022-02-03T21:55:23+00:00\",\"dateModified\":\"2025-02-07T21:23:56+00:00\",\"description\":\"The RSA Product Security Incident Response Team (RSA PSIRT) is chartered and responsible for coordinating the response and disclosure for all product vulnerabilities that are reported to RSA.\",\"breadcrumb\":{\"@id\":\"https:\\\/\\\/www.rsa.com\\\/vulnerability-response-policy\\\/#breadcrumb\"},\"inLanguage\":\"es-ES\",\"potentialAction\":[{\"@type\":\"ReadAction\",\"target\":[\"https:\\\/\\\/www.rsa.com\\\/vulnerability-response-policy\\\/\"]}]},{\"@type\":\"BreadcrumbList\",\"@id\":\"https:\\\/\\\/www.rsa.com\\\/vulnerability-response-policy\\\/#breadcrumb\",\"itemListElement\":[{\"@type\":\"ListItem\",\"position\":1,\"name\":\"Home\",\"item\":\"https:\\\/\\\/www.rsa.com\\\/\"},{\"@type\":\"ListItem\",\"position\":2,\"name\":\"Vulnerability Response Policy\"}]},{\"@type\":\"WebSite\",\"@id\":\"https:\\\/\\\/www.rsa.com\\\/#website\",\"url\":\"https:\\\/\\\/www.rsa.com\\\/\",\"name\":\"RSA\",\"description\":\"Cybersecurity and Digital Risk Management Solutions\",\"publisher\":{\"@id\":\"https:\\\/\\\/www.rsa.com\\\/#organization\"},\"potentialAction\":[{\"@type\":\"SearchAction\",\"target\":{\"@type\":\"EntryPoint\",\"urlTemplate\":\"https:\\\/\\\/www.rsa.com\\\/?s={search_term_string}\"},\"query-input\":{\"@type\":\"PropertyValueSpecification\",\"valueRequired\":true,\"valueName\":\"search_term_string\"}}],\"inLanguage\":\"es-ES\"},{\"@type\":\"Organization\",\"@id\":\"https:\\\/\\\/www.rsa.com\\\/#organization\",\"name\":\"RSA\",\"url\":\"https:\\\/\\\/www.rsa.com\\\/\",\"logo\":{\"@type\":\"ImageObject\",\"inLanguage\":\"es-ES\",\"@id\":\"https:\\\/\\\/www.rsa.com\\\/#\\\/schema\\\/logo\\\/image\\\/\",\"url\":\"https:\\\/\\\/www.rsa.com\\\/wp-content\\\/uploads\\\/rsa.png\",\"contentUrl\":\"https:\\\/\\\/www.rsa.com\\\/wp-content\\\/uploads\\\/rsa.png\",\"width\":2880,\"height\":1020,\"caption\":\"RSA\"},\"image\":{\"@id\":\"https:\\\/\\\/www.rsa.com\\\/#\\\/schema\\\/logo\\\/image\\\/\"}}]}<\/script>\n<!-- \/ Yoast SEO plugin. -->","yoast_head_json":{"title":"Pol\u00edtica de respuesta ante vulnerabilidades - RSA","description":"El Equipo de Respuesta a Incidentes de Seguridad de Productos de RSA (RSA PSIRT) est\u00e1 constituido y es responsable de coordinar la respuesta y divulgaci\u00f3n de todas las vulnerabilidades de productos que se informan a RSA.","robots":{"index":"index","follow":"follow","max-snippet":"max-snippet:-1","max-image-preview":"max-image-preview:large","max-video-preview":"max-video-preview:-1"},"canonical":"https:\/\/www.rsa.com\/es\/vulnerability-response-policy\/","og_locale":"es_ES","og_type":"article","og_title":"Vulnerability Response Policy","og_description":"The RSA Product Security Incident Response Team (RSA PSIRT) is chartered and responsible for coordinating the response and disclosure for all product vulnerabilities that are reported to RSA.","og_url":"https:\/\/www.rsa.com\/es\/vulnerability-response-policy\/","og_site_name":"RSA","article_modified_time":"2025-02-07T21:23:56+00:00","og_image":[{"width":1200,"height":630,"url":"https:\/\/www.rsa.com\/wp-content\/uploads\/rsa-og-image.jpg","type":"image\/jpeg"}],"twitter_card":"summary_large_image","twitter_title":"Vulnerability Response Policy","twitter_description":"The RSA Product Security Incident Response Team (RSA PSIRT) is chartered and responsible for coordinating the response and disclosure for all product vulnerabilities that are reported to RSA.","twitter_image":"https:\/\/www.rsa.com\/wp-content\/uploads\/rsa-og-image.jpg","schema":{"@context":"https:\/\/schema.org","@graph":[{"@type":"WebPage","@id":"https:\/\/www.rsa.com\/vulnerability-response-policy\/","url":"https:\/\/www.rsa.com\/vulnerability-response-policy\/","name":"Pol\u00edtica de respuesta ante vulnerabilidades - RSA","isPartOf":{"@id":"https:\/\/www.rsa.com\/#website"},"datePublished":"2022-02-03T21:55:23+00:00","dateModified":"2025-02-07T21:23:56+00:00","description":"El Equipo de Respuesta a Incidentes de Seguridad de Productos de RSA (RSA PSIRT) est\u00e1 constituido y es responsable de coordinar la respuesta y divulgaci\u00f3n de todas las vulnerabilidades de productos que se informan a RSA.","breadcrumb":{"@id":"https:\/\/www.rsa.com\/vulnerability-response-policy\/#breadcrumb"},"inLanguage":"es-ES","potentialAction":[{"@type":"ReadAction","target":["https:\/\/www.rsa.com\/vulnerability-response-policy\/"]}]},{"@type":"BreadcrumbList","@id":"https:\/\/www.rsa.com\/vulnerability-response-policy\/#breadcrumb","itemListElement":[{"@type":"ListItem","position":1,"name":"Home","item":"https:\/\/www.rsa.com\/"},{"@type":"ListItem","position":2,"name":"Vulnerability Response Policy"}]},{"@type":"WebSite","@id":"https:\/\/www.rsa.com\/#website","url":"https:\/\/www.rsa.com\/","name":"RSA","description":"Soluciones de ciberseguridad y gesti\u00f3n de riesgos digitales","publisher":{"@id":"https:\/\/www.rsa.com\/#organization"},"potentialAction":[{"@type":"SearchAction","target":{"@type":"EntryPoint","urlTemplate":"https:\/\/www.rsa.com\/?s={search_term_string}"},"query-input":{"@type":"PropertyValueSpecification","valueRequired":true,"valueName":"search_term_string"}}],"inLanguage":"es-ES"},{"@type":"Organization","@id":"https:\/\/www.rsa.com\/#organization","name":"RSA","url":"https:\/\/www.rsa.com\/","logo":{"@type":"ImageObject","inLanguage":"es-ES","@id":"https:\/\/www.rsa.com\/#\/schema\/logo\/image\/","url":"https:\/\/www.rsa.com\/wp-content\/uploads\/rsa.png","contentUrl":"https:\/\/www.rsa.com\/wp-content\/uploads\/rsa.png","width":2880,"height":1020,"caption":"RSA"},"image":{"@id":"https:\/\/www.rsa.com\/#\/schema\/logo\/image\/"}}]}},"_links":{"self":[{"href":"https:\/\/www.rsa.com\/es\/wp-json\/wp\/v2\/pages\/1581","targetHints":{"allow":["GET"]}}],"collection":[{"href":"https:\/\/www.rsa.com\/es\/wp-json\/wp\/v2\/pages"}],"about":[{"href":"https:\/\/www.rsa.com\/es\/wp-json\/wp\/v2\/types\/page"}],"author":[{"embeddable":true,"href":"https:\/\/www.rsa.com\/es\/wp-json\/wp\/v2\/users\/6"}],"replies":[{"embeddable":true,"href":"https:\/\/www.rsa.com\/es\/wp-json\/wp\/v2\/comments?post=1581"}],"version-history":[{"count":17,"href":"https:\/\/www.rsa.com\/es\/wp-json\/wp\/v2\/pages\/1581\/revisions"}],"predecessor-version":[{"id":32871,"href":"https:\/\/www.rsa.com\/es\/wp-json\/wp\/v2\/pages\/1581\/revisions\/32871"}],"wp:attachment":[{"href":"https:\/\/www.rsa.com\/es\/wp-json\/wp\/v2\/media?parent=1581"}],"curies":[{"name":"wp","href":"https:\/\/api.w.org\/{rel}","templated":true}]}}