{"id":973,"date":"2022-01-04T15:15:49","date_gmt":"2022-01-04T23:15:49","guid":{"rendered":"https:\/\/live-rsa-hub.pantheonsite.io\/?page_id=973"},"modified":"2025-02-07T15:38:45","modified_gmt":"2025-02-07T20:38:45","slug":"copyright-policy","status":"publish","type":"page","link":"https:\/\/www.rsa.com\/de\/copyright-policy\/","title":{"rendered":"Urheberrechtspolitik"},"content":{"rendered":"<p>Sie d\u00fcrfen urheberrechtlich gesch\u00fctztes oder sonstiges gesch\u00fctztes Material nicht ver\u00f6ffentlichen, ver\u00e4ndern, verteilen oder reproduzieren, ohne die vorherige schriftliche Zustimmung des Urheberrechtsinhabers dieses Materials eingeholt zu haben. RSA kann ein Konto k\u00fcndigen, den Zugang zu einer Website oder einem Dienst zu verweigern, oder beenden Sie jeden Benutzer, der angeblich das Urheberrecht oder Eigentumsrechte eines anderen verletzt haben.<\/p>\n<p>Wenn Sie der Meinung sind, dass Ihre Urheberrechte oder andere Rechte verletzt wurden, teilen Sie dies bitte unserem Beauftragten schriftlich mit:<\/p>\n<ul class=\"mb-4\">\n<li>Eine elektronische oder physische Unterschrift der Person, die befugt ist, im Namen des Inhabers des Urheberrechts oder anderer Rechte zu handeln<\/li>\n<li>Eine Beschreibung des urheberrechtlich gesch\u00fctzten Werks oder eines anderen Werks, das Ihrer Ansicht nach verletzt wurde<\/li>\n<li>Eine Beschreibung des Ortes, an dem sich das Material, das Ihrer Ansicht nach gegen die Bestimmungen verst\u00f6\u00dft, auf unseren Websites, in unseren Netzwerken oder in anderen Repositories befindet<\/li>\n<li>Ihre Adresse, Telefonnummer und E-Mail Adresse<\/li>\n<li>Eine schriftliche Erkl\u00e4rung von Ihnen, dass Sie in gutem Glauben davon ausgehen, dass die beanstandete Nutzung nicht durch den Urheberrechtsinhaber, seinen Vertreter oder das Gesetz genehmigt ist<\/li>\n<li>Eine eidesstattliche Erkl\u00e4rung von Ihnen, dass die oben genannten Informationen in Ihrer Mitteilung korrekt sind und dass Sie der Urheberrechtsinhaber sind oder befugt sind, im Namen des Urheberrechtsinhabers zu handeln<br \/>\nUnser Beauftragter f\u00fcr die Meldung von Urheberrechtsverletzungen ist wie folgt zu erreichen:<\/li>\n<\/ul>\n<p><strong><br \/>\nRSA Sicherheit LLC<br \/>\nZu H\u00e4nden: Rechtsabteilung IP - Urheberrechte<br \/>\nBurlington, MA 01803<br \/>\nE-Mail: <a href=\"mailto:ip@rsa.com\">ip@rsa.com<\/a><br \/>\n<\/strong><\/p>\n<p>Wurde das beanstandete Material von einem Dritten eingestellt, der mit angemessenem Aufwand identifiziert werden kann, werden wir den Dritten in angemessener Weise \u00fcber die Vorw\u00fcrfe informieren. Wenn der Dritte mit einer g\u00fcltigen Gegendarstellung antwortet, werden wir Ihnen eine Kopie zukommen lassen, damit Sie alle weiteren Schritte unternehmen k\u00f6nnen, die Sie f\u00fcr angemessen halten.<\/p>","protected":false},"excerpt":{"rendered":"<p>Sie d\u00fcrfen urheberrechtlich gesch\u00fctzte oder andere gesch\u00fctzte Materialien ohne vorherige schriftliche Zustimmung des Urheberrechtsinhabers dieser Materialien in keiner Weise ver\u00f6ffentlichen, ver\u00e4ndern, verbreiten oder reproduzieren. RSA kann ein Konto k\u00fcndigen, den Zugriff auf eine Website oder einen Dienst verweigern oder jeden Nutzer k\u00fcndigen, der mutma\u00dflich das Urheberrecht oder Eigentumsrechte verletzt hat ... <a href=\"https:\/\/www.rsa.com\/de\/copyright-policy\/\">Fortsetzung<\/a><\/p>","protected":false},"author":2,"featured_media":0,"parent":0,"menu_order":0,"comment_status":"closed","ping_status":"closed","template":"template-policy.blade.php","meta":{"_acf_changed":false,"_searchwp_excluded":"","inline_featured_image":false,"footnotes":""},"class_list":["post-973","page","type-page","status-publish","hentry"],"acf":[],"yoast_head":"<!-- This site is optimized with the Yoast SEO plugin v27.3 - https:\/\/yoast.com\/product\/yoast-seo-wordpress\/ -->\n<title>RSA Copyright Policy<\/title>\n<meta name=\"description\" content=\"If you believe that your copyright or other rights have been infringed, please provide our Designated Agent written notice\" \/>\n<meta name=\"robots\" content=\"index, follow, max-snippet:-1, max-image-preview:large, max-video-preview:-1\" \/>\n<link rel=\"canonical\" href=\"https:\/\/www.rsa.com\/de\/copyright-policy\/\" \/>\n<meta property=\"og:locale\" content=\"de_DE\" \/>\n<meta property=\"og:type\" content=\"article\" \/>\n<meta property=\"og:title\" content=\"Copyright Policy\" \/>\n<meta property=\"og:description\" content=\"If you believe that your copyright or other rights have been infringed, please provide our Designated Agent written notice\" \/>\n<meta property=\"og:url\" content=\"https:\/\/www.rsa.com\/de\/copyright-policy\/\" \/>\n<meta property=\"og:site_name\" content=\"RSA\" \/>\n<meta property=\"article:modified_time\" content=\"2025-02-07T20:38:45+00:00\" \/>\n<meta property=\"og:image\" content=\"https:\/\/www.rsa.com\/wp-content\/uploads\/rsa-og-image.jpg\" \/>\n\t<meta property=\"og:image:width\" content=\"1200\" \/>\n\t<meta property=\"og:image:height\" content=\"630\" \/>\n\t<meta property=\"og:image:type\" content=\"image\/jpeg\" \/>\n<meta name=\"twitter:card\" content=\"summary_large_image\" \/>\n<meta name=\"twitter:title\" content=\"Copyright Policy\" \/>\n<meta name=\"twitter:description\" content=\"If you believe that your copyright or other rights have been infringed, please provide our Designated Agent written notice\" \/>\n<meta name=\"twitter:image\" content=\"https:\/\/www.rsa.com\/wp-content\/uploads\/rsa-og-image.jpg\" \/>\n<script type=\"application\/ld+json\" class=\"yoast-schema-graph\">{\"@context\":\"https:\\\/\\\/schema.org\",\"@graph\":[{\"@type\":\"WebPage\",\"@id\":\"https:\\\/\\\/www.rsa.com\\\/copyright-policy\\\/\",\"url\":\"https:\\\/\\\/www.rsa.com\\\/copyright-policy\\\/\",\"name\":\"RSA Copyright Policy\",\"isPartOf\":{\"@id\":\"https:\\\/\\\/www.rsa.com\\\/#website\"},\"datePublished\":\"2022-01-04T23:15:49+00:00\",\"dateModified\":\"2025-02-07T20:38:45+00:00\",\"description\":\"If you believe that your copyright or other rights have been infringed, please provide our Designated Agent written notice\",\"breadcrumb\":{\"@id\":\"https:\\\/\\\/www.rsa.com\\\/copyright-policy\\\/#breadcrumb\"},\"inLanguage\":\"de-DE\",\"potentialAction\":[{\"@type\":\"ReadAction\",\"target\":[\"https:\\\/\\\/www.rsa.com\\\/copyright-policy\\\/\"]}]},{\"@type\":\"BreadcrumbList\",\"@id\":\"https:\\\/\\\/www.rsa.com\\\/copyright-policy\\\/#breadcrumb\",\"itemListElement\":[{\"@type\":\"ListItem\",\"position\":1,\"name\":\"Home\",\"item\":\"https:\\\/\\\/www.rsa.com\\\/\"},{\"@type\":\"ListItem\",\"position\":2,\"name\":\"Copyright Policy\"}]},{\"@type\":\"WebSite\",\"@id\":\"https:\\\/\\\/www.rsa.com\\\/#website\",\"url\":\"https:\\\/\\\/www.rsa.com\\\/\",\"name\":\"RSA\",\"description\":\"Cybersecurity and Digital Risk Management Solutions\",\"publisher\":{\"@id\":\"https:\\\/\\\/www.rsa.com\\\/#organization\"},\"potentialAction\":[{\"@type\":\"SearchAction\",\"target\":{\"@type\":\"EntryPoint\",\"urlTemplate\":\"https:\\\/\\\/www.rsa.com\\\/?s={search_term_string}\"},\"query-input\":{\"@type\":\"PropertyValueSpecification\",\"valueRequired\":true,\"valueName\":\"search_term_string\"}}],\"inLanguage\":\"de-DE\"},{\"@type\":\"Organization\",\"@id\":\"https:\\\/\\\/www.rsa.com\\\/#organization\",\"name\":\"RSA\",\"url\":\"https:\\\/\\\/www.rsa.com\\\/\",\"logo\":{\"@type\":\"ImageObject\",\"inLanguage\":\"de-DE\",\"@id\":\"https:\\\/\\\/www.rsa.com\\\/#\\\/schema\\\/logo\\\/image\\\/\",\"url\":\"https:\\\/\\\/www.rsa.com\\\/wp-content\\\/uploads\\\/rsa.png\",\"contentUrl\":\"https:\\\/\\\/www.rsa.com\\\/wp-content\\\/uploads\\\/rsa.png\",\"width\":2880,\"height\":1020,\"caption\":\"RSA\"},\"image\":{\"@id\":\"https:\\\/\\\/www.rsa.com\\\/#\\\/schema\\\/logo\\\/image\\\/\"}}]}<\/script>\n<!-- \/ Yoast SEO plugin. -->","yoast_head_json":{"title":"RSA-Copyright-Richtlinie","description":"Wenn Sie der Meinung sind, dass Ihr Urheberrecht oder andere Rechte verletzt wurden, teilen Sie dies bitte unserem Beauftragten schriftlich mit","robots":{"index":"index","follow":"follow","max-snippet":"max-snippet:-1","max-image-preview":"max-image-preview:large","max-video-preview":"max-video-preview:-1"},"canonical":"https:\/\/www.rsa.com\/de\/copyright-policy\/","og_locale":"de_DE","og_type":"article","og_title":"Copyright Policy","og_description":"If you believe that your copyright or other rights have been infringed, please provide our Designated Agent written notice","og_url":"https:\/\/www.rsa.com\/de\/copyright-policy\/","og_site_name":"RSA","article_modified_time":"2025-02-07T20:38:45+00:00","og_image":[{"width":1200,"height":630,"url":"https:\/\/www.rsa.com\/wp-content\/uploads\/rsa-og-image.jpg","type":"image\/jpeg"}],"twitter_card":"summary_large_image","twitter_title":"Copyright Policy","twitter_description":"If you believe that your copyright or other rights have been infringed, please provide our Designated Agent written notice","twitter_image":"https:\/\/www.rsa.com\/wp-content\/uploads\/rsa-og-image.jpg","schema":{"@context":"https:\/\/schema.org","@graph":[{"@type":"WebPage","@id":"https:\/\/www.rsa.com\/copyright-policy\/","url":"https:\/\/www.rsa.com\/copyright-policy\/","name":"RSA-Copyright-Richtlinie","isPartOf":{"@id":"https:\/\/www.rsa.com\/#website"},"datePublished":"2022-01-04T23:15:49+00:00","dateModified":"2025-02-07T20:38:45+00:00","description":"Wenn Sie der Meinung sind, dass Ihr Urheberrecht oder andere Rechte verletzt wurden, teilen Sie dies bitte unserem Beauftragten schriftlich mit","breadcrumb":{"@id":"https:\/\/www.rsa.com\/copyright-policy\/#breadcrumb"},"inLanguage":"de-DE","potentialAction":[{"@type":"ReadAction","target":["https:\/\/www.rsa.com\/copyright-policy\/"]}]},{"@type":"BreadcrumbList","@id":"https:\/\/www.rsa.com\/copyright-policy\/#breadcrumb","itemListElement":[{"@type":"ListItem","position":1,"name":"Home","item":"https:\/\/www.rsa.com\/"},{"@type":"ListItem","position":2,"name":"Copyright Policy"}]},{"@type":"WebSite","@id":"https:\/\/www.rsa.com\/#website","url":"https:\/\/www.rsa.com\/","name":"RSA","description":"L\u00f6sungen f\u00fcr Cybersecurity und digitales Risikomanagement","publisher":{"@id":"https:\/\/www.rsa.com\/#organization"},"potentialAction":[{"@type":"SearchAction","target":{"@type":"EntryPoint","urlTemplate":"https:\/\/www.rsa.com\/?s={search_term_string}"},"query-input":{"@type":"PropertyValueSpecification","valueRequired":true,"valueName":"search_term_string"}}],"inLanguage":"de-DE"},{"@type":"Organization","@id":"https:\/\/www.rsa.com\/#organization","name":"RSA","url":"https:\/\/www.rsa.com\/","logo":{"@type":"ImageObject","inLanguage":"de-DE","@id":"https:\/\/www.rsa.com\/#\/schema\/logo\/image\/","url":"https:\/\/www.rsa.com\/wp-content\/uploads\/rsa.png","contentUrl":"https:\/\/www.rsa.com\/wp-content\/uploads\/rsa.png","width":2880,"height":1020,"caption":"RSA"},"image":{"@id":"https:\/\/www.rsa.com\/#\/schema\/logo\/image\/"}}]}},"_links":{"self":[{"href":"https:\/\/www.rsa.com\/de\/wp-json\/wp\/v2\/pages\/973","targetHints":{"allow":["GET"]}}],"collection":[{"href":"https:\/\/www.rsa.com\/de\/wp-json\/wp\/v2\/pages"}],"about":[{"href":"https:\/\/www.rsa.com\/de\/wp-json\/wp\/v2\/types\/page"}],"author":[{"embeddable":true,"href":"https:\/\/www.rsa.com\/de\/wp-json\/wp\/v2\/users\/2"}],"replies":[{"embeddable":true,"href":"https:\/\/www.rsa.com\/de\/wp-json\/wp\/v2\/comments?post=973"}],"version-history":[{"count":6,"href":"https:\/\/www.rsa.com\/de\/wp-json\/wp\/v2\/pages\/973\/revisions"}],"predecessor-version":[{"id":30236,"href":"https:\/\/www.rsa.com\/de\/wp-json\/wp\/v2\/pages\/973\/revisions\/30236"}],"wp:attachment":[{"href":"https:\/\/www.rsa.com\/de\/wp-json\/wp\/v2\/media?parent=973"}],"curies":[{"name":"wp","href":"https:\/\/api.w.org\/{rel}","templated":true}]}}