{"id":3604,"date":"2022-08-08T15:30:58","date_gmt":"2022-08-08T19:30:58","guid":{"rendered":"https:\/\/www.rsa.com\/?page_id=3604"},"modified":"2025-02-07T16:22:39","modified_gmt":"2025-02-07T21:22:39","slug":"terms-of-use-sept-2020","status":"publish","type":"page","link":"https:\/\/www.rsa.com\/de\/terms-of-use\/terms-of-use-sept-2020\/","title":{"rendered":"Nutzungsbedingungen - September 2020"},"content":{"rendered":"<h4 class=\"size-h6-regular compressed\">\u00dcber diese Nutzungsbedingungen<\/h4>\n<p>Diese Bedingungen (\"Bedingungen\") sind eine rechtliche Vereinbarung zwischen Ihnen und RSA Security LLC und seinen Tochtergesellschaften (\"RSA\"). Die Bedingungen steuern Ihre Nutzung und den Zugang zu RSA-Websites und Online-Informationen (die \"Sites\" oder \"Site\"). Durch die Nutzung der Websites von RSA erkl\u00e4ren Sie sich mit diesen Bedingungen einverstanden. RSA kann diese Bedingungen jederzeit durch Aktualisierung dieser Seite \u00fcberarbeiten. Sie sollten diese Seite von Zeit zu Zeit besuchen, um festzustellen, welche Bedingungen f\u00fcr Ihre Nutzung der Site gelten.<\/p>\n<h4 class=\"size-h6-regular compressed\">Lizenzausschluss und Nutzungsbeschr\u00e4nkungen<\/h4>\n<p class=\"compressed\">Nichts auf einer RSA-Site gibt Ihnen eine Lizenz unter einem RSA oder Rechte an geistigem Eigentum Dritter. Alle Rechte an geistigem Eigentum in dieser Website geh\u00f6ren zu RSA oder anderen Parteien, die ihr Material an RSA lizenziert. Vorbehaltlich dieser Bedingungen, gew\u00e4hrt RSA Ihnen ein begrenztes, widerrufliches, nicht-exklusives Recht auf Zugang und Nutzung der Website und der Materialien und Informationen auf der Website (\"RSA Content\"). Diese begrenzte Lizenz ist nur f\u00fcr Ihre pers\u00f6nliche, nicht-kommerzielle Nutzung. Sie m\u00fcssen die Eigentumshinweise von RSA auf allen Kopien beibehalten, die Sie von RSA-Inhalten anfertigen. Unbefugte Nutzung von RSA Content kann gegen das Urheberrecht, Markenrecht, Datenschutz, Kommunikation oder andere Gesetze versto\u00dfen. Sie sind verantwortlich f\u00fcr RSA f\u00fcr Ihre unbefugte Nutzung von RSA Content. Dieses Recht erlischt automatisch, wenn Sie einen Teil dieser Bedingungen zu verletzen. Nach der Beendigung m\u00fcssen Sie sofort alle RSA-Inhalte in Ihrem Besitz oder unter Ihrer Kontrolle zu zerst\u00f6ren. Andere als wie oben angegeben, d\u00fcrfen Sie nicht:<\/p>\n<ul>\n<li>den RSA-Inhalt in irgendeiner Form oder mit irgendwelchen Mitteln ohne die vorherige schriftliche Genehmigung von RSA oder des Urheberrechtsinhabers zu ver\u00e4ndern, zu kopieren, zu verteilen, neu zu ver\u00f6ffentlichen, herunterzuladen, anzuzeigen, zu posten oder zu versenden, es sei denn, auf der Website ist f\u00fcr bestimmte RSA-Inhalte etwas anderes angegeben;<\/li>\n<li>Verwendung der Website oder RSA-Inhalte f\u00fcr einen Zweck, der ungesetzlich oder durch diese Bedingungen verboten ist;<\/li>\n<li>die Website zu nutzen, um zu Aktivit\u00e4ten aufzurufen, die illegal sind oder die Rechte anderer verletzen k\u00f6nnten;<\/li>\n<li>\"Spiegeln\" oder \"Framing\" von RSA-Inhalten auf einem anderen Ger\u00e4t ohne die schriftliche Genehmigung von RSA;<\/li>\n<li>den RSA-Inhalt zu verwenden, um RSA-Inhalte mit den Produkten, Dienstleistungen oder Informationen anderer Personen oder Organisationen zu vergleichen; oder<\/li>\n<li>Das RSA- oder RSA-Konferenzlogo oder andere RSA-Markenzeichen als \"hei\u00dfen\" Link zu irgendeinem Teil der Website zu verwenden, es sei denn, RSA hat diese Verwendung schriftlich genehmigt.<\/li>\n<\/ul>\n<h4 class=\"size-h6-regular compressed\">Informationen zum Urheberrecht<\/h4>\n<p>Alle RSA-Inhalte sind durch das Urheberrecht gesch\u00fctzt.<\/p>\n<p>Das Urheberrecht f\u00fcr das gesamte auf dieser Website (\"Website\") bereitgestellte Material liegt bei RSA Security LLC oder seinen verbundenen Unternehmen (\"RSA\") oder beim urspr\u00fcnglichen Ersteller des Materials. Sofern nicht anders angegeben, darf kein Material kopiert, vervielf\u00e4ltigt, verteilt, neu ver\u00f6ffentlicht, heruntergeladen, angezeigt, gepostet oder in irgendeiner Form oder mit irgendwelchen Mitteln \u00fcbertragen werden, einschlie\u00dflich, aber nicht beschr\u00e4nkt auf elektronische, mechanische, Fotokopien, Aufnahmen oder anderweitig, ohne die vorherige schriftliche Genehmigung von RSA oder dem Urheberrechtsinhaber. Es wird die Erlaubnis erteilt, die Materialien auf dieser Website nur f\u00fcr den pers\u00f6nlichen, nichtkommerziellen Gebrauch anzuzeigen, zu kopieren, zu verteilen und herunterzuladen, vorausgesetzt, dass Sie die Materialien nicht ver\u00e4ndern und dass Sie alle in den Materialien enthaltenen Urheberrechts- und sonstigen Eigentumshinweise beibehalten. Au\u00dferdem d\u00fcrfen Sie ohne die Erlaubnis von RSA kein auf dieser Site enthaltenes Material auf einem anderen Server \"spiegeln\". Diese Erlaubnis erlischt automatisch, wenn Sie eine dieser Bedingungen verletzen. Jegliche unbefugte Nutzung des auf dieser Website enthaltenen Materials kann gegen Urheberrechtsgesetze, Markengesetze, Gesetze zum Schutz der Privatsph\u00e4re und der \u00d6ffentlichkeit sowie gegen Kommunikationsvorschriften und -statuten versto\u00dfen.<\/p>\n<h4 class=\"size-h6-regular compressed\">U.S. DIGITAL MILLENNIUM COPYRIGHT ACT NOTICE<\/h4>\n<p>Wenn Sie der Meinung sind, dass Ihr Werk in irgendeiner Weise ohne Ihre Erlaubnis kopiert wurde, \u00fcbermitteln Sie bitte die folgenden Informationen an unseren unten genannten Beauftragten f\u00fcr die Benachrichtigung \u00fcber eine behauptete Urheberrechtsverletzung. Ihre Mitteilung muss Folgendes enthalten:<\/p>\n<p>Ihre elektronische oder physische Unterschrift;<br \/>\nEine Beschreibung des Werks, das Ihrer Ansicht nach verletzt wurde;<br \/>\nIdentifizierung des Werks, das Ihrer Meinung nach das Urheberrecht verletzt, und eine Beschreibung, wo es auf der RSA-Website zu finden ist;<br \/>\nIhre Adresse, Telefonnummer und E-Mail Adresse;<br \/>\neine Erkl\u00e4rung von Ihnen, dass Sie in gutem Glauben davon ausgehen, dass die verletzende Nutzung nicht durch den Urheberrechtsinhaber, dessen Vertreter oder durch das Gesetz genehmigt ist; und<br \/>\nEine eidesstattliche Erkl\u00e4rung von Ihnen, dass die oben genannten Informationen in Ihrer Mitteilung korrekt sind und dass Sie der Urheberrechtsinhaber sind oder befugt sind, im Namen des Urheberrechtsinhabers zu handeln.<\/p>\n<p>RSA Sicherheit LLC<br \/>\nz.H.: IP Legal<br \/>\n176 Middlesex Turnpike<br \/>\nBedford, MA 01730<\/p>\n<h4 class=\"size-h6-regular compressed\">Datenschutz<\/h4>\n<p class=\"compressed\">Die Datenschutzerkl\u00e4rung von RSA gilt f\u00fcr Ihre Nutzung der Website und ist Teil dieser Bedingungen. Bitte lesen Sie sowohl die <a href=\"https:\/\/live-rsa-hub.pantheonsite.io\/privacy-policy\/\">RSA-Datenschutzerkl\u00e4rung<\/a> und <a href=\"https:\/\/www.rsaconference.com\/privacy\">Datenschutzerkl\u00e4rung der RSA-Konferenz<\/a> und damit zusammenh\u00e4ngende Informationen \u00fcber Ihre Privatsph\u00e4re und die Verwendung Ihrer Daten durch RSA. Sie erkennen an und stimmen zu, dass Sie verantwortlich sind f\u00fcr:<\/p>\n<ul>\n<li>Schutz aller Konto- und Passwortinformationen, die f\u00fcr Ihre Nutzung der Website gelten;<\/li>\n<li>Einschr\u00e4nkung der Nutzung und des Zugriffs auf Ihren Computer, Ihr Smartphone oder ein anderes Ger\u00e4t, mit dem Sie auf die Website zugreifen; und<\/li>\n<li>Jede Aktivit\u00e4t, die unter Ihrem Konto stattfindet, weil Sie es vers\u00e4umt haben, diese Informationen zu sch\u00fctzen.<\/li>\n<\/ul>\n<h4 class=\"size-h6-regular compressed\">Elektronisch kommunizieren<\/h4>\n<p>Wenn Sie die Website nutzen, kommunizieren Sie mit RSA. Sie erkl\u00e4ren sich damit einverstanden, elektronische Mitteilungen in Bezug auf Ihre Nutzung der Website zu erhalten. RSA kann mit Ihnen per E-Mail oder durch die Ver\u00f6ffentlichung von Mitteilungen auf der Website kommunizieren. Sie stimmen zu, dass alle diese Mitteilungen erf\u00fcllen alle gesetzlichen Vorschriften, dass diese Mitteilungen in schriftlicher Form sein. RSA kann Mitteilungen an Sie per E-Mail oder durch Beitr\u00e4ge auf der Website zur Verf\u00fcgung stellen, und diese Mitteilungen sind an dem Tag wirksam, dass RSA sendet oder postet sie.<\/p>\n<h4 class=\"size-h6-regular compressed\">Exportieren<\/h4>\n<p>Der gesamte RSA-Inhalt unterliegt den US-amerikanischen Gesetzen und Vorschriften zur Exportkontrolle und zu Wirtschaftssanktionen und kann auch den Gesetzen des Landes unterliegen, in dem Sie ans\u00e4ssig sind.<\/p>\n<h4 class=\"size-h6-regular compressed\">Haftungsausschl\u00fcsse<\/h4>\n<p class=\"compressed\">Sie erkl\u00e4ren sich damit einverstanden, dass Sie die volle Verantwortung f\u00fcr Ihre Nutzung der Website \u00fcbernehmen. RSA bietet die Website und alle RSA Inhalt auf einem \"wie sie ist\" und \"wie verf\u00fcgbar\" Basis. Insbesondere, RSA:<\/p>\n<ul>\n<li>gibt keine Zusicherungen oder Garantien jeglicher Art;<\/li>\n<li>lehnt jede Gew\u00e4hrleistung ab, einschlie\u00dflich der Gew\u00e4hrleistung der Marktg\u00e4ngigkeit, der Eignung, der Genauigkeit, der Nichtverletzung von Rechten oder des Betriebs; und<\/li>\n<li>Garantiert nicht, dass die Website und der RSA-Inhalt frei von Fehlern oder M\u00e4ngeln sind.<\/li>\n<\/ul>\n<h4 class=\"size-h6-regular compressed\">Beschr\u00e4nkung der Haftung<\/h4>\n<p><b>RSA ist nicht haftbar unter allen rechtlichen Theorien (einschlie\u00dflich Fahrl\u00e4ssigkeit) f\u00fcr jede Art von Sch\u00e4den, auch wenn RSA wusste von der M\u00f6glichkeit solcher Sch\u00e4den. RSA ist nicht haftbar f\u00fcr den Verlust von Daten oder Gewinne, die aus Ihrer Nutzung oder Unf\u00e4higkeit, die Website oder die RSA-Inhalte zu verwenden. Wenn Ihre Nutzung der RSA Inhalt f\u00fchrt zu der Notwendigkeit f\u00fcr die Wartung, Reparatur oder Korrektur von Produkten oder Daten, werden Sie f\u00fcr diese Reparaturen zu zahlen. Einige Gerichtsbarkeiten beschr\u00e4nken den Ausschluss oder die Beschr\u00e4nkung bestimmter Sch\u00e4den, so dass diese Bestimmung m\u00f6glicherweise nicht f\u00fcr Sie gelten.<\/b><\/p>\n<h4 class=\"size-h6-regular compressed\">Entsch\u00e4digung<\/h4>\n<p>Sie erkl\u00e4ren sich damit einverstanden, RSA und seine Vertreter, Mitarbeiter und Lizenzgeber zu entsch\u00e4digen, zu verteidigen und schadlos zu halten von und gegen alle Anspr\u00fcche und Kosten Dritter, einschlie\u00dflich angemessener Anwaltskosten, die in irgendeiner Weise mit Ihrer Nutzung der Website oder Ihrer Verletzung dieser Bedingungen zusammenh\u00e4ngen.<\/p>\n<h4 class=\"size-h6-regular compressed\">Sonstiges<\/h4>\n<ul>\n<li>Diese Bedingungen schaffen kein Rechtsverh\u00e4ltnis zwischen Ihnen und RSA.<\/li>\n<li>Das Vers\u00e4umnis von RSA, ein Recht durchzusetzen, bedeutet nicht, dass RSA auf dieses Recht verzichtet hat.<\/li>\n<li>Wenn ein Gericht oder ein anderes Gericht eine Bestimmung dieser Bedingungen f\u00fcr nicht durchsetzbar h\u00e4lt, wird RSA diese Bestimmung nur in dem Umfang \u00e4ndern, der notwendig ist, um sie durchsetzbar zu machen. Andere Bedingungen werden in vollem Umfang in Kraft bleiben und Wirkung.<\/li>\n<li>Bei der Auslegung dieser Bedingungen ist auf die richtige Bedeutung zu achten, und Zweideutigkeiten d\u00fcrfen weder zu Gunsten noch zu Ungunsten einer Partei ausgelegt werden.<\/li>\n<li>RSA kann seine Rechte unter diesen Bedingungen abtreten, aber Sie d\u00fcrfen dies nicht tun.<\/li>\n<li>Diese Bedingungen, zusammen mit allen anderen Bedingungen, denen Sie bei der Nutzung der Website zustimmen, stellen die gesamte Vereinbarung zwischen RSA und Ihnen \u00fcber die Nutzung dieser Website dar.<\/li>\n<li>Die \u00dcberschriften dienen nur als Referenz.<\/li>\n<li>Diese Bedingungen ersetzen alle fr\u00fcheren Vereinbarungen mit RSA \u00fcber die Nutzung dieser Website und ihres Inhalts.<\/li>\n<li>Die direkten und indirekten Tochtergesellschaften von RSA sind Drittbeg\u00fcnstigte dieser Bedingungen.<\/li>\n<\/ul>\n<h4 class=\"size-h6-regular compressed\">Geltendes Recht; Streitbeilegung<\/h4>\n<p class=\"translation-block\">Sie erkl\u00e4ren sich damit einverstanden, dass die Gesetze des Commonwealth of Massachusetts alle Anspr\u00fcche oder Streitigkeiten in Bezug auf diese Bedingungen, die Website, RSA Inhalt, Ihren Zugang zu und die Nutzung der Website, oder eine Kombination dieser Elemente (die \"<b>Dispute<\/b>\"), ohne R\u00fccksicht auf Massachusetts Konflikte von Rechtsgrunds\u00e4tzen zu regeln. Bevor Sie oder RSA eine Klage in Bezug auf einen Streitfall einreichen, werden Sie und RSA versuchen, den Streitfall durch Verhandlungen oder durch Mediation mit Hilfe eines einvernehmlichen Mediators beizulegen. Sie und RSA werden die Existenz oder die Ergebnisse von Verhandlungen oder Mediationen vertraulich behandeln. Sollten die Parteien nicht in der Lage sein, die Streitigkeit innerhalb von drei\u00dfig Tagen nach Mitteilung der Streitigkeit an die andere Partei beizulegen, steht es den Parteien frei, alle nach dem Gesetz oder dem Billigkeitsrecht verf\u00fcgbaren Rechtsmittel zu ergreifen. Ungeachtet des Vorstehenden hat jede Partei das Recht, bei einem zust\u00e4ndigen Gericht eine einstweilige Verf\u00fcgung, eine einstweilige Anordnung oder einen anderen billigkeitsrechtlichen Rechtsbehelf zu beantragen, um den Status quo zu wahren, einen nicht wieder gutzumachenden Schaden zu verhindern, den Ablauf geltender Verj\u00e4hrungsfristen zu vermeiden oder eine \u00fcberlegene Position gegen\u00fcber anderen Gl\u00e4ubigern zu wahren.<\/p>\n<h4 class=\"size-h6-regular compressed\">Kontakt<\/h4>\n<p>RSA ist Eigent\u00fcmerin dieser Website. Wenn Sie Fragen zur Erfassung oder Verwendung pers\u00f6nlicher Daten durch RSA haben, lesen Sie bitte die Datenschutzerkl\u00e4rung von RSA oder kontaktieren Sie <a href=\"mailto:privacy@rsa.com\">privacy@rsa.com<\/a>. Einwohner Kaliforniens k\u00f6nnen ihre Beschwerden auch per Post an die Complaint Assistance Unit der Division of Consumer Services des California Department of Consumer Affairs (1625 North Market Blvd., Sacramento, CA 95834) oder per Telefon unter (916) 445-1254 oder (800) 952-5210 richten.<\/p>\n<p class=\"size-12\"><em>rev. 1SEPT2020<\/em><\/p>","protected":false},"excerpt":{"rendered":"<p>\u00dcber diese Nutzungsbedingungen Diese Bedingungen (\u201cBedingungen\u201d) sind eine rechtliche Vereinbarung zwischen Ihnen und RSA Security LLC und seinen Tochtergesellschaften (\u201cRSA\u201d). Die Bedingungen steuern Ihre Nutzung und den Zugang zu RSA-Websites und Online-Informationen (die \u201cSites\u201d oder \u201cSite\u201d). Durch die Nutzung der Websites von RSA erkl\u00e4ren Sie sich mit diesen Bedingungen einverstanden. RSA kann diese Bedingungen jederzeit \u00fcberarbeiten ... <a href=\"https:\/\/www.rsa.com\/de\/terms-of-use\/terms-of-use-sept-2020\/\">Fortsetzung<\/a><\/p>","protected":false},"author":2,"featured_media":0,"parent":227,"menu_order":0,"comment_status":"closed","ping_status":"closed","template":"template-policy.blade.php","meta":{"_acf_changed":false,"_searchwp_excluded":"","inline_featured_image":false,"footnotes":""},"class_list":["post-3604","page","type-page","status-publish","hentry"],"acf":[],"yoast_head":"<!-- This site is optimized with the Yoast SEO plugin v27.4 - https:\/\/yoast.com\/product\/yoast-seo-wordpress\/ -->\n<title>Terms of Use - September 2020 - RSA<\/title>\n<meta name=\"robots\" content=\"index, follow, max-snippet:-1, max-image-preview:large, max-video-preview:-1\" \/>\n<link rel=\"canonical\" href=\"https:\/\/www.rsa.com\/de\/terms-of-use\/terms-of-use-sept-2020\/\" \/>\n<meta property=\"og:locale\" content=\"de_DE\" \/>\n<meta property=\"og:type\" content=\"article\" \/>\n<meta property=\"og:title\" content=\"Terms of Use - September 2020 - RSA\" \/>\n<meta property=\"og:description\" content=\"About These Terms of Use These terms (&#8220;Terms&#8221;) are a legal agreement between you and RSA Security LLC and its affiliates (&#8220;RSA&#8221;). The Terms control your use and access to RSA&#8217;s websites and online information (the &#8220;Sites&#8221; or &#8220;Site&#8221;). By using RSA&#8217;s Sites, you agree to these Terms. RSA may revise these Terms at any &hellip; Continued\" \/>\n<meta property=\"og:url\" content=\"https:\/\/www.rsa.com\/de\/terms-of-use\/terms-of-use-sept-2020\/\" \/>\n<meta property=\"og:site_name\" content=\"RSA\" \/>\n<meta property=\"article:modified_time\" content=\"2025-02-07T21:22:39+00:00\" \/>\n<meta property=\"og:image\" content=\"https:\/\/www.rsa.com\/wp-content\/uploads\/rsa-og-image.webp\" \/>\n\t<meta property=\"og:image:width\" content=\"1200\" \/>\n\t<meta property=\"og:image:height\" content=\"630\" \/>\n\t<meta property=\"og:image:type\" content=\"image\/webp\" \/>\n<meta name=\"twitter:card\" content=\"summary_large_image\" \/>\n<script type=\"application\/ld+json\" class=\"yoast-schema-graph\">{\"@context\":\"https:\\\/\\\/schema.org\",\"@graph\":[{\"@type\":\"WebPage\",\"@id\":\"https:\\\/\\\/www.rsa.com\\\/ar\\\/terms-of-use\\\/terms-of-use-sept-2020\\\/\",\"url\":\"https:\\\/\\\/www.rsa.com\\\/ar\\\/terms-of-use\\\/terms-of-use-sept-2020\\\/\",\"name\":\"Terms of Use - September 2020 - RSA\",\"isPartOf\":{\"@id\":\"https:\\\/\\\/www.rsa.com\\\/#website\"},\"datePublished\":\"2022-08-08T19:30:58+00:00\",\"dateModified\":\"2025-02-07T21:22:39+00:00\",\"breadcrumb\":{\"@id\":\"https:\\\/\\\/www.rsa.com\\\/ar\\\/terms-of-use\\\/terms-of-use-sept-2020\\\/#breadcrumb\"},\"inLanguage\":\"de-DE\",\"potentialAction\":[{\"@type\":\"ReadAction\",\"target\":[\"https:\\\/\\\/www.rsa.com\\\/ar\\\/terms-of-use\\\/terms-of-use-sept-2020\\\/\"]}]},{\"@type\":\"BreadcrumbList\",\"@id\":\"https:\\\/\\\/www.rsa.com\\\/ar\\\/terms-of-use\\\/terms-of-use-sept-2020\\\/#breadcrumb\",\"itemListElement\":[{\"@type\":\"ListItem\",\"position\":1,\"name\":\"Home\",\"item\":\"https:\\\/\\\/www.rsa.com\\\/\"},{\"@type\":\"ListItem\",\"position\":2,\"name\":\"Terms of Use\",\"item\":\"https:\\\/\\\/www.rsa.com\\\/terms-of-use\\\/\"},{\"@type\":\"ListItem\",\"position\":3,\"name\":\"Terms of Use &#8211; September 2020\"}]},{\"@type\":\"WebSite\",\"@id\":\"https:\\\/\\\/www.rsa.com\\\/#website\",\"url\":\"https:\\\/\\\/www.rsa.com\\\/\",\"name\":\"RSA\",\"description\":\"Cybersecurity and Digital Risk Management Solutions\",\"publisher\":{\"@id\":\"https:\\\/\\\/www.rsa.com\\\/#organization\"},\"potentialAction\":[{\"@type\":\"SearchAction\",\"target\":{\"@type\":\"EntryPoint\",\"urlTemplate\":\"https:\\\/\\\/www.rsa.com\\\/?s={search_term_string}\"},\"query-input\":{\"@type\":\"PropertyValueSpecification\",\"valueRequired\":true,\"valueName\":\"search_term_string\"}}],\"inLanguage\":\"de-DE\"},{\"@type\":\"Organization\",\"@id\":\"https:\\\/\\\/www.rsa.com\\\/#organization\",\"name\":\"RSA\",\"url\":\"https:\\\/\\\/www.rsa.com\\\/\",\"logo\":{\"@type\":\"ImageObject\",\"inLanguage\":\"de-DE\",\"@id\":\"https:\\\/\\\/www.rsa.com\\\/#\\\/schema\\\/logo\\\/image\\\/\",\"url\":\"https:\\\/\\\/www.rsa.com\\\/wp-content\\\/uploads\\\/rsa.png\",\"contentUrl\":\"https:\\\/\\\/www.rsa.com\\\/wp-content\\\/uploads\\\/rsa.png\",\"width\":2880,\"height\":1020,\"caption\":\"RSA\"},\"image\":{\"@id\":\"https:\\\/\\\/www.rsa.com\\\/#\\\/schema\\\/logo\\\/image\\\/\"}}]}<\/script>\n<!-- \/ Yoast SEO plugin. -->","yoast_head_json":{"title":"Nutzungsbedingungen - September 2020 - RSA","robots":{"index":"index","follow":"follow","max-snippet":"max-snippet:-1","max-image-preview":"max-image-preview:large","max-video-preview":"max-video-preview:-1"},"canonical":"https:\/\/www.rsa.com\/de\/terms-of-use\/terms-of-use-sept-2020\/","og_locale":"de_DE","og_type":"article","og_title":"Terms of Use - September 2020 - RSA","og_description":"About These Terms of Use These terms (&#8220;Terms&#8221;) are a legal agreement between you and RSA Security LLC and its affiliates (&#8220;RSA&#8221;). The Terms control your use and access to RSA&#8217;s websites and online information (the &#8220;Sites&#8221; or &#8220;Site&#8221;). By using RSA&#8217;s Sites, you agree to these Terms. RSA may revise these Terms at any &hellip; Continued","og_url":"https:\/\/www.rsa.com\/de\/terms-of-use\/terms-of-use-sept-2020\/","og_site_name":"RSA","article_modified_time":"2025-02-07T21:22:39+00:00","og_image":[{"width":1200,"height":630,"url":"https:\/\/www.rsa.com\/wp-content\/uploads\/rsa-og-image.webp","type":"image\/webp"}],"twitter_card":"summary_large_image","schema":{"@context":"https:\/\/schema.org","@graph":[{"@type":"WebPage","@id":"https:\/\/www.rsa.com\/ar\/terms-of-use\/terms-of-use-sept-2020\/","url":"https:\/\/www.rsa.com\/ar\/terms-of-use\/terms-of-use-sept-2020\/","name":"Nutzungsbedingungen - September 2020 - RSA","isPartOf":{"@id":"https:\/\/www.rsa.com\/#website"},"datePublished":"2022-08-08T19:30:58+00:00","dateModified":"2025-02-07T21:22:39+00:00","breadcrumb":{"@id":"https:\/\/www.rsa.com\/ar\/terms-of-use\/terms-of-use-sept-2020\/#breadcrumb"},"inLanguage":"de-DE","potentialAction":[{"@type":"ReadAction","target":["https:\/\/www.rsa.com\/ar\/terms-of-use\/terms-of-use-sept-2020\/"]}]},{"@type":"BreadcrumbList","@id":"https:\/\/www.rsa.com\/ar\/terms-of-use\/terms-of-use-sept-2020\/#breadcrumb","itemListElement":[{"@type":"ListItem","position":1,"name":"Home","item":"https:\/\/www.rsa.com\/"},{"@type":"ListItem","position":2,"name":"Terms of Use","item":"https:\/\/www.rsa.com\/terms-of-use\/"},{"@type":"ListItem","position":3,"name":"Terms of Use &#8211; September 2020"}]},{"@type":"WebSite","@id":"https:\/\/www.rsa.com\/#website","url":"https:\/\/www.rsa.com\/","name":"RSA","description":"L\u00f6sungen f\u00fcr Cybersecurity und digitales Risikomanagement","publisher":{"@id":"https:\/\/www.rsa.com\/#organization"},"potentialAction":[{"@type":"SearchAction","target":{"@type":"EntryPoint","urlTemplate":"https:\/\/www.rsa.com\/?s={search_term_string}"},"query-input":{"@type":"PropertyValueSpecification","valueRequired":true,"valueName":"search_term_string"}}],"inLanguage":"de-DE"},{"@type":"Organization","@id":"https:\/\/www.rsa.com\/#organization","name":"RSA","url":"https:\/\/www.rsa.com\/","logo":{"@type":"ImageObject","inLanguage":"de-DE","@id":"https:\/\/www.rsa.com\/#\/schema\/logo\/image\/","url":"https:\/\/www.rsa.com\/wp-content\/uploads\/rsa.png","contentUrl":"https:\/\/www.rsa.com\/wp-content\/uploads\/rsa.png","width":2880,"height":1020,"caption":"RSA"},"image":{"@id":"https:\/\/www.rsa.com\/#\/schema\/logo\/image\/"}}]}},"_links":{"self":[{"href":"https:\/\/www.rsa.com\/de\/wp-json\/wp\/v2\/pages\/3604","targetHints":{"allow":["GET"]}}],"collection":[{"href":"https:\/\/www.rsa.com\/de\/wp-json\/wp\/v2\/pages"}],"about":[{"href":"https:\/\/www.rsa.com\/de\/wp-json\/wp\/v2\/types\/page"}],"author":[{"embeddable":true,"href":"https:\/\/www.rsa.com\/de\/wp-json\/wp\/v2\/users\/2"}],"replies":[{"embeddable":true,"href":"https:\/\/www.rsa.com\/de\/wp-json\/wp\/v2\/comments?post=3604"}],"version-history":[{"count":4,"href":"https:\/\/www.rsa.com\/de\/wp-json\/wp\/v2\/pages\/3604\/revisions"}],"predecessor-version":[{"id":3611,"href":"https:\/\/www.rsa.com\/de\/wp-json\/wp\/v2\/pages\/3604\/revisions\/3611"}],"up":[{"embeddable":true,"href":"https:\/\/www.rsa.com\/de\/wp-json\/wp\/v2\/pages\/227"}],"wp:attachment":[{"href":"https:\/\/www.rsa.com\/de\/wp-json\/wp\/v2\/media?parent=3604"}],"curies":[{"name":"wp","href":"https:\/\/api.w.org\/{rel}","templated":true}]}}