{"id":35864,"date":"2025-12-15T10:45:59","date_gmt":"2025-12-15T15:45:59","guid":{"rendered":"https:\/\/www.rsa.com\/?page_id=35864"},"modified":"2026-04-01T20:45:44","modified_gmt":"2026-04-02T00:45:44","slug":"ethical-supply-chain-2022","status":"publish","type":"page","link":"https:\/\/www.rsa.com\/de\/ethical-supply-chain-2022\/","title":{"rendered":"Ethische Lieferkette 2022"},"content":{"rendered":"<p>RSA unterst\u00fctzt die Ziele und Bem\u00fchungen des California Transparency in Supply Chains Act von 2010, der von bestimmten Einzelh\u00e4ndlern und Herstellern, die in Kalifornien t\u00e4tig sind, verlangt, Informationen \u00fcber ihre Bem\u00fchungen zur Beseitigung oder Verhinderung von Menschenhandel, Sklaverei, Kinderarbeit und unethischen Arbeitsbedingungen in ihrer Lieferkette bereitzustellen. RSA unterst\u00fctzt die Grunds\u00e4tze des Modern Slavery Act 2015 (UK) und des australischen Modern Slavery Act 2018 (Cth) und verpflichtet sich, die Bem\u00fchungen von RSA fortzusetzen und zu verbessern, um die Risiken der modernen Sklaverei und des Menschenhandels in den Gesch\u00e4ften und Lieferketten von RSA zu erkennen und zu mindern. Zu diesem Zweck gibt RSA diese Erkl\u00e4rung gem\u00e4\u00df den geltenden Gesetzen zur modernen Sklaverei ab, einschlie\u00dflich der oben genannten Gesetze.<\/p>\n<p>RSA verpflichtet sich, alle Mitarbeiter mit Respekt und W\u00fcrde zu behandeln, sichere Arbeitsbedingungen zu gew\u00e4hrleisten und umweltfreundliche und ethisch vertretbare T\u00e4tigkeiten auszuf\u00fchren. RSA arbeitet mit vertraulichen Informationen und Sicherheitsdiensten und h\u00e4lt folglich die h\u00f6chsten Standards f\u00fcr Integrit\u00e4t, Ethik und Vertrauen aufrecht. Dar\u00fcber hinaus ist RSA an die h\u00f6chsten Standards der Gesetze und ethischen Grunds\u00e4tze der jeweiligen Gerichtsbarkeiten gebunden, die f\u00fcr alle Gesch\u00e4ftsvorg\u00e4nge gelten. <\/p>\n<p class=\"translation-block\"><strong>\u00dcberpr\u00fcfung.<\/strong> RSA stellt im Allgemeinen sicher, dass die von den Lieferanten gekauften Materialien \u00fcber eine Lieferkette verf\u00fcgen, die gut etabliert und in Ordnung ist und den gesetzlichen Anforderungen der L\u00e4nder entspricht, in denen sie t\u00e4tig sind. RSA geht davon aus, dass seine Lieferanten keinen illegalen Menschenhandel, keine Sklaverei, keine Kinderarbeit und\/oder unethische Arbeitsbedingungen betreiben; allerdings f\u00fchrt weder RSA noch ein Dritter weitere Untersuchungen oder Bewertungen der Lieferketten durch, um solche Angelegenheiten zu beurteilen.<\/p>\n<p><strong>Audits.<\/strong> RSA erwartet von allen seinen Lieferanten, dass sie alle geltenden Gesetze einhalten, insbesondere diejenigen, die ethische Gesch\u00e4ftspraktiken verlangen. Wenn RSA den Verdacht hat, dass ein Lieferant illegalen Menschenhandel, Sklaverei, Kinderarbeit und\/oder unethische Arbeitsbedingungen betreibt, kann RSA die Angelegenheit weiter auf Beweise untersuchen. Mit Ausnahme der Tatsache, dass RSA in eine Untersuchung der Lieferkette in Bezug auf die zuvor erw\u00e4hnten illegalen Aktivit\u00e4ten involviert werden kann, \u00fcberpr\u00fcft oder auditiert RSA seine Lieferanten nicht, um deren Einhaltung der Gesetze gegen Sklaverei und Menschenhandel zu bewerten.<\/p>\n<p><strong>Zertifizierung.<\/strong> RSA arbeitet mit etablierten und bew\u00e4hrten Lieferanten zusammen, die nach unserem Wissen die geltenden Gesetze der L\u00e4nder einhalten, in denen sie t\u00e4tig sind. RSA verlangt von seinen Lieferanten eine Selbstzertifizierung, dass sie alle geltenden Gesetze der L\u00e4nder, in denen sie t\u00e4tig sind, einhalten.<\/p>\n<p class=\"translation-block\"><strong>Interne Rechenschaftspflicht.<\/strong> RSA und seine Mitarbeiter sind verpflichtet, alle geltenden Gesetze und\/oder Richtlinien der Gerichtsbarkeiten einzuhalten, in denen Gesch\u00e4fte get\u00e4tigt werden; zu den internen Richtlinien, die befolgt werden m\u00fcssen, geh\u00f6rt <a href=\"https:\/\/www.rsa.com\/wp-content\/uploads\/rsa-code-of-business-conduct-and-ethics.pdf\" rel=\"noopener\" target=\"_blank\">RSAs Verhaltens- und Ethikkodex<\/a>. Verst\u00f6\u00dfe gegen diese Richtlinien, einschlie\u00dflich Menschenhandel, Sklaverei, Kinderarbeit und\/oder unethische Arbeitsbedingungen, k\u00f6nnen zu Disziplinarma\u00dfnahmen bis hin zur K\u00fcndigung des Arbeitsverh\u00e4ltnisses oder gegebenenfalls zu anderen rechtlichen Ma\u00dfnahmen f\u00fchren. RSA unterh\u00e4lt auch unternehmensweite Rechenschafts- und Beschwerdemechanismen (z. B. den RSA-Ethikkontakt), die sowohl f\u00fcr Mitarbeiter als auch f\u00fcr externe Parteien zug\u00e4nglich sind.<\/p>\n<p class=\"translation-block\"><strong>Schulung.<\/strong> Obwohl RSA seinen Mitarbeitern und dem Management derzeit keine speziellen Schulungen zu Sklaverei und Menschenhandel anbietet, werden Schulungen zu <a href=\"https:\/\/www.rsa.com\/wp-content\/uploads\/rsa-code-of-business-conduct-and-ethics.pdf\" rel=\"noopener\" target=\"_blank\">RSAs Verhaltens- und Ethikkodex<\/a> f\u00fcr neu eingestellte Mitarbeiter und bei \u00c4nderungen dieser Richtlinien durchgef\u00fchrt.<\/p>\n<p><strong>Datum des Inkrafttretens: 27. Juli 2022<\/strong><\/p>\n<p><strong>\u00a92022 RSA Security USA LLC oder seine Tochtergesellschaften. Alle Rechte vorbehalten. Das RSA-Konferenzlogo, RSA und andere Marken sind Marken der RSA Security LLC oder ihrer Tochtergesellschaften. Andere Marken k\u00f6nnen Marken der jeweiligen Eigent\u00fcmer sein.<\/strong><\/p>","protected":false},"excerpt":{"rendered":"<p>RSA unterst\u00fctzt die Ziele und Bem\u00fchungen des California Transparency in Supply Chains Act von 2010, der von bestimmten Einzelh\u00e4ndlern und Herstellern, die in Kalifornien t\u00e4tig sind, verlangt, Informationen \u00fcber ihre Bem\u00fchungen zur Beseitigung oder Verhinderung von Menschenhandel, Sklaverei, Kinderarbeit und unethischen Arbeitsbedingungen in ihrer Lieferkette bereitzustellen. RSA bef\u00fcrwortet die Grunds\u00e4tze des ... <a href=\"https:\/\/www.rsa.com\/de\/ethical-supply-chain-2022\/\">Fortsetzung<\/a><\/p>","protected":false},"author":2,"featured_media":0,"parent":0,"menu_order":0,"comment_status":"closed","ping_status":"closed","template":"template-policy.blade.php","meta":{"_acf_changed":false,"_searchwp_excluded":"","inline_featured_image":false,"footnotes":""},"class_list":["post-35864","page","type-page","status-publish","hentry"],"acf":[],"yoast_head":"<!-- This site is optimized with the Yoast SEO plugin v27.4 - https:\/\/yoast.com\/product\/yoast-seo-wordpress\/ -->\n<title>Ethical Supply Chain 2022 - RSA<\/title>\n<meta name=\"description\" content=\"RSA provides this statement pursuant to the applicable laws concerning modern slavery.\" \/>\n<meta name=\"robots\" content=\"noindex, follow\" \/>\n<meta property=\"og:locale\" content=\"de_DE\" \/>\n<meta property=\"og:type\" content=\"article\" \/>\n<meta property=\"og:title\" content=\"Ethical Supply Chain 2022\" \/>\n<meta property=\"og:description\" content=\"RSA provides this statement pursuant to the applicable laws concerning modern slavery.\" \/>\n<meta property=\"og:url\" content=\"https:\/\/www.rsa.com\/de\/ethical-supply-chain-2022\/\" \/>\n<meta property=\"og:site_name\" content=\"RSA\" \/>\n<meta property=\"article:modified_time\" content=\"2026-04-02T00:45:44+00:00\" \/>\n<meta property=\"og:image\" content=\"https:\/\/www.rsa.com\/wp-content\/uploads\/rsa-og-image.webp\" \/>\n\t<meta property=\"og:image:width\" content=\"1200\" \/>\n\t<meta property=\"og:image:height\" content=\"630\" \/>\n\t<meta property=\"og:image:type\" content=\"image\/webp\" \/>\n<meta name=\"twitter:card\" content=\"summary_large_image\" \/>\n<meta name=\"twitter:title\" content=\"Ethical Supply Chain 2022\" \/>\n<meta name=\"twitter:description\" content=\"RSA provides this statement pursuant to the applicable laws concerning modern slavery.\" \/>\n<script type=\"application\/ld+json\" class=\"yoast-schema-graph\">{\"@context\":\"https:\\\/\\\/schema.org\",\"@graph\":[{\"@type\":\"WebPage\",\"@id\":\"https:\\\/\\\/www.rsa.com\\\/ethical-supply-chain-2022\\\/\",\"url\":\"https:\\\/\\\/www.rsa.com\\\/ethical-supply-chain-2022\\\/\",\"name\":\"Ethical Supply Chain 2022 - RSA\",\"isPartOf\":{\"@id\":\"https:\\\/\\\/www.rsa.com\\\/#website\"},\"datePublished\":\"2025-12-15T15:45:59+00:00\",\"dateModified\":\"2026-04-02T00:45:44+00:00\",\"description\":\"RSA provides this statement pursuant to the applicable laws concerning modern slavery.\",\"breadcrumb\":{\"@id\":\"https:\\\/\\\/www.rsa.com\\\/ethical-supply-chain-2022\\\/#breadcrumb\"},\"inLanguage\":\"de-DE\",\"potentialAction\":[{\"@type\":\"ReadAction\",\"target\":[\"https:\\\/\\\/www.rsa.com\\\/ethical-supply-chain-2022\\\/\"]}]},{\"@type\":\"BreadcrumbList\",\"@id\":\"https:\\\/\\\/www.rsa.com\\\/ethical-supply-chain-2022\\\/#breadcrumb\",\"itemListElement\":[{\"@type\":\"ListItem\",\"position\":1,\"name\":\"Home\",\"item\":\"https:\\\/\\\/www.rsa.com\\\/\"},{\"@type\":\"ListItem\",\"position\":2,\"name\":\"Ethical Supply Chain 2022\"}]},{\"@type\":\"WebSite\",\"@id\":\"https:\\\/\\\/www.rsa.com\\\/#website\",\"url\":\"https:\\\/\\\/www.rsa.com\\\/\",\"name\":\"RSA\",\"description\":\"Cybersecurity and Digital Risk Management Solutions\",\"publisher\":{\"@id\":\"https:\\\/\\\/www.rsa.com\\\/#organization\"},\"potentialAction\":[{\"@type\":\"SearchAction\",\"target\":{\"@type\":\"EntryPoint\",\"urlTemplate\":\"https:\\\/\\\/www.rsa.com\\\/?s={search_term_string}\"},\"query-input\":{\"@type\":\"PropertyValueSpecification\",\"valueRequired\":true,\"valueName\":\"search_term_string\"}}],\"inLanguage\":\"de-DE\"},{\"@type\":\"Organization\",\"@id\":\"https:\\\/\\\/www.rsa.com\\\/#organization\",\"name\":\"RSA\",\"url\":\"https:\\\/\\\/www.rsa.com\\\/\",\"logo\":{\"@type\":\"ImageObject\",\"inLanguage\":\"de-DE\",\"@id\":\"https:\\\/\\\/www.rsa.com\\\/#\\\/schema\\\/logo\\\/image\\\/\",\"url\":\"https:\\\/\\\/www.rsa.com\\\/wp-content\\\/uploads\\\/rsa.png\",\"contentUrl\":\"https:\\\/\\\/www.rsa.com\\\/wp-content\\\/uploads\\\/rsa.png\",\"width\":2880,\"height\":1020,\"caption\":\"RSA\"},\"image\":{\"@id\":\"https:\\\/\\\/www.rsa.com\\\/#\\\/schema\\\/logo\\\/image\\\/\"}}]}<\/script>\n<!-- \/ Yoast SEO plugin. -->","yoast_head_json":{"title":"Ethische Lieferkette 2022 \u2013 RSA","description":"RSA gibt diese Erkl\u00e4rung in \u00dcbereinstimmung mit den geltenden Gesetzen zur modernen Sklaverei ab.","robots":{"index":"noindex","follow":"follow"},"og_locale":"de_DE","og_type":"article","og_title":"Ethical Supply Chain 2022","og_description":"RSA provides this statement pursuant to the applicable laws concerning modern slavery.","og_url":"https:\/\/www.rsa.com\/de\/ethical-supply-chain-2022\/","og_site_name":"RSA","article_modified_time":"2026-04-02T00:45:44+00:00","og_image":[{"width":1200,"height":630,"url":"https:\/\/www.rsa.com\/wp-content\/uploads\/rsa-og-image.webp","type":"image\/webp"}],"twitter_card":"summary_large_image","twitter_title":"Ethical Supply Chain 2022","twitter_description":"RSA provides this statement pursuant to the applicable laws concerning modern slavery.","schema":{"@context":"https:\/\/schema.org","@graph":[{"@type":"WebPage","@id":"https:\/\/www.rsa.com\/ethical-supply-chain-2022\/","url":"https:\/\/www.rsa.com\/ethical-supply-chain-2022\/","name":"Ethische Lieferkette 2022 \u2013 RSA","isPartOf":{"@id":"https:\/\/www.rsa.com\/#website"},"datePublished":"2025-12-15T15:45:59+00:00","dateModified":"2026-04-02T00:45:44+00:00","description":"RSA gibt diese Erkl\u00e4rung in \u00dcbereinstimmung mit den geltenden Gesetzen zur modernen Sklaverei ab.","breadcrumb":{"@id":"https:\/\/www.rsa.com\/ethical-supply-chain-2022\/#breadcrumb"},"inLanguage":"de-DE","potentialAction":[{"@type":"ReadAction","target":["https:\/\/www.rsa.com\/ethical-supply-chain-2022\/"]}]},{"@type":"BreadcrumbList","@id":"https:\/\/www.rsa.com\/ethical-supply-chain-2022\/#breadcrumb","itemListElement":[{"@type":"ListItem","position":1,"name":"Home","item":"https:\/\/www.rsa.com\/"},{"@type":"ListItem","position":2,"name":"Ethical Supply Chain 2022"}]},{"@type":"WebSite","@id":"https:\/\/www.rsa.com\/#website","url":"https:\/\/www.rsa.com\/","name":"RSA","description":"L\u00f6sungen f\u00fcr Cybersecurity und digitales Risikomanagement","publisher":{"@id":"https:\/\/www.rsa.com\/#organization"},"potentialAction":[{"@type":"SearchAction","target":{"@type":"EntryPoint","urlTemplate":"https:\/\/www.rsa.com\/?s={search_term_string}"},"query-input":{"@type":"PropertyValueSpecification","valueRequired":true,"valueName":"search_term_string"}}],"inLanguage":"de-DE"},{"@type":"Organization","@id":"https:\/\/www.rsa.com\/#organization","name":"RSA","url":"https:\/\/www.rsa.com\/","logo":{"@type":"ImageObject","inLanguage":"de-DE","@id":"https:\/\/www.rsa.com\/#\/schema\/logo\/image\/","url":"https:\/\/www.rsa.com\/wp-content\/uploads\/rsa.png","contentUrl":"https:\/\/www.rsa.com\/wp-content\/uploads\/rsa.png","width":2880,"height":1020,"caption":"RSA"},"image":{"@id":"https:\/\/www.rsa.com\/#\/schema\/logo\/image\/"}}]}},"_links":{"self":[{"href":"https:\/\/www.rsa.com\/de\/wp-json\/wp\/v2\/pages\/35864","targetHints":{"allow":["GET"]}}],"collection":[{"href":"https:\/\/www.rsa.com\/de\/wp-json\/wp\/v2\/pages"}],"about":[{"href":"https:\/\/www.rsa.com\/de\/wp-json\/wp\/v2\/types\/page"}],"author":[{"embeddable":true,"href":"https:\/\/www.rsa.com\/de\/wp-json\/wp\/v2\/users\/2"}],"replies":[{"embeddable":true,"href":"https:\/\/www.rsa.com\/de\/wp-json\/wp\/v2\/comments?post=35864"}],"version-history":[{"count":1,"href":"https:\/\/www.rsa.com\/de\/wp-json\/wp\/v2\/pages\/35864\/revisions"}],"predecessor-version":[{"id":35865,"href":"https:\/\/www.rsa.com\/de\/wp-json\/wp\/v2\/pages\/35864\/revisions\/35865"}],"wp:attachment":[{"href":"https:\/\/www.rsa.com\/de\/wp-json\/wp\/v2\/media?parent=35864"}],"curies":[{"name":"wp","href":"https:\/\/api.w.org\/{rel}","templated":true}]}}