{"id":3543,"date":"2022-08-04T15:50:37","date_gmt":"2022-08-04T19:50:37","guid":{"rendered":"https:\/\/www.rsa.com\/?page_id=3543"},"modified":"2025-06-05T16:09:32","modified_gmt":"2025-06-05T20:09:32","slug":"supplier-principles","status":"publish","type":"page","link":"https:\/\/www.rsa.com\/de\/supplier-principles\/","title":{"rendered":"Grunds\u00e4tze f\u00fcr Lieferanten"},"content":{"rendered":"<h4>1. Einleitung<\/h4>\n<p>RSA hat sich zu verantwortungsbewussten Gesch\u00e4ftspraktiken und hohen Standards ethischen Verhaltens verpflichtet. Dazu geh\u00f6rt auch, dass wir unsere Lieferanten zu hohen Standards verpflichten, wie sie in den geltenden Gesetzen, anerkannten internationalen Standards und Konventionen und den weltweit besten Praktiken definiert sind.<\/p>\n<h4>2. Umfang<\/h4>\n<p>Diese Grunds\u00e4tze gelten f\u00fcr alle, die mit RSA zusammenarbeiten, einschlie\u00dflich Lieferanten, Mitarbeiter von Lieferanten, Auftragnehmern und Subunternehmern (\"Lieferanten\").<\/p>\n<h4>3. Grundsatzerkl\u00e4rung<\/h4>\n<p>Die Lieferanten von RSA m\u00fcssen sich daran halten:<\/p>\n<ul>\n<li>alle geltenden Gesetze, Vorschriften und Einkaufsanforderungen, einschlie\u00dflich der FAR und DFARS<\/li>\n<li class=\"translation-block\">Der <a href=\"https:\/\/www.rsa.com\/wp-content\/uploads\/rsa-code-of-business-conduct-and-ethics.pdf\" rel=\"noopener\" target=\"_blank\">RSA-Verhaltenskodex<\/a><\/li>\n<li>Einschl\u00e4gige UN-Konventionen, einschlie\u00dflich der Menschenrechtserkl\u00e4rung der Vereinten Nationen (UN) und des UN-\u00dcbereinkommens \u00fcber die Rechte des Kindes<\/li>\n<li>Einschl\u00e4gige Qualit\u00e4ts-, Umwelt-, Gesundheits- und Sicherheits- und andere Managementsysteme<\/li>\n<\/ul>\n<p>RSA setzt diese Grunds\u00e4tze um, indem es die allgemeine Anforderung verst\u00e4rkt, dass die Lieferanten alle geltenden Gesetze und anerkannten Standards erf\u00fcllen oder \u00fcbertreffen.<\/p>\n<p>Wir sind uns bewusst, dass nicht alle Lieferantenverpflichtungen oder Aktivit\u00e4ten mit RSA f\u00fcr alle Lieferanten gleicherma\u00dfen gelten. Daher richten wir die Anforderungen an die Lieferanten und die Kontaktaufnahme auf die Lieferanten aus, die aufgrund der Art ihres Gesch\u00e4fts und der ganzheitlichen Risikobewertung priorisiert wurden.<\/p>\n<p>Die Lieferanten erkl\u00e4ren (in ihrem Namen und dem ihrer Angestellten, Vertreter und Berater), dass sie diese Grunds\u00e4tze erhalten haben und mit ihnen einverstanden sind, und verpflichten sich, sie sowie alle von RSA vorgenommenen Aktualisierungen zu befolgen.<\/p>\n<p>Diese Grunds\u00e4tze m\u00fcssen ab dem Beginn der Aktivit\u00e4ten, die unter den zwischen RSA und dem Lieferanten abgeschlossenen Vertrag fallen, beachtet werden.<\/p>\n<h4>4. Einhaltung von Gesetzen und internationalen Normen<\/h4>\n<h5>Einhaltung aller Gesetze und Vorschriften<\/h5>\n<p>F\u00fcr eine sozial und \u00f6kologisch verantwortliche Lieferkette ist es unerl\u00e4sslich, dass alle Personen, einschlie\u00dflich der Lieferanten, sich rechtm\u00e4\u00dfig und ethisch korrekt verhalten. RSA und die Lieferanten von RSA m\u00fcssen alle geltenden Gesetze und Vorschriften einhalten.<\/p>\n<h5>Korruptionsbek\u00e4mpfung<\/h5>\n<p>Die Lieferanten m\u00fcssen den Foreign Corrupt Practices Act, den United Kingdom Bribery Act von 2010 und alle anwendbaren lokalen Gesetze zur Bek\u00e4mpfung von Korruption und Bestechung (\"Anti-Korruptionsgesetze\") einhalten.<\/p>\n<h4>5. RSAs grundlegende politische Verpflichtungen und Anforderungen an Lieferanten<\/h4>\n<p>RSA stellt spezifische Anforderungen an seine Zulieferer in Bezug auf die folgenden Themenbereiche:<\/p>\n<h5>Federal Acquisition Regulations<\/h5>\n<p>Wenn RSA die Produkte oder Dienstleistungen des Lieferanten im Rahmen eines Haupt- oder Untervertrags der Regierung der Vereinigten Staaten liefert, muss der Lieferant die folgenden Bestimmungen der Federal Acquisition Regulations einhalten, die in Titel 48 des United States Code of Federal Regulations (CFR) unter 52.244-6 ver\u00f6ffentlicht sind: 52.203-13, Contractor Code of Business Ethics and Conduct; 52.219-8, Utilization of Small Business Concerns; 52.222-26, Chancengleichheit; 52.222-35, Chancengleichheit f\u00fcr Veteranen; 52.222-36, Positive Ma\u00dfnahmen f\u00fcr Arbeitnehmer mit Behinderungen; 52.222-40, Bekanntgabe der Arbeitnehmerrechte gem\u00e4\u00df dem National Labor Relations Act; 52.222-50, Bek\u00e4mpfung des Menschenhandels; 52.232-40, Beschleunigte Zahlungen an kleine Unternehmen als Unterauftragnehmer und 52.247-64, Bevorzugung von Handelsschiffen in Privatbesitz unter US-amerikanischer -Flagge fahrende Handelsschiffe. Der Lieferant muss auch die Anforderungen von 41 CFR \u00a7\u00a7 60-l.4(a), 60- 300.5(a) und 60- 741.5(a) einhalten, die die Diskriminierung qualifizierter Personen aufgrund ihres Status als gesch\u00fctzte Veteranen oder Personen mit Behinderungen sowie die Diskriminierung aller Personen aufgrund ihrer Ethnie, Hautfarbe, Religion, ihres Geschlechts oder ihrer nationalen Herkunft verbieten. Der Lieferant muss auch die Bestimmungen von 48 CFR 52.204-21 und 48 CFR 252.204-7012 einhalten, wenn: (i) die Leistung des Lieferanten den Zugang zu \"Federal Contract Information\" oder \"Covered Defence Information\" (gem\u00e4\u00df der Definition dieser Begriffe in 48 CFR 52.204(a) bzw. 48 CFR 252.204-7012(a)) beinhaltet; und (ii) der Lieferant andere als handels\u00fcbliche Standardartikel liefert.<\/p>\n<h5>Arbeitsbedingungen, Zwangsarbeit und Menschenschmuggel<\/h5>\n<p>RSA verpflichtet sich, die Menschenrechte von Arbeitnehmern auf allen Ebenen der Lieferkette zu wahren und sie mit W\u00fcrde und Respekt zu behandeln. Zu den Arbeitnehmern geh\u00f6ren direkte Angestellte, Zeitarbeiter, Wanderarbeiter, Studenten, Vertragsarbeiter und alle anderen Personen, die dem Lieferanten Arbeits- und Besch\u00e4ftigungsdienstleistungen anbieten. Zwangsarbeit, Schuldknechtschaft (einschlie\u00dflich Schuldknechtschaft) oder Arbeitsverpflichtung, unfreiwillige Gef\u00e4ngnisarbeit, Sklaverei oder Menschenhandel mit Personen jeden Alters d\u00fcrfen auf keiner Ebene der Lieferkette eingesetzt werden.<\/p>\n<ul>\n<li>Arbeitgeber und Vermittler d\u00fcrfen bei der Anwerbung von Arbeitnehmern keine irref\u00fchrenden oder betr\u00fcgerischen Praktiken anwenden.<\/li>\n<li>Kinderarbeit darf auf keiner Stufe der Lieferkette eingesetzt werden.<\/li>\n<\/ul>\n<p>RSA beh\u00e4lt sich das Recht vor, bei Verst\u00f6\u00dfen gegen die Richtlinie f\u00fcr gef\u00e4hrdete Arbeitnehmer alle verf\u00fcgbaren Ma\u00dfnahmen gegen die Lieferanten zu ergreifen, einschlie\u00dflich, aber nicht beschr\u00e4nkt auf die Beendigung oder Reduzierung des Gesch\u00e4fts, h\u00e4ufig erforderliche Compliance-Audits vor Ort auf Kosten des Lieferanten, Entsch\u00e4digung der Mitarbeiter auf Kosten des Lieferanten und\/oder Beendigung des Vertrags von RSA mit dem Lieferanten.<\/p>\n<h5>Mineralien und Extraktionsmittel<\/h5>\n<p>RSA setzt sich f\u00fcr die verantwortungsvolle Beschaffung von Materialien ein, die in Produkten verwendet werden, und erwartet von seinen Lieferanten, dass sie sich an dieselben hohen Standards halten.<\/p>\n<h5>Vielfalt der Lieferanten<\/h5>\n<p>RSA ist der Ansicht, dass eine ethische, vielf\u00e4ltige Lieferkette ein wesentlicher Bestandteil unseres Gesch\u00e4fts ist. Jeder Lieferant muss die folgenden Diversit\u00e4tsanforderungen erf\u00fcllen: (1) Er muss alle geltenden Gesetze und Vorschriften einhalten, die f\u00fcr Lieferanten an staatliche Stellen gelten; (2) er muss sich in angemessener Weise bem\u00fchen, Unternehmen, die sich im Besitz von Minderheiten befinden, Unternehmen, die sich im Besitz von Frauen befinden, und Unternehmen, die sich im Besitz von LGBT befinden, zu engagieren, wenn der Lieferant Subunternehmer mit der Erbringung von Leistungen oder der Unterst\u00fctzung des gesamten Gesch\u00e4ftsbetriebs des Lieferanten beauftragt; (3) wirtschaftlich vertretbare Anstrengungen unternehmen, um kleine Unternehmen gem\u00e4\u00df der Definition der United States Small Business Administration (einschlie\u00dflich der Unterkategorien f\u00fcr kleine Unternehmen, wie z. B. kleine benachteiligte Unternehmen, kleine Unternehmen im Besitz von Frauen, Unternehmen im Besitz von Veteranen, Unternehmen im Besitz von Kriegsversehrten und Unternehmen in HUB-Zonen) zu beauftragen, wenn der Lieferant Subunternehmer in den Vereinigten Staaten mit der Erbringung von Leistungen oder der Unterst\u00fctzung des allgemeinen Gesch\u00e4ftsbetriebs des Lieferanten beauftragt; (4) genaue Aufzeichnungen \u00fcber die Bem\u00fchungen des Lieferanten im Rahmen dieser Bestimmung zu f\u00fchren; und (5) RSA auf Anfrage \u00fcber die Ausgaben des Lieferanten f\u00fcr Unternehmen, die Minderheiten angeh\u00f6ren, f\u00fcr Unternehmen, die Frauen geh\u00f6ren, f\u00fcr kleine Unternehmen und f\u00fcr Unternehmen, die LGBT geh\u00f6ren, zu berichten.<\/p>\n<h5>Vermeiden Sie Interessenkonflikte<\/h5>\n<p>Jeder Umstand, der die F\u00e4higkeit eines Lieferanten, objektiv zu handeln, beeintr\u00e4chtigt, gilt als Interessenkonflikt. Da RSA eine konfliktfreie Partnerschaft anstrebt, bitten wir darum, dass, sollte eine Konfliktsituation zwischen RSA und einem Lieferanten oder einem seiner Mitarbeiter entstehen, der Lieferant RSA alle relevanten Details mitteilt. Dazu geh\u00f6ren unter anderem enge pers\u00f6nliche oder famili\u00e4re Beziehungen zu den Mitarbeitern von RSA oder das Gew\u00e4hren oder Empfangen gro\u00dfz\u00fcgiger gesch\u00e4ftlicher Gef\u00e4lligkeiten.<\/p>\n<h5>Kontinuierliche Verbesserung<\/h5>\n<p>RSA engagiert sich f\u00fcr eine verantwortungsvolle Beschaffung. Die Lieferanten m\u00fcssen die in diesem Abschnitt aufgef\u00fchrten Standards erf\u00fcllen, aber wir ermutigen die Lieferanten, Nachhaltigkeit als eine Reise der kontinuierlichen Verbesserung zu betrachten. Mit dem Fokus auf Selbsteinsch\u00e4tzung, interner Verantwortung und Eigenverantwortung k\u00f6nnen RSA-Lieferanten Ver\u00e4nderungen vornehmen, die nicht nur f\u00fcr ihre eigenen Einrichtungen und Abl\u00e4ufe, sondern auch f\u00fcr die ihrer eigenen Lieferanten langfristige und nachhaltige Auswirkungen haben.<\/p>\n<h4>6. Informationssicherheit<\/h4>\n<p>Um die Konzepte und Richtlinien f\u00fcr die Informationssicherheit der Informationen von RSA und den Kunden von RSA festzulegen, m\u00fcssen Lieferanten, die physischen oder logischen Zugang zu den Informationen, Systemen oder Standorten von RSA oder den Kunden von RSA haben, Folgendes beachten:<\/p>\n<ul>\n<li>Die Informationen, ob in gedruckter oder nicht gedruckter Form, und die technologischen Umgebungen, die von den Lieferanten verwendet werden, sind das ausschlie\u00dfliche Eigentum von RSA und nicht f\u00fcr den pers\u00f6nlichen Gebrauch bestimmt.<\/li>\n<li>Die Anbieter m\u00fcssen \u00fcber eine eindeutige (physische und digitale) Kennung verf\u00fcgen, die pers\u00f6nlich und nicht \u00fcbertragbar ist und mit der die Partei anhand der von ihr erbrachten Dienstleistungen identifiziert werden kann.<\/li>\n<li>Bei den Zugriffsrechten muss stets das Prinzip des geringsten Privilegs beachtet werden, d. h. die Benutzer d\u00fcrfen nur \u00fcber die f\u00fcr die Ausf\u00fchrung ihrer Aufgaben erforderlichen Berechtigungen verf\u00fcgen.<\/li>\n<li>Vertrauliche Informationen wie Passw\u00f6rter und andere Informationen, in deren Besitz die Lieferanten im Rahmen ihrer Arbeit gelangen, sind stets streng geheim zu halten; die Weitergabe dieser Informationen ist streng verboten.<\/li>\n<li>Die Lieferanten verpflichten sich und sind f\u00fcr ihre Angestellten, Agenten, Berater und\/oder Vertreter, die Zugang zu vertraulichen Informationen ben\u00f6tigen, verantwortlich, diese vertraulich zu behandeln und sie nicht zu kopieren, zu verkaufen, abzutreten, zu lizenzieren, zu vermarkten, zu \u00fcbertragen oder in irgendeiner anderen Weise an Dritte, die nicht am Vertrag beteiligt sind, weiterzugeben oder zur Verf\u00fcgung zu stellen, noch die Informationen f\u00fcr irgendeinen Zweck zu verwenden, es sei denn, es liegt eine ausdr\u00fcckliche schriftliche Genehmigung vor.<\/li>\n<li>Die Informationen von RSA und seinen Kunden m\u00fcssen ethisch und vertraulich behandelt werden. Sie d\u00fcrfen nur f\u00fcr den Zweck verwendet werden, f\u00fcr den sie genehmigt wurden.<\/li>\n<li>Alle Lieferanten sollten sich dar\u00fcber im Klaren sein, dass die Nutzung von Informationen und Informationssystemen unangek\u00fcndigt \u00fcberwacht werden kann und dass auf diese Weise gewonnene Aufzeichnungen als Beweismittel f\u00fcr rechtliche Zwecke dienen k\u00f6nnen.<\/li>\n<li>Die Informationen m\u00fcssen auf transparente Weise und nur f\u00fcr den Zweck, f\u00fcr den sie gesammelt wurden, und\/oder f\u00fcr statistische Zwecke verwendet werden, ohne die Kunden von RSA zu identifizieren oder kundenspezifische Systemmerkmale offenzulegen.<\/li>\n<\/ul>\n<h4>7. Meldung mutma\u00dflicher Verst\u00f6\u00dfe<\/h4>\n<p>Bei Fragen zu bestimmten Themen, die in einer Gesch\u00e4ftsbeziehung mit RSA auftreten k\u00f6nnen, wenden Sie sich bitte an die folgenden Ansprechpartner:<\/p>\n<ul>\n<li class=\"translation-block\">RSA-Ethik unter <a href=\"mailto:ethics@rsa.com\" rel=\"noopener\" target=\"_blank\">ethics@rsa.com<\/a><\/li>\n<li class=\"translation-block\">Reichen Sie eine Meldung ein unter <a href=\"http:\/\/www.lighthouse-services.com\/rsa\" rel=\"noopener\" target=\"_blank\">www.lighthouse-services.com\/rsa<\/a><br>\r\n(Beachten Sie, dass die Gesetze und Verfahren f\u00fcr die Meldung von Land zu Land unterschiedlich sind; lesen Sie daher die entsprechenden Hinweise, bevor Sie fortfahren).<\/li>\n<\/ul>\n<p>Von den Lieferanten wird erwartet, dass sie im Einklang mit den geltenden Gesetzen und vertraglichen Verpflichtungen RSA bei der Untersuchung eines Versto\u00dfes gegen diesen Kodex oder geltende Gesetze in angemessener Weise unterst\u00fctzen und RSA angemessenen Zugang zu allen Einrichtungen, Aufzeichnungen und Unterlagen gew\u00e4hren, die die Einhaltung dieses Kodex und der f\u00fcr sie geltenden Gesetze oder die Bereitstellung von Produkten und Dienstleistungen f\u00fcr RSA betreffen.<\/p>\n<p>&nbsp;<\/p>\n<p><strong>Datum des Inkrafttretens: Februar 17, 2025<\/strong><\/p>\n<p>\u00a92025 RSA Security USA LLC oder seine Tochtergesellschaften. Alle Rechte vorbehalten. Das RSA-Konferenzlogo, RSA und andere Marken sind Marken der RSA Security USA LLC oder ihrer Tochtergesellschaften. Andere Marken k\u00f6nnen Marken der jeweiligen Eigent\u00fcmer sein.<\/p>","protected":false},"excerpt":{"rendered":"<p>1. Einf\u00fchrung RSA hat sich zu verantwortungsvollen Gesch\u00e4ftspraktiken und hohen Standards ethischen Verhaltens verpflichtet. Dazu geh\u00f6rt auch, dass wir unsere Zulieferer zu hohen Qualit\u00e4tsstandards anhalten, wie sie in den geltenden Gesetzen, anerkannten internationalen Standards und Konventionen und den weltweit besten Praktiken definiert sind. 2. Geltungsbereich Diese Grunds\u00e4tze gelten f\u00fcr alle, die mit RSA zusammenarbeiten, einschlie\u00dflich Lieferanten, Mitarbeiter von Lieferanten, ... <a href=\"https:\/\/www.rsa.com\/de\/supplier-principles\/\">Fortsetzung<\/a><\/p>","protected":false},"author":2,"featured_media":0,"parent":0,"menu_order":0,"comment_status":"closed","ping_status":"closed","template":"template-policy.blade.php","meta":{"_acf_changed":false,"_searchwp_excluded":"","inline_featured_image":false,"footnotes":""},"class_list":["post-3543","page","type-page","status-publish","hentry"],"acf":[],"yoast_head":"<!-- This site is optimized with the Yoast SEO plugin v27.4 - https:\/\/yoast.com\/product\/yoast-seo-wordpress\/ -->\n<title>Supplier Principles - RSA<\/title>\n<meta name=\"robots\" content=\"index, follow, max-snippet:-1, max-image-preview:large, max-video-preview:-1\" \/>\n<link rel=\"canonical\" href=\"https:\/\/www.rsa.com\/de\/supplier-principles\/\" \/>\n<meta property=\"og:locale\" content=\"de_DE\" \/>\n<meta property=\"og:type\" content=\"article\" \/>\n<meta property=\"og:title\" content=\"Supplier Principles - RSA\" \/>\n<meta property=\"og:description\" content=\"1. Introduction RSA is committed to responsible business practices and to high standards of ethical behavior. This includes holding our suppliers to high standards of excellence as defined in governing laws, recognized international standards and conventions, and global best practices. 2. Scope These principles are applicable to parties working with RSA, including suppliers, supplier employees, &hellip; Continued\" \/>\n<meta property=\"og:url\" content=\"https:\/\/www.rsa.com\/de\/supplier-principles\/\" \/>\n<meta property=\"og:site_name\" content=\"RSA\" \/>\n<meta property=\"article:modified_time\" content=\"2025-06-05T20:09:32+00:00\" \/>\n<meta property=\"og:image\" content=\"https:\/\/www.rsa.com\/wp-content\/uploads\/rsa-og-image.webp\" \/>\n\t<meta property=\"og:image:width\" content=\"1200\" \/>\n\t<meta property=\"og:image:height\" content=\"630\" \/>\n\t<meta property=\"og:image:type\" content=\"image\/webp\" \/>\n<meta name=\"twitter:card\" content=\"summary_large_image\" \/>\n<script type=\"application\/ld+json\" class=\"yoast-schema-graph\">{\"@context\":\"https:\\\/\\\/schema.org\",\"@graph\":[{\"@type\":\"WebPage\",\"@id\":\"https:\\\/\\\/www.rsa.com\\\/pt_br\\\/supplier-principles\\\/\",\"url\":\"https:\\\/\\\/www.rsa.com\\\/pt_br\\\/supplier-principles\\\/\",\"name\":\"Supplier Principles - RSA\",\"isPartOf\":{\"@id\":\"https:\\\/\\\/www.rsa.com\\\/#website\"},\"datePublished\":\"2022-08-04T19:50:37+00:00\",\"dateModified\":\"2025-06-05T20:09:32+00:00\",\"breadcrumb\":{\"@id\":\"https:\\\/\\\/www.rsa.com\\\/pt_br\\\/supplier-principles\\\/#breadcrumb\"},\"inLanguage\":\"de-DE\",\"potentialAction\":[{\"@type\":\"ReadAction\",\"target\":[\"https:\\\/\\\/www.rsa.com\\\/pt_br\\\/supplier-principles\\\/\"]}]},{\"@type\":\"BreadcrumbList\",\"@id\":\"https:\\\/\\\/www.rsa.com\\\/pt_br\\\/supplier-principles\\\/#breadcrumb\",\"itemListElement\":[{\"@type\":\"ListItem\",\"position\":1,\"name\":\"Home\",\"item\":\"https:\\\/\\\/www.rsa.com\\\/\"},{\"@type\":\"ListItem\",\"position\":2,\"name\":\"Supplier Principles\"}]},{\"@type\":\"WebSite\",\"@id\":\"https:\\\/\\\/www.rsa.com\\\/#website\",\"url\":\"https:\\\/\\\/www.rsa.com\\\/\",\"name\":\"RSA\",\"description\":\"Cybersecurity and Digital Risk Management Solutions\",\"publisher\":{\"@id\":\"https:\\\/\\\/www.rsa.com\\\/#organization\"},\"potentialAction\":[{\"@type\":\"SearchAction\",\"target\":{\"@type\":\"EntryPoint\",\"urlTemplate\":\"https:\\\/\\\/www.rsa.com\\\/?s={search_term_string}\"},\"query-input\":{\"@type\":\"PropertyValueSpecification\",\"valueRequired\":true,\"valueName\":\"search_term_string\"}}],\"inLanguage\":\"de-DE\"},{\"@type\":\"Organization\",\"@id\":\"https:\\\/\\\/www.rsa.com\\\/#organization\",\"name\":\"RSA\",\"url\":\"https:\\\/\\\/www.rsa.com\\\/\",\"logo\":{\"@type\":\"ImageObject\",\"inLanguage\":\"de-DE\",\"@id\":\"https:\\\/\\\/www.rsa.com\\\/#\\\/schema\\\/logo\\\/image\\\/\",\"url\":\"https:\\\/\\\/www.rsa.com\\\/wp-content\\\/uploads\\\/rsa.png\",\"contentUrl\":\"https:\\\/\\\/www.rsa.com\\\/wp-content\\\/uploads\\\/rsa.png\",\"width\":2880,\"height\":1020,\"caption\":\"RSA\"},\"image\":{\"@id\":\"https:\\\/\\\/www.rsa.com\\\/#\\\/schema\\\/logo\\\/image\\\/\"}}]}<\/script>\n<!-- \/ Yoast SEO plugin. -->","yoast_head_json":{"title":"Grunds\u00e4tze f\u00fcr Lieferanten - RSA","robots":{"index":"index","follow":"follow","max-snippet":"max-snippet:-1","max-image-preview":"max-image-preview:large","max-video-preview":"max-video-preview:-1"},"canonical":"https:\/\/www.rsa.com\/de\/supplier-principles\/","og_locale":"de_DE","og_type":"article","og_title":"Supplier Principles - RSA","og_description":"1. Introduction RSA is committed to responsible business practices and to high standards of ethical behavior. This includes holding our suppliers to high standards of excellence as defined in governing laws, recognized international standards and conventions, and global best practices. 2. Scope These principles are applicable to parties working with RSA, including suppliers, supplier employees, &hellip; Continued","og_url":"https:\/\/www.rsa.com\/de\/supplier-principles\/","og_site_name":"RSA","article_modified_time":"2025-06-05T20:09:32+00:00","og_image":[{"width":1200,"height":630,"url":"https:\/\/www.rsa.com\/wp-content\/uploads\/rsa-og-image.webp","type":"image\/webp"}],"twitter_card":"summary_large_image","schema":{"@context":"https:\/\/schema.org","@graph":[{"@type":"WebPage","@id":"https:\/\/www.rsa.com\/pt_br\/supplier-principles\/","url":"https:\/\/www.rsa.com\/pt_br\/supplier-principles\/","name":"Grunds\u00e4tze f\u00fcr Lieferanten - RSA","isPartOf":{"@id":"https:\/\/www.rsa.com\/#website"},"datePublished":"2022-08-04T19:50:37+00:00","dateModified":"2025-06-05T20:09:32+00:00","breadcrumb":{"@id":"https:\/\/www.rsa.com\/pt_br\/supplier-principles\/#breadcrumb"},"inLanguage":"de-DE","potentialAction":[{"@type":"ReadAction","target":["https:\/\/www.rsa.com\/pt_br\/supplier-principles\/"]}]},{"@type":"BreadcrumbList","@id":"https:\/\/www.rsa.com\/pt_br\/supplier-principles\/#breadcrumb","itemListElement":[{"@type":"ListItem","position":1,"name":"Home","item":"https:\/\/www.rsa.com\/"},{"@type":"ListItem","position":2,"name":"Supplier Principles"}]},{"@type":"WebSite","@id":"https:\/\/www.rsa.com\/#website","url":"https:\/\/www.rsa.com\/","name":"RSA","description":"L\u00f6sungen f\u00fcr Cybersecurity und digitales Risikomanagement","publisher":{"@id":"https:\/\/www.rsa.com\/#organization"},"potentialAction":[{"@type":"SearchAction","target":{"@type":"EntryPoint","urlTemplate":"https:\/\/www.rsa.com\/?s={search_term_string}"},"query-input":{"@type":"PropertyValueSpecification","valueRequired":true,"valueName":"search_term_string"}}],"inLanguage":"de-DE"},{"@type":"Organization","@id":"https:\/\/www.rsa.com\/#organization","name":"RSA","url":"https:\/\/www.rsa.com\/","logo":{"@type":"ImageObject","inLanguage":"de-DE","@id":"https:\/\/www.rsa.com\/#\/schema\/logo\/image\/","url":"https:\/\/www.rsa.com\/wp-content\/uploads\/rsa.png","contentUrl":"https:\/\/www.rsa.com\/wp-content\/uploads\/rsa.png","width":2880,"height":1020,"caption":"RSA"},"image":{"@id":"https:\/\/www.rsa.com\/#\/schema\/logo\/image\/"}}]}},"_links":{"self":[{"href":"https:\/\/www.rsa.com\/de\/wp-json\/wp\/v2\/pages\/3543","targetHints":{"allow":["GET"]}}],"collection":[{"href":"https:\/\/www.rsa.com\/de\/wp-json\/wp\/v2\/pages"}],"about":[{"href":"https:\/\/www.rsa.com\/de\/wp-json\/wp\/v2\/types\/page"}],"author":[{"embeddable":true,"href":"https:\/\/www.rsa.com\/de\/wp-json\/wp\/v2\/users\/2"}],"replies":[{"embeddable":true,"href":"https:\/\/www.rsa.com\/de\/wp-json\/wp\/v2\/comments?post=3543"}],"version-history":[{"count":15,"href":"https:\/\/www.rsa.com\/de\/wp-json\/wp\/v2\/pages\/3543\/revisions"}],"predecessor-version":[{"id":34044,"href":"https:\/\/www.rsa.com\/de\/wp-json\/wp\/v2\/pages\/3543\/revisions\/34044"}],"wp:attachment":[{"href":"https:\/\/www.rsa.com\/de\/wp-json\/wp\/v2\/media?parent=3543"}],"curies":[{"name":"wp","href":"https:\/\/api.w.org\/{rel}","templated":true}]}}