{"id":3525,"date":"2022-08-03T15:40:27","date_gmt":"2022-08-03T19:40:27","guid":{"rendered":"https:\/\/www.rsa.com\/?page_id=3525"},"modified":"2025-12-15T10:49:41","modified_gmt":"2025-12-15T15:49:41","slug":"ethical-supply-chain-statement","status":"publish","type":"page","link":"https:\/\/www.rsa.com\/de\/ethical-supply-chain-statement\/","title":{"rendered":"Ethische Lieferkette"},"content":{"rendered":"<p>RSA bietet ein KI-gest\u00fctztes Unified Identity Platform zum Schutz der weltweit sichersten Organisationen, indem es automatisierte Funktionen f\u00fcr Identit\u00e4tsintelligenz, Authentifizierung, Zugriff, Governance und Lebenszyklus bereitstellt, um Risiken zu reduzieren, die Authentifizierung zu sichern, die Compliance aufrechtzuerhalten und Prozesse zu automatisieren. RSA bedient Kunden auf der ganzen Welt, darunter Banken, Kreditgenossenschaften, andere Finanzinstitute, Firmenkunden und H\u00e4ndler, um ihnen durch sein Engagement f\u00fcr Innovation und Exzellenz zu erstklassigen Ergebnissen zu verhelfen.<\/p>\n<p>Der weltweite Hauptsitz von RSA befindet sich in den Vereinigten Staaten. Dar\u00fcber hinaus ist RSA in \u00fcber 20 weiteren L\u00e4ndern direkt oder \u00fcber Tochtergesellschaften t\u00e4tig. Bestimmte Tochtergesellschaften von RSA sind im Vereinigten K\u00f6nigreich, in Kanada oder Australien t\u00e4tig und fallen derzeit nicht in den Geltungsbereich der geltenden Gesetze zur Bek\u00e4mpfung der Sklaverei, k\u00f6nnen jedoch je nach Jahresumsatz von Jahr zu Jahr in den Geltungsbereich fallen.<\/p>\n<p>RSA unterst\u00fctzt die Ziele und Bem\u00fchungen des kalifornischen Gesetzes zur Transparenz in Lieferketten von 2010, das bestimmte Einzelh\u00e4ndler und Hersteller, die in Kalifornien gesch\u00e4ftlich t\u00e4tig sind, verpflichtet, Informationen \u00fcber ihre Bem\u00fchungen zur Beseitigung oder Verhinderung von Menschenhandel, Sklaverei, Kinderarbeit und unethischen Arbeitsbedingungen in ihrer Lieferkette bereitzustellen. RSA unterst\u00fctzt die Grunds\u00e4tze des Fight Against Forced Labour and Child Labour in Supply Chains Act (2023), des Modern Slavery Act 2015 (Gro\u00dfbritannien) und des Australian Modern Slavery Act 2018 (Cth) und verpflichtet sich, die Bem\u00fchungen von RSA zur Identifizierung und Minderung der Risiken moderner Sklaverei und des Menschenhandels in den Gesch\u00e4fts- und Lieferketten von RSA fortzusetzen und zu verbessern. Zu diesem Zweck gibt RSA diese Erkl\u00e4rung gem\u00e4\u00df den geltenden Gesetzen zur modernen Sklaverei, einschlie\u00dflich der oben genannten, ab.<\/p>\n<p>RSA verpflichtet sich, alle Mitarbeiter mit Respekt und W\u00fcrde zu behandeln, sichere Arbeitsbedingungen zu gew\u00e4hrleisten und umweltfreundliche und ethisch vertretbare T\u00e4tigkeiten auszuf\u00fchren. RSA arbeitet mit vertraulichen Informationen und Sicherheitsdiensten und h\u00e4lt folglich die h\u00f6chsten Standards f\u00fcr Integrit\u00e4t, Ethik und Vertrauen aufrecht. Dar\u00fcber hinaus ist RSA an die h\u00f6chsten Standards der Gesetze und ethischen Grunds\u00e4tze der jeweiligen Gerichtsbarkeiten gebunden, die f\u00fcr alle Gesch\u00e4ftsvorg\u00e4nge gelten. <\/p>\n<p class=\"translation-block\"><strong>\u00dcberpr\u00fcfung.<\/strong> RSA stellt im Allgemeinen sicher, dass die von den Lieferanten gekauften Materialien \u00fcber eine Lieferkette verf\u00fcgen, die gut etabliert und in Ordnung ist und den gesetzlichen Anforderungen der L\u00e4nder entspricht, in denen sie t\u00e4tig sind. RSA geht davon aus, dass seine Lieferanten keinen illegalen Menschenhandel, keine Sklaverei, keine Kinderarbeit und\/oder unethische Arbeitsbedingungen betreiben; allerdings f\u00fchrt weder RSA noch ein Dritter weitere Untersuchungen oder Bewertungen der Lieferketten durch, um solche Angelegenheiten zu beurteilen.<\/p>\n<p><strong>Pr\u00fcfungen<\/strong>. Das Programm von RSA zum Risikomanagement bei Drittanbietern legt die Leitprinzipien, Standards und zugeh\u00f6rigen Governance-Strukturen fest, um Risiken im Zusammenhang mit unseren Lieferanten zu identifizieren, zu bewerten, zu \u00fcberwachen und zu mindern. RSA erwartet von allen seinen Lieferanten, dass sie alle geltenden Gesetze einhalten, insbesondere diejenigen, die ethische Gesch\u00e4ftspraktiken vorschreiben. Wenn RSA den Verdacht hat, dass ein Lieferant illegalen Menschenhandel, Sklaverei, Kinderarbeit und\/oder unethische Arbeitsbedingungen praktiziert, kann RSA die Angelegenheit weiter untersuchen, um Beweise zu finden. Mit der Ausnahme, dass RSA sich an einer Untersuchung der Lieferkette in Bezug auf die zuvor genannten illegalen Aktivit\u00e4ten beteiligen kann, \u00fcberpr\u00fcft oder auditiert RSA seine Lieferanten nicht, um deren Einhaltung der Gesetze gegen Sklaverei und Menschenhandel zu bewerten.<\/p>\n<p><strong>Zertifizierung<\/strong>. RSA arbeitet mit etablierten und seri\u00f6sen Lieferanten zusammen, die nach unserem Kenntnisstand die geltenden Gesetze der L\u00e4nder einhalten, in denen sie t\u00e4tig sind. RSA verlangt von seinen Lieferanten eine Selbstverpflichtung, dass sie alle geltenden Gesetze der L\u00e4nder einhalten, in denen sie t\u00e4tig sind.<\/p>\n<p><strong>Verantwortlichkeit<\/strong>. RSA und seine Mitarbeiter sowie seine Lieferanten sind verpflichtet, alle geltenden Gesetze und\/oder Richtlinien der Gerichtsbarkeiten, in denen sie gesch\u00e4ftlich t\u00e4tig sind, einzuhalten. Zu den internen Richtlinien, die befolgt werden m\u00fcssen, geh\u00f6ren <a href=\"\/wp-content\/uploads\/rsa-code-of-business-conduct-and-ethics.pdf\" target=\"_blank\">Verhaltenskodex und Ethikrichtlinien von RSA<\/a>. Verst\u00f6\u00dfe gegen diese Richtlinien, einschlie\u00dflich Menschenhandel, Sklaverei, Kinderarbeit und\/oder unethische Arbeitsbedingungen, Bel\u00e4stigung, Bestechung, Korruption und Geldw\u00e4sche, k\u00f6nnen zu Disziplinarma\u00dfnahmen bis hin zur Beendigung unserer Gesch\u00e4ftsbeziehung oder gegebenenfalls zu anderen rechtlichen Schritten f\u00fchren. RSA unterh\u00e4lt au\u00dferdem unternehmensweite Mechanismen zur Rechenschaftspflicht und Beschwerdeabwicklung (z. B. den RSA Ethics Contact), die sowohl Mitarbeitern als auch externen Parteien zur Verf\u00fcgung stehen. <\/p>\n<p class=\"translation-block\"><strong>Schulung.<\/strong> Obwohl RSA seinen Mitarbeitern und dem Management derzeit keine speziellen Schulungen zu Sklaverei und Menschenhandel anbietet, werden Schulungen zu <a href=\"https:\/\/www.rsa.com\/wp-content\/uploads\/rsa-code-of-business-conduct-and-ethics.pdf\" rel=\"noopener\" target=\"_blank\">RSAs Verhaltens- und Ethikkodex<\/a> f\u00fcr neu eingestellte Mitarbeiter und bei \u00c4nderungen dieser Richtlinien durchgef\u00fchrt.<\/p>\n<p><strong>Datum des Inkrafttretens: 15. Dezember 2025<\/strong><\/p>\n<p><em>\u00a92025 RSA Security USA LLC oder seine Tochtergesellschaften. Alle Rechte vorbehalten. Das RSA-Konferenzlogo, RSA und andere Marken sind Marken der RSA Security USA LLC oder ihrer Tochtergesellschaften. Andere Marken k\u00f6nnen Marken der jeweiligen Eigent\u00fcmer sein.<\/em><\/p>\n<p>Vorherige Erkl\u00e4rung zur ethischen Lieferkette:<\/p>\n<ul>\n<li><a href=\"\/de\/ethical-supply-chain-2022\/\">Juli 2022<\/a><\/li>\n<\/ul>","protected":false},"excerpt":{"rendered":"<p>RSA bietet ein KI-gest\u00fctztes Unified Identity Platform zum Schutz der weltweit sichersten Organisationen, indem es automatisierte Funktionen f\u00fcr Identit\u00e4tsintelligenz, Authentifizierung, Zugriff, Governance und Lebenszyklus bereitstellt, um Risiken zu reduzieren, die Authentifizierung zu sichern, die Compliance aufrechtzuerhalten und Prozesse zu automatisieren. RSA bedient Kunden auf der ganzen Welt, darunter Banken, Kreditgenossenschaften, andere Finanzinstitute, Firmenkunden und H\u00e4ndler, um Kunden zu helfen ... <a href=\"https:\/\/www.rsa.com\/de\/ethical-supply-chain-statement\/\">Fortsetzung<\/a><\/p>","protected":false},"author":2,"featured_media":0,"parent":0,"menu_order":0,"comment_status":"closed","ping_status":"closed","template":"template-policy.blade.php","meta":{"_acf_changed":false,"_searchwp_excluded":"","inline_featured_image":false,"footnotes":""},"class_list":["post-3525","page","type-page","status-publish","hentry"],"acf":[],"yoast_head":"<!-- This site is optimized with the Yoast SEO plugin v27.3 - https:\/\/yoast.com\/product\/yoast-seo-wordpress\/ -->\n<title>Ethical Supply Chain - RSA<\/title>\n<meta name=\"description\" content=\"RSA provides this statement pursuant to the applicable laws concerning modern slavery.\" \/>\n<meta name=\"robots\" content=\"index, follow, max-snippet:-1, max-image-preview:large, max-video-preview:-1\" \/>\n<link rel=\"canonical\" href=\"https:\/\/www.rsa.com\/de\/ethical-supply-chain-statement\/\" \/>\n<meta property=\"og:locale\" content=\"de_DE\" \/>\n<meta property=\"og:type\" content=\"article\" \/>\n<meta property=\"og:title\" content=\"Ethical Supply Chain\" \/>\n<meta property=\"og:description\" content=\"RSA provides this statement pursuant to the applicable laws concerning modern slavery.\" \/>\n<meta property=\"og:url\" content=\"https:\/\/www.rsa.com\/de\/ethical-supply-chain-statement\/\" \/>\n<meta property=\"og:site_name\" content=\"RSA\" \/>\n<meta property=\"article:modified_time\" content=\"2025-12-15T15:49:41+00:00\" \/>\n<meta property=\"og:image\" content=\"https:\/\/www.rsa.com\/wp-content\/uploads\/rsa-og-image.webp\" \/>\n\t<meta property=\"og:image:width\" content=\"1200\" \/>\n\t<meta property=\"og:image:height\" content=\"630\" \/>\n\t<meta property=\"og:image:type\" content=\"image\/webp\" \/>\n<meta name=\"twitter:card\" content=\"summary_large_image\" \/>\n<meta name=\"twitter:title\" content=\"Ethical Supply Chain\" \/>\n<meta name=\"twitter:description\" content=\"RSA provides this statement pursuant to the applicable laws concerning modern slavery.\" \/>\n<script type=\"application\/ld+json\" class=\"yoast-schema-graph\">{\"@context\":\"https:\\\/\\\/schema.org\",\"@graph\":[{\"@type\":\"WebPage\",\"@id\":\"https:\\\/\\\/www.rsa.com\\\/ethical-supply-chain-statement\\\/\",\"url\":\"https:\\\/\\\/www.rsa.com\\\/ethical-supply-chain-statement\\\/\",\"name\":\"Ethical Supply Chain - RSA\",\"isPartOf\":{\"@id\":\"https:\\\/\\\/www.rsa.com\\\/#website\"},\"datePublished\":\"2022-08-03T19:40:27+00:00\",\"dateModified\":\"2025-12-15T15:49:41+00:00\",\"description\":\"RSA provides this statement pursuant to the applicable laws concerning modern slavery.\",\"breadcrumb\":{\"@id\":\"https:\\\/\\\/www.rsa.com\\\/ethical-supply-chain-statement\\\/#breadcrumb\"},\"inLanguage\":\"de-DE\",\"potentialAction\":[{\"@type\":\"ReadAction\",\"target\":[\"https:\\\/\\\/www.rsa.com\\\/ethical-supply-chain-statement\\\/\"]}]},{\"@type\":\"BreadcrumbList\",\"@id\":\"https:\\\/\\\/www.rsa.com\\\/ethical-supply-chain-statement\\\/#breadcrumb\",\"itemListElement\":[{\"@type\":\"ListItem\",\"position\":1,\"name\":\"Home\",\"item\":\"https:\\\/\\\/www.rsa.com\\\/\"},{\"@type\":\"ListItem\",\"position\":2,\"name\":\"Ethical Supply Chain\"}]},{\"@type\":\"WebSite\",\"@id\":\"https:\\\/\\\/www.rsa.com\\\/#website\",\"url\":\"https:\\\/\\\/www.rsa.com\\\/\",\"name\":\"RSA\",\"description\":\"Cybersecurity and Digital Risk Management Solutions\",\"publisher\":{\"@id\":\"https:\\\/\\\/www.rsa.com\\\/#organization\"},\"potentialAction\":[{\"@type\":\"SearchAction\",\"target\":{\"@type\":\"EntryPoint\",\"urlTemplate\":\"https:\\\/\\\/www.rsa.com\\\/?s={search_term_string}\"},\"query-input\":{\"@type\":\"PropertyValueSpecification\",\"valueRequired\":true,\"valueName\":\"search_term_string\"}}],\"inLanguage\":\"de-DE\"},{\"@type\":\"Organization\",\"@id\":\"https:\\\/\\\/www.rsa.com\\\/#organization\",\"name\":\"RSA\",\"url\":\"https:\\\/\\\/www.rsa.com\\\/\",\"logo\":{\"@type\":\"ImageObject\",\"inLanguage\":\"de-DE\",\"@id\":\"https:\\\/\\\/www.rsa.com\\\/#\\\/schema\\\/logo\\\/image\\\/\",\"url\":\"https:\\\/\\\/www.rsa.com\\\/wp-content\\\/uploads\\\/rsa.png\",\"contentUrl\":\"https:\\\/\\\/www.rsa.com\\\/wp-content\\\/uploads\\\/rsa.png\",\"width\":2880,\"height\":1020,\"caption\":\"RSA\"},\"image\":{\"@id\":\"https:\\\/\\\/www.rsa.com\\\/#\\\/schema\\\/logo\\\/image\\\/\"}}]}<\/script>\n<!-- \/ Yoast SEO plugin. -->","yoast_head_json":{"title":"Ethische Lieferkette - RSA","description":"RSA gibt diese Erkl\u00e4rung in \u00dcbereinstimmung mit den geltenden Gesetzen zur modernen Sklaverei ab.","robots":{"index":"index","follow":"follow","max-snippet":"max-snippet:-1","max-image-preview":"max-image-preview:large","max-video-preview":"max-video-preview:-1"},"canonical":"https:\/\/www.rsa.com\/de\/ethical-supply-chain-statement\/","og_locale":"de_DE","og_type":"article","og_title":"Ethical Supply Chain","og_description":"RSA provides this statement pursuant to the applicable laws concerning modern slavery.","og_url":"https:\/\/www.rsa.com\/de\/ethical-supply-chain-statement\/","og_site_name":"RSA","article_modified_time":"2025-12-15T15:49:41+00:00","og_image":[{"width":1200,"height":630,"url":"https:\/\/www.rsa.com\/wp-content\/uploads\/rsa-og-image.webp","type":"image\/webp"}],"twitter_card":"summary_large_image","twitter_title":"Ethical Supply Chain","twitter_description":"RSA provides this statement pursuant to the applicable laws concerning modern slavery.","schema":{"@context":"https:\/\/schema.org","@graph":[{"@type":"WebPage","@id":"https:\/\/www.rsa.com\/ethical-supply-chain-statement\/","url":"https:\/\/www.rsa.com\/ethical-supply-chain-statement\/","name":"Ethische Lieferkette - RSA","isPartOf":{"@id":"https:\/\/www.rsa.com\/#website"},"datePublished":"2022-08-03T19:40:27+00:00","dateModified":"2025-12-15T15:49:41+00:00","description":"RSA gibt diese Erkl\u00e4rung in \u00dcbereinstimmung mit den geltenden Gesetzen zur modernen Sklaverei ab.","breadcrumb":{"@id":"https:\/\/www.rsa.com\/ethical-supply-chain-statement\/#breadcrumb"},"inLanguage":"de-DE","potentialAction":[{"@type":"ReadAction","target":["https:\/\/www.rsa.com\/ethical-supply-chain-statement\/"]}]},{"@type":"BreadcrumbList","@id":"https:\/\/www.rsa.com\/ethical-supply-chain-statement\/#breadcrumb","itemListElement":[{"@type":"ListItem","position":1,"name":"Home","item":"https:\/\/www.rsa.com\/"},{"@type":"ListItem","position":2,"name":"Ethical Supply Chain"}]},{"@type":"WebSite","@id":"https:\/\/www.rsa.com\/#website","url":"https:\/\/www.rsa.com\/","name":"RSA","description":"L\u00f6sungen f\u00fcr Cybersecurity und digitales Risikomanagement","publisher":{"@id":"https:\/\/www.rsa.com\/#organization"},"potentialAction":[{"@type":"SearchAction","target":{"@type":"EntryPoint","urlTemplate":"https:\/\/www.rsa.com\/?s={search_term_string}"},"query-input":{"@type":"PropertyValueSpecification","valueRequired":true,"valueName":"search_term_string"}}],"inLanguage":"de-DE"},{"@type":"Organization","@id":"https:\/\/www.rsa.com\/#organization","name":"RSA","url":"https:\/\/www.rsa.com\/","logo":{"@type":"ImageObject","inLanguage":"de-DE","@id":"https:\/\/www.rsa.com\/#\/schema\/logo\/image\/","url":"https:\/\/www.rsa.com\/wp-content\/uploads\/rsa.png","contentUrl":"https:\/\/www.rsa.com\/wp-content\/uploads\/rsa.png","width":2880,"height":1020,"caption":"RSA"},"image":{"@id":"https:\/\/www.rsa.com\/#\/schema\/logo\/image\/"}}]}},"_links":{"self":[{"href":"https:\/\/www.rsa.com\/de\/wp-json\/wp\/v2\/pages\/3525","targetHints":{"allow":["GET"]}}],"collection":[{"href":"https:\/\/www.rsa.com\/de\/wp-json\/wp\/v2\/pages"}],"about":[{"href":"https:\/\/www.rsa.com\/de\/wp-json\/wp\/v2\/types\/page"}],"author":[{"embeddable":true,"href":"https:\/\/www.rsa.com\/de\/wp-json\/wp\/v2\/users\/2"}],"replies":[{"embeddable":true,"href":"https:\/\/www.rsa.com\/de\/wp-json\/wp\/v2\/comments?post=3525"}],"version-history":[{"count":6,"href":"https:\/\/www.rsa.com\/de\/wp-json\/wp\/v2\/pages\/3525\/revisions"}],"predecessor-version":[{"id":35866,"href":"https:\/\/www.rsa.com\/de\/wp-json\/wp\/v2\/pages\/3525\/revisions\/35866"}],"wp:attachment":[{"href":"https:\/\/www.rsa.com\/de\/wp-json\/wp\/v2\/media?parent=3525"}],"curies":[{"name":"wp","href":"https:\/\/api.w.org\/{rel}","templated":true}]}}