{"id":25199,"date":"2023-06-09T14:24:26","date_gmt":"2023-06-09T18:24:26","guid":{"rendered":"https:\/\/www.rsa.com\/?page_id=25199"},"modified":"2025-05-06T10:59:02","modified_gmt":"2025-05-06T14:59:02","slug":"esg","status":"publish","type":"page","link":"https:\/\/www.rsa.com\/de\/esg\/","title":{"rendered":"ESG"},"content":{"rendered":"<p>RSA sch\u00fctzt seit Jahrzehnten die sichersten Organisationen der Welt. Das ist kein Zufall: Unsere Umwelt-, Sozial- und Governance-Richtlinien (ESG) leiten unsere Arbeit und tragen dazu bei, unsere Position als florierendes, zuverl\u00e4ssiges und nachhaltiges Unternehmen zu st\u00e4rken. <\/p>\n<p>RSA ist ein Unternehmen, das sich f\u00fcr die Gemeinschaft einsetzt. Wir legen Wert auf die rationelle Nutzung der nat\u00fcrlichen Ressourcen in unserer gesamten Produktionskette sowie auf Fairness und soziale Integration in den Unternehmensbeziehungen. <\/p>\n<p>Die Ziele f\u00fcr diese Verhaltensweisen sind praktisch: Ein guter Ruf im Bereich des gesellschaftlichen Engagements erm\u00f6glicht langfristig erfolgreiche Gesch\u00e4fte und tr\u00e4gt zum Aufbau marktf\u00fchrender Unternehmen wie RSA bei. Indem wir unser echtes Interesse an Umweltfragen und sozialer Entwicklung mit Qualit\u00e4tsl\u00f6sungen und Innovationen verbinden, setzt sich RSA f\u00fcr die Interessen unserer Stakeholder ein und gewinnt deren Unterst\u00fctzung und Engagement.<\/p>\n<p>RSA unterh\u00e4lt die folgenden ESG-Initiativen:<\/p>\n<ul>\n<li>RSA h\u00e4lt sich an die Gesetze und Vorschriften der L\u00e4nder, in denen das Unternehmen t\u00e4tig ist.<\/li>\n<li>Die RSA-Gesamtverantwortungspolitik wird von einer externen Stelle zertifiziert und umfasst die Beziehungen des Unternehmens zu den verschiedenen Arten der \u00d6ffentlichkeit, einschlie\u00dflich der Gesellschaft und der Regierung.<\/li>\n<li>Die Prozesse der RSA-Produktionskette ber\u00fccksichtigen die rationelle Nutzung nat\u00fcrlicher Ressourcen von der Beschaffung der Rohstoffe \u00fcber die Verwendung ungiftiger und umweltfreundlicher Materialien bis hin zur ordnungsgem\u00e4\u00dfen Abfallentsorgung.<\/li>\n<li>Um seine Prozesse und Anlagen kontinuierlich zu verbessern, \u00fcberwacht RSA die wichtigsten Verbrauchskennzahlen in seinen Werken, beobachtet deren Entwicklung, ermittelt Verbesserungsm\u00f6glichkeiten und entwickelt Aktionspl\u00e4ne in Bezug auf die relevanten Umweltaspekte.<\/li>\n<\/ul>\n<div class=\"row justify-content-center mt-4 mt-lg-5\">\n<div class=\"col-12 col-lg-10\">\n<div class=\"px-3 py-4 p-sm-4 p-lg-5 blue-box-background text-center item-content\" style=\"border-radius: 24px\">\n<h2 class=\"h2-r large mt-0 mb-3 mb-lg-4 text-color-white item-title\">RSA ESG-Bericht 2025<\/h2>\n<div class=\"wysiwyg-editor mb-3 mb-lg-4 text-color-white item-text\">\n<p>Laden Sie den RSA ESG-Bericht herunter, um mehr \u00fcber die Umwelt-, Sozial- und Governance-Richtlinien zu erfahren, die unsere Arbeit bestimmen.<\/p>\n<\/p><\/div>\n<p>      <a href=\"\/de\/resources\/reports\/rsa-esg-report-2025\/\" class=\"btn btn-white-hover-hollow-border-white\">Den Bericht herunterladen<\/a>\n    <\/div>\n<\/p><\/div>\n<\/div>\n<h4>RSA ESG-S\u00e4ulen<\/h4>\n<p>RSA sichert die sichersten Organisationen der Welt. Diese Arbeit ist wichtig - aber genauso wichtig wie das, was wir tun, ist, wie wir arbeiten. Die folgenden ESG-S\u00e4ulen leiten die globale Arbeit der RSA-Mitarbeiter: <\/p>\n<h5>Klima und Energie &lt;\/h5Transparenz und Ethik<\/h5>\n<p>Unsere Kunden vertrauen RSA, um ihr Gesch\u00e4ft zu sch\u00fctzen. Wir sch\u00e4tzen dieses Vertrauen mehr als jede L\u00f6sung oder Innovation und arbeiten transparent und ethisch, um unseren Ruf zu wahren. <\/p>\n<h5>Widerstandsf\u00e4higkeit <\/h5>\n<p>RSA ist bereits seit Jahrzehnten t\u00e4tig. Wir verstehen den Wert der Widerstandsf\u00e4higkeit, passen uns an neue Herausforderungen an und helfen unseren Kunden, sich weiterzuentwickeln.  <\/p>\n<h5>Datensicherheit und -qualit\u00e4t<\/h5>\n<p>RSA verpflichtet sich, die Privatsph\u00e4re, die Sicherheit und die Qualit\u00e4t aller von uns erfassten Daten zu sch\u00fctzen. <\/p>\n<h5>Menschen zuerst <\/h5>\n<p>RSA ist bestrebt, Spitzenkr\u00e4fte einzustellen, zu halten und zu entwickeln, um unser globales Gesch\u00e4ft voranzutreiben. Wir respektieren unsere Mitarbeiter, Partner, Lieferanten und Stakeholder f\u00fcr das, was sie tun und wer sie sind.<\/p>\n<h5>Innovation<\/h5>\n<p>Bedrohungsakteure sind immer auf der Suche nach einem Vorteil. Aus diesem Grund entwickelt RSA neue Technologien, Dienste und L\u00f6sungen, die Unternehmen zur Abwehr von Cybersecurity-Bedrohungen ben\u00f6tigen.<\/p>\n<p>&nbsp;<br \/>\nErfahren Sie mehr \u00fcber die Nachhaltigkeit von RSA - <a href=\"\/de\/sustainability-net-zero-emissions\/\">Die Details<\/a><br \/>\n&nbsp;<\/p>\n<p><a href=\"\/de\/contact\/\" class=\"btn btn-brand-hover-hollow-with-border\">Kontakt<\/a><\/p>","protected":false},"excerpt":{"rendered":"<p>RSA sch\u00fctzt seit Jahrzehnten die sichersten Organisationen der Welt. Das kommt nicht von ungef\u00e4hr: Unsere Umwelt-, Sozial- und Governance-Richtlinien (ESG) leiten unsere Arbeit und tragen dazu bei, unsere Position als florierendes, zuverl\u00e4ssiges und nachhaltiges Unternehmen zu st\u00e4rken. RSA ist ein Unternehmen, das sich f\u00fcr die Gemeinschaft einsetzt. Wir legen Wert auf die rationelle Nutzung nat\u00fcrlicher Ressourcen in unserem ... <a href=\"https:\/\/www.rsa.com\/de\/esg\/\">Fortsetzung<\/a><\/p>","protected":false},"author":2,"featured_media":0,"parent":0,"menu_order":0,"comment_status":"closed","ping_status":"closed","template":"template-policy.blade.php","meta":{"_acf_changed":false,"_searchwp_excluded":"","inline_featured_image":false,"footnotes":""},"class_list":["post-25199","page","type-page","status-publish","hentry"],"acf":[],"yoast_head":"<!-- This site is optimized with the Yoast SEO plugin v27.3 - https:\/\/yoast.com\/product\/yoast-seo-wordpress\/ -->\n<title>ESG - RSA<\/title>\n<meta name=\"description\" content=\"RSA is a company committed to the community. Read about RSA&#039;s Environmental, Social, and Governance Policies and initiatives here.\" \/>\n<meta name=\"robots\" content=\"index, follow, max-snippet:-1, max-image-preview:large, max-video-preview:-1\" \/>\n<link rel=\"canonical\" href=\"https:\/\/www.rsa.com\/de\/esg\/\" \/>\n<meta property=\"og:locale\" content=\"de_DE\" \/>\n<meta property=\"og:type\" content=\"article\" \/>\n<meta property=\"og:title\" content=\"ESG - RSA\" \/>\n<meta property=\"og:description\" content=\"RSA is a company committed to the community. Read about RSA&#039;s Environmental, Social, and Governance Policies and initiatives here.\" \/>\n<meta property=\"og:url\" content=\"https:\/\/www.rsa.com\/de\/esg\/\" \/>\n<meta property=\"og:site_name\" content=\"RSA\" \/>\n<meta property=\"article:modified_time\" content=\"2025-05-06T14:59:02+00:00\" \/>\n<meta property=\"og:image\" content=\"https:\/\/www.rsa.com\/wp-content\/uploads\/rsa-og-image.webp\" \/>\n\t<meta property=\"og:image:width\" content=\"1200\" \/>\n\t<meta property=\"og:image:height\" content=\"630\" \/>\n\t<meta property=\"og:image:type\" content=\"image\/webp\" \/>\n<meta name=\"twitter:card\" content=\"summary_large_image\" \/>\n<script type=\"application\/ld+json\" class=\"yoast-schema-graph\">{\"@context\":\"https:\\\/\\\/schema.org\",\"@graph\":[{\"@type\":\"WebPage\",\"@id\":\"https:\\\/\\\/www.rsa.com\\\/id\\\/esg\\\/\",\"url\":\"https:\\\/\\\/www.rsa.com\\\/id\\\/esg\\\/\",\"name\":\"ESG - RSA\",\"isPartOf\":{\"@id\":\"https:\\\/\\\/www.rsa.com\\\/#website\"},\"datePublished\":\"2023-06-09T18:24:26+00:00\",\"dateModified\":\"2025-05-06T14:59:02+00:00\",\"description\":\"RSA is a company committed to the community. Read about RSA's Environmental, Social, and Governance Policies and initiatives here.\",\"breadcrumb\":{\"@id\":\"https:\\\/\\\/www.rsa.com\\\/id\\\/esg\\\/#breadcrumb\"},\"inLanguage\":\"de-DE\",\"potentialAction\":[{\"@type\":\"ReadAction\",\"target\":[\"https:\\\/\\\/www.rsa.com\\\/id\\\/esg\\\/\"]}]},{\"@type\":\"BreadcrumbList\",\"@id\":\"https:\\\/\\\/www.rsa.com\\\/id\\\/esg\\\/#breadcrumb\",\"itemListElement\":[{\"@type\":\"ListItem\",\"position\":1,\"name\":\"Home\",\"item\":\"https:\\\/\\\/www.rsa.com\\\/\"},{\"@type\":\"ListItem\",\"position\":2,\"name\":\"ESG\"}]},{\"@type\":\"WebSite\",\"@id\":\"https:\\\/\\\/www.rsa.com\\\/#website\",\"url\":\"https:\\\/\\\/www.rsa.com\\\/\",\"name\":\"RSA\",\"description\":\"Cybersecurity and Digital Risk Management Solutions\",\"publisher\":{\"@id\":\"https:\\\/\\\/www.rsa.com\\\/#organization\"},\"potentialAction\":[{\"@type\":\"SearchAction\",\"target\":{\"@type\":\"EntryPoint\",\"urlTemplate\":\"https:\\\/\\\/www.rsa.com\\\/?s={search_term_string}\"},\"query-input\":{\"@type\":\"PropertyValueSpecification\",\"valueRequired\":true,\"valueName\":\"search_term_string\"}}],\"inLanguage\":\"de-DE\"},{\"@type\":\"Organization\",\"@id\":\"https:\\\/\\\/www.rsa.com\\\/#organization\",\"name\":\"RSA\",\"url\":\"https:\\\/\\\/www.rsa.com\\\/\",\"logo\":{\"@type\":\"ImageObject\",\"inLanguage\":\"de-DE\",\"@id\":\"https:\\\/\\\/www.rsa.com\\\/#\\\/schema\\\/logo\\\/image\\\/\",\"url\":\"https:\\\/\\\/www.rsa.com\\\/wp-content\\\/uploads\\\/rsa.png\",\"contentUrl\":\"https:\\\/\\\/www.rsa.com\\\/wp-content\\\/uploads\\\/rsa.png\",\"width\":2880,\"height\":1020,\"caption\":\"RSA\"},\"image\":{\"@id\":\"https:\\\/\\\/www.rsa.com\\\/#\\\/schema\\\/logo\\\/image\\\/\"}}]}<\/script>\n<!-- \/ Yoast SEO plugin. -->","yoast_head_json":{"title":"ESG - RSA","description":"RSA ist ein Unternehmen, das sich f\u00fcr die Gemeinschaft einsetzt. Lesen Sie hier \u00fcber die Umwelt-, Sozial- und Governance-Richtlinien und -Initiativen von RSA.","robots":{"index":"index","follow":"follow","max-snippet":"max-snippet:-1","max-image-preview":"max-image-preview:large","max-video-preview":"max-video-preview:-1"},"canonical":"https:\/\/www.rsa.com\/de\/esg\/","og_locale":"de_DE","og_type":"article","og_title":"ESG - RSA","og_description":"RSA is a company committed to the community. Read about RSA's Environmental, Social, and Governance Policies and initiatives here.","og_url":"https:\/\/www.rsa.com\/de\/esg\/","og_site_name":"RSA","article_modified_time":"2025-05-06T14:59:02+00:00","og_image":[{"width":1200,"height":630,"url":"https:\/\/www.rsa.com\/wp-content\/uploads\/rsa-og-image.webp","type":"image\/webp"}],"twitter_card":"summary_large_image","schema":{"@context":"https:\/\/schema.org","@graph":[{"@type":"WebPage","@id":"https:\/\/www.rsa.com\/id\/esg\/","url":"https:\/\/www.rsa.com\/id\/esg\/","name":"ESG - RSA","isPartOf":{"@id":"https:\/\/www.rsa.com\/#website"},"datePublished":"2023-06-09T18:24:26+00:00","dateModified":"2025-05-06T14:59:02+00:00","description":"RSA ist ein Unternehmen, das sich f\u00fcr die Gemeinschaft einsetzt. Lesen Sie hier \u00fcber die Umwelt-, Sozial- und Governance-Richtlinien und -Initiativen von RSA.","breadcrumb":{"@id":"https:\/\/www.rsa.com\/id\/esg\/#breadcrumb"},"inLanguage":"de-DE","potentialAction":[{"@type":"ReadAction","target":["https:\/\/www.rsa.com\/id\/esg\/"]}]},{"@type":"BreadcrumbList","@id":"https:\/\/www.rsa.com\/id\/esg\/#breadcrumb","itemListElement":[{"@type":"ListItem","position":1,"name":"Home","item":"https:\/\/www.rsa.com\/"},{"@type":"ListItem","position":2,"name":"ESG"}]},{"@type":"WebSite","@id":"https:\/\/www.rsa.com\/#website","url":"https:\/\/www.rsa.com\/","name":"RSA","description":"L\u00f6sungen f\u00fcr Cybersecurity und digitales Risikomanagement","publisher":{"@id":"https:\/\/www.rsa.com\/#organization"},"potentialAction":[{"@type":"SearchAction","target":{"@type":"EntryPoint","urlTemplate":"https:\/\/www.rsa.com\/?s={search_term_string}"},"query-input":{"@type":"PropertyValueSpecification","valueRequired":true,"valueName":"search_term_string"}}],"inLanguage":"de-DE"},{"@type":"Organization","@id":"https:\/\/www.rsa.com\/#organization","name":"RSA","url":"https:\/\/www.rsa.com\/","logo":{"@type":"ImageObject","inLanguage":"de-DE","@id":"https:\/\/www.rsa.com\/#\/schema\/logo\/image\/","url":"https:\/\/www.rsa.com\/wp-content\/uploads\/rsa.png","contentUrl":"https:\/\/www.rsa.com\/wp-content\/uploads\/rsa.png","width":2880,"height":1020,"caption":"RSA"},"image":{"@id":"https:\/\/www.rsa.com\/#\/schema\/logo\/image\/"}}]}},"_links":{"self":[{"href":"https:\/\/www.rsa.com\/de\/wp-json\/wp\/v2\/pages\/25199","targetHints":{"allow":["GET"]}}],"collection":[{"href":"https:\/\/www.rsa.com\/de\/wp-json\/wp\/v2\/pages"}],"about":[{"href":"https:\/\/www.rsa.com\/de\/wp-json\/wp\/v2\/types\/page"}],"author":[{"embeddable":true,"href":"https:\/\/www.rsa.com\/de\/wp-json\/wp\/v2\/users\/2"}],"replies":[{"embeddable":true,"href":"https:\/\/www.rsa.com\/de\/wp-json\/wp\/v2\/comments?post=25199"}],"version-history":[{"count":7,"href":"https:\/\/www.rsa.com\/de\/wp-json\/wp\/v2\/pages\/25199\/revisions"}],"predecessor-version":[{"id":33654,"href":"https:\/\/www.rsa.com\/de\/wp-json\/wp\/v2\/pages\/25199\/revisions\/33654"}],"wp:attachment":[{"href":"https:\/\/www.rsa.com\/de\/wp-json\/wp\/v2\/media?parent=25199"}],"curies":[{"name":"wp","href":"https:\/\/api.w.org\/{rel}","templated":true}]}}